{"id":22825,"date":"2025-07-23T11:08:13","date_gmt":"2025-07-23T11:08:13","guid":{"rendered":"https:\/\/www.corob.com\/anwendungen\/farben-lacke\/"},"modified":"2025-07-23T11:08:13","modified_gmt":"2025-07-23T11:08:13","slug":"farben-lacke","status":"publish","type":"page","link":"https:\/\/www.corob.com\/de\/anwendungen\/farben-lacke\/","title":{"rendered":"FARBEN &amp; LACKE"},"content":{"rendered":"<p><div class=\"fusion-fullwidth fullwidth-box fusion-builder-row-1 fusion-parallax-none nonhundred-percent-fullwidth non-hundred-percent-height-scrolling\" style=\"--awb-border-radius-top-left:0px;--awb-border-radius-top-right:0px;--awb-border-radius-bottom-right:0px;--awb-border-radius-bottom-left:0px;--awb-padding-top:100px;--awb-padding-bottom:100px;--awb-background-image:url(&quot;https:\/\/www.corob.com\/wp-content\/uploads\/2020\/01\/PaintCoatings-1200x431.jpg&quot;);--awb-background-size:cover;--awb-flex-wrap:wrap;\" ><div class=\"fusion-builder-row fusion-row\"><div class=\"fusion-layout-column fusion_builder_column fusion-builder-column-0 fusion_builder_column_1_1 1_1 fusion-one-full fusion-column-first fusion-column-last\" style=\"--awb-padding-right:30px;--awb-padding-left:30px;--awb-bg-size:cover;\"><div class=\"fusion-column-wrapper fusion-column-has-shadow fusion-flex-column-wrapper-legacy\"><div class=\"fusion-clearfix\"><\/div><\/div><\/div><\/div><\/div><div class=\"fusion-fullwidth fullwidth-box fusion-builder-row-2 nonhundred-percent-fullwidth non-hundred-percent-height-scrolling\" style=\"--awb-border-radius-top-left:0px;--awb-border-radius-top-right:0px;--awb-border-radius-bottom-right:0px;--awb-border-radius-bottom-left:0px;--awb-padding-top:50px;--awb-flex-wrap:wrap;\" ><div class=\"fusion-builder-row fusion-row\"><div class=\"fusion-layout-column fusion_builder_column fusion-builder-column-1 fusion_builder_column_1_1 1_1 fusion-one-full fusion-column-first fusion-column-last\" style=\"--awb-bg-size:cover;\"><div class=\"fusion-column-wrapper fusion-column-has-shadow fusion-flex-column-wrapper-legacy\"><div class=\"fusion-title title fusion-title-1 fusion-sep-none fusion-title-text fusion-title-size-one\" style=\"--awb-text-color:var(--awb-color7);--awb-font-size:36px;\"><h1 class=\"fusion-title-heading title-heading-left fusion-responsive-typography-calculated\" style=\"margin:0;font-size:1em;--fontSize:36;line-height:1;\">FARBEN  LACKE<\/h1><\/div><div class=\"fusion-clearfix\"><\/div><\/div><\/div><div class=\"fusion-layout-column fusion_builder_column fusion-builder-column-2 fusion_builder_column_1_2 1_2 fusion-one-half fusion-column-first\" style=\"--awb-bg-size:cover;width:50%;width:calc(50% - ( ( 4% ) * 0.5 ) );margin-right: 4%;\"><div class=\"fusion-column-wrapper fusion-column-has-shadow fusion-flex-column-wrapper-legacy\"><div class=\"fusion-text fusion-text-1\"><p>Die Dosierl\u00f6sungen von COROB <strong>beinhalten jahrzehntelanges Wissen und Know-how<\/strong> und erm\u00f6glichen die Entwicklung von erstklassigen Ger\u00e4ten f\u00fcr den Abt\u00f6nmarkt.<br \/>\nMit der Einf\u00fchrung des AC10000 im Jahr 1984 markierte unser <strong>erster vollautomatischer Simultan-Dispenser<\/strong> einen wichtigen Meilenstein in der automatisierten Farbdosiertechnologie.<\/p>\n<p>Heute ist COROB ein <strong>vertrauensw\u00fcrdiger Partner<\/strong> der meisten gro\u00dfen Farb- und Lackhersteller und bietet ein <strong>umfassendes Portfolio an Ger\u00e4ten und Dienstleistungen<\/strong>, um nahezu alle Anforderungen zu erf\u00fcllen \u2013 von dekorativen bis hin zu industriellen Anwendungen.<\/p>\n<p>Unsere Technologien entwickeln sich st\u00e4ndig weiter, um den steigenden Anforderungen an <strong>Nachhaltigkeit<\/strong>, <strong>Pr\u00e4zision<\/strong> und <strong>Effizienz<\/strong> gerecht zu werden, einschlie\u00dflich der Handhabung von Farbtonern mit niedrigem und Null-VOC-Gehalt.<\/p>\n<p>Wir bieten eine gro\u00dfe Auswahl an automatischen Farbmischern, Dosierger\u00e4ten und Sch\u00fcttlern, die zu jedem Preis und Produktivit\u00e4tsziel passen \u2013 von kompakten Point-of-Sale-Umgebungen (POS) bis hin zu industriellen Anlagen mit hohem Durchsatz.<\/p>\n<\/div><div class=\"fusion-clearfix\"><\/div><\/div><\/div><div class=\"fusion-layout-column fusion_builder_column fusion-builder-column-3 fusion_builder_column_1_2 1_2 fusion-one-half fusion-column-last\" style=\"--awb-bg-size:cover;width:50%;width:calc(50% - ( ( 4% ) * 0.5 ) );\"><div class=\"fusion-column-wrapper fusion-column-has-shadow fusion-flex-column-wrapper-legacy\"><div class=\"fusion-text fusion-text-2\"><p>Die Systeme von COROB sind auch mit digitalen Farbmanagementplattformen kompatibel und k\u00f6nnen in automatisierte Produktionslinien integriert werden, um einen nahtlosen Betrieb und R\u00fcckverfolgbarkeit \u00fcber den gesamten Abt\u00f6nprozess hinweg zu gew\u00e4hrleisten.<\/p>\n<\/div><ul style=\"--awb-size:20 px;--awb-line-height:34px;--awb-icon-width:34px;--awb-icon-height:34px;--awb-icon-margin:14px;--awb-content-margin:48px;\" class=\"fusion-checklist fusion-checklist-1 fusion-checklist-default type-icons\"><li class=\"fusion-li-item\" style=\"\"><span class=\"icon-wrapper circle-no\"><i class=\"fusion-li-icon awb-icon-check\" aria-hidden=\"true\"><\/i><\/span><div class=\"fusion-li-item-content\">\n<p><strong>Hohe Genauigkeit und Wiederholbarkeit<\/strong> f\u00fcr jede Farbrezeptur.<\/p>\n<\/div><\/li><li class=\"fusion-li-item\" style=\"\"><span class=\"icon-wrapper circle-no\"><i class=\"fusion-li-icon awb-icon-check\" aria-hidden=\"true\"><\/i><\/span><div class=\"fusion-li-item-content\">\n<p><strong>Schnellere Qualit\u00e4tskontrolle und Lieferzeiten<\/strong>, um enge Produktionspl\u00e4ne einzuhalten.<\/p>\n<\/div><\/li><li class=\"fusion-li-item\" style=\"\"><span class=\"icon-wrapper circle-no\"><i class=\"fusion-li-icon awb-icon-check\" aria-hidden=\"true\"><\/i><\/span><div class=\"fusion-li-item-content\">\n<p><strong>Wirtschaftliche Produktion<\/strong> von kleinen und mittleren Chargen f\u00fcr mehr Flexibilit\u00e4t.<\/p>\n<\/div><\/li><li class=\"fusion-li-item\" style=\"\"><span class=\"icon-wrapper circle-no\"><i class=\"fusion-li-icon awb-icon-check\" aria-hidden=\"true\"><\/i><\/span><div class=\"fusion-li-item-content\">\n<p><strong>Niedrigere Kosten und weniger Abfall<\/strong> durch optimierte Dosierung und minimalen \u00dcberverbrauch.<\/p>\n<\/div><\/li><li class=\"fusion-li-item\" style=\"\"><span class=\"icon-wrapper circle-no\"><i class=\"fusion-li-icon awb-icon-check\" aria-hidden=\"true\"><\/i><\/span><div class=\"fusion-li-item-content\"><strong>Unterst\u00fctzung der Einhaltung von Vorschriften<\/strong>, einschlie\u00dflich VOC-Emissionsstandards und nachhaltiger Praktiken.<\/div><\/li><\/ul><div class=\"fusion-clearfix\"><\/div><\/div><\/div><\/div><\/div><\/p>\n","protected":false},"excerpt":{"rendered":"","protected":false},"author":1,"featured_media":0,"parent":22797,"menu_order":10,"comment_status":"closed","ping_status":"closed","template":"100-width.php","meta":{"_acf_changed":false,"footnotes":""},"class_list":["post-22825","page","type-page","status-publish","hentry"],"acf":[],"yoast_head":"<!-- This site is optimized with the Yoast SEO plugin v25.5 - https:\/\/yoast.com\/wordpress\/plugins\/seo\/ -->\n<title>COROB Dosierl\u00f6sungen f\u00fcr Farben &amp; Lacke<\/title>\n<meta name=\"description\" content=\"COROB Dosiersysteme: Pr\u00e4zise, abfallarm, skalierbar f\u00fcr Farben Lacke.\" \/>\n<meta name=\"robots\" content=\"index, follow, max-snippet:-1, max-image-preview:large, max-video-preview:-1\" \/>\n<link rel=\"canonical\" href=\"https:\/\/www.corob.com\/de\/anwendungen\/farben-lacke\/\" \/>\n<meta property=\"og:locale\" content=\"de_DE\" \/>\n<meta property=\"og:type\" content=\"article\" \/>\n<meta property=\"og:title\" content=\"COROB Dosierl\u00f6sungen f\u00fcr Farben &amp; Lacke\" \/>\n<meta property=\"og:description\" content=\"COROB Dosiersysteme: Pr\u00e4zise, abfallarm, skalierbar f\u00fcr Farben Lacke.\" \/>\n<meta property=\"og:url\" content=\"https:\/\/www.corob.com\/de\/anwendungen\/farben-lacke\/\" \/>\n<meta property=\"og:site_name\" content=\"COROB\" \/>\n<meta name=\"twitter:card\" content=\"summary_large_image\" \/>\n<meta name=\"twitter:label1\" content=\"Gesch\u00e4tzte Lesezeit\" \/>\n\t<meta name=\"twitter:data1\" content=\"10\u00a0Minuten\" \/>\n<script type=\"application\/ld+json\" class=\"yoast-schema-graph\">{\"@context\":\"https:\/\/schema.org\",\"@graph\":[{\"@type\":\"WebPage\",\"@id\":\"https:\/\/www.corob.com\/de\/anwendungen\/farben-lacke\/\",\"url\":\"https:\/\/www.corob.com\/de\/anwendungen\/farben-lacke\/\",\"name\":\"COROB Dosierl\u00f6sungen f\u00fcr Farben & Lacke\",\"isPartOf\":{\"@id\":\"https:\/\/www.corob.com\/de\/#website\"},\"datePublished\":\"2025-07-23T11:08:13+00:00\",\"description\":\"COROB Dosiersysteme: Pr\u00e4zise, abfallarm, skalierbar f\u00fcr Farben Lacke.\",\"breadcrumb\":{\"@id\":\"https:\/\/www.corob.com\/de\/anwendungen\/farben-lacke\/#breadcrumb\"},\"inLanguage\":\"de\",\"potentialAction\":[{\"@type\":\"ReadAction\",\"target\":[\"https:\/\/www.corob.com\/de\/anwendungen\/farben-lacke\/\"]}]},{\"@type\":\"BreadcrumbList\",\"@id\":\"https:\/\/www.corob.com\/de\/anwendungen\/farben-lacke\/#breadcrumb\",\"itemListElement\":[{\"@type\":\"ListItem\",\"position\":1,\"name\":\"Home\",\"item\":\"https:\/\/www.corob.com\/de\/\"},{\"@type\":\"ListItem\",\"position\":2,\"name\":\"ANWENDUNGEN\",\"item\":\"https:\/\/www.corob.com\/de\/anwendungen\/\"},{\"@type\":\"ListItem\",\"position\":3,\"name\":\"FARBEN &amp; LACKE\"}]},{\"@type\":\"WebSite\",\"@id\":\"https:\/\/www.corob.com\/de\/#website\",\"url\":\"https:\/\/www.corob.com\/de\/\",\"name\":\"COROB\",\"description\":\"High-tech dispensing and mixing solutions for paints and coatings systems\",\"publisher\":{\"@id\":\"https:\/\/www.corob.com\/de\/#organization\"},\"potentialAction\":[{\"@type\":\"SearchAction\",\"target\":{\"@type\":\"EntryPoint\",\"urlTemplate\":\"https:\/\/www.corob.com\/de\/?s={search_term_string}\"},\"query-input\":{\"@type\":\"PropertyValueSpecification\",\"valueRequired\":true,\"valueName\":\"search_term_string\"}}],\"inLanguage\":\"de\"},{\"@type\":\"Organization\",\"@id\":\"https:\/\/www.corob.com\/de\/#organization\",\"name\":\"COROB\",\"url\":\"https:\/\/www.corob.com\/de\/\",\"logo\":{\"@type\":\"ImageObject\",\"inLanguage\":\"de\",\"@id\":\"https:\/\/www.corob.com\/de\/#\/schema\/logo\/image\/\",\"url\":\"https:\/\/www.corob.com\/wp-content\/uploads\/2020\/01\/COROB-240.png\",\"contentUrl\":\"https:\/\/www.corob.com\/wp-content\/uploads\/2020\/01\/COROB-240.png\",\"width\":240,\"height\":73,\"caption\":\"COROB\"},\"image\":{\"@id\":\"https:\/\/www.corob.com\/de\/#\/schema\/logo\/image\/\"},\"sameAs\":[\"https:\/\/www.linkedin.com\/company\/corob\/\",\"https:\/\/www.youtube.com\/channel\/UCxnFt4FEhuhdm87NAb27qBQ\"]}]}<\/script>\n<!-- \/ Yoast SEO plugin. -->","yoast_head_json":{"title":"COROB Dosierl\u00f6sungen f\u00fcr Farben & Lacke","description":"COROB Dosiersysteme: Pr\u00e4zise, abfallarm, skalierbar f\u00fcr Farben Lacke.","robots":{"index":"index","follow":"follow","max-snippet":"max-snippet:-1","max-image-preview":"max-image-preview:large","max-video-preview":"max-video-preview:-1"},"canonical":"https:\/\/www.corob.com\/de\/anwendungen\/farben-lacke\/","og_locale":"de_DE","og_type":"article","og_title":"COROB Dosierl\u00f6sungen f\u00fcr Farben & Lacke","og_description":"COROB Dosiersysteme: Pr\u00e4zise, abfallarm, skalierbar f\u00fcr Farben Lacke.","og_url":"https:\/\/www.corob.com\/de\/anwendungen\/farben-lacke\/","og_site_name":"COROB","twitter_card":"summary_large_image","twitter_misc":{"Gesch\u00e4tzte Lesezeit":"10\u00a0Minuten"},"schema":{"@context":"https:\/\/schema.org","@graph":[{"@type":"WebPage","@id":"https:\/\/www.corob.com\/de\/anwendungen\/farben-lacke\/","url":"https:\/\/www.corob.com\/de\/anwendungen\/farben-lacke\/","name":"COROB Dosierl\u00f6sungen f\u00fcr Farben & Lacke","isPartOf":{"@id":"https:\/\/www.corob.com\/de\/#website"},"datePublished":"2025-07-23T11:08:13+00:00","description":"COROB Dosiersysteme: Pr\u00e4zise, abfallarm, skalierbar f\u00fcr Farben Lacke.","breadcrumb":{"@id":"https:\/\/www.corob.com\/de\/anwendungen\/farben-lacke\/#breadcrumb"},"inLanguage":"de","potentialAction":[{"@type":"ReadAction","target":["https:\/\/www.corob.com\/de\/anwendungen\/farben-lacke\/"]}]},{"@type":"BreadcrumbList","@id":"https:\/\/www.corob.com\/de\/anwendungen\/farben-lacke\/#breadcrumb","itemListElement":[{"@type":"ListItem","position":1,"name":"Home","item":"https:\/\/www.corob.com\/de\/"},{"@type":"ListItem","position":2,"name":"ANWENDUNGEN","item":"https:\/\/www.corob.com\/de\/anwendungen\/"},{"@type":"ListItem","position":3,"name":"FARBEN &amp; LACKE"}]},{"@type":"WebSite","@id":"https:\/\/www.corob.com\/de\/#website","url":"https:\/\/www.corob.com\/de\/","name":"COROB","description":"High-tech dispensing and mixing solutions for paints and coatings systems","publisher":{"@id":"https:\/\/www.corob.com\/de\/#organization"},"potentialAction":[{"@type":"SearchAction","target":{"@type":"EntryPoint","urlTemplate":"https:\/\/www.corob.com\/de\/?s={search_term_string}"},"query-input":{"@type":"PropertyValueSpecification","valueRequired":true,"valueName":"search_term_string"}}],"inLanguage":"de"},{"@type":"Organization","@id":"https:\/\/www.corob.com\/de\/#organization","name":"COROB","url":"https:\/\/www.corob.com\/de\/","logo":{"@type":"ImageObject","inLanguage":"de","@id":"https:\/\/www.corob.com\/de\/#\/schema\/logo\/image\/","url":"https:\/\/www.corob.com\/wp-content\/uploads\/2020\/01\/COROB-240.png","contentUrl":"https:\/\/www.corob.com\/wp-content\/uploads\/2020\/01\/COROB-240.png","width":240,"height":73,"caption":"COROB"},"image":{"@id":"https:\/\/www.corob.com\/de\/#\/schema\/logo\/image\/"},"sameAs":["https:\/\/www.linkedin.com\/company\/corob\/","https:\/\/www.youtube.com\/channel\/UCxnFt4FEhuhdm87NAb27qBQ"]}]}},"_links":{"self":[{"href":"https:\/\/www.corob.com\/de\/wp-json\/wp\/v2\/pages\/22825","targetHints":{"allow":["GET"]}}],"collection":[{"href":"https:\/\/www.corob.com\/de\/wp-json\/wp\/v2\/pages"}],"about":[{"href":"https:\/\/www.corob.com\/de\/wp-json\/wp\/v2\/types\/page"}],"author":[{"embeddable":true,"href":"https:\/\/www.corob.com\/de\/wp-json\/wp\/v2\/users\/1"}],"replies":[{"embeddable":true,"href":"https:\/\/www.corob.com\/de\/wp-json\/wp\/v2\/comments?post=22825"}],"version-history":[{"count":2,"href":"https:\/\/www.corob.com\/de\/wp-json\/wp\/v2\/pages\/22825\/revisions"}],"predecessor-version":[{"id":22827,"href":"https:\/\/www.corob.com\/de\/wp-json\/wp\/v2\/pages\/22825\/revisions\/22827"}],"up":[{"embeddable":true,"href":"https:\/\/www.corob.com\/de\/wp-json\/wp\/v2\/pages\/22797"}],"wp:attachment":[{"href":"https:\/\/www.corob.com\/de\/wp-json\/wp\/v2\/media?parent=22825"}],"curies":[{"name":"wp","href":"https:\/\/api.w.org\/{rel}","templated":true}]}}