{"id":22843,"date":"2025-07-23T12:06:43","date_gmt":"2025-07-23T12:06:43","guid":{"rendered":"https:\/\/www.corob.com\/anwendungen\/spezialchemikalien\/"},"modified":"2025-07-23T12:06:43","modified_gmt":"2025-07-23T12:06:43","slug":"spezialchemikalien","status":"publish","type":"page","link":"https:\/\/www.corob.com\/de\/anwendungen\/spezialchemikalien\/","title":{"rendered":"SPEZIALCHEMIKALIEN"},"content":{"rendered":"<p><div class=\"fusion-fullwidth fullwidth-box fusion-builder-row-1 fusion-parallax-none nonhundred-percent-fullwidth non-hundred-percent-height-scrolling\" style=\"--awb-border-radius-top-left:0px;--awb-border-radius-top-right:0px;--awb-border-radius-bottom-right:0px;--awb-border-radius-bottom-left:0px;--awb-padding-top:100px;--awb-padding-bottom:100px;--awb-background-image:url(&quot;https:\/\/www.corob.com\/wp-content\/uploads\/2020\/01\/Specialty-chemicals-1200x431.jpg&quot;);--awb-background-size:cover;--awb-flex-wrap:wrap;\" ><div class=\"fusion-builder-row fusion-row\"><div class=\"fusion-layout-column fusion_builder_column fusion-builder-column-0 fusion_builder_column_1_1 1_1 fusion-one-full fusion-column-first fusion-column-last\" style=\"--awb-padding-right:30px;--awb-padding-left:30px;--awb-bg-size:cover;\"><div class=\"fusion-column-wrapper fusion-column-has-shadow fusion-flex-column-wrapper-legacy\"><div class=\"fusion-clearfix\"><\/div><\/div><\/div><\/div><\/div><div class=\"fusion-fullwidth fullwidth-box fusion-builder-row-2 nonhundred-percent-fullwidth non-hundred-percent-height-scrolling\" style=\"--awb-border-radius-top-left:0px;--awb-border-radius-top-right:0px;--awb-border-radius-bottom-right:0px;--awb-border-radius-bottom-left:0px;--awb-padding-top:50px;--awb-flex-wrap:wrap;\" ><div class=\"fusion-builder-row fusion-row\"><div class=\"fusion-layout-column fusion_builder_column fusion-builder-column-1 fusion_builder_column_1_1 1_1 fusion-one-full fusion-column-first fusion-column-last\" style=\"--awb-bg-size:cover;\"><div class=\"fusion-column-wrapper fusion-column-has-shadow fusion-flex-column-wrapper-legacy\"><div class=\"fusion-title title fusion-title-1 fusion-sep-none fusion-title-text fusion-title-size-one\" style=\"--awb-text-color:var(--awb-color7);--awb-font-size:36px;\"><h1 class=\"fusion-title-heading title-heading-left fusion-responsive-typography-calculated\" style=\"margin:0;font-size:1em;--fontSize:36;line-height:1;\">SPEZIALCHEMIKALIEN<\/h1><\/div><div class=\"fusion-clearfix\"><\/div><\/div><\/div><div class=\"fusion-layout-column fusion_builder_column fusion-builder-column-2 fusion_builder_column_1_2 1_2 fusion-one-half fusion-column-first\" style=\"--awb-bg-size:cover;width:50%;width:calc(50% - ( ( 4% ) * 0.5 ) );margin-right: 4%;\"><div class=\"fusion-column-wrapper fusion-column-has-shadow fusion-flex-column-wrapper-legacy\"><div class=\"fusion-text fusion-text-1\"><p>Die gravimetrischen und volumetrischen Dosiertechnologien von COROB unterst\u00fctzen eine breite Palette von Chemie- und Additivanwendungen. Gef\u00e4hrliche Chemikalien <strong>werden mit unseren explosionsgesch\u00fctzten Systemen sicher gehandhabt<\/strong>, <strong>um Compliance und Sicherheit<\/strong> in anspruchsvollen Umgebungen zu gew\u00e4hrleisten. <\/p>\n<p>Wenn Ihre Produktion <strong>Pr\u00e4zision bei der Chargenverarbeitung oder Rezepturformulierung<\/strong> erfordert, nutzt COROB umfassendes Fachwissen im Bereich Dosierung, um vollst\u00e4ndig kundenspezifische L\u00f6sungen zu liefern.<\/p>\n<p>Unser umfassendes Materialwissen erm\u00f6glicht es uns, ein breites Spektrum an Spezialprodukten zu verarbeiten, darunter:<\/p>\n<\/div><div class=\"fusion-clearfix\"><\/div><\/div><\/div><div class=\"fusion-layout-column fusion_builder_column fusion-builder-column-3 fusion_builder_column_1_2 1_2 fusion-one-half fusion-column-last\" style=\"--awb-bg-size:cover;width:50%;width:calc(50% - ( ( 4% ) * 0.5 ) );\"><div class=\"fusion-column-wrapper fusion-column-has-shadow fusion-flex-column-wrapper-legacy\"><ul style=\"--awb-size:20px;--awb-line-height:34px;--awb-icon-width:34px;--awb-icon-height:34px;--awb-icon-margin:14px;--awb-content-margin:48px;\" class=\"fusion-checklist fusion-checklist-1 fusion-checklist-default type-icons\"><li class=\"fusion-li-item\" style=\"\"><span class=\"icon-wrapper circle-no\"><i class=\"fusion-li-icon awb-icon-check\" aria-hidden=\"true\"><\/i><\/span><div class=\"fusion-li-item-content\">\n<p><strong>Gef\u00e4hrliche Komponenten<\/strong>: Mit umfassender Erfahrung in ATEX-konformer Konstruktion, ergonomischen Systemen und Produktionssicherheit gew\u00e4hrleisten wir sichere und konforme Abl\u00e4ufe.<\/p>\n<\/div><\/li><li class=\"fusion-li-item\" style=\"\"><span class=\"icon-wrapper circle-no\"><i class=\"fusion-li-icon awb-icon-check\" aria-hidden=\"true\"><\/i><\/span><div class=\"fusion-li-item-content\">\n<p><strong>Schwierige Komponenten<\/strong>: Wir verarbeiten eine breite Palette von anspruchsvollen Inhaltsstoffen \u2013 von hochviskosen Substanzen bis hin zu brennbaren und schnell trocknenden Fl\u00fcssigkeiten.<\/p>\n<\/div><\/li><li class=\"fusion-li-item\" style=\"\"><span class=\"icon-wrapper circle-no\"><i class=\"fusion-li-icon awb-icon-check\" aria-hidden=\"true\"><\/i><\/span><div class=\"fusion-li-item-content\">\n<p><strong>Spezielle Anwendungen<\/strong>: Unsere Technologien sind bereits f\u00fcr den Einsatz mit Kunststoffen, Silikonen, \u00d6l und Gas sowie Saatgutbeschichtungen angepasst und bieten eine skalierbare und zuverl\u00e4ssige Leistung.<\/p>\n<\/div><\/li><\/ul><div class=\"fusion-clearfix\"><\/div><\/div><\/div><\/div><\/div><\/p>\n","protected":false},"excerpt":{"rendered":"","protected":false},"author":1,"featured_media":0,"parent":22797,"menu_order":30,"comment_status":"closed","ping_status":"closed","template":"100-width.php","meta":{"_acf_changed":false,"footnotes":""},"class_list":["post-22843","page","type-page","status-publish","hentry"],"acf":[],"yoast_head":"<!-- This site is optimized with the Yoast SEO plugin v25.5 - https:\/\/yoast.com\/wordpress\/plugins\/seo\/ -->\n<title>COROB-Dosiersysteme f\u00fcr Spezialchemikalien<\/title>\n<meta name=\"description\" content=\"Entdecken Sie die sicheren und pr\u00e4zisen Dosierl\u00f6sungen von COROB f\u00fcr Spezialchemikalien \u2013 ma\u00dfgeschneidert f\u00fcr gef\u00e4hrliche und komplexe Materialien.\" \/>\n<meta name=\"robots\" content=\"index, follow, max-snippet:-1, max-image-preview:large, max-video-preview:-1\" \/>\n<link rel=\"canonical\" href=\"https:\/\/www.corob.com\/de\/anwendungen\/spezialchemikalien\/\" \/>\n<meta property=\"og:locale\" content=\"de_DE\" \/>\n<meta property=\"og:type\" content=\"article\" \/>\n<meta property=\"og:title\" content=\"COROB-Dosiersysteme f\u00fcr Spezialchemikalien\" \/>\n<meta property=\"og:description\" content=\"Entdecken Sie die sicheren und pr\u00e4zisen Dosierl\u00f6sungen von COROB f\u00fcr Spezialchemikalien \u2013 ma\u00dfgeschneidert f\u00fcr gef\u00e4hrliche und komplexe Materialien.\" \/>\n<meta property=\"og:url\" content=\"https:\/\/www.corob.com\/de\/anwendungen\/spezialchemikalien\/\" \/>\n<meta property=\"og:site_name\" content=\"COROB\" \/>\n<meta name=\"twitter:card\" content=\"summary_large_image\" \/>\n<meta name=\"twitter:label1\" content=\"Gesch\u00e4tzte Lesezeit\" \/>\n\t<meta name=\"twitter:data1\" content=\"9\u00a0Minuten\" \/>\n<script type=\"application\/ld+json\" class=\"yoast-schema-graph\">{\"@context\":\"https:\/\/schema.org\",\"@graph\":[{\"@type\":\"WebPage\",\"@id\":\"https:\/\/www.corob.com\/de\/anwendungen\/spezialchemikalien\/\",\"url\":\"https:\/\/www.corob.com\/de\/anwendungen\/spezialchemikalien\/\",\"name\":\"COROB-Dosiersysteme f\u00fcr Spezialchemikalien\",\"isPartOf\":{\"@id\":\"https:\/\/www.corob.com\/de\/#website\"},\"datePublished\":\"2025-07-23T12:06:43+00:00\",\"description\":\"Entdecken Sie die sicheren und pr\u00e4zisen Dosierl\u00f6sungen von COROB f\u00fcr Spezialchemikalien \u2013 ma\u00dfgeschneidert f\u00fcr gef\u00e4hrliche und komplexe Materialien.\",\"breadcrumb\":{\"@id\":\"https:\/\/www.corob.com\/de\/anwendungen\/spezialchemikalien\/#breadcrumb\"},\"inLanguage\":\"de\",\"potentialAction\":[{\"@type\":\"ReadAction\",\"target\":[\"https:\/\/www.corob.com\/de\/anwendungen\/spezialchemikalien\/\"]}]},{\"@type\":\"BreadcrumbList\",\"@id\":\"https:\/\/www.corob.com\/de\/anwendungen\/spezialchemikalien\/#breadcrumb\",\"itemListElement\":[{\"@type\":\"ListItem\",\"position\":1,\"name\":\"Home\",\"item\":\"https:\/\/www.corob.com\/de\/\"},{\"@type\":\"ListItem\",\"position\":2,\"name\":\"ANWENDUNGEN\",\"item\":\"https:\/\/www.corob.com\/de\/anwendungen\/\"},{\"@type\":\"ListItem\",\"position\":3,\"name\":\"SPEZIALCHEMIKALIEN\"}]},{\"@type\":\"WebSite\",\"@id\":\"https:\/\/www.corob.com\/de\/#website\",\"url\":\"https:\/\/www.corob.com\/de\/\",\"name\":\"COROB\",\"description\":\"High-tech dispensing and mixing solutions for paints and coatings systems\",\"publisher\":{\"@id\":\"https:\/\/www.corob.com\/de\/#organization\"},\"potentialAction\":[{\"@type\":\"SearchAction\",\"target\":{\"@type\":\"EntryPoint\",\"urlTemplate\":\"https:\/\/www.corob.com\/de\/?s={search_term_string}\"},\"query-input\":{\"@type\":\"PropertyValueSpecification\",\"valueRequired\":true,\"valueName\":\"search_term_string\"}}],\"inLanguage\":\"de\"},{\"@type\":\"Organization\",\"@id\":\"https:\/\/www.corob.com\/de\/#organization\",\"name\":\"COROB\",\"url\":\"https:\/\/www.corob.com\/de\/\",\"logo\":{\"@type\":\"ImageObject\",\"inLanguage\":\"de\",\"@id\":\"https:\/\/www.corob.com\/de\/#\/schema\/logo\/image\/\",\"url\":\"https:\/\/www.corob.com\/wp-content\/uploads\/2020\/01\/COROB-240.png\",\"contentUrl\":\"https:\/\/www.corob.com\/wp-content\/uploads\/2020\/01\/COROB-240.png\",\"width\":240,\"height\":73,\"caption\":\"COROB\"},\"image\":{\"@id\":\"https:\/\/www.corob.com\/de\/#\/schema\/logo\/image\/\"},\"sameAs\":[\"https:\/\/www.linkedin.com\/company\/corob\/\",\"https:\/\/www.youtube.com\/channel\/UCxnFt4FEhuhdm87NAb27qBQ\"]}]}<\/script>\n<!-- \/ Yoast SEO plugin. -->","yoast_head_json":{"title":"COROB-Dosiersysteme f\u00fcr Spezialchemikalien","description":"Entdecken Sie die sicheren und pr\u00e4zisen Dosierl\u00f6sungen von COROB f\u00fcr Spezialchemikalien \u2013 ma\u00dfgeschneidert f\u00fcr gef\u00e4hrliche und komplexe Materialien.","robots":{"index":"index","follow":"follow","max-snippet":"max-snippet:-1","max-image-preview":"max-image-preview:large","max-video-preview":"max-video-preview:-1"},"canonical":"https:\/\/www.corob.com\/de\/anwendungen\/spezialchemikalien\/","og_locale":"de_DE","og_type":"article","og_title":"COROB-Dosiersysteme f\u00fcr Spezialchemikalien","og_description":"Entdecken Sie die sicheren und pr\u00e4zisen Dosierl\u00f6sungen von COROB f\u00fcr Spezialchemikalien \u2013 ma\u00dfgeschneidert f\u00fcr gef\u00e4hrliche und komplexe Materialien.","og_url":"https:\/\/www.corob.com\/de\/anwendungen\/spezialchemikalien\/","og_site_name":"COROB","twitter_card":"summary_large_image","twitter_misc":{"Gesch\u00e4tzte Lesezeit":"9\u00a0Minuten"},"schema":{"@context":"https:\/\/schema.org","@graph":[{"@type":"WebPage","@id":"https:\/\/www.corob.com\/de\/anwendungen\/spezialchemikalien\/","url":"https:\/\/www.corob.com\/de\/anwendungen\/spezialchemikalien\/","name":"COROB-Dosiersysteme f\u00fcr Spezialchemikalien","isPartOf":{"@id":"https:\/\/www.corob.com\/de\/#website"},"datePublished":"2025-07-23T12:06:43+00:00","description":"Entdecken Sie die sicheren und pr\u00e4zisen Dosierl\u00f6sungen von COROB f\u00fcr Spezialchemikalien \u2013 ma\u00dfgeschneidert f\u00fcr gef\u00e4hrliche und komplexe Materialien.","breadcrumb":{"@id":"https:\/\/www.corob.com\/de\/anwendungen\/spezialchemikalien\/#breadcrumb"},"inLanguage":"de","potentialAction":[{"@type":"ReadAction","target":["https:\/\/www.corob.com\/de\/anwendungen\/spezialchemikalien\/"]}]},{"@type":"BreadcrumbList","@id":"https:\/\/www.corob.com\/de\/anwendungen\/spezialchemikalien\/#breadcrumb","itemListElement":[{"@type":"ListItem","position":1,"name":"Home","item":"https:\/\/www.corob.com\/de\/"},{"@type":"ListItem","position":2,"name":"ANWENDUNGEN","item":"https:\/\/www.corob.com\/de\/anwendungen\/"},{"@type":"ListItem","position":3,"name":"SPEZIALCHEMIKALIEN"}]},{"@type":"WebSite","@id":"https:\/\/www.corob.com\/de\/#website","url":"https:\/\/www.corob.com\/de\/","name":"COROB","description":"High-tech dispensing and mixing solutions for paints and coatings systems","publisher":{"@id":"https:\/\/www.corob.com\/de\/#organization"},"potentialAction":[{"@type":"SearchAction","target":{"@type":"EntryPoint","urlTemplate":"https:\/\/www.corob.com\/de\/?s={search_term_string}"},"query-input":{"@type":"PropertyValueSpecification","valueRequired":true,"valueName":"search_term_string"}}],"inLanguage":"de"},{"@type":"Organization","@id":"https:\/\/www.corob.com\/de\/#organization","name":"COROB","url":"https:\/\/www.corob.com\/de\/","logo":{"@type":"ImageObject","inLanguage":"de","@id":"https:\/\/www.corob.com\/de\/#\/schema\/logo\/image\/","url":"https:\/\/www.corob.com\/wp-content\/uploads\/2020\/01\/COROB-240.png","contentUrl":"https:\/\/www.corob.com\/wp-content\/uploads\/2020\/01\/COROB-240.png","width":240,"height":73,"caption":"COROB"},"image":{"@id":"https:\/\/www.corob.com\/de\/#\/schema\/logo\/image\/"},"sameAs":["https:\/\/www.linkedin.com\/company\/corob\/","https:\/\/www.youtube.com\/channel\/UCxnFt4FEhuhdm87NAb27qBQ"]}]}},"_links":{"self":[{"href":"https:\/\/www.corob.com\/de\/wp-json\/wp\/v2\/pages\/22843","targetHints":{"allow":["GET"]}}],"collection":[{"href":"https:\/\/www.corob.com\/de\/wp-json\/wp\/v2\/pages"}],"about":[{"href":"https:\/\/www.corob.com\/de\/wp-json\/wp\/v2\/types\/page"}],"author":[{"embeddable":true,"href":"https:\/\/www.corob.com\/de\/wp-json\/wp\/v2\/users\/1"}],"replies":[{"embeddable":true,"href":"https:\/\/www.corob.com\/de\/wp-json\/wp\/v2\/comments?post=22843"}],"version-history":[{"count":2,"href":"https:\/\/www.corob.com\/de\/wp-json\/wp\/v2\/pages\/22843\/revisions"}],"predecessor-version":[{"id":22845,"href":"https:\/\/www.corob.com\/de\/wp-json\/wp\/v2\/pages\/22843\/revisions\/22845"}],"up":[{"embeddable":true,"href":"https:\/\/www.corob.com\/de\/wp-json\/wp\/v2\/pages\/22797"}],"wp:attachment":[{"href":"https:\/\/www.corob.com\/de\/wp-json\/wp\/v2\/media?parent=22843"}],"curies":[{"name":"wp","href":"https:\/\/api.w.org\/{rel}","templated":true}]}}