{"id":22864,"date":"2025-07-23T12:16:02","date_gmt":"2025-07-23T12:16:02","guid":{"rendered":"https:\/\/www.corob.com\/anwendungen\/kosmetik-beauty\/"},"modified":"2025-07-23T12:16:03","modified_gmt":"2025-07-23T12:16:03","slug":"kosmetik-beauty","status":"publish","type":"page","link":"https:\/\/www.corob.com\/de\/anwendungen\/kosmetik-beauty\/","title":{"rendered":"KOSMETIK &amp; BEAUTY"},"content":{"rendered":"<p><div class=\"fusion-fullwidth fullwidth-box fusion-builder-row-1 fusion-parallax-none nonhundred-percent-fullwidth non-hundred-percent-height-scrolling\" style=\"--awb-border-radius-top-left:0px;--awb-border-radius-top-right:0px;--awb-border-radius-bottom-right:0px;--awb-border-radius-bottom-left:0px;--awb-padding-top:100px;--awb-padding-bottom:100px;--awb-background-image:url(&quot;https:\/\/www.corob.com\/wp-content\/uploads\/2020\/01\/CosmeticsBeauty-1200x431.jpg&quot;);--awb-background-size:cover;--awb-flex-wrap:wrap;\" ><div class=\"fusion-builder-row fusion-row\"><div class=\"fusion-layout-column fusion_builder_column fusion-builder-column-0 fusion_builder_column_1_1 1_1 fusion-one-full fusion-column-first fusion-column-last\" style=\"--awb-padding-right:30px;--awb-padding-left:30px;--awb-bg-size:cover;\"><div class=\"fusion-column-wrapper fusion-column-has-shadow fusion-flex-column-wrapper-legacy\"><div class=\"fusion-clearfix\"><\/div><\/div><\/div><\/div><\/div><div class=\"fusion-fullwidth fullwidth-box fusion-builder-row-2 nonhundred-percent-fullwidth non-hundred-percent-height-scrolling\" style=\"--awb-border-radius-top-left:0px;--awb-border-radius-top-right:0px;--awb-border-radius-bottom-right:0px;--awb-border-radius-bottom-left:0px;--awb-padding-top:50px;--awb-flex-wrap:wrap;\" ><div class=\"fusion-builder-row fusion-row\"><div class=\"fusion-layout-column fusion_builder_column fusion-builder-column-1 fusion_builder_column_1_1 1_1 fusion-one-full fusion-column-first fusion-column-last\" style=\"--awb-bg-size:cover;\"><div class=\"fusion-column-wrapper fusion-column-has-shadow fusion-flex-column-wrapper-legacy\"><div class=\"fusion-title title fusion-title-1 fusion-sep-none fusion-title-text fusion-title-size-one\" style=\"--awb-text-color:var(--awb-color7);--awb-font-size:36px;\"><h1 class=\"fusion-title-heading title-heading-left fusion-responsive-typography-calculated\" style=\"margin:0;font-size:1em;--fontSize:36;line-height:1;\">KOSMETIK &amp; BEAUTY<\/h1><\/div><div class=\"fusion-clearfix\"><\/div><\/div><\/div><div class=\"fusion-layout-column fusion_builder_column fusion-builder-column-2 fusion_builder_column_1_2 1_2 fusion-one-half fusion-column-first\" style=\"--awb-bg-size:cover;width:50%;width:calc(50% - ( ( 4% ) * 0.5 ) );margin-right: 4%;\"><div class=\"fusion-column-wrapper fusion-column-has-shadow fusion-flex-column-wrapper-legacy\"><div class=\"fusion-text fusion-text-1\"><p>Die COROB-Technologie ist ideal f\u00fcr die Kosmetik- und Sch\u00f6nheitsindustrie geeignet, wo <strong>Pr\u00e4zision<\/strong>, <strong>Sicherheit<\/strong> und <strong>Flexibilit\u00e4t<\/strong> unerl\u00e4sslich sind. Unsere Dosier- und Dosiersysteme sind so konzipiert, dass sie <strong>eine Vielzahl von Inhaltsstoffen verarbeiten k\u00f6nnen<\/strong> \u2013 in Bezug auf Textur, Viskosit\u00e4t und Farbe \u2013, um <strong>gleichbleibend hochwertige Endprodukte<\/strong> herzustellen. <\/p>\n<p>Kosmetische Formulierungen erfordern oft:<\/p>\n<\/div><ul style=\"--awb-size:20px;--awb-line-height:34px;--awb-icon-width:34px;--awb-icon-height:34px;--awb-icon-margin:14px;--awb-content-margin:48px;\" class=\"fusion-checklist fusion-checklist-1 fusion-checklist-default type-icons\"><li class=\"fusion-li-item\" style=\"\"><span class=\"icon-wrapper circle-no\"><i class=\"fusion-li-icon awb-icon-check\" aria-hidden=\"true\"><\/i><\/span><div class=\"fusion-li-item-content\"><strong>Flexibilit\u00e4t<\/strong> \u2013 Systeme, die sich an verschiedene Produkttypen und kundenspezifische Anforderungen anpassen, einschlie\u00dflich Cremes, Gels, Seren und Farbkosmetika.<\/div><\/li><li class=\"fusion-li-item\" style=\"\"><span class=\"icon-wrapper circle-no\"><i class=\"fusion-li-icon awb-icon-check\" aria-hidden=\"true\"><\/i><\/span><div class=\"fusion-li-item-content\">\n<p><strong>Effizienz<\/strong> \u2013 Optimiert f\u00fcr die Kleinserienproduktion, erm\u00f6glicht schnelle Umstellungen und unterst\u00fctzt Nischenproduktlinien oder saisonale Markteinf\u00fchrungen.<\/p>\n<\/div><\/li><li class=\"fusion-li-item\" style=\"\"><span class=\"icon-wrapper circle-no\"><i class=\"fusion-li-icon awb-icon-check\" aria-hidden=\"true\"><\/i><\/span><div class=\"fusion-li-item-content\">\n<p><strong>Sicherheit<\/strong> \u2013 Gebaut, um GMP (Good Manufacturing Practices) zu entsprechen, wodurch Null Kontamination und vollst\u00e4ndige R\u00fcckverfolgbarkeit von Inhaltsstoffen und Chargen gew\u00e4hrleistet werden.<\/p>\n<\/div><\/li><\/ul><div class=\"fusion-clearfix\"><\/div><\/div><\/div><div class=\"fusion-layout-column fusion_builder_column fusion-builder-column-3 fusion_builder_column_1_2 1_2 fusion-one-half fusion-column-last\" style=\"--awb-bg-size:cover;width:50%;width:calc(50% - ( ( 4% ) * 0.5 ) );\"><div class=\"fusion-column-wrapper fusion-column-has-shadow fusion-flex-column-wrapper-legacy\"><div class=\"fusion-text fusion-text-2\"><p>Ob f\u00fcr F&amp;E-Labore, Pilotanlagen oder die Produktion in vollem Umfang, COROB-Systeme k\u00f6nnen Kosmetikherstellern helfen, Abl\u00e4ufe zu rationalisieren, Abfall zu reduzieren und die Markteinf\u00fchrungszeit zu verk\u00fcrzen \u2013 ohne Kompromisse bei Qualit\u00e4t oder Compliance einzugehen.<\/p>\n<p>COROB-L\u00f6sungen unterst\u00fctzen auch:<\/p>\n<\/div><ul style=\"--awb-size:20px;--awb-line-height:34px;--awb-icon-width:34px;--awb-icon-height:34px;--awb-icon-margin:14px;--awb-content-margin:48px;\" class=\"fusion-checklist fusion-checklist-2 fusion-checklist-default type-icons\"><li class=\"fusion-li-item\" style=\"\"><span class=\"icon-wrapper circle-no\"><i class=\"fusion-li-icon awb-icon-check\" aria-hidden=\"true\"><\/i><\/span><div class=\"fusion-li-item-content\">\n<p>Integration mit Formulierungssoftware f\u00fcr Rezepturverwaltung und Wiederholbarkeit.<\/p>\n<\/div><\/li><li class=\"fusion-li-item\" style=\"\"><span class=\"icon-wrapper circle-no\"><i class=\"fusion-li-icon awb-icon-check\" aria-hidden=\"true\"><\/i><\/span><div class=\"fusion-li-item-content\">\n<p>Hygienisches Design und leicht zu reinigende Komponenten, um strenge Industriestandards zu erf\u00fcllen.<\/p>\n<\/div><\/li><li class=\"fusion-li-item\" style=\"\"><span class=\"icon-wrapper circle-no\"><i class=\"fusion-li-icon awb-icon-check\" aria-hidden=\"true\"><\/i><\/span><div class=\"fusion-li-item-content\">\n<p>Kompatibilit\u00e4t mit empfindlichen oder reaktiven Inhaltsstoffen, einschlie\u00dflich nat\u00fcrlicher Extrakte und Wirkstoffe.<\/p>\n<\/div><\/li><\/ul><div class=\"fusion-clearfix\"><\/div><\/div><\/div><\/div><\/div><\/p>\n","protected":false},"excerpt":{"rendered":"","protected":false},"author":1,"featured_media":0,"parent":22797,"menu_order":50,"comment_status":"closed","ping_status":"closed","template":"100-width.php","meta":{"_acf_changed":false,"footnotes":""},"class_list":["post-22864","page","type-page","status-publish","hentry"],"acf":[],"yoast_head":"<!-- This site is optimized with the Yoast SEO plugin v25.5 - https:\/\/yoast.com\/wordpress\/plugins\/seo\/ -->\n<title>COROB Dosiersysteme f\u00fcr Kosmetik &amp; Beauty<\/title>\n<meta name=\"description\" content=\"Entdecken Sie die GMP-konformen L\u00f6sungen von COROB f\u00fcr Kosmetika \u2013 flexibel, sicher und ideal f\u00fcr Kleinserien mit hoher Pr\u00e4zision.\" \/>\n<meta name=\"robots\" content=\"index, follow, max-snippet:-1, max-image-preview:large, max-video-preview:-1\" \/>\n<link rel=\"canonical\" href=\"https:\/\/www.corob.com\/de\/anwendungen\/kosmetik-beauty\/\" \/>\n<meta property=\"og:locale\" content=\"de_DE\" \/>\n<meta property=\"og:type\" content=\"article\" \/>\n<meta property=\"og:title\" content=\"COROB Dosiersysteme f\u00fcr Kosmetik &amp; Beauty\" \/>\n<meta property=\"og:description\" content=\"Entdecken Sie die GMP-konformen L\u00f6sungen von COROB f\u00fcr Kosmetika \u2013 flexibel, sicher und ideal f\u00fcr Kleinserien mit hoher Pr\u00e4zision.\" \/>\n<meta property=\"og:url\" content=\"https:\/\/www.corob.com\/de\/anwendungen\/kosmetik-beauty\/\" \/>\n<meta property=\"og:site_name\" content=\"COROB\" \/>\n<meta property=\"article:modified_time\" content=\"2025-07-23T12:16:03+00:00\" \/>\n<meta name=\"twitter:card\" content=\"summary_large_image\" \/>\n<meta name=\"twitter:label1\" content=\"Gesch\u00e4tzte Lesezeit\" \/>\n\t<meta name=\"twitter:data1\" content=\"10\u00a0Minuten\" \/>\n<script type=\"application\/ld+json\" class=\"yoast-schema-graph\">{\"@context\":\"https:\/\/schema.org\",\"@graph\":[{\"@type\":\"WebPage\",\"@id\":\"https:\/\/www.corob.com\/de\/anwendungen\/kosmetik-beauty\/\",\"url\":\"https:\/\/www.corob.com\/de\/anwendungen\/kosmetik-beauty\/\",\"name\":\"COROB Dosiersysteme f\u00fcr Kosmetik & Beauty\",\"isPartOf\":{\"@id\":\"https:\/\/www.corob.com\/de\/#website\"},\"datePublished\":\"2025-07-23T12:16:02+00:00\",\"dateModified\":\"2025-07-23T12:16:03+00:00\",\"description\":\"Entdecken Sie die GMP-konformen L\u00f6sungen von COROB f\u00fcr Kosmetika \u2013 flexibel, sicher und ideal f\u00fcr Kleinserien mit hoher Pr\u00e4zision.\",\"breadcrumb\":{\"@id\":\"https:\/\/www.corob.com\/de\/anwendungen\/kosmetik-beauty\/#breadcrumb\"},\"inLanguage\":\"de\",\"potentialAction\":[{\"@type\":\"ReadAction\",\"target\":[\"https:\/\/www.corob.com\/de\/anwendungen\/kosmetik-beauty\/\"]}]},{\"@type\":\"BreadcrumbList\",\"@id\":\"https:\/\/www.corob.com\/de\/anwendungen\/kosmetik-beauty\/#breadcrumb\",\"itemListElement\":[{\"@type\":\"ListItem\",\"position\":1,\"name\":\"Home\",\"item\":\"https:\/\/www.corob.com\/de\/\"},{\"@type\":\"ListItem\",\"position\":2,\"name\":\"ANWENDUNGEN\",\"item\":\"https:\/\/www.corob.com\/de\/anwendungen\/\"},{\"@type\":\"ListItem\",\"position\":3,\"name\":\"KOSMETIK &amp; BEAUTY\"}]},{\"@type\":\"WebSite\",\"@id\":\"https:\/\/www.corob.com\/de\/#website\",\"url\":\"https:\/\/www.corob.com\/de\/\",\"name\":\"COROB\",\"description\":\"High-tech dispensing and mixing solutions for paints and coatings systems\",\"publisher\":{\"@id\":\"https:\/\/www.corob.com\/de\/#organization\"},\"potentialAction\":[{\"@type\":\"SearchAction\",\"target\":{\"@type\":\"EntryPoint\",\"urlTemplate\":\"https:\/\/www.corob.com\/de\/?s={search_term_string}\"},\"query-input\":{\"@type\":\"PropertyValueSpecification\",\"valueRequired\":true,\"valueName\":\"search_term_string\"}}],\"inLanguage\":\"de\"},{\"@type\":\"Organization\",\"@id\":\"https:\/\/www.corob.com\/de\/#organization\",\"name\":\"COROB\",\"url\":\"https:\/\/www.corob.com\/de\/\",\"logo\":{\"@type\":\"ImageObject\",\"inLanguage\":\"de\",\"@id\":\"https:\/\/www.corob.com\/de\/#\/schema\/logo\/image\/\",\"url\":\"https:\/\/www.corob.com\/wp-content\/uploads\/2020\/01\/COROB-240.png\",\"contentUrl\":\"https:\/\/www.corob.com\/wp-content\/uploads\/2020\/01\/COROB-240.png\",\"width\":240,\"height\":73,\"caption\":\"COROB\"},\"image\":{\"@id\":\"https:\/\/www.corob.com\/de\/#\/schema\/logo\/image\/\"},\"sameAs\":[\"https:\/\/www.linkedin.com\/company\/corob\/\",\"https:\/\/www.youtube.com\/channel\/UCxnFt4FEhuhdm87NAb27qBQ\"]}]}<\/script>\n<!-- \/ Yoast SEO plugin. -->","yoast_head_json":{"title":"COROB Dosiersysteme f\u00fcr Kosmetik & Beauty","description":"Entdecken Sie die GMP-konformen L\u00f6sungen von COROB f\u00fcr Kosmetika \u2013 flexibel, sicher und ideal f\u00fcr Kleinserien mit hoher Pr\u00e4zision.","robots":{"index":"index","follow":"follow","max-snippet":"max-snippet:-1","max-image-preview":"max-image-preview:large","max-video-preview":"max-video-preview:-1"},"canonical":"https:\/\/www.corob.com\/de\/anwendungen\/kosmetik-beauty\/","og_locale":"de_DE","og_type":"article","og_title":"COROB Dosiersysteme f\u00fcr Kosmetik & Beauty","og_description":"Entdecken Sie die GMP-konformen L\u00f6sungen von COROB f\u00fcr Kosmetika \u2013 flexibel, sicher und ideal f\u00fcr Kleinserien mit hoher Pr\u00e4zision.","og_url":"https:\/\/www.corob.com\/de\/anwendungen\/kosmetik-beauty\/","og_site_name":"COROB","article_modified_time":"2025-07-23T12:16:03+00:00","twitter_card":"summary_large_image","twitter_misc":{"Gesch\u00e4tzte Lesezeit":"10\u00a0Minuten"},"schema":{"@context":"https:\/\/schema.org","@graph":[{"@type":"WebPage","@id":"https:\/\/www.corob.com\/de\/anwendungen\/kosmetik-beauty\/","url":"https:\/\/www.corob.com\/de\/anwendungen\/kosmetik-beauty\/","name":"COROB Dosiersysteme f\u00fcr Kosmetik & Beauty","isPartOf":{"@id":"https:\/\/www.corob.com\/de\/#website"},"datePublished":"2025-07-23T12:16:02+00:00","dateModified":"2025-07-23T12:16:03+00:00","description":"Entdecken Sie die GMP-konformen L\u00f6sungen von COROB f\u00fcr Kosmetika \u2013 flexibel, sicher und ideal f\u00fcr Kleinserien mit hoher Pr\u00e4zision.","breadcrumb":{"@id":"https:\/\/www.corob.com\/de\/anwendungen\/kosmetik-beauty\/#breadcrumb"},"inLanguage":"de","potentialAction":[{"@type":"ReadAction","target":["https:\/\/www.corob.com\/de\/anwendungen\/kosmetik-beauty\/"]}]},{"@type":"BreadcrumbList","@id":"https:\/\/www.corob.com\/de\/anwendungen\/kosmetik-beauty\/#breadcrumb","itemListElement":[{"@type":"ListItem","position":1,"name":"Home","item":"https:\/\/www.corob.com\/de\/"},{"@type":"ListItem","position":2,"name":"ANWENDUNGEN","item":"https:\/\/www.corob.com\/de\/anwendungen\/"},{"@type":"ListItem","position":3,"name":"KOSMETIK &amp; BEAUTY"}]},{"@type":"WebSite","@id":"https:\/\/www.corob.com\/de\/#website","url":"https:\/\/www.corob.com\/de\/","name":"COROB","description":"High-tech dispensing and mixing solutions for paints and coatings systems","publisher":{"@id":"https:\/\/www.corob.com\/de\/#organization"},"potentialAction":[{"@type":"SearchAction","target":{"@type":"EntryPoint","urlTemplate":"https:\/\/www.corob.com\/de\/?s={search_term_string}"},"query-input":{"@type":"PropertyValueSpecification","valueRequired":true,"valueName":"search_term_string"}}],"inLanguage":"de"},{"@type":"Organization","@id":"https:\/\/www.corob.com\/de\/#organization","name":"COROB","url":"https:\/\/www.corob.com\/de\/","logo":{"@type":"ImageObject","inLanguage":"de","@id":"https:\/\/www.corob.com\/de\/#\/schema\/logo\/image\/","url":"https:\/\/www.corob.com\/wp-content\/uploads\/2020\/01\/COROB-240.png","contentUrl":"https:\/\/www.corob.com\/wp-content\/uploads\/2020\/01\/COROB-240.png","width":240,"height":73,"caption":"COROB"},"image":{"@id":"https:\/\/www.corob.com\/de\/#\/schema\/logo\/image\/"},"sameAs":["https:\/\/www.linkedin.com\/company\/corob\/","https:\/\/www.youtube.com\/channel\/UCxnFt4FEhuhdm87NAb27qBQ"]}]}},"_links":{"self":[{"href":"https:\/\/www.corob.com\/de\/wp-json\/wp\/v2\/pages\/22864","targetHints":{"allow":["GET"]}}],"collection":[{"href":"https:\/\/www.corob.com\/de\/wp-json\/wp\/v2\/pages"}],"about":[{"href":"https:\/\/www.corob.com\/de\/wp-json\/wp\/v2\/types\/page"}],"author":[{"embeddable":true,"href":"https:\/\/www.corob.com\/de\/wp-json\/wp\/v2\/users\/1"}],"replies":[{"embeddable":true,"href":"https:\/\/www.corob.com\/de\/wp-json\/wp\/v2\/comments?post=22864"}],"version-history":[{"count":2,"href":"https:\/\/www.corob.com\/de\/wp-json\/wp\/v2\/pages\/22864\/revisions"}],"predecessor-version":[{"id":22866,"href":"https:\/\/www.corob.com\/de\/wp-json\/wp\/v2\/pages\/22864\/revisions\/22866"}],"up":[{"embeddable":true,"href":"https:\/\/www.corob.com\/de\/wp-json\/wp\/v2\/pages\/22797"}],"wp:attachment":[{"href":"https:\/\/www.corob.com\/de\/wp-json\/wp\/v2\/media?parent=22864"}],"curies":[{"name":"wp","href":"https:\/\/api.w.org\/{rel}","templated":true}]}}