{"id":22876,"date":"2025-07-23T12:34:26","date_gmt":"2025-07-23T12:34:26","guid":{"rendered":"https:\/\/www.corob.com\/anwendungen\/lebensmittel-getraenke\/"},"modified":"2025-07-23T12:34:26","modified_gmt":"2025-07-23T12:34:26","slug":"lebensmittel-getraenke","status":"publish","type":"page","link":"https:\/\/www.corob.com\/de\/anwendungen\/lebensmittel-getraenke\/","title":{"rendered":"LEBENSMITTEL &amp; GETR\u00c4NKE"},"content":{"rendered":"<p><div class=\"fusion-fullwidth fullwidth-box fusion-builder-row-1 fusion-parallax-none nonhundred-percent-fullwidth non-hundred-percent-height-scrolling\" style=\"--awb-border-radius-top-left:0px;--awb-border-radius-top-right:0px;--awb-border-radius-bottom-right:0px;--awb-border-radius-bottom-left:0px;--awb-padding-top:100px;--awb-padding-bottom:100px;--awb-background-image:url(&quot;https:\/\/www.corob.com\/wp-content\/uploads\/2020\/01\/FoodBevereges-1200x431.jpg&quot;);--awb-background-size:cover;--awb-flex-wrap:wrap;\" ><div class=\"fusion-builder-row fusion-row\"><div class=\"fusion-layout-column fusion_builder_column fusion-builder-column-0 fusion_builder_column_1_1 1_1 fusion-one-full fusion-column-first fusion-column-last\" style=\"--awb-padding-right:30px;--awb-padding-left:30px;--awb-bg-size:cover;\"><div class=\"fusion-column-wrapper fusion-column-has-shadow fusion-flex-column-wrapper-legacy\"><div class=\"fusion-clearfix\"><\/div><\/div><\/div><\/div><\/div><div class=\"fusion-fullwidth fullwidth-box fusion-builder-row-2 nonhundred-percent-fullwidth non-hundred-percent-height-scrolling\" style=\"--awb-border-radius-top-left:0px;--awb-border-radius-top-right:0px;--awb-border-radius-bottom-right:0px;--awb-border-radius-bottom-left:0px;--awb-padding-top:50px;--awb-flex-wrap:wrap;\" ><div class=\"fusion-builder-row fusion-row\"><div class=\"fusion-layout-column fusion_builder_column fusion-builder-column-1 fusion_builder_column_1_1 1_1 fusion-one-full fusion-column-first fusion-column-last\" style=\"--awb-bg-size:cover;\"><div class=\"fusion-column-wrapper fusion-column-has-shadow fusion-flex-column-wrapper-legacy\"><div class=\"fusion-title title fusion-title-1 fusion-sep-none fusion-title-text fusion-title-size-one\" style=\"--awb-text-color:var(--awb-color7);--awb-font-size:36px;\"><h1 class=\"fusion-title-heading title-heading-left fusion-responsive-typography-calculated\" style=\"margin:0;font-size:1em;--fontSize:36;line-height:1;\">LEBENSMITTEL  GETR\u00c4NKE<\/h1><\/div><div class=\"fusion-clearfix\"><\/div><\/div><\/div><div class=\"fusion-layout-column fusion_builder_column fusion-builder-column-2 fusion_builder_column_1_2 1_2 fusion-one-half fusion-column-first\" style=\"--awb-bg-size:cover;width:50%;width:calc(50% - ( ( 4% ) * 0.5 ) );margin-right: 4%;\"><div class=\"fusion-column-wrapper fusion-column-has-shadow fusion-flex-column-wrapper-legacy\"><div class=\"fusion-text fusion-text-1\"><p>Die COROB-Technologie <strong>integriert Automatisierung mit fortschrittlichen Prozesskontrollen<\/strong>, um <strong>Konsistenz<\/strong> und <strong>Sicherheit<\/strong> in allen Phasen der Lebensmittel- und Getr\u00e4nkeproduktion zu gew\u00e4hrleisten. Unsere Dosier- und Dosiersysteme sind so konzipiert, dass sie die strengen Anforderungen dieser stark regulierten Branche erf\u00fcllen. <\/p>\n<p>Lebensmittel- und Getr\u00e4nkeprodukte erfordern:<\/p>\n<\/div><ul style=\"--awb-size:20px;--awb-line-height:34px;--awb-icon-width:34px;--awb-icon-height:34px;--awb-icon-margin:14px;--awb-content-margin:48px;\" class=\"fusion-checklist fusion-checklist-1 fusion-checklist-default type-icons\"><li class=\"fusion-li-item\" style=\"\"><span class=\"icon-wrapper circle-no\"><i class=\"fusion-li-icon awb-icon-check\" aria-hidden=\"true\"><\/i><\/span><div class=\"fusion-li-item-content\">\n<p><strong>Flexibilit\u00e4t<\/strong> \u2013 Systeme, die sich an spezifische und lokale Lebensmittelsicherheitszertifizierungen anpassen, einschlie\u00dflich regionaler Compliance-Standards und Kennzeichnungsvorschriften.<\/p>\n<\/div><\/li><li class=\"fusion-li-item\" style=\"\"><span class=\"icon-wrapper circle-no\"><i class=\"fusion-li-icon awb-icon-check\" aria-hidden=\"true\"><\/i><\/span><div class=\"fusion-li-item-content\">\n<p><strong>Hohe Genauigkeit<\/strong> \u2013 Pr\u00e4zises Dosieren gew\u00e4hrleistet Rezepturkonstanz, die f\u00fcr Geschmack, Textur und N\u00e4hrwertintegrit\u00e4t unerl\u00e4sslich ist.<\/p>\n<\/div><\/li><li class=\"fusion-li-item\" style=\"\"><span class=\"icon-wrapper circle-no\"><i class=\"fusion-li-icon awb-icon-check\" aria-hidden=\"true\"><\/i><\/span><div class=\"fusion-li-item-content\">\n<p><strong>Sicherheit<\/strong> \u2013 Alle Systeme sind in \u00dcbereinstimmung mit GMP (Good Manufacturing Practices) konzipiert, um Null Kontamination und vollst\u00e4ndige R\u00fcckverfolgbarkeit der Inhaltsstoffe zu gew\u00e4hrleisten.<\/p>\n<\/div><\/li><\/ul><div class=\"fusion-clearfix\"><\/div><\/div><\/div><div class=\"fusion-layout-column fusion_builder_column fusion-builder-column-3 fusion_builder_column_1_2 1_2 fusion-one-half fusion-column-last\" style=\"--awb-bg-size:cover;width:50%;width:calc(50% - ( ( 4% ) * 0.5 ) );\"><div class=\"fusion-column-wrapper fusion-column-has-shadow fusion-flex-column-wrapper-legacy\"><div class=\"fusion-text fusion-text-2\"><p>Ob f\u00fcr Saucen, Getr\u00e4nke, Aromen oder Nahrungserg\u00e4nzungsmittel, die <strong>skalierbaren<\/strong> und <strong>anpassbaren<\/strong> Systeme von COROB helfen Herstellern, Abl\u00e4ufe zu rationalisieren, die Compliance aufrechtzuerhalten und <strong>eine gleichbleibende Produktqualit\u00e4t zu liefern<\/strong>.<\/p>\n<p>COROB-L\u00f6sungen unterst\u00fctzen auch:<\/p>\n<\/div><ul style=\"--awb-size:20px;--awb-line-height:34px;--awb-icon-width:34px;--awb-icon-height:34px;--awb-icon-margin:14px;--awb-content-margin:48px;\" class=\"fusion-checklist fusion-checklist-2 fusion-checklist-default type-icons\"><li class=\"fusion-li-item\" style=\"\"><span class=\"icon-wrapper circle-no\"><i class=\"fusion-li-icon awb-icon-check\" aria-hidden=\"true\"><\/i><\/span><div class=\"fusion-li-item-content\">\n<p>Hygienisches Design mit leicht zu reinigenden Komponenten und CIP-Kompatibilit\u00e4t (Clean-In-Place).<\/p>\n<\/div><\/li><li class=\"fusion-li-item\" style=\"\"><span class=\"icon-wrapper circle-no\"><i class=\"fusion-li-icon awb-icon-check\" aria-hidden=\"true\"><\/i><\/span><div class=\"fusion-li-item-content\">\n<p>Integration mit MES\/ERP-Systemen f\u00fcr Echtzeit-Produktions\u00fcberwachung und Chargenverfolgung.<\/p>\n<\/div><\/li><li class=\"fusion-li-item\" style=\"\"><span class=\"icon-wrapper circle-no\"><i class=\"fusion-li-icon awb-icon-check\" aria-hidden=\"true\"><\/i><\/span><div class=\"fusion-li-item-content\">\n<p>Effiziente Kleinserienproduktion f\u00fcr Spezialartikel, Saisonprodukte oder lokale Rezepturen.<\/p>\n<\/div><\/li><li class=\"fusion-li-item\" style=\"\"><span class=\"icon-wrapper circle-no\"><i class=\"fusion-li-icon awb-icon-check\" aria-hidden=\"true\"><\/i><\/span><div class=\"fusion-li-item-content\">\n<p>Reduzierte Abfallmengen und optimierte Inhaltsstoffnutzung durch genaue Rezeptur und automatisierte Steuerung.<\/p>\n<\/div><\/li><\/ul><div class=\"fusion-clearfix\"><\/div><\/div><\/div><\/div><\/div><\/p>\n","protected":false},"excerpt":{"rendered":"","protected":false},"author":1,"featured_media":0,"parent":22797,"menu_order":60,"comment_status":"closed","ping_status":"closed","template":"100-width.php","meta":{"_acf_changed":false,"footnotes":""},"class_list":["post-22876","page","type-page","status-publish","hentry"],"acf":[],"yoast_head":"<!-- This site is optimized with the Yoast SEO plugin v25.5 - https:\/\/yoast.com\/wordpress\/plugins\/seo\/ -->\n<title>COROB Dosiersysteme f\u00fcr Lebensmittel Getr\u00e4nke<\/title>\n<meta name=\"description\" content=\"COROB: GMP-Dosierl\u00f6sungen f\u00fcr Lebensmittel Getr\u00e4nke\" \/>\n<meta name=\"robots\" content=\"index, follow, max-snippet:-1, max-image-preview:large, max-video-preview:-1\" \/>\n<link rel=\"canonical\" href=\"https:\/\/www.corob.com\/de\/anwendungen\/lebensmittel-getraenke\/\" \/>\n<meta property=\"og:locale\" content=\"de_DE\" \/>\n<meta property=\"og:type\" content=\"article\" \/>\n<meta property=\"og:title\" content=\"COROB Dosiersysteme f\u00fcr Lebensmittel Getr\u00e4nke\" \/>\n<meta property=\"og:description\" content=\"COROB: GMP-Dosierl\u00f6sungen f\u00fcr Lebensmittel Getr\u00e4nke\" \/>\n<meta property=\"og:url\" content=\"https:\/\/www.corob.com\/de\/anwendungen\/lebensmittel-getraenke\/\" \/>\n<meta property=\"og:site_name\" content=\"COROB\" \/>\n<meta name=\"twitter:card\" content=\"summary_large_image\" \/>\n<meta name=\"twitter:label1\" content=\"Gesch\u00e4tzte Lesezeit\" \/>\n\t<meta name=\"twitter:data1\" content=\"10\u00a0Minuten\" \/>\n<script type=\"application\/ld+json\" class=\"yoast-schema-graph\">{\"@context\":\"https:\/\/schema.org\",\"@graph\":[{\"@type\":\"WebPage\",\"@id\":\"https:\/\/www.corob.com\/de\/anwendungen\/lebensmittel-getraenke\/\",\"url\":\"https:\/\/www.corob.com\/de\/anwendungen\/lebensmittel-getraenke\/\",\"name\":\"COROB Dosiersysteme f\u00fcr Lebensmittel Getr\u00e4nke\",\"isPartOf\":{\"@id\":\"https:\/\/www.corob.com\/de\/#website\"},\"datePublished\":\"2025-07-23T12:34:26+00:00\",\"description\":\"COROB: GMP-Dosierl\u00f6sungen f\u00fcr Lebensmittel Getr\u00e4nke\",\"breadcrumb\":{\"@id\":\"https:\/\/www.corob.com\/de\/anwendungen\/lebensmittel-getraenke\/#breadcrumb\"},\"inLanguage\":\"de\",\"potentialAction\":[{\"@type\":\"ReadAction\",\"target\":[\"https:\/\/www.corob.com\/de\/anwendungen\/lebensmittel-getraenke\/\"]}]},{\"@type\":\"BreadcrumbList\",\"@id\":\"https:\/\/www.corob.com\/de\/anwendungen\/lebensmittel-getraenke\/#breadcrumb\",\"itemListElement\":[{\"@type\":\"ListItem\",\"position\":1,\"name\":\"Home\",\"item\":\"https:\/\/www.corob.com\/de\/\"},{\"@type\":\"ListItem\",\"position\":2,\"name\":\"ANWENDUNGEN\",\"item\":\"https:\/\/www.corob.com\/de\/anwendungen\/\"},{\"@type\":\"ListItem\",\"position\":3,\"name\":\"LEBENSMITTEL &amp; GETR\u00c4NKE\"}]},{\"@type\":\"WebSite\",\"@id\":\"https:\/\/www.corob.com\/de\/#website\",\"url\":\"https:\/\/www.corob.com\/de\/\",\"name\":\"COROB\",\"description\":\"High-tech dispensing and mixing solutions for paints and coatings systems\",\"publisher\":{\"@id\":\"https:\/\/www.corob.com\/de\/#organization\"},\"potentialAction\":[{\"@type\":\"SearchAction\",\"target\":{\"@type\":\"EntryPoint\",\"urlTemplate\":\"https:\/\/www.corob.com\/de\/?s={search_term_string}\"},\"query-input\":{\"@type\":\"PropertyValueSpecification\",\"valueRequired\":true,\"valueName\":\"search_term_string\"}}],\"inLanguage\":\"de\"},{\"@type\":\"Organization\",\"@id\":\"https:\/\/www.corob.com\/de\/#organization\",\"name\":\"COROB\",\"url\":\"https:\/\/www.corob.com\/de\/\",\"logo\":{\"@type\":\"ImageObject\",\"inLanguage\":\"de\",\"@id\":\"https:\/\/www.corob.com\/de\/#\/schema\/logo\/image\/\",\"url\":\"https:\/\/www.corob.com\/wp-content\/uploads\/2020\/01\/COROB-240.png\",\"contentUrl\":\"https:\/\/www.corob.com\/wp-content\/uploads\/2020\/01\/COROB-240.png\",\"width\":240,\"height\":73,\"caption\":\"COROB\"},\"image\":{\"@id\":\"https:\/\/www.corob.com\/de\/#\/schema\/logo\/image\/\"},\"sameAs\":[\"https:\/\/www.linkedin.com\/company\/corob\/\",\"https:\/\/www.youtube.com\/channel\/UCxnFt4FEhuhdm87NAb27qBQ\"]}]}<\/script>\n<!-- \/ Yoast SEO plugin. -->","yoast_head_json":{"title":"COROB Dosiersysteme f\u00fcr Lebensmittel Getr\u00e4nke","description":"COROB: GMP-Dosierl\u00f6sungen f\u00fcr Lebensmittel Getr\u00e4nke","robots":{"index":"index","follow":"follow","max-snippet":"max-snippet:-1","max-image-preview":"max-image-preview:large","max-video-preview":"max-video-preview:-1"},"canonical":"https:\/\/www.corob.com\/de\/anwendungen\/lebensmittel-getraenke\/","og_locale":"de_DE","og_type":"article","og_title":"COROB Dosiersysteme f\u00fcr Lebensmittel Getr\u00e4nke","og_description":"COROB: GMP-Dosierl\u00f6sungen f\u00fcr Lebensmittel Getr\u00e4nke","og_url":"https:\/\/www.corob.com\/de\/anwendungen\/lebensmittel-getraenke\/","og_site_name":"COROB","twitter_card":"summary_large_image","twitter_misc":{"Gesch\u00e4tzte Lesezeit":"10\u00a0Minuten"},"schema":{"@context":"https:\/\/schema.org","@graph":[{"@type":"WebPage","@id":"https:\/\/www.corob.com\/de\/anwendungen\/lebensmittel-getraenke\/","url":"https:\/\/www.corob.com\/de\/anwendungen\/lebensmittel-getraenke\/","name":"COROB Dosiersysteme f\u00fcr Lebensmittel Getr\u00e4nke","isPartOf":{"@id":"https:\/\/www.corob.com\/de\/#website"},"datePublished":"2025-07-23T12:34:26+00:00","description":"COROB: GMP-Dosierl\u00f6sungen f\u00fcr Lebensmittel Getr\u00e4nke","breadcrumb":{"@id":"https:\/\/www.corob.com\/de\/anwendungen\/lebensmittel-getraenke\/#breadcrumb"},"inLanguage":"de","potentialAction":[{"@type":"ReadAction","target":["https:\/\/www.corob.com\/de\/anwendungen\/lebensmittel-getraenke\/"]}]},{"@type":"BreadcrumbList","@id":"https:\/\/www.corob.com\/de\/anwendungen\/lebensmittel-getraenke\/#breadcrumb","itemListElement":[{"@type":"ListItem","position":1,"name":"Home","item":"https:\/\/www.corob.com\/de\/"},{"@type":"ListItem","position":2,"name":"ANWENDUNGEN","item":"https:\/\/www.corob.com\/de\/anwendungen\/"},{"@type":"ListItem","position":3,"name":"LEBENSMITTEL &amp; GETR\u00c4NKE"}]},{"@type":"WebSite","@id":"https:\/\/www.corob.com\/de\/#website","url":"https:\/\/www.corob.com\/de\/","name":"COROB","description":"High-tech dispensing and mixing solutions for paints and coatings systems","publisher":{"@id":"https:\/\/www.corob.com\/de\/#organization"},"potentialAction":[{"@type":"SearchAction","target":{"@type":"EntryPoint","urlTemplate":"https:\/\/www.corob.com\/de\/?s={search_term_string}"},"query-input":{"@type":"PropertyValueSpecification","valueRequired":true,"valueName":"search_term_string"}}],"inLanguage":"de"},{"@type":"Organization","@id":"https:\/\/www.corob.com\/de\/#organization","name":"COROB","url":"https:\/\/www.corob.com\/de\/","logo":{"@type":"ImageObject","inLanguage":"de","@id":"https:\/\/www.corob.com\/de\/#\/schema\/logo\/image\/","url":"https:\/\/www.corob.com\/wp-content\/uploads\/2020\/01\/COROB-240.png","contentUrl":"https:\/\/www.corob.com\/wp-content\/uploads\/2020\/01\/COROB-240.png","width":240,"height":73,"caption":"COROB"},"image":{"@id":"https:\/\/www.corob.com\/de\/#\/schema\/logo\/image\/"},"sameAs":["https:\/\/www.linkedin.com\/company\/corob\/","https:\/\/www.youtube.com\/channel\/UCxnFt4FEhuhdm87NAb27qBQ"]}]}},"_links":{"self":[{"href":"https:\/\/www.corob.com\/de\/wp-json\/wp\/v2\/pages\/22876","targetHints":{"allow":["GET"]}}],"collection":[{"href":"https:\/\/www.corob.com\/de\/wp-json\/wp\/v2\/pages"}],"about":[{"href":"https:\/\/www.corob.com\/de\/wp-json\/wp\/v2\/types\/page"}],"author":[{"embeddable":true,"href":"https:\/\/www.corob.com\/de\/wp-json\/wp\/v2\/users\/1"}],"replies":[{"embeddable":true,"href":"https:\/\/www.corob.com\/de\/wp-json\/wp\/v2\/comments?post=22876"}],"version-history":[{"count":2,"href":"https:\/\/www.corob.com\/de\/wp-json\/wp\/v2\/pages\/22876\/revisions"}],"predecessor-version":[{"id":22878,"href":"https:\/\/www.corob.com\/de\/wp-json\/wp\/v2\/pages\/22876\/revisions\/22878"}],"up":[{"embeddable":true,"href":"https:\/\/www.corob.com\/de\/wp-json\/wp\/v2\/pages\/22797"}],"wp:attachment":[{"href":"https:\/\/www.corob.com\/de\/wp-json\/wp\/v2\/media?parent=22876"}],"curies":[{"name":"wp","href":"https:\/\/api.w.org\/{rel}","templated":true}]}}