{"id":22888,"date":"2025-07-23T13:10:36","date_gmt":"2025-07-23T13:10:36","guid":{"rendered":"https:\/\/www.corob.com\/anwendungen\/textilien\/"},"modified":"2025-07-23T13:10:36","modified_gmt":"2025-07-23T13:10:36","slug":"textilien","status":"publish","type":"page","link":"https:\/\/www.corob.com\/de\/anwendungen\/textilien\/","title":{"rendered":"TEXTILIEN"},"content":{"rendered":"<p><div class=\"fusion-fullwidth fullwidth-box fusion-builder-row-1 fusion-parallax-none nonhundred-percent-fullwidth non-hundred-percent-height-scrolling\" style=\"--awb-border-radius-top-left:0px;--awb-border-radius-top-right:0px;--awb-border-radius-bottom-right:0px;--awb-border-radius-bottom-left:0px;--awb-padding-top:100px;--awb-padding-bottom:100px;--awb-background-image:url(&quot;https:\/\/www.corob.com\/wp-content\/uploads\/2020\/01\/Textile-1200x431.jpg&quot;);--awb-background-size:cover;--awb-flex-wrap:wrap;\" ><div class=\"fusion-builder-row fusion-row\"><div class=\"fusion-layout-column fusion_builder_column fusion-builder-column-0 fusion_builder_column_1_1 1_1 fusion-one-full fusion-column-first fusion-column-last\" style=\"--awb-padding-right:30px;--awb-padding-left:30px;--awb-bg-size:cover;\"><div class=\"fusion-column-wrapper fusion-column-has-shadow fusion-flex-column-wrapper-legacy\"><div class=\"fusion-clearfix\"><\/div><\/div><\/div><\/div><\/div><div class=\"fusion-fullwidth fullwidth-box fusion-builder-row-2 nonhundred-percent-fullwidth non-hundred-percent-height-scrolling\" style=\"--awb-border-radius-top-left:0px;--awb-border-radius-top-right:0px;--awb-border-radius-bottom-right:0px;--awb-border-radius-bottom-left:0px;--awb-padding-top:50px;--awb-flex-wrap:wrap;\" ><div class=\"fusion-builder-row fusion-row\"><div class=\"fusion-layout-column fusion_builder_column fusion-builder-column-1 fusion_builder_column_1_1 1_1 fusion-one-full fusion-column-first fusion-column-last\" style=\"--awb-bg-size:cover;\"><div class=\"fusion-column-wrapper fusion-column-has-shadow fusion-flex-column-wrapper-legacy\"><div class=\"fusion-title title fusion-title-1 fusion-sep-none fusion-title-text fusion-title-size-one\" style=\"--awb-text-color:var(--awb-color7);--awb-font-size:36px;\"><h1 class=\"fusion-title-heading title-heading-left fusion-responsive-typography-calculated\" style=\"margin:0;font-size:1em;--fontSize:36;line-height:1;\">TEXTILIEN<\/h1><\/div><div class=\"fusion-clearfix\"><\/div><\/div><\/div><div class=\"fusion-layout-column fusion_builder_column fusion-builder-column-2 fusion_builder_column_1_2 1_2 fusion-one-half fusion-column-first\" style=\"--awb-bg-size:cover;width:50%;width:calc(50% - ( ( 4% ) * 0.5 ) );margin-right: 4%;\"><div class=\"fusion-column-wrapper fusion-column-has-shadow fusion-flex-column-wrapper-legacy\"><div class=\"fusion-text fusion-text-1\"><p>Die COROB-Technologie eignet sich gut f\u00fcr die Textilindustrie, wo die Kombination aus organischen Materialien und stark variablen Substraten <strong>Pr\u00e4zision<\/strong> und <strong>Anpassungsf\u00e4higkeit<\/strong> erfordert. Unsere Dosier- und Dosiersysteme sind so konzipiert, dass sie die sich \u00e4ndernden Anforderungen der Textilverarbeitung erf\u00fcllen, <strong>vom traditionellen F\u00e4rben bis zum fortschrittlichen Digitaldruck<\/strong>.<\/p>\n<p>Die Textilproduktion erfordert:<\/p>\n<\/div><ul style=\"--awb-size:20px;--awb-line-height:34px;--awb-icon-width:34px;--awb-icon-height:34px;--awb-icon-margin:14px;--awb-content-margin:48px;\" class=\"fusion-checklist fusion-checklist-1 fusion-checklist-default type-icons\"><li class=\"fusion-li-item\" style=\"\"><span class=\"icon-wrapper circle-no\"><i class=\"fusion-li-icon awb-icon-check\" aria-hidden=\"true\"><\/i><\/span><div class=\"fusion-li-item-content\"><strong>Flexibilit\u00e4t<\/strong> \u2013 Systeme, die nat\u00fcrliche Substratvariationen ber\u00fccksichtigen und konsistente Ergebnisse bei verschiedenen Stoffarten und -ausf\u00fchrungen gew\u00e4hrleisten.<\/div><\/li><li class=\"fusion-li-item\" style=\"\"><span class=\"icon-wrapper circle-no\"><i class=\"fusion-li-icon awb-icon-check\" aria-hidden=\"true\"><\/i><\/span><div class=\"fusion-li-item-content\"><strong>Effizienz<\/strong> \u2013 Optimiert f\u00fcr die Kleinserienproduktion, wodurch schnelle Formulierungs\u00e4nderungen zur Unterst\u00fctzung von Nischenm\u00e4rkten, saisonalen Kollektionen und kundenspezifischen Auftr\u00e4gen erm\u00f6glicht werden.<\/div><\/li><li class=\"fusion-li-item\" style=\"\"><span class=\"icon-wrapper circle-no\"><i class=\"fusion-li-icon awb-icon-check\" aria-hidden=\"true\"><\/i><\/span><div class=\"fusion-li-item-content\"><strong>Hohe Genauigkeit<\/strong> \u2013 Pr\u00e4zises Dosieren ist unerl\u00e4sslich, um die strengen Anforderungen moderner digitaler Textiltechnologien zu erf\u00fcllen, bei denen Farbkonsistenz und Wiederholbarkeit entscheidend sind.<\/div><\/li><\/ul><div class=\"fusion-clearfix\"><\/div><\/div><\/div><div class=\"fusion-layout-column fusion_builder_column fusion-builder-column-3 fusion_builder_column_1_2 1_2 fusion-one-half fusion-column-last\" style=\"--awb-bg-size:cover;width:50%;width:calc(50% - ( ( 4% ) * 0.5 ) );\"><div class=\"fusion-column-wrapper fusion-column-has-shadow fusion-flex-column-wrapper-legacy\"><div class=\"fusion-text fusion-text-2\"><p>Durch die Kombination von <strong>Automatisierung, Pr\u00e4zision und Anpassungsf\u00e4higkeit<\/strong> unterst\u00fctzt COROB Textilhersteller dabei, <strong>die Kapitalrendite zu maximieren<\/strong>, Abl\u00e4ufe zu rationalisieren und ihre Produktangebote in einem wettbewerbsintensiven und sich schnell entwickelnden Markt zu erweitern.<\/p>\n<p>COROB-L\u00f6sungen unterst\u00fctzen auch:<\/p>\n<\/div><ul style=\"--awb-size:20px;--awb-line-height:34px;--awb-icon-width:34px;--awb-icon-height:34px;--awb-icon-margin:14px;--awb-content-margin:48px;\" class=\"fusion-checklist fusion-checklist-2 fusion-checklist-default type-icons\"><li class=\"fusion-li-item\" style=\"\"><span class=\"icon-wrapper circle-no\"><i class=\"fusion-li-icon awb-icon-check\" aria-hidden=\"true\"><\/i><\/span><div class=\"fusion-li-item-content\">\n<p>Integration mit digitalen Druckworkflows und Farbmanagementsystemen.<\/p>\n<\/div><\/li><li class=\"fusion-li-item\" style=\"\"><span class=\"icon-wrapper circle-no\"><i class=\"fusion-li-icon awb-icon-check\" aria-hidden=\"true\"><\/i><\/span><div class=\"fusion-li-item-content\">\n<p>Kompatibilit\u00e4t mit einer breiten Palette von Farbstoffen, Pigmenten und Spezialchemikalien, die in der Textilveredelung verwendet werden.<\/p>\n<\/div><\/li><li class=\"fusion-li-item\" style=\"\"><span class=\"icon-wrapper circle-no\"><i class=\"fusion-li-icon awb-icon-check\" aria-hidden=\"true\"><\/i><\/span><div class=\"fusion-li-item-content\">\n<p>Reduzierte Abfallmengen und verbesserte Nachhaltigkeit durch genaue Dosierung und minimalen Materialverbrauch.<\/p>\n<\/div><\/li><li class=\"fusion-li-item\" style=\"\"><span class=\"icon-wrapper circle-no\"><i class=\"fusion-li-icon awb-icon-check\" aria-hidden=\"true\"><\/i><\/span><div class=\"fusion-li-item-content\">\n<p>Skalierbare Konfigurationen zur Unterst\u00fctzung von Pilot- und Produktionsumgebungen in vollem Umfang.<\/p>\n<\/div><\/li><\/ul><div class=\"fusion-clearfix\"><\/div><\/div><\/div><\/div><\/div><\/p>\n","protected":false},"excerpt":{"rendered":"","protected":false},"author":1,"featured_media":0,"parent":22797,"menu_order":70,"comment_status":"closed","ping_status":"closed","template":"100-width.php","meta":{"_acf_changed":false,"footnotes":""},"class_list":["post-22888","page","type-page","status-publish","hentry"],"acf":[],"yoast_head":"<!-- This site is optimized with the Yoast SEO plugin v25.5 - https:\/\/yoast.com\/wordpress\/plugins\/seo\/ -->\n<title>COROB Dosierl\u00f6sungen f\u00fcr textile Anwendungen<\/title>\n<meta name=\"description\" content=\"Entdecken Sie die flexiblen, pr\u00e4zisen und effizienten Dosiersysteme von COROB f\u00fcr Textilien \u2013 ideal f\u00fcr digitalen Druck und Nischenproduktion.\" \/>\n<meta name=\"robots\" content=\"index, follow, max-snippet:-1, max-image-preview:large, max-video-preview:-1\" \/>\n<link rel=\"canonical\" href=\"https:\/\/www.corob.com\/de\/anwendungen\/textilien\/\" \/>\n<meta property=\"og:locale\" content=\"de_DE\" \/>\n<meta property=\"og:type\" content=\"article\" \/>\n<meta property=\"og:title\" content=\"COROB Dosierl\u00f6sungen f\u00fcr textile Anwendungen\" \/>\n<meta property=\"og:description\" content=\"Entdecken Sie die flexiblen, pr\u00e4zisen und effizienten Dosiersysteme von COROB f\u00fcr Textilien \u2013 ideal f\u00fcr digitalen Druck und Nischenproduktion.\" \/>\n<meta property=\"og:url\" content=\"https:\/\/www.corob.com\/de\/anwendungen\/textilien\/\" \/>\n<meta property=\"og:site_name\" content=\"COROB\" \/>\n<meta name=\"twitter:card\" content=\"summary_large_image\" \/>\n<meta name=\"twitter:label1\" content=\"Gesch\u00e4tzte Lesezeit\" \/>\n\t<meta name=\"twitter:data1\" content=\"10\u00a0Minuten\" \/>\n<script type=\"application\/ld+json\" class=\"yoast-schema-graph\">{\"@context\":\"https:\/\/schema.org\",\"@graph\":[{\"@type\":\"WebPage\",\"@id\":\"https:\/\/www.corob.com\/de\/anwendungen\/textilien\/\",\"url\":\"https:\/\/www.corob.com\/de\/anwendungen\/textilien\/\",\"name\":\"COROB Dosierl\u00f6sungen f\u00fcr textile Anwendungen\",\"isPartOf\":{\"@id\":\"https:\/\/www.corob.com\/de\/#website\"},\"datePublished\":\"2025-07-23T13:10:36+00:00\",\"description\":\"Entdecken Sie die flexiblen, pr\u00e4zisen und effizienten Dosiersysteme von COROB f\u00fcr Textilien \u2013 ideal f\u00fcr digitalen Druck und Nischenproduktion.\",\"breadcrumb\":{\"@id\":\"https:\/\/www.corob.com\/de\/anwendungen\/textilien\/#breadcrumb\"},\"inLanguage\":\"de\",\"potentialAction\":[{\"@type\":\"ReadAction\",\"target\":[\"https:\/\/www.corob.com\/de\/anwendungen\/textilien\/\"]}]},{\"@type\":\"BreadcrumbList\",\"@id\":\"https:\/\/www.corob.com\/de\/anwendungen\/textilien\/#breadcrumb\",\"itemListElement\":[{\"@type\":\"ListItem\",\"position\":1,\"name\":\"Home\",\"item\":\"https:\/\/www.corob.com\/de\/\"},{\"@type\":\"ListItem\",\"position\":2,\"name\":\"ANWENDUNGEN\",\"item\":\"https:\/\/www.corob.com\/de\/anwendungen\/\"},{\"@type\":\"ListItem\",\"position\":3,\"name\":\"TEXTILIEN\"}]},{\"@type\":\"WebSite\",\"@id\":\"https:\/\/www.corob.com\/de\/#website\",\"url\":\"https:\/\/www.corob.com\/de\/\",\"name\":\"COROB\",\"description\":\"High-tech dispensing and mixing solutions for paints and coatings systems\",\"publisher\":{\"@id\":\"https:\/\/www.corob.com\/de\/#organization\"},\"potentialAction\":[{\"@type\":\"SearchAction\",\"target\":{\"@type\":\"EntryPoint\",\"urlTemplate\":\"https:\/\/www.corob.com\/de\/?s={search_term_string}\"},\"query-input\":{\"@type\":\"PropertyValueSpecification\",\"valueRequired\":true,\"valueName\":\"search_term_string\"}}],\"inLanguage\":\"de\"},{\"@type\":\"Organization\",\"@id\":\"https:\/\/www.corob.com\/de\/#organization\",\"name\":\"COROB\",\"url\":\"https:\/\/www.corob.com\/de\/\",\"logo\":{\"@type\":\"ImageObject\",\"inLanguage\":\"de\",\"@id\":\"https:\/\/www.corob.com\/de\/#\/schema\/logo\/image\/\",\"url\":\"https:\/\/www.corob.com\/wp-content\/uploads\/2020\/01\/COROB-240.png\",\"contentUrl\":\"https:\/\/www.corob.com\/wp-content\/uploads\/2020\/01\/COROB-240.png\",\"width\":240,\"height\":73,\"caption\":\"COROB\"},\"image\":{\"@id\":\"https:\/\/www.corob.com\/de\/#\/schema\/logo\/image\/\"},\"sameAs\":[\"https:\/\/www.linkedin.com\/company\/corob\/\",\"https:\/\/www.youtube.com\/channel\/UCxnFt4FEhuhdm87NAb27qBQ\"]}]}<\/script>\n<!-- \/ Yoast SEO plugin. -->","yoast_head_json":{"title":"COROB Dosierl\u00f6sungen f\u00fcr textile Anwendungen","description":"Entdecken Sie die flexiblen, pr\u00e4zisen und effizienten Dosiersysteme von COROB f\u00fcr Textilien \u2013 ideal f\u00fcr digitalen Druck und Nischenproduktion.","robots":{"index":"index","follow":"follow","max-snippet":"max-snippet:-1","max-image-preview":"max-image-preview:large","max-video-preview":"max-video-preview:-1"},"canonical":"https:\/\/www.corob.com\/de\/anwendungen\/textilien\/","og_locale":"de_DE","og_type":"article","og_title":"COROB Dosierl\u00f6sungen f\u00fcr textile Anwendungen","og_description":"Entdecken Sie die flexiblen, pr\u00e4zisen und effizienten Dosiersysteme von COROB f\u00fcr Textilien \u2013 ideal f\u00fcr digitalen Druck und Nischenproduktion.","og_url":"https:\/\/www.corob.com\/de\/anwendungen\/textilien\/","og_site_name":"COROB","twitter_card":"summary_large_image","twitter_misc":{"Gesch\u00e4tzte Lesezeit":"10\u00a0Minuten"},"schema":{"@context":"https:\/\/schema.org","@graph":[{"@type":"WebPage","@id":"https:\/\/www.corob.com\/de\/anwendungen\/textilien\/","url":"https:\/\/www.corob.com\/de\/anwendungen\/textilien\/","name":"COROB Dosierl\u00f6sungen f\u00fcr textile Anwendungen","isPartOf":{"@id":"https:\/\/www.corob.com\/de\/#website"},"datePublished":"2025-07-23T13:10:36+00:00","description":"Entdecken Sie die flexiblen, pr\u00e4zisen und effizienten Dosiersysteme von COROB f\u00fcr Textilien \u2013 ideal f\u00fcr digitalen Druck und Nischenproduktion.","breadcrumb":{"@id":"https:\/\/www.corob.com\/de\/anwendungen\/textilien\/#breadcrumb"},"inLanguage":"de","potentialAction":[{"@type":"ReadAction","target":["https:\/\/www.corob.com\/de\/anwendungen\/textilien\/"]}]},{"@type":"BreadcrumbList","@id":"https:\/\/www.corob.com\/de\/anwendungen\/textilien\/#breadcrumb","itemListElement":[{"@type":"ListItem","position":1,"name":"Home","item":"https:\/\/www.corob.com\/de\/"},{"@type":"ListItem","position":2,"name":"ANWENDUNGEN","item":"https:\/\/www.corob.com\/de\/anwendungen\/"},{"@type":"ListItem","position":3,"name":"TEXTILIEN"}]},{"@type":"WebSite","@id":"https:\/\/www.corob.com\/de\/#website","url":"https:\/\/www.corob.com\/de\/","name":"COROB","description":"High-tech dispensing and mixing solutions for paints and coatings systems","publisher":{"@id":"https:\/\/www.corob.com\/de\/#organization"},"potentialAction":[{"@type":"SearchAction","target":{"@type":"EntryPoint","urlTemplate":"https:\/\/www.corob.com\/de\/?s={search_term_string}"},"query-input":{"@type":"PropertyValueSpecification","valueRequired":true,"valueName":"search_term_string"}}],"inLanguage":"de"},{"@type":"Organization","@id":"https:\/\/www.corob.com\/de\/#organization","name":"COROB","url":"https:\/\/www.corob.com\/de\/","logo":{"@type":"ImageObject","inLanguage":"de","@id":"https:\/\/www.corob.com\/de\/#\/schema\/logo\/image\/","url":"https:\/\/www.corob.com\/wp-content\/uploads\/2020\/01\/COROB-240.png","contentUrl":"https:\/\/www.corob.com\/wp-content\/uploads\/2020\/01\/COROB-240.png","width":240,"height":73,"caption":"COROB"},"image":{"@id":"https:\/\/www.corob.com\/de\/#\/schema\/logo\/image\/"},"sameAs":["https:\/\/www.linkedin.com\/company\/corob\/","https:\/\/www.youtube.com\/channel\/UCxnFt4FEhuhdm87NAb27qBQ"]}]}},"_links":{"self":[{"href":"https:\/\/www.corob.com\/de\/wp-json\/wp\/v2\/pages\/22888","targetHints":{"allow":["GET"]}}],"collection":[{"href":"https:\/\/www.corob.com\/de\/wp-json\/wp\/v2\/pages"}],"about":[{"href":"https:\/\/www.corob.com\/de\/wp-json\/wp\/v2\/types\/page"}],"author":[{"embeddable":true,"href":"https:\/\/www.corob.com\/de\/wp-json\/wp\/v2\/users\/1"}],"replies":[{"embeddable":true,"href":"https:\/\/www.corob.com\/de\/wp-json\/wp\/v2\/comments?post=22888"}],"version-history":[{"count":2,"href":"https:\/\/www.corob.com\/de\/wp-json\/wp\/v2\/pages\/22888\/revisions"}],"predecessor-version":[{"id":22890,"href":"https:\/\/www.corob.com\/de\/wp-json\/wp\/v2\/pages\/22888\/revisions\/22890"}],"up":[{"embeddable":true,"href":"https:\/\/www.corob.com\/de\/wp-json\/wp\/v2\/pages\/22797"}],"wp:attachment":[{"href":"https:\/\/www.corob.com\/de\/wp-json\/wp\/v2\/media?parent=22888"}],"curies":[{"name":"wp","href":"https:\/\/api.w.org\/{rel}","templated":true}]}}