{"id":25879,"date":"2025-10-23T07:21:25","date_gmt":"2025-10-23T07:21:25","guid":{"rendered":"https:\/\/www.corob.com\/produkte\/software\/"},"modified":"2025-10-23T07:21:26","modified_gmt":"2025-10-23T07:21:26","slug":"software","status":"publish","type":"page","link":"https:\/\/www.corob.com\/de\/produkte\/software\/","title":{"rendered":"SOFTWARE"},"content":{"rendered":"<p><div class=\"fusion-fullwidth fullwidth-box fusion-builder-row-1 nonhundred-percent-fullwidth non-hundred-percent-height-scrolling\" style=\"--awb-border-radius-top-left:0px;--awb-border-radius-top-right:0px;--awb-border-radius-bottom-right:0px;--awb-border-radius-bottom-left:0px;--awb-flex-wrap:wrap;\" ><div class=\"fusion-builder-row fusion-row\"><div class=\"fusion-layout-column fusion_builder_column fusion-builder-column-0 fusion_builder_column_1_1 1_1 fusion-one-full fusion-column-first fusion-column-last\" style=\"--awb-bg-size:cover;\"><div class=\"fusion-column-wrapper fusion-column-has-shadow fusion-flex-column-wrapper-legacy\"><div class=\"fusion-title title fusion-title-1 fusion-sep-none fusion-title-text fusion-title-size-one\" style=\"--awb-text-color:var(--awb-color7);--awb-margin-bottom:20px;--awb-font-size:36px;\"><h1 class=\"fusion-title-heading title-heading-left fusion-responsive-typography-calculated\" style=\"font-family:&quot;Source Sans 3&quot;;font-style:normal;font-weight:700;margin:0;font-size:1em;--fontSize:36;line-height:1;\">Cloudbasierte Abt\u00f6nsoftwarel\u00f6sungen f\u00fcr einen digitalen POS<\/h1><\/div><div class=\"fusion-text fusion-text-1\"><p>Egal, ob Sie Treibersoftware zur Verwaltung Ihrer AUTOMATISCHE DOSIERGER\u00c4TE oder ein voll ausgestattetes Abt\u00f6nprogramm ben\u00f6tigen, wir bieten eine Suite von cloudbasierten und plattform\u00fcbergreifenden Point-of-Sale-L\u00f6sungen. Diese Tools wurden entwickelt, um <strong>Ihren Workflow zu rationalisieren und zu verbessern<\/strong>, sodass Sie <strong>von \u00fcberall und jederzeit<\/strong> auf Ihre Daten zugreifen und Ihr Gesch\u00e4ft verwalten k\u00f6nnen.<\/p>\n<\/div><div class=\"fusion-clearfix\"><\/div><\/div><\/div><\/div><\/div><div class=\"fusion-fullwidth fullwidth-box fusion-builder-row-2 fusion-flex-container has-pattern-background has-mask-background nonhundred-percent-fullwidth non-hundred-percent-height-scrolling\" style=\"--awb-border-radius-top-left:0px;--awb-border-radius-top-right:0px;--awb-border-radius-bottom-right:0px;--awb-border-radius-bottom-left:0px;--awb-flex-wrap:wrap;\" ><div class=\"fusion-builder-row fusion-row fusion-flex-align-items-flex-start fusion-flex-content-wrap\" style=\"max-width:1456px;margin-left: calc(-4% \/ 2 );margin-right: calc(-4% \/ 2 );\"><div class=\"fusion-layout-column fusion_builder_column fusion-builder-column-1 fusion_builder_column_1_1 1_1 fusion-flex-column\" style=\"--awb-bg-size:cover;--awb-width-large:100%;--awb-margin-top-large:0px;--awb-spacing-right-large:1.92%;--awb-margin-bottom-large:20px;--awb-spacing-left-large:1.92%;--awb-width-medium:100%;--awb-order-medium:0;--awb-spacing-right-medium:1.92%;--awb-spacing-left-medium:1.92%;--awb-width-small:100%;--awb-order-small:0;--awb-spacing-right-small:1.92%;--awb-spacing-left-small:1.92%;\"><div class=\"fusion-column-wrapper fusion-column-has-shadow fusion-flex-justify-content-flex-start fusion-content-layout-column\"><div class=\"fusion-woo-product-grid fusion-product-archive fusion-woo-product-grid-1\"><ul class=\"products products-5\"><li class=\"product type-product post-27089 status-publish first instock product_cat-software-de product_tag-d410x-de product_tag-d600-de product_tag-evoplus-de product_tag-evopwr-de product_tag-t300-de product_tag-t400-de product_tag-tatocolor-de has-post-thumbnail shipping-taxable product-type-simple product-grid-view\">\n\t<div class=\"fusion-product-wrapper\">\n\n<div class=\"fusion-clean-product-image-wrapper \">\n\t<div  class=\"fusion-image-wrapper fusion-image-size-fixed\" aria-haspopup=\"true\">\n\t\t\t\t\t\t\t<a href=\"https:\/\/www.corob.com\/de\/products\/software-de\/truecolor-2\/\" aria-label=\"TRUEcolor\">\n\t\t\t\t\t\t\t<img decoding=\"async\" width=\"500\" height=\"500\" src=\"https:\/\/www.corob.com\/wp-content\/uploads\/2019\/07\/TC-01-T.png\" class=\"attachment-woocommerce_thumbnail size-woocommerce_thumbnail wp-post-image\" alt=\"TRUEcolor icon small\" \/><div class=\"cart-loading\"><i class=\"awb-icon-spinner\" aria-hidden=\"true\"><\/i><\/div>\t\t\t<\/a>\n\t\t\t\t\t\t\t<\/div>\n<\/div>\n<div class=\"fusion-product-content\">\n\t<div class=\"product-details\">\n\t\t<div class=\"product-details-container\">\n<h3 class=\"product-title\">\n\t<a href=\"https:\/\/www.corob.com\/de\/products\/software-de\/truecolor-2\/\">\n\t\tTRUEcolor\t<\/a>\n<\/h3>\n<div class=\"fusion-price-rating\">\n\n\t\t<\/div>\n\t<\/div>\n<\/div>\n\n\t<\/div> \n\n\n<\/div>\n<\/li>\n<li class=\"product type-product post-27088 status-publish instock product_cat-software-de product_tag-evo1st-de product_tag-first1-tx-de product_tag-t100-de has-post-thumbnail shipping-taxable product-type-simple product-grid-view\">\n\t<div class=\"fusion-product-wrapper\">\n\n<div class=\"fusion-clean-product-image-wrapper \">\n\t<div  class=\"fusion-image-wrapper fusion-image-size-fixed\" aria-haspopup=\"true\">\n\t\t\t\t\t\t\t<a href=\"https:\/\/www.corob.com\/de\/products\/software-de\/touchtint\/\" aria-label=\"TOUCH&amp;TINT\">\n\t\t\t\t\t\t\t<img decoding=\"async\" width=\"500\" height=\"500\" src=\"https:\/\/www.corob.com\/wp-content\/uploads\/2019\/07\/TT-01-T.png\" class=\"attachment-woocommerce_thumbnail size-woocommerce_thumbnail wp-post-image\" alt=\"T&amp;T icon small\" \/><div class=\"cart-loading\"><i class=\"awb-icon-spinner\" aria-hidden=\"true\"><\/i><\/div>\t\t\t<\/a>\n\t\t\t\t\t\t\t<\/div>\n<\/div>\n<div class=\"fusion-product-content\">\n\t<div class=\"product-details\">\n\t\t<div class=\"product-details-container\">\n<h3 class=\"product-title\">\n\t<a href=\"https:\/\/www.corob.com\/de\/products\/software-de\/touchtint\/\">\n\t\tTOUCH&amp;TINT\t<\/a>\n<\/h3>\n<div class=\"fusion-price-rating\">\n\n\t\t<\/div>\n\t<\/div>\n<\/div>\n\n\t<\/div> \n\n\n<\/div>\n<\/li>\n<li class=\"product type-product post-27090 status-publish instock product_cat-software-de product_tag-d180-de product_tag-flex-100-de has-post-thumbnail shipping-taxable product-type-simple product-grid-view\">\n\t<div class=\"fusion-product-wrapper\">\n\n<div class=\"fusion-clean-product-image-wrapper \">\n\t<div  class=\"fusion-image-wrapper fusion-image-size-fixed\" aria-haspopup=\"true\">\n\t\t\t\t\t\t\t<a href=\"https:\/\/www.corob.com\/de\/products\/software-de\/easytint-2\/\" aria-label=\"EASYTINT\">\n\t\t\t\t\t\t\t<img decoding=\"async\" width=\"500\" height=\"500\" src=\"https:\/\/www.corob.com\/wp-content\/uploads\/2019\/07\/ET-01-T.png\" class=\"attachment-woocommerce_thumbnail size-woocommerce_thumbnail wp-post-image\" alt=\"EASYTINT icon small\" \/><div class=\"cart-loading\"><i class=\"awb-icon-spinner\" aria-hidden=\"true\"><\/i><\/div>\t\t\t<\/a>\n\t\t\t\t\t\t\t<\/div>\n<\/div>\n<div class=\"fusion-product-content\">\n\t<div class=\"product-details\">\n\t\t<div class=\"product-details-container\">\n<h3 class=\"product-title\">\n\t<a href=\"https:\/\/www.corob.com\/de\/products\/software-de\/easytint-2\/\">\n\t\tEASYTINT\t<\/a>\n<\/h3>\n<div class=\"fusion-price-rating\">\n\n\t\t<\/div>\n\t<\/div>\n<\/div>\n\n\t<\/div> \n\n\n<\/div>\n<\/li>\n<li class=\"product type-product post-27091 status-publish instock product_cat-software-de has-post-thumbnail shipping-taxable product-type-simple product-grid-view\">\n\t<div class=\"fusion-product-wrapper\">\n\n<div class=\"fusion-clean-product-image-wrapper \">\n\t<div  class=\"fusion-image-wrapper fusion-image-size-fixed\" aria-haspopup=\"true\">\n\t\t\t\t\t\t\t<a href=\"https:\/\/www.corob.com\/de\/products\/software-de\/corob-cloud\/\" aria-label=\"COROB Cloud\">\n\t\t\t\t\t\t\t<img decoding=\"async\" width=\"500\" height=\"500\" src=\"https:\/\/www.corob.com\/wp-content\/uploads\/2019\/07\/CCloud-01-T.png\" class=\"attachment-woocommerce_thumbnail size-woocommerce_thumbnail wp-post-image\" alt=\"COROB cloud icon small\" \/><div class=\"cart-loading\"><i class=\"awb-icon-spinner\" aria-hidden=\"true\"><\/i><\/div>\t\t\t<\/a>\n\t\t\t\t\t\t\t<\/div>\n<\/div>\n<div class=\"fusion-product-content\">\n\t<div class=\"product-details\">\n\t\t<div class=\"product-details-container\">\n<h3 class=\"product-title\">\n\t<a href=\"https:\/\/www.corob.com\/de\/products\/software-de\/corob-cloud\/\">\n\t\tCOROB Cloud\t<\/a>\n<\/h3>\n<div class=\"fusion-price-rating\">\n\n\t\t<\/div>\n\t<\/div>\n<\/div>\n\n\t<\/div> \n\n\n<\/div>\n<\/li>\n<li class=\"product type-product post-26976 status-publish last instock product_cat-software-de has-post-thumbnail shipping-taxable product-type-simple product-grid-view\">\n\t<div class=\"fusion-product-wrapper\">\n\n<div class=\"fusion-clean-product-image-wrapper \">\n\t<div  class=\"fusion-image-wrapper fusion-image-size-fixed\" aria-haspopup=\"true\">\n\t\t\t\t\t\t\t<a href=\"https:\/\/www.corob.com\/de\/products\/software-de\/internet-of-corob\/\" aria-label=\"INTERNET OF COROB\">\n\t\t\t\t\t\t\t<img decoding=\"async\" width=\"500\" height=\"500\" src=\"https:\/\/www.corob.com\/wp-content\/uploads\/2019\/07\/IOC-01-T.png\" class=\"attachment-woocommerce_thumbnail size-woocommerce_thumbnail wp-post-image\" alt=\"IOC icon small\" \/><div class=\"cart-loading\"><i class=\"awb-icon-spinner\" aria-hidden=\"true\"><\/i><\/div>\t\t\t<\/a>\n\t\t\t\t\t\t\t<\/div>\n<\/div>\n<div class=\"fusion-product-content\">\n\t<div class=\"product-details\">\n\t\t<div class=\"product-details-container\">\n<h3 class=\"product-title\">\n\t<a href=\"https:\/\/www.corob.com\/de\/products\/software-de\/internet-of-corob\/\">\n\t\tINTERNET OF COROB\t<\/a>\n<\/h3>\n<div class=\"fusion-price-rating\">\n\n\t\t<\/div>\n\t<\/div>\n<\/div>\n\n\t<\/div> \n\n\n<\/div>\n<\/li>\n<li class=\"product type-product post-27092 status-publish first instock product_cat-novaflow-systeme product_cat-software-de has-post-thumbnail shipping-taxable product-type-simple product-grid-view\">\n\t<div class=\"fusion-product-wrapper\">\n\n<div class=\"fusion-clean-product-image-wrapper \">\n\t<div  class=\"fusion-image-wrapper fusion-image-size-fixed\" aria-haspopup=\"true\">\n\t\t\t\t\t\t\t<a href=\"https:\/\/www.corob.com\/de\/products\/software-de\/novablend-2\/\" aria-label=\"NOVABLEND\">\n\t\t\t\t\t\t\t<img decoding=\"async\" width=\"500\" height=\"500\" src=\"https:\/\/www.corob.com\/wp-content\/uploads\/2025\/05\/Novablend-Miniatura-1.png\" class=\"attachment-woocommerce_thumbnail size-woocommerce_thumbnail wp-post-image\" alt=\"NOVABLEND software icon\" \/><div class=\"cart-loading\"><i class=\"awb-icon-spinner\" aria-hidden=\"true\"><\/i><\/div>\t\t\t<\/a>\n\t\t\t\t\t\t\t<\/div>\n<\/div>\n<div class=\"fusion-product-content\">\n\t<div class=\"product-details\">\n\t\t<div class=\"product-details-container\">\n<h3 class=\"product-title\">\n\t<a href=\"https:\/\/www.corob.com\/de\/products\/software-de\/novablend-2\/\">\n\t\tNOVABLEND\t<\/a>\n<\/h3>\n<div class=\"fusion-price-rating\">\n\n\t\t<\/div>\n\t<\/div>\n<\/div>\n\n\t<\/div> \n\n\n<\/div>\n<\/li>\n<\/ul><div class=\"fusion-woo-product-grid-pagination fusion-clearfix\"><\/div><\/div><\/div><\/div><\/div><\/div><\/p>\n","protected":false},"excerpt":{"rendered":"","protected":false},"author":1,"featured_media":17572,"parent":23592,"menu_order":50,"comment_status":"closed","ping_status":"closed","template":"","meta":{"_acf_changed":false,"footnotes":""},"class_list":["post-25879","page","type-page","status-publish","has-post-thumbnail","hentry"],"acf":[],"yoast_head":"<!-- This site is optimized with the Yoast SEO plugin v25.5 - https:\/\/yoast.com\/wordpress\/plugins\/seo\/ -->\n<title>COROB cloudbasierte Abt\u00f6nungs-Software f\u00fcr Verkaufsstellen<\/title>\n<meta name=\"description\" content=\"Plattform\u00fcbergreifende Abt\u00f6nungssoftware mit Cloud-Zugriff zur Verwaltung von Dispensern und Arbeitsabl\u00e4ufen jederzeit und \u00fcberall.\" \/>\n<meta name=\"robots\" content=\"index, follow, max-snippet:-1, max-image-preview:large, max-video-preview:-1\" \/>\n<link rel=\"canonical\" href=\"https:\/\/www.corob.com\/de\/produkte\/software\/\" \/>\n<meta property=\"og:locale\" content=\"de_DE\" \/>\n<meta property=\"og:type\" content=\"article\" \/>\n<meta property=\"og:title\" content=\"COROB cloudbasierte Abt\u00f6nungs-Software f\u00fcr Verkaufsstellen\" \/>\n<meta property=\"og:description\" content=\"Plattform\u00fcbergreifende Abt\u00f6nungssoftware mit Cloud-Zugriff zur Verwaltung von Dispensern und Arbeitsabl\u00e4ufen jederzeit und \u00fcberall.\" \/>\n<meta property=\"og:url\" content=\"https:\/\/www.corob.com\/de\/produkte\/software\/\" \/>\n<meta property=\"og:site_name\" content=\"COROB\" \/>\n<meta property=\"article:modified_time\" content=\"2025-10-23T07:21:26+00:00\" \/>\n<meta property=\"og:image\" content=\"https:\/\/www.corob.com\/wp-content\/uploads\/2025\/05\/SOFTWARE-20.png\" \/>\n\t<meta property=\"og:image:width\" content=\"462\" \/>\n\t<meta property=\"og:image:height\" content=\"102\" \/>\n\t<meta property=\"og:image:type\" content=\"image\/png\" \/>\n<meta name=\"twitter:card\" content=\"summary_large_image\" \/>\n<meta name=\"twitter:label1\" content=\"Gesch\u00e4tzte Lesezeit\" \/>\n\t<meta name=\"twitter:data1\" content=\"8\u00a0Minuten\" \/>\n<script type=\"application\/ld+json\" class=\"yoast-schema-graph\">{\"@context\":\"https:\/\/schema.org\",\"@graph\":[{\"@type\":\"WebPage\",\"@id\":\"https:\/\/www.corob.com\/de\/produkte\/software\/\",\"url\":\"https:\/\/www.corob.com\/de\/produkte\/software\/\",\"name\":\"COROB cloudbasierte Abt\u00f6nungs-Software f\u00fcr Verkaufsstellen\",\"isPartOf\":{\"@id\":\"https:\/\/www.corob.com\/de\/#website\"},\"primaryImageOfPage\":{\"@id\":\"https:\/\/www.corob.com\/de\/produkte\/software\/#primaryimage\"},\"image\":{\"@id\":\"https:\/\/www.corob.com\/de\/produkte\/software\/#primaryimage\"},\"thumbnailUrl\":\"https:\/\/www.corob.com\/wp-content\/uploads\/2025\/05\/SOFTWARE-20.png\",\"datePublished\":\"2025-10-23T07:21:25+00:00\",\"dateModified\":\"2025-10-23T07:21:26+00:00\",\"description\":\"Plattform\u00fcbergreifende Abt\u00f6nungssoftware mit Cloud-Zugriff zur Verwaltung von Dispensern und Arbeitsabl\u00e4ufen jederzeit und \u00fcberall.\",\"breadcrumb\":{\"@id\":\"https:\/\/www.corob.com\/de\/produkte\/software\/#breadcrumb\"},\"inLanguage\":\"de\",\"potentialAction\":[{\"@type\":\"ReadAction\",\"target\":[\"https:\/\/www.corob.com\/de\/produkte\/software\/\"]}]},{\"@type\":\"ImageObject\",\"inLanguage\":\"de\",\"@id\":\"https:\/\/www.corob.com\/de\/produkte\/software\/#primaryimage\",\"url\":\"https:\/\/www.corob.com\/wp-content\/uploads\/2025\/05\/SOFTWARE-20.png\",\"contentUrl\":\"https:\/\/www.corob.com\/wp-content\/uploads\/2025\/05\/SOFTWARE-20.png\",\"width\":462,\"height\":102,\"caption\":\"COROB SOFTWARE LOGO-20\"},{\"@type\":\"BreadcrumbList\",\"@id\":\"https:\/\/www.corob.com\/de\/produkte\/software\/#breadcrumb\",\"itemListElement\":[{\"@type\":\"ListItem\",\"position\":1,\"name\":\"Home\",\"item\":\"https:\/\/www.corob.com\/de\/\"},{\"@type\":\"ListItem\",\"position\":2,\"name\":\"PRODUKTE\",\"item\":\"https:\/\/www.corob.com\/de\/produkte\/\"},{\"@type\":\"ListItem\",\"position\":3,\"name\":\"SOFTWARE\"}]},{\"@type\":\"WebSite\",\"@id\":\"https:\/\/www.corob.com\/de\/#website\",\"url\":\"https:\/\/www.corob.com\/de\/\",\"name\":\"COROB\",\"description\":\"High-tech dispensing and mixing solutions for paints and coatings systems\",\"publisher\":{\"@id\":\"https:\/\/www.corob.com\/de\/#organization\"},\"potentialAction\":[{\"@type\":\"SearchAction\",\"target\":{\"@type\":\"EntryPoint\",\"urlTemplate\":\"https:\/\/www.corob.com\/de\/?s={search_term_string}\"},\"query-input\":{\"@type\":\"PropertyValueSpecification\",\"valueRequired\":true,\"valueName\":\"search_term_string\"}}],\"inLanguage\":\"de\"},{\"@type\":\"Organization\",\"@id\":\"https:\/\/www.corob.com\/de\/#organization\",\"name\":\"COROB\",\"url\":\"https:\/\/www.corob.com\/de\/\",\"logo\":{\"@type\":\"ImageObject\",\"inLanguage\":\"de\",\"@id\":\"https:\/\/www.corob.com\/de\/#\/schema\/logo\/image\/\",\"url\":\"https:\/\/www.corob.com\/wp-content\/uploads\/2020\/01\/COROB-240.png\",\"contentUrl\":\"https:\/\/www.corob.com\/wp-content\/uploads\/2020\/01\/COROB-240.png\",\"width\":240,\"height\":73,\"caption\":\"COROB\"},\"image\":{\"@id\":\"https:\/\/www.corob.com\/de\/#\/schema\/logo\/image\/\"},\"sameAs\":[\"https:\/\/www.linkedin.com\/company\/corob\/\",\"https:\/\/www.youtube.com\/channel\/UCxnFt4FEhuhdm87NAb27qBQ\"]}]}<\/script>\n<!-- \/ Yoast SEO plugin. -->","yoast_head_json":{"title":"COROB cloudbasierte Abt\u00f6nungs-Software f\u00fcr Verkaufsstellen","description":"Plattform\u00fcbergreifende Abt\u00f6nungssoftware mit Cloud-Zugriff zur Verwaltung von Dispensern und Arbeitsabl\u00e4ufen jederzeit und \u00fcberall.","robots":{"index":"index","follow":"follow","max-snippet":"max-snippet:-1","max-image-preview":"max-image-preview:large","max-video-preview":"max-video-preview:-1"},"canonical":"https:\/\/www.corob.com\/de\/produkte\/software\/","og_locale":"de_DE","og_type":"article","og_title":"COROB cloudbasierte Abt\u00f6nungs-Software f\u00fcr Verkaufsstellen","og_description":"Plattform\u00fcbergreifende Abt\u00f6nungssoftware mit Cloud-Zugriff zur Verwaltung von Dispensern und Arbeitsabl\u00e4ufen jederzeit und \u00fcberall.","og_url":"https:\/\/www.corob.com\/de\/produkte\/software\/","og_site_name":"COROB","article_modified_time":"2025-10-23T07:21:26+00:00","og_image":[{"width":462,"height":102,"url":"https:\/\/www.corob.com\/wp-content\/uploads\/2025\/05\/SOFTWARE-20.png","type":"image\/png"}],"twitter_card":"summary_large_image","twitter_misc":{"Gesch\u00e4tzte Lesezeit":"8\u00a0Minuten"},"schema":{"@context":"https:\/\/schema.org","@graph":[{"@type":"WebPage","@id":"https:\/\/www.corob.com\/de\/produkte\/software\/","url":"https:\/\/www.corob.com\/de\/produkte\/software\/","name":"COROB cloudbasierte Abt\u00f6nungs-Software f\u00fcr Verkaufsstellen","isPartOf":{"@id":"https:\/\/www.corob.com\/de\/#website"},"primaryImageOfPage":{"@id":"https:\/\/www.corob.com\/de\/produkte\/software\/#primaryimage"},"image":{"@id":"https:\/\/www.corob.com\/de\/produkte\/software\/#primaryimage"},"thumbnailUrl":"https:\/\/www.corob.com\/wp-content\/uploads\/2025\/05\/SOFTWARE-20.png","datePublished":"2025-10-23T07:21:25+00:00","dateModified":"2025-10-23T07:21:26+00:00","description":"Plattform\u00fcbergreifende Abt\u00f6nungssoftware mit Cloud-Zugriff zur Verwaltung von Dispensern und Arbeitsabl\u00e4ufen jederzeit und \u00fcberall.","breadcrumb":{"@id":"https:\/\/www.corob.com\/de\/produkte\/software\/#breadcrumb"},"inLanguage":"de","potentialAction":[{"@type":"ReadAction","target":["https:\/\/www.corob.com\/de\/produkte\/software\/"]}]},{"@type":"ImageObject","inLanguage":"de","@id":"https:\/\/www.corob.com\/de\/produkte\/software\/#primaryimage","url":"https:\/\/www.corob.com\/wp-content\/uploads\/2025\/05\/SOFTWARE-20.png","contentUrl":"https:\/\/www.corob.com\/wp-content\/uploads\/2025\/05\/SOFTWARE-20.png","width":462,"height":102,"caption":"COROB SOFTWARE LOGO-20"},{"@type":"BreadcrumbList","@id":"https:\/\/www.corob.com\/de\/produkte\/software\/#breadcrumb","itemListElement":[{"@type":"ListItem","position":1,"name":"Home","item":"https:\/\/www.corob.com\/de\/"},{"@type":"ListItem","position":2,"name":"PRODUKTE","item":"https:\/\/www.corob.com\/de\/produkte\/"},{"@type":"ListItem","position":3,"name":"SOFTWARE"}]},{"@type":"WebSite","@id":"https:\/\/www.corob.com\/de\/#website","url":"https:\/\/www.corob.com\/de\/","name":"COROB","description":"High-tech dispensing and mixing solutions for paints and coatings systems","publisher":{"@id":"https:\/\/www.corob.com\/de\/#organization"},"potentialAction":[{"@type":"SearchAction","target":{"@type":"EntryPoint","urlTemplate":"https:\/\/www.corob.com\/de\/?s={search_term_string}"},"query-input":{"@type":"PropertyValueSpecification","valueRequired":true,"valueName":"search_term_string"}}],"inLanguage":"de"},{"@type":"Organization","@id":"https:\/\/www.corob.com\/de\/#organization","name":"COROB","url":"https:\/\/www.corob.com\/de\/","logo":{"@type":"ImageObject","inLanguage":"de","@id":"https:\/\/www.corob.com\/de\/#\/schema\/logo\/image\/","url":"https:\/\/www.corob.com\/wp-content\/uploads\/2020\/01\/COROB-240.png","contentUrl":"https:\/\/www.corob.com\/wp-content\/uploads\/2020\/01\/COROB-240.png","width":240,"height":73,"caption":"COROB"},"image":{"@id":"https:\/\/www.corob.com\/de\/#\/schema\/logo\/image\/"},"sameAs":["https:\/\/www.linkedin.com\/company\/corob\/","https:\/\/www.youtube.com\/channel\/UCxnFt4FEhuhdm87NAb27qBQ"]}]}},"_links":{"self":[{"href":"https:\/\/www.corob.com\/de\/wp-json\/wp\/v2\/pages\/25879","targetHints":{"allow":["GET"]}}],"collection":[{"href":"https:\/\/www.corob.com\/de\/wp-json\/wp\/v2\/pages"}],"about":[{"href":"https:\/\/www.corob.com\/de\/wp-json\/wp\/v2\/types\/page"}],"author":[{"embeddable":true,"href":"https:\/\/www.corob.com\/de\/wp-json\/wp\/v2\/users\/1"}],"replies":[{"embeddable":true,"href":"https:\/\/www.corob.com\/de\/wp-json\/wp\/v2\/comments?post=25879"}],"version-history":[{"count":2,"href":"https:\/\/www.corob.com\/de\/wp-json\/wp\/v2\/pages\/25879\/revisions"}],"predecessor-version":[{"id":25881,"href":"https:\/\/www.corob.com\/de\/wp-json\/wp\/v2\/pages\/25879\/revisions\/25881"}],"up":[{"embeddable":true,"href":"https:\/\/www.corob.com\/de\/wp-json\/wp\/v2\/pages\/23592"}],"wp:featuredmedia":[{"embeddable":true,"href":"https:\/\/www.corob.com\/de\/wp-json\/wp\/v2\/media\/17572"}],"wp:attachment":[{"href":"https:\/\/www.corob.com\/de\/wp-json\/wp\/v2\/media?parent=25879"}],"curies":[{"name":"wp","href":"https:\/\/api.w.org\/{rel}","templated":true}]}}