{"id":25888,"date":"2025-10-23T09:30:11","date_gmt":"2025-10-23T09:30:11","guid":{"rendered":"https:\/\/www.corob.com\/produkte\/novaflow-systeme\/"},"modified":"2025-10-23T09:30:11","modified_gmt":"2025-10-23T09:30:11","slug":"novaflow-systeme","status":"publish","type":"page","link":"https:\/\/www.corob.com\/de\/produkte\/novaflow-systeme\/","title":{"rendered":"NOVAFLOW-SYSTEME"},"content":{"rendered":"<p><div class=\"fusion-fullwidth fullwidth-box fusion-builder-row-1 nonhundred-percent-fullwidth non-hundred-percent-height-scrolling\" style=\"--awb-border-radius-top-left:0px;--awb-border-radius-top-right:0px;--awb-border-radius-bottom-right:0px;--awb-border-radius-bottom-left:0px;--awb-flex-wrap:wrap;\" ><div class=\"fusion-builder-row fusion-row\"><div class=\"fusion-layout-column fusion_builder_column fusion-builder-column-0 fusion_builder_column_1_1 1_1 fusion-one-full fusion-column-first fusion-column-last\" style=\"--awb-bg-size:cover;\"><div class=\"fusion-column-wrapper fusion-column-has-shadow fusion-flex-column-wrapper-legacy\"><div class=\"fusion-title title fusion-title-1 fusion-sep-none fusion-title-text fusion-title-size-one\" style=\"--awb-text-color:var(--awb-color7);--awb-margin-bottom:20px;--awb-font-size:36px;\"><h1 class=\"fusion-title-heading title-heading-left fusion-responsive-typography-calculated\" style=\"font-family:&quot;Source Sans 3&quot;;font-style:normal;font-weight:700;margin:0;font-size:1em;--fontSize:36;line-height:1;\">Maximale Flexibilit\u00e4t bei der gravimetrischen und gewichtsbasierten Dosierung<\/h1><\/div><div class=\"fusion-text fusion-text-1 fusion-text-no-margin\" style=\"--awb-margin-bottom:0px;\"><p>Die NOVAFLOW-Dosiersysteme bedienen seit 1992 verschiedene Branchen, darunter die Tinten-, Farben- und Chemieindustrie. Diese fortschrittlichen gravimetrischen Dosiersysteme bieten eine <strong>sichere, zuverl\u00e4ssige und kosteng\u00fcnstige L\u00f6sung<\/strong>, die die betriebliche Effizienz durch <strong>pr\u00e4zise, gewichtsbasierte Steuerung<\/strong> verbessert.<\/p>\n<\/div><div class=\"accordian fusion-accordian\" style=\"margin-bottom:30px;--awb-margin-bottom:30px;--awb-padding-top:0px;--awb-border-size:0px;--awb-icon-size:13px;--awb-content-font-size:20px;--awb-icon-alignment:left;--awb-hover-color:#f9f9f9;--awb-border-color:#cccccc;--awb-background-color:#ffffff;--awb-divider-color:#dddddd;--awb-divider-hover-color:#dddddd;--awb-icon-color:var(--awb-color7);--awb-title-color:var(--awb-color8);--awb-content-color:#444444;--awb-icon-box-color:var(--awb-custom_color_11);--awb-toggle-hover-accent-color:#000000;--awb-toggle-active-accent-color:var(--awb-color7);--awb-title-font-family:&quot;Source Sans 3&quot;;--awb-title-font-weight:regular;--awb-title-font-style:normal;--awb-title-font-size:20px;--awb-content-font-family:&quot;Source Sans 3&quot;;--awb-content-font-style:normal;--awb-content-font-weight:400;\"><div class=\"panel-group fusion-toggle-icon-unboxed\" id=\"accordion-25888-1\"><div class=\"fusion-panel panel-default panel-1489bc8d32ca30f2e fusion-toggle-no-divider\" style=\"--awb-title-color:#cf102d;\"><div class=\"panel-heading\"><h4 class=\"panel-title toggle\" id=\"toggle_1489bc8d32ca30f2e\"><a aria-expanded=\"false\" aria-controls=\"1489bc8d32ca30f2e\" role=\"button\" data-toggle=\"collapse\" data-parent=\"#accordion-25888-1\" data-target=\"#1489bc8d32ca30f2e\" href=\"#1489bc8d32ca30f2e\"><span class=\"fusion-toggle-icon-wrapper\" aria-hidden=\"true\"><i class=\"fa-fusion-box active-icon awb-icon-minus\" aria-hidden=\"true\"><\/i><i class=\"fa-fusion-box inactive-icon awb-icon-plus\" aria-hidden=\"true\"><\/i><\/span><span class=\"fusion-toggle-heading\">Mehr anzeigen<\/span><\/a><\/h4><\/div><div id=\"1489bc8d32ca30f2e\" class=\"panel-collapse collapse \" aria-labelledby=\"toggle_1489bc8d32ca30f2e\"><div class=\"panel-body toggle-content fusion-clearfix\">\n<div class=\"fusion-text fusion-text-1\">\n<h4><strong>Pr\u00e4zision und Effizienz in jeder Charge<\/strong><\/h4>\n<p>Kunden profitieren von einer genaueren Chargenfertigung mit gravimetrischer Technologie, wodurch Abfall erheblich reduziert und die Produktionskonsistenz verbessert wird. Ob f\u00fcr eine Druckerei, einen Farb- oder Lackhersteller oder jeden anderen Mischbetrieb, die gewichtsbasierten Systeme von NOVAFLOW gew\u00e4hrleisten jederzeit hochwertige Ergebnisse. <\/p>\n<h4><strong>Bedarfsgerechte Dosierung in jeder Gr\u00f6\u00dfenordnung<\/strong><\/h4>\n<p>Mit einem NOVAFLOW-System von COROB k\u00f6nnen Produkte bei Bedarf sowohl am Einsatzort als auch im Werk zubereitet werden. Diese gravimetrischen Farb- und Lackdosiersysteme unterst\u00fctzen eine Vielzahl von Produktionsumgebungen, von kleinen bis hin zu industriellen Anwendungen. <\/p>\n<h4><strong>Ma\u00dfgeschneiderte Hard- und Softwarel\u00f6sungen<\/strong><\/h4>\n<p>Unsere vielseitige Hard- und Software kann an spezifische Bed\u00fcrfnisse und Budgets in verschiedenen Anwendungen angepasst werden. COROB bietet gravimetrische NOVAFLOW-Systeme an, die von manuellen Einstiegsger\u00e4ten bis hin zu industriellen Gro\u00dfanlagen reichen und sowohl in Standard- als auch in explosionsgef\u00e4hrdeten Bereichen eingesetzt werden k\u00f6nnen. <\/p>\n<h4><strong>Unterst\u00fctzung f\u00fcr alle Mischanwendungen<\/strong><\/h4>\n<p>Ob Sie ein professioneller Hersteller von Beschichtungen, Farben oder Tinten, ein Spezialist f\u00fcr Mischanwendungen oder ein Druckexperte sind, NOVAFLOW-Systeme unterst\u00fctzen jede Phase Ihrer speziellen Mischanwendung. Diese gravimetrischen Systeme sind ideal zum Mischen, Vermengen und Abt\u00f6nen und eignen sich perfekt f\u00fcr Offset-, Flexo- und Hybridtechnologien. <\/p>\n<\/div>\n<\/div><\/div><\/div><\/div><\/div><div class=\"fusion-clearfix\"><\/div><\/div><\/div><\/div><\/div><div class=\"fusion-fullwidth fullwidth-box fusion-builder-row-2 fusion-flex-container has-pattern-background has-mask-background nonhundred-percent-fullwidth non-hundred-percent-height-scrolling\" style=\"--awb-border-radius-top-left:0px;--awb-border-radius-top-right:0px;--awb-border-radius-bottom-right:0px;--awb-border-radius-bottom-left:0px;--awb-flex-wrap:wrap;\" ><div class=\"fusion-builder-row fusion-row fusion-flex-align-items-flex-start fusion-flex-content-wrap\" style=\"max-width:1456px;margin-left: calc(-4% \/ 2 );margin-right: calc(-4% \/ 2 );\"><div class=\"fusion-layout-column fusion_builder_column fusion-builder-column-1 fusion_builder_column_1_1 1_1 fusion-flex-column\" style=\"--awb-bg-size:cover;--awb-width-large:100%;--awb-margin-top-large:0px;--awb-spacing-right-large:1.92%;--awb-margin-bottom-large:20px;--awb-spacing-left-large:1.92%;--awb-width-medium:100%;--awb-order-medium:0;--awb-spacing-right-medium:1.92%;--awb-spacing-left-medium:1.92%;--awb-width-small:100%;--awb-order-small:0;--awb-spacing-right-small:1.92%;--awb-spacing-left-small:1.92%;\"><div class=\"fusion-column-wrapper fusion-column-has-shadow fusion-flex-justify-content-flex-start fusion-content-layout-column\"><div class=\"fusion-woo-product-grid fusion-product-archive fusion-woo-product-grid-1\"><ul class=\"products products-5\"><li class=\"product type-product post-27101 status-publish first instock product_cat-novaflow-systeme has-post-thumbnail shipping-taxable product-type-simple product-grid-view\">\n\t<div class=\"fusion-product-wrapper\">\n\n<div class=\"fusion-clean-product-image-wrapper \">\n\t<div  class=\"fusion-image-wrapper fusion-image-size-fixed\" aria-haspopup=\"true\">\n\t\t\t\t\t\t\t<a href=\"https:\/\/www.corob.com\/de\/products\/novaflow-systeme\/nova-2\/\" aria-label=\"NOVA+\">\n\t\t\t\t\t\t\t<img decoding=\"async\" width=\"500\" height=\"500\" src=\"https:\/\/www.corob.com\/wp-content\/uploads\/2025\/05\/NOVA_FixedHead-1.png\" class=\"attachment-woocommerce_thumbnail size-woocommerce_thumbnail wp-post-image\" alt=\"NOVAFLOW NOVA+ automatic weight-based dispenser\" \/><div class=\"cart-loading\"><i class=\"awb-icon-spinner\" aria-hidden=\"true\"><\/i><\/div>\t\t\t<\/a>\n\t\t\t\t\t\t\t<\/div>\n<\/div>\n<div class=\"fusion-product-content\">\n\t<div class=\"product-details\">\n\t\t<div class=\"product-details-container\">\n<h3 class=\"product-title\">\n\t<a href=\"https:\/\/www.corob.com\/de\/products\/novaflow-systeme\/nova-2\/\">\n\t\tNOVA+\t<\/a>\n<\/h3>\n<div class=\"fusion-price-rating\">\n\n\t\t<\/div>\n\t<\/div>\n<\/div>\n\n\t<\/div> \n\n\n<\/div>\n<\/li>\n<li class=\"product type-product post-27100 status-publish instock product_cat-novaflow-systeme has-post-thumbnail shipping-taxable product-type-simple product-grid-view\">\n\t<div class=\"fusion-product-wrapper\">\n\n<div class=\"fusion-clean-product-image-wrapper \">\n\t<div  class=\"fusion-image-wrapper fusion-image-size-fixed\" aria-haspopup=\"true\">\n\t\t\t\t\t\t\t<a href=\"https:\/\/www.corob.com\/de\/products\/novaflow-systeme\/n15b-2\/\" aria-label=\"N15B\">\n\t\t\t\t\t\t\t<img decoding=\"async\" width=\"500\" height=\"500\" src=\"https:\/\/www.corob.com\/wp-content\/uploads\/2025\/05\/N15B-2.png\" class=\"attachment-woocommerce_thumbnail size-woocommerce_thumbnail wp-post-image\" alt=\"NOVAFLOW N15B automatic weight-based dispenser\" \/><div class=\"cart-loading\"><i class=\"awb-icon-spinner\" aria-hidden=\"true\"><\/i><\/div>\t\t\t<\/a>\n\t\t\t\t\t\t\t<\/div>\n<\/div>\n<div class=\"fusion-product-content\">\n\t<div class=\"product-details\">\n\t\t<div class=\"product-details-container\">\n<h3 class=\"product-title\">\n\t<a href=\"https:\/\/www.corob.com\/de\/products\/novaflow-systeme\/n15b-2\/\">\n\t\tN15B\t<\/a>\n<\/h3>\n<div class=\"fusion-price-rating\">\n\n\t\t<\/div>\n\t<\/div>\n<\/div>\n\n\t<\/div> \n\n\n<\/div>\n<\/li>\n<li class=\"product type-product post-27099 status-publish instock product_cat-novaflow-systeme has-post-thumbnail shipping-taxable product-type-simple product-grid-view\">\n\t<div class=\"fusion-product-wrapper\">\n\n<div class=\"fusion-clean-product-image-wrapper \">\n\t<div  class=\"fusion-image-wrapper fusion-image-size-fixed\" aria-haspopup=\"true\">\n\t\t\t\t\t\t\t<a href=\"https:\/\/www.corob.com\/de\/products\/novaflow-systeme\/n15j-2\/\" aria-label=\"N15J\">\n\t\t\t\t\t\t\t<img decoding=\"async\" width=\"500\" height=\"500\" src=\"https:\/\/www.corob.com\/wp-content\/uploads\/2025\/05\/N15J-1.png\" class=\"attachment-woocommerce_thumbnail size-woocommerce_thumbnail wp-post-image\" alt=\"NOVAFLOW N15J automatic weight-based dispenser\" \/><div class=\"cart-loading\"><i class=\"awb-icon-spinner\" aria-hidden=\"true\"><\/i><\/div>\t\t\t<\/a>\n\t\t\t\t\t\t\t<\/div>\n<\/div>\n<div class=\"fusion-product-content\">\n\t<div class=\"product-details\">\n\t\t<div class=\"product-details-container\">\n<h3 class=\"product-title\">\n\t<a href=\"https:\/\/www.corob.com\/de\/products\/novaflow-systeme\/n15j-2\/\">\n\t\tN15J\t<\/a>\n<\/h3>\n<div class=\"fusion-price-rating\">\n\n\t\t<\/div>\n\t<\/div>\n<\/div>\n\n\t<\/div> \n\n\n<\/div>\n<\/li>\n<li class=\"product type-product post-27098 status-publish instock product_cat-novaflow-systeme has-post-thumbnail shipping-taxable product-type-simple product-grid-view\">\n\t<div class=\"fusion-product-wrapper\">\n\n<div class=\"fusion-clean-product-image-wrapper \">\n\t<div  class=\"fusion-image-wrapper fusion-image-size-fixed\" aria-haspopup=\"true\">\n\t\t\t\t\t\t\t<a href=\"https:\/\/www.corob.com\/de\/products\/novaflow-systeme\/n10\/\" aria-label=\"N10\">\n\t\t\t\t\t\t\t<img decoding=\"async\" width=\"500\" height=\"500\" src=\"https:\/\/www.corob.com\/wp-content\/uploads\/2020\/01\/N10S-2.png\" class=\"attachment-woocommerce_thumbnail size-woocommerce_thumbnail wp-post-image\" alt=\"NOVAFLOW N10S full-featured, manual formulation systems - frontal\" \/><div class=\"cart-loading\"><i class=\"awb-icon-spinner\" aria-hidden=\"true\"><\/i><\/div>\t\t\t<\/a>\n\t\t\t\t\t\t\t<\/div>\n<\/div>\n<div class=\"fusion-product-content\">\n\t<div class=\"product-details\">\n\t\t<div class=\"product-details-container\">\n<h3 class=\"product-title\">\n\t<a href=\"https:\/\/www.corob.com\/de\/products\/novaflow-systeme\/n10\/\">\n\t\tN10\t<\/a>\n<\/h3>\n<div class=\"fusion-price-rating\">\n\n\t\t<\/div>\n\t<\/div>\n<\/div>\n\n\t<\/div> \n\n\n<\/div>\n<\/li>\n<li class=\"product type-product post-27092 status-publish last instock product_cat-novaflow-systeme product_cat-software-de has-post-thumbnail shipping-taxable product-type-simple product-grid-view\">\n\t<div class=\"fusion-product-wrapper\">\n\n<div class=\"fusion-clean-product-image-wrapper \">\n\t<div  class=\"fusion-image-wrapper fusion-image-size-fixed\" aria-haspopup=\"true\">\n\t\t\t\t\t\t\t<a href=\"https:\/\/www.corob.com\/de\/products\/software-de\/novablend-2\/\" aria-label=\"NOVABLEND\">\n\t\t\t\t\t\t\t<img decoding=\"async\" width=\"500\" height=\"500\" src=\"https:\/\/www.corob.com\/wp-content\/uploads\/2025\/05\/Novablend-Miniatura-1.png\" class=\"attachment-woocommerce_thumbnail size-woocommerce_thumbnail wp-post-image\" alt=\"NOVABLEND software icon\" \/><div class=\"cart-loading\"><i class=\"awb-icon-spinner\" aria-hidden=\"true\"><\/i><\/div>\t\t\t<\/a>\n\t\t\t\t\t\t\t<\/div>\n<\/div>\n<div class=\"fusion-product-content\">\n\t<div class=\"product-details\">\n\t\t<div class=\"product-details-container\">\n<h3 class=\"product-title\">\n\t<a href=\"https:\/\/www.corob.com\/de\/products\/software-de\/novablend-2\/\">\n\t\tNOVABLEND\t<\/a>\n<\/h3>\n<div class=\"fusion-price-rating\">\n\n\t\t<\/div>\n\t<\/div>\n<\/div>\n\n\t<\/div> \n\n\n<\/div>\n<\/li>\n<\/ul><div class=\"fusion-woo-product-grid-pagination fusion-clearfix\"><\/div><\/div><\/div><\/div><\/div><\/div><\/p>\n","protected":false},"excerpt":{"rendered":"","protected":false},"author":1,"featured_media":17558,"parent":23592,"menu_order":40,"comment_status":"closed","ping_status":"closed","template":"","meta":{"_acf_changed":false,"footnotes":""},"class_list":["post-25888","page","type-page","status-publish","has-post-thumbnail","hentry"],"acf":[],"yoast_head":"<!-- This site is optimized with the Yoast SEO plugin v25.5 - https:\/\/yoast.com\/wordpress\/plugins\/seo\/ -->\n<title>NOVAFLOW \u2013 fortschrittliche, gravimetrische und gewichtsbasierte Dosiersysteme f\u00fcr Farben und Lacke<\/title>\n<meta name=\"description\" content=\"Flexible, gravimetrische und gewichtsbasierte Dosierung f\u00fcr die Farb-, Lack- und Chemieindustrie. NOVAFLOW bietet Pr\u00e4zision, Effizienz und Chargenkontrolle.\" \/>\n<meta name=\"robots\" content=\"index, follow, max-snippet:-1, max-image-preview:large, max-video-preview:-1\" \/>\n<link rel=\"canonical\" href=\"https:\/\/www.corob.com\/de\/produkte\/novaflow-systeme\/\" \/>\n<meta property=\"og:locale\" content=\"de_DE\" \/>\n<meta property=\"og:type\" content=\"article\" \/>\n<meta property=\"og:title\" content=\"NOVAFLOW \u2013 fortschrittliche, gravimetrische und gewichtsbasierte Dosiersysteme f\u00fcr Farben und Lacke\" \/>\n<meta property=\"og:description\" content=\"Flexible, gravimetrische und gewichtsbasierte Dosierung f\u00fcr die Farb-, Lack- und Chemieindustrie. NOVAFLOW bietet Pr\u00e4zision, Effizienz und Chargenkontrolle.\" \/>\n<meta property=\"og:url\" content=\"https:\/\/www.corob.com\/de\/produkte\/novaflow-systeme\/\" \/>\n<meta property=\"og:site_name\" content=\"COROB\" \/>\n<meta property=\"og:image\" content=\"https:\/\/www.corob.com\/wp-content\/uploads\/2025\/05\/NOVAFLOW-20.png\" \/>\n\t<meta property=\"og:image:width\" content=\"486\" \/>\n\t<meta property=\"og:image:height\" content=\"161\" \/>\n\t<meta property=\"og:image:type\" content=\"image\/png\" \/>\n<meta name=\"twitter:card\" content=\"summary_large_image\" \/>\n<meta name=\"twitter:label1\" content=\"Gesch\u00e4tzte Lesezeit\" \/>\n\t<meta name=\"twitter:data1\" content=\"10\u00a0Minuten\" \/>\n<script type=\"application\/ld+json\" class=\"yoast-schema-graph\">{\"@context\":\"https:\/\/schema.org\",\"@graph\":[{\"@type\":\"WebPage\",\"@id\":\"https:\/\/www.corob.com\/de\/produkte\/novaflow-systeme\/\",\"url\":\"https:\/\/www.corob.com\/de\/produkte\/novaflow-systeme\/\",\"name\":\"NOVAFLOW \u2013 fortschrittliche, gravimetrische und gewichtsbasierte Dosiersysteme f\u00fcr Farben und Lacke\",\"isPartOf\":{\"@id\":\"https:\/\/www.corob.com\/de\/#website\"},\"primaryImageOfPage\":{\"@id\":\"https:\/\/www.corob.com\/de\/produkte\/novaflow-systeme\/#primaryimage\"},\"image\":{\"@id\":\"https:\/\/www.corob.com\/de\/produkte\/novaflow-systeme\/#primaryimage\"},\"thumbnailUrl\":\"https:\/\/www.corob.com\/wp-content\/uploads\/2025\/05\/NOVAFLOW-20.png\",\"datePublished\":\"2025-10-23T09:30:11+00:00\",\"description\":\"Flexible, gravimetrische und gewichtsbasierte Dosierung f\u00fcr die Farb-, Lack- und Chemieindustrie. NOVAFLOW bietet Pr\u00e4zision, Effizienz und Chargenkontrolle.\",\"breadcrumb\":{\"@id\":\"https:\/\/www.corob.com\/de\/produkte\/novaflow-systeme\/#breadcrumb\"},\"inLanguage\":\"de\",\"potentialAction\":[{\"@type\":\"ReadAction\",\"target\":[\"https:\/\/www.corob.com\/de\/produkte\/novaflow-systeme\/\"]}]},{\"@type\":\"ImageObject\",\"inLanguage\":\"de\",\"@id\":\"https:\/\/www.corob.com\/de\/produkte\/novaflow-systeme\/#primaryimage\",\"url\":\"https:\/\/www.corob.com\/wp-content\/uploads\/2025\/05\/NOVAFLOW-20.png\",\"contentUrl\":\"https:\/\/www.corob.com\/wp-content\/uploads\/2025\/05\/NOVAFLOW-20.png\",\"width\":486,\"height\":161,\"caption\":\"COROB NOVAFLOW SYSTEMS LOGO-20\"},{\"@type\":\"BreadcrumbList\",\"@id\":\"https:\/\/www.corob.com\/de\/produkte\/novaflow-systeme\/#breadcrumb\",\"itemListElement\":[{\"@type\":\"ListItem\",\"position\":1,\"name\":\"Home\",\"item\":\"https:\/\/www.corob.com\/de\/\"},{\"@type\":\"ListItem\",\"position\":2,\"name\":\"PRODUKTE\",\"item\":\"https:\/\/www.corob.com\/de\/produkte\/\"},{\"@type\":\"ListItem\",\"position\":3,\"name\":\"NOVAFLOW-SYSTEME\"}]},{\"@type\":\"WebSite\",\"@id\":\"https:\/\/www.corob.com\/de\/#website\",\"url\":\"https:\/\/www.corob.com\/de\/\",\"name\":\"COROB\",\"description\":\"High-tech dispensing and mixing solutions for paints and coatings systems\",\"publisher\":{\"@id\":\"https:\/\/www.corob.com\/de\/#organization\"},\"potentialAction\":[{\"@type\":\"SearchAction\",\"target\":{\"@type\":\"EntryPoint\",\"urlTemplate\":\"https:\/\/www.corob.com\/de\/?s={search_term_string}\"},\"query-input\":{\"@type\":\"PropertyValueSpecification\",\"valueRequired\":true,\"valueName\":\"search_term_string\"}}],\"inLanguage\":\"de\"},{\"@type\":\"Organization\",\"@id\":\"https:\/\/www.corob.com\/de\/#organization\",\"name\":\"COROB\",\"url\":\"https:\/\/www.corob.com\/de\/\",\"logo\":{\"@type\":\"ImageObject\",\"inLanguage\":\"de\",\"@id\":\"https:\/\/www.corob.com\/de\/#\/schema\/logo\/image\/\",\"url\":\"https:\/\/www.corob.com\/wp-content\/uploads\/2020\/01\/COROB-240.png\",\"contentUrl\":\"https:\/\/www.corob.com\/wp-content\/uploads\/2020\/01\/COROB-240.png\",\"width\":240,\"height\":73,\"caption\":\"COROB\"},\"image\":{\"@id\":\"https:\/\/www.corob.com\/de\/#\/schema\/logo\/image\/\"},\"sameAs\":[\"https:\/\/www.linkedin.com\/company\/corob\/\",\"https:\/\/www.youtube.com\/channel\/UCxnFt4FEhuhdm87NAb27qBQ\"]}]}<\/script>\n<!-- \/ Yoast SEO plugin. -->","yoast_head_json":{"title":"NOVAFLOW \u2013 fortschrittliche, gravimetrische und gewichtsbasierte Dosiersysteme f\u00fcr Farben und Lacke","description":"Flexible, gravimetrische und gewichtsbasierte Dosierung f\u00fcr die Farb-, Lack- und Chemieindustrie. NOVAFLOW bietet Pr\u00e4zision, Effizienz und Chargenkontrolle.","robots":{"index":"index","follow":"follow","max-snippet":"max-snippet:-1","max-image-preview":"max-image-preview:large","max-video-preview":"max-video-preview:-1"},"canonical":"https:\/\/www.corob.com\/de\/produkte\/novaflow-systeme\/","og_locale":"de_DE","og_type":"article","og_title":"NOVAFLOW \u2013 fortschrittliche, gravimetrische und gewichtsbasierte Dosiersysteme f\u00fcr Farben und Lacke","og_description":"Flexible, gravimetrische und gewichtsbasierte Dosierung f\u00fcr die Farb-, Lack- und Chemieindustrie. NOVAFLOW bietet Pr\u00e4zision, Effizienz und Chargenkontrolle.","og_url":"https:\/\/www.corob.com\/de\/produkte\/novaflow-systeme\/","og_site_name":"COROB","og_image":[{"width":486,"height":161,"url":"https:\/\/www.corob.com\/wp-content\/uploads\/2025\/05\/NOVAFLOW-20.png","type":"image\/png"}],"twitter_card":"summary_large_image","twitter_misc":{"Gesch\u00e4tzte Lesezeit":"10\u00a0Minuten"},"schema":{"@context":"https:\/\/schema.org","@graph":[{"@type":"WebPage","@id":"https:\/\/www.corob.com\/de\/produkte\/novaflow-systeme\/","url":"https:\/\/www.corob.com\/de\/produkte\/novaflow-systeme\/","name":"NOVAFLOW \u2013 fortschrittliche, gravimetrische und gewichtsbasierte Dosiersysteme f\u00fcr Farben und Lacke","isPartOf":{"@id":"https:\/\/www.corob.com\/de\/#website"},"primaryImageOfPage":{"@id":"https:\/\/www.corob.com\/de\/produkte\/novaflow-systeme\/#primaryimage"},"image":{"@id":"https:\/\/www.corob.com\/de\/produkte\/novaflow-systeme\/#primaryimage"},"thumbnailUrl":"https:\/\/www.corob.com\/wp-content\/uploads\/2025\/05\/NOVAFLOW-20.png","datePublished":"2025-10-23T09:30:11+00:00","description":"Flexible, gravimetrische und gewichtsbasierte Dosierung f\u00fcr die Farb-, Lack- und Chemieindustrie. NOVAFLOW bietet Pr\u00e4zision, Effizienz und Chargenkontrolle.","breadcrumb":{"@id":"https:\/\/www.corob.com\/de\/produkte\/novaflow-systeme\/#breadcrumb"},"inLanguage":"de","potentialAction":[{"@type":"ReadAction","target":["https:\/\/www.corob.com\/de\/produkte\/novaflow-systeme\/"]}]},{"@type":"ImageObject","inLanguage":"de","@id":"https:\/\/www.corob.com\/de\/produkte\/novaflow-systeme\/#primaryimage","url":"https:\/\/www.corob.com\/wp-content\/uploads\/2025\/05\/NOVAFLOW-20.png","contentUrl":"https:\/\/www.corob.com\/wp-content\/uploads\/2025\/05\/NOVAFLOW-20.png","width":486,"height":161,"caption":"COROB NOVAFLOW SYSTEMS LOGO-20"},{"@type":"BreadcrumbList","@id":"https:\/\/www.corob.com\/de\/produkte\/novaflow-systeme\/#breadcrumb","itemListElement":[{"@type":"ListItem","position":1,"name":"Home","item":"https:\/\/www.corob.com\/de\/"},{"@type":"ListItem","position":2,"name":"PRODUKTE","item":"https:\/\/www.corob.com\/de\/produkte\/"},{"@type":"ListItem","position":3,"name":"NOVAFLOW-SYSTEME"}]},{"@type":"WebSite","@id":"https:\/\/www.corob.com\/de\/#website","url":"https:\/\/www.corob.com\/de\/","name":"COROB","description":"High-tech dispensing and mixing solutions for paints and coatings systems","publisher":{"@id":"https:\/\/www.corob.com\/de\/#organization"},"potentialAction":[{"@type":"SearchAction","target":{"@type":"EntryPoint","urlTemplate":"https:\/\/www.corob.com\/de\/?s={search_term_string}"},"query-input":{"@type":"PropertyValueSpecification","valueRequired":true,"valueName":"search_term_string"}}],"inLanguage":"de"},{"@type":"Organization","@id":"https:\/\/www.corob.com\/de\/#organization","name":"COROB","url":"https:\/\/www.corob.com\/de\/","logo":{"@type":"ImageObject","inLanguage":"de","@id":"https:\/\/www.corob.com\/de\/#\/schema\/logo\/image\/","url":"https:\/\/www.corob.com\/wp-content\/uploads\/2020\/01\/COROB-240.png","contentUrl":"https:\/\/www.corob.com\/wp-content\/uploads\/2020\/01\/COROB-240.png","width":240,"height":73,"caption":"COROB"},"image":{"@id":"https:\/\/www.corob.com\/de\/#\/schema\/logo\/image\/"},"sameAs":["https:\/\/www.linkedin.com\/company\/corob\/","https:\/\/www.youtube.com\/channel\/UCxnFt4FEhuhdm87NAb27qBQ"]}]}},"_links":{"self":[{"href":"https:\/\/www.corob.com\/de\/wp-json\/wp\/v2\/pages\/25888","targetHints":{"allow":["GET"]}}],"collection":[{"href":"https:\/\/www.corob.com\/de\/wp-json\/wp\/v2\/pages"}],"about":[{"href":"https:\/\/www.corob.com\/de\/wp-json\/wp\/v2\/types\/page"}],"author":[{"embeddable":true,"href":"https:\/\/www.corob.com\/de\/wp-json\/wp\/v2\/users\/1"}],"replies":[{"embeddable":true,"href":"https:\/\/www.corob.com\/de\/wp-json\/wp\/v2\/comments?post=25888"}],"version-history":[{"count":2,"href":"https:\/\/www.corob.com\/de\/wp-json\/wp\/v2\/pages\/25888\/revisions"}],"predecessor-version":[{"id":25890,"href":"https:\/\/www.corob.com\/de\/wp-json\/wp\/v2\/pages\/25888\/revisions\/25890"}],"up":[{"embeddable":true,"href":"https:\/\/www.corob.com\/de\/wp-json\/wp\/v2\/pages\/23592"}],"wp:featuredmedia":[{"embeddable":true,"href":"https:\/\/www.corob.com\/de\/wp-json\/wp\/v2\/media\/17558"}],"wp:attachment":[{"href":"https:\/\/www.corob.com\/de\/wp-json\/wp\/v2\/media?parent=25888"}],"curies":[{"name":"wp","href":"https:\/\/api.w.org\/{rel}","templated":true}]}}