{"id":25900,"date":"2025-10-23T09:35:35","date_gmt":"2025-10-23T09:35:35","guid":{"rendered":"https:\/\/www.corob.com\/produkte\/in-dosen-automatisierung\/"},"modified":"2025-10-23T09:35:35","modified_gmt":"2025-10-23T09:35:35","slug":"in-dosen-automatisierung","status":"publish","type":"page","link":"https:\/\/www.corob.com\/de\/produkte\/in-dosen-automatisierung\/","title":{"rendered":"IN-DOSEN-AUTOMATISIERUNG"},"content":{"rendered":"<p><div class=\"fusion-fullwidth fullwidth-box fusion-builder-row-1 nonhundred-percent-fullwidth non-hundred-percent-height-scrolling\" style=\"--awb-border-radius-top-left:0px;--awb-border-radius-top-right:0px;--awb-border-radius-bottom-right:0px;--awb-border-radius-bottom-left:0px;--awb-flex-wrap:wrap;\" ><div class=\"fusion-builder-row fusion-row\"><div class=\"fusion-layout-column fusion_builder_column fusion-builder-column-0 fusion_builder_column_1_1 1_1 fusion-one-full fusion-column-first fusion-column-last\" style=\"--awb-bg-size:cover;\"><div class=\"fusion-column-wrapper fusion-column-has-shadow fusion-flex-column-wrapper-legacy\"><div class=\"fusion-title title fusion-title-1 fusion-sep-none fusion-title-text fusion-title-size-one\" style=\"--awb-text-color:var(--awb-color7);--awb-margin-bottom:20px;--awb-font-size:36px;\"><h1 class=\"fusion-title-heading title-heading-left fusion-responsive-typography-calculated\" style=\"font-family:&quot;Source Sans 3&quot;;font-style:normal;font-weight:700;margin:0;font-size:1em;--fontSize:36;line-height:1;\">Steigern Sie die Produktivit\u00e4t mit In-Can-Automatisierungssystemen<\/h1><\/div><div class=\"fusion-text fusion-text-1 fusion-text-no-margin\" style=\"--awb-margin-bottom:0px;\"><p>Die COROB In-Can-Automatisierungssysteme f\u00fcr Fabriken und industrielle Anwendungen stellen die <strong>Technologie dar, die die Produktivit\u00e4t steigert<\/strong>. Das Know-how von COROB stellt sicher, dass jede L\u00f6sung auf die Betriebsziele und die Produktionseffizienz abgestimmt ist.<\/p>\n<\/div><div class=\"accordian fusion-accordian\" style=\"margin-bottom:30px;--awb-margin-bottom:30px;--awb-padding-top:0px;--awb-border-size:0px;--awb-icon-size:13px;--awb-content-font-size:20px;--awb-icon-alignment:left;--awb-hover-color:#f9f9f9;--awb-border-color:#cccccc;--awb-background-color:#ffffff;--awb-divider-color:#dddddd;--awb-divider-hover-color:#dddddd;--awb-icon-color:var(--awb-color7);--awb-title-color:var(--awb-color8);--awb-content-color:#444444;--awb-icon-box-color:var(--awb-custom_color_11);--awb-toggle-hover-accent-color:#000000;--awb-toggle-active-accent-color:var(--awb-color7);--awb-title-font-family:&quot;Source Sans 3&quot;;--awb-title-font-weight:regular;--awb-title-font-style:normal;--awb-title-font-size:20px;--awb-content-font-family:&quot;Source Sans 3&quot;;--awb-content-font-style:normal;--awb-content-font-weight:400;\"><div class=\"panel-group fusion-toggle-icon-unboxed\" id=\"accordion-25900-1\"><div class=\"fusion-panel panel-default panel-baf86987a95a6fc5d fusion-toggle-no-divider\" style=\"--awb-title-color:#cf102d;\"><div class=\"panel-heading\"><h4 class=\"panel-title toggle\" id=\"toggle_baf86987a95a6fc5d\"><a aria-expanded=\"false\" aria-controls=\"baf86987a95a6fc5d\" role=\"button\" data-toggle=\"collapse\" data-parent=\"#accordion-25900-1\" data-target=\"#baf86987a95a6fc5d\" href=\"#baf86987a95a6fc5d\"><span class=\"fusion-toggle-icon-wrapper\" aria-hidden=\"true\"><i class=\"fa-fusion-box active-icon awb-icon-minus\" aria-hidden=\"true\"><\/i><i class=\"fa-fusion-box inactive-icon awb-icon-plus\" aria-hidden=\"true\"><\/i><\/span><span class=\"fusion-toggle-heading\">Mehr anzeigen<\/span><\/a><\/h4><\/div><div id=\"baf86987a95a6fc5d\" class=\"panel-collapse collapse \" aria-labelledby=\"toggle_baf86987a95a6fc5d\"><div class=\"panel-body toggle-content fusion-clearfix\">\n<div class=\"fusion-text fusion-text-1\">\n<h4><strong>Integrierte Systeme f\u00fcr die Fabrikautomatisierung<\/strong><\/h4>\n<p>COROB entwickelt und produziert integrierte Systeme, um Ihr Gesch\u00e4ft zu automatisieren und zu verbessern, was die profitable Herstellung gro\u00dfer und kleiner Chargen sowie ma\u00dfgeschneiderter get\u00f6nter Produkte erm\u00f6glicht.<\/p>\n<h4><strong>Flexible L\u00f6sungen f\u00fcr industrielle Anwendungen<\/strong><\/h4>\n<p>COROB-Produkte f\u00fcr die Fabrikautomatisierung sind als eigenst\u00e4ndige Einheiten erh\u00e4ltlich oder k\u00f6nnen in komplexe automatisierte Anlagensysteme integriert werden. Diese L\u00f6sungen sind auf die Kundenanforderungen hinsichtlich Layout, Produktivit\u00e4t und Platzbedarf zugeschnitten. <\/p>\n<h4><strong>Ma\u00dfgeschneidertes Design und Expertenunterst\u00fctzung<\/strong><\/h4>\n<p>COROB stellt seine Experten zur Verf\u00fcgung, um mit Kunden zusammenzuarbeiten, die besten L\u00f6sungen zu definieren und Vorschl\u00e4ge zu unterbreiten, die allgemeine Layouts, \u00dcbersichten des Produktionsflusses und Arbeitsaufwandsch\u00e4tzungen umfassen.<\/p>\n<h4><strong>Anpassbare In-Can-Automatisierungssystemen<\/strong><\/h4>\n<p>COROB bietet eine gro\u00dfe Auswahl an anpassbaren Systemen und Produkten f\u00fcr die Gebinde-Automatisierung, die verschiedene Produktionsumgebungen und betriebliche Anforderungen unterst\u00fctzen.<\/p>\n<\/div>\n<\/div><\/div><\/div><\/div><\/div><div class=\"fusion-clearfix\"><\/div><\/div><\/div><\/div><\/div><div class=\"fusion-fullwidth fullwidth-box fusion-builder-row-2 fusion-flex-container has-pattern-background has-mask-background nonhundred-percent-fullwidth non-hundred-percent-height-scrolling\" style=\"--awb-border-radius-top-left:0px;--awb-border-radius-top-right:0px;--awb-border-radius-bottom-right:0px;--awb-border-radius-bottom-left:0px;--awb-flex-wrap:wrap;\" ><div class=\"fusion-builder-row fusion-row fusion-flex-align-items-flex-start fusion-flex-content-wrap\" style=\"max-width:1456px;margin-left: calc(-4% \/ 2 );margin-right: calc(-4% \/ 2 );\"><div class=\"fusion-layout-column fusion_builder_column fusion-builder-column-1 fusion_builder_column_1_1 1_1 fusion-flex-column\" style=\"--awb-bg-size:cover;--awb-width-large:100%;--awb-margin-top-large:0px;--awb-spacing-right-large:1.92%;--awb-margin-bottom-large:20px;--awb-spacing-left-large:1.92%;--awb-width-medium:100%;--awb-order-medium:0;--awb-spacing-right-medium:1.92%;--awb-spacing-left-medium:1.92%;--awb-width-small:100%;--awb-order-small:0;--awb-spacing-right-small:1.92%;--awb-spacing-left-small:1.92%;\"><div class=\"fusion-column-wrapper fusion-column-has-shadow fusion-flex-justify-content-flex-start fusion-content-layout-column\"><div class=\"fusion-woo-product-grid fusion-product-archive fusion-woo-product-grid-1\"><ul class=\"products products-5\"><li class=\"product type-product post-27139 status-publish first instock product_cat-in-can-automatisierung has-post-thumbnail shipping-taxable product-type-simple product-grid-view\">\n\t<div class=\"fusion-product-wrapper\">\n\n<div class=\"fusion-clean-product-image-wrapper \">\n\t<div  class=\"fusion-image-wrapper fusion-image-size-fixed\" aria-haspopup=\"true\">\n\t\t\t\t\t\t\t<a href=\"https:\/\/www.corob.com\/de\/products\/in-can-automatisierung\/automatische-in-gebinde-produktionslinie\/\" aria-label=\"AUTOMATISCHE IN-CAN PRODUKTIONSLINIE\">\n\t\t\t\t\t\t\t<img decoding=\"async\" width=\"500\" height=\"500\" src=\"https:\/\/www.corob.com\/wp-content\/uploads\/2020\/01\/IN-CAN-production-line.png\" class=\"attachment-woocommerce_thumbnail size-woocommerce_thumbnail wp-post-image\" alt=\"IN-CAN production line\" \/><div class=\"cart-loading\"><i class=\"awb-icon-spinner\" aria-hidden=\"true\"><\/i><\/div>\t\t\t<\/a>\n\t\t\t\t\t\t\t<\/div>\n<\/div>\n<div class=\"fusion-product-content\">\n\t<div class=\"product-details\">\n\t\t<div class=\"product-details-container\">\n<h3 class=\"product-title\">\n\t<a href=\"https:\/\/www.corob.com\/de\/products\/in-can-automatisierung\/automatische-in-gebinde-produktionslinie\/\">\n\t\tAUTOMATISCHE IN-CAN PRODUKTIONSLINIE\t<\/a>\n<\/h3>\n<div class=\"fusion-price-rating\">\n\n\t\t<\/div>\n\t<\/div>\n<\/div>\n\n\t<\/div> \n\n\n<\/div>\n<\/li>\n<li class=\"product type-product post-27134 status-publish instock product_cat-in-can-automatisierung has-post-thumbnail shipping-taxable product-type-simple product-grid-view\">\n\t<div class=\"fusion-product-wrapper\">\n\n<div class=\"fusion-clean-product-image-wrapper \">\n\t<div  class=\"fusion-image-wrapper fusion-image-size-fixed\" aria-haspopup=\"true\">\n\t\t\t\t\t\t\t<a href=\"https:\/\/www.corob.com\/de\/products\/in-can-automatisierung\/modula\/\" aria-label=\"MODULA\">\n\t\t\t\t\t\t\t<img decoding=\"async\" width=\"500\" height=\"500\" src=\"https:\/\/www.corob.com\/wp-content\/uploads\/2020\/01\/Modula.png\" class=\"attachment-woocommerce_thumbnail size-woocommerce_thumbnail wp-post-image\" alt=\"Modula high productivity dispenser\" \/><div class=\"cart-loading\"><i class=\"awb-icon-spinner\" aria-hidden=\"true\"><\/i><\/div>\t\t\t<\/a>\n\t\t\t\t\t\t\t<\/div>\n<\/div>\n<div class=\"fusion-product-content\">\n\t<div class=\"product-details\">\n\t\t<div class=\"product-details-container\">\n<h3 class=\"product-title\">\n\t<a href=\"https:\/\/www.corob.com\/de\/products\/in-can-automatisierung\/modula\/\">\n\t\tMODULA\t<\/a>\n<\/h3>\n<div class=\"fusion-price-rating\">\n\n\t\t<\/div>\n\t<\/div>\n<\/div>\n\n\t<\/div> \n\n\n<\/div>\n<\/li>\n<li class=\"product type-product post-27132 status-publish instock product_cat-in-can-automatisierung has-post-thumbnail shipping-taxable product-type-simple product-grid-view\">\n\t<div class=\"fusion-product-wrapper\">\n\n<div class=\"fusion-clean-product-image-wrapper \">\n\t<div  class=\"fusion-image-wrapper fusion-image-size-fixed\" aria-haspopup=\"true\">\n\t\t\t\t\t\t\t<a href=\"https:\/\/www.corob.com\/de\/products\/in-can-automatisierung\/mischstation-ms-rg\/\" aria-label=\"MISCHSTATION MS-RG\">\n\t\t\t\t\t\t\t<img decoding=\"async\" width=\"500\" height=\"500\" src=\"https:\/\/www.corob.com\/wp-content\/uploads\/2020\/01\/Mixing-Station-MS-RG.png\" class=\"attachment-woocommerce_thumbnail size-woocommerce_thumbnail wp-post-image\" alt=\"MIXING STATION MS-RG fully automated mixing solution\" \/><div class=\"cart-loading\"><i class=\"awb-icon-spinner\" aria-hidden=\"true\"><\/i><\/div>\t\t\t<\/a>\n\t\t\t\t\t\t\t<\/div>\n<\/div>\n<div class=\"fusion-product-content\">\n\t<div class=\"product-details\">\n\t\t<div class=\"product-details-container\">\n<h3 class=\"product-title\">\n\t<a href=\"https:\/\/www.corob.com\/de\/products\/in-can-automatisierung\/mischstation-ms-rg\/\">\n\t\tMISCHSTATION MS-RG\t<\/a>\n<\/h3>\n<div class=\"fusion-price-rating\">\n\n\t\t<\/div>\n\t<\/div>\n<\/div>\n\n\t<\/div> \n\n\n<\/div>\n<\/li>\n<li class=\"product type-product post-27133 status-publish instock product_cat-in-can-automatisierung has-post-thumbnail shipping-taxable product-type-simple product-grid-view\">\n\t<div class=\"fusion-product-wrapper\">\n\n<div class=\"fusion-clean-product-image-wrapper \">\n\t<div  class=\"fusion-image-wrapper fusion-image-size-fixed\" aria-haspopup=\"true\">\n\t\t\t\t\t\t\t<a href=\"https:\/\/www.corob.com\/de\/products\/in-can-automatisierung\/mischstation-ms-lg\/\" aria-label=\"MISCHSTATION MS-LG\">\n\t\t\t\t\t\t\t<img decoding=\"async\" width=\"500\" height=\"500\" src=\"https:\/\/www.corob.com\/wp-content\/uploads\/2020\/01\/Mixing-Station-MS-LG.png\" class=\"attachment-woocommerce_thumbnail size-woocommerce_thumbnail wp-post-image\" alt=\"Mixing Station MS-LG\" \/><div class=\"cart-loading\"><i class=\"awb-icon-spinner\" aria-hidden=\"true\"><\/i><\/div>\t\t\t<\/a>\n\t\t\t\t\t\t\t<\/div>\n<\/div>\n<div class=\"fusion-product-content\">\n\t<div class=\"product-details\">\n\t\t<div class=\"product-details-container\">\n<h3 class=\"product-title\">\n\t<a href=\"https:\/\/www.corob.com\/de\/products\/in-can-automatisierung\/mischstation-ms-lg\/\">\n\t\tMISCHSTATION MS-LG\t<\/a>\n<\/h3>\n<div class=\"fusion-price-rating\">\n\n\t\t<\/div>\n\t<\/div>\n<\/div>\n\n\t<\/div> \n\n\n<\/div>\n<\/li>\n<\/ul><div class=\"fusion-woo-product-grid-pagination fusion-clearfix\"><\/div><\/div><\/div><\/div><\/div><\/div><\/p>\n","protected":false},"excerpt":{"rendered":"","protected":false},"author":1,"featured_media":17544,"parent":23592,"menu_order":30,"comment_status":"closed","ping_status":"closed","template":"","meta":{"_acf_changed":false,"footnotes":""},"class_list":["post-25900","page","type-page","status-publish","has-post-thumbnail","hentry"],"acf":[],"yoast_head":"<!-- This site is optimized with the Yoast SEO plugin v25.5 - https:\/\/yoast.com\/wordpress\/plugins\/seo\/ -->\n<title>COROB In-Can-Automatisierungssystemen, die Ihre T\u00f6nungsproduktivit\u00e4t steigern<\/title>\n<meta name=\"description\" content=\"Entdecken Sie die In-Can-Automatisierungssystemen von COROB f\u00fcr die Fabrikautomatisierung \u2013 anpassbar, skalierbar und f\u00fcr eine effiziente T\u00f6nungsproduktion konzipiert.\" \/>\n<meta name=\"robots\" content=\"index, follow, max-snippet:-1, max-image-preview:large, max-video-preview:-1\" \/>\n<link rel=\"canonical\" href=\"https:\/\/www.corob.com\/de\/produkte\/in-dosen-automatisierung\/\" \/>\n<meta property=\"og:locale\" content=\"de_DE\" \/>\n<meta property=\"og:type\" content=\"article\" \/>\n<meta property=\"og:title\" content=\"COROB In-Can-Automatisierungssystemen, die Ihre T\u00f6nungsproduktivit\u00e4t steigern\" \/>\n<meta property=\"og:description\" content=\"Entdecken Sie die In-Can-Automatisierungssystemen von COROB f\u00fcr die Fabrikautomatisierung \u2013 anpassbar, skalierbar und f\u00fcr eine effiziente T\u00f6nungsproduktion konzipiert.\" \/>\n<meta property=\"og:url\" content=\"https:\/\/www.corob.com\/de\/produkte\/in-dosen-automatisierung\/\" \/>\n<meta property=\"og:site_name\" content=\"COROB\" \/>\n<meta property=\"og:image\" content=\"https:\/\/www.corob.com\/wp-content\/uploads\/2025\/05\/IN-CAN-AUTOMATION-20.png\" \/>\n\t<meta property=\"og:image:width\" content=\"576\" \/>\n\t<meta property=\"og:image:height\" content=\"161\" \/>\n\t<meta property=\"og:image:type\" content=\"image\/png\" \/>\n<meta name=\"twitter:card\" content=\"summary_large_image\" \/>\n<meta name=\"twitter:label1\" content=\"Gesch\u00e4tzte Lesezeit\" \/>\n\t<meta name=\"twitter:data1\" content=\"10\u00a0Minuten\" \/>\n<script type=\"application\/ld+json\" class=\"yoast-schema-graph\">{\"@context\":\"https:\/\/schema.org\",\"@graph\":[{\"@type\":\"WebPage\",\"@id\":\"https:\/\/www.corob.com\/de\/produkte\/in-dosen-automatisierung\/\",\"url\":\"https:\/\/www.corob.com\/de\/produkte\/in-dosen-automatisierung\/\",\"name\":\"COROB In-Can-Automatisierungssystemen, die Ihre T\u00f6nungsproduktivit\u00e4t steigern\",\"isPartOf\":{\"@id\":\"https:\/\/www.corob.com\/de\/#website\"},\"primaryImageOfPage\":{\"@id\":\"https:\/\/www.corob.com\/de\/produkte\/in-dosen-automatisierung\/#primaryimage\"},\"image\":{\"@id\":\"https:\/\/www.corob.com\/de\/produkte\/in-dosen-automatisierung\/#primaryimage\"},\"thumbnailUrl\":\"https:\/\/www.corob.com\/wp-content\/uploads\/2025\/05\/IN-CAN-AUTOMATION-20.png\",\"datePublished\":\"2025-10-23T09:35:35+00:00\",\"description\":\"Entdecken Sie die In-Can-Automatisierungssystemen von COROB f\u00fcr die Fabrikautomatisierung \u2013 anpassbar, skalierbar und f\u00fcr eine effiziente T\u00f6nungsproduktion konzipiert.\",\"breadcrumb\":{\"@id\":\"https:\/\/www.corob.com\/de\/produkte\/in-dosen-automatisierung\/#breadcrumb\"},\"inLanguage\":\"de\",\"potentialAction\":[{\"@type\":\"ReadAction\",\"target\":[\"https:\/\/www.corob.com\/de\/produkte\/in-dosen-automatisierung\/\"]}]},{\"@type\":\"ImageObject\",\"inLanguage\":\"de\",\"@id\":\"https:\/\/www.corob.com\/de\/produkte\/in-dosen-automatisierung\/#primaryimage\",\"url\":\"https:\/\/www.corob.com\/wp-content\/uploads\/2025\/05\/IN-CAN-AUTOMATION-20.png\",\"contentUrl\":\"https:\/\/www.corob.com\/wp-content\/uploads\/2025\/05\/IN-CAN-AUTOMATION-20.png\",\"width\":576,\"height\":161,\"caption\":\"COROB IN-CAN AUTOMATION SERIES LOGO-20\"},{\"@type\":\"BreadcrumbList\",\"@id\":\"https:\/\/www.corob.com\/de\/produkte\/in-dosen-automatisierung\/#breadcrumb\",\"itemListElement\":[{\"@type\":\"ListItem\",\"position\":1,\"name\":\"Home\",\"item\":\"https:\/\/www.corob.com\/de\/\"},{\"@type\":\"ListItem\",\"position\":2,\"name\":\"PRODUKTE\",\"item\":\"https:\/\/www.corob.com\/de\/produkte\/\"},{\"@type\":\"ListItem\",\"position\":3,\"name\":\"IN-DOSEN-AUTOMATISIERUNG\"}]},{\"@type\":\"WebSite\",\"@id\":\"https:\/\/www.corob.com\/de\/#website\",\"url\":\"https:\/\/www.corob.com\/de\/\",\"name\":\"COROB\",\"description\":\"High-tech dispensing and mixing solutions for paints and coatings systems\",\"publisher\":{\"@id\":\"https:\/\/www.corob.com\/de\/#organization\"},\"potentialAction\":[{\"@type\":\"SearchAction\",\"target\":{\"@type\":\"EntryPoint\",\"urlTemplate\":\"https:\/\/www.corob.com\/de\/?s={search_term_string}\"},\"query-input\":{\"@type\":\"PropertyValueSpecification\",\"valueRequired\":true,\"valueName\":\"search_term_string\"}}],\"inLanguage\":\"de\"},{\"@type\":\"Organization\",\"@id\":\"https:\/\/www.corob.com\/de\/#organization\",\"name\":\"COROB\",\"url\":\"https:\/\/www.corob.com\/de\/\",\"logo\":{\"@type\":\"ImageObject\",\"inLanguage\":\"de\",\"@id\":\"https:\/\/www.corob.com\/de\/#\/schema\/logo\/image\/\",\"url\":\"https:\/\/www.corob.com\/wp-content\/uploads\/2020\/01\/COROB-240.png\",\"contentUrl\":\"https:\/\/www.corob.com\/wp-content\/uploads\/2020\/01\/COROB-240.png\",\"width\":240,\"height\":73,\"caption\":\"COROB\"},\"image\":{\"@id\":\"https:\/\/www.corob.com\/de\/#\/schema\/logo\/image\/\"},\"sameAs\":[\"https:\/\/www.linkedin.com\/company\/corob\/\",\"https:\/\/www.youtube.com\/channel\/UCxnFt4FEhuhdm87NAb27qBQ\"]}]}<\/script>\n<!-- \/ Yoast SEO plugin. -->","yoast_head_json":{"title":"COROB In-Can-Automatisierungssystemen, die Ihre T\u00f6nungsproduktivit\u00e4t steigern","description":"Entdecken Sie die In-Can-Automatisierungssystemen von COROB f\u00fcr die Fabrikautomatisierung \u2013 anpassbar, skalierbar und f\u00fcr eine effiziente T\u00f6nungsproduktion konzipiert.","robots":{"index":"index","follow":"follow","max-snippet":"max-snippet:-1","max-image-preview":"max-image-preview:large","max-video-preview":"max-video-preview:-1"},"canonical":"https:\/\/www.corob.com\/de\/produkte\/in-dosen-automatisierung\/","og_locale":"de_DE","og_type":"article","og_title":"COROB In-Can-Automatisierungssystemen, die Ihre T\u00f6nungsproduktivit\u00e4t steigern","og_description":"Entdecken Sie die In-Can-Automatisierungssystemen von COROB f\u00fcr die Fabrikautomatisierung \u2013 anpassbar, skalierbar und f\u00fcr eine effiziente T\u00f6nungsproduktion konzipiert.","og_url":"https:\/\/www.corob.com\/de\/produkte\/in-dosen-automatisierung\/","og_site_name":"COROB","og_image":[{"width":576,"height":161,"url":"https:\/\/www.corob.com\/wp-content\/uploads\/2025\/05\/IN-CAN-AUTOMATION-20.png","type":"image\/png"}],"twitter_card":"summary_large_image","twitter_misc":{"Gesch\u00e4tzte Lesezeit":"10\u00a0Minuten"},"schema":{"@context":"https:\/\/schema.org","@graph":[{"@type":"WebPage","@id":"https:\/\/www.corob.com\/de\/produkte\/in-dosen-automatisierung\/","url":"https:\/\/www.corob.com\/de\/produkte\/in-dosen-automatisierung\/","name":"COROB In-Can-Automatisierungssystemen, die Ihre T\u00f6nungsproduktivit\u00e4t steigern","isPartOf":{"@id":"https:\/\/www.corob.com\/de\/#website"},"primaryImageOfPage":{"@id":"https:\/\/www.corob.com\/de\/produkte\/in-dosen-automatisierung\/#primaryimage"},"image":{"@id":"https:\/\/www.corob.com\/de\/produkte\/in-dosen-automatisierung\/#primaryimage"},"thumbnailUrl":"https:\/\/www.corob.com\/wp-content\/uploads\/2025\/05\/IN-CAN-AUTOMATION-20.png","datePublished":"2025-10-23T09:35:35+00:00","description":"Entdecken Sie die In-Can-Automatisierungssystemen von COROB f\u00fcr die Fabrikautomatisierung \u2013 anpassbar, skalierbar und f\u00fcr eine effiziente T\u00f6nungsproduktion konzipiert.","breadcrumb":{"@id":"https:\/\/www.corob.com\/de\/produkte\/in-dosen-automatisierung\/#breadcrumb"},"inLanguage":"de","potentialAction":[{"@type":"ReadAction","target":["https:\/\/www.corob.com\/de\/produkte\/in-dosen-automatisierung\/"]}]},{"@type":"ImageObject","inLanguage":"de","@id":"https:\/\/www.corob.com\/de\/produkte\/in-dosen-automatisierung\/#primaryimage","url":"https:\/\/www.corob.com\/wp-content\/uploads\/2025\/05\/IN-CAN-AUTOMATION-20.png","contentUrl":"https:\/\/www.corob.com\/wp-content\/uploads\/2025\/05\/IN-CAN-AUTOMATION-20.png","width":576,"height":161,"caption":"COROB IN-CAN AUTOMATION SERIES LOGO-20"},{"@type":"BreadcrumbList","@id":"https:\/\/www.corob.com\/de\/produkte\/in-dosen-automatisierung\/#breadcrumb","itemListElement":[{"@type":"ListItem","position":1,"name":"Home","item":"https:\/\/www.corob.com\/de\/"},{"@type":"ListItem","position":2,"name":"PRODUKTE","item":"https:\/\/www.corob.com\/de\/produkte\/"},{"@type":"ListItem","position":3,"name":"IN-DOSEN-AUTOMATISIERUNG"}]},{"@type":"WebSite","@id":"https:\/\/www.corob.com\/de\/#website","url":"https:\/\/www.corob.com\/de\/","name":"COROB","description":"High-tech dispensing and mixing solutions for paints and coatings systems","publisher":{"@id":"https:\/\/www.corob.com\/de\/#organization"},"potentialAction":[{"@type":"SearchAction","target":{"@type":"EntryPoint","urlTemplate":"https:\/\/www.corob.com\/de\/?s={search_term_string}"},"query-input":{"@type":"PropertyValueSpecification","valueRequired":true,"valueName":"search_term_string"}}],"inLanguage":"de"},{"@type":"Organization","@id":"https:\/\/www.corob.com\/de\/#organization","name":"COROB","url":"https:\/\/www.corob.com\/de\/","logo":{"@type":"ImageObject","inLanguage":"de","@id":"https:\/\/www.corob.com\/de\/#\/schema\/logo\/image\/","url":"https:\/\/www.corob.com\/wp-content\/uploads\/2020\/01\/COROB-240.png","contentUrl":"https:\/\/www.corob.com\/wp-content\/uploads\/2020\/01\/COROB-240.png","width":240,"height":73,"caption":"COROB"},"image":{"@id":"https:\/\/www.corob.com\/de\/#\/schema\/logo\/image\/"},"sameAs":["https:\/\/www.linkedin.com\/company\/corob\/","https:\/\/www.youtube.com\/channel\/UCxnFt4FEhuhdm87NAb27qBQ"]}]}},"_links":{"self":[{"href":"https:\/\/www.corob.com\/de\/wp-json\/wp\/v2\/pages\/25900","targetHints":{"allow":["GET"]}}],"collection":[{"href":"https:\/\/www.corob.com\/de\/wp-json\/wp\/v2\/pages"}],"about":[{"href":"https:\/\/www.corob.com\/de\/wp-json\/wp\/v2\/types\/page"}],"author":[{"embeddable":true,"href":"https:\/\/www.corob.com\/de\/wp-json\/wp\/v2\/users\/1"}],"replies":[{"embeddable":true,"href":"https:\/\/www.corob.com\/de\/wp-json\/wp\/v2\/comments?post=25900"}],"version-history":[{"count":2,"href":"https:\/\/www.corob.com\/de\/wp-json\/wp\/v2\/pages\/25900\/revisions"}],"predecessor-version":[{"id":25902,"href":"https:\/\/www.corob.com\/de\/wp-json\/wp\/v2\/pages\/25900\/revisions\/25902"}],"up":[{"embeddable":true,"href":"https:\/\/www.corob.com\/de\/wp-json\/wp\/v2\/pages\/23592"}],"wp:featuredmedia":[{"embeddable":true,"href":"https:\/\/www.corob.com\/de\/wp-json\/wp\/v2\/media\/17544"}],"wp:attachment":[{"href":"https:\/\/www.corob.com\/de\/wp-json\/wp\/v2\/media?parent=25900"}],"curies":[{"name":"wp","href":"https:\/\/api.w.org\/{rel}","templated":true}]}}