{"id":25912,"date":"2025-10-23T09:48:29","date_gmt":"2025-10-23T09:48:29","guid":{"rendered":"https:\/\/www.corob.com\/ruettler\/"},"modified":"2025-10-23T10:07:37","modified_gmt":"2025-10-23T10:07:37","slug":"ruettler","status":"publish","type":"page","link":"https:\/\/www.corob.com\/de\/produkte\/mischer-ruettler\/ruettler\/","title":{"rendered":"R\u00dcTTLER"},"content":{"rendered":"<p><div class=\"fusion-fullwidth fullwidth-box fusion-builder-row-1 nonhundred-percent-fullwidth non-hundred-percent-height-scrolling\" style=\"--awb-border-radius-top-left:0px;--awb-border-radius-top-right:0px;--awb-border-radius-bottom-right:0px;--awb-border-radius-bottom-left:0px;--awb-flex-wrap:wrap;\" ><div class=\"fusion-builder-row fusion-row\"><div class=\"fusion-layout-column fusion_builder_column fusion-builder-column-0 fusion_builder_column_1_1 1_1 fusion-one-full fusion-column-first fusion-column-last\" style=\"--awb-bg-size:cover;\"><div class=\"fusion-column-wrapper fusion-column-has-shadow fusion-flex-column-wrapper-legacy\"><div class=\"fusion-title title fusion-title-1 fusion-sep-none fusion-title-text fusion-title-size-one\" style=\"--awb-text-color:var(--awb-color7);--awb-margin-bottom:20px;--awb-font-size:36px;\"><h1 class=\"fusion-title-heading title-heading-left fusion-responsive-typography-calculated\" style=\"font-family:&quot;Source Sans 3&quot;;font-style:normal;font-weight:700;margin:0;font-size:1em;--fontSize:36;line-height:1;\">Zuverl\u00e4ssige Farbr\u00fcttler f\u00fcr jeden Bedarf<\/h1><\/div><div class=\"fusion-text fusion-text-1\"><p>Die COROB-Farbr\u00fcttler sind so positioniert, dass sie <strong>konstante Leistung<\/strong> und <strong>langfristige Zuverl\u00e4ssigkeit<\/strong> bieten. Die beiden Einheiten basieren auf einer gemeinsamen Plattform und erf\u00fcllen unterschiedliche funktionale Anforderungen, was zu unterschiedlichen Preisklassen f\u00fchrt.<\/p>\n<\/div><div class=\"accordian fusion-accordian\" style=\"margin-bottom:30px;--awb-margin-bottom:30px;--awb-padding-top:0px;--awb-border-size:0px;--awb-icon-size:13px;--awb-content-font-size:20px;--awb-icon-alignment:left;--awb-hover-color:#f9f9f9;--awb-border-color:#cccccc;--awb-background-color:#ffffff;--awb-divider-color:#dddddd;--awb-divider-hover-color:#dddddd;--awb-icon-color:var(--awb-color7);--awb-title-color:var(--awb-color8);--awb-content-color:#444444;--awb-icon-box-color:var(--awb-custom_color_11);--awb-toggle-hover-accent-color:#000000;--awb-toggle-active-accent-color:var(--awb-color7);--awb-title-font-family:&quot;Source Sans 3&quot;;--awb-title-font-weight:regular;--awb-title-font-style:normal;--awb-title-font-size:20px;--awb-content-font-family:&quot;Source Sans 3&quot;;--awb-content-font-style:normal;--awb-content-font-weight:400;\"><div class=\"panel-group fusion-toggle-icon-unboxed\" id=\"accordion-25912-1\"><div class=\"fusion-panel panel-default panel-38e6ad00600b24c0f fusion-toggle-no-divider\" style=\"--awb-title-color:#cf102d;\"><div class=\"panel-heading\"><h4 class=\"panel-title toggle\" id=\"toggle_38e6ad00600b24c0f\"><a aria-expanded=\"false\" aria-controls=\"38e6ad00600b24c0f\" role=\"button\" data-toggle=\"collapse\" data-parent=\"#accordion-25912-1\" data-target=\"#38e6ad00600b24c0f\" href=\"#38e6ad00600b24c0f\"><span class=\"fusion-toggle-icon-wrapper\" aria-hidden=\"true\"><i class=\"fa-fusion-box active-icon awb-icon-minus\" aria-hidden=\"true\"><\/i><i class=\"fa-fusion-box inactive-icon awb-icon-plus\" aria-hidden=\"true\"><\/i><\/span><span class=\"fusion-toggle-heading\">Mehr anzeigen<\/span><\/a><\/h4><\/div><div id=\"38e6ad00600b24c0f\" class=\"panel-collapse collapse \" aria-labelledby=\"toggle_38e6ad00600b24c0f\"><div class=\"panel-body toggle-content fusion-clearfix\">\n<div class=\"fusion-text fusion-text-1\">\n<p><strong>Flexible Funktionalit\u00e4t, einheitliches Design<\/strong><\/p>\n<p>Beide Modelle basieren zwar auf derselben robusten Grundlage, aber ihre funktionalen Unterschiede erm\u00f6glichen es den Kunden, den Shaker zu w\u00e4hlen, der ihren betrieblichen und budget\u00e4ren Anforderungen am besten entspricht.<\/p>\n<p>Die COROB R\u00fcttler-Serie priorisiert die Benutzerfreundlichkeit mit leisem Betrieb, ergonomischer Beladung und gesch\u00fctzten Komponenten, die die Wartung reduzieren. Mit intuitiven Bedienelementen und einer robusten Konstruktion ist die COROB R\u00fcttler-Serie so konzipiert, dass sie Ihren Arbeitsablauf reibungslos und Ihre Kunden zufriedenstellt. <\/p>\n<p><strong>Intelligentes Sch\u00fctteln f\u00fcr jede Ladengr\u00f6\u00dfe<\/strong><\/p>\n<p>Die COROB R\u00fcttler-Serie bietet ma\u00dfgeschneiderte L\u00f6sungen f\u00fcr Farbmischanforderungen in verschiedenen Ladenvolumen. Egal, ob Sie ein kompaktes Einzelhandelsgesch\u00e4ft oder ein gro\u00dfvolumiges Farbzentrum betreiben, sie bieten eine zuverl\u00e4ssige, automatische Sch\u00fcttelleistung. <\/p>\n<\/div>\n<\/div><\/div><\/div><\/div><\/div><div class=\"fusion-clearfix\"><\/div><\/div><\/div><\/div><\/div><div class=\"fusion-fullwidth fullwidth-box fusion-builder-row-2 fusion-flex-container has-pattern-background has-mask-background nonhundred-percent-fullwidth non-hundred-percent-height-scrolling\" style=\"--awb-border-radius-top-left:0px;--awb-border-radius-top-right:0px;--awb-border-radius-bottom-right:0px;--awb-border-radius-bottom-left:0px;--awb-flex-wrap:wrap;\" ><div class=\"fusion-builder-row fusion-row fusion-flex-align-items-flex-start fusion-flex-content-wrap\" style=\"max-width:1456px;margin-left: calc(-4% \/ 2 );margin-right: calc(-4% \/ 2 );\"><div class=\"fusion-layout-column fusion_builder_column fusion-builder-column-1 fusion_builder_column_1_1 1_1 fusion-flex-column\" style=\"--awb-bg-size:cover;--awb-width-large:100%;--awb-margin-top-large:0px;--awb-spacing-right-large:1.92%;--awb-margin-bottom-large:20px;--awb-spacing-left-large:1.92%;--awb-width-medium:100%;--awb-order-medium:0;--awb-spacing-right-medium:1.92%;--awb-spacing-left-medium:1.92%;--awb-width-small:100%;--awb-order-small:0;--awb-spacing-right-small:1.92%;--awb-spacing-left-small:1.92%;\"><div class=\"fusion-column-wrapper fusion-column-has-shadow fusion-flex-justify-content-flex-start fusion-content-layout-column\"><div class=\"fusion-woo-product-grid fusion-product-archive fusion-woo-product-grid-1\"><ul class=\"products products-5\"><li class=\"product type-product post-27084 status-publish first instock product_cat-ruettler product_tag-d600-de product_tag-evoplus-de product_tag-evopwr-de product_tag-t400-de product_tag-tatocolor-de has-post-thumbnail shipping-taxable product-type-simple product-grid-view\">\n\t<div class=\"fusion-product-wrapper\">\n\n<div class=\"fusion-clean-product-image-wrapper \">\n\t<div  class=\"fusion-image-wrapper fusion-image-size-fixed\" aria-haspopup=\"true\">\n\t\t\t\t\t\t\t<a href=\"https:\/\/www.corob.com\/de\/products\/mischer-ruettler\/ruettler\/evoshake-700-2\/\" aria-label=\"EVOshake 700\">\n\t\t\t\t\t\t\t<img decoding=\"async\" width=\"500\" height=\"500\" src=\"https:\/\/www.corob.com\/wp-content\/uploads\/2023\/10\/Eshake-700-01-T.png\" class=\"attachment-woocommerce_thumbnail size-woocommerce_thumbnail wp-post-image\" alt=\"COROB EVOshake 700 paint shaker side view\" \/><div class=\"cart-loading\"><i class=\"awb-icon-spinner\" aria-hidden=\"true\"><\/i><\/div>\t\t\t<\/a>\n\t\t\t\t\t\t\t<\/div>\n<\/div>\n<div class=\"fusion-product-content\">\n\t<div class=\"product-details\">\n\t\t<div class=\"product-details-container\">\n<h3 class=\"product-title\">\n\t<a href=\"https:\/\/www.corob.com\/de\/products\/mischer-ruettler\/ruettler\/evoshake-700-2\/\">\n\t\tEVOshake 700\t<\/a>\n<\/h3>\n<div class=\"fusion-price-rating\">\n\n\t\t<\/div>\n\t<\/div>\n<\/div>\n\n\t<\/div> \n\n\n<\/div>\n<\/li>\n<li class=\"product type-product post-27085 status-publish instock product_cat-ruettler product_tag-d180-de product_tag-d410x-de product_tag-evo1st-de product_tag-first1-tx-de product_tag-flex-100-de product_tag-t100-de product_tag-t300-de has-post-thumbnail shipping-taxable product-type-simple product-grid-view\">\n\t<div class=\"fusion-product-wrapper\">\n\n<div class=\"fusion-clean-product-image-wrapper \">\n\t<div  class=\"fusion-image-wrapper fusion-image-size-fixed\" aria-haspopup=\"true\">\n\t\t\t\t\t\t\t<a href=\"https:\/\/www.corob.com\/de\/products\/mischer-ruettler\/ruettler\/evoshake-200-2\/\" aria-label=\"EVOshake 200\">\n\t\t\t\t\t\t\t<img decoding=\"async\" width=\"500\" height=\"500\" src=\"https:\/\/www.corob.com\/wp-content\/uploads\/2023\/10\/Eshake-200-01-T.png\" class=\"attachment-woocommerce_thumbnail size-woocommerce_thumbnail wp-post-image\" alt=\"COROB EVOshake 200 paint shaker side view\" \/><div class=\"cart-loading\"><i class=\"awb-icon-spinner\" aria-hidden=\"true\"><\/i><\/div>\t\t\t<\/a>\n\t\t\t\t\t\t\t<\/div>\n<\/div>\n<div class=\"fusion-product-content\">\n\t<div class=\"product-details\">\n\t\t<div class=\"product-details-container\">\n<h3 class=\"product-title\">\n\t<a href=\"https:\/\/www.corob.com\/de\/products\/mischer-ruettler\/ruettler\/evoshake-200-2\/\">\n\t\tEVOshake 200\t<\/a>\n<\/h3>\n<div class=\"fusion-price-rating\">\n\n\t\t<\/div>\n\t<\/div>\n<\/div>\n\n\t<\/div> \n\n\n<\/div>\n<\/li>\n<\/ul><div class=\"fusion-woo-product-grid-pagination fusion-clearfix\"><\/div><\/div><\/div><\/div><\/div><\/div><\/p>\n","protected":false},"excerpt":{"rendered":"","protected":false},"author":1,"featured_media":17565,"parent":25935,"menu_order":26,"comment_status":"closed","ping_status":"closed","template":"","meta":{"_acf_changed":false,"footnotes":""},"class_list":["post-25912","page","type-page","status-publish","has-post-thumbnail","hentry"],"acf":[],"yoast_head":"<!-- This site is optimized with the Yoast SEO plugin v25.5 - https:\/\/yoast.com\/wordpress\/plugins\/seo\/ -->\n<title>COROB \u2013 zuverl\u00e4ssige Farbr\u00fcttler f\u00fcr jede Ladengr\u00f6\u00dfe<\/title>\n<meta name=\"description\" content=\"Entdecken Sie die COROB R\u00fcttler-Serie: kompakte, ergonomische und zuverl\u00e4ssige Farbmischmaschinen, die f\u00fcr eine konsistente Leistung bei allen Ladenvolumen entwickelt wurden.\" \/>\n<meta name=\"robots\" content=\"index, follow, max-snippet:-1, max-image-preview:large, max-video-preview:-1\" \/>\n<link rel=\"canonical\" href=\"https:\/\/www.corob.com\/de\/produkte\/mischer-ruettler\/ruettler\/\" \/>\n<meta property=\"og:locale\" content=\"de_DE\" \/>\n<meta property=\"og:type\" content=\"article\" \/>\n<meta property=\"og:title\" content=\"COROB \u2013 zuverl\u00e4ssige Farbr\u00fcttler f\u00fcr jede Ladengr\u00f6\u00dfe\" \/>\n<meta property=\"og:description\" content=\"Entdecken Sie die COROB R\u00fcttler-Serie: kompakte, ergonomische und zuverl\u00e4ssige Farbmischmaschinen, die f\u00fcr eine konsistente Leistung bei allen Ladenvolumen entwickelt wurden.\" \/>\n<meta property=\"og:url\" content=\"https:\/\/www.corob.com\/de\/produkte\/mischer-ruettler\/ruettler\/\" \/>\n<meta property=\"og:site_name\" content=\"COROB\" \/>\n<meta property=\"article:modified_time\" content=\"2025-10-23T10:07:37+00:00\" \/>\n<meta property=\"og:image\" content=\"https:\/\/www.corob.com\/wp-content\/uploads\/2025\/05\/SHAKERS-20.png\" \/>\n\t<meta property=\"og:image:width\" content=\"407\" \/>\n\t<meta property=\"og:image:height\" content=\"161\" \/>\n\t<meta property=\"og:image:type\" content=\"image\/png\" \/>\n<meta name=\"twitter:card\" content=\"summary_large_image\" \/>\n<meta name=\"twitter:label1\" content=\"Gesch\u00e4tzte Lesezeit\" \/>\n\t<meta name=\"twitter:data1\" content=\"10\u00a0Minuten\" \/>\n<script type=\"application\/ld+json\" class=\"yoast-schema-graph\">{\"@context\":\"https:\/\/schema.org\",\"@graph\":[{\"@type\":\"WebPage\",\"@id\":\"https:\/\/www.corob.com\/de\/produkte\/mischer-ruettler\/ruettler\/\",\"url\":\"https:\/\/www.corob.com\/de\/produkte\/mischer-ruettler\/ruettler\/\",\"name\":\"COROB \u2013 zuverl\u00e4ssige Farbr\u00fcttler f\u00fcr jede Ladengr\u00f6\u00dfe\",\"isPartOf\":{\"@id\":\"https:\/\/www.corob.com\/de\/#website\"},\"primaryImageOfPage\":{\"@id\":\"https:\/\/www.corob.com\/de\/produkte\/mischer-ruettler\/ruettler\/#primaryimage\"},\"image\":{\"@id\":\"https:\/\/www.corob.com\/de\/produkte\/mischer-ruettler\/ruettler\/#primaryimage\"},\"thumbnailUrl\":\"https:\/\/www.corob.com\/wp-content\/uploads\/2025\/05\/SHAKERS-20.png\",\"datePublished\":\"2025-10-23T09:48:29+00:00\",\"dateModified\":\"2025-10-23T10:07:37+00:00\",\"description\":\"Entdecken Sie die COROB R\u00fcttler-Serie: kompakte, ergonomische und zuverl\u00e4ssige Farbmischmaschinen, die f\u00fcr eine konsistente Leistung bei allen Ladenvolumen entwickelt wurden.\",\"breadcrumb\":{\"@id\":\"https:\/\/www.corob.com\/de\/produkte\/mischer-ruettler\/ruettler\/#breadcrumb\"},\"inLanguage\":\"de\",\"potentialAction\":[{\"@type\":\"ReadAction\",\"target\":[\"https:\/\/www.corob.com\/de\/produkte\/mischer-ruettler\/ruettler\/\"]}]},{\"@type\":\"ImageObject\",\"inLanguage\":\"de\",\"@id\":\"https:\/\/www.corob.com\/de\/produkte\/mischer-ruettler\/ruettler\/#primaryimage\",\"url\":\"https:\/\/www.corob.com\/wp-content\/uploads\/2025\/05\/SHAKERS-20.png\",\"contentUrl\":\"https:\/\/www.corob.com\/wp-content\/uploads\/2025\/05\/SHAKERS-20.png\",\"width\":407,\"height\":161,\"caption\":\"COROB SOFTWARE LOGO-20\"},{\"@type\":\"BreadcrumbList\",\"@id\":\"https:\/\/www.corob.com\/de\/produkte\/mischer-ruettler\/ruettler\/#breadcrumb\",\"itemListElement\":[{\"@type\":\"ListItem\",\"position\":1,\"name\":\"Home\",\"item\":\"https:\/\/www.corob.com\/de\/\"},{\"@type\":\"ListItem\",\"position\":2,\"name\":\"PRODUKTE\",\"item\":\"https:\/\/www.corob.com\/de\/produkte\/\"},{\"@type\":\"ListItem\",\"position\":3,\"name\":\"MISCHER &amp; R\u00dcTTLER\",\"item\":\"https:\/\/www.corob.com\/de\/produkte\/mischer-ruettler\/\"},{\"@type\":\"ListItem\",\"position\":4,\"name\":\"R\u00dcTTLER\"}]},{\"@type\":\"WebSite\",\"@id\":\"https:\/\/www.corob.com\/de\/#website\",\"url\":\"https:\/\/www.corob.com\/de\/\",\"name\":\"COROB\",\"description\":\"High-tech dispensing and mixing solutions for paints and coatings systems\",\"publisher\":{\"@id\":\"https:\/\/www.corob.com\/de\/#organization\"},\"potentialAction\":[{\"@type\":\"SearchAction\",\"target\":{\"@type\":\"EntryPoint\",\"urlTemplate\":\"https:\/\/www.corob.com\/de\/?s={search_term_string}\"},\"query-input\":{\"@type\":\"PropertyValueSpecification\",\"valueRequired\":true,\"valueName\":\"search_term_string\"}}],\"inLanguage\":\"de\"},{\"@type\":\"Organization\",\"@id\":\"https:\/\/www.corob.com\/de\/#organization\",\"name\":\"COROB\",\"url\":\"https:\/\/www.corob.com\/de\/\",\"logo\":{\"@type\":\"ImageObject\",\"inLanguage\":\"de\",\"@id\":\"https:\/\/www.corob.com\/de\/#\/schema\/logo\/image\/\",\"url\":\"https:\/\/www.corob.com\/wp-content\/uploads\/2020\/01\/COROB-240.png\",\"contentUrl\":\"https:\/\/www.corob.com\/wp-content\/uploads\/2020\/01\/COROB-240.png\",\"width\":240,\"height\":73,\"caption\":\"COROB\"},\"image\":{\"@id\":\"https:\/\/www.corob.com\/de\/#\/schema\/logo\/image\/\"},\"sameAs\":[\"https:\/\/www.linkedin.com\/company\/corob\/\",\"https:\/\/www.youtube.com\/channel\/UCxnFt4FEhuhdm87NAb27qBQ\"]}]}<\/script>\n<!-- \/ Yoast SEO plugin. -->","yoast_head_json":{"title":"COROB \u2013 zuverl\u00e4ssige Farbr\u00fcttler f\u00fcr jede Ladengr\u00f6\u00dfe","description":"Entdecken Sie die COROB R\u00fcttler-Serie: kompakte, ergonomische und zuverl\u00e4ssige Farbmischmaschinen, die f\u00fcr eine konsistente Leistung bei allen Ladenvolumen entwickelt wurden.","robots":{"index":"index","follow":"follow","max-snippet":"max-snippet:-1","max-image-preview":"max-image-preview:large","max-video-preview":"max-video-preview:-1"},"canonical":"https:\/\/www.corob.com\/de\/produkte\/mischer-ruettler\/ruettler\/","og_locale":"de_DE","og_type":"article","og_title":"COROB \u2013 zuverl\u00e4ssige Farbr\u00fcttler f\u00fcr jede Ladengr\u00f6\u00dfe","og_description":"Entdecken Sie die COROB R\u00fcttler-Serie: kompakte, ergonomische und zuverl\u00e4ssige Farbmischmaschinen, die f\u00fcr eine konsistente Leistung bei allen Ladenvolumen entwickelt wurden.","og_url":"https:\/\/www.corob.com\/de\/produkte\/mischer-ruettler\/ruettler\/","og_site_name":"COROB","article_modified_time":"2025-10-23T10:07:37+00:00","og_image":[{"width":407,"height":161,"url":"https:\/\/www.corob.com\/wp-content\/uploads\/2025\/05\/SHAKERS-20.png","type":"image\/png"}],"twitter_card":"summary_large_image","twitter_misc":{"Gesch\u00e4tzte Lesezeit":"10\u00a0Minuten"},"schema":{"@context":"https:\/\/schema.org","@graph":[{"@type":"WebPage","@id":"https:\/\/www.corob.com\/de\/produkte\/mischer-ruettler\/ruettler\/","url":"https:\/\/www.corob.com\/de\/produkte\/mischer-ruettler\/ruettler\/","name":"COROB \u2013 zuverl\u00e4ssige Farbr\u00fcttler f\u00fcr jede Ladengr\u00f6\u00dfe","isPartOf":{"@id":"https:\/\/www.corob.com\/de\/#website"},"primaryImageOfPage":{"@id":"https:\/\/www.corob.com\/de\/produkte\/mischer-ruettler\/ruettler\/#primaryimage"},"image":{"@id":"https:\/\/www.corob.com\/de\/produkte\/mischer-ruettler\/ruettler\/#primaryimage"},"thumbnailUrl":"https:\/\/www.corob.com\/wp-content\/uploads\/2025\/05\/SHAKERS-20.png","datePublished":"2025-10-23T09:48:29+00:00","dateModified":"2025-10-23T10:07:37+00:00","description":"Entdecken Sie die COROB R\u00fcttler-Serie: kompakte, ergonomische und zuverl\u00e4ssige Farbmischmaschinen, die f\u00fcr eine konsistente Leistung bei allen Ladenvolumen entwickelt wurden.","breadcrumb":{"@id":"https:\/\/www.corob.com\/de\/produkte\/mischer-ruettler\/ruettler\/#breadcrumb"},"inLanguage":"de","potentialAction":[{"@type":"ReadAction","target":["https:\/\/www.corob.com\/de\/produkte\/mischer-ruettler\/ruettler\/"]}]},{"@type":"ImageObject","inLanguage":"de","@id":"https:\/\/www.corob.com\/de\/produkte\/mischer-ruettler\/ruettler\/#primaryimage","url":"https:\/\/www.corob.com\/wp-content\/uploads\/2025\/05\/SHAKERS-20.png","contentUrl":"https:\/\/www.corob.com\/wp-content\/uploads\/2025\/05\/SHAKERS-20.png","width":407,"height":161,"caption":"COROB SOFTWARE LOGO-20"},{"@type":"BreadcrumbList","@id":"https:\/\/www.corob.com\/de\/produkte\/mischer-ruettler\/ruettler\/#breadcrumb","itemListElement":[{"@type":"ListItem","position":1,"name":"Home","item":"https:\/\/www.corob.com\/de\/"},{"@type":"ListItem","position":2,"name":"PRODUKTE","item":"https:\/\/www.corob.com\/de\/produkte\/"},{"@type":"ListItem","position":3,"name":"MISCHER &amp; R\u00dcTTLER","item":"https:\/\/www.corob.com\/de\/produkte\/mischer-ruettler\/"},{"@type":"ListItem","position":4,"name":"R\u00dcTTLER"}]},{"@type":"WebSite","@id":"https:\/\/www.corob.com\/de\/#website","url":"https:\/\/www.corob.com\/de\/","name":"COROB","description":"High-tech dispensing and mixing solutions for paints and coatings systems","publisher":{"@id":"https:\/\/www.corob.com\/de\/#organization"},"potentialAction":[{"@type":"SearchAction","target":{"@type":"EntryPoint","urlTemplate":"https:\/\/www.corob.com\/de\/?s={search_term_string}"},"query-input":{"@type":"PropertyValueSpecification","valueRequired":true,"valueName":"search_term_string"}}],"inLanguage":"de"},{"@type":"Organization","@id":"https:\/\/www.corob.com\/de\/#organization","name":"COROB","url":"https:\/\/www.corob.com\/de\/","logo":{"@type":"ImageObject","inLanguage":"de","@id":"https:\/\/www.corob.com\/de\/#\/schema\/logo\/image\/","url":"https:\/\/www.corob.com\/wp-content\/uploads\/2020\/01\/COROB-240.png","contentUrl":"https:\/\/www.corob.com\/wp-content\/uploads\/2020\/01\/COROB-240.png","width":240,"height":73,"caption":"COROB"},"image":{"@id":"https:\/\/www.corob.com\/de\/#\/schema\/logo\/image\/"},"sameAs":["https:\/\/www.linkedin.com\/company\/corob\/","https:\/\/www.youtube.com\/channel\/UCxnFt4FEhuhdm87NAb27qBQ"]}]}},"_links":{"self":[{"href":"https:\/\/www.corob.com\/de\/wp-json\/wp\/v2\/pages\/25912","targetHints":{"allow":["GET"]}}],"collection":[{"href":"https:\/\/www.corob.com\/de\/wp-json\/wp\/v2\/pages"}],"about":[{"href":"https:\/\/www.corob.com\/de\/wp-json\/wp\/v2\/types\/page"}],"author":[{"embeddable":true,"href":"https:\/\/www.corob.com\/de\/wp-json\/wp\/v2\/users\/1"}],"replies":[{"embeddable":true,"href":"https:\/\/www.corob.com\/de\/wp-json\/wp\/v2\/comments?post=25912"}],"version-history":[{"count":2,"href":"https:\/\/www.corob.com\/de\/wp-json\/wp\/v2\/pages\/25912\/revisions"}],"predecessor-version":[{"id":25914,"href":"https:\/\/www.corob.com\/de\/wp-json\/wp\/v2\/pages\/25912\/revisions\/25914"}],"up":[{"embeddable":true,"href":"https:\/\/www.corob.com\/de\/wp-json\/wp\/v2\/pages\/25935"}],"wp:featuredmedia":[{"embeddable":true,"href":"https:\/\/www.corob.com\/de\/wp-json\/wp\/v2\/media\/17565"}],"wp:attachment":[{"href":"https:\/\/www.corob.com\/de\/wp-json\/wp\/v2\/media?parent=25912"}],"curies":[{"name":"wp","href":"https:\/\/api.w.org\/{rel}","templated":true}]}}