{"id":27091,"date":"2025-11-24T15:09:30","date_gmt":"2025-11-24T15:09:30","guid":{"rendered":"https:\/\/www.corob.com\/products\/uncategorized\/corob-cloud\/"},"modified":"2025-11-24T15:09:36","modified_gmt":"2025-11-24T15:09:36","slug":"corob-cloud","status":"publish","type":"product","link":"https:\/\/www.corob.com\/de\/products\/software-de\/corob-cloud\/","title":{"rendered":"COROB Cloud"},"content":{"rendered":"<p><div class=\"fusion-fullwidth fullwidth-box fusion-builder-row-1 fusion-flex-container has-pattern-background has-mask-background nonhundred-percent-fullwidth non-hundred-percent-height-scrolling\" style=\"--awb-border-radius-top-left:0px;--awb-border-radius-top-right:0px;--awb-border-radius-bottom-right:0px;--awb-border-radius-bottom-left:0px;--awb-flex-wrap:wrap;\" id=\"Container-Exceptional\" ><div class=\"fusion-builder-row fusion-row fusion-flex-align-items-flex-start fusion-flex-content-wrap\" style=\"max-width:1456px;margin-left: calc(-4% \/ 2 );margin-right: calc(-4% \/ 2 );\"><div class=\"fusion-layout-column fusion_builder_column fusion-builder-column-0 fusion_builder_column_1_1 1_1 fusion-flex-column\" style=\"--awb-bg-size:cover;--awb-width-large:100%;--awb-margin-top-large:0px;--awb-spacing-right-large:1.92%;--awb-margin-bottom-large:20px;--awb-spacing-left-large:1.92%;--awb-width-medium:100%;--awb-order-medium:0;--awb-spacing-right-medium:1.92%;--awb-spacing-left-medium:1.92%;--awb-width-small:100%;--awb-order-small:0;--awb-spacing-right-small:1.92%;--awb-spacing-left-small:1.92%;\"><div class=\"fusion-column-wrapper fusion-column-has-shadow fusion-flex-justify-content-flex-start fusion-content-layout-column\"><div class=\"fusion-text fusion-text-1\" style=\"--awb-content-alignment:center;--awb-font-size:28px;\"><p>Egal wo sich Ihre Gesch\u00e4fte befinden oder welche Ger\u00e4te sie verwenden, Sie k\u00f6nnen <strong>alle Ihre Gesch\u00e4ftsdaten problemlos auf dem neuesten Stand halten<\/strong>: Produkte, Farben, Formeln und Preise.<\/p>\n<\/div><\/div><\/div><\/div><\/div><div class=\"fusion-fullwidth fullwidth-box fusion-builder-row-2 has-pattern-background has-mask-background nonhundred-percent-fullwidth non-hundred-percent-height-scrolling\" style=\"--awb-border-radius-top-left:0px;--awb-border-radius-top-right:0px;--awb-border-radius-bottom-right:0px;--awb-border-radius-bottom-left:0px;--awb-flex-wrap:wrap;\" id=\"Container-Features\" ><div class=\"fusion-builder-row fusion-row\"><div class=\"fusion-layout-column fusion_builder_column fusion-builder-column-1 fusion_builder_column_1_1 1_1 fusion-one-full fusion-column-first fusion-column-last\" style=\"--awb-bg-size:cover;--awb-margin-bottom:0px;\"><div class=\"fusion-column-wrapper fusion-flex-column-wrapper-legacy\"><div class=\"fusion-image-element fusion-image-align-left in-legacy-container\" style=\"text-align:left;--awb-caption-title-font-family:var(--h2_typography-font-family);--awb-caption-title-font-weight:var(--h2_typography-font-weight);--awb-caption-title-font-style:var(--h2_typography-font-style);--awb-caption-title-size:var(--h2_typography-font-size);--awb-caption-title-transform:var(--h2_typography-text-transform);--awb-caption-title-line-height:var(--h2_typography-line-height);--awb-caption-title-letter-spacing:var(--h2_typography-letter-spacing);\"><span class=\" fusion-imageframe imageframe-none imageframe-1 hover-type-none\" style=\"margin-right:25px;float:left;\"><img decoding=\"async\" width=\"146\" height=\"100\" alt=\"COROB Cloud red-small\" title=\"corobCloud rosso-small\" src=\"https:\/\/www.corob.com\/wp-content\/uploads\/2019\/08\/corobCloud-rosso-small-1.png\" class=\"img-responsive wp-image-16386\"\/><\/span><\/div><div class=\"fusion-sep-clear\"><\/div><div class=\"fusion-separator fusion-full-width-sep\" style=\"margin-left: auto;margin-right: auto;margin-top:10px;margin-bottom:10px;width:100%;\"><\/div><div class=\"fusion-sep-clear\"><\/div><div class=\"fusion-text fusion-text-2\"><p>Mit unserer Software m\u00fcssen Sie sich keine Gedanken \u00fcber das manuelle Hochladen von Daten von und zu jedem Gesch\u00e4ft machen. Alle aktuellen Farbmischformeln und Verkaufsdaten werden automatisch synchronisiert und in die <strong>COROB Cloud<\/strong> hochgeladen, wodurch die Konsistenz \u00fcber alle POS-Systeme hinweg und die Kundenzufriedenheit gew\u00e4hrleistet werden. <\/p>\n<p>Unsere Software erm\u00f6glicht es Ihnen, Daten zu sammeln und zu analysieren, wodurch Sie fundierte Entscheidungen f\u00fcr Ihr Unternehmen treffen, die zuk\u00fcnftige Nachfrage vorhersagen und Produktionsprozesse optimieren k\u00f6nnen. Durch die Verfolgung der Beliebtheit von Farben und Produkten k\u00f6nnen Sie ma\u00dfgeschneiderte Marketingstrategien entwickeln, die zu Umsatzsteigerungen und Kundenzufriedenheit f\u00fchren. <\/p>\n<p>Dar\u00fcber hinaus bietet unsere Software detaillierte Metriken zu Verkaufsvolumen und Kundenfeedback, sodass Sie Bereiche mit Verbesserungspotenzial identifizieren k\u00f6nnen.<\/p>\n<\/div><div class=\"fusion-sep-clear\"><\/div><div class=\"fusion-separator fusion-full-width-sep\" style=\"margin-left: auto;margin-right: auto;margin-top:10px;margin-bottom:10px;width:100%;\"><\/div><div class=\"fusion-sep-clear\"><\/div><div class=\"fusion-clearfix\"><\/div><\/div><\/div><\/div><\/div><div class=\"fusion-fullwidth fullwidth-box fusion-builder-row-3 has-pattern-background has-mask-background nonhundred-percent-fullwidth non-hundred-percent-height-scrolling\" style=\"--awb-border-radius-top-left:0px;--awb-border-radius-top-right:0px;--awb-border-radius-bottom-right:0px;--awb-border-radius-bottom-left:0px;--awb-padding-top:20px;--awb-padding-bottom:20px;--awb-flex-wrap:wrap;\" id=\"Container-Download-Area\" ><div class=\"fusion-builder-row fusion-row\"><div class=\"fusion-layout-column fusion_builder_column fusion-builder-column-2 fusion_builder_column_1_1 1_1 fusion-one-full fusion-column-first fusion-column-last\" style=\"--awb-bg-size:cover;\"><div class=\"fusion-column-wrapper fusion-column-has-shadow fusion-flex-column-wrapper-legacy\"><div class=\"fusion-title title fusion-title-1 fusion-sep-none fusion-title-text fusion-title-size-three\"><h3 class=\"fusion-title-heading title-heading-left fusion-responsive-typography-calculated\" style=\"margin:0;--fontSize:28;--minFontSize:28;line-height:1.2;\">Downloadbereich<\/h3><\/div><div class=\"fusion-clearfix\"><\/div><\/div><\/div><div class=\"fusion-layout-column fusion_builder_column fusion-builder-column-3 fusion_builder_column_1_1 1_1 fusion-one-full fusion-column-first fusion-column-last\" style=\"--awb-bg-size:cover;--awb-margin-bottom:0px;\"><div class=\"fusion-column-wrapper fusion-flex-column-wrapper-legacy\"><div class=\"fusion-builder-row fusion-builder-row-inner fusion-row\"><div class=\"fusion-layout-column fusion_builder_column_inner fusion-builder-nested-column-0 fusion_builder_column_inner_1_2 1_2 fusion-one-half fusion-column-first\" style=\"--awb-padding-top:20px;--awb-padding-right:20px;--awb-padding-bottom:20px;--awb-padding-left:20px;--awb-bg-size:cover;--awb-border-color:#eaeaea;--awb-border-top:1px;--awb-border-right:1px;--awb-border-bottom:1px;--awb-border-left:1px;--awb-border-style:solid;width:50%;width:calc(50% - ( ( 40px ) * 0.5 ) );margin-right: 40px;\"><div class=\"fusion-column-wrapper fusion-column-has-shadow fusion-flex-column-wrapper-legacy\"><div class=\"fusion-title title fusion-title-2 fusion-sep-none fusion-title-text fusion-title-size-five\" style=\"--awb-margin-bottom:20px;\"><h5 class=\"fusion-title-heading title-heading-left fusion-responsive-typography-calculated\" style=\"margin:0;--fontSize:20;--minFontSize:20;line-height:1.2;\">BROSCH\u00dcRE<\/h5><\/div><div class=\"fusion-text fusion-text-3\"><p><i class=\"fb-icon-element-1 fb-icon-element fontawesome-icon fa-book fas circle-no fusion-text-flow\" style=\"--awb-iconcolor:#606060;--awb-iconcolor-hover:#606060;--awb-font-size:32px;--awb-margin-right:20px;\"><\/i><a class=\"download-link\" title=\"\" href=\"https:\/\/www.corob.com\/de\/download\/19320\/\" rel=\"nofollow\">\n\tCOROB Cloud Brochure English<\/a><\/p>\n<\/div><div class=\"fusion-clearfix\"><\/div><\/div><\/div><div class=\"fusion-layout-column fusion_builder_column_inner fusion-builder-nested-column-1 fusion_builder_column_inner_1_2 1_2 fusion-one-half fusion-column-last\" style=\"--awb-padding-top:20px;--awb-padding-right:20px;--awb-padding-bottom:20px;--awb-padding-left:20px;--awb-bg-size:cover;--awb-border-color:#eaeaea;--awb-border-top:1px;--awb-border-right:1px;--awb-border-bottom:1px;--awb-border-left:1px;--awb-border-style:solid;width:50%;width:calc(50% - ( ( 40px ) * 0.5 ) );\"><div class=\"fusion-column-wrapper fusion-column-has-shadow fusion-flex-column-wrapper-legacy\"><div class=\"fusion-title title fusion-title-3 fusion-sep-none fusion-title-text fusion-title-size-five\" style=\"--awb-margin-bottom:20px;\"><h5 class=\"fusion-title-heading title-heading-left fusion-responsive-typography-calculated\" style=\"margin:0;--fontSize:20;--minFontSize:20;line-height:1.2;\">BENUTZERHANDBUCH<\/h5><\/div><div class=\"fusion-text fusion-text-4\"><p><i class=\"fb-icon-element-2 fb-icon-element fontawesome-icon fa-user-cog fas circle-no fusion-text-flow\" style=\"--awb-iconcolor:#606060;--awb-iconcolor-hover:#606060;--awb-font-size:32px;--awb-margin-right:20px;\"><\/i><a class=\"download-link\" title=\"\" href=\"https:\/\/www.corob.com\/de\/download\/14291\/\" rel=\"nofollow\">\n\tCOROB Cloud User Guide English<\/a><\/p>\n<\/div><div class=\"fusion-text fusion-text-5\"><p><i class=\"fb-icon-element-3 fb-icon-element fontawesome-icon fa-user-cog fas circle-no fusion-text-flow\" style=\"--awb-iconcolor:#606060;--awb-iconcolor-hover:#606060;--awb-font-size:32px;--awb-margin-right:20px;\"><\/i><a class=\"download-link\" title=\"\" href=\"https:\/\/www.corob.com\/de\/download\/15200\/\" rel=\"nofollow\">\n\tCOROB Cloud User Guide Japanese<\/a><\/p>\n<\/div><div class=\"fusion-text fusion-text-6\"><p><i class=\"fb-icon-element-4 fb-icon-element fontawesome-icon fa-link fas circle-no fusion-text-flow\" style=\"--awb-iconcolor:#606060;--awb-iconcolor-hover:#606060;--awb-font-size:32px;--awb-margin-right:20px;\"><\/i><a class=\"download-link\" title=\"\" href=\"https:\/\/www.corob.com\/de\/download\/19312\/\" rel=\"nofollow\">\n\tCOROB Cloud HTML Guide<\/a><\/p>\n<\/div><div class=\"fusion-clearfix\"><\/div><\/div><\/div><\/div><div class=\"fusion-clearfix\"><\/div><\/div><\/div><\/div><\/div><\/p>\n","protected":false},"excerpt":{"rendered":"<h2>St\u00e4rken Sie Ihr Gesch\u00e4ft mit unserem nahtlosen digitalen \u00d6kosystem<\/h2>\n[fusion_checklist icon=\"fa-check fas\" iconcolor=\"#cf102d\" circle=\"no\" circlecolor=\"\" size=\"\" divider=\"no\" divider_color=\"\" hide_on_mobile=\"small-visibility,medium-visibility,large-visibility\" class=\"\" id=\"\"][fusion_li_item icon=\"\"]<strong>PLATTFORM\u00dcBERGREIFENDE FLEXIBILIT\u00c4T<\/strong><br \/>\nVerbinden Sie sich mit der COROB Cloud und verwalten Sie das Farbmischsystem in den Gesch\u00e4ften von jedem Ort und auf jedem verwendeten Ger\u00e4t aus[\/fusion_li_item][fusion_li_item icon=\"\"]<strong>AUTOMATISCHE DATENSYNCHRONISATION<\/strong><br \/>\nBleiben Sie synchron und immer einen Schritt voraus mit der automatischen Synchronisation der Farbmischdaten[\/fusion_li_item][fusion_li_item icon=\"\"]<strong>WETTBEWERBSVORTEILE ERZIELEN<\/strong><br \/>\nNutzen Sie wertvolle Metriken und Einblicke in Ihr Gesch\u00e4ft und verbessern Sie Ihre Marketingstrategien und Verkaufsleistung[\/fusion_li_item][\/fusion_checklist]\n","protected":false},"featured_media":18333,"template":"","meta":{"_acf_changed":false},"product_brand":[],"product_cat":[542],"product_tag":[],"class_list":{"0":"post-27091","1":"product","2":"type-product","3":"status-publish","4":"has-post-thumbnail","6":"product_cat-software-de","8":"first","9":"instock","10":"shipping-taxable","11":"product-type-simple"},"acf":[],"yoast_head":"<!-- This site is optimized with the Yoast SEO plugin v25.5 - https:\/\/yoast.com\/wordpress\/plugins\/seo\/ -->\n<title>COROB Cloud: Intelligentes Farbtondatenmanagement<\/title>\n<meta name=\"description\" content=\"COROB Cloud: Synchronisieren Sie Farbtondaten ger\u00e4te\u00fcbergreifend, greifen Sie auf Erkenntnisse zu und verwalten Sie Ihr UnternehmenRemote mit Echtzeit-Updates und Analysen.\" \/>\n<meta name=\"robots\" content=\"index, follow, max-snippet:-1, max-image-preview:large, max-video-preview:-1\" \/>\n<link rel=\"canonical\" href=\"https:\/\/www.corob.com\/de\/products\/software-de\/corob-cloud\/\" \/>\n<meta property=\"og:locale\" content=\"de_DE\" \/>\n<meta property=\"og:type\" content=\"article\" \/>\n<meta property=\"og:title\" content=\"COROB Cloud: Intelligentes Farbtondatenmanagement\" \/>\n<meta property=\"og:description\" content=\"COROB Cloud: Synchronisieren Sie Farbtondaten ger\u00e4te\u00fcbergreifend, greifen Sie auf Erkenntnisse zu und verwalten Sie Ihr UnternehmenRemote mit Echtzeit-Updates und Analysen.\" \/>\n<meta property=\"og:url\" content=\"https:\/\/www.corob.com\/de\/products\/software-de\/corob-cloud\/\" \/>\n<meta property=\"og:site_name\" content=\"COROB\" \/>\n<meta property=\"article:modified_time\" content=\"2025-11-24T15:09:36+00:00\" \/>\n<meta property=\"og:image\" content=\"https:\/\/www.corob.com\/wp-content\/uploads\/2019\/07\/CCloud-01-T.png\" \/>\n\t<meta property=\"og:image:width\" content=\"1200\" \/>\n\t<meta property=\"og:image:height\" content=\"1200\" \/>\n\t<meta property=\"og:image:type\" content=\"image\/png\" \/>\n<meta name=\"twitter:card\" content=\"summary_large_image\" \/>\n<meta name=\"twitter:label1\" content=\"Gesch\u00e4tzte Lesezeit\" \/>\n\t<meta name=\"twitter:data1\" content=\"21\u00a0Minuten\" \/>\n<script type=\"application\/ld+json\" class=\"yoast-schema-graph\">{\"@context\":\"https:\/\/schema.org\",\"@graph\":[{\"@type\":\"WebPage\",\"@id\":\"https:\/\/www.corob.com\/de\/products\/software-de\/corob-cloud\/\",\"url\":\"https:\/\/www.corob.com\/de\/products\/software-de\/corob-cloud\/\",\"name\":\"COROB Cloud: Intelligentes Farbtondatenmanagement\",\"isPartOf\":{\"@id\":\"https:\/\/www.corob.com\/de\/#website\"},\"primaryImageOfPage\":{\"@id\":\"https:\/\/www.corob.com\/de\/products\/software-de\/corob-cloud\/#primaryimage\"},\"image\":{\"@id\":\"https:\/\/www.corob.com\/de\/products\/software-de\/corob-cloud\/#primaryimage\"},\"thumbnailUrl\":\"https:\/\/www.corob.com\/wp-content\/uploads\/2019\/07\/CCloud-01-T.png\",\"datePublished\":\"2025-11-24T15:09:30+00:00\",\"dateModified\":\"2025-11-24T15:09:36+00:00\",\"description\":\"COROB Cloud: Synchronisieren Sie Farbtondaten ger\u00e4te\u00fcbergreifend, greifen Sie auf Erkenntnisse zu und verwalten Sie Ihr UnternehmenRemote mit Echtzeit-Updates und Analysen.\",\"breadcrumb\":{\"@id\":\"https:\/\/www.corob.com\/de\/products\/software-de\/corob-cloud\/#breadcrumb\"},\"inLanguage\":\"de\",\"potentialAction\":[{\"@type\":\"ReadAction\",\"target\":[\"https:\/\/www.corob.com\/de\/products\/software-de\/corob-cloud\/\"]}]},{\"@type\":\"ImageObject\",\"inLanguage\":\"de\",\"@id\":\"https:\/\/www.corob.com\/de\/products\/software-de\/corob-cloud\/#primaryimage\",\"url\":\"https:\/\/www.corob.com\/wp-content\/uploads\/2019\/07\/CCloud-01-T.png\",\"contentUrl\":\"https:\/\/www.corob.com\/wp-content\/uploads\/2019\/07\/CCloud-01-T.png\",\"width\":1200,\"height\":1200,\"caption\":\"COROB cloud icon small\"},{\"@type\":\"BreadcrumbList\",\"@id\":\"https:\/\/www.corob.com\/de\/products\/software-de\/corob-cloud\/#breadcrumb\",\"itemListElement\":[{\"@type\":\"ListItem\",\"position\":1,\"name\":\"Home\",\"item\":\"https:\/\/www.corob.com\/de\/\"},{\"@type\":\"ListItem\",\"position\":2,\"name\":\"PRODUKTE\",\"item\":\"https:\/\/www.corob.com\/de\/produkte\/\"},{\"@type\":\"ListItem\",\"position\":3,\"name\":\"COROB Cloud\"}]},{\"@type\":\"WebSite\",\"@id\":\"https:\/\/www.corob.com\/de\/#website\",\"url\":\"https:\/\/www.corob.com\/de\/\",\"name\":\"COROB\",\"description\":\"High-tech dispensing and mixing solutions for paints and coatings systems\",\"publisher\":{\"@id\":\"https:\/\/www.corob.com\/de\/#organization\"},\"potentialAction\":[{\"@type\":\"SearchAction\",\"target\":{\"@type\":\"EntryPoint\",\"urlTemplate\":\"https:\/\/www.corob.com\/de\/?s={search_term_string}\"},\"query-input\":{\"@type\":\"PropertyValueSpecification\",\"valueRequired\":true,\"valueName\":\"search_term_string\"}}],\"inLanguage\":\"de\"},{\"@type\":\"Organization\",\"@id\":\"https:\/\/www.corob.com\/de\/#organization\",\"name\":\"COROB\",\"url\":\"https:\/\/www.corob.com\/de\/\",\"logo\":{\"@type\":\"ImageObject\",\"inLanguage\":\"de\",\"@id\":\"https:\/\/www.corob.com\/de\/#\/schema\/logo\/image\/\",\"url\":\"https:\/\/www.corob.com\/wp-content\/uploads\/2020\/01\/COROB-240.png\",\"contentUrl\":\"https:\/\/www.corob.com\/wp-content\/uploads\/2020\/01\/COROB-240.png\",\"width\":240,\"height\":73,\"caption\":\"COROB\"},\"image\":{\"@id\":\"https:\/\/www.corob.com\/de\/#\/schema\/logo\/image\/\"},\"sameAs\":[\"https:\/\/www.linkedin.com\/company\/corob\/\",\"https:\/\/www.youtube.com\/channel\/UCxnFt4FEhuhdm87NAb27qBQ\"]}]}<\/script>\n<!-- \/ Yoast SEO plugin. -->","yoast_head_json":{"title":"COROB Cloud: Intelligentes Farbtondatenmanagement","description":"COROB Cloud: Synchronisieren Sie Farbtondaten ger\u00e4te\u00fcbergreifend, greifen Sie auf Erkenntnisse zu und verwalten Sie Ihr UnternehmenRemote mit Echtzeit-Updates und Analysen.","robots":{"index":"index","follow":"follow","max-snippet":"max-snippet:-1","max-image-preview":"max-image-preview:large","max-video-preview":"max-video-preview:-1"},"canonical":"https:\/\/www.corob.com\/de\/products\/software-de\/corob-cloud\/","og_locale":"de_DE","og_type":"article","og_title":"COROB Cloud: Intelligentes Farbtondatenmanagement","og_description":"COROB Cloud: Synchronisieren Sie Farbtondaten ger\u00e4te\u00fcbergreifend, greifen Sie auf Erkenntnisse zu und verwalten Sie Ihr UnternehmenRemote mit Echtzeit-Updates und Analysen.","og_url":"https:\/\/www.corob.com\/de\/products\/software-de\/corob-cloud\/","og_site_name":"COROB","article_modified_time":"2025-11-24T15:09:36+00:00","og_image":[{"width":1200,"height":1200,"url":"https:\/\/www.corob.com\/wp-content\/uploads\/2019\/07\/CCloud-01-T.png","type":"image\/png"}],"twitter_card":"summary_large_image","twitter_misc":{"Gesch\u00e4tzte Lesezeit":"21\u00a0Minuten"},"schema":{"@context":"https:\/\/schema.org","@graph":[{"@type":"WebPage","@id":"https:\/\/www.corob.com\/de\/products\/software-de\/corob-cloud\/","url":"https:\/\/www.corob.com\/de\/products\/software-de\/corob-cloud\/","name":"COROB Cloud: Intelligentes Farbtondatenmanagement","isPartOf":{"@id":"https:\/\/www.corob.com\/de\/#website"},"primaryImageOfPage":{"@id":"https:\/\/www.corob.com\/de\/products\/software-de\/corob-cloud\/#primaryimage"},"image":{"@id":"https:\/\/www.corob.com\/de\/products\/software-de\/corob-cloud\/#primaryimage"},"thumbnailUrl":"https:\/\/www.corob.com\/wp-content\/uploads\/2019\/07\/CCloud-01-T.png","datePublished":"2025-11-24T15:09:30+00:00","dateModified":"2025-11-24T15:09:36+00:00","description":"COROB Cloud: Synchronisieren Sie Farbtondaten ger\u00e4te\u00fcbergreifend, greifen Sie auf Erkenntnisse zu und verwalten Sie Ihr UnternehmenRemote mit Echtzeit-Updates und Analysen.","breadcrumb":{"@id":"https:\/\/www.corob.com\/de\/products\/software-de\/corob-cloud\/#breadcrumb"},"inLanguage":"de","potentialAction":[{"@type":"ReadAction","target":["https:\/\/www.corob.com\/de\/products\/software-de\/corob-cloud\/"]}]},{"@type":"ImageObject","inLanguage":"de","@id":"https:\/\/www.corob.com\/de\/products\/software-de\/corob-cloud\/#primaryimage","url":"https:\/\/www.corob.com\/wp-content\/uploads\/2019\/07\/CCloud-01-T.png","contentUrl":"https:\/\/www.corob.com\/wp-content\/uploads\/2019\/07\/CCloud-01-T.png","width":1200,"height":1200,"caption":"COROB cloud icon small"},{"@type":"BreadcrumbList","@id":"https:\/\/www.corob.com\/de\/products\/software-de\/corob-cloud\/#breadcrumb","itemListElement":[{"@type":"ListItem","position":1,"name":"Home","item":"https:\/\/www.corob.com\/de\/"},{"@type":"ListItem","position":2,"name":"PRODUKTE","item":"https:\/\/www.corob.com\/de\/produkte\/"},{"@type":"ListItem","position":3,"name":"COROB Cloud"}]},{"@type":"WebSite","@id":"https:\/\/www.corob.com\/de\/#website","url":"https:\/\/www.corob.com\/de\/","name":"COROB","description":"High-tech dispensing and mixing solutions for paints and coatings systems","publisher":{"@id":"https:\/\/www.corob.com\/de\/#organization"},"potentialAction":[{"@type":"SearchAction","target":{"@type":"EntryPoint","urlTemplate":"https:\/\/www.corob.com\/de\/?s={search_term_string}"},"query-input":{"@type":"PropertyValueSpecification","valueRequired":true,"valueName":"search_term_string"}}],"inLanguage":"de"},{"@type":"Organization","@id":"https:\/\/www.corob.com\/de\/#organization","name":"COROB","url":"https:\/\/www.corob.com\/de\/","logo":{"@type":"ImageObject","inLanguage":"de","@id":"https:\/\/www.corob.com\/de\/#\/schema\/logo\/image\/","url":"https:\/\/www.corob.com\/wp-content\/uploads\/2020\/01\/COROB-240.png","contentUrl":"https:\/\/www.corob.com\/wp-content\/uploads\/2020\/01\/COROB-240.png","width":240,"height":73,"caption":"COROB"},"image":{"@id":"https:\/\/www.corob.com\/de\/#\/schema\/logo\/image\/"},"sameAs":["https:\/\/www.linkedin.com\/company\/corob\/","https:\/\/www.youtube.com\/channel\/UCxnFt4FEhuhdm87NAb27qBQ"]}]}},"_links":{"self":[{"href":"https:\/\/www.corob.com\/de\/wp-json\/wp\/v2\/product\/27091","targetHints":{"allow":["GET"]}}],"collection":[{"href":"https:\/\/www.corob.com\/de\/wp-json\/wp\/v2\/product"}],"about":[{"href":"https:\/\/www.corob.com\/de\/wp-json\/wp\/v2\/types\/product"}],"wp:featuredmedia":[{"embeddable":true,"href":"https:\/\/www.corob.com\/de\/wp-json\/wp\/v2\/media\/18333"}],"wp:attachment":[{"href":"https:\/\/www.corob.com\/de\/wp-json\/wp\/v2\/media?parent=27091"}],"wp:term":[{"taxonomy":"product_brand","embeddable":true,"href":"https:\/\/www.corob.com\/de\/wp-json\/wp\/v2\/product_brand?post=27091"},{"taxonomy":"product_cat","embeddable":true,"href":"https:\/\/www.corob.com\/de\/wp-json\/wp\/v2\/product_cat?post=27091"},{"taxonomy":"product_tag","embeddable":true,"href":"https:\/\/www.corob.com\/de\/wp-json\/wp\/v2\/product_tag?post=27091"}],"curies":[{"name":"wp","href":"https:\/\/api.w.org\/{rel}","templated":true}]}}