{"id":27098,"date":"2025-11-24T15:18:31","date_gmt":"2025-11-24T15:18:31","guid":{"rendered":"https:\/\/www.corob.com\/products\/uncategorized\/n10\/"},"modified":"2025-11-24T15:18:32","modified_gmt":"2025-11-24T15:18:32","slug":"n10","status":"publish","type":"product","link":"https:\/\/www.corob.com\/de\/products\/novaflow-systeme\/n10\/","title":{"rendered":"N10"},"content":{"rendered":"<p><div class=\"fusion-fullwidth fullwidth-box fusion-builder-row-1 fusion-flex-container has-pattern-background has-mask-background nonhundred-percent-fullwidth non-hundred-percent-height-scrolling\" style=\"--awb-border-radius-top-left:0px;--awb-border-radius-top-right:0px;--awb-border-radius-bottom-right:0px;--awb-border-radius-bottom-left:0px;--awb-flex-wrap:wrap;\" id=\"Container-Exceptional\" ><div class=\"fusion-builder-row fusion-row fusion-flex-align-items-flex-start fusion-flex-content-wrap\" style=\"max-width:1456px;margin-left: calc(-4% \/ 2 );margin-right: calc(-4% \/ 2 );\"><div class=\"fusion-layout-column fusion_builder_column fusion-builder-column-0 fusion_builder_column_1_1 1_1 fusion-flex-column\" style=\"--awb-bg-size:cover;--awb-width-large:100%;--awb-margin-top-large:0px;--awb-spacing-right-large:1.92%;--awb-margin-bottom-large:20px;--awb-spacing-left-large:1.92%;--awb-width-medium:100%;--awb-order-medium:0;--awb-spacing-right-medium:1.92%;--awb-spacing-left-medium:1.92%;--awb-width-small:100%;--awb-order-small:0;--awb-spacing-right-small:1.92%;--awb-spacing-left-small:1.92%;\"><div class=\"fusion-column-wrapper fusion-column-has-shadow fusion-flex-justify-content-flex-start fusion-content-layout-column\"><div class=\"fusion-text fusion-text-1\" style=\"--awb-content-alignment:center;--awb-font-size:28px;\"><p>Die N10-Produktfamilie bietet <strong>voll ausgestattete<\/strong> <strong>manuelle Formulierungsysteme<\/strong> (SMARTSCALE), die entwickelt wurden, um die Produktionsanforderungen einer Vielzahl von Compoundierungs- und manuellen Mischanwendungen zu erf\u00fcllen.<\/p>\n<\/div><\/div><\/div><\/div><\/div><div class=\"fusion-fullwidth fullwidth-box fusion-builder-row-2 has-pattern-background has-mask-background nonhundred-percent-fullwidth non-hundred-percent-height-scrolling\" style=\"--awb-border-radius-top-left:0px;--awb-border-radius-top-right:0px;--awb-border-radius-bottom-right:0px;--awb-border-radius-bottom-left:0px;--awb-flex-wrap:wrap;\" id=\"Container-Features\" ><div class=\"fusion-builder-row fusion-row\"><div class=\"fusion-layout-column fusion_builder_column fusion-builder-column-1 fusion_builder_column_1_1 1_1 fusion-one-full fusion-column-first fusion-column-last\" style=\"--awb-bg-size:cover;\"><div class=\"fusion-column-wrapper fusion-column-has-shadow fusion-flex-column-wrapper-legacy\"><div class=\"fusion-text fusion-text-2\"><p>Diese Systeme bieten eine <strong>zuverl\u00e4ssige<\/strong> und <strong>kosteng\u00fcnstige<\/strong> L\u00f6sung f\u00fcr die Rezeptur- und Bestandsverwaltung sowie f\u00fcr <strong>manuelles Chargenmischen und Compoundieren<\/strong>.<\/p>\n<p>Jedes <strong>N10S<\/strong>-System ist eine komplette, eigenst\u00e4ndige Einheit, die einen Industrie-Computer, die NOVABLEND Software und eine elektronische Waage umfasst. Der Bediener w\u00e4hlt einfach die gew\u00fcnschte Rezeptur aus, und das System f\u00fchrt ihn mit Bildschirmanweisungen durch den Prozess, wobei die genaue Menge jeder zu dosierenden Komponente angezeigt wird. Akustische und grafische Unterst\u00fctzung gew\u00e4hrleistet die Genauigkeit w\u00e4hrend des gesamten Wiegevorgangs.  <\/p>\n<p>Die integrierte, computergesteuerte Waage kann mit einer Vielzahl von Waagenplattformen verbunden werden, was eine Anpassung an Umgebung, Chargengr\u00f6\u00dfe und erforderliche Pr\u00e4zision erm\u00f6glicht. Eine Vielzahl von Waagenkapazit\u00e4ten, Aufl\u00f6sungen und Umweltschutzma\u00dfnahmen \u2013 einschlie\u00dflich spritzwassergesch\u00fctzter Optionen \u2013 sind verf\u00fcgbar. Optionales Zubeh\u00f6r umfasst Barcode-Scanner und Etikettendrucker.  <\/p>\n<p>Das <strong>N10S<\/strong> ist sowohl in <strong>Desktop<\/strong>&#8211; als auch in <strong>Industrie<\/strong>-Versionen erh\u00e4ltlich, beide f\u00fcr den Einsatz in nicht explosionsgef\u00e4hrdeten Umgebungen vorgesehen. F\u00fcr den Betrieb in klassifizierten explosionsgef\u00e4hrdeten Bereichen ist die <g id=\"gid_3\">N10SX<\/g>-Variante die ideale L\u00f6sung. Es ist zertifiziert und elektrisch geerdet f\u00fcr FM Class 1\/Division 1, IECx und ATEX Zone 1\/21 Umgebungen und umfasst spezielle Hardware f\u00fcr den sicheren Betrieb unter solchen Bedingungen.  <\/p>\n<p>Ob in Standard- oder explosionsgef\u00e4hrdeten Umgebungen, bieten die N10S- und N10SX-Systeme eine <strong>skalierbare, benutzerfreundliche L\u00f6sung<\/strong>, die mit Ihren Produktionsanforderungen w\u00e4chst.<\/p>\n<\/div><div class=\"fusion-clearfix\"><\/div><\/div><\/div><div class=\"fusion-layout-column fusion_builder_column fusion-builder-column-2 fusion_builder_column_1_2 1_2 fusion-one-half fusion-column-first\" style=\"--awb-bg-size:cover;width:50%;width:calc(50% - ( ( 4% ) * 0.5 ) );margin-right: 4%;\"><div class=\"fusion-column-wrapper fusion-column-has-shadow fusion-flex-column-wrapper-legacy\"><div class=\"fusion-text fusion-text-3\"><ul>\n<li>NOVABLEND Level 1 Enterprise Materialmanagement Software<\/li>\n<li>Akustische und grafische Wiegeunterst\u00fctzung<\/li>\n<li>Automatisierte Neuformulierung bei versehentlichen Zugaben<\/li>\n<li>Material-, Rezeptur- und Arbeitsauftragsdatenbanken<\/li>\n<\/ul>\n<\/div><div class=\"fusion-clearfix\"><\/div><\/div><\/div><div class=\"fusion-layout-column fusion_builder_column fusion-builder-column-3 fusion_builder_column_1_2 1_2 fusion-one-half fusion-column-last\" style=\"--awb-bg-size:cover;width:50%;width:calc(50% - ( ( 4% ) * 0.5 ) );\"><div class=\"fusion-column-wrapper fusion-column-has-shadow fusion-flex-column-wrapper-legacy\"><div class=\"fusion-text fusion-text-4\"><ul>\n<li>Umwelt- \/ VOC-Berichterstattung (N10SX)<\/li>\n<li>Mehrbenutzer-Netzwerk und Fernzugriff<\/li>\n<li>Optionale Barcode-Scanner und Etikettendrucker<\/li>\n<li>Skalierbar bis zur vollautomatischen Dosierung mit Pumpenkreisl\u00e4ufen<\/li>\n<\/ul>\n<\/div><div class=\"fusion-clearfix\"><\/div><\/div><\/div><\/div><\/div><div class=\"fusion-fullwidth fullwidth-box fusion-builder-row-3 has-pattern-background has-mask-background nonhundred-percent-fullwidth non-hundred-percent-height-scrolling\" style=\"--awb-border-radius-top-left:0px;--awb-border-radius-top-right:0px;--awb-border-radius-bottom-right:0px;--awb-border-radius-bottom-left:0px;--awb-padding-bottom:20px;--awb-flex-wrap:wrap;\" id=\"Container-Technical-Data\" ><div class=\"fusion-builder-row fusion-row\"><div class=\"fusion-layout-column fusion_builder_column fusion-builder-column-4 fusion_builder_column_1_2 1_2 fusion-one-half fusion-column-first\" style=\"--awb-bg-size:cover;width:48%; margin-right: 4%;\"><div class=\"fusion-column-wrapper fusion-column-has-shadow fusion-flex-column-wrapper-legacy\"><div class=\"fusion-title title fusion-title-1 fusion-sep-none fusion-title-text fusion-title-size-three\"><h3 class=\"fusion-title-heading title-heading-left fusion-responsive-typography-calculated\" style=\"margin:0;--fontSize:28;--minFontSize:28;line-height:1.2;\">Technische Daten<\/h3><\/div><div class=\"fusion-clearfix\"><\/div><\/div><\/div><div class=\"fusion-layout-column fusion_builder_column fusion-builder-column-5 fusion_builder_column_1_1 1_1 fusion-one-full fusion-column-last\" style=\"--awb-bg-size:cover;--awb-margin-bottom:0px;\"><div class=\"fusion-column-wrapper fusion-flex-column-wrapper-legacy\">\n<div class=\"table-1\">\n<table width=\"100%\">\n<tbody>\n<tr>\n<td align=\"left\" width=\"22%\"><\/td>\n<td align=\"center\" width=\"26%\"><strong>N10S (Desktop)<\/strong><\/td>\n<td align=\"center\" width=\"26%\"><strong>N10S (Industrie)<\/strong><\/td>\n<td align=\"center\" width=\"26%\"><strong>N10SX<\/strong><\/td>\n<\/tr>\n<tr>\n<td align=\"left\">Arbeitsumgebung<\/td>\n<td align=\"left\">Nicht explosionsgef\u00e4hrdet<\/td>\n<td align=\"left\">Nicht explosionsgef\u00e4hrdet<\/td>\n<td align=\"left\">Explosionsgef\u00e4hrdet<\/td>\n<\/tr>\n<tr>\n<td align=\"left\">Dosiertyp<\/td>\n<td align=\"left\">Sequenziell<\/td>\n<td align=\"left\">Sequenziell<\/td>\n<td align=\"left\">Sequenziell<\/td>\n<\/tr>\n<tr>\n<td align=\"left\">Waagenkapazit\u00e4t [lbs] (kg)<\/td>\n<td align=\"left\">12 \u2013 6000 [6 &#8211; 3000]<\/td>\n<td align=\"left\">12 \u2013 6000 [6 &#8211; 3000]<\/td>\n<td align=\"left\">12 \u2013 6000 [6 &#8211; 3000]<\/td>\n<\/tr>\n<tr>\n<td align=\"left\">Waagenaufl\u00f6sung<\/td>\n<td align=\"left\">\u00b10.0002 &#8211; 0.01 lbs [\u00b10.1 &#8211; 5g]<\/td>\n<td align=\"left\">\u00b10.0002 &#8211; 0.01 lbs [\u00b10.1 &#8211; 5g]<\/td>\n<td align=\"left\">\u00b10.0002 &#8211; 0.01 lbs [\u00b10.1 &#8211; 5g]<\/td>\n<\/tr>\n<tr>\n<td align=\"left\">Abmessungen HxLxT [in] (mm)<\/td>\n<td align=\"left\">34 x 20 x 18 (864 x 508 x 457)<\/td>\n<td align=\"left\">48 x 20 x 75 (1219 x 508 x 1905)<\/td>\n<td align=\"left\">48 x 20 x 75 (1219 x 508 x 1905)<\/td>\n<\/tr>\n<tr>\n<td align=\"left\">Grundfl\u00e4che [sq ft] (m\u00b2)*<\/td>\n<td align=\"left\">4,7 (0,4)<\/td>\n<td align=\"left\">6,7 (0,6)<\/td>\n<td align=\"left\">6,7 (0,6)<\/td>\n<\/tr>\n<tr>\n<td align=\"left\">Gewicht [lbs] (kg)*<\/td>\n<td align=\"left\">25 (11)<\/td>\n<td align=\"left\">270 (122)<\/td>\n<td align=\"left\">270 (122)<\/td>\n<\/tr>\n<tr>\n<td align=\"left\">Stromversorgung<\/td>\n<td align=\"left\">110 \/ 220 Vac, 50-60 Hz, 10A Sicherung, einphasig<\/td>\n<td align=\"left\">110 \/ 220 Vac, 50-60 Hz, 10A Sicherung, einphasig<\/td>\n<td align=\"left\">110 \/ 220 Vac, 50-60 Hz, 10A Sicherung, einphasig<\/td>\n<\/tr>\n<tr>\n<td align=\"left\">Druckluftversorgung<\/td>\n<td align=\"left\">Nicht erforderlich<\/td>\n<td align=\"left\">Nicht erforderlich<\/td>\n<td align=\"left\">5 scfm@90psi<\/td>\n<\/tr>\n<tr>\n<td align=\"left\">Konnektivit\u00e4t (f\u00fcr Fernwartung)<\/td>\n<td align=\"left\">Ethernet<\/td>\n<td align=\"left\">Ethernet<\/td>\n<td align=\"left\">Ethernet<\/td>\n<\/tr>\n<tr>\n<td align=\"left\">Zertifizierungen<\/td>\n<td align=\"left\">CE, ESA, CSA, UL<\/td>\n<td align=\"left\">CE, ESA, CSA, UL<\/td>\n<td align=\"left\">CE, ESA, CSA, UL, FM Class 1\/Division 1, IECx und ATEX Zone 1\/2<\/td>\n<\/tr>\n<\/tbody>\n<\/table>\n<\/div>\n<div class=\"fusion-text fusion-text-5\"><p><em>* Werte abh\u00e4ngig von der Waagenwahl, Spezifikationen f\u00fcr N10-Systeme angegeben.<br \/>\n<\/em>Hinweis: Die Daten beziehen sich auf die Basiskonfiguration der Maschine, Werte k\u00f6nnen je nach Spezifikation variieren.<\/p>\n<\/div><div class=\"fusion-clearfix\"><\/div><\/div><\/div><\/div><\/div><div class=\"fusion-fullwidth fullwidth-box fusion-builder-row-4 has-pattern-background has-mask-background nonhundred-percent-fullwidth non-hundred-percent-height-scrolling\" style=\"--awb-border-radius-top-left:0px;--awb-border-radius-top-right:0px;--awb-border-radius-bottom-right:0px;--awb-border-radius-bottom-left:0px;--awb-padding-top:20px;--awb-padding-bottom:20px;--awb-flex-wrap:wrap;\" id=\"Container-Download-Area\" ><div class=\"fusion-builder-row fusion-row\"><div class=\"fusion-layout-column fusion_builder_column fusion-builder-column-6 fusion_builder_column_1_2 1_2 fusion-one-half fusion-column-first\" style=\"--awb-bg-size:cover;width:48%; margin-right: 4%;\"><div class=\"fusion-column-wrapper fusion-column-has-shadow fusion-flex-column-wrapper-legacy\"><div class=\"fusion-title title fusion-title-2 fusion-sep-none fusion-title-text fusion-title-size-three\"><h3 class=\"fusion-title-heading title-heading-left fusion-responsive-typography-calculated\" style=\"margin:0;--fontSize:28;--minFontSize:28;line-height:1.2;\">Downloadbereich<\/h3><\/div><div class=\"fusion-clearfix\"><\/div><\/div><\/div><div class=\"fusion-layout-column fusion_builder_column fusion-builder-column-7 fusion_builder_column_1_1 1_1 fusion-one-full fusion-column-last\" style=\"--awb-bg-size:cover;--awb-margin-bottom:0px;\"><div class=\"fusion-column-wrapper fusion-flex-column-wrapper-legacy\"><div class=\"fusion-builder-row fusion-builder-row-inner fusion-row\"><div class=\"fusion-layout-column fusion_builder_column_inner fusion-builder-nested-column-0 fusion_builder_column_inner_1_2 1_2 fusion-one-half fusion-column-first\" style=\"--awb-padding-top:20px;--awb-padding-right:20px;--awb-padding-bottom:20px;--awb-padding-left:20px;--awb-bg-size:cover;--awb-border-color:#eaeaea;--awb-border-top:1px;--awb-border-right:1px;--awb-border-bottom:1px;--awb-border-left:1px;--awb-border-style:solid;width:50%;width:calc(50% - ( ( 40px ) * 0.5 ) );margin-right: 40px;\"><div class=\"fusion-column-wrapper fusion-column-has-shadow fusion-flex-column-wrapper-legacy\"><div class=\"fusion-title title fusion-title-3 fusion-sep-none fusion-title-text fusion-title-size-five\" style=\"--awb-margin-bottom:20px;\"><h5 class=\"fusion-title-heading title-heading-left fusion-responsive-typography-calculated\" style=\"margin:0;--fontSize:20;--minFontSize:20;line-height:1.2;\">BROSCH\u00dcRE<\/h5><\/div><div class=\"fusion-text fusion-text-6\"><p><i class=\"fb-icon-element-1 fb-icon-element fontawesome-icon fa-book fas circle-no fusion-text-flow\" style=\"--awb-iconcolor:#606060;--awb-iconcolor-hover:#606060;--awb-font-size:32px;--awb-margin-right:20px;\"><\/i> <a class=\"download-link\" title=\"\" href=\"https:\/\/www.corob.com\/de\/download\/10027\/\" rel=\"nofollow\">\n\tN10 Brochure English<\/a><\/p>\n<\/div><div class=\"fusion-clearfix\"><\/div><\/div><\/div><\/div><div class=\"fusion-clearfix\"><\/div><\/div><\/div><\/div><\/div><\/p>\n","protected":false},"excerpt":{"rendered":"<h2>Rezepturverwaltung f\u00fcr manuelles Chargenmischen und Compoundieren<\/h2>\n[fusion_checklist icon=\"fa-check fas\" iconcolor=\"#cf102d\" circle=\"no\" circlecolor=\"\" size=\"\" divider=\"no\" divider_color=\"\" hide_on_mobile=\"small-visibility,medium-visibility,large-visibility\" class=\"\" id=\"\"][fusion_li_item icon=\"\"]<strong>JUST-IN-TIME-PRODUKTION<\/strong><br \/>\nProduzieren Sie nur die ben\u00f6tigte Menge, wenn Sie sie ben\u00f6tigen, wodurch Abfall und Lagerbest\u00e4nde an Fertigprodukten reduziert werden.[\/fusion_li_item][fusion_li_item icon=\"\"]<strong>EINFACHE BEDIENUNG<\/strong><br \/>\nIntuitive Software bietet umfassende Funktionen f\u00fcr Rezeptur, Bestandsverwaltung und Berichterstellung.[\/fusion_li_item][fusion_li_item icon=\"\"]<strong>ZUVERL\u00c4SSIG<\/strong><br \/>\nBranchenerprobte Technologie f\u00fchrt zu minimalen Ausfallzeiten bei gleichzeitiger pr\u00e4ziser und reproduzierbarer Chargenproduktion.[\/fusion_li_item][fusion_li_item icon=\"\"]<strong>REDUZIERTE KOSTEN<\/strong><br \/>\nWeniger Abfall, reduzierter Materialbestand.[\/fusion_li_item]<br \/>\n[\/fusion_checklist]\n","protected":false},"featured_media":20526,"template":"","meta":{"_acf_changed":false},"product_brand":[],"product_cat":[571],"product_tag":[],"class_list":{"0":"post-27098","1":"product","2":"type-product","3":"status-publish","4":"has-post-thumbnail","6":"product_cat-novaflow-systeme","8":"first","9":"instock","10":"shipping-taxable","11":"product-type-simple"},"acf":[],"yoast_head":"<!-- This site is optimized with the Yoast SEO plugin v25.5 - https:\/\/yoast.com\/wordpress\/plugins\/seo\/ -->\n<title>Manuelles Chargenmischen mit dem N10-System<\/title>\n<meta name=\"description\" content=\"Entdecken Sie N10: eine skalierbare, zertifizierte L\u00f6sung f\u00fcr manuelles Chargenmischen mit der NOVABLEND Software, Just-in-Time-Produktion und vollst\u00e4ndiger Rezepturkontrolle.\" \/>\n<meta name=\"robots\" content=\"index, follow, max-snippet:-1, max-image-preview:large, max-video-preview:-1\" \/>\n<link rel=\"canonical\" href=\"https:\/\/www.corob.com\/de\/products\/novaflow-systeme\/n10\/\" \/>\n<meta property=\"og:locale\" content=\"de_DE\" \/>\n<meta property=\"og:type\" content=\"article\" \/>\n<meta property=\"og:title\" content=\"Manuelles Chargenmischen mit dem N10-System\" \/>\n<meta property=\"og:description\" content=\"Entdecken Sie N10: eine skalierbare, zertifizierte L\u00f6sung f\u00fcr manuelles Chargenmischen mit der NOVABLEND Software, Just-in-Time-Produktion und vollst\u00e4ndiger Rezepturkontrolle.\" \/>\n<meta property=\"og:url\" content=\"https:\/\/www.corob.com\/de\/products\/novaflow-systeme\/n10\/\" \/>\n<meta property=\"og:site_name\" content=\"COROB\" \/>\n<meta property=\"article:modified_time\" content=\"2025-11-24T15:18:32+00:00\" \/>\n<meta property=\"og:image\" content=\"https:\/\/www.corob.com\/wp-content\/uploads\/2020\/01\/N10S-2.png\" \/>\n\t<meta property=\"og:image:width\" content=\"1200\" \/>\n\t<meta property=\"og:image:height\" content=\"1200\" \/>\n\t<meta property=\"og:image:type\" content=\"image\/png\" \/>\n<meta name=\"twitter:card\" content=\"summary_large_image\" \/>\n<meta name=\"twitter:label1\" content=\"Gesch\u00e4tzte Lesezeit\" \/>\n\t<meta name=\"twitter:data1\" content=\"25\u00a0Minuten\" \/>\n<script type=\"application\/ld+json\" class=\"yoast-schema-graph\">{\"@context\":\"https:\/\/schema.org\",\"@graph\":[{\"@type\":\"WebPage\",\"@id\":\"https:\/\/www.corob.com\/de\/products\/novaflow-systeme\/n10\/\",\"url\":\"https:\/\/www.corob.com\/de\/products\/novaflow-systeme\/n10\/\",\"name\":\"Manuelles Chargenmischen mit dem N10-System\",\"isPartOf\":{\"@id\":\"https:\/\/www.corob.com\/de\/#website\"},\"primaryImageOfPage\":{\"@id\":\"https:\/\/www.corob.com\/de\/products\/novaflow-systeme\/n10\/#primaryimage\"},\"image\":{\"@id\":\"https:\/\/www.corob.com\/de\/products\/novaflow-systeme\/n10\/#primaryimage\"},\"thumbnailUrl\":\"https:\/\/www.corob.com\/wp-content\/uploads\/2020\/01\/N10S-2.png\",\"datePublished\":\"2025-11-24T15:18:31+00:00\",\"dateModified\":\"2025-11-24T15:18:32+00:00\",\"description\":\"Entdecken Sie N10: eine skalierbare, zertifizierte L\u00f6sung f\u00fcr manuelles Chargenmischen mit der NOVABLEND Software, Just-in-Time-Produktion und vollst\u00e4ndiger Rezepturkontrolle.\",\"breadcrumb\":{\"@id\":\"https:\/\/www.corob.com\/de\/products\/novaflow-systeme\/n10\/#breadcrumb\"},\"inLanguage\":\"de\",\"potentialAction\":[{\"@type\":\"ReadAction\",\"target\":[\"https:\/\/www.corob.com\/de\/products\/novaflow-systeme\/n10\/\"]}]},{\"@type\":\"ImageObject\",\"inLanguage\":\"de\",\"@id\":\"https:\/\/www.corob.com\/de\/products\/novaflow-systeme\/n10\/#primaryimage\",\"url\":\"https:\/\/www.corob.com\/wp-content\/uploads\/2020\/01\/N10S-2.png\",\"contentUrl\":\"https:\/\/www.corob.com\/wp-content\/uploads\/2020\/01\/N10S-2.png\",\"width\":1200,\"height\":1200,\"caption\":\"NOVAFLOW N10S full-featured, manual formulation systems - frontal\"},{\"@type\":\"BreadcrumbList\",\"@id\":\"https:\/\/www.corob.com\/de\/products\/novaflow-systeme\/n10\/#breadcrumb\",\"itemListElement\":[{\"@type\":\"ListItem\",\"position\":1,\"name\":\"Home\",\"item\":\"https:\/\/www.corob.com\/de\/\"},{\"@type\":\"ListItem\",\"position\":2,\"name\":\"PRODUKTE\",\"item\":\"https:\/\/www.corob.com\/de\/produkte\/\"},{\"@type\":\"ListItem\",\"position\":3,\"name\":\"N10\"}]},{\"@type\":\"WebSite\",\"@id\":\"https:\/\/www.corob.com\/de\/#website\",\"url\":\"https:\/\/www.corob.com\/de\/\",\"name\":\"COROB\",\"description\":\"High-tech dispensing and mixing solutions for paints and coatings systems\",\"publisher\":{\"@id\":\"https:\/\/www.corob.com\/de\/#organization\"},\"potentialAction\":[{\"@type\":\"SearchAction\",\"target\":{\"@type\":\"EntryPoint\",\"urlTemplate\":\"https:\/\/www.corob.com\/de\/?s={search_term_string}\"},\"query-input\":{\"@type\":\"PropertyValueSpecification\",\"valueRequired\":true,\"valueName\":\"search_term_string\"}}],\"inLanguage\":\"de\"},{\"@type\":\"Organization\",\"@id\":\"https:\/\/www.corob.com\/de\/#organization\",\"name\":\"COROB\",\"url\":\"https:\/\/www.corob.com\/de\/\",\"logo\":{\"@type\":\"ImageObject\",\"inLanguage\":\"de\",\"@id\":\"https:\/\/www.corob.com\/de\/#\/schema\/logo\/image\/\",\"url\":\"https:\/\/www.corob.com\/wp-content\/uploads\/2020\/01\/COROB-240.png\",\"contentUrl\":\"https:\/\/www.corob.com\/wp-content\/uploads\/2020\/01\/COROB-240.png\",\"width\":240,\"height\":73,\"caption\":\"COROB\"},\"image\":{\"@id\":\"https:\/\/www.corob.com\/de\/#\/schema\/logo\/image\/\"},\"sameAs\":[\"https:\/\/www.linkedin.com\/company\/corob\/\",\"https:\/\/www.youtube.com\/channel\/UCxnFt4FEhuhdm87NAb27qBQ\"]}]}<\/script>\n<!-- \/ Yoast SEO plugin. -->","yoast_head_json":{"title":"Manuelles Chargenmischen mit dem N10-System","description":"Entdecken Sie N10: eine skalierbare, zertifizierte L\u00f6sung f\u00fcr manuelles Chargenmischen mit der NOVABLEND Software, Just-in-Time-Produktion und vollst\u00e4ndiger Rezepturkontrolle.","robots":{"index":"index","follow":"follow","max-snippet":"max-snippet:-1","max-image-preview":"max-image-preview:large","max-video-preview":"max-video-preview:-1"},"canonical":"https:\/\/www.corob.com\/de\/products\/novaflow-systeme\/n10\/","og_locale":"de_DE","og_type":"article","og_title":"Manuelles Chargenmischen mit dem N10-System","og_description":"Entdecken Sie N10: eine skalierbare, zertifizierte L\u00f6sung f\u00fcr manuelles Chargenmischen mit der NOVABLEND Software, Just-in-Time-Produktion und vollst\u00e4ndiger Rezepturkontrolle.","og_url":"https:\/\/www.corob.com\/de\/products\/novaflow-systeme\/n10\/","og_site_name":"COROB","article_modified_time":"2025-11-24T15:18:32+00:00","og_image":[{"width":1200,"height":1200,"url":"https:\/\/www.corob.com\/wp-content\/uploads\/2020\/01\/N10S-2.png","type":"image\/png"}],"twitter_card":"summary_large_image","twitter_misc":{"Gesch\u00e4tzte Lesezeit":"25\u00a0Minuten"},"schema":{"@context":"https:\/\/schema.org","@graph":[{"@type":"WebPage","@id":"https:\/\/www.corob.com\/de\/products\/novaflow-systeme\/n10\/","url":"https:\/\/www.corob.com\/de\/products\/novaflow-systeme\/n10\/","name":"Manuelles Chargenmischen mit dem N10-System","isPartOf":{"@id":"https:\/\/www.corob.com\/de\/#website"},"primaryImageOfPage":{"@id":"https:\/\/www.corob.com\/de\/products\/novaflow-systeme\/n10\/#primaryimage"},"image":{"@id":"https:\/\/www.corob.com\/de\/products\/novaflow-systeme\/n10\/#primaryimage"},"thumbnailUrl":"https:\/\/www.corob.com\/wp-content\/uploads\/2020\/01\/N10S-2.png","datePublished":"2025-11-24T15:18:31+00:00","dateModified":"2025-11-24T15:18:32+00:00","description":"Entdecken Sie N10: eine skalierbare, zertifizierte L\u00f6sung f\u00fcr manuelles Chargenmischen mit der NOVABLEND Software, Just-in-Time-Produktion und vollst\u00e4ndiger Rezepturkontrolle.","breadcrumb":{"@id":"https:\/\/www.corob.com\/de\/products\/novaflow-systeme\/n10\/#breadcrumb"},"inLanguage":"de","potentialAction":[{"@type":"ReadAction","target":["https:\/\/www.corob.com\/de\/products\/novaflow-systeme\/n10\/"]}]},{"@type":"ImageObject","inLanguage":"de","@id":"https:\/\/www.corob.com\/de\/products\/novaflow-systeme\/n10\/#primaryimage","url":"https:\/\/www.corob.com\/wp-content\/uploads\/2020\/01\/N10S-2.png","contentUrl":"https:\/\/www.corob.com\/wp-content\/uploads\/2020\/01\/N10S-2.png","width":1200,"height":1200,"caption":"NOVAFLOW N10S full-featured, manual formulation systems - frontal"},{"@type":"BreadcrumbList","@id":"https:\/\/www.corob.com\/de\/products\/novaflow-systeme\/n10\/#breadcrumb","itemListElement":[{"@type":"ListItem","position":1,"name":"Home","item":"https:\/\/www.corob.com\/de\/"},{"@type":"ListItem","position":2,"name":"PRODUKTE","item":"https:\/\/www.corob.com\/de\/produkte\/"},{"@type":"ListItem","position":3,"name":"N10"}]},{"@type":"WebSite","@id":"https:\/\/www.corob.com\/de\/#website","url":"https:\/\/www.corob.com\/de\/","name":"COROB","description":"High-tech dispensing and mixing solutions for paints and coatings systems","publisher":{"@id":"https:\/\/www.corob.com\/de\/#organization"},"potentialAction":[{"@type":"SearchAction","target":{"@type":"EntryPoint","urlTemplate":"https:\/\/www.corob.com\/de\/?s={search_term_string}"},"query-input":{"@type":"PropertyValueSpecification","valueRequired":true,"valueName":"search_term_string"}}],"inLanguage":"de"},{"@type":"Organization","@id":"https:\/\/www.corob.com\/de\/#organization","name":"COROB","url":"https:\/\/www.corob.com\/de\/","logo":{"@type":"ImageObject","inLanguage":"de","@id":"https:\/\/www.corob.com\/de\/#\/schema\/logo\/image\/","url":"https:\/\/www.corob.com\/wp-content\/uploads\/2020\/01\/COROB-240.png","contentUrl":"https:\/\/www.corob.com\/wp-content\/uploads\/2020\/01\/COROB-240.png","width":240,"height":73,"caption":"COROB"},"image":{"@id":"https:\/\/www.corob.com\/de\/#\/schema\/logo\/image\/"},"sameAs":["https:\/\/www.linkedin.com\/company\/corob\/","https:\/\/www.youtube.com\/channel\/UCxnFt4FEhuhdm87NAb27qBQ"]}]}},"_links":{"self":[{"href":"https:\/\/www.corob.com\/de\/wp-json\/wp\/v2\/product\/27098","targetHints":{"allow":["GET"]}}],"collection":[{"href":"https:\/\/www.corob.com\/de\/wp-json\/wp\/v2\/product"}],"about":[{"href":"https:\/\/www.corob.com\/de\/wp-json\/wp\/v2\/types\/product"}],"wp:featuredmedia":[{"embeddable":true,"href":"https:\/\/www.corob.com\/de\/wp-json\/wp\/v2\/media\/20526"}],"wp:attachment":[{"href":"https:\/\/www.corob.com\/de\/wp-json\/wp\/v2\/media?parent=27098"}],"wp:term":[{"taxonomy":"product_brand","embeddable":true,"href":"https:\/\/www.corob.com\/de\/wp-json\/wp\/v2\/product_brand?post=27098"},{"taxonomy":"product_cat","embeddable":true,"href":"https:\/\/www.corob.com\/de\/wp-json\/wp\/v2\/product_cat?post=27098"},{"taxonomy":"product_tag","embeddable":true,"href":"https:\/\/www.corob.com\/de\/wp-json\/wp\/v2\/product_tag?post=27098"}],"curies":[{"name":"wp","href":"https:\/\/api.w.org\/{rel}","templated":true}]}}