{"id":27099,"date":"2025-11-24T15:20:13","date_gmt":"2025-11-24T15:20:13","guid":{"rendered":"https:\/\/www.corob.com\/products\/uncategorized\/n15j-2\/"},"modified":"2025-11-24T15:20:15","modified_gmt":"2025-11-24T15:20:15","slug":"n15j-2","status":"publish","type":"product","link":"https:\/\/www.corob.com\/de\/products\/novaflow-systeme\/n15j-2\/","title":{"rendered":"N15J"},"content":{"rendered":"<p><div class=\"fusion-fullwidth fullwidth-box fusion-builder-row-1 fusion-flex-container has-pattern-background has-mask-background nonhundred-percent-fullwidth non-hundred-percent-height-scrolling\" style=\"--awb-border-radius-top-left:0px;--awb-border-radius-top-right:0px;--awb-border-radius-bottom-right:0px;--awb-border-radius-bottom-left:0px;--awb-flex-wrap:wrap;\" id=\"Container-Exceptional\" ><div class=\"fusion-builder-row fusion-row fusion-flex-align-items-flex-start fusion-flex-content-wrap\" style=\"max-width:1456px;margin-left: calc(-4% \/ 2 );margin-right: calc(-4% \/ 2 );\"><div class=\"fusion-layout-column fusion_builder_column fusion-builder-column-0 fusion_builder_column_1_1 1_1 fusion-flex-column\" style=\"--awb-bg-size:cover;--awb-width-large:100%;--awb-margin-top-large:0px;--awb-spacing-right-large:1.92%;--awb-margin-bottom-large:20px;--awb-spacing-left-large:1.92%;--awb-width-medium:100%;--awb-order-medium:0;--awb-spacing-right-medium:1.92%;--awb-spacing-left-medium:1.92%;--awb-width-small:100%;--awb-order-small:0;--awb-spacing-right-small:1.92%;--awb-spacing-left-small:1.92%;\"><div class=\"fusion-column-wrapper fusion-column-has-shadow fusion-flex-justify-content-flex-start fusion-content-layout-column\"><div class=\"fusion-text fusion-text-1\" style=\"--awb-content-alignment:center;--awb-font-size:28px;\"><p>Der NOVAFLOW N15J ist ein <strong>kompakter<\/strong>, <strong>automatischer, gewichtsbasierter Dispenser<\/strong>, der die Pr\u00e4zision in der Kleinserienfertigung neu definiert. Er wurde f\u00fcr mittlere Produktivit\u00e4t auf begrenztem Raum entwickelt und bietet <strong>au\u00dfergew\u00f6hnliche gravimetrische Genauigkeit<\/strong> bei <strong>minimaler Grundfl\u00e4che<\/strong>.<\/p>\n<\/div><\/div><\/div><\/div><\/div><div class=\"fusion-fullwidth fullwidth-box fusion-builder-row-2 has-pattern-background has-mask-background nonhundred-percent-fullwidth non-hundred-percent-height-scrolling\" style=\"--awb-border-radius-top-left:0px;--awb-border-radius-top-right:0px;--awb-border-radius-bottom-right:0px;--awb-border-radius-bottom-left:0px;--awb-flex-wrap:wrap;\" id=\"Container-Features\" ><div class=\"fusion-builder-row fusion-row\"><div class=\"fusion-layout-column fusion_builder_column fusion-builder-column-1 fusion_builder_column_1_2 1_2 fusion-one-half fusion-column-first\" style=\"--awb-bg-size:cover;width:50%;width:calc(50% - ( ( 4% ) * 0.5 ) );margin-right: 4%;\"><div class=\"fusion-column-wrapper fusion-column-has-shadow fusion-flex-column-wrapper-legacy\"><div class=\"fusion-clearfix\"><\/div><\/div><\/div><div class=\"fusion-layout-column fusion_builder_column fusion-builder-column-2 fusion_builder_column_1_2 1_2 fusion-one-half fusion-column-last\" style=\"--awb-bg-size:cover;width:50%;width:calc(50% - ( ( 4% ) * 0.5 ) );\"><div class=\"fusion-column-wrapper fusion-column-has-shadow fusion-flex-column-wrapper-legacy\"><div class=\"fusion-clearfix\"><\/div><\/div><\/div><div class=\"fusion-layout-column fusion_builder_column fusion-builder-column-3 fusion_builder_column_1_1 1_1 fusion-one-full fusion-column-first fusion-column-last\" style=\"--awb-bg-size:cover;\"><div class=\"fusion-column-wrapper fusion-column-has-shadow fusion-flex-column-wrapper-legacy\"><div class=\"fusion-text fusion-text-2\"><p>Der <strong>N15J<\/strong> ist ideal f\u00fcr Tinten-, Beschichtungs- oder Chemieanwendungen, bei denen eine pr\u00e4zise, gewichtsbasierte Dosierung unerl\u00e4sslich ist, und bietet eine <strong>intelligente, platzsparende L\u00f6sung<\/strong> f\u00fcr Ihre Produktionsanforderungen.<\/p>\n<p>Mit seinem kompakten Design zeichnet sich der N15 Dispenser in <strong>nicht-gef\u00e4hrlichen Umgebungen<\/strong> aus und produziert effizient kleine Chargen, wo der Platz begrenzt ist.<\/p>\n<p>Er kann 1-Gallonen-Chargen in nur 3 Minuten* produzieren, selbst in Beh\u00e4lter mit \u00d6ffnungen von nur 1,56 Zoll.<\/p>\n<p>Der N15J verwendet exklusive COROB Integrated Nozzle Valves und zuverl\u00e4ssige Novaflow Dosierhardware und -software, um <strong>schnelle, pr\u00e4zise und wiederholbare Ergebnisse<\/strong> zu gew\u00e4hrleisten. Robuste Membranpumpen ziehen Produkte direkt aus den Quellbeh\u00e4ltern, wodurch das Durcheinander und die M\u00fche des Umf\u00fcllens in Sekund\u00e4rbeh\u00e4lter entfallen. <\/p>\n<p>Die Systemkonfiguration umfasst 12 Eimer- und 2 Fassstationen, wobei Pumpen und Fluidkreislaufkomponenten passend zu den chemischen Eigenschaften und der Rheologie Ihrer Produkte ausgew\u00e4hlt werden, um <strong>optimale Leistung zu gew\u00e4hrleisten<\/strong>.<\/p>\n<p>Der N15J wird von der branchen\u00fcblichen Novaflow Dosier- und Materialverwaltungssoftware gesteuert und bietet vollst\u00e4ndige Kontrolle und Transparenz \u00fcber Produktverbrauch und Produktionsdaten.<\/p>\n<p>Zus\u00e4tzlich verf\u00fcgt das System \u00fcber ein verstellbares Regal f\u00fcr die Dosierung in Beh\u00e4lter unterschiedlicher H\u00f6he und beinhaltet einen Drucker f\u00fcr die automatische Beh\u00e4lteretikettierung, um eine <strong>zuverl\u00e4ssige Identifizierung der Fertigprodukte<\/strong> zu gew\u00e4hrleisten.<\/p>\n<p>W\u00e4hlen Sie den <strong>NOVAFLOW N15J<\/strong> f\u00fcr eine kompakte, effiziente und hochgenaue Dosierl\u00f6sung, die auf Ihre Kleinserienproduktionsanforderungen zugeschnitten ist.<\/p>\n<p><em>*Die Werte h\u00e4ngen stark von der Art der Farbpasten und ihren rheologischen Eigenschaften ab.<\/em><\/p>\n<\/div><div class=\"fusion-clearfix\"><\/div><\/div><\/div><\/div><\/div><div class=\"fusion-fullwidth fullwidth-box fusion-builder-row-3 has-pattern-background has-mask-background nonhundred-percent-fullwidth non-hundred-percent-height-scrolling\" style=\"--awb-border-radius-top-left:0px;--awb-border-radius-top-right:0px;--awb-border-radius-bottom-right:0px;--awb-border-radius-bottom-left:0px;--awb-padding-bottom:20px;--awb-flex-wrap:wrap;\" id=\"Container-Technical-Data\" ><div class=\"fusion-builder-row fusion-row\"><div class=\"fusion-layout-column fusion_builder_column fusion-builder-column-4 fusion_builder_column_1_2 1_2 fusion-one-half fusion-column-first\" style=\"--awb-bg-size:cover;width:48%; margin-right: 4%;\"><div class=\"fusion-column-wrapper fusion-column-has-shadow fusion-flex-column-wrapper-legacy\"><div class=\"fusion-title title fusion-title-1 fusion-sep-none fusion-title-text fusion-title-size-three\"><h3 class=\"fusion-title-heading title-heading-left fusion-responsive-typography-calculated\" style=\"margin:0;--fontSize:28;--minFontSize:28;line-height:1.2;\">Technische Daten<\/h3><\/div><div class=\"fusion-clearfix\"><\/div><\/div><\/div><div class=\"fusion-layout-column fusion_builder_column fusion-builder-column-5 fusion_builder_column_1_1 1_1 fusion-one-full fusion-column-last\" style=\"--awb-bg-size:cover;--awb-margin-bottom:0px;\"><div class=\"fusion-column-wrapper fusion-flex-column-wrapper-legacy\">\n<div class=\"table-1\">\n<p>&nbsp;<\/p>\n<table width=\"100%\">\n<tbody>\n<tr>\n<td align=\"left\" width=\"20%\"><\/td>\n<td align=\"center\" width=\"40%\"><strong>N15J [LV]<\/strong><\/td>\n<td align=\"center\" width=\"40%\"><strong>N15J [HV]<\/strong><\/td>\n<\/tr>\n<tr>\n<td align=\"left\">Arbeitsumgebung<\/td>\n<td align=\"left\">Nicht-gef\u00e4hrlich<\/td>\n<td align=\"left\">Nicht-gef\u00e4hrlich<\/td>\n<\/tr>\n<tr>\n<td align=\"left\">Anwendung<\/td>\n<td align=\"left\">Produkte auf Wasser- und UV-Basis<\/td>\n<td align=\"left\">Produkte auf Wasser- und UV-Basis<\/td>\n<\/tr>\n<tr>\n<td align=\"left\">Anzahl der Kreisl\u00e4ufe<\/td>\n<td align=\"left\">14<\/td>\n<td align=\"left\">14<\/td>\n<\/tr>\n<tr>\n<td align=\"left\">Art der Kreisl\u00e4ufe<\/td>\n<td align=\"left\">12 Eimer und 2 F\u00e4sser<\/td>\n<td align=\"left\">12 Eimer und 2 F\u00e4sser<\/td>\n<\/tr>\n<tr>\n<td align=\"left\">Minimale Beh\u00e4lter\u00f6ffnung<\/td>\n<td align=\"left\">50 mm (2\u201d)<\/td>\n<td align=\"left\">50 mm (2\u201d)<\/td>\n<\/tr>\n<tr>\n<td align=\"left\">Typische Chargengr\u00f6\u00dfe<\/td>\n<td align=\"left\">Von 0,5 l bis 4,5 l (0,15 &#8211; 1,2 USG)<\/td>\n<td align=\"left\">Von 0,5 l bis 4,5 l (0,15 &#8211; 1,2 USG)<\/td>\n<\/tr>\n<tr>\n<td align=\"left\">Produktviskosit\u00e4t<\/td>\n<td align=\"left\">2000 CPS max.<\/td>\n<td align=\"left\">6000 CPS max.<\/td>\n<\/tr>\n<tr>\n<td align=\"left\">Leistung<\/td>\n<td align=\"left\">4\u20136 min pro 4,5 l (1 USG) Charge<\/td>\n<td align=\"left\">4\u20136 min pro 4,5 l (1 USG) Charge<\/td>\n<\/tr>\n<tr>\n<td align=\"left\">Ventil-Typ<\/td>\n<td align=\"left\">COROB Integrated Nozzle Valves (INV)<\/td>\n<td align=\"left\">COROB 3-Wege-Ventil<\/td>\n<\/tr>\n<tr>\n<td align=\"left\">Genauigkeit*<\/td>\n<td align=\"left\">ab \u00b1 0,5 g<\/td>\n<td align=\"left\">ab \u00b1 0,5 g<\/td>\n<\/tr>\n<tr>\n<td align=\"left\">Pumpengr\u00f6\u00dfe<\/td>\n<td align=\"left\">DN6 \u2013 \u00bc\u201d (Eimerstationen) \/ DN12 \u2013 1\/2\u201d (Fassstationen)<\/td>\n<td align=\"left\">DN6 \u2013 \u00bc\u201d (Eimerstationen) \/ DN12 \u2013 1\/2\u201d (Fassstationen)<\/td>\n<\/tr>\n<tr>\n<td align=\"left\">Ventilreiniger<\/td>\n<td align=\"left\">Autopad<\/td>\n<td align=\"left\">Autocap<\/td>\n<\/tr>\n<tr>\n<td align=\"left\">Waage<\/td>\n<td align=\"left\">15 kg (30 lb)<\/td>\n<td align=\"left\">15 kg (30 lb)<\/td>\n<\/tr>\n<tr>\n<td align=\"left\">Schrank<\/td>\n<td align=\"left\">IP55 \/ NEMA 4x Schrank<\/td>\n<td align=\"left\">IP55 \/ NEMA 4x Schrank<\/td>\n<\/tr>\n<tr>\n<td align=\"left\">Sicherheitskonformit\u00e4t\/Zertifizierungen<\/td>\n<td align=\"left\">CE, ESA, CSA, UL<\/td>\n<td align=\"left\">CE, ESA, CSA, UL<\/td>\n<\/tr>\n<tr>\n<td align=\"left\">Grundfl\u00e4che<\/td>\n<td align=\"left\">52\u201d X 93\u201d (1.3 m X 2.4 m)<\/td>\n<td align=\"left\">52\u201d X 93\u201d (1.3 m X 2.4 m)<\/td>\n<\/tr>\n<\/tbody>\n<\/table>\n<\/div>\n<div class=\"fusion-text fusion-text-3\"><p><em>* Die Werte werden stark von der Art der Produkte und ihren rheologischen Eigenschaften beeinflusst. Die Werte sind abh\u00e4ngig von der Kombination aus Ventilgr\u00f6\u00dfe und Waagentyp. <\/em><br \/>\nHinweis: Die Daten beziehen sich auf die Basiskonfiguration der Maschine, die Werte k\u00f6nnen je nach den verschiedenen Spezifikationen variieren.<\/p>\n<\/div><div class=\"fusion-clearfix\"><\/div><\/div><\/div><\/div><\/div><div class=\"fusion-fullwidth fullwidth-box fusion-builder-row-4 has-pattern-background has-mask-background nonhundred-percent-fullwidth non-hundred-percent-height-scrolling\" style=\"--awb-border-radius-top-left:0px;--awb-border-radius-top-right:0px;--awb-border-radius-bottom-right:0px;--awb-border-radius-bottom-left:0px;--awb-padding-top:20px;--awb-padding-bottom:20px;--awb-flex-wrap:wrap;\" id=\"Container-Download-Area\" ><div class=\"fusion-builder-row fusion-row\"><div class=\"fusion-layout-column fusion_builder_column fusion-builder-column-6 fusion_builder_column_1_2 1_2 fusion-one-half fusion-column-first\" style=\"--awb-bg-size:cover;width:48%; margin-right: 4%;\"><div class=\"fusion-column-wrapper fusion-column-has-shadow fusion-flex-column-wrapper-legacy\"><div class=\"fusion-title title fusion-title-2 fusion-sep-none fusion-title-text fusion-title-size-three\"><h3 class=\"fusion-title-heading title-heading-left fusion-responsive-typography-calculated\" style=\"margin:0;--fontSize:28;--minFontSize:28;line-height:1.2;\">Downloadbereich<\/h3><\/div><div class=\"fusion-clearfix\"><\/div><\/div><\/div><div class=\"fusion-layout-column fusion_builder_column fusion-builder-column-7 fusion_builder_column_1_1 1_1 fusion-one-full fusion-column-last\" style=\"--awb-bg-size:cover;--awb-margin-bottom:0px;\"><div class=\"fusion-column-wrapper fusion-flex-column-wrapper-legacy\"><div class=\"fusion-builder-row fusion-builder-row-inner fusion-row\"><div class=\"fusion-layout-column fusion_builder_column_inner fusion-builder-nested-column-0 fusion_builder_column_inner_1_2 1_2 fusion-one-half fusion-column-first\" style=\"--awb-padding-top:20px;--awb-padding-right:20px;--awb-padding-bottom:20px;--awb-padding-left:20px;--awb-bg-size:cover;--awb-border-color:#eaeaea;--awb-border-top:1px;--awb-border-right:1px;--awb-border-bottom:1px;--awb-border-left:1px;--awb-border-style:solid;width:50%;width:calc(50% - ( ( 40px ) * 0.5 ) );margin-right: 40px;\"><div class=\"fusion-column-wrapper fusion-column-has-shadow fusion-flex-column-wrapper-legacy\"><div class=\"fusion-title title fusion-title-3 fusion-sep-none fusion-title-text fusion-title-size-five\" style=\"--awb-margin-bottom:20px;\"><h5 class=\"fusion-title-heading title-heading-left fusion-responsive-typography-calculated\" style=\"margin:0;--fontSize:20;--minFontSize:20;line-height:1.2;\">BROSCH\u00dcRE<\/h5><\/div><div class=\"fusion-text fusion-text-4\"><p><i class=\"fb-icon-element-1 fb-icon-element fontawesome-icon fa-book fas circle-no fusion-text-flow\" style=\"--awb-iconcolor:#606060;--awb-iconcolor-hover:#606060;--awb-font-size:32px;--awb-margin-right:20px;\"><\/i><a class=\"download-link\" title=\"\" href=\"https:\/\/www.corob.com\/de\/download\/19981\/\" rel=\"nofollow\">\n\tN15J Brochure English<\/a><\/p>\n<\/div><div class=\"fusion-clearfix\"><\/div><\/div><\/div><\/div><div class=\"fusion-clearfix\"><\/div><\/div><\/div><\/div><\/div><\/p>\n","protected":false},"excerpt":{"rendered":"<h2>Die kompakteste Grundfl\u00e4che f\u00fcr die Dosierung kleiner Chargen<\/h2>\n[fusion_checklist icon=\"fa-check fas\" iconcolor=\"#cf102d\" circle=\"no\" circlecolor=\"\" size=\"\" divider=\"no\" divider_color=\"\" hide_on_mobile=\"small-visibility,medium-visibility,large-visibility\" class=\"\" id=\"\"][fusion_li_item icon=\"\"]<strong>HOHE LEISTUNG<\/strong><br \/>\nOptimierte und genaue Dosierung, ohne Ventile zu bewegen, um den Prozess zu verlangsamen[\/fusion_li_item][fusion_li_item icon=\"\"]<strong>ADAPTIV<\/strong><br \/>\nExklusiver neuer Dosieralgorithmus lernt und passt sich an, um Geschwindigkeit und Genauigkeit zu optimieren[\/fusion_li_item][fusion_li_item icon=\"\"]<strong>VERL\u00c4SSLICH<\/strong><br \/>\nIndustrieerprobte Technologie gew\u00e4hrleistet minimale Ausfallzeiten bei konsistenter, genauer Chargenproduktion[\/fusion_li_item][fusion_li_item icon=\"\"]<strong>JUST-IN-TIME<\/strong><br \/>\nProduzieren Sie nur die ben\u00f6tigte Menge, reduzieren Sie Abfall und minimieren Sie den Lagerbestand an Fertigprodukten[\/fusion_li_item]<br \/>\n[\/fusion_checklist]\n","protected":false},"featured_media":20519,"template":"","meta":{"_acf_changed":false},"product_brand":[],"product_cat":[571],"product_tag":[],"class_list":{"0":"post-27099","1":"product","2":"type-product","3":"status-publish","4":"has-post-thumbnail","6":"product_cat-novaflow-systeme","8":"first","9":"instock","10":"shipping-taxable","11":"product-type-simple"},"acf":[],"yoast_head":"<!-- This site is optimized with the Yoast SEO plugin v25.5 - https:\/\/yoast.com\/wordpress\/plugins\/seo\/ -->\n<title>N15J: ein kompakter Dispenser f\u00fcr die Dosierung kleiner Chargen<\/title>\n<meta name=\"description\" content=\"Entdecken Sie den N15J: ein kompakter, hochpr\u00e4ziser, automatischer, gewichtsbasierter Dispenser f\u00fcr die Kleinserienfertigung und Just-in-Time-Effizienz.\" \/>\n<meta name=\"robots\" content=\"index, follow, max-snippet:-1, max-image-preview:large, max-video-preview:-1\" \/>\n<link rel=\"canonical\" href=\"https:\/\/www.corob.com\/de\/products\/novaflow-systeme\/n15j-2\/\" \/>\n<meta property=\"og:locale\" content=\"de_DE\" \/>\n<meta property=\"og:type\" content=\"article\" \/>\n<meta property=\"og:title\" content=\"N15J: ein kompakter Dispenser f\u00fcr die Dosierung kleiner Chargen\" \/>\n<meta property=\"og:description\" content=\"Entdecken Sie den N15J: ein kompakter, hochpr\u00e4ziser, automatischer, gewichtsbasierter Dispenser f\u00fcr die Kleinserienfertigung und Just-in-Time-Effizienz.\" \/>\n<meta property=\"og:url\" content=\"https:\/\/www.corob.com\/de\/products\/novaflow-systeme\/n15j-2\/\" \/>\n<meta property=\"og:site_name\" content=\"COROB\" \/>\n<meta property=\"article:modified_time\" content=\"2025-11-24T15:20:15+00:00\" \/>\n<meta property=\"og:image\" content=\"https:\/\/www.corob.com\/wp-content\/uploads\/2025\/05\/N15J-1.png\" \/>\n\t<meta property=\"og:image:width\" content=\"1200\" \/>\n\t<meta property=\"og:image:height\" content=\"1200\" \/>\n\t<meta property=\"og:image:type\" content=\"image\/png\" \/>\n<meta name=\"twitter:card\" content=\"summary_large_image\" \/>\n<meta name=\"twitter:label1\" content=\"Gesch\u00e4tzte Lesezeit\" \/>\n\t<meta name=\"twitter:data1\" content=\"24\u00a0Minuten\" \/>\n<script type=\"application\/ld+json\" class=\"yoast-schema-graph\">{\"@context\":\"https:\/\/schema.org\",\"@graph\":[{\"@type\":\"WebPage\",\"@id\":\"https:\/\/www.corob.com\/de\/products\/novaflow-systeme\/n15j-2\/\",\"url\":\"https:\/\/www.corob.com\/de\/products\/novaflow-systeme\/n15j-2\/\",\"name\":\"N15J: ein kompakter Dispenser f\u00fcr die Dosierung kleiner Chargen\",\"isPartOf\":{\"@id\":\"https:\/\/www.corob.com\/de\/#website\"},\"primaryImageOfPage\":{\"@id\":\"https:\/\/www.corob.com\/de\/products\/novaflow-systeme\/n15j-2\/#primaryimage\"},\"image\":{\"@id\":\"https:\/\/www.corob.com\/de\/products\/novaflow-systeme\/n15j-2\/#primaryimage\"},\"thumbnailUrl\":\"https:\/\/www.corob.com\/wp-content\/uploads\/2025\/05\/N15J-1.png\",\"datePublished\":\"2025-11-24T15:20:13+00:00\",\"dateModified\":\"2025-11-24T15:20:15+00:00\",\"description\":\"Entdecken Sie den N15J: ein kompakter, hochpr\u00e4ziser, automatischer, gewichtsbasierter Dispenser f\u00fcr die Kleinserienfertigung und Just-in-Time-Effizienz.\",\"breadcrumb\":{\"@id\":\"https:\/\/www.corob.com\/de\/products\/novaflow-systeme\/n15j-2\/#breadcrumb\"},\"inLanguage\":\"de\",\"potentialAction\":[{\"@type\":\"ReadAction\",\"target\":[\"https:\/\/www.corob.com\/de\/products\/novaflow-systeme\/n15j-2\/\"]}]},{\"@type\":\"ImageObject\",\"inLanguage\":\"de\",\"@id\":\"https:\/\/www.corob.com\/de\/products\/novaflow-systeme\/n15j-2\/#primaryimage\",\"url\":\"https:\/\/www.corob.com\/wp-content\/uploads\/2025\/05\/N15J-1.png\",\"contentUrl\":\"https:\/\/www.corob.com\/wp-content\/uploads\/2025\/05\/N15J-1.png\",\"width\":1200,\"height\":1200,\"caption\":\"NOVAFLOW N15J automatic weight-based dispenser\"},{\"@type\":\"BreadcrumbList\",\"@id\":\"https:\/\/www.corob.com\/de\/products\/novaflow-systeme\/n15j-2\/#breadcrumb\",\"itemListElement\":[{\"@type\":\"ListItem\",\"position\":1,\"name\":\"Home\",\"item\":\"https:\/\/www.corob.com\/de\/\"},{\"@type\":\"ListItem\",\"position\":2,\"name\":\"PRODUKTE\",\"item\":\"https:\/\/www.corob.com\/de\/produkte\/\"},{\"@type\":\"ListItem\",\"position\":3,\"name\":\"N15J\"}]},{\"@type\":\"WebSite\",\"@id\":\"https:\/\/www.corob.com\/de\/#website\",\"url\":\"https:\/\/www.corob.com\/de\/\",\"name\":\"COROB\",\"description\":\"High-tech dispensing and mixing solutions for paints and coatings systems\",\"publisher\":{\"@id\":\"https:\/\/www.corob.com\/de\/#organization\"},\"potentialAction\":[{\"@type\":\"SearchAction\",\"target\":{\"@type\":\"EntryPoint\",\"urlTemplate\":\"https:\/\/www.corob.com\/de\/?s={search_term_string}\"},\"query-input\":{\"@type\":\"PropertyValueSpecification\",\"valueRequired\":true,\"valueName\":\"search_term_string\"}}],\"inLanguage\":\"de\"},{\"@type\":\"Organization\",\"@id\":\"https:\/\/www.corob.com\/de\/#organization\",\"name\":\"COROB\",\"url\":\"https:\/\/www.corob.com\/de\/\",\"logo\":{\"@type\":\"ImageObject\",\"inLanguage\":\"de\",\"@id\":\"https:\/\/www.corob.com\/de\/#\/schema\/logo\/image\/\",\"url\":\"https:\/\/www.corob.com\/wp-content\/uploads\/2020\/01\/COROB-240.png\",\"contentUrl\":\"https:\/\/www.corob.com\/wp-content\/uploads\/2020\/01\/COROB-240.png\",\"width\":240,\"height\":73,\"caption\":\"COROB\"},\"image\":{\"@id\":\"https:\/\/www.corob.com\/de\/#\/schema\/logo\/image\/\"},\"sameAs\":[\"https:\/\/www.linkedin.com\/company\/corob\/\",\"https:\/\/www.youtube.com\/channel\/UCxnFt4FEhuhdm87NAb27qBQ\"]}]}<\/script>\n<!-- \/ Yoast SEO plugin. -->","yoast_head_json":{"title":"N15J: ein kompakter Dispenser f\u00fcr die Dosierung kleiner Chargen","description":"Entdecken Sie den N15J: ein kompakter, hochpr\u00e4ziser, automatischer, gewichtsbasierter Dispenser f\u00fcr die Kleinserienfertigung und Just-in-Time-Effizienz.","robots":{"index":"index","follow":"follow","max-snippet":"max-snippet:-1","max-image-preview":"max-image-preview:large","max-video-preview":"max-video-preview:-1"},"canonical":"https:\/\/www.corob.com\/de\/products\/novaflow-systeme\/n15j-2\/","og_locale":"de_DE","og_type":"article","og_title":"N15J: ein kompakter Dispenser f\u00fcr die Dosierung kleiner Chargen","og_description":"Entdecken Sie den N15J: ein kompakter, hochpr\u00e4ziser, automatischer, gewichtsbasierter Dispenser f\u00fcr die Kleinserienfertigung und Just-in-Time-Effizienz.","og_url":"https:\/\/www.corob.com\/de\/products\/novaflow-systeme\/n15j-2\/","og_site_name":"COROB","article_modified_time":"2025-11-24T15:20:15+00:00","og_image":[{"width":1200,"height":1200,"url":"https:\/\/www.corob.com\/wp-content\/uploads\/2025\/05\/N15J-1.png","type":"image\/png"}],"twitter_card":"summary_large_image","twitter_misc":{"Gesch\u00e4tzte Lesezeit":"24\u00a0Minuten"},"schema":{"@context":"https:\/\/schema.org","@graph":[{"@type":"WebPage","@id":"https:\/\/www.corob.com\/de\/products\/novaflow-systeme\/n15j-2\/","url":"https:\/\/www.corob.com\/de\/products\/novaflow-systeme\/n15j-2\/","name":"N15J: ein kompakter Dispenser f\u00fcr die Dosierung kleiner Chargen","isPartOf":{"@id":"https:\/\/www.corob.com\/de\/#website"},"primaryImageOfPage":{"@id":"https:\/\/www.corob.com\/de\/products\/novaflow-systeme\/n15j-2\/#primaryimage"},"image":{"@id":"https:\/\/www.corob.com\/de\/products\/novaflow-systeme\/n15j-2\/#primaryimage"},"thumbnailUrl":"https:\/\/www.corob.com\/wp-content\/uploads\/2025\/05\/N15J-1.png","datePublished":"2025-11-24T15:20:13+00:00","dateModified":"2025-11-24T15:20:15+00:00","description":"Entdecken Sie den N15J: ein kompakter, hochpr\u00e4ziser, automatischer, gewichtsbasierter Dispenser f\u00fcr die Kleinserienfertigung und Just-in-Time-Effizienz.","breadcrumb":{"@id":"https:\/\/www.corob.com\/de\/products\/novaflow-systeme\/n15j-2\/#breadcrumb"},"inLanguage":"de","potentialAction":[{"@type":"ReadAction","target":["https:\/\/www.corob.com\/de\/products\/novaflow-systeme\/n15j-2\/"]}]},{"@type":"ImageObject","inLanguage":"de","@id":"https:\/\/www.corob.com\/de\/products\/novaflow-systeme\/n15j-2\/#primaryimage","url":"https:\/\/www.corob.com\/wp-content\/uploads\/2025\/05\/N15J-1.png","contentUrl":"https:\/\/www.corob.com\/wp-content\/uploads\/2025\/05\/N15J-1.png","width":1200,"height":1200,"caption":"NOVAFLOW N15J automatic weight-based dispenser"},{"@type":"BreadcrumbList","@id":"https:\/\/www.corob.com\/de\/products\/novaflow-systeme\/n15j-2\/#breadcrumb","itemListElement":[{"@type":"ListItem","position":1,"name":"Home","item":"https:\/\/www.corob.com\/de\/"},{"@type":"ListItem","position":2,"name":"PRODUKTE","item":"https:\/\/www.corob.com\/de\/produkte\/"},{"@type":"ListItem","position":3,"name":"N15J"}]},{"@type":"WebSite","@id":"https:\/\/www.corob.com\/de\/#website","url":"https:\/\/www.corob.com\/de\/","name":"COROB","description":"High-tech dispensing and mixing solutions for paints and coatings systems","publisher":{"@id":"https:\/\/www.corob.com\/de\/#organization"},"potentialAction":[{"@type":"SearchAction","target":{"@type":"EntryPoint","urlTemplate":"https:\/\/www.corob.com\/de\/?s={search_term_string}"},"query-input":{"@type":"PropertyValueSpecification","valueRequired":true,"valueName":"search_term_string"}}],"inLanguage":"de"},{"@type":"Organization","@id":"https:\/\/www.corob.com\/de\/#organization","name":"COROB","url":"https:\/\/www.corob.com\/de\/","logo":{"@type":"ImageObject","inLanguage":"de","@id":"https:\/\/www.corob.com\/de\/#\/schema\/logo\/image\/","url":"https:\/\/www.corob.com\/wp-content\/uploads\/2020\/01\/COROB-240.png","contentUrl":"https:\/\/www.corob.com\/wp-content\/uploads\/2020\/01\/COROB-240.png","width":240,"height":73,"caption":"COROB"},"image":{"@id":"https:\/\/www.corob.com\/de\/#\/schema\/logo\/image\/"},"sameAs":["https:\/\/www.linkedin.com\/company\/corob\/","https:\/\/www.youtube.com\/channel\/UCxnFt4FEhuhdm87NAb27qBQ"]}]}},"_links":{"self":[{"href":"https:\/\/www.corob.com\/de\/wp-json\/wp\/v2\/product\/27099","targetHints":{"allow":["GET"]}}],"collection":[{"href":"https:\/\/www.corob.com\/de\/wp-json\/wp\/v2\/product"}],"about":[{"href":"https:\/\/www.corob.com\/de\/wp-json\/wp\/v2\/types\/product"}],"wp:featuredmedia":[{"embeddable":true,"href":"https:\/\/www.corob.com\/de\/wp-json\/wp\/v2\/media\/20519"}],"wp:attachment":[{"href":"https:\/\/www.corob.com\/de\/wp-json\/wp\/v2\/media?parent=27099"}],"wp:term":[{"taxonomy":"product_brand","embeddable":true,"href":"https:\/\/www.corob.com\/de\/wp-json\/wp\/v2\/product_brand?post=27099"},{"taxonomy":"product_cat","embeddable":true,"href":"https:\/\/www.corob.com\/de\/wp-json\/wp\/v2\/product_cat?post=27099"},{"taxonomy":"product_tag","embeddable":true,"href":"https:\/\/www.corob.com\/de\/wp-json\/wp\/v2\/product_tag?post=27099"}],"curies":[{"name":"wp","href":"https:\/\/api.w.org\/{rel}","templated":true}]}}