{"id":27100,"date":"2025-11-24T15:22:47","date_gmt":"2025-11-24T15:22:47","guid":{"rendered":"https:\/\/www.corob.com\/products\/uncategorized\/n15b-2\/"},"modified":"2025-11-24T15:22:48","modified_gmt":"2025-11-24T15:22:48","slug":"n15b-2","status":"publish","type":"product","link":"https:\/\/www.corob.com\/de\/products\/novaflow-systeme\/n15b-2\/","title":{"rendered":"N15B"},"content":{"rendered":"<p><div class=\"fusion-fullwidth fullwidth-box fusion-builder-row-1 fusion-flex-container has-pattern-background has-mask-background nonhundred-percent-fullwidth non-hundred-percent-height-scrolling\" style=\"--awb-border-radius-top-left:0px;--awb-border-radius-top-right:0px;--awb-border-radius-bottom-right:0px;--awb-border-radius-bottom-left:0px;--awb-flex-wrap:wrap;\" id=\"Container-Exceptional\" ><div class=\"fusion-builder-row fusion-row fusion-flex-align-items-flex-start fusion-flex-content-wrap\" style=\"max-width:1456px;margin-left: calc(-4% \/ 2 );margin-right: calc(-4% \/ 2 );\"><div class=\"fusion-layout-column fusion_builder_column fusion-builder-column-0 fusion_builder_column_1_1 1_1 fusion-flex-column\" style=\"--awb-bg-size:cover;--awb-width-large:100%;--awb-margin-top-large:0px;--awb-spacing-right-large:1.92%;--awb-margin-bottom-large:20px;--awb-spacing-left-large:1.92%;--awb-width-medium:100%;--awb-order-medium:0;--awb-spacing-right-medium:1.92%;--awb-spacing-left-medium:1.92%;--awb-width-small:100%;--awb-order-small:0;--awb-spacing-right-small:1.92%;--awb-spacing-left-small:1.92%;\"><div class=\"fusion-column-wrapper fusion-column-has-shadow fusion-flex-justify-content-flex-start fusion-content-layout-column\"><div class=\"fusion-text fusion-text-1\" style=\"--awb-content-alignment:center;--awb-font-size:28px;\"><p>Die N15B-Dispenser wurden speziell f\u00fcr <strong>die Kleinserienfertigung<\/strong> entwickelt und sind fest konfigurierte, <strong>gewichtbasierte Systeme<\/strong>, die sich ideal f\u00fcr die Herstellung von Eimergro\u00dfen Chargen von <strong>ungef\u00e4hrlichen fl\u00fcssigen Produkten<\/strong> eignen.<\/p>\n<\/div><\/div><\/div><\/div><\/div><div class=\"fusion-fullwidth fullwidth-box fusion-builder-row-2 has-pattern-background has-mask-background nonhundred-percent-fullwidth non-hundred-percent-height-scrolling\" style=\"--awb-border-radius-top-left:0px;--awb-border-radius-top-right:0px;--awb-border-radius-bottom-right:0px;--awb-border-radius-bottom-left:0px;--awb-flex-wrap:wrap;\" id=\"Container-Features\" ><div class=\"fusion-builder-row fusion-row\"><div class=\"fusion-layout-column fusion_builder_column fusion-builder-column-1 fusion_builder_column_1_2 1_2 fusion-one-half fusion-column-first\" style=\"--awb-bg-size:cover;width:50%;width:calc(50% - ( ( 4% ) * 0.5 ) );margin-right: 4%;\"><div class=\"fusion-column-wrapper fusion-column-has-shadow fusion-flex-column-wrapper-legacy\"><div class=\"fusion-clearfix\"><\/div><\/div><\/div><div class=\"fusion-layout-column fusion_builder_column fusion-builder-column-2 fusion_builder_column_1_2 1_2 fusion-one-half fusion-column-last\" style=\"--awb-bg-size:cover;width:50%;width:calc(50% - ( ( 4% ) * 0.5 ) );\"><div class=\"fusion-column-wrapper fusion-column-has-shadow fusion-flex-column-wrapper-legacy\"><div class=\"fusion-clearfix\"><\/div><\/div><\/div><div class=\"fusion-layout-column fusion_builder_column fusion-builder-column-3 fusion_builder_column_1_1 1_1 fusion-one-full fusion-column-first fusion-column-last\" style=\"--awb-bg-size:cover;\"><div class=\"fusion-column-wrapper fusion-column-has-shadow fusion-flex-column-wrapper-legacy\"><div class=\"fusion-text fusion-text-2\"><p><strong>N15B<\/strong>-Dispenser sind optimal darauf ausgelegt, das beste System f\u00fcr <strong>das Dosieren in Eimer<\/strong> zu bieten. Diese <strong>kosteng\u00fcnstigen Systeme<\/strong> bieten alle Vorteile der automatisierten Dosierung \u2013 <strong>Steigerung der Effizienz und Konsistenz<\/strong> \u2013 ohne dass gr\u00f6\u00dfere Kapitalinvestitionen in die Farb-, Lack- oder Chemieproduktion erforderlich sind. <\/p>\n<p>Das System ist f\u00fcr Chargenbetriebe in Eimergr\u00f6\u00dfe ausgelegt und produziert Chargen von 4,6 l bis 20 l (2 bis 5 Gallonen) in nur 3 Minuten*.<\/p>\n<p>Der N15B verwendet propriet\u00e4re Novaflow-2-Stufen-Dosierventile zusammen mit bew\u00e4hrter Novaflow-Dosierhardware und -software, was zu einer <strong>schnellen, genauen und wiederholbaren Dosierung<\/strong> f\u00fchrt.<\/p>\n<p>Mithilfe von robusten Membranpumpen werden die Produkte direkt aus den Quellbeh\u00e4ltern entnommen. Es stehen drei Konfigurationen mit unterschiedlichen Anordnungen der Quellbeh\u00e4lter zur Verf\u00fcgung, um spezifische Produktionsanforderungen zu erf\u00fcllen \u2013 Einzelheiten siehe R\u00fcckseite. <\/p>\n<p>Pumpen und Fluidkreislaufkomponenten werden entsprechend den chemischen Eigenschaften und der Rheologie des Produkts ausgew\u00e4hlt, um eine <strong>optimale Systemleistung<\/strong> zu gew\u00e4hrleisten.<\/p>\n<p>Dank der branchen\u00fcblichen Novaflow-Software f\u00fcr Dosierung und Materialverwaltung hat der Bediener die <strong>vollst\u00e4ndige Kontrolle und \u00dcbersicht \u00fcber den Produktverbrauch<\/strong> und die Produktionsdaten.<\/p>\n<p>Der N15B verf\u00fcgt \u00fcber ein verstellbares Regal, das das Dosieren in Beh\u00e4lter unterschiedlicher H\u00f6he erm\u00f6glicht, sowie \u00fcber einen Drucker, um automatisch Beh\u00e4lteretiketten f\u00fcr eine zuverl\u00e4ssige Identifizierung der fertigen Produkte zu erstellen.<\/p>\n<p>Die Installation ist einfach und kann als Selbstinstallation oder durch spezialisierte Techniker unterst\u00fctzt werden.<\/p>\n<p><em>*Die Werte h\u00e4ngen stark von der Art der Farbpasten und ihren rheologischen Eigenschaften ab.<\/em><\/p>\n<\/div><div class=\"fusion-clearfix\"><\/div><\/div><\/div><\/div><\/div><div class=\"fusion-fullwidth fullwidth-box fusion-builder-row-3 has-pattern-background has-mask-background nonhundred-percent-fullwidth non-hundred-percent-height-scrolling\" style=\"--awb-border-radius-top-left:0px;--awb-border-radius-top-right:0px;--awb-border-radius-bottom-right:0px;--awb-border-radius-bottom-left:0px;--awb-padding-bottom:20px;--awb-flex-wrap:wrap;\" id=\"Container-Technical-Data\" ><div class=\"fusion-builder-row fusion-row\"><div class=\"fusion-layout-column fusion_builder_column fusion-builder-column-4 fusion_builder_column_1_2 1_2 fusion-one-half fusion-column-first\" style=\"--awb-bg-size:cover;width:48%; margin-right: 4%;\"><div class=\"fusion-column-wrapper fusion-column-has-shadow fusion-flex-column-wrapper-legacy\"><div class=\"fusion-title title fusion-title-1 fusion-sep-none fusion-title-text fusion-title-size-three\"><h3 class=\"fusion-title-heading title-heading-left fusion-responsive-typography-calculated\" style=\"margin:0;--fontSize:28;--minFontSize:28;line-height:1.2;\">Technische Daten<\/h3><\/div><div class=\"fusion-clearfix\"><\/div><\/div><\/div><div class=\"fusion-layout-column fusion_builder_column fusion-builder-column-5 fusion_builder_column_1_1 1_1 fusion-one-full fusion-column-last\" style=\"--awb-bg-size:cover;--awb-margin-bottom:0px;\"><div class=\"fusion-column-wrapper fusion-flex-column-wrapper-legacy\">\n<div class=\"table-1\">\n<table width=\"100%\">\n<tbody>\n<tr>\n<td align=\"left\" width=\"20%\"><\/td>\n<td align=\"center\" width=\"30%\"><strong>N15B [C1]<\/strong><\/td>\n<td align=\"center\" width=\"30%\"><strong>N15B [C2]<\/strong><\/td>\n<td align=\"center\" width=\"30%\"><strong>N15B [C3]<\/strong><\/td>\n<\/tr>\n<tr>\n<td align=\"left\">Arbeitsumgebung<\/td>\n<td align=\"left\">Ungef\u00e4hrlich<\/td>\n<td align=\"left\">Ungef\u00e4hrlich<\/td>\n<td align=\"left\">Ungef\u00e4hrlich<\/td>\n<\/tr>\n<tr>\n<td align=\"left\">Anwendung<\/td>\n<td align=\"left\">Produkte auf Wasser- und UV-Basis<\/td>\n<td align=\"left\">Produkte auf Wasser- und UV-Basis<\/td>\n<td align=\"left\">Produkte auf Wasser- und UV-Basis<\/td>\n<\/tr>\n<tr>\n<td align=\"left\">Anzahl der Kreisl\u00e4ufe<\/td>\n<td align=\"left\">14<\/td>\n<td align=\"left\">14<\/td>\n<td align=\"left\">14<\/td>\n<\/tr>\n<tr>\n<td align=\"left\">Art der Kreisl\u00e4ufe<\/td>\n<td align=\"left\">4 Eimer und 10 F\u00e4sser<\/td>\n<td align=\"left\">12 Eimer und 2 F\u00e4sser<\/td>\n<td align=\"left\">14 F\u00e4sser<\/td>\n<\/tr>\n<tr>\n<td align=\"left\">Minimale Beh\u00e4lter\u00f6ffnung<\/td>\n<td align=\"left\">215 mm (8,5\u201d)<\/td>\n<td align=\"left\">215 mm (8,5\u201d)<\/td>\n<td align=\"left\">215 mm (8,5\u201d)<\/td>\n<\/tr>\n<tr>\n<td align=\"left\">Typische Chargengr\u00f6\u00dfe<\/td>\n<td align=\"left\">Von 12 l bis 20 l (3 &#8211; 5 USG)<\/td>\n<td align=\"left\">Von 12 l bis 20 l (3 &#8211; 5 USG)<\/td>\n<td align=\"left\">Von 12 l bis 20 l (3 &#8211; 5 USG)<\/td>\n<\/tr>\n<tr>\n<td align=\"left\">Produktviskosit\u00e4t<\/td>\n<td align=\"left\">6000 CPS max.<\/td>\n<td align=\"left\">6000 CPS max.<\/td>\n<td align=\"left\">6000 CPS max.<\/td>\n<\/tr>\n<tr>\n<td align=\"left\">Leistung<\/td>\n<td align=\"left\">4\u20136 min pro 20 l (5 USG) Charge<\/td>\n<td align=\"left\">4\u20136 min pro 20 l (5 USG) Charge<\/td>\n<td align=\"left\">4\u20136 min pro 20 l (5 USG) Charge<\/td>\n<\/tr>\n<tr>\n<td align=\"left\">Ventil-Typ<\/td>\n<td align=\"left\">NOVAFLOW Zweistufiges SelectFlow-Ventil<\/td>\n<td align=\"left\">NOVAFLOW Zweistufiges SelectFlow-Ventil<\/td>\n<td align=\"left\">NOVAFLOW Zweistufiges SelectFlow-Ventil<\/td>\n<\/tr>\n<tr>\n<td align=\"left\">Genauigkeit*<\/td>\n<td align=\"left\">ab \u00b1 1 g<\/td>\n<td align=\"left\">ab \u00b1 1 g<\/td>\n<td align=\"left\">ab \u00b1 1 g<\/td>\n<\/tr>\n<tr>\n<td align=\"left\">Pumpengr\u00f6\u00dfe<\/td>\n<td align=\"left\">DN12 &#8211; 1\/2\u201d<\/td>\n<td align=\"left\">DN12 &#8211; 1\/2\u201d<\/td>\n<td align=\"left\">DN12 &#8211; 1\/2\u201d<\/td>\n<\/tr>\n<tr>\n<td align=\"left\">Ventilreiniger<\/td>\n<td align=\"left\">Schwingender Bubbler<\/td>\n<td align=\"left\">Schwingender Bubbler<\/td>\n<td align=\"left\">Schwingender Bubbler<\/td>\n<\/tr>\n<tr>\n<td align=\"left\">Waage<\/td>\n<td align=\"left\">30 kg (60 lb)<\/td>\n<td align=\"left\">30 kg (60 lb)<\/td>\n<td align=\"left\">30 kg (60 lb)<\/td>\n<\/tr>\n<tr>\n<td align=\"left\">Schrank<\/td>\n<td align=\"left\">IP55 \/ NEMA 4x Schrank<\/td>\n<td align=\"left\">IP55 \/ NEMA 4x Schrank<\/td>\n<td align=\"left\">IP55 \/ NEMA 4x Schrank<\/td>\n<\/tr>\n<tr>\n<td align=\"left\">Sicherheitskonformit\u00e4t\/Zertifizierungen<\/td>\n<td align=\"left\">CE, ESA, CSA, UL<\/td>\n<td align=\"left\">CE, ESA, CSA, UL<\/td>\n<td align=\"left\">CE, ESA, CSA, UL<\/td>\n<\/tr>\n<tr>\n<td align=\"left\">Grundfl\u00e4che<\/td>\n<td align=\"left\">52\u201d X 168\u201d (1.3 m X 4.3 m)<\/td>\n<td align=\"left\">52\u201d X 93\u201d (1.3 m X 2.4 m)<\/td>\n<td align=\"left\">52\u201d X 198\u201d (1.3 m X 5.0 m)<\/td>\n<\/tr>\n<\/tbody>\n<\/table>\n<\/div>\n<div class=\"fusion-text fusion-text-3\"><p><em>* Die Werte werden stark von der Art der Produkte und ihren rheologischen Eigenschaften beeinflusst. Die Werte sind abh\u00e4ngig von der Kombination aus Ventilgr\u00f6\u00dfe und Waagentyp. <\/em><br \/>\nHinweis: Die Daten beziehen sich auf die Basiskonfiguration der Maschine, die Werte k\u00f6nnen je nach den verschiedenen Spezifikationen variieren.<\/p>\n<\/div><div class=\"fusion-clearfix\"><\/div><\/div><\/div><\/div><\/div><div class=\"fusion-fullwidth fullwidth-box fusion-builder-row-4 has-pattern-background has-mask-background nonhundred-percent-fullwidth non-hundred-percent-height-scrolling\" style=\"--awb-border-radius-top-left:0px;--awb-border-radius-top-right:0px;--awb-border-radius-bottom-right:0px;--awb-border-radius-bottom-left:0px;--awb-padding-top:20px;--awb-padding-bottom:20px;--awb-flex-wrap:wrap;\" id=\"Container-Download-Area\" ><div class=\"fusion-builder-row fusion-row\"><div class=\"fusion-layout-column fusion_builder_column fusion-builder-column-6 fusion_builder_column_1_2 1_2 fusion-one-half fusion-column-first\" style=\"--awb-bg-size:cover;width:48%; margin-right: 4%;\"><div class=\"fusion-column-wrapper fusion-column-has-shadow fusion-flex-column-wrapper-legacy\"><div class=\"fusion-title title fusion-title-2 fusion-sep-none fusion-title-text fusion-title-size-three\"><h3 class=\"fusion-title-heading title-heading-left fusion-responsive-typography-calculated\" style=\"margin:0;--fontSize:28;--minFontSize:28;line-height:1.2;\">Downloadbereich<\/h3><\/div><div class=\"fusion-clearfix\"><\/div><\/div><\/div><div class=\"fusion-layout-column fusion_builder_column fusion-builder-column-7 fusion_builder_column_1_1 1_1 fusion-one-full fusion-column-last\" style=\"--awb-bg-size:cover;--awb-margin-bottom:0px;\"><div class=\"fusion-column-wrapper fusion-flex-column-wrapper-legacy\"><div class=\"fusion-builder-row fusion-builder-row-inner fusion-row\"><div class=\"fusion-layout-column fusion_builder_column_inner fusion-builder-nested-column-0 fusion_builder_column_inner_1_2 1_2 fusion-one-half fusion-column-first\" style=\"--awb-padding-top:20px;--awb-padding-right:20px;--awb-padding-bottom:20px;--awb-padding-left:20px;--awb-bg-size:cover;--awb-border-color:#eaeaea;--awb-border-top:1px;--awb-border-right:1px;--awb-border-bottom:1px;--awb-border-left:1px;--awb-border-style:solid;width:50%;width:calc(50% - ( ( 40px ) * 0.5 ) );margin-right: 40px;\"><div class=\"fusion-column-wrapper fusion-column-has-shadow fusion-flex-column-wrapper-legacy\"><div class=\"fusion-title title fusion-title-3 fusion-sep-none fusion-title-text fusion-title-size-five\" style=\"--awb-margin-bottom:20px;\"><h5 class=\"fusion-title-heading title-heading-left fusion-responsive-typography-calculated\" style=\"margin:0;--fontSize:20;--minFontSize:20;line-height:1.2;\">BROSCH\u00dcRE<\/h5><\/div><div class=\"fusion-text fusion-text-4\"><p><i class=\"fb-icon-element-1 fb-icon-element fontawesome-icon fa-book fas circle-no fusion-text-flow\" style=\"--awb-iconcolor:#606060;--awb-iconcolor-hover:#606060;--awb-font-size:32px;--awb-margin-right:20px;\"><\/i> <a class=\"download-link\" title=\"\" href=\"https:\/\/www.corob.com\/de\/download\/19979\/\" rel=\"nofollow\">\n\tN15B Brochure English<\/a><\/p>\n<\/div><div class=\"fusion-clearfix\"><\/div><\/div><\/div><\/div><div class=\"fusion-clearfix\"><\/div><\/div><\/div><\/div><\/div><\/p>\n","protected":false},"excerpt":{"rendered":"<h2>Kosteneffizientes und genaues Dosieren in Eimer<\/h2>\n[fusion_checklist icon=\"fa-check fas\" iconcolor=\"#cf102d\" circle=\"no\" circlecolor=\"\" size=\"\" divider=\"no\" divider_color=\"\" hide_on_mobile=\"small-visibility,medium-visibility,large-visibility\" class=\"\" id=\"\"][fusion_li_item icon=\"\"]<strong>SCHNELL &amp; GENAU<\/strong><br \/>\nDosiert Gebinde von 4,6 l bis 20 l in weniger als 3 Minuten mit pr\u00e4zisen, wiederholbaren Ergebnissen unter Verwendung der Novaflow-Technologie[\/fusion_li_item][fusion_li_item icon=\"\"]<strong>KOSTENEFFIZIENTE AUTOMATISIERUNG<\/strong><br \/>\nBietet alle Vorteile der Automatisierung ohne gro\u00dfe Kapitalinvestitionen \u2013 ideal f\u00fcr die Kleinserienproduktion in Eimergr\u00f6\u00dfe[\/fusion_li_item][fusion_li_item icon=\"\"]<strong>FLEXIBEL &amp; ANPASSUNGSF\u00c4HIG<\/strong><br \/>\nDrei Konfigurationen, ein verstellbares Regal und robuste Pumpen eignen sich f\u00fcr verschiedene Beh\u00e4ltergr\u00f6\u00dfen und Fluideigenschaften[\/fusion_li_item][fusion_li_item icon=\"\"]<strong>VOLLE KONTROLLE &amp; R\u00dcCKVERFOLGBARKEIT<\/strong><br \/>\nIntegrierte Software und Etikettendruck gew\u00e4hrleisten vollst\u00e4ndige Produktions\u00fcbersicht und zuverl\u00e4ssige Produktidentifikation[\/fusion_li_item]<br \/>\n[\/fusion_checklist]\n","protected":false},"featured_media":20512,"template":"","meta":{"_acf_changed":false},"product_brand":[],"product_cat":[571],"product_tag":[],"class_list":{"0":"post-27100","1":"product","2":"type-product","3":"status-publish","4":"has-post-thumbnail","6":"product_cat-novaflow-systeme","8":"first","9":"instock","10":"shipping-taxable","11":"product-type-simple"},"acf":[],"yoast_head":"<!-- This site is optimized with the Yoast SEO plugin v25.5 - https:\/\/yoast.com\/wordpress\/plugins\/seo\/ -->\n<title>Dosierung von Gebinden in Eimergr\u00f6\u00dfe mit N15B<\/title>\n<meta name=\"description\" content=\"N15B erm\u00f6glicht eine schnelle, kosteneffiziente Dosierung von Gebinden in Eimergr\u00f6\u00dfe mit vollst\u00e4ndiger R\u00fcckverfolgbarkeit und geringen Investitionen in die Farb-, Lack- oder Chemieproduktion.\" \/>\n<meta name=\"robots\" content=\"index, follow, max-snippet:-1, max-image-preview:large, max-video-preview:-1\" \/>\n<link rel=\"canonical\" href=\"https:\/\/www.corob.com\/de\/products\/novaflow-systeme\/n15b-2\/\" \/>\n<meta property=\"og:locale\" content=\"de_DE\" \/>\n<meta property=\"og:type\" content=\"article\" \/>\n<meta property=\"og:title\" content=\"Dosierung von Gebinden in Eimergr\u00f6\u00dfe mit N15B\" \/>\n<meta property=\"og:description\" content=\"N15B erm\u00f6glicht eine schnelle, kosteneffiziente Dosierung von Gebinden in Eimergr\u00f6\u00dfe mit vollst\u00e4ndiger R\u00fcckverfolgbarkeit und geringen Investitionen in die Farb-, Lack- oder Chemieproduktion.\" \/>\n<meta property=\"og:url\" content=\"https:\/\/www.corob.com\/de\/products\/novaflow-systeme\/n15b-2\/\" \/>\n<meta property=\"og:site_name\" content=\"COROB\" \/>\n<meta property=\"article:modified_time\" content=\"2025-11-24T15:22:48+00:00\" \/>\n<meta property=\"og:image\" content=\"https:\/\/www.corob.com\/wp-content\/uploads\/2025\/05\/N15B-2.png\" \/>\n\t<meta property=\"og:image:width\" content=\"1200\" \/>\n\t<meta property=\"og:image:height\" content=\"1200\" \/>\n\t<meta property=\"og:image:type\" content=\"image\/png\" \/>\n<meta name=\"twitter:card\" content=\"summary_large_image\" \/>\n<meta name=\"twitter:label1\" content=\"Gesch\u00e4tzte Lesezeit\" \/>\n\t<meta name=\"twitter:data1\" content=\"24\u00a0Minuten\" \/>\n<script type=\"application\/ld+json\" class=\"yoast-schema-graph\">{\"@context\":\"https:\/\/schema.org\",\"@graph\":[{\"@type\":\"WebPage\",\"@id\":\"https:\/\/www.corob.com\/de\/products\/novaflow-systeme\/n15b-2\/\",\"url\":\"https:\/\/www.corob.com\/de\/products\/novaflow-systeme\/n15b-2\/\",\"name\":\"Dosierung von Gebinden in Eimergr\u00f6\u00dfe mit N15B\",\"isPartOf\":{\"@id\":\"https:\/\/www.corob.com\/de\/#website\"},\"primaryImageOfPage\":{\"@id\":\"https:\/\/www.corob.com\/de\/products\/novaflow-systeme\/n15b-2\/#primaryimage\"},\"image\":{\"@id\":\"https:\/\/www.corob.com\/de\/products\/novaflow-systeme\/n15b-2\/#primaryimage\"},\"thumbnailUrl\":\"https:\/\/www.corob.com\/wp-content\/uploads\/2025\/05\/N15B-2.png\",\"datePublished\":\"2025-11-24T15:22:47+00:00\",\"dateModified\":\"2025-11-24T15:22:48+00:00\",\"description\":\"N15B erm\u00f6glicht eine schnelle, kosteneffiziente Dosierung von Gebinden in Eimergr\u00f6\u00dfe mit vollst\u00e4ndiger R\u00fcckverfolgbarkeit und geringen Investitionen in die Farb-, Lack- oder Chemieproduktion.\",\"breadcrumb\":{\"@id\":\"https:\/\/www.corob.com\/de\/products\/novaflow-systeme\/n15b-2\/#breadcrumb\"},\"inLanguage\":\"de\",\"potentialAction\":[{\"@type\":\"ReadAction\",\"target\":[\"https:\/\/www.corob.com\/de\/products\/novaflow-systeme\/n15b-2\/\"]}]},{\"@type\":\"ImageObject\",\"inLanguage\":\"de\",\"@id\":\"https:\/\/www.corob.com\/de\/products\/novaflow-systeme\/n15b-2\/#primaryimage\",\"url\":\"https:\/\/www.corob.com\/wp-content\/uploads\/2025\/05\/N15B-2.png\",\"contentUrl\":\"https:\/\/www.corob.com\/wp-content\/uploads\/2025\/05\/N15B-2.png\",\"width\":1200,\"height\":1200,\"caption\":\"NOVAFLOW N15B automatic weight-based dispenser\"},{\"@type\":\"BreadcrumbList\",\"@id\":\"https:\/\/www.corob.com\/de\/products\/novaflow-systeme\/n15b-2\/#breadcrumb\",\"itemListElement\":[{\"@type\":\"ListItem\",\"position\":1,\"name\":\"Home\",\"item\":\"https:\/\/www.corob.com\/de\/\"},{\"@type\":\"ListItem\",\"position\":2,\"name\":\"PRODUKTE\",\"item\":\"https:\/\/www.corob.com\/de\/produkte\/\"},{\"@type\":\"ListItem\",\"position\":3,\"name\":\"N15B\"}]},{\"@type\":\"WebSite\",\"@id\":\"https:\/\/www.corob.com\/de\/#website\",\"url\":\"https:\/\/www.corob.com\/de\/\",\"name\":\"COROB\",\"description\":\"High-tech dispensing and mixing solutions for paints and coatings systems\",\"publisher\":{\"@id\":\"https:\/\/www.corob.com\/de\/#organization\"},\"potentialAction\":[{\"@type\":\"SearchAction\",\"target\":{\"@type\":\"EntryPoint\",\"urlTemplate\":\"https:\/\/www.corob.com\/de\/?s={search_term_string}\"},\"query-input\":{\"@type\":\"PropertyValueSpecification\",\"valueRequired\":true,\"valueName\":\"search_term_string\"}}],\"inLanguage\":\"de\"},{\"@type\":\"Organization\",\"@id\":\"https:\/\/www.corob.com\/de\/#organization\",\"name\":\"COROB\",\"url\":\"https:\/\/www.corob.com\/de\/\",\"logo\":{\"@type\":\"ImageObject\",\"inLanguage\":\"de\",\"@id\":\"https:\/\/www.corob.com\/de\/#\/schema\/logo\/image\/\",\"url\":\"https:\/\/www.corob.com\/wp-content\/uploads\/2020\/01\/COROB-240.png\",\"contentUrl\":\"https:\/\/www.corob.com\/wp-content\/uploads\/2020\/01\/COROB-240.png\",\"width\":240,\"height\":73,\"caption\":\"COROB\"},\"image\":{\"@id\":\"https:\/\/www.corob.com\/de\/#\/schema\/logo\/image\/\"},\"sameAs\":[\"https:\/\/www.linkedin.com\/company\/corob\/\",\"https:\/\/www.youtube.com\/channel\/UCxnFt4FEhuhdm87NAb27qBQ\"]}]}<\/script>\n<!-- \/ Yoast SEO plugin. -->","yoast_head_json":{"title":"Dosierung von Gebinden in Eimergr\u00f6\u00dfe mit N15B","description":"N15B erm\u00f6glicht eine schnelle, kosteneffiziente Dosierung von Gebinden in Eimergr\u00f6\u00dfe mit vollst\u00e4ndiger R\u00fcckverfolgbarkeit und geringen Investitionen in die Farb-, Lack- oder Chemieproduktion.","robots":{"index":"index","follow":"follow","max-snippet":"max-snippet:-1","max-image-preview":"max-image-preview:large","max-video-preview":"max-video-preview:-1"},"canonical":"https:\/\/www.corob.com\/de\/products\/novaflow-systeme\/n15b-2\/","og_locale":"de_DE","og_type":"article","og_title":"Dosierung von Gebinden in Eimergr\u00f6\u00dfe mit N15B","og_description":"N15B erm\u00f6glicht eine schnelle, kosteneffiziente Dosierung von Gebinden in Eimergr\u00f6\u00dfe mit vollst\u00e4ndiger R\u00fcckverfolgbarkeit und geringen Investitionen in die Farb-, Lack- oder Chemieproduktion.","og_url":"https:\/\/www.corob.com\/de\/products\/novaflow-systeme\/n15b-2\/","og_site_name":"COROB","article_modified_time":"2025-11-24T15:22:48+00:00","og_image":[{"width":1200,"height":1200,"url":"https:\/\/www.corob.com\/wp-content\/uploads\/2025\/05\/N15B-2.png","type":"image\/png"}],"twitter_card":"summary_large_image","twitter_misc":{"Gesch\u00e4tzte Lesezeit":"24\u00a0Minuten"},"schema":{"@context":"https:\/\/schema.org","@graph":[{"@type":"WebPage","@id":"https:\/\/www.corob.com\/de\/products\/novaflow-systeme\/n15b-2\/","url":"https:\/\/www.corob.com\/de\/products\/novaflow-systeme\/n15b-2\/","name":"Dosierung von Gebinden in Eimergr\u00f6\u00dfe mit N15B","isPartOf":{"@id":"https:\/\/www.corob.com\/de\/#website"},"primaryImageOfPage":{"@id":"https:\/\/www.corob.com\/de\/products\/novaflow-systeme\/n15b-2\/#primaryimage"},"image":{"@id":"https:\/\/www.corob.com\/de\/products\/novaflow-systeme\/n15b-2\/#primaryimage"},"thumbnailUrl":"https:\/\/www.corob.com\/wp-content\/uploads\/2025\/05\/N15B-2.png","datePublished":"2025-11-24T15:22:47+00:00","dateModified":"2025-11-24T15:22:48+00:00","description":"N15B erm\u00f6glicht eine schnelle, kosteneffiziente Dosierung von Gebinden in Eimergr\u00f6\u00dfe mit vollst\u00e4ndiger R\u00fcckverfolgbarkeit und geringen Investitionen in die Farb-, Lack- oder Chemieproduktion.","breadcrumb":{"@id":"https:\/\/www.corob.com\/de\/products\/novaflow-systeme\/n15b-2\/#breadcrumb"},"inLanguage":"de","potentialAction":[{"@type":"ReadAction","target":["https:\/\/www.corob.com\/de\/products\/novaflow-systeme\/n15b-2\/"]}]},{"@type":"ImageObject","inLanguage":"de","@id":"https:\/\/www.corob.com\/de\/products\/novaflow-systeme\/n15b-2\/#primaryimage","url":"https:\/\/www.corob.com\/wp-content\/uploads\/2025\/05\/N15B-2.png","contentUrl":"https:\/\/www.corob.com\/wp-content\/uploads\/2025\/05\/N15B-2.png","width":1200,"height":1200,"caption":"NOVAFLOW N15B automatic weight-based dispenser"},{"@type":"BreadcrumbList","@id":"https:\/\/www.corob.com\/de\/products\/novaflow-systeme\/n15b-2\/#breadcrumb","itemListElement":[{"@type":"ListItem","position":1,"name":"Home","item":"https:\/\/www.corob.com\/de\/"},{"@type":"ListItem","position":2,"name":"PRODUKTE","item":"https:\/\/www.corob.com\/de\/produkte\/"},{"@type":"ListItem","position":3,"name":"N15B"}]},{"@type":"WebSite","@id":"https:\/\/www.corob.com\/de\/#website","url":"https:\/\/www.corob.com\/de\/","name":"COROB","description":"High-tech dispensing and mixing solutions for paints and coatings systems","publisher":{"@id":"https:\/\/www.corob.com\/de\/#organization"},"potentialAction":[{"@type":"SearchAction","target":{"@type":"EntryPoint","urlTemplate":"https:\/\/www.corob.com\/de\/?s={search_term_string}"},"query-input":{"@type":"PropertyValueSpecification","valueRequired":true,"valueName":"search_term_string"}}],"inLanguage":"de"},{"@type":"Organization","@id":"https:\/\/www.corob.com\/de\/#organization","name":"COROB","url":"https:\/\/www.corob.com\/de\/","logo":{"@type":"ImageObject","inLanguage":"de","@id":"https:\/\/www.corob.com\/de\/#\/schema\/logo\/image\/","url":"https:\/\/www.corob.com\/wp-content\/uploads\/2020\/01\/COROB-240.png","contentUrl":"https:\/\/www.corob.com\/wp-content\/uploads\/2020\/01\/COROB-240.png","width":240,"height":73,"caption":"COROB"},"image":{"@id":"https:\/\/www.corob.com\/de\/#\/schema\/logo\/image\/"},"sameAs":["https:\/\/www.linkedin.com\/company\/corob\/","https:\/\/www.youtube.com\/channel\/UCxnFt4FEhuhdm87NAb27qBQ"]}]}},"_links":{"self":[{"href":"https:\/\/www.corob.com\/de\/wp-json\/wp\/v2\/product\/27100","targetHints":{"allow":["GET"]}}],"collection":[{"href":"https:\/\/www.corob.com\/de\/wp-json\/wp\/v2\/product"}],"about":[{"href":"https:\/\/www.corob.com\/de\/wp-json\/wp\/v2\/types\/product"}],"wp:featuredmedia":[{"embeddable":true,"href":"https:\/\/www.corob.com\/de\/wp-json\/wp\/v2\/media\/20512"}],"wp:attachment":[{"href":"https:\/\/www.corob.com\/de\/wp-json\/wp\/v2\/media?parent=27100"}],"wp:term":[{"taxonomy":"product_brand","embeddable":true,"href":"https:\/\/www.corob.com\/de\/wp-json\/wp\/v2\/product_brand?post=27100"},{"taxonomy":"product_cat","embeddable":true,"href":"https:\/\/www.corob.com\/de\/wp-json\/wp\/v2\/product_cat?post=27100"},{"taxonomy":"product_tag","embeddable":true,"href":"https:\/\/www.corob.com\/de\/wp-json\/wp\/v2\/product_tag?post=27100"}],"curies":[{"name":"wp","href":"https:\/\/api.w.org\/{rel}","templated":true}]}}