{"id":27101,"date":"2025-11-24T15:25:37","date_gmt":"2025-11-24T15:25:37","guid":{"rendered":"https:\/\/www.corob.com\/products\/uncategorized\/nova-2\/"},"modified":"2025-11-24T15:25:38","modified_gmt":"2025-11-24T15:25:38","slug":"nova-2","status":"publish","type":"product","link":"https:\/\/www.corob.com\/de\/products\/novaflow-systeme\/nova-2\/","title":{"rendered":"NOVA+"},"content":{"rendered":"<p><div class=\"fusion-fullwidth fullwidth-box fusion-builder-row-1 fusion-flex-container has-pattern-background has-mask-background nonhundred-percent-fullwidth non-hundred-percent-height-scrolling\" style=\"--awb-border-radius-top-left:0px;--awb-border-radius-top-right:0px;--awb-border-radius-bottom-right:0px;--awb-border-radius-bottom-left:0px;--awb-flex-wrap:wrap;\" id=\"Container-Exceptional\" ><div class=\"fusion-builder-row fusion-row fusion-flex-align-items-flex-start fusion-flex-content-wrap\" style=\"max-width:1456px;margin-left: calc(-4% \/ 2 );margin-right: calc(-4% \/ 2 );\"><div class=\"fusion-layout-column fusion_builder_column fusion-builder-column-0 fusion_builder_column_1_1 1_1 fusion-flex-column\" style=\"--awb-bg-size:cover;--awb-width-large:100%;--awb-margin-top-large:0px;--awb-spacing-right-large:1.92%;--awb-margin-bottom-large:20px;--awb-spacing-left-large:1.92%;--awb-width-medium:100%;--awb-order-medium:0;--awb-spacing-right-medium:1.92%;--awb-spacing-left-medium:1.92%;--awb-width-small:100%;--awb-order-small:0;--awb-spacing-right-small:1.92%;--awb-spacing-left-small:1.92%;\"><div class=\"fusion-column-wrapper fusion-column-has-shadow fusion-flex-justify-content-flex-start fusion-content-layout-column\"><div class=\"fusion-text fusion-text-1\" style=\"--awb-content-alignment:center;--awb-font-size:28px;\"><p>Wir stellen den <strong>NOVA+ automatischen, gewichtsbasierten Dosierer<\/strong> vor, ein hochmodernes, <strong>modulares System<\/strong>, das entwickelt wurde, um die Erwartungen beim Dosieren von <strong>Druckfarbe, Farbe, Farbmitteln und Chemikalien<\/strong> zu \u00fcbertreffen.<\/p>\n<\/div><\/div><\/div><\/div><\/div><div class=\"fusion-fullwidth fullwidth-box fusion-builder-row-2 has-pattern-background has-mask-background nonhundred-percent-fullwidth non-hundred-percent-height-scrolling\" style=\"--awb-border-radius-top-left:0px;--awb-border-radius-top-right:0px;--awb-border-radius-bottom-right:0px;--awb-border-radius-bottom-left:0px;--awb-flex-wrap:wrap;\" id=\"Container-Features\" ><div class=\"fusion-builder-row fusion-row\"><div class=\"fusion-layout-column fusion_builder_column fusion-builder-column-1 fusion_builder_column_1_2 1_2 fusion-one-half fusion-column-first\" style=\"--awb-bg-size:cover;width:50%;width:calc(50% - ( ( 4% ) * 0.5 ) );margin-right: 4%;\"><div class=\"fusion-column-wrapper fusion-column-has-shadow fusion-flex-column-wrapper-legacy\"><div class=\"fusion-clearfix\"><\/div><\/div><\/div><div class=\"fusion-layout-column fusion_builder_column fusion-builder-column-2 fusion_builder_column_1_2 1_2 fusion-one-half fusion-column-last\" style=\"--awb-bg-size:cover;width:50%;width:calc(50% - ( ( 4% ) * 0.5 ) );\"><div class=\"fusion-column-wrapper fusion-column-has-shadow fusion-flex-column-wrapper-legacy\"><div class=\"fusion-clearfix\"><\/div><\/div><\/div><div class=\"fusion-layout-column fusion_builder_column fusion-builder-column-3 fusion_builder_column_1_1 1_1 fusion-one-full fusion-column-first fusion-column-last\" style=\"--awb-bg-size:cover;\"><div class=\"fusion-column-wrapper fusion-column-has-shadow fusion-flex-column-wrapper-legacy\"><div class=\"fusion-text fusion-text-2\"><p>Aufbauend auf dem 30-j\u00e4hrigen Erbe branchenf\u00fchrender Technologie von Novaflow bieten <strong>NOVA+ modulare Dosiersysteme<\/strong> un\u00fcbertroffene Zuverl\u00e4ssigkeit, Kundensupport und technische Dienstleistungen.<\/p>\n<p>Der NOVA+ Dosierger\u00e4te hebt Innovation auf die n\u00e4chste Stufe und verbessert die Systemleistung und Produktivit\u00e4t erheblich.<\/p>\n<p>Sein modulares Design erm\u00f6glicht kundenspezifische Konfigurationen von Grund auf und gew\u00e4hrleistet eine perfekte \u00dcbereinstimmung mit Ihrer spezifischen Anwendung und Ihren betrieblichen Anforderungen.<\/p>\n<p>Der revolution\u00e4re NOVA+ Dosieralgorithmus <strong>\u00fcberwacht kontinuierlich Prozess<\/strong><strong>schwankungen<\/strong> und passt die Systemabl\u00e4ufe in <strong>Echtzeit<\/strong> an, wodurch sichergestellt wird, dass jede Charge schnell und genau produziert wird.<\/p>\n<p>Die Steuerung des Dosierger\u00e4ts erfolgt \u00fcber eine sichere SPS, w\u00e4hrend \u00fcbergeordnete Abl\u00e4ufe, Materialverwaltung und Berichterstattung von einer aktualisierten Version der renommierten Software von Novaflow \u00fcbernommen werden.<\/p>\n<p>Dar\u00fcber hinaus verf\u00fcgt NOVA+ \u00fcber eine exklusive vollst\u00e4ndige Rezirkulation, mehrstufige Ventile und ein einzigartiges, individuelles Ventilreinigungssystem, <strong>das eine verbesserte Reinigungswirkung gew\u00e4hrleistet<\/strong>.<\/p>\n<p>Erleben Sie <strong>un\u00fcbertroffene Effizienz und Pr\u00e4zision<\/strong> mit den brandneuen NOVA+ automatischen, gewichtsbasierten Dosierger\u00e4ten.<\/p>\n<\/div><div class=\"fusion-clearfix\"><\/div><\/div><\/div><\/div><\/div><div class=\"fusion-fullwidth fullwidth-box fusion-builder-row-3 has-pattern-background has-mask-background nonhundred-percent-fullwidth non-hundred-percent-height-scrolling\" style=\"--awb-border-radius-top-left:0px;--awb-border-radius-top-right:0px;--awb-border-radius-bottom-right:0px;--awb-border-radius-bottom-left:0px;--awb-padding-bottom:20px;--awb-flex-wrap:wrap;\" id=\"Container-Technical-Data\" ><div class=\"fusion-builder-row fusion-row\"><div class=\"fusion-layout-column fusion_builder_column fusion-builder-column-4 fusion_builder_column_1_2 1_2 fusion-one-half fusion-column-first\" style=\"--awb-bg-size:cover;width:48%; margin-right: 4%;\"><div class=\"fusion-column-wrapper fusion-column-has-shadow fusion-flex-column-wrapper-legacy\"><div class=\"fusion-title title fusion-title-1 fusion-sep-none fusion-title-text fusion-title-size-three\"><h3 class=\"fusion-title-heading title-heading-left fusion-responsive-typography-calculated\" style=\"margin:0;--fontSize:28;--minFontSize:28;line-height:1.2;\">Technische Daten<\/h3><\/div><div class=\"fusion-clearfix\"><\/div><\/div><\/div><div class=\"fusion-layout-column fusion_builder_column fusion-builder-column-5 fusion_builder_column_1_1 1_1 fusion-one-full fusion-column-last\" style=\"--awb-bg-size:cover;--awb-margin-bottom:0px;\"><div class=\"fusion-column-wrapper fusion-flex-column-wrapper-legacy\">\n<div class=\"table-1\">\n<table width=\"100%\">\n<tbody>\n<tr>\n<td align=\"left\" width=\"20%\"><\/td>\n<td align=\"center\" width=\"40%\"><strong>Standard<\/strong><\/td>\n<td align=\"center\" width=\"40%\"><strong>EX<\/strong><\/td>\n<\/tr>\n<tr>\n<td align=\"left\">Arbeitsumgebung<\/td>\n<td align=\"left\">Nicht gef\u00e4hrlich<\/td>\n<td align=\"left\">Gef\u00e4hrlich<\/td>\n<\/tr>\n<tr>\n<td align=\"left\">Anwendung<\/td>\n<td align=\"left\">Produkte auf Wasser- und UV-Basis<\/td>\n<td align=\"left\">Produkte auf L\u00f6sungsmittelbasis<\/td>\n<\/tr>\n<tr>\n<td align=\"left\">Anzahl der Kreisl\u00e4ufe<\/td>\n<td align=\"left\">16, 28, 32, 48 oder kundenspezifisch<\/td>\n<td align=\"left\">16, 28, 32, 48 oder kundenspezifisch<\/td>\n<\/tr>\n<tr>\n<td align=\"left\">Art der Kreisl\u00e4ufe<\/td>\n<td align=\"left\">Vollst\u00e4ndig konfigurierbar und kann jede Kombination aus Eimern, F\u00e4ssern, Poly-Totes, IBCs usw. enthalten<\/td>\n<td align=\"left\">Vollst\u00e4ndig konfigurierbar und kann jede Kombination aus Eimern, F\u00e4ssern, Poly-Totes, IBCs usw. enthalten<\/td>\n<\/tr>\n<tr>\n<td align=\"left\">Mindestbeh\u00e4lter\u00f6ffnung<\/td>\n<td align=\"left\">60 mm (2,25\u201d) \/ 215 mm (8,5\u201d) \/ 300 mm (11,75\u201d) oder gr\u00f6\u00dfer<\/td>\n<td align=\"left\">60 mm (2,25\u201d) \/ 215 mm (8,5\u201d) \/ 300 mm (11,75\u201d) oder gr\u00f6\u00dfer<\/td>\n<\/tr>\n<tr>\n<td align=\"left\">Typische Chargengr\u00f6\u00dfe<\/td>\n<td align=\"left\">Von 0,5 l bis 3000 l (0,15 &#8211; 800 USG)<\/td>\n<td align=\"left\">Von 0,5 l bis 3000 l (0,15 &#8211; 800 USG)<\/td>\n<\/tr>\n<tr>\n<td align=\"left\">Produktviskosit\u00e4t<\/td>\n<td align=\"left\">1000000 CPS Max.<\/td>\n<td align=\"left\">1000000 CPS Max.<\/td>\n<\/tr>\n<tr>\n<td align=\"left\">Leistung<\/td>\n<td align=\"left\">Bis zu 76 l\/min (nicht-gef\u00e4hrliche Umgebung)<\/td>\n<td align=\"left\">Bis zu 76 l\/min (nicht-gef\u00e4hrliche Umgebung)<\/td>\n<\/tr>\n<tr>\n<td align=\"left\">Ventil-Typ<\/td>\n<td align=\"left\">Zweistufiges SelectFlow-Ventil und\/oder dreistufiges MultiFlow-Ventil<\/td>\n<td align=\"left\">Zweistufiges SelectFlow-Ventil und\/oder dreistufiges MultiFlow-Ventil<\/td>\n<\/tr>\n<tr>\n<td align=\"left\">Genauigkeit*<\/td>\n<td align=\"left\">Ab \u00b1 0,4 g, abh\u00e4ngig von der Skala<\/td>\n<td align=\"left\">Ab \u00b1 0,4 g, abh\u00e4ngig von der Skala<\/td>\n<\/tr>\n<tr>\n<td align=\"left\">Pumpengr\u00f6\u00dfe<\/td>\n<td align=\"left\">DN12 &#8211; 1\/2\u201d und\/oder DN25 &#8211; 1\u201d und\/oder DN38 &#8211; 1 \u00bd\u201d<\/td>\n<td align=\"left\">DN12 &#8211; 1\/2\u201d und\/oder DN25 &#8211; 1\u201d und\/oder DN38 &#8211; 1 \u00bd\u201d<\/td>\n<\/tr>\n<tr>\n<td align=\"left\">Ventilreiniger<\/td>\n<td align=\"left\">Vollautomatisch<\/td>\n<td align=\"left\">Vollautomatisch<\/td>\n<\/tr>\n<tr>\n<td align=\"left\">Waage<\/td>\n<td align=\"left\">6 &#8211; 3000 kg (12 &#8211; 6000 lb)<\/td>\n<td align=\"left\">6 &#8211; 3000 kg (12 &#8211; 6000 lb)<\/td>\n<\/tr>\n<tr>\n<td align=\"left\">Schrank<\/td>\n<td align=\"left\">IP55 \/ NEMA 4x Schrank<\/td>\n<td align=\"left\">Ges\u00e4uberter IP55 \/ NEMA 4x Schrank<\/td>\n<\/tr>\n<tr>\n<td align=\"left\">Sicherheitskonformit\u00e4t\/Zertifizierungen<\/td>\n<td align=\"left\">CE, ESA, CSA, UL, FM Klasse 1\/Division 1<\/td>\n<td align=\"left\">IECx und ATEX Zone 1\/2<\/td>\n<\/tr>\n<tr>\n<td align=\"left\">Grundfl\u00e4che<\/td>\n<td align=\"left\">Abh\u00e4ngig von der Maschinenbasis-Konfiguration<\/td>\n<td align=\"left\">Abh\u00e4ngig von der Maschinenbasis-Konfiguration<\/td>\n<\/tr>\n<\/tbody>\n<\/table>\n<\/div>\n<div class=\"fusion-text fusion-text-3\"><p><em>* Die Werte werden stark von der Art der Produkte und ihren rheologischen Eigenschaften beeinflusst. Die Werte sind abh\u00e4ngig von der Kombination aus Ventilgr\u00f6\u00dfe und Waagentyp. <\/em><br \/>\nHinweis: Die Daten beziehen sich auf die Basiskonfiguration der Maschine, die Werte k\u00f6nnen je nach den verschiedenen Spezifikationen variieren.<\/p>\n<\/div><div class=\"fusion-clearfix\"><\/div><\/div><\/div><\/div><\/div><div class=\"fusion-fullwidth fullwidth-box fusion-builder-row-4 has-pattern-background has-mask-background nonhundred-percent-fullwidth non-hundred-percent-height-scrolling\" style=\"--awb-border-radius-top-left:0px;--awb-border-radius-top-right:0px;--awb-border-radius-bottom-right:0px;--awb-border-radius-bottom-left:0px;--awb-padding-top:20px;--awb-padding-bottom:20px;--awb-flex-wrap:wrap;\" id=\"Container-Download-Area\" ><div class=\"fusion-builder-row fusion-row\"><div class=\"fusion-layout-column fusion_builder_column fusion-builder-column-6 fusion_builder_column_1_2 1_2 fusion-one-half fusion-column-first\" style=\"--awb-bg-size:cover;width:48%; margin-right: 4%;\"><div class=\"fusion-column-wrapper fusion-column-has-shadow fusion-flex-column-wrapper-legacy\"><div class=\"fusion-title title fusion-title-2 fusion-sep-none fusion-title-text fusion-title-size-three\"><h3 class=\"fusion-title-heading title-heading-left fusion-responsive-typography-calculated\" style=\"margin:0;--fontSize:28;--minFontSize:28;line-height:1.2;\">Downloadbereich<\/h3><\/div><div class=\"fusion-clearfix\"><\/div><\/div><\/div><div class=\"fusion-layout-column fusion_builder_column fusion-builder-column-7 fusion_builder_column_1_1 1_1 fusion-one-full fusion-column-last\" style=\"--awb-bg-size:cover;--awb-margin-bottom:0px;\"><div class=\"fusion-column-wrapper fusion-flex-column-wrapper-legacy\"><div class=\"fusion-builder-row fusion-builder-row-inner fusion-row\"><div class=\"fusion-layout-column fusion_builder_column_inner fusion-builder-nested-column-0 fusion_builder_column_inner_1_2 1_2 fusion-one-half fusion-column-first\" style=\"--awb-padding-top:20px;--awb-padding-right:20px;--awb-padding-bottom:20px;--awb-padding-left:20px;--awb-bg-size:cover;--awb-border-color:#eaeaea;--awb-border-top:1px;--awb-border-right:1px;--awb-border-bottom:1px;--awb-border-left:1px;--awb-border-style:solid;width:50%;width:calc(50% - ( ( 40px ) * 0.5 ) );margin-right: 40px;\"><div class=\"fusion-column-wrapper fusion-column-has-shadow fusion-flex-column-wrapper-legacy\"><div class=\"fusion-title title fusion-title-3 fusion-sep-none fusion-title-text fusion-title-size-five\" style=\"--awb-margin-bottom:20px;\"><h5 class=\"fusion-title-heading title-heading-left fusion-responsive-typography-calculated\" style=\"margin:0;--fontSize:20;--minFontSize:20;line-height:1.2;\">BROSCH\u00dcRE<\/h5><\/div><div class=\"fusion-text fusion-text-4\"><p><i class=\"fb-icon-element-1 fb-icon-element fontawesome-icon fa-book fas circle-no fusion-text-flow\" style=\"--awb-iconcolor:#606060;--awb-iconcolor-hover:#606060;--awb-font-size:32px;--awb-margin-right:20px;\"><\/i><a class=\"download-link\" title=\"\" href=\"https:\/\/www.corob.com\/de\/download\/20800\/\" rel=\"nofollow\">\n\tNOVA+ Brochure English<\/a><\/p>\n<\/div><div class=\"fusion-clearfix\"><\/div><\/div><\/div><\/div><div class=\"fusion-clearfix\"><\/div><\/div><\/div><\/div><\/div><\/p>\n","protected":false},"excerpt":{"rendered":"<h2>Die neueste Dosiertechnologie in einem modularen und konfigurierbaren Design<\/h2>\n[fusion_checklist icon=\"fa-check fas\" iconcolor=\"#cf102d\" circle=\"no\" circlecolor=\"\" size=\"\" divider=\"no\" divider_color=\"\" hide_on_mobile=\"small-visibility,medium-visibility,large-visibility\" class=\"\" id=\"\"][fusion_li_item icon=\"\"]<strong>MODULAR DURCH DESIGN<\/strong><br \/>\nVom Grund auf anpassbar, um perfekt auf Ihre Produktionsbed\u00fcrfnisse und r\u00e4umlichen Beschr\u00e4nkungen abgestimmt zu sein[\/fusion_li_item][fusion_li_item icon=\"\"]<strong>ECHTZEIT-PR\u00c4ZISION<\/strong><br \/>\nEin fortschrittlicher Algorithmus passt die Abl\u00e4ufe live an und gew\u00e4hrleistet, dass jede Charge schnell, genau und konsistent ist[\/fusion_li_item][fusion_li_item icon=\"\"]<strong>SAUBER UND EFFIZIENT<\/strong><br \/>\nEin exklusives Ventileinigungs- und Vollrezirkulationssystem verbessert die Hygiene und reduziert Ausfallzeiten[\/fusion_li_item][fusion_li_item icon=\"\"]<strong>GESAMTE SYSTEMKONTROLLE<\/strong><br \/>\nEine sichere SPS und aktualisierte Software bieten vollst\u00e4ndige Transparenz, Materialverwaltung und Berichterstattung[\/fusion_li_item]<br \/>\n[\/fusion_checklist]\n","protected":false},"featured_media":20505,"template":"","meta":{"_acf_changed":false},"product_brand":[],"product_cat":[571],"product_tag":[],"class_list":{"0":"post-27101","1":"product","2":"type-product","3":"status-publish","4":"has-post-thumbnail","6":"product_cat-novaflow-systeme","8":"first","9":"instock","10":"shipping-taxable","11":"product-type-simple"},"acf":[],"yoast_head":"<!-- This site is optimized with the Yoast SEO plugin v25.5 - https:\/\/yoast.com\/wordpress\/plugins\/seo\/ -->\n<title>Modulares Dosiersystem | NOVA+<\/title>\n<meta name=\"description\" content=\"NOVA+ ist ein modulares Hochpr\u00e4zisions-Dosiersystem mit Echtzeitsteuerung, fortschrittlicher Reinigung und vollst\u00e4ndiger Softwareintegration.\" \/>\n<meta name=\"robots\" content=\"index, follow, max-snippet:-1, max-image-preview:large, max-video-preview:-1\" \/>\n<link rel=\"canonical\" href=\"https:\/\/www.corob.com\/de\/products\/novaflow-systeme\/nova-2\/\" \/>\n<meta property=\"og:locale\" content=\"de_DE\" \/>\n<meta property=\"og:type\" content=\"article\" \/>\n<meta property=\"og:title\" content=\"Modulares Dosiersystem | NOVA+\" \/>\n<meta property=\"og:description\" content=\"NOVA+ ist ein modulares Hochpr\u00e4zisions-Dosiersystem mit Echtzeitsteuerung, fortschrittlicher Reinigung und vollst\u00e4ndiger Softwareintegration.\" \/>\n<meta property=\"og:url\" content=\"https:\/\/www.corob.com\/de\/products\/novaflow-systeme\/nova-2\/\" \/>\n<meta property=\"og:site_name\" content=\"COROB\" \/>\n<meta property=\"article:modified_time\" content=\"2025-11-24T15:25:38+00:00\" \/>\n<meta property=\"og:image\" content=\"https:\/\/www.corob.com\/wp-content\/uploads\/2025\/05\/NOVA_FixedHead-1.png\" \/>\n\t<meta property=\"og:image:width\" content=\"1200\" \/>\n\t<meta property=\"og:image:height\" content=\"1200\" \/>\n\t<meta property=\"og:image:type\" content=\"image\/png\" \/>\n<meta name=\"twitter:card\" content=\"summary_large_image\" \/>\n<meta name=\"twitter:label1\" content=\"Gesch\u00e4tzte Lesezeit\" \/>\n\t<meta name=\"twitter:data1\" content=\"24\u00a0Minuten\" \/>\n<script type=\"application\/ld+json\" class=\"yoast-schema-graph\">{\"@context\":\"https:\/\/schema.org\",\"@graph\":[{\"@type\":\"WebPage\",\"@id\":\"https:\/\/www.corob.com\/de\/products\/novaflow-systeme\/nova-2\/\",\"url\":\"https:\/\/www.corob.com\/de\/products\/novaflow-systeme\/nova-2\/\",\"name\":\"Modulares Dosiersystem | NOVA+\",\"isPartOf\":{\"@id\":\"https:\/\/www.corob.com\/de\/#website\"},\"primaryImageOfPage\":{\"@id\":\"https:\/\/www.corob.com\/de\/products\/novaflow-systeme\/nova-2\/#primaryimage\"},\"image\":{\"@id\":\"https:\/\/www.corob.com\/de\/products\/novaflow-systeme\/nova-2\/#primaryimage\"},\"thumbnailUrl\":\"https:\/\/www.corob.com\/wp-content\/uploads\/2025\/05\/NOVA_FixedHead-1.png\",\"datePublished\":\"2025-11-24T15:25:37+00:00\",\"dateModified\":\"2025-11-24T15:25:38+00:00\",\"description\":\"NOVA+ ist ein modulares Hochpr\u00e4zisions-Dosiersystem mit Echtzeitsteuerung, fortschrittlicher Reinigung und vollst\u00e4ndiger Softwareintegration.\",\"breadcrumb\":{\"@id\":\"https:\/\/www.corob.com\/de\/products\/novaflow-systeme\/nova-2\/#breadcrumb\"},\"inLanguage\":\"de\",\"potentialAction\":[{\"@type\":\"ReadAction\",\"target\":[\"https:\/\/www.corob.com\/de\/products\/novaflow-systeme\/nova-2\/\"]}]},{\"@type\":\"ImageObject\",\"inLanguage\":\"de\",\"@id\":\"https:\/\/www.corob.com\/de\/products\/novaflow-systeme\/nova-2\/#primaryimage\",\"url\":\"https:\/\/www.corob.com\/wp-content\/uploads\/2025\/05\/NOVA_FixedHead-1.png\",\"contentUrl\":\"https:\/\/www.corob.com\/wp-content\/uploads\/2025\/05\/NOVA_FixedHead-1.png\",\"width\":1200,\"height\":1200,\"caption\":\"NOVAFLOW NOVA+ automatic weight-based dispenser\"},{\"@type\":\"BreadcrumbList\",\"@id\":\"https:\/\/www.corob.com\/de\/products\/novaflow-systeme\/nova-2\/#breadcrumb\",\"itemListElement\":[{\"@type\":\"ListItem\",\"position\":1,\"name\":\"Home\",\"item\":\"https:\/\/www.corob.com\/de\/\"},{\"@type\":\"ListItem\",\"position\":2,\"name\":\"PRODUKTE\",\"item\":\"https:\/\/www.corob.com\/de\/produkte\/\"},{\"@type\":\"ListItem\",\"position\":3,\"name\":\"NOVA+\"}]},{\"@type\":\"WebSite\",\"@id\":\"https:\/\/www.corob.com\/de\/#website\",\"url\":\"https:\/\/www.corob.com\/de\/\",\"name\":\"COROB\",\"description\":\"High-tech dispensing and mixing solutions for paints and coatings systems\",\"publisher\":{\"@id\":\"https:\/\/www.corob.com\/de\/#organization\"},\"potentialAction\":[{\"@type\":\"SearchAction\",\"target\":{\"@type\":\"EntryPoint\",\"urlTemplate\":\"https:\/\/www.corob.com\/de\/?s={search_term_string}\"},\"query-input\":{\"@type\":\"PropertyValueSpecification\",\"valueRequired\":true,\"valueName\":\"search_term_string\"}}],\"inLanguage\":\"de\"},{\"@type\":\"Organization\",\"@id\":\"https:\/\/www.corob.com\/de\/#organization\",\"name\":\"COROB\",\"url\":\"https:\/\/www.corob.com\/de\/\",\"logo\":{\"@type\":\"ImageObject\",\"inLanguage\":\"de\",\"@id\":\"https:\/\/www.corob.com\/de\/#\/schema\/logo\/image\/\",\"url\":\"https:\/\/www.corob.com\/wp-content\/uploads\/2020\/01\/COROB-240.png\",\"contentUrl\":\"https:\/\/www.corob.com\/wp-content\/uploads\/2020\/01\/COROB-240.png\",\"width\":240,\"height\":73,\"caption\":\"COROB\"},\"image\":{\"@id\":\"https:\/\/www.corob.com\/de\/#\/schema\/logo\/image\/\"},\"sameAs\":[\"https:\/\/www.linkedin.com\/company\/corob\/\",\"https:\/\/www.youtube.com\/channel\/UCxnFt4FEhuhdm87NAb27qBQ\"]}]}<\/script>\n<!-- \/ Yoast SEO plugin. -->","yoast_head_json":{"title":"Modulares Dosiersystem | NOVA+","description":"NOVA+ ist ein modulares Hochpr\u00e4zisions-Dosiersystem mit Echtzeitsteuerung, fortschrittlicher Reinigung und vollst\u00e4ndiger Softwareintegration.","robots":{"index":"index","follow":"follow","max-snippet":"max-snippet:-1","max-image-preview":"max-image-preview:large","max-video-preview":"max-video-preview:-1"},"canonical":"https:\/\/www.corob.com\/de\/products\/novaflow-systeme\/nova-2\/","og_locale":"de_DE","og_type":"article","og_title":"Modulares Dosiersystem | NOVA+","og_description":"NOVA+ ist ein modulares Hochpr\u00e4zisions-Dosiersystem mit Echtzeitsteuerung, fortschrittlicher Reinigung und vollst\u00e4ndiger Softwareintegration.","og_url":"https:\/\/www.corob.com\/de\/products\/novaflow-systeme\/nova-2\/","og_site_name":"COROB","article_modified_time":"2025-11-24T15:25:38+00:00","og_image":[{"width":1200,"height":1200,"url":"https:\/\/www.corob.com\/wp-content\/uploads\/2025\/05\/NOVA_FixedHead-1.png","type":"image\/png"}],"twitter_card":"summary_large_image","twitter_misc":{"Gesch\u00e4tzte Lesezeit":"24\u00a0Minuten"},"schema":{"@context":"https:\/\/schema.org","@graph":[{"@type":"WebPage","@id":"https:\/\/www.corob.com\/de\/products\/novaflow-systeme\/nova-2\/","url":"https:\/\/www.corob.com\/de\/products\/novaflow-systeme\/nova-2\/","name":"Modulares Dosiersystem | NOVA+","isPartOf":{"@id":"https:\/\/www.corob.com\/de\/#website"},"primaryImageOfPage":{"@id":"https:\/\/www.corob.com\/de\/products\/novaflow-systeme\/nova-2\/#primaryimage"},"image":{"@id":"https:\/\/www.corob.com\/de\/products\/novaflow-systeme\/nova-2\/#primaryimage"},"thumbnailUrl":"https:\/\/www.corob.com\/wp-content\/uploads\/2025\/05\/NOVA_FixedHead-1.png","datePublished":"2025-11-24T15:25:37+00:00","dateModified":"2025-11-24T15:25:38+00:00","description":"NOVA+ ist ein modulares Hochpr\u00e4zisions-Dosiersystem mit Echtzeitsteuerung, fortschrittlicher Reinigung und vollst\u00e4ndiger Softwareintegration.","breadcrumb":{"@id":"https:\/\/www.corob.com\/de\/products\/novaflow-systeme\/nova-2\/#breadcrumb"},"inLanguage":"de","potentialAction":[{"@type":"ReadAction","target":["https:\/\/www.corob.com\/de\/products\/novaflow-systeme\/nova-2\/"]}]},{"@type":"ImageObject","inLanguage":"de","@id":"https:\/\/www.corob.com\/de\/products\/novaflow-systeme\/nova-2\/#primaryimage","url":"https:\/\/www.corob.com\/wp-content\/uploads\/2025\/05\/NOVA_FixedHead-1.png","contentUrl":"https:\/\/www.corob.com\/wp-content\/uploads\/2025\/05\/NOVA_FixedHead-1.png","width":1200,"height":1200,"caption":"NOVAFLOW NOVA+ automatic weight-based dispenser"},{"@type":"BreadcrumbList","@id":"https:\/\/www.corob.com\/de\/products\/novaflow-systeme\/nova-2\/#breadcrumb","itemListElement":[{"@type":"ListItem","position":1,"name":"Home","item":"https:\/\/www.corob.com\/de\/"},{"@type":"ListItem","position":2,"name":"PRODUKTE","item":"https:\/\/www.corob.com\/de\/produkte\/"},{"@type":"ListItem","position":3,"name":"NOVA+"}]},{"@type":"WebSite","@id":"https:\/\/www.corob.com\/de\/#website","url":"https:\/\/www.corob.com\/de\/","name":"COROB","description":"High-tech dispensing and mixing solutions for paints and coatings systems","publisher":{"@id":"https:\/\/www.corob.com\/de\/#organization"},"potentialAction":[{"@type":"SearchAction","target":{"@type":"EntryPoint","urlTemplate":"https:\/\/www.corob.com\/de\/?s={search_term_string}"},"query-input":{"@type":"PropertyValueSpecification","valueRequired":true,"valueName":"search_term_string"}}],"inLanguage":"de"},{"@type":"Organization","@id":"https:\/\/www.corob.com\/de\/#organization","name":"COROB","url":"https:\/\/www.corob.com\/de\/","logo":{"@type":"ImageObject","inLanguage":"de","@id":"https:\/\/www.corob.com\/de\/#\/schema\/logo\/image\/","url":"https:\/\/www.corob.com\/wp-content\/uploads\/2020\/01\/COROB-240.png","contentUrl":"https:\/\/www.corob.com\/wp-content\/uploads\/2020\/01\/COROB-240.png","width":240,"height":73,"caption":"COROB"},"image":{"@id":"https:\/\/www.corob.com\/de\/#\/schema\/logo\/image\/"},"sameAs":["https:\/\/www.linkedin.com\/company\/corob\/","https:\/\/www.youtube.com\/channel\/UCxnFt4FEhuhdm87NAb27qBQ"]}]}},"_links":{"self":[{"href":"https:\/\/www.corob.com\/de\/wp-json\/wp\/v2\/product\/27101","targetHints":{"allow":["GET"]}}],"collection":[{"href":"https:\/\/www.corob.com\/de\/wp-json\/wp\/v2\/product"}],"about":[{"href":"https:\/\/www.corob.com\/de\/wp-json\/wp\/v2\/types\/product"}],"wp:featuredmedia":[{"embeddable":true,"href":"https:\/\/www.corob.com\/de\/wp-json\/wp\/v2\/media\/20505"}],"wp:attachment":[{"href":"https:\/\/www.corob.com\/de\/wp-json\/wp\/v2\/media?parent=27101"}],"wp:term":[{"taxonomy":"product_brand","embeddable":true,"href":"https:\/\/www.corob.com\/de\/wp-json\/wp\/v2\/product_brand?post=27101"},{"taxonomy":"product_cat","embeddable":true,"href":"https:\/\/www.corob.com\/de\/wp-json\/wp\/v2\/product_cat?post=27101"},{"taxonomy":"product_tag","embeddable":true,"href":"https:\/\/www.corob.com\/de\/wp-json\/wp\/v2\/product_tag?post=27101"}],"curies":[{"name":"wp","href":"https:\/\/api.w.org\/{rel}","templated":true}]}}