{"id":27132,"date":"2020-01-29T11:03:29","date_gmt":"2020-01-29T11:03:29","guid":{"rendered":"https:\/\/www.corob.com\/products\/uncategorized\/mischstation-ms-rg\/"},"modified":"2025-11-26T15:08:26","modified_gmt":"2025-11-26T15:08:26","slug":"mischstation-ms-rg","status":"publish","type":"product","link":"https:\/\/www.corob.com\/de\/products\/in-can-automatisierung\/mischstation-ms-rg\/","title":{"rendered":"MISCHSTATION MS-RG"},"content":{"rendered":"<p><div class=\"fusion-fullwidth fullwidth-box fusion-builder-row-1 fusion-flex-container has-pattern-background has-mask-background nonhundred-percent-fullwidth non-hundred-percent-height-scrolling\" style=\"--awb-border-radius-top-left:0px;--awb-border-radius-top-right:0px;--awb-border-radius-bottom-right:0px;--awb-border-radius-bottom-left:0px;--awb-flex-wrap:wrap;\" id=\"Container-Exceptional\" ><div class=\"fusion-builder-row fusion-row fusion-flex-align-items-flex-start fusion-flex-content-wrap\" style=\"max-width:1456px;margin-left: calc(-4% \/ 2 );margin-right: calc(-4% \/ 2 );\"><div class=\"fusion-layout-column fusion_builder_column fusion-builder-column-0 fusion_builder_column_1_1 1_1 fusion-flex-column\" style=\"--awb-bg-size:cover;--awb-width-large:100%;--awb-margin-top-large:0px;--awb-spacing-right-large:1.92%;--awb-margin-bottom-large:20px;--awb-spacing-left-large:1.92%;--awb-width-medium:100%;--awb-order-medium:0;--awb-spacing-right-medium:1.92%;--awb-spacing-left-medium:1.92%;--awb-width-small:100%;--awb-order-small:0;--awb-spacing-right-small:1.92%;--awb-spacing-left-small:1.92%;\"><div class=\"fusion-column-wrapper fusion-column-has-shadow fusion-flex-justify-content-flex-start fusion-content-layout-column\"><div class=\"fusion-text fusion-text-1\" style=\"--awb-content-alignment:center;--awb-font-size:28px;\"><p>Die COROB MS-RG Mischstation ist die <strong>ultimative Produktivit\u00e4tsl\u00f6sung<\/strong> f\u00fcr <strong>gro\u00dfe Mengen<\/strong> an Farbgebinde-Handhabungsbedarf und bietet <strong>un\u00fcbertroffene Mischleistung<\/strong> in einer Vielzahl von Anwendungen.<\/p>\n<\/div><\/div><\/div><\/div><\/div><div class=\"fusion-fullwidth fullwidth-box fusion-builder-row-2 has-pattern-background has-mask-background nonhundred-percent-fullwidth non-hundred-percent-height-scrolling\" style=\"--awb-border-radius-top-left:0px;--awb-border-radius-top-right:0px;--awb-border-radius-bottom-right:0px;--awb-border-radius-bottom-left:0px;--awb-flex-wrap:wrap;\" id=\"Container-Features\" ><div class=\"fusion-builder-row fusion-row\"><div class=\"fusion-layout-column fusion_builder_column fusion-builder-column-1 fusion_builder_column_1_2 1_2 fusion-one-half fusion-column-first\" style=\"--awb-bg-size:cover;width:50%;width:calc(50% - ( ( 4% ) * 0.5 ) );margin-right: 4%;\"><div class=\"fusion-column-wrapper fusion-column-has-shadow fusion-flex-column-wrapper-legacy\"><div class=\"fusion-clearfix\"><\/div><\/div><\/div><div class=\"fusion-layout-column fusion_builder_column fusion-builder-column-2 fusion_builder_column_1_2 1_2 fusion-one-half fusion-column-last\" style=\"--awb-bg-size:cover;width:50%;width:calc(50% - ( ( 4% ) * 0.5 ) );\"><div class=\"fusion-column-wrapper fusion-column-has-shadow fusion-flex-column-wrapper-legacy\"><div class=\"fusion-clearfix\"><\/div><\/div><\/div><div class=\"fusion-layout-column fusion_builder_column fusion-builder-column-3 fusion_builder_column_1_1 1_1 fusion-one-full fusion-column-first fusion-column-last\" style=\"--awb-bg-size:cover;\"><div class=\"fusion-column-wrapper fusion-column-has-shadow fusion-flex-column-wrapper-legacy\"><div class=\"fusion-text fusion-text-2\"><p>Mit bis zu zehn robusten gyroskopischen Mischern, die von 3-PS-Direktantriebsmotoren angetrieben werden, bietet die MS-RG-Mischstation <strong>un\u00fcbertroffene Effizienz und Geschwindigkeit<\/strong>.<\/p>\n<p>Vollautomatische F\u00f6rderb\u00e4nder handhaben problemlos Gebinde mit einem Gewicht von bis zu 40 kg und nehmen gleichzeitig und automatisch <strong>verschiedene Gebindegr\u00f6\u00dfen und -formen<\/strong> auf.<\/p>\n<p>Dank der intuitiven Steuerung der MS-RG k\u00f6nnen die Bediener bei Bedarf auch die Mischzeit und -geschwindigkeit f\u00fcr jedes Gebinde individuell anpassen.<\/p>\n<p>W\u00e4hrend des Mischvorgangs werden die Gebindegriffe durch ein Magnetsystem gesichert, wodurch die Notwendigkeit von Klebeband oder Gummiseilen entf\u00e4llt und <strong>maximale Sicherheit und Komfort gew\u00e4hrleistet werden<\/strong>.<\/p>\n<p>Die MS-RG-L\u00f6sung <strong>liefert ausgezeichnete Ergebnisse<\/strong>, steigert die Mischleistung und <strong>reduziert gleichzeitig den Wartungsaufwand drastisch<\/strong> und <strong>reduziert die Umweltger\u00e4usche<\/strong>. W\u00e4hlen Sie die MS-RG-Einheiten f\u00fcr un\u00fcbertroffene Effizienz, Produktivit\u00e4t und Komfort in Ihren Mischprozessen.<\/p>\n<\/div><div class=\"fusion-clearfix\"><\/div><\/div><\/div><\/div><\/div><div class=\"fusion-fullwidth fullwidth-box fusion-builder-row-3 has-pattern-background has-mask-background nonhundred-percent-fullwidth non-hundred-percent-height-scrolling\" style=\"--awb-border-radius-top-left:0px;--awb-border-radius-top-right:0px;--awb-border-radius-bottom-right:0px;--awb-border-radius-bottom-left:0px;--awb-padding-bottom:20px;--awb-flex-wrap:wrap;\" id=\"Container-Technical-Data\" ><div class=\"fusion-builder-row fusion-row\"><div class=\"fusion-layout-column fusion_builder_column fusion-builder-column-4 fusion_builder_column_1_2 1_2 fusion-one-half fusion-column-first\" style=\"--awb-bg-size:cover;width:50%;width:calc(50% - ( ( 4% + 4% ) * 0.5 ) );margin-right: 4%;\"><div class=\"fusion-column-wrapper fusion-column-has-shadow fusion-flex-column-wrapper-legacy\"><div class=\"fusion-title title fusion-title-1 fusion-sep-none fusion-title-text fusion-title-size-three\"><h3 class=\"fusion-title-heading title-heading-left fusion-responsive-typography-calculated\" style=\"margin:0;--fontSize:28;--minFontSize:28;line-height:1.2;\">Technische Daten<\/h3><\/div><div class=\"fusion-clearfix\"><\/div><\/div><\/div><div class=\"fusion-layout-column fusion_builder_column fusion-builder-column-5 fusion_builder_column_1_4 1_4 fusion-one-fourth\" style=\"--awb-bg-size:cover;width:25%;width:calc(25% - ( ( 4% + 4% ) * 0.25 ) );margin-right: 4%;\"><div class=\"fusion-column-wrapper fusion-column-has-shadow fusion-flex-column-wrapper-legacy\"><div class=\"fusion-clearfix\"><\/div><\/div><\/div><div class=\"fusion-layout-column fusion_builder_column fusion-builder-column-6 fusion_builder_column_1_4 1_4 fusion-one-fourth fusion-column-last\" style=\"--awb-bg-size:cover;width:25%;width:calc(25% - ( ( 4% + 4% ) * 0.25 ) );\"><div class=\"fusion-column-wrapper fusion-column-has-shadow fusion-flex-column-wrapper-legacy\"><div class=\"fusion-alignright\"><a class=\"fusion-button button-flat fusion-button-default-size button-default fusion-button-default button-1 fusion-button-default-span fusion-button-default-type\" target=\"_blank\" rel=\"noopener noreferrer\" title=\"MIXING STATION MS-RG Datenblatt herunterladen\" aria-label=\"MIXING STATION MS-RG Datenblatt herunterladen\" href=\"https:\/\/www.corob.com\/download\/10033\/\"><span class=\"fusion-button-text awb-button__text awb-button__text--default\">DATENBLATT<\/span><\/a><\/div><div class=\"fusion-clearfix\"><\/div><\/div><\/div><div class=\"fusion-layout-column fusion_builder_column fusion-builder-column-7 fusion_builder_column_1_1 1_1 fusion-one-full fusion-column-first fusion-column-last\" style=\"--awb-bg-size:cover;--awb-margin-bottom:0px;\"><div class=\"fusion-column-wrapper fusion-flex-column-wrapper-legacy\">\n<div class=\"table-1\">\n<table width=\"100%\">\n<tbody>\n<tr>\n<td align=\"left\">Mischermodell<\/td>\n<td style=\"text-align: left;\" align=\"center\">COROB IGCM 500 Schwerlast-Industrie-Kreiselmischer<\/td>\n<\/tr>\n<tr>\n<td align=\"left\">Anzahl der Mischer<\/td>\n<td align=\"left\">Von 3 bis 6 (einfach)<br \/>\nVon 8 bis 10 (doppelt)<\/td>\n<\/tr>\n<tr>\n<td align=\"left\">Produktivit\u00e4t\/Mischzeit [Gebinde pro Stunde]<\/td>\n<td align=\"left\">2 min 116<br \/>\n3 min 100<br \/>\n4 min 74<\/td>\n<\/tr>\n<tr>\n<td align=\"left\">Beh\u00e4ltergr\u00f6\u00dfe [mm] (in)<\/td>\n<td align=\"left\">H\u00f6he: min. 100 (3,9), max. 420 (16,5)<br \/>\nDurchmesser: min. 120 (4,7) max. 400 (15,7)<br \/>\nRund, oval (konisch oder parallel), quadratisch und rechteckig<\/td>\n<\/tr>\n<tr>\n<td align=\"left\">L\u00e4nge [mm] (in)<\/td>\n<td align=\"left\">5600 (220,5) bis zu 6 Mischer<br \/>\n5200 (204,7) von 7 bis 10 Mischer<\/td>\n<\/tr>\n<tr>\n<td align=\"left\">Tiefe [mm] (in)<\/td>\n<td align=\"left\">5600 (220,5) bis zu 6 Mischer<br \/>\n7800 (307,1) von 7 bis 10 Mischer<\/td>\n<\/tr>\n<tr>\n<td align=\"left\">H\u00f6he [mm] (in)<\/td>\n<td align=\"left\">1600 (63)<\/td>\n<\/tr>\n<\/tbody>\n<\/table>\n<\/div>\n<div class=\"fusion-clearfix\"><\/div><\/div><\/div><\/div><\/div><div class=\"fusion-fullwidth fullwidth-box fusion-builder-row-4 has-pattern-background has-mask-background nonhundred-percent-fullwidth non-hundred-percent-height-scrolling\" style=\"--awb-border-radius-top-left:0px;--awb-border-radius-top-right:0px;--awb-border-radius-bottom-right:0px;--awb-border-radius-bottom-left:0px;--awb-padding-top:20px;--awb-padding-bottom:20px;--awb-flex-wrap:wrap;\" id=\"Container-Download-Area\" ><div class=\"fusion-builder-row fusion-row\"><div class=\"fusion-layout-column fusion_builder_column fusion-builder-column-8 fusion_builder_column_1_2 1_2 fusion-one-half fusion-column-first\" style=\"--awb-bg-size:cover;width:48%; margin-right: 4%;\"><div class=\"fusion-column-wrapper fusion-column-has-shadow fusion-flex-column-wrapper-legacy\"><div class=\"fusion-title title fusion-title-2 fusion-sep-none fusion-title-text fusion-title-size-three\"><h3 class=\"fusion-title-heading title-heading-left fusion-responsive-typography-calculated\" style=\"margin:0;--fontSize:28;--minFontSize:28;line-height:1.2;\">Downloadbereich<\/h3><\/div><div class=\"fusion-clearfix\"><\/div><\/div><\/div><div class=\"fusion-layout-column fusion_builder_column fusion-builder-column-9 fusion_builder_column_1_1 1_1 fusion-one-full fusion-column-last\" style=\"--awb-bg-size:cover;--awb-margin-bottom:0px;\"><div class=\"fusion-column-wrapper fusion-flex-column-wrapper-legacy\"><div class=\"fusion-builder-row fusion-builder-row-inner fusion-row\"><div class=\"fusion-layout-column fusion_builder_column_inner fusion-builder-nested-column-0 fusion_builder_column_inner_1_2 1_2 fusion-one-half fusion-column-first\" style=\"--awb-padding-top:20px;--awb-padding-right:20px;--awb-padding-bottom:20px;--awb-padding-left:20px;--awb-bg-size:cover;--awb-border-color:#eaeaea;--awb-border-top:1px;--awb-border-right:1px;--awb-border-bottom:1px;--awb-border-left:1px;--awb-border-style:solid;width:50%;width:calc(50% - ( ( 40px ) * 0.5 ) );margin-right: 40px;\"><div class=\"fusion-column-wrapper fusion-column-has-shadow fusion-flex-column-wrapper-legacy\"><div class=\"fusion-title title fusion-title-3 fusion-sep-none fusion-title-text fusion-title-size-five\" style=\"--awb-margin-bottom:20px;\"><h5 class=\"fusion-title-heading title-heading-left fusion-responsive-typography-calculated\" style=\"margin:0;--fontSize:20;--minFontSize:20;line-height:1.2;\">BROSCH\u00dcRE<\/h5><\/div><div class=\"fusion-text fusion-text-3\"><p><i class=\"fb-icon-element-1 fb-icon-element fontawesome-icon fa-book fas circle-no fusion-text-flow\" style=\"--awb-iconcolor:#606060;--awb-iconcolor-hover:#606060;--awb-font-size:32px;--awb-margin-right:20px;\"><\/i> <a class=\"download-link\" title=\"\" href=\"https:\/\/www.corob.com\/de\/download\/8495\/\" rel=\"nofollow\">\n\tMIXING STATION MS-RG Brochure English<\/a><\/p>\n<\/div><div class=\"fusion-text fusion-text-4\"><p><i class=\"fb-icon-element-2 fb-icon-element fontawesome-icon fa-book fas circle-no fusion-text-flow\" style=\"--awb-iconcolor:#606060;--awb-iconcolor-hover:#606060;--awb-font-size:32px;--awb-margin-right:20px;\"><\/i> <a class=\"download-link\" title=\"\" href=\"https:\/\/www.corob.com\/de\/download\/23833\/\" rel=\"nofollow\">\n\tMIXING STATION MS-RG Brochure Spanish<\/a><\/p>\n<\/div><div class=\"fusion-clearfix\"><\/div><\/div><\/div><\/div><div class=\"fusion-clearfix\"><\/div><\/div><\/div><\/div><\/div><div class=\"fusion-fullwidth fullwidth-box fusion-builder-row-5 has-pattern-background has-mask-background nonhundred-percent-fullwidth non-hundred-percent-height-scrolling\" style=\"--awb-border-radius-top-left:0px;--awb-border-radius-top-right:0px;--awb-border-radius-bottom-right:0px;--awb-border-radius-bottom-left:0px;--awb-padding-top:20px;--awb-padding-bottom:20px;--awb-flex-wrap:wrap;\" id=\"Container-Videos\" ><div class=\"fusion-builder-row fusion-row\"><div class=\"fusion-layout-column fusion_builder_column fusion-builder-column-10 fusion_builder_column_1_2 1_2 fusion-one-half fusion-column-first\" style=\"--awb-bg-size:cover;width:48%; margin-right: 4%;\"><div class=\"fusion-column-wrapper fusion-column-has-shadow fusion-flex-column-wrapper-legacy\"><div class=\"fusion-title title fusion-title-4 fusion-sep-none fusion-title-text fusion-title-size-three\"><h3 class=\"fusion-title-heading title-heading-left fusion-responsive-typography-calculated\" style=\"margin:0;--fontSize:28;--minFontSize:28;line-height:1.2;\">Teaser<\/h3><\/div><div class=\"fusion-clearfix\"><\/div><\/div><\/div><div class=\"fusion-layout-column fusion_builder_column fusion-builder-column-11 fusion_builder_column_1_1 1_1 fusion-one-full fusion-column-last\" style=\"--awb-bg-size:cover;--awb-margin-bottom:0px;\"><div class=\"fusion-column-wrapper fusion-flex-column-wrapper-legacy\"><div class=\"fusion-video fusion-selfhosted-video\" style=\"max-width:100%;\"><div class=\"video-wrapper\"><video playsinline=\"true\" width=\"100%\" style=\"object-fit: cover;\" loop=\"true\" preload=\"auto\" controls=\"1\"><source src=\"https:\/\/www.corob.com\/wp-content\/uploads\/2025\/06\/VIDEO3D-Mixing-Station-MS-RG-2025.mp4\" type=\"video\/mp4\">Sorry, your browser doesn&#039;t support embedded videos.<\/video><\/div><\/div><div class=\"fusion-clearfix\"><\/div><\/div><\/div><\/div><\/div><\/p>\n","protected":false},"excerpt":{"rendered":"<h2>Leistungsstarke, vollautomatische Mischl\u00f6sungen<\/h2>\n[fusion_checklist icon=\"fa-check fas\" iconcolor=\"#cf102d\" circle=\"no\" circlecolor=\"\" size=\"\" divider=\"no\" divider_color=\"\" hide_on_mobile=\"small-visibility,medium-visibility,large-visibility\" class=\"\" id=\"\"][fusion_li_item icon=\"\"]<strong>ERH\u00d6HTE PRODUKTIVIT\u00c4T<\/strong><br \/>\nMaximieren Sie die Effizienz, minimieren Sie die Wartezeiten: Liefern Sie schnellere Auftr\u00e4ge mit intelligenterer Produktivit\u00e4t[\/fusion_li_item][fusion_li_item icon=\"\"]<strong>ZEIT- UND PERSONALKOSTENSPARUNG<\/strong><br \/>\nSteigern Sie Ihr Endergebnis: garantierte Kosteneinsparungen, maximale Produktion, erh\u00f6hte Rentabilit\u00e4t[\/fusion_li_item][fusion_li_item icon=\"\"]<strong>ERGONOMIE UND EFFIZIENZ<\/strong><br \/>\nRevolutionieren Sie Ihren Arbeitsplatz: sichere, rationelle und manuelle Gebinde-Handhabung[\/fusion_li_item]<br \/>\n[\/fusion_checklist]\n","protected":false},"featured_media":20804,"template":"","meta":{"_acf_changed":false},"product_brand":[],"product_cat":[568],"product_tag":[],"class_list":{"0":"post-27132","1":"product","2":"type-product","3":"status-publish","4":"has-post-thumbnail","6":"product_cat-in-can-automatisierung","8":"first","9":"instock","10":"shipping-taxable","11":"product-type-simple"},"acf":[],"yoast_head":"<!-- This site is optimized with the Yoast SEO plugin v25.5 - https:\/\/yoast.com\/wordpress\/plugins\/seo\/ -->\n<title>Automatisierte Mischstation MS-RG f\u00fcr gro\u00dfe Farbmengen<\/title>\n<meta name=\"description\" content=\"Entdecken Sie MS-RG: automatisiertes Farbmischen mit bis zu 10 Mischern, 3-PS-Motoren und ergonomischer Handhabung f\u00fcr industrielle Produktivit\u00e4t.\" \/>\n<meta name=\"robots\" content=\"index, follow, max-snippet:-1, max-image-preview:large, max-video-preview:-1\" \/>\n<link rel=\"canonical\" href=\"https:\/\/www.corob.com\/de\/products\/in-can-automatisierung\/mischstation-ms-rg\/\" \/>\n<meta property=\"og:locale\" content=\"de_DE\" \/>\n<meta property=\"og:type\" content=\"article\" \/>\n<meta property=\"og:title\" content=\"Automatisierte Mischstation MS-RG f\u00fcr gro\u00dfe Farbmengen\" \/>\n<meta property=\"og:description\" content=\"Entdecken Sie MS-RG: automatisiertes Farbmischen mit bis zu 10 Mischern, 3-PS-Motoren und ergonomischer Handhabung f\u00fcr industrielle Produktivit\u00e4t.\" \/>\n<meta property=\"og:url\" content=\"https:\/\/www.corob.com\/de\/products\/in-can-automatisierung\/mischstation-ms-rg\/\" \/>\n<meta property=\"og:site_name\" content=\"COROB\" \/>\n<meta property=\"article:modified_time\" content=\"2025-11-26T15:08:26+00:00\" \/>\n<meta property=\"og:image\" content=\"https:\/\/www.corob.com\/wp-content\/uploads\/2020\/01\/Mixing-Station-MS-RG.png\" \/>\n\t<meta property=\"og:image:width\" content=\"1200\" \/>\n\t<meta property=\"og:image:height\" content=\"1200\" \/>\n\t<meta property=\"og:image:type\" content=\"image\/png\" \/>\n<meta name=\"twitter:card\" content=\"summary_large_image\" \/>\n<meta name=\"twitter:label1\" content=\"Gesch\u00e4tzte Lesezeit\" \/>\n\t<meta name=\"twitter:data1\" content=\"33\u00a0Minuten\" \/>\n<script type=\"application\/ld+json\" class=\"yoast-schema-graph\">{\"@context\":\"https:\/\/schema.org\",\"@graph\":[{\"@type\":\"WebPage\",\"@id\":\"https:\/\/www.corob.com\/de\/products\/in-can-automatisierung\/mischstation-ms-rg\/\",\"url\":\"https:\/\/www.corob.com\/de\/products\/in-can-automatisierung\/mischstation-ms-rg\/\",\"name\":\"Automatisierte Mischstation MS-RG f\u00fcr gro\u00dfe Farbmengen\",\"isPartOf\":{\"@id\":\"https:\/\/www.corob.com\/de\/#website\"},\"primaryImageOfPage\":{\"@id\":\"https:\/\/www.corob.com\/de\/products\/in-can-automatisierung\/mischstation-ms-rg\/#primaryimage\"},\"image\":{\"@id\":\"https:\/\/www.corob.com\/de\/products\/in-can-automatisierung\/mischstation-ms-rg\/#primaryimage\"},\"thumbnailUrl\":\"https:\/\/www.corob.com\/wp-content\/uploads\/2020\/01\/Mixing-Station-MS-RG.png\",\"datePublished\":\"2020-01-29T11:03:29+00:00\",\"dateModified\":\"2025-11-26T15:08:26+00:00\",\"description\":\"Entdecken Sie MS-RG: automatisiertes Farbmischen mit bis zu 10 Mischern, 3-PS-Motoren und ergonomischer Handhabung f\u00fcr industrielle Produktivit\u00e4t.\",\"breadcrumb\":{\"@id\":\"https:\/\/www.corob.com\/de\/products\/in-can-automatisierung\/mischstation-ms-rg\/#breadcrumb\"},\"inLanguage\":\"de\",\"potentialAction\":[{\"@type\":\"ReadAction\",\"target\":[\"https:\/\/www.corob.com\/de\/products\/in-can-automatisierung\/mischstation-ms-rg\/\"]}]},{\"@type\":\"ImageObject\",\"inLanguage\":\"de\",\"@id\":\"https:\/\/www.corob.com\/de\/products\/in-can-automatisierung\/mischstation-ms-rg\/#primaryimage\",\"url\":\"https:\/\/www.corob.com\/wp-content\/uploads\/2020\/01\/Mixing-Station-MS-RG.png\",\"contentUrl\":\"https:\/\/www.corob.com\/wp-content\/uploads\/2020\/01\/Mixing-Station-MS-RG.png\",\"width\":1200,\"height\":1200,\"caption\":\"MIXING STATION MS-RG fully automated mixing solution\"},{\"@type\":\"BreadcrumbList\",\"@id\":\"https:\/\/www.corob.com\/de\/products\/in-can-automatisierung\/mischstation-ms-rg\/#breadcrumb\",\"itemListElement\":[{\"@type\":\"ListItem\",\"position\":1,\"name\":\"Home\",\"item\":\"https:\/\/www.corob.com\/de\/\"},{\"@type\":\"ListItem\",\"position\":2,\"name\":\"PRODUKTE\",\"item\":\"https:\/\/www.corob.com\/de\/produkte\/\"},{\"@type\":\"ListItem\",\"position\":3,\"name\":\"MISCHSTATION MS-RG\"}]},{\"@type\":\"WebSite\",\"@id\":\"https:\/\/www.corob.com\/de\/#website\",\"url\":\"https:\/\/www.corob.com\/de\/\",\"name\":\"COROB\",\"description\":\"High-tech dispensing and mixing solutions for paints and coatings systems\",\"publisher\":{\"@id\":\"https:\/\/www.corob.com\/de\/#organization\"},\"potentialAction\":[{\"@type\":\"SearchAction\",\"target\":{\"@type\":\"EntryPoint\",\"urlTemplate\":\"https:\/\/www.corob.com\/de\/?s={search_term_string}\"},\"query-input\":{\"@type\":\"PropertyValueSpecification\",\"valueRequired\":true,\"valueName\":\"search_term_string\"}}],\"inLanguage\":\"de\"},{\"@type\":\"Organization\",\"@id\":\"https:\/\/www.corob.com\/de\/#organization\",\"name\":\"COROB\",\"url\":\"https:\/\/www.corob.com\/de\/\",\"logo\":{\"@type\":\"ImageObject\",\"inLanguage\":\"de\",\"@id\":\"https:\/\/www.corob.com\/de\/#\/schema\/logo\/image\/\",\"url\":\"https:\/\/www.corob.com\/wp-content\/uploads\/2020\/01\/COROB-240.png\",\"contentUrl\":\"https:\/\/www.corob.com\/wp-content\/uploads\/2020\/01\/COROB-240.png\",\"width\":240,\"height\":73,\"caption\":\"COROB\"},\"image\":{\"@id\":\"https:\/\/www.corob.com\/de\/#\/schema\/logo\/image\/\"},\"sameAs\":[\"https:\/\/www.linkedin.com\/company\/corob\/\",\"https:\/\/www.youtube.com\/channel\/UCxnFt4FEhuhdm87NAb27qBQ\"]}]}<\/script>\n<!-- \/ Yoast SEO plugin. -->","yoast_head_json":{"title":"Automatisierte Mischstation MS-RG f\u00fcr gro\u00dfe Farbmengen","description":"Entdecken Sie MS-RG: automatisiertes Farbmischen mit bis zu 10 Mischern, 3-PS-Motoren und ergonomischer Handhabung f\u00fcr industrielle Produktivit\u00e4t.","robots":{"index":"index","follow":"follow","max-snippet":"max-snippet:-1","max-image-preview":"max-image-preview:large","max-video-preview":"max-video-preview:-1"},"canonical":"https:\/\/www.corob.com\/de\/products\/in-can-automatisierung\/mischstation-ms-rg\/","og_locale":"de_DE","og_type":"article","og_title":"Automatisierte Mischstation MS-RG f\u00fcr gro\u00dfe Farbmengen","og_description":"Entdecken Sie MS-RG: automatisiertes Farbmischen mit bis zu 10 Mischern, 3-PS-Motoren und ergonomischer Handhabung f\u00fcr industrielle Produktivit\u00e4t.","og_url":"https:\/\/www.corob.com\/de\/products\/in-can-automatisierung\/mischstation-ms-rg\/","og_site_name":"COROB","article_modified_time":"2025-11-26T15:08:26+00:00","og_image":[{"width":1200,"height":1200,"url":"https:\/\/www.corob.com\/wp-content\/uploads\/2020\/01\/Mixing-Station-MS-RG.png","type":"image\/png"}],"twitter_card":"summary_large_image","twitter_misc":{"Gesch\u00e4tzte Lesezeit":"33\u00a0Minuten"},"schema":{"@context":"https:\/\/schema.org","@graph":[{"@type":"WebPage","@id":"https:\/\/www.corob.com\/de\/products\/in-can-automatisierung\/mischstation-ms-rg\/","url":"https:\/\/www.corob.com\/de\/products\/in-can-automatisierung\/mischstation-ms-rg\/","name":"Automatisierte Mischstation MS-RG f\u00fcr gro\u00dfe Farbmengen","isPartOf":{"@id":"https:\/\/www.corob.com\/de\/#website"},"primaryImageOfPage":{"@id":"https:\/\/www.corob.com\/de\/products\/in-can-automatisierung\/mischstation-ms-rg\/#primaryimage"},"image":{"@id":"https:\/\/www.corob.com\/de\/products\/in-can-automatisierung\/mischstation-ms-rg\/#primaryimage"},"thumbnailUrl":"https:\/\/www.corob.com\/wp-content\/uploads\/2020\/01\/Mixing-Station-MS-RG.png","datePublished":"2020-01-29T11:03:29+00:00","dateModified":"2025-11-26T15:08:26+00:00","description":"Entdecken Sie MS-RG: automatisiertes Farbmischen mit bis zu 10 Mischern, 3-PS-Motoren und ergonomischer Handhabung f\u00fcr industrielle Produktivit\u00e4t.","breadcrumb":{"@id":"https:\/\/www.corob.com\/de\/products\/in-can-automatisierung\/mischstation-ms-rg\/#breadcrumb"},"inLanguage":"de","potentialAction":[{"@type":"ReadAction","target":["https:\/\/www.corob.com\/de\/products\/in-can-automatisierung\/mischstation-ms-rg\/"]}]},{"@type":"ImageObject","inLanguage":"de","@id":"https:\/\/www.corob.com\/de\/products\/in-can-automatisierung\/mischstation-ms-rg\/#primaryimage","url":"https:\/\/www.corob.com\/wp-content\/uploads\/2020\/01\/Mixing-Station-MS-RG.png","contentUrl":"https:\/\/www.corob.com\/wp-content\/uploads\/2020\/01\/Mixing-Station-MS-RG.png","width":1200,"height":1200,"caption":"MIXING STATION MS-RG fully automated mixing solution"},{"@type":"BreadcrumbList","@id":"https:\/\/www.corob.com\/de\/products\/in-can-automatisierung\/mischstation-ms-rg\/#breadcrumb","itemListElement":[{"@type":"ListItem","position":1,"name":"Home","item":"https:\/\/www.corob.com\/de\/"},{"@type":"ListItem","position":2,"name":"PRODUKTE","item":"https:\/\/www.corob.com\/de\/produkte\/"},{"@type":"ListItem","position":3,"name":"MISCHSTATION MS-RG"}]},{"@type":"WebSite","@id":"https:\/\/www.corob.com\/de\/#website","url":"https:\/\/www.corob.com\/de\/","name":"COROB","description":"High-tech dispensing and mixing solutions for paints and coatings systems","publisher":{"@id":"https:\/\/www.corob.com\/de\/#organization"},"potentialAction":[{"@type":"SearchAction","target":{"@type":"EntryPoint","urlTemplate":"https:\/\/www.corob.com\/de\/?s={search_term_string}"},"query-input":{"@type":"PropertyValueSpecification","valueRequired":true,"valueName":"search_term_string"}}],"inLanguage":"de"},{"@type":"Organization","@id":"https:\/\/www.corob.com\/de\/#organization","name":"COROB","url":"https:\/\/www.corob.com\/de\/","logo":{"@type":"ImageObject","inLanguage":"de","@id":"https:\/\/www.corob.com\/de\/#\/schema\/logo\/image\/","url":"https:\/\/www.corob.com\/wp-content\/uploads\/2020\/01\/COROB-240.png","contentUrl":"https:\/\/www.corob.com\/wp-content\/uploads\/2020\/01\/COROB-240.png","width":240,"height":73,"caption":"COROB"},"image":{"@id":"https:\/\/www.corob.com\/de\/#\/schema\/logo\/image\/"},"sameAs":["https:\/\/www.linkedin.com\/company\/corob\/","https:\/\/www.youtube.com\/channel\/UCxnFt4FEhuhdm87NAb27qBQ"]}]}},"_links":{"self":[{"href":"https:\/\/www.corob.com\/de\/wp-json\/wp\/v2\/product\/27132","targetHints":{"allow":["GET"]}}],"collection":[{"href":"https:\/\/www.corob.com\/de\/wp-json\/wp\/v2\/product"}],"about":[{"href":"https:\/\/www.corob.com\/de\/wp-json\/wp\/v2\/types\/product"}],"wp:featuredmedia":[{"embeddable":true,"href":"https:\/\/www.corob.com\/de\/wp-json\/wp\/v2\/media\/20804"}],"wp:attachment":[{"href":"https:\/\/www.corob.com\/de\/wp-json\/wp\/v2\/media?parent=27132"}],"wp:term":[{"taxonomy":"product_brand","embeddable":true,"href":"https:\/\/www.corob.com\/de\/wp-json\/wp\/v2\/product_brand?post=27132"},{"taxonomy":"product_cat","embeddable":true,"href":"https:\/\/www.corob.com\/de\/wp-json\/wp\/v2\/product_cat?post=27132"},{"taxonomy":"product_tag","embeddable":true,"href":"https:\/\/www.corob.com\/de\/wp-json\/wp\/v2\/product_tag?post=27132"}],"curies":[{"name":"wp","href":"https:\/\/api.w.org\/{rel}","templated":true}]}}