{"id":27133,"date":"2020-01-29T11:02:40","date_gmt":"2020-01-29T11:02:40","guid":{"rendered":"https:\/\/www.corob.com\/products\/uncategorized\/mischstation-ms-lg\/"},"modified":"2025-11-26T15:07:53","modified_gmt":"2025-11-26T15:07:53","slug":"mischstation-ms-lg","status":"publish","type":"product","link":"https:\/\/www.corob.com\/de\/products\/in-can-automatisierung\/mischstation-ms-lg\/","title":{"rendered":"MISCHSTATION MS-LG"},"content":{"rendered":"<p><div class=\"fusion-fullwidth fullwidth-box fusion-builder-row-1 fusion-flex-container has-pattern-background has-mask-background nonhundred-percent-fullwidth non-hundred-percent-height-scrolling\" style=\"--awb-border-radius-top-left:0px;--awb-border-radius-top-right:0px;--awb-border-radius-bottom-right:0px;--awb-border-radius-bottom-left:0px;--awb-flex-wrap:wrap;\" id=\"Container-Exceptional\" ><div class=\"fusion-builder-row fusion-row fusion-flex-align-items-flex-start fusion-flex-content-wrap\" style=\"max-width:1456px;margin-left: calc(-4% \/ 2 );margin-right: calc(-4% \/ 2 );\"><div class=\"fusion-layout-column fusion_builder_column fusion-builder-column-0 fusion_builder_column_1_1 1_1 fusion-flex-column\" style=\"--awb-bg-size:cover;--awb-width-large:100%;--awb-margin-top-large:0px;--awb-spacing-right-large:1.92%;--awb-margin-bottom-large:20px;--awb-spacing-left-large:1.92%;--awb-width-medium:100%;--awb-order-medium:0;--awb-spacing-right-medium:1.92%;--awb-spacing-left-medium:1.92%;--awb-width-small:100%;--awb-order-small:0;--awb-spacing-right-small:1.92%;--awb-spacing-left-small:1.92%;\"><div class=\"fusion-column-wrapper fusion-column-has-shadow fusion-flex-justify-content-flex-start fusion-content-layout-column\"><div class=\"fusion-text fusion-text-1\" style=\"--awb-content-alignment:center;--awb-font-size:28px;\"><p>Die COROB MS-LG Mischstation ist die <strong>perfekte Produktivit\u00e4tssteigerung<\/strong> f\u00fcr Depots, Lagerhallen oder gro\u00dfe Einzelhandelsstandorte von Auftragnehmern und bietet <strong>optimierte Leistung<\/strong> bei gleichzeitiger Verwaltung der Betriebskosten.<\/p>\n<\/div><\/div><\/div><\/div><\/div><div class=\"fusion-fullwidth fullwidth-box fusion-builder-row-2 has-pattern-background has-mask-background nonhundred-percent-fullwidth non-hundred-percent-height-scrolling\" style=\"--awb-border-radius-top-left:0px;--awb-border-radius-top-right:0px;--awb-border-radius-bottom-right:0px;--awb-border-radius-bottom-left:0px;--awb-flex-wrap:wrap;\" id=\"Container-Features\" ><div class=\"fusion-builder-row fusion-row\"><div class=\"fusion-layout-column fusion_builder_column fusion-builder-column-1 fusion_builder_column_1_2 1_2 fusion-one-half fusion-column-first\" style=\"--awb-bg-size:cover;width:50%;width:calc(50% - ( ( 4% ) * 0.5 ) );margin-right: 4%;\"><div class=\"fusion-column-wrapper fusion-column-has-shadow fusion-flex-column-wrapper-legacy\"><div class=\"fusion-clearfix\"><\/div><\/div><\/div><div class=\"fusion-layout-column fusion_builder_column fusion-builder-column-2 fusion_builder_column_1_2 1_2 fusion-one-half fusion-column-last\" style=\"--awb-bg-size:cover;width:50%;width:calc(50% - ( ( 4% ) * 0.5 ) );\"><div class=\"fusion-column-wrapper fusion-column-has-shadow fusion-flex-column-wrapper-legacy\"><div class=\"fusion-clearfix\"><\/div><\/div><\/div><div class=\"fusion-layout-column fusion_builder_column fusion-builder-column-3 fusion_builder_column_1_1 1_1 fusion-one-full fusion-column-first fusion-column-last\" style=\"--awb-bg-size:cover;\"><div class=\"fusion-column-wrapper fusion-column-has-shadow fusion-flex-column-wrapper-legacy\"><div class=\"fusion-text fusion-text-2\"><p>Nach Abschluss des Abt\u00f6nvorgangs l\u00e4dt und entl\u00e4dt das automatische F\u00f6rdersystem der MS-LG pr\u00e4zise Farbgebinde jeder Gr\u00f6\u00dfe und Form in die leistungsstarken gyroskopischen Mischer. Das optimierte Timing und der synchronisierte Mischzyklus der gyroskopischen Mischer gew\u00e4hrleisten einen <strong>konstanten Aussto\u00df gemischter Farbeimer in Rekordzeit<\/strong>. <\/p>\n<p>Bediener oder Mitarbeiter werden von der Aufgabe entlastet, schwere Farbgebinde zu bewegen, und das ergonomische Layout des F\u00f6rdersystems <strong>reduziert die Erm\u00fcdung<\/strong> und <strong>gew\u00e4hrleistet eine sichere Arbeitsumgebung<\/strong>.<\/p>\n<p>Die MS-LG wird mit zwei gyroskopischen Mischern f\u00fcr ein <strong>optimales Preis-Leistungs-Verh\u00e4ltnis<\/strong> geliefert, kann aber mit bis zu drei Mischern f\u00fcr eine noch h\u00f6here Produktivit\u00e4t angepasst werden. Mit der MS-LG Mischstation k\u00f6nnen Sie <strong>maximale Effizienz<\/strong> und Komfort bei Ihren automatisierten Farbmischvorg\u00e4ngen erzielen.<\/p>\n<\/div><div class=\"fusion-clearfix\"><\/div><\/div><\/div><\/div><\/div><div class=\"fusion-fullwidth fullwidth-box fusion-builder-row-3 has-pattern-background has-mask-background nonhundred-percent-fullwidth non-hundred-percent-height-scrolling\" style=\"--awb-border-radius-top-left:0px;--awb-border-radius-top-right:0px;--awb-border-radius-bottom-right:0px;--awb-border-radius-bottom-left:0px;--awb-padding-bottom:20px;--awb-flex-wrap:wrap;\" id=\"Container-Technical-Data\" ><div class=\"fusion-builder-row fusion-row\"><div class=\"fusion-layout-column fusion_builder_column fusion-builder-column-4 fusion_builder_column_1_2 1_2 fusion-one-half fusion-column-first\" style=\"--awb-bg-size:cover;width:50%;width:calc(50% - ( ( 4% + 4% ) * 0.5 ) );margin-right: 4%;\"><div class=\"fusion-column-wrapper fusion-column-has-shadow fusion-flex-column-wrapper-legacy\"><div class=\"fusion-title title fusion-title-1 fusion-sep-none fusion-title-text fusion-title-size-three\"><h3 class=\"fusion-title-heading title-heading-left fusion-responsive-typography-calculated\" style=\"margin:0;--fontSize:28;--minFontSize:28;line-height:1.2;\">Technische Daten<\/h3><\/div><div class=\"fusion-clearfix\"><\/div><\/div><\/div><div class=\"fusion-layout-column fusion_builder_column fusion-builder-column-5 fusion_builder_column_1_4 1_4 fusion-one-fourth\" style=\"--awb-bg-size:cover;width:25%;width:calc(25% - ( ( 4% + 4% ) * 0.25 ) );margin-right: 4%;\"><div class=\"fusion-column-wrapper fusion-column-has-shadow fusion-flex-column-wrapper-legacy\"><div class=\"fusion-clearfix\"><\/div><\/div><\/div><div class=\"fusion-layout-column fusion_builder_column fusion-builder-column-6 fusion_builder_column_1_4 1_4 fusion-one-fourth fusion-column-last\" style=\"--awb-bg-size:cover;width:25%;width:calc(25% - ( ( 4% + 4% ) * 0.25 ) );\"><div class=\"fusion-column-wrapper fusion-column-has-shadow fusion-flex-column-wrapper-legacy\"><div class=\"fusion-alignright\"><a class=\"fusion-button button-flat fusion-button-default-size button-default fusion-button-default button-1 fusion-button-default-span fusion-button-default-type\" target=\"_blank\" rel=\"noopener noreferrer\" title=\"MIXING STATION MS-LG Datenblatt herunterladen\" aria-label=\"MIXING STATION MS-LG Datenblatt herunterladen\" href=\"https:\/\/www.corob.com\/download\/10031\/\"><span class=\"fusion-button-text awb-button__text awb-button__text--default\">DATENBLATT<\/span><\/a><\/div><div class=\"fusion-clearfix\"><\/div><\/div><\/div><div class=\"fusion-layout-column fusion_builder_column fusion-builder-column-7 fusion_builder_column_1_1 1_1 fusion-one-full fusion-column-first fusion-column-last\" style=\"--awb-bg-size:cover;--awb-margin-bottom:0px;\"><div class=\"fusion-column-wrapper fusion-flex-column-wrapper-legacy\">\n<div class=\"table-1\">\n<table width=\"100%\">\n<tbody>\n<tr>\n<td align=\"left\">Mischermodell<\/td>\n<td style=\"text-align: left;\" align=\"center\">COROB IGCM 1000 &#8211; Industrieller gyroskopischer Corob-Mischer<\/td>\n<\/tr>\n<tr>\n<td align=\"left\">Anzahl der Mischer<\/td>\n<td align=\"left\">Von 2 bis 3<\/td>\n<\/tr>\n<tr>\n<td align=\"left\">Produktivit\u00e4t\/Mischzeit [Eimer pro Stunde]<\/td>\n<td align=\"left\">1 min 56 (2 Mischer) &#8211; 84 (3 Mischer)<br \/>\n2 min 38 (2 Mischer) &#8211; 60 (3 Mischer)<br \/>\n3 min 30 (2 Mischer) &#8211; 44 (3 Mischer)<\/td>\n<\/tr>\n<tr>\n<td align=\"left\">Beh\u00e4ltergr\u00f6\u00dfe [mm] (in)<\/td>\n<td align=\"left\">H\u00f6he: min. 140 (5,5), max. 450 (17,7) (niedrigere Gebinde mit Adapter)<br \/>\nDurchmesser: min. 150 (5,9) max. 400 (15,7) (Gebinde mit kleinerem Durchmesser mit Adapter)<br \/>\nRund, oval (konisch oder parallel), quadratisch und rechteckig<\/td>\n<\/tr>\n<tr>\n<td align=\"left\">Maximales Gewicht der Beh\u00e4lter [kg] (lbs)<\/td>\n<td align=\"left\">40 (88)<\/td>\n<\/tr>\n<tr>\n<td align=\"left\">L\u00e4nge [mm] (in)<\/td>\n<td align=\"left\">3860 (152) mit 2 Mischern<br \/>\n4835 (190) mit 3 Mischern<\/td>\n<\/tr>\n<tr>\n<td align=\"left\">Tiefe [mm] (in)<\/td>\n<td align=\"left\">1760 (69.3)<\/td>\n<\/tr>\n<tr>\n<td align=\"left\">H\u00f6he [mm] (in)<\/td>\n<td align=\"left\">1800 (70.9)<\/td>\n<\/tr>\n<\/tbody>\n<\/table>\n<\/div>\n<div class=\"fusion-clearfix\"><\/div><\/div><\/div><\/div><\/div><div class=\"fusion-fullwidth fullwidth-box fusion-builder-row-4 has-pattern-background has-mask-background nonhundred-percent-fullwidth non-hundred-percent-height-scrolling\" style=\"--awb-border-radius-top-left:0px;--awb-border-radius-top-right:0px;--awb-border-radius-bottom-right:0px;--awb-border-radius-bottom-left:0px;--awb-padding-top:20px;--awb-padding-bottom:20px;--awb-flex-wrap:wrap;\" id=\"Container-Download-Area\" ><div class=\"fusion-builder-row fusion-row\"><div class=\"fusion-layout-column fusion_builder_column fusion-builder-column-8 fusion_builder_column_1_2 1_2 fusion-one-half fusion-column-first\" style=\"--awb-bg-size:cover;width:48%; margin-right: 4%;\"><div class=\"fusion-column-wrapper fusion-column-has-shadow fusion-flex-column-wrapper-legacy\"><div class=\"fusion-title title fusion-title-2 fusion-sep-none fusion-title-text fusion-title-size-three\"><h3 class=\"fusion-title-heading title-heading-left fusion-responsive-typography-calculated\" style=\"margin:0;--fontSize:28;--minFontSize:28;line-height:1.2;\">Downloadbereich<\/h3><\/div><div class=\"fusion-clearfix\"><\/div><\/div><\/div><div class=\"fusion-layout-column fusion_builder_column fusion-builder-column-9 fusion_builder_column_1_1 1_1 fusion-one-full fusion-column-last\" style=\"--awb-bg-size:cover;--awb-margin-bottom:0px;\"><div class=\"fusion-column-wrapper fusion-flex-column-wrapper-legacy\"><div class=\"fusion-builder-row fusion-builder-row-inner fusion-row\"><div class=\"fusion-layout-column fusion_builder_column_inner fusion-builder-nested-column-0 fusion_builder_column_inner_1_2 1_2 fusion-one-half fusion-column-first\" style=\"--awb-padding-top:20px;--awb-padding-right:20px;--awb-padding-bottom:20px;--awb-padding-left:20px;--awb-bg-size:cover;--awb-border-color:#eaeaea;--awb-border-top:1px;--awb-border-right:1px;--awb-border-bottom:1px;--awb-border-left:1px;--awb-border-style:solid;width:50%;width:calc(50% - ( ( 40px ) * 0.5 ) );margin-right: 40px;\"><div class=\"fusion-column-wrapper fusion-column-has-shadow fusion-flex-column-wrapper-legacy\"><div class=\"fusion-title title fusion-title-3 fusion-sep-none fusion-title-text fusion-title-size-five\" style=\"--awb-margin-bottom:20px;\"><h5 class=\"fusion-title-heading title-heading-left fusion-responsive-typography-calculated\" style=\"margin:0;--fontSize:20;--minFontSize:20;line-height:1.2;\"><strong>BROSCH\u00dcRE<\/strong><\/h5><\/div><div class=\"fusion-text fusion-text-3\"><p><i class=\"fb-icon-element-1 fb-icon-element fontawesome-icon fa-book fas circle-no fusion-text-flow\" style=\"--awb-iconcolor:#606060;--awb-iconcolor-hover:#606060;--awb-font-size:32px;--awb-margin-right:20px;\"><\/i> <a class=\"download-link\" title=\"\" href=\"https:\/\/www.corob.com\/de\/download\/8493\/\" rel=\"nofollow\">\n\tMIXING STATION MS-LG Brochure English<\/a><\/p>\n<\/div><div class=\"fusion-text fusion-text-4\"><p><i class=\"fb-icon-element-2 fb-icon-element fontawesome-icon fa-book fas circle-no fusion-text-flow\" style=\"--awb-iconcolor:#606060;--awb-iconcolor-hover:#606060;--awb-font-size:32px;--awb-margin-right:20px;\"><\/i> <a class=\"download-link\" title=\"\" href=\"https:\/\/www.corob.com\/de\/download\/23835\/\" rel=\"nofollow\">\n\tMIXING STATION MS-LG Brochure Spanish<\/a><\/p>\n<\/div><div class=\"fusion-clearfix\"><\/div><\/div><\/div><\/div><div class=\"fusion-clearfix\"><\/div><\/div><\/div><\/div><\/div><div class=\"fusion-fullwidth fullwidth-box fusion-builder-row-5 has-pattern-background has-mask-background nonhundred-percent-fullwidth non-hundred-percent-height-scrolling\" style=\"--awb-border-radius-top-left:0px;--awb-border-radius-top-right:0px;--awb-border-radius-bottom-right:0px;--awb-border-radius-bottom-left:0px;--awb-padding-top:20px;--awb-padding-bottom:20px;--awb-flex-wrap:wrap;\" id=\"Container-Videos\" ><div class=\"fusion-builder-row fusion-row\"><div class=\"fusion-layout-column fusion_builder_column fusion-builder-column-10 fusion_builder_column_1_2 1_2 fusion-one-half fusion-column-first\" style=\"--awb-bg-size:cover;width:48%; margin-right: 4%;\"><div class=\"fusion-column-wrapper fusion-column-has-shadow fusion-flex-column-wrapper-legacy\"><div class=\"fusion-title title fusion-title-4 fusion-sep-none fusion-title-text fusion-title-size-three\"><h3 class=\"fusion-title-heading title-heading-left fusion-responsive-typography-calculated\" style=\"margin:0;--fontSize:28;--minFontSize:28;line-height:1.2;\">Teaser<\/h3><\/div><div class=\"fusion-clearfix\"><\/div><\/div><\/div><div class=\"fusion-layout-column fusion_builder_column fusion-builder-column-11 fusion_builder_column_1_1 1_1 fusion-one-full fusion-column-last\" style=\"--awb-bg-size:cover;--awb-margin-bottom:0px;\"><div class=\"fusion-column-wrapper fusion-flex-column-wrapper-legacy\"><div class=\"fusion-video fusion-selfhosted-video\" style=\"max-width:100%;\"><div class=\"video-wrapper\"><video playsinline=\"true\" width=\"100%\" style=\"object-fit: cover;\" loop=\"true\" preload=\"auto\" controls=\"1\"><source src=\"https:\/\/www.corob.com\/wp-content\/uploads\/2025\/06\/VIDEO3D-Mixing-Station-MS-LG-2025.mp4\" type=\"video\/mp4\">Sorry, your browser doesn&#039;t support embedded videos.<\/video><\/div><\/div><div class=\"fusion-clearfix\"><\/div><\/div><\/div><\/div><\/div><\/p>\n","protected":false},"excerpt":{"rendered":"<h2>Leistungsstarke, vollautomatische Mischl\u00f6sungen<\/h2>\n[fusion_checklist icon=\"fa-check fas\" iconcolor=\"#cf102d\" circle=\"no\" circlecolor=\"\" size=\"\" divider=\"no\" divider_color=\"\" hide_on_mobile=\"small-visibility,medium-visibility,large-visibility\" class=\"\" id=\"\"][fusion_li_item icon=\"\"]<strong>ERH\u00d6HTE PRODUKTIVIT\u00c4T<\/strong><br \/>\nMaximieren Sie die Effizienz, minimieren Sie die Wartezeiten: Liefern Sie schnellere Auftr\u00e4ge mit intelligenterer Produktivit\u00e4t[\/fusion_li_item][fusion_li_item icon=\"\"]<strong>ZEIT- UND PERSONALKOSTENSPARUNG<\/strong><br \/>\nSteigern Sie Ihr Endergebnis: garantierte Kosteneinsparungen, maximale Produktion, erh\u00f6hte Rentabilit\u00e4t[\/fusion_li_item][fusion_li_item icon=\"\"]<strong>ERGONOMIE UND EFFIZIENZ<\/strong><br \/>\nRevolutionieren Sie Ihren Arbeitsplatz: sichere, rationelle und manuelle Gebinde-Handhabung[\/fusion_li_item]<br \/>\n[\/fusion_checklist]\n","protected":false},"featured_media":22575,"template":"","meta":{"_acf_changed":false},"product_brand":[],"product_cat":[568],"product_tag":[],"class_list":{"0":"post-27133","1":"product","2":"type-product","3":"status-publish","4":"has-post-thumbnail","6":"product_cat-in-can-automatisierung","8":"first","9":"instock","10":"shipping-taxable","11":"product-type-simple"},"acf":[],"yoast_head":"<!-- This site is optimized with the Yoast SEO plugin v25.5 - https:\/\/yoast.com\/wordpress\/plugins\/seo\/ -->\n<title>Automatisierte Farbmischstation MS-LG<\/title>\n<meta name=\"description\" content=\"Entdecken Sie die MS-LG Mischstation: automatisiertes Farbmischen f\u00fcr h\u00f6here Produktivit\u00e4t, Sicherheit und Effizienz in industriellen Umgebungen\" \/>\n<meta name=\"robots\" content=\"index, follow, max-snippet:-1, max-image-preview:large, max-video-preview:-1\" \/>\n<link rel=\"canonical\" href=\"https:\/\/www.corob.com\/de\/products\/in-can-automatisierung\/mischstation-ms-lg\/\" \/>\n<meta property=\"og:locale\" content=\"de_DE\" \/>\n<meta property=\"og:type\" content=\"article\" \/>\n<meta property=\"og:title\" content=\"Automatisierte Farbmischstation MS-LG\" \/>\n<meta property=\"og:description\" content=\"Entdecken Sie die MS-LG Mischstation: automatisiertes Farbmischen f\u00fcr h\u00f6here Produktivit\u00e4t, Sicherheit und Effizienz in industriellen Umgebungen\" \/>\n<meta property=\"og:url\" content=\"https:\/\/www.corob.com\/de\/products\/in-can-automatisierung\/mischstation-ms-lg\/\" \/>\n<meta property=\"og:site_name\" content=\"COROB\" \/>\n<meta property=\"article:modified_time\" content=\"2025-11-26T15:07:53+00:00\" \/>\n<meta property=\"og:image\" content=\"https:\/\/www.corob.com\/wp-content\/uploads\/2020\/01\/Mixing-Station-MS-LG.png\" \/>\n\t<meta property=\"og:image:width\" content=\"1200\" \/>\n\t<meta property=\"og:image:height\" content=\"1200\" \/>\n\t<meta property=\"og:image:type\" content=\"image\/png\" \/>\n<meta name=\"twitter:card\" content=\"summary_large_image\" \/>\n<meta name=\"twitter:label1\" content=\"Gesch\u00e4tzte Lesezeit\" \/>\n\t<meta name=\"twitter:data1\" content=\"35\u00a0Minuten\" \/>\n<script type=\"application\/ld+json\" class=\"yoast-schema-graph\">{\"@context\":\"https:\/\/schema.org\",\"@graph\":[{\"@type\":\"WebPage\",\"@id\":\"https:\/\/www.corob.com\/de\/products\/in-can-automatisierung\/mischstation-ms-lg\/\",\"url\":\"https:\/\/www.corob.com\/de\/products\/in-can-automatisierung\/mischstation-ms-lg\/\",\"name\":\"Automatisierte Farbmischstation MS-LG\",\"isPartOf\":{\"@id\":\"https:\/\/www.corob.com\/de\/#website\"},\"primaryImageOfPage\":{\"@id\":\"https:\/\/www.corob.com\/de\/products\/in-can-automatisierung\/mischstation-ms-lg\/#primaryimage\"},\"image\":{\"@id\":\"https:\/\/www.corob.com\/de\/products\/in-can-automatisierung\/mischstation-ms-lg\/#primaryimage\"},\"thumbnailUrl\":\"https:\/\/www.corob.com\/wp-content\/uploads\/2020\/01\/Mixing-Station-MS-LG.png\",\"datePublished\":\"2020-01-29T11:02:40+00:00\",\"dateModified\":\"2025-11-26T15:07:53+00:00\",\"description\":\"Entdecken Sie die MS-LG Mischstation: automatisiertes Farbmischen f\u00fcr h\u00f6here Produktivit\u00e4t, Sicherheit und Effizienz in industriellen Umgebungen\",\"breadcrumb\":{\"@id\":\"https:\/\/www.corob.com\/de\/products\/in-can-automatisierung\/mischstation-ms-lg\/#breadcrumb\"},\"inLanguage\":\"de\",\"potentialAction\":[{\"@type\":\"ReadAction\",\"target\":[\"https:\/\/www.corob.com\/de\/products\/in-can-automatisierung\/mischstation-ms-lg\/\"]}]},{\"@type\":\"ImageObject\",\"inLanguage\":\"de\",\"@id\":\"https:\/\/www.corob.com\/de\/products\/in-can-automatisierung\/mischstation-ms-lg\/#primaryimage\",\"url\":\"https:\/\/www.corob.com\/wp-content\/uploads\/2020\/01\/Mixing-Station-MS-LG.png\",\"contentUrl\":\"https:\/\/www.corob.com\/wp-content\/uploads\/2020\/01\/Mixing-Station-MS-LG.png\",\"width\":1200,\"height\":1200,\"caption\":\"Mixing Station MS-LG\"},{\"@type\":\"BreadcrumbList\",\"@id\":\"https:\/\/www.corob.com\/de\/products\/in-can-automatisierung\/mischstation-ms-lg\/#breadcrumb\",\"itemListElement\":[{\"@type\":\"ListItem\",\"position\":1,\"name\":\"Home\",\"item\":\"https:\/\/www.corob.com\/de\/\"},{\"@type\":\"ListItem\",\"position\":2,\"name\":\"PRODUKTE\",\"item\":\"https:\/\/www.corob.com\/de\/produkte\/\"},{\"@type\":\"ListItem\",\"position\":3,\"name\":\"MISCHSTATION MS-LG\"}]},{\"@type\":\"WebSite\",\"@id\":\"https:\/\/www.corob.com\/de\/#website\",\"url\":\"https:\/\/www.corob.com\/de\/\",\"name\":\"COROB\",\"description\":\"High-tech dispensing and mixing solutions for paints and coatings systems\",\"publisher\":{\"@id\":\"https:\/\/www.corob.com\/de\/#organization\"},\"potentialAction\":[{\"@type\":\"SearchAction\",\"target\":{\"@type\":\"EntryPoint\",\"urlTemplate\":\"https:\/\/www.corob.com\/de\/?s={search_term_string}\"},\"query-input\":{\"@type\":\"PropertyValueSpecification\",\"valueRequired\":true,\"valueName\":\"search_term_string\"}}],\"inLanguage\":\"de\"},{\"@type\":\"Organization\",\"@id\":\"https:\/\/www.corob.com\/de\/#organization\",\"name\":\"COROB\",\"url\":\"https:\/\/www.corob.com\/de\/\",\"logo\":{\"@type\":\"ImageObject\",\"inLanguage\":\"de\",\"@id\":\"https:\/\/www.corob.com\/de\/#\/schema\/logo\/image\/\",\"url\":\"https:\/\/www.corob.com\/wp-content\/uploads\/2020\/01\/COROB-240.png\",\"contentUrl\":\"https:\/\/www.corob.com\/wp-content\/uploads\/2020\/01\/COROB-240.png\",\"width\":240,\"height\":73,\"caption\":\"COROB\"},\"image\":{\"@id\":\"https:\/\/www.corob.com\/de\/#\/schema\/logo\/image\/\"},\"sameAs\":[\"https:\/\/www.linkedin.com\/company\/corob\/\",\"https:\/\/www.youtube.com\/channel\/UCxnFt4FEhuhdm87NAb27qBQ\"]}]}<\/script>\n<!-- \/ Yoast SEO plugin. -->","yoast_head_json":{"title":"Automatisierte Farbmischstation MS-LG","description":"Entdecken Sie die MS-LG Mischstation: automatisiertes Farbmischen f\u00fcr h\u00f6here Produktivit\u00e4t, Sicherheit und Effizienz in industriellen Umgebungen","robots":{"index":"index","follow":"follow","max-snippet":"max-snippet:-1","max-image-preview":"max-image-preview:large","max-video-preview":"max-video-preview:-1"},"canonical":"https:\/\/www.corob.com\/de\/products\/in-can-automatisierung\/mischstation-ms-lg\/","og_locale":"de_DE","og_type":"article","og_title":"Automatisierte Farbmischstation MS-LG","og_description":"Entdecken Sie die MS-LG Mischstation: automatisiertes Farbmischen f\u00fcr h\u00f6here Produktivit\u00e4t, Sicherheit und Effizienz in industriellen Umgebungen","og_url":"https:\/\/www.corob.com\/de\/products\/in-can-automatisierung\/mischstation-ms-lg\/","og_site_name":"COROB","article_modified_time":"2025-11-26T15:07:53+00:00","og_image":[{"width":1200,"height":1200,"url":"https:\/\/www.corob.com\/wp-content\/uploads\/2020\/01\/Mixing-Station-MS-LG.png","type":"image\/png"}],"twitter_card":"summary_large_image","twitter_misc":{"Gesch\u00e4tzte Lesezeit":"35\u00a0Minuten"},"schema":{"@context":"https:\/\/schema.org","@graph":[{"@type":"WebPage","@id":"https:\/\/www.corob.com\/de\/products\/in-can-automatisierung\/mischstation-ms-lg\/","url":"https:\/\/www.corob.com\/de\/products\/in-can-automatisierung\/mischstation-ms-lg\/","name":"Automatisierte Farbmischstation MS-LG","isPartOf":{"@id":"https:\/\/www.corob.com\/de\/#website"},"primaryImageOfPage":{"@id":"https:\/\/www.corob.com\/de\/products\/in-can-automatisierung\/mischstation-ms-lg\/#primaryimage"},"image":{"@id":"https:\/\/www.corob.com\/de\/products\/in-can-automatisierung\/mischstation-ms-lg\/#primaryimage"},"thumbnailUrl":"https:\/\/www.corob.com\/wp-content\/uploads\/2020\/01\/Mixing-Station-MS-LG.png","datePublished":"2020-01-29T11:02:40+00:00","dateModified":"2025-11-26T15:07:53+00:00","description":"Entdecken Sie die MS-LG Mischstation: automatisiertes Farbmischen f\u00fcr h\u00f6here Produktivit\u00e4t, Sicherheit und Effizienz in industriellen Umgebungen","breadcrumb":{"@id":"https:\/\/www.corob.com\/de\/products\/in-can-automatisierung\/mischstation-ms-lg\/#breadcrumb"},"inLanguage":"de","potentialAction":[{"@type":"ReadAction","target":["https:\/\/www.corob.com\/de\/products\/in-can-automatisierung\/mischstation-ms-lg\/"]}]},{"@type":"ImageObject","inLanguage":"de","@id":"https:\/\/www.corob.com\/de\/products\/in-can-automatisierung\/mischstation-ms-lg\/#primaryimage","url":"https:\/\/www.corob.com\/wp-content\/uploads\/2020\/01\/Mixing-Station-MS-LG.png","contentUrl":"https:\/\/www.corob.com\/wp-content\/uploads\/2020\/01\/Mixing-Station-MS-LG.png","width":1200,"height":1200,"caption":"Mixing Station MS-LG"},{"@type":"BreadcrumbList","@id":"https:\/\/www.corob.com\/de\/products\/in-can-automatisierung\/mischstation-ms-lg\/#breadcrumb","itemListElement":[{"@type":"ListItem","position":1,"name":"Home","item":"https:\/\/www.corob.com\/de\/"},{"@type":"ListItem","position":2,"name":"PRODUKTE","item":"https:\/\/www.corob.com\/de\/produkte\/"},{"@type":"ListItem","position":3,"name":"MISCHSTATION MS-LG"}]},{"@type":"WebSite","@id":"https:\/\/www.corob.com\/de\/#website","url":"https:\/\/www.corob.com\/de\/","name":"COROB","description":"High-tech dispensing and mixing solutions for paints and coatings systems","publisher":{"@id":"https:\/\/www.corob.com\/de\/#organization"},"potentialAction":[{"@type":"SearchAction","target":{"@type":"EntryPoint","urlTemplate":"https:\/\/www.corob.com\/de\/?s={search_term_string}"},"query-input":{"@type":"PropertyValueSpecification","valueRequired":true,"valueName":"search_term_string"}}],"inLanguage":"de"},{"@type":"Organization","@id":"https:\/\/www.corob.com\/de\/#organization","name":"COROB","url":"https:\/\/www.corob.com\/de\/","logo":{"@type":"ImageObject","inLanguage":"de","@id":"https:\/\/www.corob.com\/de\/#\/schema\/logo\/image\/","url":"https:\/\/www.corob.com\/wp-content\/uploads\/2020\/01\/COROB-240.png","contentUrl":"https:\/\/www.corob.com\/wp-content\/uploads\/2020\/01\/COROB-240.png","width":240,"height":73,"caption":"COROB"},"image":{"@id":"https:\/\/www.corob.com\/de\/#\/schema\/logo\/image\/"},"sameAs":["https:\/\/www.linkedin.com\/company\/corob\/","https:\/\/www.youtube.com\/channel\/UCxnFt4FEhuhdm87NAb27qBQ"]}]}},"_links":{"self":[{"href":"https:\/\/www.corob.com\/de\/wp-json\/wp\/v2\/product\/27133","targetHints":{"allow":["GET"]}}],"collection":[{"href":"https:\/\/www.corob.com\/de\/wp-json\/wp\/v2\/product"}],"about":[{"href":"https:\/\/www.corob.com\/de\/wp-json\/wp\/v2\/types\/product"}],"wp:featuredmedia":[{"embeddable":true,"href":"https:\/\/www.corob.com\/de\/wp-json\/wp\/v2\/media\/22575"}],"wp:attachment":[{"href":"https:\/\/www.corob.com\/de\/wp-json\/wp\/v2\/media?parent=27133"}],"wp:term":[{"taxonomy":"product_brand","embeddable":true,"href":"https:\/\/www.corob.com\/de\/wp-json\/wp\/v2\/product_brand?post=27133"},{"taxonomy":"product_cat","embeddable":true,"href":"https:\/\/www.corob.com\/de\/wp-json\/wp\/v2\/product_cat?post=27133"},{"taxonomy":"product_tag","embeddable":true,"href":"https:\/\/www.corob.com\/de\/wp-json\/wp\/v2\/product_tag?post=27133"}],"curies":[{"name":"wp","href":"https:\/\/api.w.org\/{rel}","templated":true}]}}