{"id":22840,"date":"2025-07-23T12:06:12","date_gmt":"2025-07-23T12:06:12","guid":{"rendered":"https:\/\/www.corob.com\/aplicaciones\/tintas\/"},"modified":"2025-07-23T12:06:12","modified_gmt":"2025-07-23T12:06:12","slug":"tintas","status":"publish","type":"page","link":"https:\/\/www.corob.com\/es\/aplicaciones\/tintas\/","title":{"rendered":"TINTAS"},"content":{"rendered":"<p><div class=\"fusion-fullwidth fullwidth-box fusion-builder-row-1 fusion-parallax-none nonhundred-percent-fullwidth non-hundred-percent-height-scrolling\" style=\"--awb-border-radius-top-left:0px;--awb-border-radius-top-right:0px;--awb-border-radius-bottom-right:0px;--awb-border-radius-bottom-left:0px;--awb-padding-top:100px;--awb-padding-bottom:100px;--awb-background-image:url(&quot;https:\/\/www.corob.com\/wp-content\/uploads\/2020\/01\/Inks-1200x431.jpg&quot;);--awb-background-size:cover;--awb-flex-wrap:wrap;\" ><div class=\"fusion-builder-row fusion-row\"><div class=\"fusion-layout-column fusion_builder_column fusion-builder-column-0 fusion_builder_column_1_1 1_1 fusion-one-full fusion-column-first fusion-column-last\" style=\"--awb-padding-right:30px;--awb-padding-left:30px;--awb-bg-size:cover;\"><div class=\"fusion-column-wrapper fusion-column-has-shadow fusion-flex-column-wrapper-legacy\"><div class=\"fusion-clearfix\"><\/div><\/div><\/div><\/div><\/div><div class=\"fusion-fullwidth fullwidth-box fusion-builder-row-2 nonhundred-percent-fullwidth non-hundred-percent-height-scrolling\" style=\"--awb-border-radius-top-left:0px;--awb-border-radius-top-right:0px;--awb-border-radius-bottom-right:0px;--awb-border-radius-bottom-left:0px;--awb-padding-top:50px;--awb-flex-wrap:wrap;\" ><div class=\"fusion-builder-row fusion-row\"><div class=\"fusion-layout-column fusion_builder_column fusion-builder-column-1 fusion_builder_column_1_1 1_1 fusion-one-full fusion-column-first fusion-column-last\" style=\"--awb-bg-size:cover;\"><div class=\"fusion-column-wrapper fusion-column-has-shadow fusion-flex-column-wrapper-legacy\"><div class=\"fusion-title title fusion-title-1 fusion-sep-none fusion-title-text fusion-title-size-one\" style=\"--awb-text-color:var(--awb-color7);--awb-font-size:36px;\"><h1 class=\"fusion-title-heading title-heading-left fusion-responsive-typography-calculated\" style=\"margin:0;font-size:1em;--fontSize:36;line-height:1;\">TINTAS<\/h1><\/div><div class=\"fusion-clearfix\"><\/div><\/div><\/div><div class=\"fusion-layout-column fusion_builder_column fusion-builder-column-2 fusion_builder_column_1_2 1_2 fusion-one-half fusion-column-first\" style=\"--awb-bg-size:cover;width:50%;width:calc(50% - ( ( 4% ) * 0.5 ) );margin-right: 4%;\"><div class=\"fusion-column-wrapper fusion-column-has-shadow fusion-flex-column-wrapper-legacy\"><div class=\"fusion-text fusion-text-1\"><p>Las tecnolog\u00edas de COROB, combinadas con la <strong>l\u00ednea de productos Novaflow<\/strong>, ofrecen una amplia gama de soluciones para <strong>aplicaciones de tinta<\/strong> en toda la industria de la impresi\u00f3n.<\/p>\n<p>Admitimos un <strong>amplio espectro de procesos<\/strong>, incluyendo la impresi\u00f3n flexogr\u00e1fica, de huecograbado, serigr\u00e1fica y litogr\u00e1fica, utilizando tintas de plastisol, base agua, curables por UV o base aceite para aplicaciones de embalaje y textiles.<\/p>\n<p>Nuestras soluciones van desde <strong>unidades manuales b\u00e1sicas<\/strong> hasta <strong>sistemas industriales totalmente automatizados<\/strong>, todos dise\u00f1ados para manejar de forma segura tanto <strong>tintas de base agua como de base solvente<\/strong>. La tecnolog\u00eda a prueba de explosiones garantiza el cumplimiento de las normas de seguridad al trabajar con materiales peligrosos. <\/p>\n<p>Los sistemas de dosificaci\u00f3n de tinta NOVAFLOW est\u00e1n dise\u00f1ados para ser:<\/p>\n<\/div><ul style=\"--awb-size:20px;--awb-line-height:34px;--awb-icon-width:34px;--awb-icon-height:34px;--awb-icon-margin:14px;--awb-content-margin:48px;\" class=\"fusion-checklist fusion-checklist-1 fusion-checklist-default type-icons\"><li class=\"fusion-li-item\" style=\"\"><span class=\"icon-wrapper circle-no\"><i class=\"fusion-li-icon awb-icon-check\" aria-hidden=\"true\"><\/i><\/span><div class=\"fusion-li-item-content\"><strong>Flexibles<\/strong>: capaces de personalizar la producci\u00f3n de cualquier color o cantidad bajo demanda, lo que permite tiradas cortas y cambios frecuentes.<\/div><\/li><li class=\"fusion-li-item\" style=\"\"><span class=\"icon-wrapper circle-no\"><i class=\"fusion-li-icon awb-icon-check\" aria-hidden=\"true\"><\/i><\/span><div class=\"fusion-li-item-content\"><strong>Eficientes<\/strong>: optimizados para gestionar el flujo de procesos, agilizar la gesti\u00f3n de pedidos y mejorar la log\u00edstica de almacenamiento de tinta.<\/div><\/li><li class=\"fusion-li-item\" style=\"\"><span class=\"icon-wrapper circle-no\"><i class=\"fusion-li-icon awb-icon-check\" aria-hidden=\"true\"><\/i><\/span><div class=\"fusion-li-item-content\"><strong>Inteligentes<\/strong>: equipados con sistemas de gesti\u00f3n avanzados que mejoran la reutilizaci\u00f3n de materiales, reducen los residuos y mejoran la eficiencia de la cadena de suministro.<\/div><\/li><\/ul><div class=\"fusion-clearfix\"><\/div><\/div><\/div><div class=\"fusion-layout-column fusion_builder_column fusion-builder-column-3 fusion_builder_column_1_2 1_2 fusion-one-half fusion-column-last\" style=\"--awb-bg-size:cover;width:50%;width:calc(50% - ( ( 4% ) * 0.5 ) );\"><div class=\"fusion-column-wrapper fusion-column-has-shadow fusion-flex-column-wrapper-legacy\"><div class=\"fusion-text fusion-text-2\"><p>Ya sea para convertidores de embalajes, impresores textiles o productores de tinta especiales, COROB ofrece sistemas de dosificaci\u00f3n fiables y de alto rendimiento adaptados a sus necesidades operativas y presupuestarias.<\/p>\n<p>Las caracter\u00edsticas adicionales incluyen:<\/p>\n<\/div><ul style=\"--awb-size:20px;--awb-line-height:34px;--awb-icon-width:34px;--awb-icon-height:34px;--awb-icon-margin:14px;--awb-content-margin:48px;\" class=\"fusion-checklist fusion-checklist-2 fusion-checklist-default type-icons\"><li class=\"fusion-li-item\" style=\"\"><span class=\"icon-wrapper circle-no\"><i class=\"fusion-li-icon awb-icon-check\" aria-hidden=\"true\"><\/i><\/span><div class=\"fusion-li-item-content\">\n<p>Integraci\u00f3n con software de igualaci\u00f3n de color y formulaci\u00f3n para obtener resultados precisos y repetibles.<\/p>\n<\/div><\/li><li class=\"fusion-li-item\" style=\"\"><span class=\"icon-wrapper circle-no\"><i class=\"fusion-li-icon awb-icon-check\" aria-hidden=\"true\"><\/i><\/span><div class=\"fusion-li-item-content\">\n<p>Configuraciones modulares para escalar con el crecimiento de la producci\u00f3n.<\/p>\n<\/div><\/li><li class=\"fusion-li-item\" style=\"\"><span class=\"icon-wrapper circle-no\"><i class=\"fusion-li-icon awb-icon-check\" aria-hidden=\"true\"><\/i><\/span><div class=\"fusion-li-item-content\">\n<p>Compatibilidad con tintas y aditivos especiales, incluyendo met\u00e1licos, fluorescentes y formulaciones de alta viscosidad.<\/p>\n<\/div><\/li><\/ul><div class=\"fusion-clearfix\"><\/div><\/div><\/div><\/div><\/div><\/p>\n","protected":false},"excerpt":{"rendered":"","protected":false},"author":1,"featured_media":0,"parent":22805,"menu_order":20,"comment_status":"closed","ping_status":"closed","template":"100-width.php","meta":{"_acf_changed":false,"footnotes":""},"class_list":["post-22840","page","type-page","status-publish","hentry"],"acf":[],"yoast_head":"<!-- This site is optimized with the Yoast SEO plugin v25.5 - https:\/\/yoast.com\/wordpress\/plugins\/seo\/ -->\n<title>Dosificaci\u00f3n de tinta COROB para impresi\u00f3n.<\/title>\n<meta name=\"description\" content=\"Descubra los sistemas de dosificaci\u00f3n de tinta COROB Novaflow, escalables y antideflagrantes, ideales para flexograf\u00eda, huecograbado y textil.\" \/>\n<meta name=\"robots\" content=\"index, follow, max-snippet:-1, max-image-preview:large, max-video-preview:-1\" \/>\n<link rel=\"canonical\" href=\"https:\/\/www.corob.com\/es\/aplicaciones\/tintas\/\" \/>\n<meta property=\"og:locale\" content=\"es_ES\" \/>\n<meta property=\"og:type\" content=\"article\" \/>\n<meta property=\"og:title\" content=\"Dosificaci\u00f3n de tinta COROB para impresi\u00f3n.\" \/>\n<meta property=\"og:description\" content=\"Descubra los sistemas de dosificaci\u00f3n de tinta COROB Novaflow, escalables y antideflagrantes, ideales para flexograf\u00eda, huecograbado y textil.\" \/>\n<meta property=\"og:url\" content=\"https:\/\/www.corob.com\/es\/aplicaciones\/tintas\/\" \/>\n<meta property=\"og:site_name\" content=\"COROB\" \/>\n<meta name=\"twitter:card\" content=\"summary_large_image\" \/>\n<meta name=\"twitter:label1\" content=\"Tiempo de lectura\" \/>\n\t<meta name=\"twitter:data1\" content=\"10 minutos\" \/>\n<script type=\"application\/ld+json\" class=\"yoast-schema-graph\">{\"@context\":\"https:\/\/schema.org\",\"@graph\":[{\"@type\":\"WebPage\",\"@id\":\"https:\/\/www.corob.com\/es\/aplicaciones\/tintas\/\",\"url\":\"https:\/\/www.corob.com\/es\/aplicaciones\/tintas\/\",\"name\":\"Dosificaci\u00f3n de tinta COROB para impresi\u00f3n.\",\"isPartOf\":{\"@id\":\"https:\/\/www.corob.com\/es\/#website\"},\"datePublished\":\"2025-07-23T12:06:12+00:00\",\"description\":\"Descubra los sistemas de dosificaci\u00f3n de tinta COROB Novaflow, escalables y antideflagrantes, ideales para flexograf\u00eda, huecograbado y textil.\",\"breadcrumb\":{\"@id\":\"https:\/\/www.corob.com\/es\/aplicaciones\/tintas\/#breadcrumb\"},\"inLanguage\":\"es\",\"potentialAction\":[{\"@type\":\"ReadAction\",\"target\":[\"https:\/\/www.corob.com\/es\/aplicaciones\/tintas\/\"]}]},{\"@type\":\"BreadcrumbList\",\"@id\":\"https:\/\/www.corob.com\/es\/aplicaciones\/tintas\/#breadcrumb\",\"itemListElement\":[{\"@type\":\"ListItem\",\"position\":1,\"name\":\"Home\",\"item\":\"https:\/\/www.corob.com\/es\/\"},{\"@type\":\"ListItem\",\"position\":2,\"name\":\"APLICACIONES\",\"item\":\"https:\/\/www.corob.com\/es\/aplicaciones\/\"},{\"@type\":\"ListItem\",\"position\":3,\"name\":\"TINTAS\"}]},{\"@type\":\"WebSite\",\"@id\":\"https:\/\/www.corob.com\/es\/#website\",\"url\":\"https:\/\/www.corob.com\/es\/\",\"name\":\"COROB\",\"description\":\"High-tech dispensing and mixing solutions for paints and coatings systems\",\"publisher\":{\"@id\":\"https:\/\/www.corob.com\/es\/#organization\"},\"potentialAction\":[{\"@type\":\"SearchAction\",\"target\":{\"@type\":\"EntryPoint\",\"urlTemplate\":\"https:\/\/www.corob.com\/es\/?s={search_term_string}\"},\"query-input\":{\"@type\":\"PropertyValueSpecification\",\"valueRequired\":true,\"valueName\":\"search_term_string\"}}],\"inLanguage\":\"es\"},{\"@type\":\"Organization\",\"@id\":\"https:\/\/www.corob.com\/es\/#organization\",\"name\":\"COROB\",\"url\":\"https:\/\/www.corob.com\/es\/\",\"logo\":{\"@type\":\"ImageObject\",\"inLanguage\":\"es\",\"@id\":\"https:\/\/www.corob.com\/es\/#\/schema\/logo\/image\/\",\"url\":\"https:\/\/www.corob.com\/wp-content\/uploads\/2020\/01\/COROB-240.png\",\"contentUrl\":\"https:\/\/www.corob.com\/wp-content\/uploads\/2020\/01\/COROB-240.png\",\"width\":240,\"height\":73,\"caption\":\"COROB\"},\"image\":{\"@id\":\"https:\/\/www.corob.com\/es\/#\/schema\/logo\/image\/\"},\"sameAs\":[\"https:\/\/www.linkedin.com\/company\/corob\/\",\"https:\/\/www.youtube.com\/channel\/UCxnFt4FEhuhdm87NAb27qBQ\"]}]}<\/script>\n<!-- \/ Yoast SEO plugin. -->","yoast_head_json":{"title":"Dosificaci\u00f3n de tinta COROB para impresi\u00f3n.","description":"Descubra los sistemas de dosificaci\u00f3n de tinta COROB Novaflow, escalables y antideflagrantes, ideales para flexograf\u00eda, huecograbado y textil.","robots":{"index":"index","follow":"follow","max-snippet":"max-snippet:-1","max-image-preview":"max-image-preview:large","max-video-preview":"max-video-preview:-1"},"canonical":"https:\/\/www.corob.com\/es\/aplicaciones\/tintas\/","og_locale":"es_ES","og_type":"article","og_title":"Dosificaci\u00f3n de tinta COROB para impresi\u00f3n.","og_description":"Descubra los sistemas de dosificaci\u00f3n de tinta COROB Novaflow, escalables y antideflagrantes, ideales para flexograf\u00eda, huecograbado y textil.","og_url":"https:\/\/www.corob.com\/es\/aplicaciones\/tintas\/","og_site_name":"COROB","twitter_card":"summary_large_image","twitter_misc":{"Tiempo de lectura":"10 minutos"},"schema":{"@context":"https:\/\/schema.org","@graph":[{"@type":"WebPage","@id":"https:\/\/www.corob.com\/es\/aplicaciones\/tintas\/","url":"https:\/\/www.corob.com\/es\/aplicaciones\/tintas\/","name":"Dosificaci\u00f3n de tinta COROB para impresi\u00f3n.","isPartOf":{"@id":"https:\/\/www.corob.com\/es\/#website"},"datePublished":"2025-07-23T12:06:12+00:00","description":"Descubra los sistemas de dosificaci\u00f3n de tinta COROB Novaflow, escalables y antideflagrantes, ideales para flexograf\u00eda, huecograbado y textil.","breadcrumb":{"@id":"https:\/\/www.corob.com\/es\/aplicaciones\/tintas\/#breadcrumb"},"inLanguage":"es","potentialAction":[{"@type":"ReadAction","target":["https:\/\/www.corob.com\/es\/aplicaciones\/tintas\/"]}]},{"@type":"BreadcrumbList","@id":"https:\/\/www.corob.com\/es\/aplicaciones\/tintas\/#breadcrumb","itemListElement":[{"@type":"ListItem","position":1,"name":"Home","item":"https:\/\/www.corob.com\/es\/"},{"@type":"ListItem","position":2,"name":"APLICACIONES","item":"https:\/\/www.corob.com\/es\/aplicaciones\/"},{"@type":"ListItem","position":3,"name":"TINTAS"}]},{"@type":"WebSite","@id":"https:\/\/www.corob.com\/es\/#website","url":"https:\/\/www.corob.com\/es\/","name":"COROB","description":"High-tech dispensing and mixing solutions for paints and coatings systems","publisher":{"@id":"https:\/\/www.corob.com\/es\/#organization"},"potentialAction":[{"@type":"SearchAction","target":{"@type":"EntryPoint","urlTemplate":"https:\/\/www.corob.com\/es\/?s={search_term_string}"},"query-input":{"@type":"PropertyValueSpecification","valueRequired":true,"valueName":"search_term_string"}}],"inLanguage":"es"},{"@type":"Organization","@id":"https:\/\/www.corob.com\/es\/#organization","name":"COROB","url":"https:\/\/www.corob.com\/es\/","logo":{"@type":"ImageObject","inLanguage":"es","@id":"https:\/\/www.corob.com\/es\/#\/schema\/logo\/image\/","url":"https:\/\/www.corob.com\/wp-content\/uploads\/2020\/01\/COROB-240.png","contentUrl":"https:\/\/www.corob.com\/wp-content\/uploads\/2020\/01\/COROB-240.png","width":240,"height":73,"caption":"COROB"},"image":{"@id":"https:\/\/www.corob.com\/es\/#\/schema\/logo\/image\/"},"sameAs":["https:\/\/www.linkedin.com\/company\/corob\/","https:\/\/www.youtube.com\/channel\/UCxnFt4FEhuhdm87NAb27qBQ"]}]}},"_links":{"self":[{"href":"https:\/\/www.corob.com\/es\/wp-json\/wp\/v2\/pages\/22840","targetHints":{"allow":["GET"]}}],"collection":[{"href":"https:\/\/www.corob.com\/es\/wp-json\/wp\/v2\/pages"}],"about":[{"href":"https:\/\/www.corob.com\/es\/wp-json\/wp\/v2\/types\/page"}],"author":[{"embeddable":true,"href":"https:\/\/www.corob.com\/es\/wp-json\/wp\/v2\/users\/1"}],"replies":[{"embeddable":true,"href":"https:\/\/www.corob.com\/es\/wp-json\/wp\/v2\/comments?post=22840"}],"version-history":[{"count":2,"href":"https:\/\/www.corob.com\/es\/wp-json\/wp\/v2\/pages\/22840\/revisions"}],"predecessor-version":[{"id":22842,"href":"https:\/\/www.corob.com\/es\/wp-json\/wp\/v2\/pages\/22840\/revisions\/22842"}],"up":[{"embeddable":true,"href":"https:\/\/www.corob.com\/es\/wp-json\/wp\/v2\/pages\/22805"}],"wp:attachment":[{"href":"https:\/\/www.corob.com\/es\/wp-json\/wp\/v2\/media?parent=22840"}],"curies":[{"name":"wp","href":"https:\/\/api.w.org\/{rel}","templated":true}]}}