{"id":22873,"date":"2025-07-23T12:28:05","date_gmt":"2025-07-23T12:28:05","guid":{"rendered":"https:\/\/www.corob.com\/aplicaciones\/cosmeticos-y-belleza\/"},"modified":"2025-07-23T12:28:05","modified_gmt":"2025-07-23T12:28:05","slug":"cosmeticos-y-belleza","status":"publish","type":"page","link":"https:\/\/www.corob.com\/es\/aplicaciones\/cosmeticos-y-belleza\/","title":{"rendered":"COSM\u00c9TICOS Y BELLEZA"},"content":{"rendered":"<p><div class=\"fusion-fullwidth fullwidth-box fusion-builder-row-1 fusion-parallax-none nonhundred-percent-fullwidth non-hundred-percent-height-scrolling\" style=\"--awb-border-radius-top-left:0px;--awb-border-radius-top-right:0px;--awb-border-radius-bottom-right:0px;--awb-border-radius-bottom-left:0px;--awb-padding-top:100px;--awb-padding-bottom:100px;--awb-background-image:url(&quot;https:\/\/www.corob.com\/wp-content\/uploads\/2020\/01\/CosmeticsBeauty-1200x431.jpg&quot;);--awb-background-size:cover;--awb-flex-wrap:wrap;\" ><div class=\"fusion-builder-row fusion-row\"><div class=\"fusion-layout-column fusion_builder_column fusion-builder-column-0 fusion_builder_column_1_1 1_1 fusion-one-full fusion-column-first fusion-column-last\" style=\"--awb-padding-right:30px;--awb-padding-left:30px;--awb-bg-size:cover;\"><div class=\"fusion-column-wrapper fusion-column-has-shadow fusion-flex-column-wrapper-legacy\"><div class=\"fusion-clearfix\"><\/div><\/div><\/div><\/div><\/div><div class=\"fusion-fullwidth fullwidth-box fusion-builder-row-2 nonhundred-percent-fullwidth non-hundred-percent-height-scrolling\" style=\"--awb-border-radius-top-left:0px;--awb-border-radius-top-right:0px;--awb-border-radius-bottom-right:0px;--awb-border-radius-bottom-left:0px;--awb-padding-top:50px;--awb-flex-wrap:wrap;\" ><div class=\"fusion-builder-row fusion-row\"><div class=\"fusion-layout-column fusion_builder_column fusion-builder-column-1 fusion_builder_column_1_1 1_1 fusion-one-full fusion-column-first fusion-column-last\" style=\"--awb-bg-size:cover;\"><div class=\"fusion-column-wrapper fusion-column-has-shadow fusion-flex-column-wrapper-legacy\"><div class=\"fusion-title title fusion-title-1 fusion-sep-none fusion-title-text fusion-title-size-one\" style=\"--awb-text-color:var(--awb-color7);--awb-font-size:36px;\"><h1 class=\"fusion-title-heading title-heading-left fusion-responsive-typography-calculated\" style=\"margin:0;font-size:1em;--fontSize:36;line-height:1;\">COSM\u00c9TICOS Y BELLEZA<\/h1><\/div><div class=\"fusion-clearfix\"><\/div><\/div><\/div><div class=\"fusion-layout-column fusion_builder_column fusion-builder-column-2 fusion_builder_column_1_2 1_2 fusion-one-half fusion-column-first\" style=\"--awb-bg-size:cover;width:50%;width:calc(50% - ( ( 4% ) * 0.5 ) );margin-right: 4%;\"><div class=\"fusion-column-wrapper fusion-column-has-shadow fusion-flex-column-wrapper-legacy\"><div class=\"fusion-text fusion-text-1\"><p>La tecnolog\u00eda de COROB es ideal para la industria cosm\u00e9tica y de la belleza, donde la <strong>precisi\u00f3n<\/strong>, la <strong>seguridad<\/strong> y la <strong>flexibilidad<\/strong> son esenciales. Nuestros sistemas de dispensaci\u00f3n y dosificaci\u00f3n est\u00e1n dise\u00f1ados para <strong>manejar una amplia variedad de ingredientes<\/strong>, que var\u00edan en textura, viscosidad y color, para producir <strong>productos finales consistentes y de alta calidad<\/strong>.<\/p>\n<p>Las formulaciones cosm\u00e9ticas a menudo requieren:<\/p>\n<\/div><ul style=\"--awb-size:20px;--awb-line-height:34px;--awb-icon-width:34px;--awb-icon-height:34px;--awb-icon-margin:14px;--awb-content-margin:48px;\" class=\"fusion-checklist fusion-checklist-1 fusion-checklist-default type-icons\"><li class=\"fusion-li-item\" style=\"\"><span class=\"icon-wrapper circle-no\"><i class=\"fusion-li-icon awb-icon-check\" aria-hidden=\"true\"><\/i><\/span><div class=\"fusion-li-item-content\"><strong>Flexibilidad<\/strong>: sistemas que se adaptan a diversos tipos de productos y requisitos espec\u00edficos del cliente, incluidas cremas, geles, s\u00e9rums y cosm\u00e9ticos de color.<\/div><\/li><li class=\"fusion-li-item\" style=\"\"><span class=\"icon-wrapper circle-no\"><i class=\"fusion-li-icon awb-icon-check\" aria-hidden=\"true\"><\/i><\/span><div class=\"fusion-li-item-content\">\n<p><strong>Eficiencia<\/strong>: optimizados para la producci\u00f3n de lotes peque\u00f1os, lo que permite cambios r\u00e1pidos y el soporte de l\u00edneas de productos de nicho o lanzamientos de temporada.<\/p>\n<\/div><\/li><li class=\"fusion-li-item\" style=\"\"><span class=\"icon-wrapper circle-no\"><i class=\"fusion-li-icon awb-icon-check\" aria-hidden=\"true\"><\/i><\/span><div class=\"fusion-li-item-content\">\n<p><strong>Seguridad<\/strong>: construidos para cumplir con las GMP (Buenas Pr\u00e1cticas de Fabricaci\u00f3n), lo que garantiza la contaminaci\u00f3n cero y la trazabilidad total de los ingredientes y los lotes.<\/p>\n<\/div><\/li><\/ul><div class=\"fusion-clearfix\"><\/div><\/div><\/div><div class=\"fusion-layout-column fusion_builder_column fusion-builder-column-3 fusion_builder_column_1_2 1_2 fusion-one-half fusion-column-last\" style=\"--awb-bg-size:cover;width:50%;width:calc(50% - ( ( 4% ) * 0.5 ) );\"><div class=\"fusion-column-wrapper fusion-column-has-shadow fusion-flex-column-wrapper-legacy\"><div class=\"fusion-text fusion-text-2\"><p>Ya sea para laboratorios de I+D, plantas piloto o producci\u00f3n a gran escala, los sistemas COROB pueden ayudar a los fabricantes de cosm\u00e9ticos a optimizar las operaciones, reducir los residuos y acelerar el tiempo de comercializaci\u00f3n, sin comprometer la calidad ni el cumplimiento.<\/p>\n<p> Las soluciones COROB tambi\u00e9n admiten:<\/p>\n<\/div><ul style=\"--awb-size:20px;--awb-line-height:34px;--awb-icon-width:34px;--awb-icon-height:34px;--awb-icon-margin:14px;--awb-content-margin:48px;\" class=\"fusion-checklist fusion-checklist-2 fusion-checklist-default type-icons\"><li class=\"fusion-li-item\" style=\"\"><span class=\"icon-wrapper circle-no\"><i class=\"fusion-li-icon awb-icon-check\" aria-hidden=\"true\"><\/i><\/span><div class=\"fusion-li-item-content\">\n<p>Integraci\u00f3n con software de formulaci\u00f3n para la gesti\u00f3n y repetibilidad de recetas.<\/p>\n<\/div><\/li><li class=\"fusion-li-item\" style=\"\"><span class=\"icon-wrapper circle-no\"><i class=\"fusion-li-icon awb-icon-check\" aria-hidden=\"true\"><\/i><\/span><div class=\"fusion-li-item-content\">\n<p>Dise\u00f1o higi\u00e9nico y componentes f\u00e1ciles de limpiar para cumplir con los estrictos est\u00e1ndares de la industria.<\/p>\n<\/div><\/li><li class=\"fusion-li-item\" style=\"\"><span class=\"icon-wrapper circle-no\"><i class=\"fusion-li-icon awb-icon-check\" aria-hidden=\"true\"><\/i><\/span><div class=\"fusion-li-item-content\">\n<p>Compatibilidad con ingredientes sensibles o reactivos, incluidos extractos naturales y compuestos activos.<\/p>\n<\/div><\/li><\/ul><div class=\"fusion-clearfix\"><\/div><\/div><\/div><\/div><\/div><\/p>\n","protected":false},"excerpt":{"rendered":"","protected":false},"author":1,"featured_media":0,"parent":22805,"menu_order":50,"comment_status":"closed","ping_status":"closed","template":"100-width.php","meta":{"_acf_changed":false,"footnotes":""},"class_list":["post-22873","page","type-page","status-publish","hentry"],"acf":[],"yoast_head":"<!-- This site is optimized with the Yoast SEO plugin v25.5 - https:\/\/yoast.com\/wordpress\/plugins\/seo\/ -->\n<title>Sistemas de dispensaci\u00f3n COROB para cosm\u00e9tica y belleza<\/title>\n<meta name=\"description\" content=\"Soluciones GMP de COROB para cosm\u00e9ticos: flexibles y seguras.\" \/>\n<meta name=\"robots\" content=\"index, follow, max-snippet:-1, max-image-preview:large, max-video-preview:-1\" \/>\n<link rel=\"canonical\" href=\"https:\/\/www.corob.com\/es\/aplicaciones\/cosmeticos-y-belleza\/\" \/>\n<meta property=\"og:locale\" content=\"es_ES\" \/>\n<meta property=\"og:type\" content=\"article\" \/>\n<meta property=\"og:title\" content=\"Sistemas de dispensaci\u00f3n COROB para cosm\u00e9tica y belleza\" \/>\n<meta property=\"og:description\" content=\"Soluciones GMP de COROB para cosm\u00e9ticos: flexibles y seguras.\" \/>\n<meta property=\"og:url\" content=\"https:\/\/www.corob.com\/es\/aplicaciones\/cosmeticos-y-belleza\/\" \/>\n<meta property=\"og:site_name\" content=\"COROB\" \/>\n<meta name=\"twitter:card\" content=\"summary_large_image\" \/>\n<meta name=\"twitter:label1\" content=\"Tiempo de lectura\" \/>\n\t<meta name=\"twitter:data1\" content=\"10 minutos\" \/>\n<script type=\"application\/ld+json\" class=\"yoast-schema-graph\">{\"@context\":\"https:\/\/schema.org\",\"@graph\":[{\"@type\":\"WebPage\",\"@id\":\"https:\/\/www.corob.com\/es\/aplicaciones\/cosmeticos-y-belleza\/\",\"url\":\"https:\/\/www.corob.com\/es\/aplicaciones\/cosmeticos-y-belleza\/\",\"name\":\"Sistemas de dispensaci\u00f3n COROB para cosm\u00e9tica y belleza\",\"isPartOf\":{\"@id\":\"https:\/\/www.corob.com\/es\/#website\"},\"datePublished\":\"2025-07-23T12:28:05+00:00\",\"description\":\"Soluciones GMP de COROB para cosm\u00e9ticos: flexibles y seguras.\",\"breadcrumb\":{\"@id\":\"https:\/\/www.corob.com\/es\/aplicaciones\/cosmeticos-y-belleza\/#breadcrumb\"},\"inLanguage\":\"es\",\"potentialAction\":[{\"@type\":\"ReadAction\",\"target\":[\"https:\/\/www.corob.com\/es\/aplicaciones\/cosmeticos-y-belleza\/\"]}]},{\"@type\":\"BreadcrumbList\",\"@id\":\"https:\/\/www.corob.com\/es\/aplicaciones\/cosmeticos-y-belleza\/#breadcrumb\",\"itemListElement\":[{\"@type\":\"ListItem\",\"position\":1,\"name\":\"Home\",\"item\":\"https:\/\/www.corob.com\/es\/\"},{\"@type\":\"ListItem\",\"position\":2,\"name\":\"APLICACIONES\",\"item\":\"https:\/\/www.corob.com\/es\/aplicaciones\/\"},{\"@type\":\"ListItem\",\"position\":3,\"name\":\"COSM\u00c9TICOS Y BELLEZA\"}]},{\"@type\":\"WebSite\",\"@id\":\"https:\/\/www.corob.com\/es\/#website\",\"url\":\"https:\/\/www.corob.com\/es\/\",\"name\":\"COROB\",\"description\":\"High-tech dispensing and mixing solutions for paints and coatings systems\",\"publisher\":{\"@id\":\"https:\/\/www.corob.com\/es\/#organization\"},\"potentialAction\":[{\"@type\":\"SearchAction\",\"target\":{\"@type\":\"EntryPoint\",\"urlTemplate\":\"https:\/\/www.corob.com\/es\/?s={search_term_string}\"},\"query-input\":{\"@type\":\"PropertyValueSpecification\",\"valueRequired\":true,\"valueName\":\"search_term_string\"}}],\"inLanguage\":\"es\"},{\"@type\":\"Organization\",\"@id\":\"https:\/\/www.corob.com\/es\/#organization\",\"name\":\"COROB\",\"url\":\"https:\/\/www.corob.com\/es\/\",\"logo\":{\"@type\":\"ImageObject\",\"inLanguage\":\"es\",\"@id\":\"https:\/\/www.corob.com\/es\/#\/schema\/logo\/image\/\",\"url\":\"https:\/\/www.corob.com\/wp-content\/uploads\/2020\/01\/COROB-240.png\",\"contentUrl\":\"https:\/\/www.corob.com\/wp-content\/uploads\/2020\/01\/COROB-240.png\",\"width\":240,\"height\":73,\"caption\":\"COROB\"},\"image\":{\"@id\":\"https:\/\/www.corob.com\/es\/#\/schema\/logo\/image\/\"},\"sameAs\":[\"https:\/\/www.linkedin.com\/company\/corob\/\",\"https:\/\/www.youtube.com\/channel\/UCxnFt4FEhuhdm87NAb27qBQ\"]}]}<\/script>\n<!-- \/ Yoast SEO plugin. -->","yoast_head_json":{"title":"Sistemas de dispensaci\u00f3n COROB para cosm\u00e9tica y belleza","description":"Soluciones GMP de COROB para cosm\u00e9ticos: flexibles y seguras.","robots":{"index":"index","follow":"follow","max-snippet":"max-snippet:-1","max-image-preview":"max-image-preview:large","max-video-preview":"max-video-preview:-1"},"canonical":"https:\/\/www.corob.com\/es\/aplicaciones\/cosmeticos-y-belleza\/","og_locale":"es_ES","og_type":"article","og_title":"Sistemas de dispensaci\u00f3n COROB para cosm\u00e9tica y belleza","og_description":"Soluciones GMP de COROB para cosm\u00e9ticos: flexibles y seguras.","og_url":"https:\/\/www.corob.com\/es\/aplicaciones\/cosmeticos-y-belleza\/","og_site_name":"COROB","twitter_card":"summary_large_image","twitter_misc":{"Tiempo de lectura":"10 minutos"},"schema":{"@context":"https:\/\/schema.org","@graph":[{"@type":"WebPage","@id":"https:\/\/www.corob.com\/es\/aplicaciones\/cosmeticos-y-belleza\/","url":"https:\/\/www.corob.com\/es\/aplicaciones\/cosmeticos-y-belleza\/","name":"Sistemas de dispensaci\u00f3n COROB para cosm\u00e9tica y belleza","isPartOf":{"@id":"https:\/\/www.corob.com\/es\/#website"},"datePublished":"2025-07-23T12:28:05+00:00","description":"Soluciones GMP de COROB para cosm\u00e9ticos: flexibles y seguras.","breadcrumb":{"@id":"https:\/\/www.corob.com\/es\/aplicaciones\/cosmeticos-y-belleza\/#breadcrumb"},"inLanguage":"es","potentialAction":[{"@type":"ReadAction","target":["https:\/\/www.corob.com\/es\/aplicaciones\/cosmeticos-y-belleza\/"]}]},{"@type":"BreadcrumbList","@id":"https:\/\/www.corob.com\/es\/aplicaciones\/cosmeticos-y-belleza\/#breadcrumb","itemListElement":[{"@type":"ListItem","position":1,"name":"Home","item":"https:\/\/www.corob.com\/es\/"},{"@type":"ListItem","position":2,"name":"APLICACIONES","item":"https:\/\/www.corob.com\/es\/aplicaciones\/"},{"@type":"ListItem","position":3,"name":"COSM\u00c9TICOS Y BELLEZA"}]},{"@type":"WebSite","@id":"https:\/\/www.corob.com\/es\/#website","url":"https:\/\/www.corob.com\/es\/","name":"COROB","description":"High-tech dispensing and mixing solutions for paints and coatings systems","publisher":{"@id":"https:\/\/www.corob.com\/es\/#organization"},"potentialAction":[{"@type":"SearchAction","target":{"@type":"EntryPoint","urlTemplate":"https:\/\/www.corob.com\/es\/?s={search_term_string}"},"query-input":{"@type":"PropertyValueSpecification","valueRequired":true,"valueName":"search_term_string"}}],"inLanguage":"es"},{"@type":"Organization","@id":"https:\/\/www.corob.com\/es\/#organization","name":"COROB","url":"https:\/\/www.corob.com\/es\/","logo":{"@type":"ImageObject","inLanguage":"es","@id":"https:\/\/www.corob.com\/es\/#\/schema\/logo\/image\/","url":"https:\/\/www.corob.com\/wp-content\/uploads\/2020\/01\/COROB-240.png","contentUrl":"https:\/\/www.corob.com\/wp-content\/uploads\/2020\/01\/COROB-240.png","width":240,"height":73,"caption":"COROB"},"image":{"@id":"https:\/\/www.corob.com\/es\/#\/schema\/logo\/image\/"},"sameAs":["https:\/\/www.linkedin.com\/company\/corob\/","https:\/\/www.youtube.com\/channel\/UCxnFt4FEhuhdm87NAb27qBQ"]}]}},"_links":{"self":[{"href":"https:\/\/www.corob.com\/es\/wp-json\/wp\/v2\/pages\/22873","targetHints":{"allow":["GET"]}}],"collection":[{"href":"https:\/\/www.corob.com\/es\/wp-json\/wp\/v2\/pages"}],"about":[{"href":"https:\/\/www.corob.com\/es\/wp-json\/wp\/v2\/types\/page"}],"author":[{"embeddable":true,"href":"https:\/\/www.corob.com\/es\/wp-json\/wp\/v2\/users\/1"}],"replies":[{"embeddable":true,"href":"https:\/\/www.corob.com\/es\/wp-json\/wp\/v2\/comments?post=22873"}],"version-history":[{"count":2,"href":"https:\/\/www.corob.com\/es\/wp-json\/wp\/v2\/pages\/22873\/revisions"}],"predecessor-version":[{"id":22875,"href":"https:\/\/www.corob.com\/es\/wp-json\/wp\/v2\/pages\/22873\/revisions\/22875"}],"up":[{"embeddable":true,"href":"https:\/\/www.corob.com\/es\/wp-json\/wp\/v2\/pages\/22805"}],"wp:attachment":[{"href":"https:\/\/www.corob.com\/es\/wp-json\/wp\/v2\/media?parent=22873"}],"curies":[{"name":"wp","href":"https:\/\/api.w.org\/{rel}","templated":true}]}}