{"id":22885,"date":"2025-07-23T12:50:41","date_gmt":"2025-07-23T12:50:41","guid":{"rendered":"https:\/\/www.corob.com\/aplicaciones\/alimentos-y-bebidas\/"},"modified":"2025-07-23T12:50:41","modified_gmt":"2025-07-23T12:50:41","slug":"alimentos-y-bebidas","status":"publish","type":"page","link":"https:\/\/www.corob.com\/es\/aplicaciones\/alimentos-y-bebidas\/","title":{"rendered":"ALIMENTOS Y BEBIDAS"},"content":{"rendered":"<p><div class=\"fusion-fullwidth fullwidth-box fusion-builder-row-1 fusion-parallax-none nonhundred-percent-fullwidth non-hundred-percent-height-scrolling\" style=\"--awb-border-radius-top-left:0px;--awb-border-radius-top-right:0px;--awb-border-radius-bottom-right:0px;--awb-border-radius-bottom-left:0px;--awb-padding-top:100px;--awb-padding-bottom:100px;--awb-background-image:url(&quot;https:\/\/www.corob.com\/wp-content\/uploads\/2020\/01\/FoodBevereges-1200x431.jpg&quot;);--awb-background-size:cover;--awb-flex-wrap:wrap;\" ><div class=\"fusion-builder-row fusion-row\"><div class=\"fusion-layout-column fusion_builder_column fusion-builder-column-0 fusion_builder_column_1_1 1_1 fusion-one-full fusion-column-first fusion-column-last\" style=\"--awb-padding-right:30px;--awb-padding-left:30px;--awb-bg-size:cover;\"><div class=\"fusion-column-wrapper fusion-column-has-shadow fusion-flex-column-wrapper-legacy\"><div class=\"fusion-clearfix\"><\/div><\/div><\/div><\/div><\/div><div class=\"fusion-fullwidth fullwidth-box fusion-builder-row-2 nonhundred-percent-fullwidth non-hundred-percent-height-scrolling\" style=\"--awb-border-radius-top-left:0px;--awb-border-radius-top-right:0px;--awb-border-radius-bottom-right:0px;--awb-border-radius-bottom-left:0px;--awb-padding-top:50px;--awb-flex-wrap:wrap;\" ><div class=\"fusion-builder-row fusion-row\"><div class=\"fusion-layout-column fusion_builder_column fusion-builder-column-1 fusion_builder_column_1_1 1_1 fusion-one-full fusion-column-first fusion-column-last\" style=\"--awb-bg-size:cover;\"><div class=\"fusion-column-wrapper fusion-column-has-shadow fusion-flex-column-wrapper-legacy\"><div class=\"fusion-title title fusion-title-1 fusion-sep-none fusion-title-text fusion-title-size-one\" style=\"--awb-text-color:var(--awb-color7);--awb-font-size:36px;\"><h1 class=\"fusion-title-heading title-heading-left fusion-responsive-typography-calculated\" style=\"margin:0;font-size:1em;--fontSize:36;line-height:1;\">ALIMENTOS Y BEBIDAS<\/h1><\/div><div class=\"fusion-clearfix\"><\/div><\/div><\/div><div class=\"fusion-layout-column fusion_builder_column fusion-builder-column-2 fusion_builder_column_1_2 1_2 fusion-one-half fusion-column-first\" style=\"--awb-bg-size:cover;width:50%;width:calc(50% - ( ( 4% ) * 0.5 ) );margin-right: 4%;\"><div class=\"fusion-column-wrapper fusion-column-has-shadow fusion-flex-column-wrapper-legacy\"><div class=\"fusion-text fusion-text-1\"><p>La tecnolog\u00eda de COROB <strong>integra la automatizaci\u00f3n con controles de proceso avanzados<\/strong> para garantizar la <strong>coherencia<\/strong> y la <strong>seguridad<\/strong> en todas las fases de la producci\u00f3n de alimentos y bebidas. Nuestros sistemas de dispensaci\u00f3n y dosificaci\u00f3n est\u00e1n dise\u00f1ados para cumplir los estrictos requisitos de este sector altamente regulado. <\/p>\n<p>Los productos alimenticios y las bebidas exigen:<\/p>\n<\/div><ul style=\"--awb-size:20px;--awb-line-height:34px;--awb-icon-width:34px;--awb-icon-height:34px;--awb-icon-margin:14px;--awb-content-margin:48px;\" class=\"fusion-checklist fusion-checklist-1 fusion-checklist-default type-icons\"><li class=\"fusion-li-item\" style=\"\"><span class=\"icon-wrapper circle-no\"><i class=\"fusion-li-icon awb-icon-check\" aria-hidden=\"true\"><\/i><\/span><div class=\"fusion-li-item-content\">\n<p><strong>Flexibilidad<\/strong>: sistemas que se adaptan a las certificaciones de seguridad alimentaria espec\u00edficas y locales, incluidas las normas de cumplimiento regionales y las regulaciones de etiquetado.<\/p>\n<\/div><\/li><li class=\"fusion-li-item\" style=\"\"><span class=\"icon-wrapper circle-no\"><i class=\"fusion-li-icon awb-icon-check\" aria-hidden=\"true\"><\/i><\/span><div class=\"fusion-li-item-content\">\n<p><strong>Alta precisi\u00f3n<\/strong>: la dosificaci\u00f3n de precisi\u00f3n garantiza la coherencia de la receta, esencial para el sabor, la textura y la integridad nutricional.<\/p>\n<\/div><\/li><li class=\"fusion-li-item\" style=\"\"><span class=\"icon-wrapper circle-no\"><i class=\"fusion-li-icon awb-icon-check\" aria-hidden=\"true\"><\/i><\/span><div class=\"fusion-li-item-content\">\n<p><strong>Seguridad<\/strong>: todos los sistemas est\u00e1n dise\u00f1ados de acuerdo con las GMP (Buenas Pr\u00e1cticas de Fabricaci\u00f3n), lo que garantiza la ausencia de contaminaci\u00f3n y la trazabilidad total de los ingredientes.<\/p>\n<\/div><\/li><\/ul><div class=\"fusion-clearfix\"><\/div><\/div><\/div><div class=\"fusion-layout-column fusion_builder_column fusion-builder-column-3 fusion_builder_column_1_2 1_2 fusion-one-half fusion-column-last\" style=\"--awb-bg-size:cover;width:50%;width:calc(50% - ( ( 4% ) * 0.5 ) );\"><div class=\"fusion-column-wrapper fusion-column-has-shadow fusion-flex-column-wrapper-legacy\"><div class=\"fusion-text fusion-text-2\"><p>Ya sea para salsas, bebidas, aromatizantes o suplementos nutricionales, los sistemas <strong>escalables<\/strong> y <strong>personalizables<\/strong> de COROB ayudan a los fabricantes a optimizar las operaciones, mantener el cumplimiento y <strong>ofrecer una calidad de producto constante<\/strong>.<\/p>\n<p> Las soluciones de COROB tambi\u00e9n son compatibles con:<\/p>\n<\/div><ul style=\"--awb-size:20px;--awb-line-height:34px;--awb-icon-width:34px;--awb-icon-height:34px;--awb-icon-margin:14px;--awb-content-margin:48px;\" class=\"fusion-checklist fusion-checklist-2 fusion-checklist-default type-icons\"><li class=\"fusion-li-item\" style=\"\"><span class=\"icon-wrapper circle-no\"><i class=\"fusion-li-icon awb-icon-check\" aria-hidden=\"true\"><\/i><\/span><div class=\"fusion-li-item-content\">\n<p>Dise\u00f1o higi\u00e9nico con componentes f\u00e1ciles de limpiar y compatibilidad con CIP (limpieza in situ).<\/p>\n<\/div><\/li><li class=\"fusion-li-item\" style=\"\"><span class=\"icon-wrapper circle-no\"><i class=\"fusion-li-icon awb-icon-check\" aria-hidden=\"true\"><\/i><\/span><div class=\"fusion-li-item-content\">\n<p>Integraci\u00f3n con sistemas MES\/ERP para la supervisi\u00f3n de la producci\u00f3n en tiempo real y el seguimiento de lotes.<\/p>\n<\/div><\/li><li class=\"fusion-li-item\" style=\"\"><span class=\"icon-wrapper circle-no\"><i class=\"fusion-li-icon awb-icon-check\" aria-hidden=\"true\"><\/i><\/span><div class=\"fusion-li-item-content\">\n<p>Producci\u00f3n eficiente de lotes peque\u00f1os para art\u00edculos especiales, productos de temporada o recetas localizadas.<\/p>\n<\/div><\/li><li class=\"fusion-li-item\" style=\"\"><span class=\"icon-wrapper circle-no\"><i class=\"fusion-li-icon awb-icon-check\" aria-hidden=\"true\"><\/i><\/span><div class=\"fusion-li-item-content\">\n<p>Reducci\u00f3n de residuos y optimizaci\u00f3n del uso de ingredientes mediante una formulaci\u00f3n precisa y un control automatizado.<\/p>\n<\/div><\/li><\/ul><div class=\"fusion-clearfix\"><\/div><\/div><\/div><\/div><\/div><\/p>\n","protected":false},"excerpt":{"rendered":"","protected":false},"author":1,"featured_media":0,"parent":22805,"menu_order":60,"comment_status":"closed","ping_status":"closed","template":"100-width.php","meta":{"_acf_changed":false,"footnotes":""},"class_list":["post-22885","page","type-page","status-publish","hentry"],"acf":[],"yoast_head":"<!-- This site is optimized with the Yoast SEO plugin v25.5 - https:\/\/yoast.com\/wordpress\/plugins\/seo\/ -->\n<title>Sistemas de dosificaci\u00f3n COROB para alimentaci\u00f3n.<\/title>\n<meta name=\"description\" content=\"Soluciones de dosificaci\u00f3n GMP de COROB para alimentaci\u00f3n.\" \/>\n<meta name=\"robots\" content=\"index, follow, max-snippet:-1, max-image-preview:large, max-video-preview:-1\" \/>\n<link rel=\"canonical\" href=\"https:\/\/www.corob.com\/es\/aplicaciones\/alimentos-y-bebidas\/\" \/>\n<meta property=\"og:locale\" content=\"es_ES\" \/>\n<meta property=\"og:type\" content=\"article\" \/>\n<meta property=\"og:title\" content=\"Sistemas de dosificaci\u00f3n COROB para alimentaci\u00f3n.\" \/>\n<meta property=\"og:description\" content=\"Soluciones de dosificaci\u00f3n GMP de COROB para alimentaci\u00f3n.\" \/>\n<meta property=\"og:url\" content=\"https:\/\/www.corob.com\/es\/aplicaciones\/alimentos-y-bebidas\/\" \/>\n<meta property=\"og:site_name\" content=\"COROB\" \/>\n<meta name=\"twitter:card\" content=\"summary_large_image\" \/>\n<meta name=\"twitter:label1\" content=\"Tiempo de lectura\" \/>\n\t<meta name=\"twitter:data1\" content=\"10 minutos\" \/>\n<script type=\"application\/ld+json\" class=\"yoast-schema-graph\">{\"@context\":\"https:\/\/schema.org\",\"@graph\":[{\"@type\":\"WebPage\",\"@id\":\"https:\/\/www.corob.com\/es\/aplicaciones\/alimentos-y-bebidas\/\",\"url\":\"https:\/\/www.corob.com\/es\/aplicaciones\/alimentos-y-bebidas\/\",\"name\":\"Sistemas de dosificaci\u00f3n COROB para alimentaci\u00f3n.\",\"isPartOf\":{\"@id\":\"https:\/\/www.corob.com\/es\/#website\"},\"datePublished\":\"2025-07-23T12:50:41+00:00\",\"description\":\"Soluciones de dosificaci\u00f3n GMP de COROB para alimentaci\u00f3n.\",\"breadcrumb\":{\"@id\":\"https:\/\/www.corob.com\/es\/aplicaciones\/alimentos-y-bebidas\/#breadcrumb\"},\"inLanguage\":\"es\",\"potentialAction\":[{\"@type\":\"ReadAction\",\"target\":[\"https:\/\/www.corob.com\/es\/aplicaciones\/alimentos-y-bebidas\/\"]}]},{\"@type\":\"BreadcrumbList\",\"@id\":\"https:\/\/www.corob.com\/es\/aplicaciones\/alimentos-y-bebidas\/#breadcrumb\",\"itemListElement\":[{\"@type\":\"ListItem\",\"position\":1,\"name\":\"Home\",\"item\":\"https:\/\/www.corob.com\/es\/\"},{\"@type\":\"ListItem\",\"position\":2,\"name\":\"APLICACIONES\",\"item\":\"https:\/\/www.corob.com\/es\/aplicaciones\/\"},{\"@type\":\"ListItem\",\"position\":3,\"name\":\"ALIMENTOS Y BEBIDAS\"}]},{\"@type\":\"WebSite\",\"@id\":\"https:\/\/www.corob.com\/es\/#website\",\"url\":\"https:\/\/www.corob.com\/es\/\",\"name\":\"COROB\",\"description\":\"High-tech dispensing and mixing solutions for paints and coatings systems\",\"publisher\":{\"@id\":\"https:\/\/www.corob.com\/es\/#organization\"},\"potentialAction\":[{\"@type\":\"SearchAction\",\"target\":{\"@type\":\"EntryPoint\",\"urlTemplate\":\"https:\/\/www.corob.com\/es\/?s={search_term_string}\"},\"query-input\":{\"@type\":\"PropertyValueSpecification\",\"valueRequired\":true,\"valueName\":\"search_term_string\"}}],\"inLanguage\":\"es\"},{\"@type\":\"Organization\",\"@id\":\"https:\/\/www.corob.com\/es\/#organization\",\"name\":\"COROB\",\"url\":\"https:\/\/www.corob.com\/es\/\",\"logo\":{\"@type\":\"ImageObject\",\"inLanguage\":\"es\",\"@id\":\"https:\/\/www.corob.com\/es\/#\/schema\/logo\/image\/\",\"url\":\"https:\/\/www.corob.com\/wp-content\/uploads\/2020\/01\/COROB-240.png\",\"contentUrl\":\"https:\/\/www.corob.com\/wp-content\/uploads\/2020\/01\/COROB-240.png\",\"width\":240,\"height\":73,\"caption\":\"COROB\"},\"image\":{\"@id\":\"https:\/\/www.corob.com\/es\/#\/schema\/logo\/image\/\"},\"sameAs\":[\"https:\/\/www.linkedin.com\/company\/corob\/\",\"https:\/\/www.youtube.com\/channel\/UCxnFt4FEhuhdm87NAb27qBQ\"]}]}<\/script>\n<!-- \/ Yoast SEO plugin. -->","yoast_head_json":{"title":"Sistemas de dosificaci\u00f3n COROB para alimentaci\u00f3n.","description":"Soluciones de dosificaci\u00f3n GMP de COROB para alimentaci\u00f3n.","robots":{"index":"index","follow":"follow","max-snippet":"max-snippet:-1","max-image-preview":"max-image-preview:large","max-video-preview":"max-video-preview:-1"},"canonical":"https:\/\/www.corob.com\/es\/aplicaciones\/alimentos-y-bebidas\/","og_locale":"es_ES","og_type":"article","og_title":"Sistemas de dosificaci\u00f3n COROB para alimentaci\u00f3n.","og_description":"Soluciones de dosificaci\u00f3n GMP de COROB para alimentaci\u00f3n.","og_url":"https:\/\/www.corob.com\/es\/aplicaciones\/alimentos-y-bebidas\/","og_site_name":"COROB","twitter_card":"summary_large_image","twitter_misc":{"Tiempo de lectura":"10 minutos"},"schema":{"@context":"https:\/\/schema.org","@graph":[{"@type":"WebPage","@id":"https:\/\/www.corob.com\/es\/aplicaciones\/alimentos-y-bebidas\/","url":"https:\/\/www.corob.com\/es\/aplicaciones\/alimentos-y-bebidas\/","name":"Sistemas de dosificaci\u00f3n COROB para alimentaci\u00f3n.","isPartOf":{"@id":"https:\/\/www.corob.com\/es\/#website"},"datePublished":"2025-07-23T12:50:41+00:00","description":"Soluciones de dosificaci\u00f3n GMP de COROB para alimentaci\u00f3n.","breadcrumb":{"@id":"https:\/\/www.corob.com\/es\/aplicaciones\/alimentos-y-bebidas\/#breadcrumb"},"inLanguage":"es","potentialAction":[{"@type":"ReadAction","target":["https:\/\/www.corob.com\/es\/aplicaciones\/alimentos-y-bebidas\/"]}]},{"@type":"BreadcrumbList","@id":"https:\/\/www.corob.com\/es\/aplicaciones\/alimentos-y-bebidas\/#breadcrumb","itemListElement":[{"@type":"ListItem","position":1,"name":"Home","item":"https:\/\/www.corob.com\/es\/"},{"@type":"ListItem","position":2,"name":"APLICACIONES","item":"https:\/\/www.corob.com\/es\/aplicaciones\/"},{"@type":"ListItem","position":3,"name":"ALIMENTOS Y BEBIDAS"}]},{"@type":"WebSite","@id":"https:\/\/www.corob.com\/es\/#website","url":"https:\/\/www.corob.com\/es\/","name":"COROB","description":"High-tech dispensing and mixing solutions for paints and coatings systems","publisher":{"@id":"https:\/\/www.corob.com\/es\/#organization"},"potentialAction":[{"@type":"SearchAction","target":{"@type":"EntryPoint","urlTemplate":"https:\/\/www.corob.com\/es\/?s={search_term_string}"},"query-input":{"@type":"PropertyValueSpecification","valueRequired":true,"valueName":"search_term_string"}}],"inLanguage":"es"},{"@type":"Organization","@id":"https:\/\/www.corob.com\/es\/#organization","name":"COROB","url":"https:\/\/www.corob.com\/es\/","logo":{"@type":"ImageObject","inLanguage":"es","@id":"https:\/\/www.corob.com\/es\/#\/schema\/logo\/image\/","url":"https:\/\/www.corob.com\/wp-content\/uploads\/2020\/01\/COROB-240.png","contentUrl":"https:\/\/www.corob.com\/wp-content\/uploads\/2020\/01\/COROB-240.png","width":240,"height":73,"caption":"COROB"},"image":{"@id":"https:\/\/www.corob.com\/es\/#\/schema\/logo\/image\/"},"sameAs":["https:\/\/www.linkedin.com\/company\/corob\/","https:\/\/www.youtube.com\/channel\/UCxnFt4FEhuhdm87NAb27qBQ"]}]}},"_links":{"self":[{"href":"https:\/\/www.corob.com\/es\/wp-json\/wp\/v2\/pages\/22885","targetHints":{"allow":["GET"]}}],"collection":[{"href":"https:\/\/www.corob.com\/es\/wp-json\/wp\/v2\/pages"}],"about":[{"href":"https:\/\/www.corob.com\/es\/wp-json\/wp\/v2\/types\/page"}],"author":[{"embeddable":true,"href":"https:\/\/www.corob.com\/es\/wp-json\/wp\/v2\/users\/1"}],"replies":[{"embeddable":true,"href":"https:\/\/www.corob.com\/es\/wp-json\/wp\/v2\/comments?post=22885"}],"version-history":[{"count":2,"href":"https:\/\/www.corob.com\/es\/wp-json\/wp\/v2\/pages\/22885\/revisions"}],"predecessor-version":[{"id":22887,"href":"https:\/\/www.corob.com\/es\/wp-json\/wp\/v2\/pages\/22885\/revisions\/22887"}],"up":[{"embeddable":true,"href":"https:\/\/www.corob.com\/es\/wp-json\/wp\/v2\/pages\/22805"}],"wp:attachment":[{"href":"https:\/\/www.corob.com\/es\/wp-json\/wp\/v2\/media?parent=22885"}],"curies":[{"name":"wp","href":"https:\/\/api.w.org\/{rel}","templated":true}]}}