{"id":22897,"date":"2025-07-23T13:18:06","date_gmt":"2025-07-23T13:18:06","guid":{"rendered":"https:\/\/www.corob.com\/aplicaciones\/textil\/"},"modified":"2025-07-23T13:18:07","modified_gmt":"2025-07-23T13:18:07","slug":"textil","status":"publish","type":"page","link":"https:\/\/www.corob.com\/es\/aplicaciones\/textil\/","title":{"rendered":"TEXTIL"},"content":{"rendered":"<p><div class=\"fusion-fullwidth fullwidth-box fusion-builder-row-1 fusion-parallax-none nonhundred-percent-fullwidth non-hundred-percent-height-scrolling\" style=\"--awb-border-radius-top-left:0px;--awb-border-radius-top-right:0px;--awb-border-radius-bottom-right:0px;--awb-border-radius-bottom-left:0px;--awb-padding-top:100px;--awb-padding-bottom:100px;--awb-background-image:url(&quot;https:\/\/www.corob.com\/wp-content\/uploads\/2020\/01\/Textile-1200x431.jpg&quot;);--awb-background-size:cover;--awb-flex-wrap:wrap;\" ><div class=\"fusion-builder-row fusion-row\"><div class=\"fusion-layout-column fusion_builder_column fusion-builder-column-0 fusion_builder_column_1_1 1_1 fusion-one-full fusion-column-first fusion-column-last\" style=\"--awb-padding-right:30px;--awb-padding-left:30px;--awb-bg-size:cover;\"><div class=\"fusion-column-wrapper fusion-column-has-shadow fusion-flex-column-wrapper-legacy\"><div class=\"fusion-clearfix\"><\/div><\/div><\/div><\/div><\/div><div class=\"fusion-fullwidth fullwidth-box fusion-builder-row-2 nonhundred-percent-fullwidth non-hundred-percent-height-scrolling\" style=\"--awb-border-radius-top-left:0px;--awb-border-radius-top-right:0px;--awb-border-radius-bottom-right:0px;--awb-border-radius-bottom-left:0px;--awb-padding-top:50px;--awb-flex-wrap:wrap;\" ><div class=\"fusion-builder-row fusion-row\"><div class=\"fusion-layout-column fusion_builder_column fusion-builder-column-1 fusion_builder_column_1_1 1_1 fusion-one-full fusion-column-first fusion-column-last\" style=\"--awb-bg-size:cover;\"><div class=\"fusion-column-wrapper fusion-column-has-shadow fusion-flex-column-wrapper-legacy\"><div class=\"fusion-title title fusion-title-1 fusion-sep-none fusion-title-text fusion-title-size-one\" style=\"--awb-text-color:var(--awb-color7);--awb-font-size:36px;\"><h1 class=\"fusion-title-heading title-heading-left fusion-responsive-typography-calculated\" style=\"margin:0;font-size:1em;--fontSize:36;line-height:1;\">TEXTIL<\/h1><\/div><div class=\"fusion-clearfix\"><\/div><\/div><\/div><div class=\"fusion-layout-column fusion_builder_column fusion-builder-column-2 fusion_builder_column_1_2 1_2 fusion-one-half fusion-column-first\" style=\"--awb-bg-size:cover;width:50%;width:calc(50% - ( ( 4% ) * 0.5 ) );margin-right: 4%;\"><div class=\"fusion-column-wrapper fusion-column-has-shadow fusion-flex-column-wrapper-legacy\"><div class=\"fusion-text fusion-text-1\"><p>La tecnolog\u00eda COROB es muy adecuada para la industria textil, donde la combinaci\u00f3n de materiales org\u00e1nicos y sustratos muy variables exige <strong>precisi\u00f3n<\/strong> y <strong>adaptabilidad<\/strong>. Nuestros sistemas de dosificaci\u00f3n est\u00e1n dise\u00f1ados para satisfacer las necesidades cambiantes del procesamiento textil, <strong>desde el te\u00f1ido tradicional hasta la impresi\u00f3n digital avanzada<\/strong>. <\/p>\n<p>La producci\u00f3n textil requiere:<\/p>\n<\/div><ul style=\"--awb-size:20px;--awb-line-height:34px;--awb-icon-width:34px;--awb-icon-height:34px;--awb-icon-margin:14px;--awb-content-margin:48px;\" class=\"fusion-checklist fusion-checklist-1 fusion-checklist-default type-icons\"><li class=\"fusion-li-item\" style=\"\"><span class=\"icon-wrapper circle-no\"><i class=\"fusion-li-icon awb-icon-check\" aria-hidden=\"true\"><\/i><\/span><div class=\"fusion-li-item-content\"><strong>Flexibilidad<\/strong>: sistemas que se adaptan a las variaciones naturales del sustrato, lo que garantiza resultados uniformes en diferentes tipos y acabados de tejidos.<\/div><\/li><li class=\"fusion-li-item\" style=\"\"><span class=\"icon-wrapper circle-no\"><i class=\"fusion-li-icon awb-icon-check\" aria-hidden=\"true\"><\/i><\/span><div class=\"fusion-li-item-content\"><strong>Eficiencia<\/strong>: optimizados para la producci\u00f3n de lotes peque\u00f1os, lo que permite cambios r\u00e1pidos en la formulaci\u00f3n para respaldar nichos de mercado, colecciones de temporada y pedidos personalizados.<\/div><\/li><li class=\"fusion-li-item\" style=\"\"><span class=\"icon-wrapper circle-no\"><i class=\"fusion-li-icon awb-icon-check\" aria-hidden=\"true\"><\/i><\/span><div class=\"fusion-li-item-content\"><strong>Alta precisi\u00f3n<\/strong>: la dosificaci\u00f3n de precisi\u00f3n es esencial para cumplir con los estrictos requisitos de las tecnolog\u00edas textiles digitales modernas, donde la uniformidad y la repetibilidad del color son fundamentales.<\/div><\/li><\/ul><div class=\"fusion-clearfix\"><\/div><\/div><\/div><div class=\"fusion-layout-column fusion_builder_column fusion-builder-column-3 fusion_builder_column_1_2 1_2 fusion-one-half fusion-column-last\" style=\"--awb-bg-size:cover;width:50%;width:calc(50% - ( ( 4% ) * 0.5 ) );\"><div class=\"fusion-column-wrapper fusion-column-has-shadow fusion-flex-column-wrapper-legacy\"><div class=\"fusion-text fusion-text-2\"><p>Al combinar <strong>automatizaci\u00f3n, precisi\u00f3n y adaptabilidad<\/strong>, COROB ayuda a los fabricantes textiles a <strong>maximizar el retorno de la inversi\u00f3n<\/strong>, optimizar las operaciones y ampliar su oferta de productos en un mercado competitivo y en r\u00e1pida evoluci\u00f3n.<\/p>\n<p> Las soluciones COROB tambi\u00e9n son compatibles con:<\/p>\n<\/div><ul style=\"--awb-size:20px;--awb-line-height:34px;--awb-icon-width:34px;--awb-icon-height:34px;--awb-icon-margin:14px;--awb-content-margin:48px;\" class=\"fusion-checklist fusion-checklist-2 fusion-checklist-default type-icons\"><li class=\"fusion-li-item\" style=\"\"><span class=\"icon-wrapper circle-no\"><i class=\"fusion-li-icon awb-icon-check\" aria-hidden=\"true\"><\/i><\/span><div class=\"fusion-li-item-content\">\n<p>Integraci\u00f3n con flujos de trabajo de impresi\u00f3n digital y sistemas de gesti\u00f3n del color.<\/p>\n<\/div><\/li><li class=\"fusion-li-item\" style=\"\"><span class=\"icon-wrapper circle-no\"><i class=\"fusion-li-icon awb-icon-check\" aria-hidden=\"true\"><\/i><\/span><div class=\"fusion-li-item-content\">\n<p>Compatibilidad con una amplia gama de tintes, pigmentos y productos qu\u00edmicos especiales utilizados en el acabado textil.<\/p>\n<\/div><\/li><li class=\"fusion-li-item\" style=\"\"><span class=\"icon-wrapper circle-no\"><i class=\"fusion-li-icon awb-icon-check\" aria-hidden=\"true\"><\/i><\/span><div class=\"fusion-li-item-content\">\n<p>Reducci\u00f3n de residuos y mejora de la sostenibilidad mediante una dosificaci\u00f3n precisa y un uso m\u00ednimo de materiales.<\/p>\n<\/div><\/li><li class=\"fusion-li-item\" style=\"\"><span class=\"icon-wrapper circle-no\"><i class=\"fusion-li-icon awb-icon-check\" aria-hidden=\"true\"><\/i><\/span><div class=\"fusion-li-item-content\">\n<p>Configuraciones escalables para admitir entornos de producci\u00f3n tanto a escala piloto como a gran escala.<\/p>\n<\/div><\/li><\/ul><div class=\"fusion-clearfix\"><\/div><\/div><\/div><\/div><\/div><\/p>\n","protected":false},"excerpt":{"rendered":"","protected":false},"author":1,"featured_media":0,"parent":22805,"menu_order":70,"comment_status":"closed","ping_status":"closed","template":"100-width.php","meta":{"_acf_changed":false,"footnotes":""},"class_list":["post-22897","page","type-page","status-publish","hentry"],"acf":[],"yoast_head":"<!-- This site is optimized with the Yoast SEO plugin v25.5 - https:\/\/yoast.com\/wordpress\/plugins\/seo\/ -->\n<title>Soluciones de dosificaci\u00f3n COROB para aplicaciones textiles<\/title>\n<meta name=\"description\" content=\"Descubra los sistemas de dosificaci\u00f3n textil de COROB: flexibles, precisos y eficientes para impresi\u00f3n digital.\" \/>\n<meta name=\"robots\" content=\"index, follow, max-snippet:-1, max-image-preview:large, max-video-preview:-1\" \/>\n<link rel=\"canonical\" href=\"https:\/\/www.corob.com\/es\/aplicaciones\/textil\/\" \/>\n<meta property=\"og:locale\" content=\"es_ES\" \/>\n<meta property=\"og:type\" content=\"article\" \/>\n<meta property=\"og:title\" content=\"Soluciones de dosificaci\u00f3n COROB para aplicaciones textiles\" \/>\n<meta property=\"og:description\" content=\"Descubra los sistemas de dosificaci\u00f3n textil de COROB: flexibles, precisos y eficientes para impresi\u00f3n digital.\" \/>\n<meta property=\"og:url\" content=\"https:\/\/www.corob.com\/es\/aplicaciones\/textil\/\" \/>\n<meta property=\"og:site_name\" content=\"COROB\" \/>\n<meta property=\"article:modified_time\" content=\"2025-07-23T13:18:07+00:00\" \/>\n<meta name=\"twitter:card\" content=\"summary_large_image\" \/>\n<meta name=\"twitter:label1\" content=\"Tiempo de lectura\" \/>\n\t<meta name=\"twitter:data1\" content=\"10 minutos\" \/>\n<script type=\"application\/ld+json\" class=\"yoast-schema-graph\">{\"@context\":\"https:\/\/schema.org\",\"@graph\":[{\"@type\":\"WebPage\",\"@id\":\"https:\/\/www.corob.com\/es\/aplicaciones\/textil\/\",\"url\":\"https:\/\/www.corob.com\/es\/aplicaciones\/textil\/\",\"name\":\"Soluciones de dosificaci\u00f3n COROB para aplicaciones textiles\",\"isPartOf\":{\"@id\":\"https:\/\/www.corob.com\/es\/#website\"},\"datePublished\":\"2025-07-23T13:18:06+00:00\",\"dateModified\":\"2025-07-23T13:18:07+00:00\",\"description\":\"Descubra los sistemas de dosificaci\u00f3n textil de COROB: flexibles, precisos y eficientes para impresi\u00f3n digital.\",\"breadcrumb\":{\"@id\":\"https:\/\/www.corob.com\/es\/aplicaciones\/textil\/#breadcrumb\"},\"inLanguage\":\"es\",\"potentialAction\":[{\"@type\":\"ReadAction\",\"target\":[\"https:\/\/www.corob.com\/es\/aplicaciones\/textil\/\"]}]},{\"@type\":\"BreadcrumbList\",\"@id\":\"https:\/\/www.corob.com\/es\/aplicaciones\/textil\/#breadcrumb\",\"itemListElement\":[{\"@type\":\"ListItem\",\"position\":1,\"name\":\"Home\",\"item\":\"https:\/\/www.corob.com\/es\/\"},{\"@type\":\"ListItem\",\"position\":2,\"name\":\"APLICACIONES\",\"item\":\"https:\/\/www.corob.com\/es\/aplicaciones\/\"},{\"@type\":\"ListItem\",\"position\":3,\"name\":\"TEXTIL\"}]},{\"@type\":\"WebSite\",\"@id\":\"https:\/\/www.corob.com\/es\/#website\",\"url\":\"https:\/\/www.corob.com\/es\/\",\"name\":\"COROB\",\"description\":\"High-tech dispensing and mixing solutions for paints and coatings systems\",\"publisher\":{\"@id\":\"https:\/\/www.corob.com\/es\/#organization\"},\"potentialAction\":[{\"@type\":\"SearchAction\",\"target\":{\"@type\":\"EntryPoint\",\"urlTemplate\":\"https:\/\/www.corob.com\/es\/?s={search_term_string}\"},\"query-input\":{\"@type\":\"PropertyValueSpecification\",\"valueRequired\":true,\"valueName\":\"search_term_string\"}}],\"inLanguage\":\"es\"},{\"@type\":\"Organization\",\"@id\":\"https:\/\/www.corob.com\/es\/#organization\",\"name\":\"COROB\",\"url\":\"https:\/\/www.corob.com\/es\/\",\"logo\":{\"@type\":\"ImageObject\",\"inLanguage\":\"es\",\"@id\":\"https:\/\/www.corob.com\/es\/#\/schema\/logo\/image\/\",\"url\":\"https:\/\/www.corob.com\/wp-content\/uploads\/2020\/01\/COROB-240.png\",\"contentUrl\":\"https:\/\/www.corob.com\/wp-content\/uploads\/2020\/01\/COROB-240.png\",\"width\":240,\"height\":73,\"caption\":\"COROB\"},\"image\":{\"@id\":\"https:\/\/www.corob.com\/es\/#\/schema\/logo\/image\/\"},\"sameAs\":[\"https:\/\/www.linkedin.com\/company\/corob\/\",\"https:\/\/www.youtube.com\/channel\/UCxnFt4FEhuhdm87NAb27qBQ\"]}]}<\/script>\n<!-- \/ Yoast SEO plugin. -->","yoast_head_json":{"title":"Soluciones de dosificaci\u00f3n COROB para aplicaciones textiles","description":"Descubra los sistemas de dosificaci\u00f3n textil de COROB: flexibles, precisos y eficientes para impresi\u00f3n digital.","robots":{"index":"index","follow":"follow","max-snippet":"max-snippet:-1","max-image-preview":"max-image-preview:large","max-video-preview":"max-video-preview:-1"},"canonical":"https:\/\/www.corob.com\/es\/aplicaciones\/textil\/","og_locale":"es_ES","og_type":"article","og_title":"Soluciones de dosificaci\u00f3n COROB para aplicaciones textiles","og_description":"Descubra los sistemas de dosificaci\u00f3n textil de COROB: flexibles, precisos y eficientes para impresi\u00f3n digital.","og_url":"https:\/\/www.corob.com\/es\/aplicaciones\/textil\/","og_site_name":"COROB","article_modified_time":"2025-07-23T13:18:07+00:00","twitter_card":"summary_large_image","twitter_misc":{"Tiempo de lectura":"10 minutos"},"schema":{"@context":"https:\/\/schema.org","@graph":[{"@type":"WebPage","@id":"https:\/\/www.corob.com\/es\/aplicaciones\/textil\/","url":"https:\/\/www.corob.com\/es\/aplicaciones\/textil\/","name":"Soluciones de dosificaci\u00f3n COROB para aplicaciones textiles","isPartOf":{"@id":"https:\/\/www.corob.com\/es\/#website"},"datePublished":"2025-07-23T13:18:06+00:00","dateModified":"2025-07-23T13:18:07+00:00","description":"Descubra los sistemas de dosificaci\u00f3n textil de COROB: flexibles, precisos y eficientes para impresi\u00f3n digital.","breadcrumb":{"@id":"https:\/\/www.corob.com\/es\/aplicaciones\/textil\/#breadcrumb"},"inLanguage":"es","potentialAction":[{"@type":"ReadAction","target":["https:\/\/www.corob.com\/es\/aplicaciones\/textil\/"]}]},{"@type":"BreadcrumbList","@id":"https:\/\/www.corob.com\/es\/aplicaciones\/textil\/#breadcrumb","itemListElement":[{"@type":"ListItem","position":1,"name":"Home","item":"https:\/\/www.corob.com\/es\/"},{"@type":"ListItem","position":2,"name":"APLICACIONES","item":"https:\/\/www.corob.com\/es\/aplicaciones\/"},{"@type":"ListItem","position":3,"name":"TEXTIL"}]},{"@type":"WebSite","@id":"https:\/\/www.corob.com\/es\/#website","url":"https:\/\/www.corob.com\/es\/","name":"COROB","description":"High-tech dispensing and mixing solutions for paints and coatings systems","publisher":{"@id":"https:\/\/www.corob.com\/es\/#organization"},"potentialAction":[{"@type":"SearchAction","target":{"@type":"EntryPoint","urlTemplate":"https:\/\/www.corob.com\/es\/?s={search_term_string}"},"query-input":{"@type":"PropertyValueSpecification","valueRequired":true,"valueName":"search_term_string"}}],"inLanguage":"es"},{"@type":"Organization","@id":"https:\/\/www.corob.com\/es\/#organization","name":"COROB","url":"https:\/\/www.corob.com\/es\/","logo":{"@type":"ImageObject","inLanguage":"es","@id":"https:\/\/www.corob.com\/es\/#\/schema\/logo\/image\/","url":"https:\/\/www.corob.com\/wp-content\/uploads\/2020\/01\/COROB-240.png","contentUrl":"https:\/\/www.corob.com\/wp-content\/uploads\/2020\/01\/COROB-240.png","width":240,"height":73,"caption":"COROB"},"image":{"@id":"https:\/\/www.corob.com\/es\/#\/schema\/logo\/image\/"},"sameAs":["https:\/\/www.linkedin.com\/company\/corob\/","https:\/\/www.youtube.com\/channel\/UCxnFt4FEhuhdm87NAb27qBQ"]}]}},"_links":{"self":[{"href":"https:\/\/www.corob.com\/es\/wp-json\/wp\/v2\/pages\/22897","targetHints":{"allow":["GET"]}}],"collection":[{"href":"https:\/\/www.corob.com\/es\/wp-json\/wp\/v2\/pages"}],"about":[{"href":"https:\/\/www.corob.com\/es\/wp-json\/wp\/v2\/types\/page"}],"author":[{"embeddable":true,"href":"https:\/\/www.corob.com\/es\/wp-json\/wp\/v2\/users\/1"}],"replies":[{"embeddable":true,"href":"https:\/\/www.corob.com\/es\/wp-json\/wp\/v2\/comments?post=22897"}],"version-history":[{"count":2,"href":"https:\/\/www.corob.com\/es\/wp-json\/wp\/v2\/pages\/22897\/revisions"}],"predecessor-version":[{"id":22899,"href":"https:\/\/www.corob.com\/es\/wp-json\/wp\/v2\/pages\/22897\/revisions\/22899"}],"up":[{"embeddable":true,"href":"https:\/\/www.corob.com\/es\/wp-json\/wp\/v2\/pages\/22805"}],"wp:attachment":[{"href":"https:\/\/www.corob.com\/es\/wp-json\/wp\/v2\/media?parent=22897"}],"curies":[{"name":"wp","href":"https:\/\/api.w.org\/{rel}","templated":true}]}}