{"id":23739,"date":"2020-01-29T11:03:29","date_gmt":"2020-01-29T11:03:29","guid":{"rendered":"https:\/\/www.corob.com\/products\/sin%20categor\u00eda\/estacion-de-mezcla-ms-rg\/"},"modified":"2025-10-07T14:18:05","modified_gmt":"2025-10-07T14:18:05","slug":"estacion-de-mezcla-ms-rg","status":"publish","type":"product","link":"https:\/\/www.corob.com\/es\/productos\/automatizacion-in-can\/estacion-de-mezcla-ms-rg\/","title":{"rendered":"ESTACI\u00d3N DE MEZCLA MS-RG"},"content":{"rendered":"<p><div class=\"fusion-fullwidth fullwidth-box fusion-builder-row-1 fusion-flex-container has-pattern-background has-mask-background nonhundred-percent-fullwidth non-hundred-percent-height-scrolling\" style=\"--awb-border-radius-top-left:0px;--awb-border-radius-top-right:0px;--awb-border-radius-bottom-right:0px;--awb-border-radius-bottom-left:0px;--awb-flex-wrap:wrap;\" id=\"Container-Exceptional\" ><div class=\"fusion-builder-row fusion-row fusion-flex-align-items-flex-start fusion-flex-content-wrap\" style=\"max-width:1456px;margin-left: calc(-4% \/ 2 );margin-right: calc(-4% \/ 2 );\"><div class=\"fusion-layout-column fusion_builder_column fusion-builder-column-0 fusion_builder_column_1_1 1_1 fusion-flex-column\" style=\"--awb-bg-size:cover;--awb-width-large:100%;--awb-margin-top-large:0px;--awb-spacing-right-large:1.92%;--awb-margin-bottom-large:20px;--awb-spacing-left-large:1.92%;--awb-width-medium:100%;--awb-order-medium:0;--awb-spacing-right-medium:1.92%;--awb-spacing-left-medium:1.92%;--awb-width-small:100%;--awb-order-small:0;--awb-spacing-right-small:1.92%;--awb-spacing-left-small:1.92%;\"><div class=\"fusion-column-wrapper fusion-column-has-shadow fusion-flex-justify-content-flex-start fusion-content-layout-column\"><div class=\"fusion-text fusion-text-1\" style=\"--awb-content-alignment:center;--awb-font-size:28px;\"><p>La estaci\u00f3n de mezcla COROB MS-RG es la <strong>soluci\u00f3n definitiva para la productividad <\/strong>en la manipulaci\u00f3n de envases de <strong>gran volumen<\/strong>, ofreciendo un <strong>rendimiento de mezcla inigualable <\/strong>en una amplia gama de aplicaciones.<\/p>\n<\/div><\/div><\/div><\/div><\/div><div class=\"fusion-fullwidth fullwidth-box fusion-builder-row-2 has-pattern-background has-mask-background nonhundred-percent-fullwidth non-hundred-percent-height-scrolling\" style=\"--awb-border-radius-top-left:0px;--awb-border-radius-top-right:0px;--awb-border-radius-bottom-right:0px;--awb-border-radius-bottom-left:0px;--awb-flex-wrap:wrap;\" id=\"Container-Features\" ><div class=\"fusion-builder-row fusion-row\"><div class=\"fusion-layout-column fusion_builder_column fusion-builder-column-1 fusion_builder_column_1_2 1_2 fusion-one-half fusion-column-first\" style=\"--awb-bg-size:cover;width:50%;width:calc(50% - ( ( 4% ) * 0.5 ) );margin-right: 4%;\"><div class=\"fusion-column-wrapper fusion-column-has-shadow fusion-flex-column-wrapper-legacy\"><div class=\"fusion-clearfix\"><\/div><\/div><\/div><div class=\"fusion-layout-column fusion_builder_column fusion-builder-column-2 fusion_builder_column_1_2 1_2 fusion-one-half fusion-column-last\" style=\"--awb-bg-size:cover;width:50%;width:calc(50% - ( ( 4% ) * 0.5 ) );\"><div class=\"fusion-column-wrapper fusion-column-has-shadow fusion-flex-column-wrapper-legacy\"><div class=\"fusion-clearfix\"><\/div><\/div><\/div><div class=\"fusion-layout-column fusion_builder_column fusion-builder-column-3 fusion_builder_column_1_1 1_1 fusion-one-full fusion-column-first fusion-column-last\" style=\"--awb-bg-size:cover;\"><div class=\"fusion-column-wrapper fusion-column-has-shadow fusion-flex-column-wrapper-legacy\"><div class=\"fusion-text fusion-text-2\"><p>Con hasta diez mezcladores girosc\u00f3picos de alta resistencia impulsados \u200b\u200bpor motores de mezcla de accionamiento directo de 3 HP, la MS-RG <strong>ofrece una eficiencia y velocidad inigualables<\/strong>.<\/p>\n<p>Los transportadores totalmente automatizados manejan f\u00e1cilmente envases de hasta 40 kg (88 lb), adapt\u00e1ndose a <strong>diferentes tama\u00f1os y formas de los envases <\/strong>de forma simult\u00e1nea y autom\u00e1tica.<\/p>\n<p>Los operadores tambi\u00e9n pueden personalizar el tiempo y la velocidad de mezcla para cada lata individualmente, si lo desean, gracias a los controles intuitivos de la MS-RG.<\/p>\n<p>Durante el proceso de mezcla, las asas\/palos de las latas se fijan mediante un sistema magn\u00e9tico, eliminando la necesidad de cinta adhesiva o cuerdas el\u00e1sticas y <strong>garantizando la m\u00e1xima seguridad y comodidad<\/strong>.<\/p>\n<p>La soluci\u00f3n MS-RG <strong>ofrece excelentes resultados<\/strong>, aumentando el rendimiento de la mezcla a la vez que <strong>reduce dr\u00e1sticamente las necesidades de mantenimiento <\/strong>y <strong>el ruido ambiente<\/strong>. Elija la MS-RG para una eficiencia, productividad y comodidad inigualables en sus operaciones de agitaci\u00f3n.<\/p>\n<\/div><div class=\"fusion-clearfix\"><\/div><\/div><\/div><\/div><\/div><div class=\"fusion-fullwidth fullwidth-box fusion-builder-row-3 has-pattern-background has-mask-background nonhundred-percent-fullwidth non-hundred-percent-height-scrolling\" style=\"--awb-border-radius-top-left:0px;--awb-border-radius-top-right:0px;--awb-border-radius-bottom-right:0px;--awb-border-radius-bottom-left:0px;--awb-padding-bottom:20px;--awb-flex-wrap:wrap;\" id=\"Container-Technical-Data\" ><div class=\"fusion-builder-row fusion-row\"><div class=\"fusion-layout-column fusion_builder_column fusion-builder-column-4 fusion_builder_column_1_2 1_2 fusion-one-half fusion-column-first\" style=\"--awb-bg-size:cover;width:50%;width:calc(50% - ( ( 4% + 4% ) * 0.5 ) );margin-right: 4%;\"><div class=\"fusion-column-wrapper fusion-column-has-shadow fusion-flex-column-wrapper-legacy\"><div class=\"fusion-title title fusion-title-1 fusion-sep-none fusion-title-text fusion-title-size-three\"><h3 class=\"fusion-title-heading title-heading-left fusion-responsive-typography-calculated\" style=\"margin:0;--fontSize:28;--minFontSize:28;line-height:1.2;\">Datos t\u00e9cnicos<\/h3><\/div><div class=\"fusion-clearfix\"><\/div><\/div><\/div><div class=\"fusion-layout-column fusion_builder_column fusion-builder-column-5 fusion_builder_column_1_4 1_4 fusion-one-fourth\" style=\"--awb-bg-size:cover;width:25%;width:calc(25% - ( ( 4% + 4% ) * 0.25 ) );margin-right: 4%;\"><div class=\"fusion-column-wrapper fusion-column-has-shadow fusion-flex-column-wrapper-legacy\"><div class=\"fusion-clearfix\"><\/div><\/div><\/div><div class=\"fusion-layout-column fusion_builder_column fusion-builder-column-6 fusion_builder_column_1_4 1_4 fusion-one-fourth fusion-column-last\" style=\"--awb-bg-size:cover;width:25%;width:calc(25% - ( ( 4% + 4% ) * 0.25 ) );\"><div class=\"fusion-column-wrapper fusion-column-has-shadow fusion-flex-column-wrapper-legacy\"><div class=\"fusion-alignright\"><a class=\"fusion-button button-flat fusion-button-default-size button-default fusion-button-default button-1 fusion-button-default-span fusion-button-default-type\" target=\"_blank\" rel=\"noopener noreferrer\" title=\"Descarga de la hoja de datos de la ESTACI\u00d3N DE MEZCLA MS-RG\" aria-label=\"Descarga de la hoja de datos de la ESTACI\u00d3N DE MEZCLA MS-RG\" href=\"https:\/\/www.corob.com\/download\/10033\/\"><span class=\"fusion-button-text awb-button__text awb-button__text--default\">HOJA DE DATOS<\/span><\/a><\/div><div class=\"fusion-clearfix\"><\/div><\/div><\/div><div class=\"fusion-layout-column fusion_builder_column fusion-builder-column-7 fusion_builder_column_1_1 1_1 fusion-one-full fusion-column-first fusion-column-last\" style=\"--awb-bg-size:cover;--awb-margin-bottom:0px;\"><div class=\"fusion-column-wrapper fusion-flex-column-wrapper-legacy\">\n<div class=\"table-1\">\n<table width=\"100%\">\n<tbody>\n<tr>\n<td align=\"left\">Modelo de mezclador<\/td>\n<td style=\"text-align: left;\" align=\"center\">Mezclador girosc\u00f3pico industrial de alta resistencia COROB IGCM 500<\/td>\n<\/tr>\n<tr>\n<td align=\"left\">N\u00famero de mezcladores<\/td>\n<td align=\"left\">Desde 3 a 6 (simple)<br \/>\nDesde 8 a 10 (doble)<\/td>\n<\/tr>\n<tr>\n<td align=\"left\">Productividad\/tiempo de mezcla [envases por hora]<\/td>\n<td align=\"left\">2 min 116<br \/>\n3 min 100<br \/>\n4 min 74<\/td>\n<\/tr>\n<tr>\n<td align=\"left\">Tama\u00f1o de envase [mm] (in)<\/td>\n<td align=\"left\">Altura: min 100 (3.9), max 420 (16.5)<br \/>\nDiametro: min 120 (4.7) max 400 (15.7)<br \/>\nEnvases redondos, ovales (c\u00f3nicos o cil\u00edndricos), cuadrados y rectangulares<\/td>\n<p>\n<\/tr>\n<tr>\n<td align=\"left\">Longitud [mm] (in)<\/td>\n<td align=\"left\">5600 (220,5) hasta 6 mezcladores<br \/>\n5200 (204,7) desde 7 a 10 mezcladores<\/td>\n<\/tr>\n<tr>\n<td align=\"left\">Profundidad [mm] (in)<\/td>\n<td align=\"left\">5600 (220,5) hasta 6 mezcladores<br \/>\n7800 (307,1) desde 7 a 10 mezcladores<\/td>\n<\/tr>\n<tr>\n<td align=\"left\">Altura [mm] (in)<\/td>\n<td align=\"left\">1600 (63)<\/td>\n<\/tr>\n<\/tbody>\n<\/table>\n<\/div>\n<div class=\"fusion-clearfix\"><\/div><\/div><\/div><\/div><\/div><div class=\"fusion-fullwidth fullwidth-box fusion-builder-row-4 has-pattern-background has-mask-background nonhundred-percent-fullwidth non-hundred-percent-height-scrolling\" style=\"--awb-border-radius-top-left:0px;--awb-border-radius-top-right:0px;--awb-border-radius-bottom-right:0px;--awb-border-radius-bottom-left:0px;--awb-padding-top:20px;--awb-padding-bottom:20px;--awb-flex-wrap:wrap;\" id=\"Container-Download-Area\" ><div class=\"fusion-builder-row fusion-row\"><div class=\"fusion-layout-column fusion_builder_column fusion-builder-column-8 fusion_builder_column_1_2 1_2 fusion-one-half fusion-column-first\" style=\"--awb-bg-size:cover;width:48%; margin-right: 4%;\"><div class=\"fusion-column-wrapper fusion-column-has-shadow fusion-flex-column-wrapper-legacy\"><div class=\"fusion-title title fusion-title-2 fusion-sep-none fusion-title-text fusion-title-size-three\"><h3 class=\"fusion-title-heading title-heading-left fusion-responsive-typography-calculated\" style=\"margin:0;--fontSize:28;--minFontSize:28;line-height:1.2;\">\u00c1rea de descargas<\/h3><\/div><div class=\"fusion-clearfix\"><\/div><\/div><\/div><div class=\"fusion-layout-column fusion_builder_column fusion-builder-column-9 fusion_builder_column_1_1 1_1 fusion-one-full fusion-column-last\" style=\"--awb-bg-size:cover;--awb-margin-bottom:0px;\"><div class=\"fusion-column-wrapper fusion-flex-column-wrapper-legacy\"><div class=\"fusion-builder-row fusion-builder-row-inner fusion-row\"><div class=\"fusion-layout-column fusion_builder_column_inner fusion-builder-nested-column-0 fusion_builder_column_inner_1_2 1_2 fusion-one-half fusion-column-first\" style=\"--awb-padding-top:20px;--awb-padding-right:20px;--awb-padding-bottom:20px;--awb-padding-left:20px;--awb-bg-size:cover;--awb-border-color:#eaeaea;--awb-border-top:1px;--awb-border-right:1px;--awb-border-bottom:1px;--awb-border-left:1px;--awb-border-style:solid;width:50%;width:calc(50% - ( ( 40px ) * 0.5 ) );margin-right: 40px;\"><div class=\"fusion-column-wrapper fusion-column-has-shadow fusion-flex-column-wrapper-legacy\"><div class=\"fusion-title title fusion-title-3 fusion-sep-none fusion-title-text fusion-title-size-five\" style=\"--awb-margin-bottom:20px;\"><h5 class=\"fusion-title-heading title-heading-left fusion-responsive-typography-calculated\" style=\"margin:0;--fontSize:20;--minFontSize:20;line-height:1.2;\">BROCHURE<\/h5><\/div><div class=\"fusion-text fusion-text-3\"><p><i class=\"fb-icon-element-1 fb-icon-element fontawesome-icon fa-book fas circle-no fusion-text-flow\" style=\"--awb-iconcolor:#606060;--awb-iconcolor-hover:#606060;--awb-font-size:32px;--awb-margin-right:20px;\"><\/i> <a class=\"download-link\" title=\"\" href=\"https:\/\/www.corob.com\/es\/download\/8495\/\" rel=\"nofollow\">\n\tMIXING STATION MS-RG Brochure English<\/a><\/p>\n<\/div><div class=\"fusion-text fusion-text-4\"><p><i class=\"fb-icon-element-2 fb-icon-element fontawesome-icon fa-book fas circle-no fusion-text-flow\" style=\"--awb-iconcolor:#606060;--awb-iconcolor-hover:#606060;--awb-font-size:32px;--awb-margin-right:20px;\"><\/i> <a class=\"download-link\" title=\"\" href=\"https:\/\/www.corob.com\/es\/download\/23833\/\" rel=\"nofollow\">\n\tMIXING STATION MS-RG Brochure Spanish<\/a><\/p>\n<\/div><div class=\"fusion-clearfix\"><\/div><\/div><\/div><\/div><div class=\"fusion-clearfix\"><\/div><\/div><\/div><\/div><\/div><div class=\"fusion-fullwidth fullwidth-box fusion-builder-row-5 has-pattern-background has-mask-background nonhundred-percent-fullwidth non-hundred-percent-height-scrolling\" style=\"--awb-border-radius-top-left:0px;--awb-border-radius-top-right:0px;--awb-border-radius-bottom-right:0px;--awb-border-radius-bottom-left:0px;--awb-padding-top:20px;--awb-padding-bottom:20px;--awb-flex-wrap:wrap;\" id=\"Container-Videos\" ><div class=\"fusion-builder-row fusion-row\"><div class=\"fusion-layout-column fusion_builder_column fusion-builder-column-10 fusion_builder_column_1_2 1_2 fusion-one-half fusion-column-first\" style=\"--awb-bg-size:cover;width:48%; margin-right: 4%;\"><div class=\"fusion-column-wrapper fusion-column-has-shadow fusion-flex-column-wrapper-legacy\"><div class=\"fusion-title title fusion-title-4 fusion-sep-none fusion-title-text fusion-title-size-three\"><h3 class=\"fusion-title-heading title-heading-left fusion-responsive-typography-calculated\" style=\"margin:0;--fontSize:28;--minFontSize:28;line-height:1.2;\">Tr\u00e1iler<\/h3><\/div><div class=\"fusion-clearfix\"><\/div><\/div><\/div><div class=\"fusion-layout-column fusion_builder_column fusion-builder-column-11 fusion_builder_column_1_1 1_1 fusion-one-full fusion-column-last\" style=\"--awb-bg-size:cover;--awb-margin-bottom:0px;\"><div class=\"fusion-column-wrapper fusion-flex-column-wrapper-legacy\"><div class=\"fusion-video fusion-selfhosted-video\" style=\"max-width:100%;\"><div class=\"video-wrapper\"><video playsinline=\"true\" width=\"100%\" style=\"object-fit: cover;\" loop=\"true\" preload=\"auto\" controls=\"1\"><source src=\"https:\/\/www.corob.com\/wp-content\/uploads\/2025\/06\/VIDEO3D-Mixing-Station-MS-RG-2025.mp4\" type=\"video\/mp4\">Sorry, your browser doesn&#039;t support embedded videos.<\/video><\/div><\/div><div class=\"fusion-clearfix\"><\/div><\/div><\/div><\/div><\/div><\/p>\n","protected":false},"excerpt":{"rendered":"<h2>Soluciones de agitaci\u00f3n totalmente automatizadas y de alto rendimiento<\/h2>\n[fusion_checklist icon=\"fa-check fas\" iconcolor=\"#cf102d\" circle=\"no\" circlecolor=\"\" size=\"\" divider=\"no\" divider_color=\"\" hide_on_mobile=\"small-visibility,medium-visibility,large-visibility\" class=\"\" id=\"\"][fusion_li_item icon=\"\"]<strong>MAYOR PRODUCTIVIDAD<\/strong><br \/>\nMaximice la eficiencia, minimice los tiempos de espera: entregue pedidos m\u00e1s r\u00e1pido con una productividad m\u00e1s inteligente [\/fusion_li_item][fusion_li_item icon=\"\"]<strong>AHORRO DE TIEMPO Y MANO DE OBRA<\/strong><br \/>\nMejore sus resultados: ahorro de costes garantizado, m\u00e1xima producci\u00f3n, mayor rentabilidad[\/fusion_li_item][fusion_li_item icon=\"\"]<strong>ERGONOM\u00cdA Y EFICIENCIA<\/strong><br \/>\nRevolucione su lugar de trabajo: manipulaci\u00f3n de envases segura, optimizada y sin necesidad de intervenci\u00f3n manual[\/fusion_li_item]<br \/>\n[\/fusion_checklist]\n","protected":false},"featured_media":20808,"template":"","meta":{"_acf_changed":false},"product_brand":[],"product_cat":[569],"product_tag":[],"class_list":{"0":"post-23739","1":"product","2":"type-product","3":"status-publish","4":"has-post-thumbnail","6":"product_cat-automatizacion-in-can","8":"first","9":"instock","10":"shipping-taxable","11":"product-type-simple"},"acf":[],"yoast_head":"<!-- This site is optimized with the Yoast SEO plugin v25.5 - https:\/\/yoast.com\/wordpress\/plugins\/seo\/ -->\n<title>MIXING STATION MS-RG Estaci\u00f3n mezcla MS-RG pintura alto volumen<\/title>\n<meta name=\"description\" content=\"Descubra MS-RG: mezcla de pintura automatizada con hasta 10 mezcladores, motores de 3HP y manejo ergon\u00f3mico para la productividad industrial.\" \/>\n<meta name=\"robots\" content=\"index, follow, max-snippet:-1, max-image-preview:large, max-video-preview:-1\" \/>\n<link rel=\"canonical\" href=\"https:\/\/www.corob.com\/es\/productos\/automatizacion-in-can\/estacion-de-mezcla-ms-rg\/\" \/>\n<meta property=\"og:locale\" content=\"es_ES\" \/>\n<meta property=\"og:type\" content=\"article\" \/>\n<meta property=\"og:title\" content=\"MIXING STATION MS-RG Estaci\u00f3n mezcla MS-RG pintura alto volumen\" \/>\n<meta property=\"og:description\" content=\"Descubra MS-RG: mezcla de pintura automatizada con hasta 10 mezcladores, motores de 3HP y manejo ergon\u00f3mico para la productividad industrial.\" \/>\n<meta property=\"og:url\" content=\"https:\/\/www.corob.com\/es\/productos\/automatizacion-in-can\/estacion-de-mezcla-ms-rg\/\" \/>\n<meta property=\"og:site_name\" content=\"COROB\" \/>\n<meta property=\"article:modified_time\" content=\"2025-10-07T14:18:05+00:00\" \/>\n<meta property=\"og:image\" content=\"https:\/\/www.corob.com\/wp-content\/uploads\/2020\/01\/Mixing-Station-MS-RG.png\" \/>\n\t<meta property=\"og:image:width\" content=\"1200\" \/>\n\t<meta property=\"og:image:height\" content=\"1200\" \/>\n\t<meta property=\"og:image:type\" content=\"image\/png\" \/>\n<meta name=\"twitter:card\" content=\"summary_large_image\" \/>\n<meta name=\"twitter:label1\" content=\"Tiempo de lectura\" \/>\n\t<meta name=\"twitter:data1\" content=\"34 minutos\" \/>\n<script type=\"application\/ld+json\" class=\"yoast-schema-graph\">{\"@context\":\"https:\/\/schema.org\",\"@graph\":[{\"@type\":\"WebPage\",\"@id\":\"https:\/\/www.corob.com\/es\/productos\/automatizacion-in-can\/estacion-de-mezcla-ms-rg\/\",\"url\":\"https:\/\/www.corob.com\/es\/productos\/automatizacion-in-can\/estacion-de-mezcla-ms-rg\/\",\"name\":\"MIXING STATION MS-RG Estaci\u00f3n mezcla MS-RG pintura alto volumen\",\"isPartOf\":{\"@id\":\"https:\/\/www.corob.com\/es\/#website\"},\"primaryImageOfPage\":{\"@id\":\"https:\/\/www.corob.com\/es\/productos\/automatizacion-in-can\/estacion-de-mezcla-ms-rg\/#primaryimage\"},\"image\":{\"@id\":\"https:\/\/www.corob.com\/es\/productos\/automatizacion-in-can\/estacion-de-mezcla-ms-rg\/#primaryimage\"},\"thumbnailUrl\":\"https:\/\/www.corob.com\/wp-content\/uploads\/2020\/01\/Mixing-Station-MS-RG.png\",\"datePublished\":\"2020-01-29T11:03:29+00:00\",\"dateModified\":\"2025-10-07T14:18:05+00:00\",\"description\":\"Descubra MS-RG: mezcla de pintura automatizada con hasta 10 mezcladores, motores de 3HP y manejo ergon\u00f3mico para la productividad industrial.\",\"breadcrumb\":{\"@id\":\"https:\/\/www.corob.com\/es\/productos\/automatizacion-in-can\/estacion-de-mezcla-ms-rg\/#breadcrumb\"},\"inLanguage\":\"es\",\"potentialAction\":[{\"@type\":\"ReadAction\",\"target\":[\"https:\/\/www.corob.com\/es\/productos\/automatizacion-in-can\/estacion-de-mezcla-ms-rg\/\"]}]},{\"@type\":\"ImageObject\",\"inLanguage\":\"es\",\"@id\":\"https:\/\/www.corob.com\/es\/productos\/automatizacion-in-can\/estacion-de-mezcla-ms-rg\/#primaryimage\",\"url\":\"https:\/\/www.corob.com\/wp-content\/uploads\/2020\/01\/Mixing-Station-MS-RG.png\",\"contentUrl\":\"https:\/\/www.corob.com\/wp-content\/uploads\/2020\/01\/Mixing-Station-MS-RG.png\",\"width\":1200,\"height\":1200,\"caption\":\"MIXING STATION MS-RG fully automated mixing solution\"},{\"@type\":\"BreadcrumbList\",\"@id\":\"https:\/\/www.corob.com\/es\/productos\/automatizacion-in-can\/estacion-de-mezcla-ms-rg\/#breadcrumb\",\"itemListElement\":[{\"@type\":\"ListItem\",\"position\":1,\"name\":\"Home\",\"item\":\"https:\/\/www.corob.com\/es\/\"},{\"@type\":\"ListItem\",\"position\":2,\"name\":\"PRODUCTOS\",\"item\":\"https:\/\/www.corob.com\/es\/productos\/\"},{\"@type\":\"ListItem\",\"position\":3,\"name\":\"ESTACI\u00d3N DE MEZCLA MS-RG\"}]},{\"@type\":\"WebSite\",\"@id\":\"https:\/\/www.corob.com\/es\/#website\",\"url\":\"https:\/\/www.corob.com\/es\/\",\"name\":\"COROB\",\"description\":\"High-tech dispensing and mixing solutions for paints and coatings systems\",\"publisher\":{\"@id\":\"https:\/\/www.corob.com\/es\/#organization\"},\"potentialAction\":[{\"@type\":\"SearchAction\",\"target\":{\"@type\":\"EntryPoint\",\"urlTemplate\":\"https:\/\/www.corob.com\/es\/?s={search_term_string}\"},\"query-input\":{\"@type\":\"PropertyValueSpecification\",\"valueRequired\":true,\"valueName\":\"search_term_string\"}}],\"inLanguage\":\"es\"},{\"@type\":\"Organization\",\"@id\":\"https:\/\/www.corob.com\/es\/#organization\",\"name\":\"COROB\",\"url\":\"https:\/\/www.corob.com\/es\/\",\"logo\":{\"@type\":\"ImageObject\",\"inLanguage\":\"es\",\"@id\":\"https:\/\/www.corob.com\/es\/#\/schema\/logo\/image\/\",\"url\":\"https:\/\/www.corob.com\/wp-content\/uploads\/2020\/01\/COROB-240.png\",\"contentUrl\":\"https:\/\/www.corob.com\/wp-content\/uploads\/2020\/01\/COROB-240.png\",\"width\":240,\"height\":73,\"caption\":\"COROB\"},\"image\":{\"@id\":\"https:\/\/www.corob.com\/es\/#\/schema\/logo\/image\/\"},\"sameAs\":[\"https:\/\/www.linkedin.com\/company\/corob\/\",\"https:\/\/www.youtube.com\/channel\/UCxnFt4FEhuhdm87NAb27qBQ\"]}]}<\/script>\n<!-- \/ Yoast SEO plugin. -->","yoast_head_json":{"title":"MIXING STATION MS-RG Estaci\u00f3n mezcla MS-RG pintura alto volumen","description":"Descubra MS-RG: mezcla de pintura automatizada con hasta 10 mezcladores, motores de 3HP y manejo ergon\u00f3mico para la productividad industrial.","robots":{"index":"index","follow":"follow","max-snippet":"max-snippet:-1","max-image-preview":"max-image-preview:large","max-video-preview":"max-video-preview:-1"},"canonical":"https:\/\/www.corob.com\/es\/productos\/automatizacion-in-can\/estacion-de-mezcla-ms-rg\/","og_locale":"es_ES","og_type":"article","og_title":"MIXING STATION MS-RG Estaci\u00f3n mezcla MS-RG pintura alto volumen","og_description":"Descubra MS-RG: mezcla de pintura automatizada con hasta 10 mezcladores, motores de 3HP y manejo ergon\u00f3mico para la productividad industrial.","og_url":"https:\/\/www.corob.com\/es\/productos\/automatizacion-in-can\/estacion-de-mezcla-ms-rg\/","og_site_name":"COROB","article_modified_time":"2025-10-07T14:18:05+00:00","og_image":[{"width":1200,"height":1200,"url":"https:\/\/www.corob.com\/wp-content\/uploads\/2020\/01\/Mixing-Station-MS-RG.png","type":"image\/png"}],"twitter_card":"summary_large_image","twitter_misc":{"Tiempo de lectura":"34 minutos"},"schema":{"@context":"https:\/\/schema.org","@graph":[{"@type":"WebPage","@id":"https:\/\/www.corob.com\/es\/productos\/automatizacion-in-can\/estacion-de-mezcla-ms-rg\/","url":"https:\/\/www.corob.com\/es\/productos\/automatizacion-in-can\/estacion-de-mezcla-ms-rg\/","name":"MIXING STATION MS-RG Estaci\u00f3n mezcla MS-RG pintura alto volumen","isPartOf":{"@id":"https:\/\/www.corob.com\/es\/#website"},"primaryImageOfPage":{"@id":"https:\/\/www.corob.com\/es\/productos\/automatizacion-in-can\/estacion-de-mezcla-ms-rg\/#primaryimage"},"image":{"@id":"https:\/\/www.corob.com\/es\/productos\/automatizacion-in-can\/estacion-de-mezcla-ms-rg\/#primaryimage"},"thumbnailUrl":"https:\/\/www.corob.com\/wp-content\/uploads\/2020\/01\/Mixing-Station-MS-RG.png","datePublished":"2020-01-29T11:03:29+00:00","dateModified":"2025-10-07T14:18:05+00:00","description":"Descubra MS-RG: mezcla de pintura automatizada con hasta 10 mezcladores, motores de 3HP y manejo ergon\u00f3mico para la productividad industrial.","breadcrumb":{"@id":"https:\/\/www.corob.com\/es\/productos\/automatizacion-in-can\/estacion-de-mezcla-ms-rg\/#breadcrumb"},"inLanguage":"es","potentialAction":[{"@type":"ReadAction","target":["https:\/\/www.corob.com\/es\/productos\/automatizacion-in-can\/estacion-de-mezcla-ms-rg\/"]}]},{"@type":"ImageObject","inLanguage":"es","@id":"https:\/\/www.corob.com\/es\/productos\/automatizacion-in-can\/estacion-de-mezcla-ms-rg\/#primaryimage","url":"https:\/\/www.corob.com\/wp-content\/uploads\/2020\/01\/Mixing-Station-MS-RG.png","contentUrl":"https:\/\/www.corob.com\/wp-content\/uploads\/2020\/01\/Mixing-Station-MS-RG.png","width":1200,"height":1200,"caption":"MIXING STATION MS-RG fully automated mixing solution"},{"@type":"BreadcrumbList","@id":"https:\/\/www.corob.com\/es\/productos\/automatizacion-in-can\/estacion-de-mezcla-ms-rg\/#breadcrumb","itemListElement":[{"@type":"ListItem","position":1,"name":"Home","item":"https:\/\/www.corob.com\/es\/"},{"@type":"ListItem","position":2,"name":"PRODUCTOS","item":"https:\/\/www.corob.com\/es\/productos\/"},{"@type":"ListItem","position":3,"name":"ESTACI\u00d3N DE MEZCLA MS-RG"}]},{"@type":"WebSite","@id":"https:\/\/www.corob.com\/es\/#website","url":"https:\/\/www.corob.com\/es\/","name":"COROB","description":"High-tech dispensing and mixing solutions for paints and coatings systems","publisher":{"@id":"https:\/\/www.corob.com\/es\/#organization"},"potentialAction":[{"@type":"SearchAction","target":{"@type":"EntryPoint","urlTemplate":"https:\/\/www.corob.com\/es\/?s={search_term_string}"},"query-input":{"@type":"PropertyValueSpecification","valueRequired":true,"valueName":"search_term_string"}}],"inLanguage":"es"},{"@type":"Organization","@id":"https:\/\/www.corob.com\/es\/#organization","name":"COROB","url":"https:\/\/www.corob.com\/es\/","logo":{"@type":"ImageObject","inLanguage":"es","@id":"https:\/\/www.corob.com\/es\/#\/schema\/logo\/image\/","url":"https:\/\/www.corob.com\/wp-content\/uploads\/2020\/01\/COROB-240.png","contentUrl":"https:\/\/www.corob.com\/wp-content\/uploads\/2020\/01\/COROB-240.png","width":240,"height":73,"caption":"COROB"},"image":{"@id":"https:\/\/www.corob.com\/es\/#\/schema\/logo\/image\/"},"sameAs":["https:\/\/www.linkedin.com\/company\/corob\/","https:\/\/www.youtube.com\/channel\/UCxnFt4FEhuhdm87NAb27qBQ"]}]}},"_links":{"self":[{"href":"https:\/\/www.corob.com\/es\/wp-json\/wp\/v2\/product\/23739","targetHints":{"allow":["GET"]}}],"collection":[{"href":"https:\/\/www.corob.com\/es\/wp-json\/wp\/v2\/product"}],"about":[{"href":"https:\/\/www.corob.com\/es\/wp-json\/wp\/v2\/types\/product"}],"wp:featuredmedia":[{"embeddable":true,"href":"https:\/\/www.corob.com\/es\/wp-json\/wp\/v2\/media\/20808"}],"wp:attachment":[{"href":"https:\/\/www.corob.com\/es\/wp-json\/wp\/v2\/media?parent=23739"}],"wp:term":[{"taxonomy":"product_brand","embeddable":true,"href":"https:\/\/www.corob.com\/es\/wp-json\/wp\/v2\/product_brand?post=23739"},{"taxonomy":"product_cat","embeddable":true,"href":"https:\/\/www.corob.com\/es\/wp-json\/wp\/v2\/product_cat?post=23739"},{"taxonomy":"product_tag","embeddable":true,"href":"https:\/\/www.corob.com\/es\/wp-json\/wp\/v2\/product_tag?post=23739"}],"curies":[{"name":"wp","href":"https:\/\/api.w.org\/{rel}","templated":true}]}}