{"id":23759,"date":"2025-08-28T13:19:35","date_gmt":"2025-08-28T13:19:35","guid":{"rendered":"https:\/\/www.corob.com\/products\/sin%20categor\u00eda\/n10\/"},"modified":"2025-08-28T13:19:36","modified_gmt":"2025-08-28T13:19:36","slug":"n10","status":"publish","type":"product","link":"https:\/\/www.corob.com\/es\/productos\/sistemas-novaflow\/n10\/","title":{"rendered":"N10"},"content":{"rendered":"<p><div class=\"fusion-fullwidth fullwidth-box fusion-builder-row-1 fusion-flex-container has-pattern-background has-mask-background nonhundred-percent-fullwidth non-hundred-percent-height-scrolling\" style=\"--awb-border-radius-top-left:0px;--awb-border-radius-top-right:0px;--awb-border-radius-bottom-right:0px;--awb-border-radius-bottom-left:0px;--awb-flex-wrap:wrap;\" id=\"Container-Exceptional\" ><div class=\"fusion-builder-row fusion-row fusion-flex-align-items-flex-start fusion-flex-content-wrap\" style=\"max-width:1456px;margin-left: calc(-4% \/ 2 );margin-right: calc(-4% \/ 2 );\"><div class=\"fusion-layout-column fusion_builder_column fusion-builder-column-0 fusion_builder_column_1_1 1_1 fusion-flex-column\" style=\"--awb-bg-size:cover;--awb-width-large:100%;--awb-margin-top-large:0px;--awb-spacing-right-large:1.92%;--awb-margin-bottom-large:20px;--awb-spacing-left-large:1.92%;--awb-width-medium:100%;--awb-order-medium:0;--awb-spacing-right-medium:1.92%;--awb-spacing-left-medium:1.92%;--awb-width-small:100%;--awb-order-small:0;--awb-spacing-right-small:1.92%;--awb-spacing-left-small:1.92%;\"><div class=\"fusion-column-wrapper fusion-column-has-shadow fusion-flex-justify-content-flex-start fusion-content-layout-column\"><div class=\"fusion-text fusion-text-1\" style=\"--awb-content-alignment:center;--awb-font-size:28px;\"><p>La familia de productos N10 ofrece <strong>sistemas de formulaci\u00f3n manual<\/strong> <strong>con todas las funciones<\/strong> (SMARTSCALE) dise\u00f1ados para satisfacer las necesidades de producci\u00f3n de una amplia variedad de aplicaciones de composici\u00f3n y mezcla manual.<\/p>\n<\/div><\/div><\/div><\/div><\/div><div class=\"fusion-fullwidth fullwidth-box fusion-builder-row-2 has-pattern-background has-mask-background nonhundred-percent-fullwidth non-hundred-percent-height-scrolling\" style=\"--awb-border-radius-top-left:0px;--awb-border-radius-top-right:0px;--awb-border-radius-bottom-right:0px;--awb-border-radius-bottom-left:0px;--awb-flex-wrap:wrap;\" id=\"Container-Features\" ><div class=\"fusion-builder-row fusion-row\"><div class=\"fusion-layout-column fusion_builder_column fusion-builder-column-1 fusion_builder_column_1_1 1_1 fusion-one-full fusion-column-first fusion-column-last\" style=\"--awb-bg-size:cover;\"><div class=\"fusion-column-wrapper fusion-column-has-shadow fusion-flex-column-wrapper-legacy\"><div class=\"fusion-text fusion-text-2\"><p>Estos sistemas proporcionan una soluci\u00f3n <strong>fiable<\/strong> y <strong>rentable<\/strong> para la gesti\u00f3n de f\u00f3rmulas e inventario, as\u00ed como para la <strong>mezcla y composici\u00f3n manual por lotes<\/strong>.<\/p>\n<p>Cada sistema <strong>N10S<\/strong> es una unidad completa e independiente que incluye un ordenador de grado industrial, el Software NOVABLEND y una b\u00e1scula electr\u00f3nica. El operador simplemente selecciona la f\u00f3rmula deseada y el sistema le gu\u00eda a trav\u00e9s del proceso con indicaciones en pantalla, indicando la cantidad precisa de cada componente a dispensar. La asistencia ac\u00fastica y gr\u00e1fica garantiza la precisi\u00f3n durante todo el proceso de pesaje.  <\/p>\n<p>La b\u00e1scula integrada controlada por ordenador puede interactuar con una amplia gama de plataformas de b\u00e1scula, lo que permite la personalizaci\u00f3n en funci\u00f3n del entorno, el tama\u00f1o del lote y la precisi\u00f3n requerida. Se dispone de una variedad de capacidades de b\u00e1scula, resoluciones y protecciones ambientales, incluidas las opciones con certificaci\u00f3n de lavado. Los accesorios opcionales incluyen esc\u00e1neres de c\u00f3digos de barras e impresoras de etiquetas.  <\/p>\n<p>El <strong>N10S<\/strong> est\u00e1 disponible en versiones <strong>de escritorio<\/strong> e <strong>industrial<\/strong>, ambas destinadas a su uso en entornos no peligrosos. Para operaciones en \u00e1reas peligrosas clasificadas, la variante <strong>N10SX<\/strong> es la soluci\u00f3n ideal. Est\u00e1 certificado y conectado a tierra el\u00e9ctricamente para FM Clase 1\/Divisi\u00f3n 1, IECx y entornos ATEX Zona 1\/21, e incluye hardware especializado para un funcionamiento seguro en tales condiciones.  <\/p>\n<p>Ya sea en entornos est\u00e1ndar o peligrosos, los sistemas N10S y N10SX ofrecen una <strong>soluci\u00f3n escalable y f\u00e1cil de usar<\/strong> que crece con sus necesidades de producci\u00f3n.<\/p>\n<\/div><div class=\"fusion-clearfix\"><\/div><\/div><\/div><div class=\"fusion-layout-column fusion_builder_column fusion-builder-column-2 fusion_builder_column_1_2 1_2 fusion-one-half fusion-column-first\" style=\"--awb-bg-size:cover;width:50%;width:calc(50% - ( ( 4% ) * 0.5 ) );margin-right: 4%;\"><div class=\"fusion-column-wrapper fusion-column-has-shadow fusion-flex-column-wrapper-legacy\"><div class=\"fusion-text fusion-text-3\"><ul>\n<li>Software de gesti\u00f3n de materiales NOVABLEND nivel 1 Enterprise<\/li>\n<li>Asistencia ac\u00fastica y gr\u00e1fica para el pesaje<\/li>\n<li>Reformulaci\u00f3n automatizada para adiciones accidentales<\/li>\n<li>Bases de datos de materiales, f\u00f3rmulas y \u00f3rdenes de trabajo<\/li>\n<\/ul>\n<\/div><div class=\"fusion-clearfix\"><\/div><\/div><\/div><div class=\"fusion-layout-column fusion_builder_column fusion-builder-column-3 fusion_builder_column_1_2 1_2 fusion-one-half fusion-column-last\" style=\"--awb-bg-size:cover;width:50%;width:calc(50% - ( ( 4% ) * 0.5 ) );\"><div class=\"fusion-column-wrapper fusion-column-has-shadow fusion-flex-column-wrapper-legacy\"><div class=\"fusion-text fusion-text-4\"><ul>\n<li>Informes ambientales \/ de COV (N10SX)<\/li>\n<li>Red multiusuario y acceso remoto<\/li>\n<li>Esc\u00e1neres de c\u00f3digos de barras e impresoras de etiquetas opcionales<\/li>\n<li>Escalable a la dispensaci\u00f3n totalmente automatizada con circuitos de bomba<\/li>\n<\/ul>\n<\/div><div class=\"fusion-clearfix\"><\/div><\/div><\/div><\/div><\/div><div class=\"fusion-fullwidth fullwidth-box fusion-builder-row-3 has-pattern-background has-mask-background nonhundred-percent-fullwidth non-hundred-percent-height-scrolling\" style=\"--awb-border-radius-top-left:0px;--awb-border-radius-top-right:0px;--awb-border-radius-bottom-right:0px;--awb-border-radius-bottom-left:0px;--awb-padding-bottom:20px;--awb-flex-wrap:wrap;\" id=\"Container-Technical-Data\" ><div class=\"fusion-builder-row fusion-row\"><div class=\"fusion-layout-column fusion_builder_column fusion-builder-column-4 fusion_builder_column_1_2 1_2 fusion-one-half fusion-column-first\" style=\"--awb-bg-size:cover;width:48%; margin-right: 4%;\"><div class=\"fusion-column-wrapper fusion-column-has-shadow fusion-flex-column-wrapper-legacy\"><div class=\"fusion-title title fusion-title-1 fusion-sep-none fusion-title-text fusion-title-size-three\"><h3 class=\"fusion-title-heading title-heading-left fusion-responsive-typography-calculated\" style=\"margin:0;--fontSize:28;--minFontSize:28;line-height:1.2;\">Technical data<\/h3><\/div><div class=\"fusion-clearfix\"><\/div><\/div><\/div><div class=\"fusion-layout-column fusion_builder_column fusion-builder-column-5 fusion_builder_column_1_1 1_1 fusion-one-full fusion-column-last\" style=\"--awb-bg-size:cover;--awb-margin-bottom:0px;\"><div class=\"fusion-column-wrapper fusion-flex-column-wrapper-legacy\">\n<div class=\"table-1\">\n<table width=\"100%\">\n<tbody>\n<tr>\n<td align=\"left\" width=\"22%\"><\/td>\n<td align=\"center\" width=\"26%\"><strong>N10S (Desktop)<\/strong><\/td>\n<td align=\"center\" width=\"26%\"><strong>N10S (Industrial)<\/strong><\/td>\n<td align=\"center\" width=\"26%\"><strong>N10SX<\/strong><\/td>\n<\/tr>\n<tr>\n<td align=\"left\">Entorno de trabajo<\/td>\n<td align=\"left\">No peligroso<\/td>\n<td align=\"left\">No peligroso<\/td>\n<td align=\"left\">Peligroso<\/td>\n<\/tr>\n<tr>\n<td align=\"left\">Tipo de dosificaci\u00f3n<\/td>\n<td align=\"left\">Secuencial<\/td>\n<td align=\"left\">Secuencial<\/td>\n<td align=\"left\">Secuencial<\/td>\n<\/tr>\n<tr>\n<td align=\"left\">Capacidad de la b\u00e1scula [lbs] (kg)<\/td>\n<td align=\"left\">12 \u2013 6000 [6 &#8211; 3000]<\/td>\n<td align=\"left\">12 \u2013 6000 [6 &#8211; 3000]<\/td>\n<td align=\"left\">12 \u2013 6000 [6 &#8211; 3000]<\/td>\n<\/tr>\n<tr>\n<td align=\"left\">Resoluci\u00f3n de la b\u00e1scula<\/td>\n<td align=\"left\">\u00b10.0002 &#8211; 0.01 lbs [\u00b10.1 &#8211; 5g]<\/td>\n<td align=\"left\">\u00b10.0002 &#8211; 0.01 lbs [\u00b10.1 &#8211; 5g]<\/td>\n<td align=\"left\">\u00b10.0002 &#8211; 0.01 lbs [\u00b10.1 &#8211; 5g]<\/td>\n<\/tr>\n<tr>\n<td align=\"left\">Dimensiones Al x An x Pr [in] (mm)<\/td>\n<td align=\"left\">34 x 20 x 18 (864 x 508 x 457)<\/td>\n<td align=\"left\">48 x 20 x 75 (1219 x 508 x 1905)<\/td>\n<td align=\"left\">48 x 20 x 75 (1219 x 508 x 1905)<\/td>\n<\/tr>\n<tr>\n<td align=\"left\">Superficie ocupada [m2] (sq ft)<\/td>\n<td align=\"left\">4.7 (0.4)<\/td>\n<td align=\"left\">6.7 (0.6)<\/td>\n<td align=\"left\">6.7 (0.6)<\/td>\n<\/tr>\n<tr>\n<td align=\"left\">Peso [lbs] (kg)*<\/td>\n<td align=\"left\">25 (11)<\/td>\n<td align=\"left\">270 (122)<\/td>\n<td align=\"left\">270 (122)<\/td>\n<\/tr>\n<tr>\n<td align=\"left\">Fuente de alimentaci\u00f3n<\/td>\n<td align=\"left\">110 \/ 220 Vac, 50-60 Hz, fusible de 10 A, monof\u00e1sico<\/td>\n<td align=\"left\">110 \/ 220 Vac, 50-60 Hz, fusible de 10 A, monof\u00e1sico<\/td>\n<td align=\"left\">110 \/ 220 Vac, 50-60 Hz, fusible de 10 A, monof\u00e1sico<\/td>\n<\/tr>\n<tr>\n<td align=\"left\">Suministro de aire comprimido<\/td>\n<td align=\"left\">No se requiere<\/td>\n<td align=\"left\">No se requiere<\/td>\n<td align=\"left\">5 scfm@90psi<\/td>\n<\/tr>\n<tr>\n<td align=\"left\">Conectividad (para servicio remoto)<\/td>\n<td align=\"left\">Ethernet<\/td>\n<td align=\"left\">Ethernet<\/td>\n<td align=\"left\">Ethernet<\/td>\n<\/tr>\n<tr>\n<td align=\"left\">Certificaciones<\/td>\n<td align=\"left\">CE, ESA, CSA, UL<\/td>\n<td align=\"left\">CE, ESA, CSA, UL<\/td>\n<td align=\"left\">CE, ESA, CSA, UL, FM Clase 1\/Divisi\u00f3n 1, IECx y ATEX Zona 1\/2<\/td>\n<\/tr>\n<\/tbody>\n<\/table>\n<\/div>\n<div class=\"fusion-text fusion-text-5\"><p><em>* Los valores dependen de la selecci\u00f3n de la b\u00e1scula, se indican las especificaciones de los sistemas N10.<br \/>\n<\/em>Nota: los datos se refieren a la configuraci\u00f3n base de la m\u00e1quina, los valores pueden variar seg\u00fan las diferentes especificaciones.<\/p>\n<\/div><div class=\"fusion-clearfix\"><\/div><\/div><\/div><\/div><\/div><div class=\"fusion-fullwidth fullwidth-box fusion-builder-row-4 has-pattern-background has-mask-background nonhundred-percent-fullwidth non-hundred-percent-height-scrolling\" style=\"--awb-border-radius-top-left:0px;--awb-border-radius-top-right:0px;--awb-border-radius-bottom-right:0px;--awb-border-radius-bottom-left:0px;--awb-padding-top:20px;--awb-padding-bottom:20px;--awb-flex-wrap:wrap;\" id=\"Container-Download-Area\" ><div class=\"fusion-builder-row fusion-row\"><div class=\"fusion-layout-column fusion_builder_column fusion-builder-column-6 fusion_builder_column_1_2 1_2 fusion-one-half fusion-column-first\" style=\"--awb-bg-size:cover;width:48%; margin-right: 4%;\"><div class=\"fusion-column-wrapper fusion-column-has-shadow fusion-flex-column-wrapper-legacy\"><div class=\"fusion-title title fusion-title-2 fusion-sep-none fusion-title-text fusion-title-size-three\"><h3 class=\"fusion-title-heading title-heading-left fusion-responsive-typography-calculated\" style=\"margin:0;--fontSize:28;--minFontSize:28;line-height:1.2;\">Download area<\/h3><\/div><div class=\"fusion-clearfix\"><\/div><\/div><\/div><div class=\"fusion-layout-column fusion_builder_column fusion-builder-column-7 fusion_builder_column_1_1 1_1 fusion-one-full fusion-column-last\" style=\"--awb-bg-size:cover;--awb-margin-bottom:0px;\"><div class=\"fusion-column-wrapper fusion-flex-column-wrapper-legacy\"><div class=\"fusion-builder-row fusion-builder-row-inner fusion-row\"><div class=\"fusion-layout-column fusion_builder_column_inner fusion-builder-nested-column-0 fusion_builder_column_inner_1_2 1_2 fusion-one-half fusion-column-first\" style=\"--awb-padding-top:20px;--awb-padding-right:20px;--awb-padding-bottom:20px;--awb-padding-left:20px;--awb-bg-size:cover;--awb-border-color:#eaeaea;--awb-border-top:1px;--awb-border-right:1px;--awb-border-bottom:1px;--awb-border-left:1px;--awb-border-style:solid;width:50%;width:calc(50% - ( ( 40px ) * 0.5 ) );margin-right: 40px;\"><div class=\"fusion-column-wrapper fusion-column-has-shadow fusion-flex-column-wrapper-legacy\"><div class=\"fusion-title title fusion-title-3 fusion-sep-none fusion-title-text fusion-title-size-five\" style=\"--awb-margin-bottom:20px;\"><h5 class=\"fusion-title-heading title-heading-left fusion-responsive-typography-calculated\" style=\"margin:0;--fontSize:20;--minFontSize:20;line-height:1.2;\">BROCHURE<\/h5><\/div><div class=\"fusion-text fusion-text-6\"><p><i class=\"fb-icon-element-1 fb-icon-element fontawesome-icon fa-book fas circle-no fusion-text-flow\" style=\"--awb-iconcolor:#606060;--awb-iconcolor-hover:#606060;--awb-font-size:32px;--awb-margin-right:20px;\"><\/i> <a class=\"download-link\" title=\"\" href=\"https:\/\/www.corob.com\/es\/download\/10027\/\" rel=\"nofollow\">\n\tN10 Brochure English<\/a><\/p>\n<\/div><div class=\"fusion-clearfix\"><\/div><\/div><\/div><\/div><div class=\"fusion-clearfix\"><\/div><\/div><\/div><\/div><\/div><\/p>\n","protected":false},"excerpt":{"rendered":"<h2>Gesti\u00f3n de f\u00f3rmulas para la mezcla y composici\u00f3n manual por lotes<\/h2>\n[fusion_checklist icon=\"fa-check fas\" iconcolor=\"#cf102d\" circle=\"no\" circlecolor=\"\" size=\"\" divider=\"no\" divider_color=\"\" hide_on_mobile=\"small-visibility,medium-visibility,large-visibility\" class=\"\" id=\"\"][fusion_li_item icon=\"\"]<strong>PRODUCCI\u00d3N JUSTO A TIEMPO<\/strong><br \/>\nFabrique solo la cantidad que necesita, cuando la necesita, reduciendo el desperdicio y las existencias de producto terminado[\/fusion_li_item][fusion_li_item icon=\"\"]<strong>F\u00c1CIL DE USAR<\/strong><br \/>\nEl Software intuitivo proporciona capacidades completas de formulaci\u00f3n, inventario e informes[\/fusion_li_item][fusion_li_item icon=\"\"]<strong>FIABLE<\/strong><br \/>\nLa tecnolog\u00eda probada en la industria da como resultado un tiempo de inactividad m\u00ednimo al tiempo que proporciona una producci\u00f3n por lotes precisa y repetible[\/fusion_li_item][fusion_li_item icon=\"\"]<strong>COSTE REDUCIDO<\/strong><br \/>\nMenos desperdicio, inventario de materiales reducido[\/fusion_li_item]<br \/>\n[\/fusion_checklist]\n","protected":false},"featured_media":20530,"template":"","meta":{"_acf_changed":false},"product_brand":[],"product_cat":[572],"product_tag":[],"class_list":{"0":"post-23759","1":"product","2":"type-product","3":"status-publish","4":"has-post-thumbnail","6":"product_cat-sistemas-novaflow","8":"first","9":"instock","10":"shipping-taxable","11":"product-type-simple"},"acf":[],"yoast_head":"<!-- This site is optimized with the Yoast SEO plugin v25.5 - https:\/\/yoast.com\/wordpress\/plugins\/seo\/ -->\n<title>Mezcla manual por lotes con el sistema N10<\/title>\n<meta name=\"description\" content=\"N10: Soluci\u00f3n certificada para mezcla manual con NOVABLEND y control total.\" \/>\n<meta name=\"robots\" content=\"index, follow, max-snippet:-1, max-image-preview:large, max-video-preview:-1\" \/>\n<link rel=\"canonical\" href=\"https:\/\/www.corob.com\/es\/productos\/sistemas-novaflow\/n10\/\" \/>\n<meta property=\"og:locale\" content=\"es_ES\" \/>\n<meta property=\"og:type\" content=\"article\" \/>\n<meta property=\"og:title\" content=\"Mezcla manual por lotes con el sistema N10\" \/>\n<meta property=\"og:description\" content=\"N10: Soluci\u00f3n certificada para mezcla manual con NOVABLEND y control total.\" \/>\n<meta property=\"og:url\" content=\"https:\/\/www.corob.com\/es\/productos\/sistemas-novaflow\/n10\/\" \/>\n<meta property=\"og:site_name\" content=\"COROB\" \/>\n<meta property=\"article:modified_time\" content=\"2025-08-28T13:19:36+00:00\" \/>\n<meta property=\"og:image\" content=\"https:\/\/www.corob.com\/wp-content\/uploads\/2020\/01\/N10S-2.png\" \/>\n\t<meta property=\"og:image:width\" content=\"1200\" \/>\n\t<meta property=\"og:image:height\" content=\"1200\" \/>\n\t<meta property=\"og:image:type\" content=\"image\/png\" \/>\n<meta name=\"twitter:card\" content=\"summary_large_image\" \/>\n<meta name=\"twitter:label1\" content=\"Tiempo de lectura\" \/>\n\t<meta name=\"twitter:data1\" content=\"25 minutos\" \/>\n<script type=\"application\/ld+json\" class=\"yoast-schema-graph\">{\"@context\":\"https:\/\/schema.org\",\"@graph\":[{\"@type\":\"WebPage\",\"@id\":\"https:\/\/www.corob.com\/es\/productos\/sistemas-novaflow\/n10\/\",\"url\":\"https:\/\/www.corob.com\/es\/productos\/sistemas-novaflow\/n10\/\",\"name\":\"Mezcla manual por lotes con el sistema N10\",\"isPartOf\":{\"@id\":\"https:\/\/www.corob.com\/es\/#website\"},\"primaryImageOfPage\":{\"@id\":\"https:\/\/www.corob.com\/es\/productos\/sistemas-novaflow\/n10\/#primaryimage\"},\"image\":{\"@id\":\"https:\/\/www.corob.com\/es\/productos\/sistemas-novaflow\/n10\/#primaryimage\"},\"thumbnailUrl\":\"https:\/\/www.corob.com\/wp-content\/uploads\/2020\/01\/N10S-2.png\",\"datePublished\":\"2025-08-28T13:19:35+00:00\",\"dateModified\":\"2025-08-28T13:19:36+00:00\",\"description\":\"N10: Soluci\u00f3n certificada para mezcla manual con NOVABLEND y control total.\",\"breadcrumb\":{\"@id\":\"https:\/\/www.corob.com\/es\/productos\/sistemas-novaflow\/n10\/#breadcrumb\"},\"inLanguage\":\"es\",\"potentialAction\":[{\"@type\":\"ReadAction\",\"target\":[\"https:\/\/www.corob.com\/es\/productos\/sistemas-novaflow\/n10\/\"]}]},{\"@type\":\"ImageObject\",\"inLanguage\":\"es\",\"@id\":\"https:\/\/www.corob.com\/es\/productos\/sistemas-novaflow\/n10\/#primaryimage\",\"url\":\"https:\/\/www.corob.com\/wp-content\/uploads\/2020\/01\/N10S-2.png\",\"contentUrl\":\"https:\/\/www.corob.com\/wp-content\/uploads\/2020\/01\/N10S-2.png\",\"width\":1200,\"height\":1200,\"caption\":\"NOVAFLOW N10S full-featured, manual formulation systems - frontal\"},{\"@type\":\"BreadcrumbList\",\"@id\":\"https:\/\/www.corob.com\/es\/productos\/sistemas-novaflow\/n10\/#breadcrumb\",\"itemListElement\":[{\"@type\":\"ListItem\",\"position\":1,\"name\":\"Home\",\"item\":\"https:\/\/www.corob.com\/es\/\"},{\"@type\":\"ListItem\",\"position\":2,\"name\":\"PRODUCTOS\",\"item\":\"https:\/\/www.corob.com\/es\/productos\/\"},{\"@type\":\"ListItem\",\"position\":3,\"name\":\"N10\"}]},{\"@type\":\"WebSite\",\"@id\":\"https:\/\/www.corob.com\/es\/#website\",\"url\":\"https:\/\/www.corob.com\/es\/\",\"name\":\"COROB\",\"description\":\"High-tech dispensing and mixing solutions for paints and coatings systems\",\"publisher\":{\"@id\":\"https:\/\/www.corob.com\/es\/#organization\"},\"potentialAction\":[{\"@type\":\"SearchAction\",\"target\":{\"@type\":\"EntryPoint\",\"urlTemplate\":\"https:\/\/www.corob.com\/es\/?s={search_term_string}\"},\"query-input\":{\"@type\":\"PropertyValueSpecification\",\"valueRequired\":true,\"valueName\":\"search_term_string\"}}],\"inLanguage\":\"es\"},{\"@type\":\"Organization\",\"@id\":\"https:\/\/www.corob.com\/es\/#organization\",\"name\":\"COROB\",\"url\":\"https:\/\/www.corob.com\/es\/\",\"logo\":{\"@type\":\"ImageObject\",\"inLanguage\":\"es\",\"@id\":\"https:\/\/www.corob.com\/es\/#\/schema\/logo\/image\/\",\"url\":\"https:\/\/www.corob.com\/wp-content\/uploads\/2020\/01\/COROB-240.png\",\"contentUrl\":\"https:\/\/www.corob.com\/wp-content\/uploads\/2020\/01\/COROB-240.png\",\"width\":240,\"height\":73,\"caption\":\"COROB\"},\"image\":{\"@id\":\"https:\/\/www.corob.com\/es\/#\/schema\/logo\/image\/\"},\"sameAs\":[\"https:\/\/www.linkedin.com\/company\/corob\/\",\"https:\/\/www.youtube.com\/channel\/UCxnFt4FEhuhdm87NAb27qBQ\"]}]}<\/script>\n<!-- \/ Yoast SEO plugin. -->","yoast_head_json":{"title":"Mezcla manual por lotes con el sistema N10","description":"N10: Soluci\u00f3n certificada para mezcla manual con NOVABLEND y control total.","robots":{"index":"index","follow":"follow","max-snippet":"max-snippet:-1","max-image-preview":"max-image-preview:large","max-video-preview":"max-video-preview:-1"},"canonical":"https:\/\/www.corob.com\/es\/productos\/sistemas-novaflow\/n10\/","og_locale":"es_ES","og_type":"article","og_title":"Mezcla manual por lotes con el sistema N10","og_description":"N10: Soluci\u00f3n certificada para mezcla manual con NOVABLEND y control total.","og_url":"https:\/\/www.corob.com\/es\/productos\/sistemas-novaflow\/n10\/","og_site_name":"COROB","article_modified_time":"2025-08-28T13:19:36+00:00","og_image":[{"width":1200,"height":1200,"url":"https:\/\/www.corob.com\/wp-content\/uploads\/2020\/01\/N10S-2.png","type":"image\/png"}],"twitter_card":"summary_large_image","twitter_misc":{"Tiempo de lectura":"25 minutos"},"schema":{"@context":"https:\/\/schema.org","@graph":[{"@type":"WebPage","@id":"https:\/\/www.corob.com\/es\/productos\/sistemas-novaflow\/n10\/","url":"https:\/\/www.corob.com\/es\/productos\/sistemas-novaflow\/n10\/","name":"Mezcla manual por lotes con el sistema N10","isPartOf":{"@id":"https:\/\/www.corob.com\/es\/#website"},"primaryImageOfPage":{"@id":"https:\/\/www.corob.com\/es\/productos\/sistemas-novaflow\/n10\/#primaryimage"},"image":{"@id":"https:\/\/www.corob.com\/es\/productos\/sistemas-novaflow\/n10\/#primaryimage"},"thumbnailUrl":"https:\/\/www.corob.com\/wp-content\/uploads\/2020\/01\/N10S-2.png","datePublished":"2025-08-28T13:19:35+00:00","dateModified":"2025-08-28T13:19:36+00:00","description":"N10: Soluci\u00f3n certificada para mezcla manual con NOVABLEND y control total.","breadcrumb":{"@id":"https:\/\/www.corob.com\/es\/productos\/sistemas-novaflow\/n10\/#breadcrumb"},"inLanguage":"es","potentialAction":[{"@type":"ReadAction","target":["https:\/\/www.corob.com\/es\/productos\/sistemas-novaflow\/n10\/"]}]},{"@type":"ImageObject","inLanguage":"es","@id":"https:\/\/www.corob.com\/es\/productos\/sistemas-novaflow\/n10\/#primaryimage","url":"https:\/\/www.corob.com\/wp-content\/uploads\/2020\/01\/N10S-2.png","contentUrl":"https:\/\/www.corob.com\/wp-content\/uploads\/2020\/01\/N10S-2.png","width":1200,"height":1200,"caption":"NOVAFLOW N10S full-featured, manual formulation systems - frontal"},{"@type":"BreadcrumbList","@id":"https:\/\/www.corob.com\/es\/productos\/sistemas-novaflow\/n10\/#breadcrumb","itemListElement":[{"@type":"ListItem","position":1,"name":"Home","item":"https:\/\/www.corob.com\/es\/"},{"@type":"ListItem","position":2,"name":"PRODUCTOS","item":"https:\/\/www.corob.com\/es\/productos\/"},{"@type":"ListItem","position":3,"name":"N10"}]},{"@type":"WebSite","@id":"https:\/\/www.corob.com\/es\/#website","url":"https:\/\/www.corob.com\/es\/","name":"COROB","description":"High-tech dispensing and mixing solutions for paints and coatings systems","publisher":{"@id":"https:\/\/www.corob.com\/es\/#organization"},"potentialAction":[{"@type":"SearchAction","target":{"@type":"EntryPoint","urlTemplate":"https:\/\/www.corob.com\/es\/?s={search_term_string}"},"query-input":{"@type":"PropertyValueSpecification","valueRequired":true,"valueName":"search_term_string"}}],"inLanguage":"es"},{"@type":"Organization","@id":"https:\/\/www.corob.com\/es\/#organization","name":"COROB","url":"https:\/\/www.corob.com\/es\/","logo":{"@type":"ImageObject","inLanguage":"es","@id":"https:\/\/www.corob.com\/es\/#\/schema\/logo\/image\/","url":"https:\/\/www.corob.com\/wp-content\/uploads\/2020\/01\/COROB-240.png","contentUrl":"https:\/\/www.corob.com\/wp-content\/uploads\/2020\/01\/COROB-240.png","width":240,"height":73,"caption":"COROB"},"image":{"@id":"https:\/\/www.corob.com\/es\/#\/schema\/logo\/image\/"},"sameAs":["https:\/\/www.linkedin.com\/company\/corob\/","https:\/\/www.youtube.com\/channel\/UCxnFt4FEhuhdm87NAb27qBQ"]}]}},"_links":{"self":[{"href":"https:\/\/www.corob.com\/es\/wp-json\/wp\/v2\/product\/23759","targetHints":{"allow":["GET"]}}],"collection":[{"href":"https:\/\/www.corob.com\/es\/wp-json\/wp\/v2\/product"}],"about":[{"href":"https:\/\/www.corob.com\/es\/wp-json\/wp\/v2\/types\/product"}],"wp:featuredmedia":[{"embeddable":true,"href":"https:\/\/www.corob.com\/es\/wp-json\/wp\/v2\/media\/20530"}],"wp:attachment":[{"href":"https:\/\/www.corob.com\/es\/wp-json\/wp\/v2\/media?parent=23759"}],"wp:term":[{"taxonomy":"product_brand","embeddable":true,"href":"https:\/\/www.corob.com\/es\/wp-json\/wp\/v2\/product_brand?post=23759"},{"taxonomy":"product_cat","embeddable":true,"href":"https:\/\/www.corob.com\/es\/wp-json\/wp\/v2\/product_cat?post=23759"},{"taxonomy":"product_tag","embeddable":true,"href":"https:\/\/www.corob.com\/es\/wp-json\/wp\/v2\/product_tag?post=23759"}],"curies":[{"name":"wp","href":"https:\/\/api.w.org\/{rel}","templated":true}]}}