{"id":23760,"date":"2025-08-28T13:24:54","date_gmt":"2025-08-28T13:24:54","guid":{"rendered":"https:\/\/www.corob.com\/products\/sin%20categor\u00eda\/n15j\/"},"modified":"2025-08-28T13:24:55","modified_gmt":"2025-08-28T13:24:55","slug":"n15j","status":"publish","type":"product","link":"https:\/\/www.corob.com\/es\/productos\/sistemas-novaflow\/n15j\/","title":{"rendered":"N15J"},"content":{"rendered":"<p><div class=\"fusion-fullwidth fullwidth-box fusion-builder-row-1 fusion-flex-container has-pattern-background has-mask-background nonhundred-percent-fullwidth non-hundred-percent-height-scrolling\" style=\"--awb-border-radius-top-left:0px;--awb-border-radius-top-right:0px;--awb-border-radius-bottom-right:0px;--awb-border-radius-bottom-left:0px;--awb-flex-wrap:wrap;\" id=\"Container-Exceptional\" ><div class=\"fusion-builder-row fusion-row fusion-flex-align-items-flex-start fusion-flex-content-wrap\" style=\"max-width:1456px;margin-left: calc(-4% \/ 2 );margin-right: calc(-4% \/ 2 );\"><div class=\"fusion-layout-column fusion_builder_column fusion-builder-column-0 fusion_builder_column_1_1 1_1 fusion-flex-column\" style=\"--awb-bg-size:cover;--awb-width-large:100%;--awb-margin-top-large:0px;--awb-spacing-right-large:1.92%;--awb-margin-bottom-large:20px;--awb-spacing-left-large:1.92%;--awb-width-medium:100%;--awb-order-medium:0;--awb-spacing-right-medium:1.92%;--awb-spacing-left-medium:1.92%;--awb-width-small:100%;--awb-order-small:0;--awb-spacing-right-small:1.92%;--awb-spacing-left-small:1.92%;\"><div class=\"fusion-column-wrapper fusion-column-has-shadow fusion-flex-justify-content-flex-start fusion-content-layout-column\"><div class=\"fusion-text fusion-text-1\" style=\"--awb-content-alignment:center;--awb-font-size:28px;\"><p>El NOVAFLOW N15J es un dosificador <strong>compacto<\/strong>, <strong>autom\u00e1tico basado en el peso<\/strong> que redefine la precisi\u00f3n en la producci\u00f3n de lotes peque\u00f1os. Dise\u00f1ado para una productividad media en espacios limitados, ofrece una <strong>excepcional precisi\u00f3n gravim\u00e9trica<\/strong> al tiempo que ocupa una <strong>huella m\u00ednima<\/strong>.<\/p>\n<\/div><\/div><\/div><\/div><\/div><div class=\"fusion-fullwidth fullwidth-box fusion-builder-row-2 has-pattern-background has-mask-background nonhundred-percent-fullwidth non-hundred-percent-height-scrolling\" style=\"--awb-border-radius-top-left:0px;--awb-border-radius-top-right:0px;--awb-border-radius-bottom-right:0px;--awb-border-radius-bottom-left:0px;--awb-flex-wrap:wrap;\" id=\"Container-Features\" ><div class=\"fusion-builder-row fusion-row\"><div class=\"fusion-layout-column fusion_builder_column fusion-builder-column-1 fusion_builder_column_1_2 1_2 fusion-one-half fusion-column-first\" style=\"--awb-bg-size:cover;width:50%;width:calc(50% - ( ( 4% ) * 0.5 ) );margin-right: 4%;\"><div class=\"fusion-column-wrapper fusion-column-has-shadow fusion-flex-column-wrapper-legacy\"><div class=\"fusion-clearfix\"><\/div><\/div><\/div><div class=\"fusion-layout-column fusion_builder_column fusion-builder-column-2 fusion_builder_column_1_2 1_2 fusion-one-half fusion-column-last\" style=\"--awb-bg-size:cover;width:50%;width:calc(50% - ( ( 4% ) * 0.5 ) );\"><div class=\"fusion-column-wrapper fusion-column-has-shadow fusion-flex-column-wrapper-legacy\"><div class=\"fusion-clearfix\"><\/div><\/div><\/div><div class=\"fusion-layout-column fusion_builder_column fusion-builder-column-3 fusion_builder_column_1_1 1_1 fusion-one-full fusion-column-first fusion-column-last\" style=\"--awb-bg-size:cover;\"><div class=\"fusion-column-wrapper fusion-column-has-shadow fusion-flex-column-wrapper-legacy\"><div class=\"fusion-text fusion-text-2\"><p>Ideal para aplicaciones de tinta, recubrimiento o productos qu\u00edmicos donde la dosificaci\u00f3n precisa basada en el peso es esencial, el <strong>N15J<\/strong> ofrece una <strong>soluci\u00f3n inteligente y eficiente en cuanto a espacio<\/strong> para sus necesidades de producci\u00f3n.<\/p>\n<p>Con su dise\u00f1o compacto, el dosificador N15 destaca en <strong>entornos no peligrosos<\/strong>, produciendo eficientemente peque\u00f1os lotes donde el espacio es limitado.<\/p>\n<p>Puede producir lotes de 1 gal\u00f3n en solo 3 minutos*, incluso en contenedores con aberturas de tan solo 1,56\u201d.<\/p>\n<p>El N15J emplea v\u00e1lvulas de boquilla integradas COROB exclusivas y hardware y software de dosificaci\u00f3n Novaflow fiables, lo que garantiza <strong>resultados r\u00e1pidos, precisos y repetibles<\/strong>. Las robustas bombas de diafragma extraen los productos directamente de los contenedores de origen, eliminando el desorden y la molestia de decantar en recipientes secundarios. <\/p>\n<p>La configuraci\u00f3n del sistema incluye 12 cubos y 2 estaciones de bidones, con bombas y componentes del circuito de fluidos seleccionados para que coincidan con las propiedades qu\u00edmicas y la reolog\u00eda de sus productos, <strong>garantizando un rendimiento \u00f3ptimo<\/strong>.<\/p>\n<p>Impulsado por el software de gesti\u00f3n de materiales y dosificaci\u00f3n Novaflow est\u00e1ndar de la industria, el N15J proporciona un control y una visibilidad completos sobre el uso del producto y los datos de producci\u00f3n.<\/p>\n<p>Adem\u00e1s, el sistema cuenta con un estante ajustable para dispensar en contenedores de diferentes alturas e incluye una impresora para el etiquetado autom\u00e1tico de contenedores, lo que garantiza una <strong>identificaci\u00f3n fiable de los productos terminados<\/strong>.<\/p>\n<p>Elija el <strong>NOVAFLOW N15J<\/strong> para una soluci\u00f3n de dosificaci\u00f3n compacta, eficiente y de alta precisi\u00f3n adaptada a sus necesidades de producci\u00f3n de lotes peque\u00f1os.<\/p>\n<p><em>*Valores muy afectados por la naturaleza de los colorantes y sus propiedades reol\u00f3gicas.<\/em><\/p>\n<\/div><div class=\"fusion-clearfix\"><\/div><\/div><\/div><\/div><\/div><div class=\"fusion-fullwidth fullwidth-box fusion-builder-row-3 has-pattern-background has-mask-background nonhundred-percent-fullwidth non-hundred-percent-height-scrolling\" style=\"--awb-border-radius-top-left:0px;--awb-border-radius-top-right:0px;--awb-border-radius-bottom-right:0px;--awb-border-radius-bottom-left:0px;--awb-padding-bottom:20px;--awb-flex-wrap:wrap;\" id=\"Container-Technical-Data\" ><div class=\"fusion-builder-row fusion-row\"><div class=\"fusion-layout-column fusion_builder_column fusion-builder-column-4 fusion_builder_column_1_2 1_2 fusion-one-half fusion-column-first\" style=\"--awb-bg-size:cover;width:48%; margin-right: 4%;\"><div class=\"fusion-column-wrapper fusion-column-has-shadow fusion-flex-column-wrapper-legacy\"><div class=\"fusion-title title fusion-title-1 fusion-sep-none fusion-title-text fusion-title-size-three\"><h3 class=\"fusion-title-heading title-heading-left fusion-responsive-typography-calculated\" style=\"margin:0;--fontSize:28;--minFontSize:28;line-height:1.2;\">Technical data<\/h3><\/div><div class=\"fusion-clearfix\"><\/div><\/div><\/div><div class=\"fusion-layout-column fusion_builder_column fusion-builder-column-5 fusion_builder_column_1_1 1_1 fusion-one-full fusion-column-last\" style=\"--awb-bg-size:cover;--awb-margin-bottom:0px;\"><div class=\"fusion-column-wrapper fusion-flex-column-wrapper-legacy\">\n<div class=\"table-1\">\n<p>&nbsp;<\/p>\n<table width=\"100%\">\n<tbody>\n<tr>\n<td align=\"left\" width=\"20%\"><\/td>\n<td align=\"center\" width=\"40%\"><strong>N15J [LV]<\/strong><\/td>\n<td align=\"center\" width=\"40%\"><strong>N15J [HV]<\/strong><\/td>\n<\/tr>\n<tr>\n<td align=\"left\">Entorno de trabajo<\/td>\n<td align=\"left\">No peligroso<\/td>\n<td align=\"left\">No peligroso<\/td>\n<\/tr>\n<tr>\n<td align=\"left\">Aplicaci\u00f3n<\/td>\n<td align=\"left\">Productos a base de agua y UV<\/td>\n<td align=\"left\">Productos a base de agua y UV<\/td>\n<\/tr>\n<tr>\n<td align=\"left\">N\u00famero de circuitos<\/td>\n<td align=\"left\">14<\/td>\n<td align=\"left\">14<\/td>\n<\/tr>\n<tr>\n<td align=\"left\">Tipo de circuitos<\/td>\n<td align=\"left\">12 cubos y 2 bidones<\/td>\n<td align=\"left\">12 cubos y 2 bidones<\/td>\n<\/tr>\n<tr>\n<td align=\"left\">Abertura m\u00ednima del contenedor<\/td>\n<td align=\"left\">50 mm (2\u201d)<\/td>\n<td align=\"left\">50 mm (2\u201d)<\/td>\n<\/tr>\n<tr>\n<td align=\"left\">Tama\u00f1o t\u00edpico del lote<\/td>\n<td align=\"left\">De 0,5 l a 4,5 l (0,15 &#8211; 1,2 USG)<\/td>\n<td align=\"left\">De 0,5 l a 4,5 l (0,15 &#8211; 1,2 USG)<\/td>\n<\/tr>\n<tr>\n<td align=\"left\">Viscosidad del producto<\/td>\n<td align=\"left\">2000 CPS m\u00e1x.<\/td>\n<td align=\"left\">6000 CPS m\u00e1x.<\/td>\n<\/tr>\n<tr>\n<td align=\"left\">Rendimiento<\/td>\n<td align=\"left\">4\u20136 min por lote de 4,5 l (1 USG)<\/td>\n<td align=\"left\">4\u20136 min por lote de 4,5 l (1 USG)<\/td>\n<\/tr>\n<tr>\n<td align=\"left\">Tipo de v\u00e1lvula<\/td>\n<td align=\"left\">V\u00e1lvulas de boquilla integradas COROB (INV)<\/td>\n<td align=\"left\">V\u00e1lvula de 3 v\u00edas COROB<\/td>\n<\/tr>\n<tr>\n<td align=\"left\">Precisi\u00f3n*<\/td>\n<td align=\"left\">a partir de \u00b1 0,5 g<\/td>\n<td align=\"left\">a partir de \u00b1 0,5 g<\/td>\n<\/tr>\n<tr>\n<td align=\"left\">Tama\u00f1o de la bomba<\/td>\n<td align=\"left\">DN6 \u2013 \u00bc\u201d (estaciones de cubos) \/ DN12 \u2013 1\/2\u201d (estaciones de bidones)<\/td>\n<td align=\"left\">DN6 \u2013 \u00bc\u201d (estaciones de cubos) \/ DN12 \u2013 1\/2\u201d (estaciones de bidones)<\/td>\n<\/tr>\n<tr>\n<td align=\"left\">Limpiador de v\u00e1lvulas<\/td>\n<td align=\"left\">Autopad<\/td>\n<td align=\"left\">Autocap<\/td>\n<\/tr>\n<tr>\n<td align=\"left\">Escala<\/td>\n<td align=\"left\">15 kg (30 lb)<\/td>\n<td align=\"left\">15 kg (30 lb)<\/td>\n<\/tr>\n<tr>\n<td align=\"left\">Gabinete<\/td>\n<td align=\"left\">Gabinete IP55 \/ NEMA 4x<\/td>\n<td align=\"left\">Gabinete IP55 \/ NEMA 4x<\/td>\n<\/tr>\n<tr>\n<td align=\"left\">Cumplimiento de seguridad\/certificaciones<\/td>\n<td align=\"left\">CE, ESA, CSA, UL<\/td>\n<td align=\"left\">CE, ESA, CSA, UL<\/td>\n<\/tr>\n<tr>\n<td align=\"left\">Superficie ocupada<\/td>\n<td align=\"left\">52\u201d X 93\u201d (1.3 m X 2.4 m)<\/td>\n<td align=\"left\">52\u201d X 93\u201d (1.3 m X 2.4 m)<\/td>\n<\/tr>\n<\/tbody>\n<\/table>\n<\/div>\n<div class=\"fusion-text fusion-text-3\"><p><em>* Valores muy afectados por la naturaleza de los productos y sus propiedades reol\u00f3gicas. Valores dependientes del tama\u00f1o de la v\u00e1lvula y la combinaci\u00f3n del tipo de escala. <\/em><br \/>\nNota: los datos se refieren a la configuraci\u00f3n base de la m\u00e1quina, los valores pueden variar seg\u00fan las diferentes especificaciones.<\/p>\n<\/div><div class=\"fusion-clearfix\"><\/div><\/div><\/div><\/div><\/div><div class=\"fusion-fullwidth fullwidth-box fusion-builder-row-4 has-pattern-background has-mask-background nonhundred-percent-fullwidth non-hundred-percent-height-scrolling\" style=\"--awb-border-radius-top-left:0px;--awb-border-radius-top-right:0px;--awb-border-radius-bottom-right:0px;--awb-border-radius-bottom-left:0px;--awb-padding-top:20px;--awb-padding-bottom:20px;--awb-flex-wrap:wrap;\" id=\"Container-Download-Area\" ><div class=\"fusion-builder-row fusion-row\"><div class=\"fusion-layout-column fusion_builder_column fusion-builder-column-6 fusion_builder_column_1_2 1_2 fusion-one-half fusion-column-first\" style=\"--awb-bg-size:cover;width:48%; margin-right: 4%;\"><div class=\"fusion-column-wrapper fusion-column-has-shadow fusion-flex-column-wrapper-legacy\"><div class=\"fusion-title title fusion-title-2 fusion-sep-none fusion-title-text fusion-title-size-three\"><h3 class=\"fusion-title-heading title-heading-left fusion-responsive-typography-calculated\" style=\"margin:0;--fontSize:28;--minFontSize:28;line-height:1.2;\">Download area<\/h3><\/div><div class=\"fusion-clearfix\"><\/div><\/div><\/div><div class=\"fusion-layout-column fusion_builder_column fusion-builder-column-7 fusion_builder_column_1_1 1_1 fusion-one-full fusion-column-last\" style=\"--awb-bg-size:cover;--awb-margin-bottom:0px;\"><div class=\"fusion-column-wrapper fusion-flex-column-wrapper-legacy\"><div class=\"fusion-builder-row fusion-builder-row-inner fusion-row\"><div class=\"fusion-layout-column fusion_builder_column_inner fusion-builder-nested-column-0 fusion_builder_column_inner_1_2 1_2 fusion-one-half fusion-column-first\" style=\"--awb-padding-top:20px;--awb-padding-right:20px;--awb-padding-bottom:20px;--awb-padding-left:20px;--awb-bg-size:cover;--awb-border-color:#eaeaea;--awb-border-top:1px;--awb-border-right:1px;--awb-border-bottom:1px;--awb-border-left:1px;--awb-border-style:solid;width:50%;width:calc(50% - ( ( 40px ) * 0.5 ) );margin-right: 40px;\"><div class=\"fusion-column-wrapper fusion-column-has-shadow fusion-flex-column-wrapper-legacy\"><div class=\"fusion-title title fusion-title-3 fusion-sep-none fusion-title-text fusion-title-size-five\" style=\"--awb-margin-bottom:20px;\"><h5 class=\"fusion-title-heading title-heading-left fusion-responsive-typography-calculated\" style=\"margin:0;--fontSize:20;--minFontSize:20;line-height:1.2;\">BROCHURE<\/h5><\/div><div class=\"fusion-text fusion-text-4\"><p><i class=\"fb-icon-element-1 fb-icon-element fontawesome-icon fa-book fas circle-no fusion-text-flow\" style=\"--awb-iconcolor:#606060;--awb-iconcolor-hover:#606060;--awb-font-size:32px;--awb-margin-right:20px;\"><\/i><a class=\"download-link\" title=\"\" href=\"https:\/\/www.corob.com\/es\/download\/19981\/\" rel=\"nofollow\">\n\tN15J Brochure English<\/a><\/p>\n<\/div><div class=\"fusion-clearfix\"><\/div><\/div><\/div><\/div><div class=\"fusion-clearfix\"><\/div><\/div><\/div><\/div><\/div><\/p>\n","protected":false},"excerpt":{"rendered":"<h2>La huella m\u00e1s compacta para la dosificaci\u00f3n de lotes peque\u00f1os<\/h2>\n[fusion_checklist icon=\"fa-check fas\" iconcolor=\"#cf102d\" circle=\"no\" circlecolor=\"\" size=\"\" divider=\"no\" divider_color=\"\" hide_on_mobile=\"small-visibility,medium-visibility,large-visibility\" class=\"\" id=\"\"][fusion_li_item icon=\"\"]<strong>ALTO RENDIMIENTO<\/strong><br \/>\nDosificaci\u00f3n optimizada y precisa sin mover las v\u00e1lvulas para ralentizar el proceso[\/fusion_li_item][fusion_li_item icon=\"\"]<strong>ADAPTABLE<\/strong><br \/>\nEl nuevo y exclusivo algoritmo de dosificaci\u00f3n aprende y se ajusta para optimizar la velocidad y la precisi\u00f3n[\/fusion_li_item][fusion_li_item icon=\"\"]<strong>FIABLE<\/strong><br \/>\nLa tecnolog\u00eda probada en la industria garantiza un tiempo de inactividad m\u00ednimo con una producci\u00f3n de lotes consistente y precisa[\/fusion_li_item][fusion_li_item icon=\"\"]<strong>JUSTO A TIEMPO<\/strong><br \/>\nProduzca solo la cantidad necesaria, reduciendo el desperdicio y minimizando el stock de producto terminado[\/fusion_li_item]<br \/>\n[\/fusion_checklist]\n","protected":false},"featured_media":20523,"template":"","meta":{"_acf_changed":false},"product_brand":[],"product_cat":[572],"product_tag":[],"class_list":{"0":"post-23760","1":"product","2":"type-product","3":"status-publish","4":"has-post-thumbnail","6":"product_cat-sistemas-novaflow","8":"first","9":"instock","10":"shipping-taxable","11":"product-type-simple"},"acf":[],"yoast_head":"<!-- This site is optimized with the Yoast SEO plugin v25.5 - https:\/\/yoast.com\/wordpress\/plugins\/seo\/ -->\n<title>N15J: Dosificador compacto para lotes peque\u00f1os.<\/title>\n<meta name=\"description\" content=\"Descubra N15J: un dosificador autom\u00e1tico compacto de alta precisi\u00f3n basado en el peso para la producci\u00f3n de lotes peque\u00f1os y la eficiencia justo a tiempo.\" \/>\n<meta name=\"robots\" content=\"index, follow, max-snippet:-1, max-image-preview:large, max-video-preview:-1\" \/>\n<link rel=\"canonical\" href=\"https:\/\/www.corob.com\/es\/productos\/sistemas-novaflow\/n15j\/\" \/>\n<meta property=\"og:locale\" content=\"es_ES\" \/>\n<meta property=\"og:type\" content=\"article\" \/>\n<meta property=\"og:title\" content=\"N15J: Dosificador compacto para lotes peque\u00f1os.\" \/>\n<meta property=\"og:description\" content=\"Descubra N15J: un dosificador autom\u00e1tico compacto de alta precisi\u00f3n basado en el peso para la producci\u00f3n de lotes peque\u00f1os y la eficiencia justo a tiempo.\" \/>\n<meta property=\"og:url\" content=\"https:\/\/www.corob.com\/es\/productos\/sistemas-novaflow\/n15j\/\" \/>\n<meta property=\"og:site_name\" content=\"COROB\" \/>\n<meta property=\"article:modified_time\" content=\"2025-08-28T13:24:55+00:00\" \/>\n<meta property=\"og:image\" content=\"https:\/\/www.corob.com\/wp-content\/uploads\/2025\/05\/N15J-1.png\" \/>\n\t<meta property=\"og:image:width\" content=\"1200\" \/>\n\t<meta property=\"og:image:height\" content=\"1200\" \/>\n\t<meta property=\"og:image:type\" content=\"image\/png\" \/>\n<meta name=\"twitter:card\" content=\"summary_large_image\" \/>\n<meta name=\"twitter:label1\" content=\"Tiempo de lectura\" \/>\n\t<meta name=\"twitter:data1\" content=\"25 minutos\" \/>\n<script type=\"application\/ld+json\" class=\"yoast-schema-graph\">{\"@context\":\"https:\/\/schema.org\",\"@graph\":[{\"@type\":\"WebPage\",\"@id\":\"https:\/\/www.corob.com\/es\/productos\/sistemas-novaflow\/n15j\/\",\"url\":\"https:\/\/www.corob.com\/es\/productos\/sistemas-novaflow\/n15j\/\",\"name\":\"N15J: Dosificador compacto para lotes peque\u00f1os.\",\"isPartOf\":{\"@id\":\"https:\/\/www.corob.com\/es\/#website\"},\"primaryImageOfPage\":{\"@id\":\"https:\/\/www.corob.com\/es\/productos\/sistemas-novaflow\/n15j\/#primaryimage\"},\"image\":{\"@id\":\"https:\/\/www.corob.com\/es\/productos\/sistemas-novaflow\/n15j\/#primaryimage\"},\"thumbnailUrl\":\"https:\/\/www.corob.com\/wp-content\/uploads\/2025\/05\/N15J-1.png\",\"datePublished\":\"2025-08-28T13:24:54+00:00\",\"dateModified\":\"2025-08-28T13:24:55+00:00\",\"description\":\"Descubra N15J: un dosificador autom\u00e1tico compacto de alta precisi\u00f3n basado en el peso para la producci\u00f3n de lotes peque\u00f1os y la eficiencia justo a tiempo.\",\"breadcrumb\":{\"@id\":\"https:\/\/www.corob.com\/es\/productos\/sistemas-novaflow\/n15j\/#breadcrumb\"},\"inLanguage\":\"es\",\"potentialAction\":[{\"@type\":\"ReadAction\",\"target\":[\"https:\/\/www.corob.com\/es\/productos\/sistemas-novaflow\/n15j\/\"]}]},{\"@type\":\"ImageObject\",\"inLanguage\":\"es\",\"@id\":\"https:\/\/www.corob.com\/es\/productos\/sistemas-novaflow\/n15j\/#primaryimage\",\"url\":\"https:\/\/www.corob.com\/wp-content\/uploads\/2025\/05\/N15J-1.png\",\"contentUrl\":\"https:\/\/www.corob.com\/wp-content\/uploads\/2025\/05\/N15J-1.png\",\"width\":1200,\"height\":1200,\"caption\":\"NOVAFLOW N15J automatic weight-based dispenser\"},{\"@type\":\"BreadcrumbList\",\"@id\":\"https:\/\/www.corob.com\/es\/productos\/sistemas-novaflow\/n15j\/#breadcrumb\",\"itemListElement\":[{\"@type\":\"ListItem\",\"position\":1,\"name\":\"Home\",\"item\":\"https:\/\/www.corob.com\/es\/\"},{\"@type\":\"ListItem\",\"position\":2,\"name\":\"PRODUCTOS\",\"item\":\"https:\/\/www.corob.com\/es\/productos\/\"},{\"@type\":\"ListItem\",\"position\":3,\"name\":\"N15J\"}]},{\"@type\":\"WebSite\",\"@id\":\"https:\/\/www.corob.com\/es\/#website\",\"url\":\"https:\/\/www.corob.com\/es\/\",\"name\":\"COROB\",\"description\":\"High-tech dispensing and mixing solutions for paints and coatings systems\",\"publisher\":{\"@id\":\"https:\/\/www.corob.com\/es\/#organization\"},\"potentialAction\":[{\"@type\":\"SearchAction\",\"target\":{\"@type\":\"EntryPoint\",\"urlTemplate\":\"https:\/\/www.corob.com\/es\/?s={search_term_string}\"},\"query-input\":{\"@type\":\"PropertyValueSpecification\",\"valueRequired\":true,\"valueName\":\"search_term_string\"}}],\"inLanguage\":\"es\"},{\"@type\":\"Organization\",\"@id\":\"https:\/\/www.corob.com\/es\/#organization\",\"name\":\"COROB\",\"url\":\"https:\/\/www.corob.com\/es\/\",\"logo\":{\"@type\":\"ImageObject\",\"inLanguage\":\"es\",\"@id\":\"https:\/\/www.corob.com\/es\/#\/schema\/logo\/image\/\",\"url\":\"https:\/\/www.corob.com\/wp-content\/uploads\/2020\/01\/COROB-240.png\",\"contentUrl\":\"https:\/\/www.corob.com\/wp-content\/uploads\/2020\/01\/COROB-240.png\",\"width\":240,\"height\":73,\"caption\":\"COROB\"},\"image\":{\"@id\":\"https:\/\/www.corob.com\/es\/#\/schema\/logo\/image\/\"},\"sameAs\":[\"https:\/\/www.linkedin.com\/company\/corob\/\",\"https:\/\/www.youtube.com\/channel\/UCxnFt4FEhuhdm87NAb27qBQ\"]}]}<\/script>\n<!-- \/ Yoast SEO plugin. -->","yoast_head_json":{"title":"N15J: Dosificador compacto para lotes peque\u00f1os.","description":"Descubra N15J: un dosificador autom\u00e1tico compacto de alta precisi\u00f3n basado en el peso para la producci\u00f3n de lotes peque\u00f1os y la eficiencia justo a tiempo.","robots":{"index":"index","follow":"follow","max-snippet":"max-snippet:-1","max-image-preview":"max-image-preview:large","max-video-preview":"max-video-preview:-1"},"canonical":"https:\/\/www.corob.com\/es\/productos\/sistemas-novaflow\/n15j\/","og_locale":"es_ES","og_type":"article","og_title":"N15J: Dosificador compacto para lotes peque\u00f1os.","og_description":"Descubra N15J: un dosificador autom\u00e1tico compacto de alta precisi\u00f3n basado en el peso para la producci\u00f3n de lotes peque\u00f1os y la eficiencia justo a tiempo.","og_url":"https:\/\/www.corob.com\/es\/productos\/sistemas-novaflow\/n15j\/","og_site_name":"COROB","article_modified_time":"2025-08-28T13:24:55+00:00","og_image":[{"width":1200,"height":1200,"url":"https:\/\/www.corob.com\/wp-content\/uploads\/2025\/05\/N15J-1.png","type":"image\/png"}],"twitter_card":"summary_large_image","twitter_misc":{"Tiempo de lectura":"25 minutos"},"schema":{"@context":"https:\/\/schema.org","@graph":[{"@type":"WebPage","@id":"https:\/\/www.corob.com\/es\/productos\/sistemas-novaflow\/n15j\/","url":"https:\/\/www.corob.com\/es\/productos\/sistemas-novaflow\/n15j\/","name":"N15J: Dosificador compacto para lotes peque\u00f1os.","isPartOf":{"@id":"https:\/\/www.corob.com\/es\/#website"},"primaryImageOfPage":{"@id":"https:\/\/www.corob.com\/es\/productos\/sistemas-novaflow\/n15j\/#primaryimage"},"image":{"@id":"https:\/\/www.corob.com\/es\/productos\/sistemas-novaflow\/n15j\/#primaryimage"},"thumbnailUrl":"https:\/\/www.corob.com\/wp-content\/uploads\/2025\/05\/N15J-1.png","datePublished":"2025-08-28T13:24:54+00:00","dateModified":"2025-08-28T13:24:55+00:00","description":"Descubra N15J: un dosificador autom\u00e1tico compacto de alta precisi\u00f3n basado en el peso para la producci\u00f3n de lotes peque\u00f1os y la eficiencia justo a tiempo.","breadcrumb":{"@id":"https:\/\/www.corob.com\/es\/productos\/sistemas-novaflow\/n15j\/#breadcrumb"},"inLanguage":"es","potentialAction":[{"@type":"ReadAction","target":["https:\/\/www.corob.com\/es\/productos\/sistemas-novaflow\/n15j\/"]}]},{"@type":"ImageObject","inLanguage":"es","@id":"https:\/\/www.corob.com\/es\/productos\/sistemas-novaflow\/n15j\/#primaryimage","url":"https:\/\/www.corob.com\/wp-content\/uploads\/2025\/05\/N15J-1.png","contentUrl":"https:\/\/www.corob.com\/wp-content\/uploads\/2025\/05\/N15J-1.png","width":1200,"height":1200,"caption":"NOVAFLOW N15J automatic weight-based dispenser"},{"@type":"BreadcrumbList","@id":"https:\/\/www.corob.com\/es\/productos\/sistemas-novaflow\/n15j\/#breadcrumb","itemListElement":[{"@type":"ListItem","position":1,"name":"Home","item":"https:\/\/www.corob.com\/es\/"},{"@type":"ListItem","position":2,"name":"PRODUCTOS","item":"https:\/\/www.corob.com\/es\/productos\/"},{"@type":"ListItem","position":3,"name":"N15J"}]},{"@type":"WebSite","@id":"https:\/\/www.corob.com\/es\/#website","url":"https:\/\/www.corob.com\/es\/","name":"COROB","description":"High-tech dispensing and mixing solutions for paints and coatings systems","publisher":{"@id":"https:\/\/www.corob.com\/es\/#organization"},"potentialAction":[{"@type":"SearchAction","target":{"@type":"EntryPoint","urlTemplate":"https:\/\/www.corob.com\/es\/?s={search_term_string}"},"query-input":{"@type":"PropertyValueSpecification","valueRequired":true,"valueName":"search_term_string"}}],"inLanguage":"es"},{"@type":"Organization","@id":"https:\/\/www.corob.com\/es\/#organization","name":"COROB","url":"https:\/\/www.corob.com\/es\/","logo":{"@type":"ImageObject","inLanguage":"es","@id":"https:\/\/www.corob.com\/es\/#\/schema\/logo\/image\/","url":"https:\/\/www.corob.com\/wp-content\/uploads\/2020\/01\/COROB-240.png","contentUrl":"https:\/\/www.corob.com\/wp-content\/uploads\/2020\/01\/COROB-240.png","width":240,"height":73,"caption":"COROB"},"image":{"@id":"https:\/\/www.corob.com\/es\/#\/schema\/logo\/image\/"},"sameAs":["https:\/\/www.linkedin.com\/company\/corob\/","https:\/\/www.youtube.com\/channel\/UCxnFt4FEhuhdm87NAb27qBQ"]}]}},"_links":{"self":[{"href":"https:\/\/www.corob.com\/es\/wp-json\/wp\/v2\/product\/23760","targetHints":{"allow":["GET"]}}],"collection":[{"href":"https:\/\/www.corob.com\/es\/wp-json\/wp\/v2\/product"}],"about":[{"href":"https:\/\/www.corob.com\/es\/wp-json\/wp\/v2\/types\/product"}],"wp:featuredmedia":[{"embeddable":true,"href":"https:\/\/www.corob.com\/es\/wp-json\/wp\/v2\/media\/20523"}],"wp:attachment":[{"href":"https:\/\/www.corob.com\/es\/wp-json\/wp\/v2\/media?parent=23760"}],"wp:term":[{"taxonomy":"product_brand","embeddable":true,"href":"https:\/\/www.corob.com\/es\/wp-json\/wp\/v2\/product_brand?post=23760"},{"taxonomy":"product_cat","embeddable":true,"href":"https:\/\/www.corob.com\/es\/wp-json\/wp\/v2\/product_cat?post=23760"},{"taxonomy":"product_tag","embeddable":true,"href":"https:\/\/www.corob.com\/es\/wp-json\/wp\/v2\/product_tag?post=23760"}],"curies":[{"name":"wp","href":"https:\/\/api.w.org\/{rel}","templated":true}]}}