{"id":23761,"date":"2025-08-28T13:29:58","date_gmt":"2025-08-28T13:29:58","guid":{"rendered":"https:\/\/www.corob.com\/products\/sin%20categor\u00eda\/n15b\/"},"modified":"2025-08-28T13:29:59","modified_gmt":"2025-08-28T13:29:59","slug":"n15b","status":"publish","type":"product","link":"https:\/\/www.corob.com\/es\/productos\/sistemas-novaflow\/n15b\/","title":{"rendered":"N15B"},"content":{"rendered":"<p><div class=\"fusion-fullwidth fullwidth-box fusion-builder-row-1 fusion-flex-container has-pattern-background has-mask-background nonhundred-percent-fullwidth non-hundred-percent-height-scrolling\" style=\"--awb-border-radius-top-left:0px;--awb-border-radius-top-right:0px;--awb-border-radius-bottom-right:0px;--awb-border-radius-bottom-left:0px;--awb-flex-wrap:wrap;\" id=\"Container-Exceptional\" ><div class=\"fusion-builder-row fusion-row fusion-flex-align-items-flex-start fusion-flex-content-wrap\" style=\"max-width:1456px;margin-left: calc(-4% \/ 2 );margin-right: calc(-4% \/ 2 );\"><div class=\"fusion-layout-column fusion_builder_column fusion-builder-column-0 fusion_builder_column_1_1 1_1 fusion-flex-column\" style=\"--awb-bg-size:cover;--awb-width-large:100%;--awb-margin-top-large:0px;--awb-spacing-right-large:1.92%;--awb-margin-bottom-large:20px;--awb-spacing-left-large:1.92%;--awb-width-medium:100%;--awb-order-medium:0;--awb-spacing-right-medium:1.92%;--awb-spacing-left-medium:1.92%;--awb-width-small:100%;--awb-order-small:0;--awb-spacing-right-small:1.92%;--awb-spacing-left-small:1.92%;\"><div class=\"fusion-column-wrapper fusion-column-has-shadow fusion-flex-justify-content-flex-start fusion-content-layout-column\"><div class=\"fusion-text fusion-text-1\" style=\"--awb-content-alignment:center;--awb-font-size:28px;\"><p>Dise\u00f1ados espec\u00edficamente para entornos de <strong>producci\u00f3n de lotes peque\u00f1os<\/strong>, los dispensadores N15B son de configuraci\u00f3n fija, <strong>sistemas basados en el peso<\/strong> ideales para producir lotes del tama\u00f1o de un cubo de <strong>productos l\u00edquidos no peligrosos<\/strong>.<\/p>\n<\/div><\/div><\/div><\/div><\/div><div class=\"fusion-fullwidth fullwidth-box fusion-builder-row-2 has-pattern-background has-mask-background nonhundred-percent-fullwidth non-hundred-percent-height-scrolling\" style=\"--awb-border-radius-top-left:0px;--awb-border-radius-top-right:0px;--awb-border-radius-bottom-right:0px;--awb-border-radius-bottom-left:0px;--awb-flex-wrap:wrap;\" id=\"Container-Features\" ><div class=\"fusion-builder-row fusion-row\"><div class=\"fusion-layout-column fusion_builder_column fusion-builder-column-1 fusion_builder_column_1_2 1_2 fusion-one-half fusion-column-first\" style=\"--awb-bg-size:cover;width:50%;width:calc(50% - ( ( 4% ) * 0.5 ) );margin-right: 4%;\"><div class=\"fusion-column-wrapper fusion-column-has-shadow fusion-flex-column-wrapper-legacy\"><div class=\"fusion-clearfix\"><\/div><\/div><\/div><div class=\"fusion-layout-column fusion_builder_column fusion-builder-column-2 fusion_builder_column_1_2 1_2 fusion-one-half fusion-column-last\" style=\"--awb-bg-size:cover;width:50%;width:calc(50% - ( ( 4% ) * 0.5 ) );\"><div class=\"fusion-column-wrapper fusion-column-has-shadow fusion-flex-column-wrapper-legacy\"><div class=\"fusion-clearfix\"><\/div><\/div><\/div><div class=\"fusion-layout-column fusion_builder_column fusion-builder-column-3 fusion_builder_column_1_1 1_1 fusion-one-full fusion-column-first fusion-column-last\" style=\"--awb-bg-size:cover;\"><div class=\"fusion-column-wrapper fusion-column-has-shadow fusion-flex-column-wrapper-legacy\"><div class=\"fusion-text fusion-text-2\"><p>Los dispensadores <strong>N15B<\/strong> est\u00e1n dise\u00f1ados de forma \u00f3ptima para ofrecer el mejor sistema de valor para la <strong>dosificaci\u00f3n en cubos<\/strong>. Estos <strong>sistemas rentables<\/strong> ofrecen todas las ventajas de la dosificaci\u00f3n automatizada: <strong>mejorando la eficiencia y la consistencia<\/strong>, sin la necesidad de una gran inversi\u00f3n de capital en la producci\u00f3n de tinta, revestimiento o productos qu\u00edmicos. <\/p>\n<p>El sistema est\u00e1 dise\u00f1ado para operaciones de lotes del tama\u00f1o de un cubo, produciendo lotes de 4,6 l a 20 l (de 2 a 5 galones) en tan solo 3 minutos*.<\/p>\n<p>El N15B utiliza v\u00e1lvulas de dosificaci\u00f3n de 2 etapas Novaflow patentadas junto con hardware y software de dosificaci\u00f3n Novaflow probados que dan como resultado una <strong>dosificaci\u00f3n r\u00e1pida, precisa y repetible<\/strong>.<\/p>\n<p>Utilizando bombas de diafragma robustas, los productos se extraen directamente de los contenedores de origen. Tres configuraciones con diferentes disposiciones de contenedores de origen est\u00e1n disponibles para satisfacer las necesidades de producci\u00f3n espec\u00edficas; consulte el reverso para obtener m\u00e1s detalles. <\/p>\n<p>Las bombas y los componentes del circuito de fluidos se seleccionan de acuerdo con las propiedades qu\u00edmicas y la reolog\u00eda del producto para garantizar un <strong>rendimiento \u00f3ptimo del sistema<\/strong>.<\/p>\n<p>Impulsado por el software de gesti\u00f3n de materiales y dosificaci\u00f3n Novaflow est\u00e1ndar de la industria, el operador tiene <strong>control y visibilidad completos del uso del producto<\/strong> y los datos de producci\u00f3n.<\/p>\n<p>El N15B incluye un estante ajustable que permite la dosificaci\u00f3n en contenedores de diferentes alturas, as\u00ed como una impresora para producir autom\u00e1ticamente etiquetas de contenedores para una identificaci\u00f3n fiable de los productos terminados.<\/p>\n<p>La instalaci\u00f3n es sencilla y puede ser compatible como una autoinstalaci\u00f3n o por t\u00e9cnicos especializados.<\/p>\n<p><em>*Valores muy afectados por la naturaleza de los colorantes y sus propiedades reol\u00f3gicas.<\/em><\/p>\n<\/div><div class=\"fusion-clearfix\"><\/div><\/div><\/div><\/div><\/div><div class=\"fusion-fullwidth fullwidth-box fusion-builder-row-3 has-pattern-background has-mask-background nonhundred-percent-fullwidth non-hundred-percent-height-scrolling\" style=\"--awb-border-radius-top-left:0px;--awb-border-radius-top-right:0px;--awb-border-radius-bottom-right:0px;--awb-border-radius-bottom-left:0px;--awb-padding-bottom:20px;--awb-flex-wrap:wrap;\" id=\"Container-Technical-Data\" ><div class=\"fusion-builder-row fusion-row\"><div class=\"fusion-layout-column fusion_builder_column fusion-builder-column-4 fusion_builder_column_1_2 1_2 fusion-one-half fusion-column-first\" style=\"--awb-bg-size:cover;width:48%; margin-right: 4%;\"><div class=\"fusion-column-wrapper fusion-column-has-shadow fusion-flex-column-wrapper-legacy\"><div class=\"fusion-title title fusion-title-1 fusion-sep-none fusion-title-text fusion-title-size-three\"><h3 class=\"fusion-title-heading title-heading-left fusion-responsive-typography-calculated\" style=\"margin:0;--fontSize:28;--minFontSize:28;line-height:1.2;\">Technical data<\/h3><\/div><div class=\"fusion-clearfix\"><\/div><\/div><\/div><div class=\"fusion-layout-column fusion_builder_column fusion-builder-column-5 fusion_builder_column_1_1 1_1 fusion-one-full fusion-column-last\" style=\"--awb-bg-size:cover;--awb-margin-bottom:0px;\"><div class=\"fusion-column-wrapper fusion-flex-column-wrapper-legacy\">\n<div class=\"table-1\">\n<table width=\"100%\">\n<tbody>\n<tr>\n<td align=\"left\" width=\"20%\"><\/td>\n<td align=\"center\" width=\"30%\"><strong>N15B [C1]<\/strong><\/td>\n<td align=\"center\" width=\"30%\"><strong>N15B [C2]<\/strong><\/td>\n<td align=\"center\" width=\"30%\"><strong>N15B [C3]<\/strong><\/td>\n<\/tr>\n<tr>\n<td align=\"left\">Entorno de trabajo<\/td>\n<td align=\"left\">No peligroso<\/td>\n<td align=\"left\">No peligroso<\/td>\n<td align=\"left\">No peligroso<\/td>\n<\/tr>\n<tr>\n<td align=\"left\">Aplicaci\u00f3n<\/td>\n<td align=\"left\">Productos a base de agua y UV<\/td>\n<td align=\"left\">Productos a base de agua y UV<\/td>\n<td align=\"left\">Productos a base de agua y UV<\/td>\n<\/tr>\n<tr>\n<td align=\"left\">N\u00famero de circuitos<\/td>\n<td align=\"left\">14<\/td>\n<td align=\"left\">14<\/td>\n<td align=\"left\">14<\/td>\n<\/tr>\n<tr>\n<td align=\"left\">Tipo de circuitos<\/td>\n<td align=\"left\">4 cubos y 10 bidones<\/td>\n<td align=\"left\">12 cubos y 2 bidones<\/td>\n<td align=\"left\">14 bidones<\/td>\n<\/tr>\n<tr>\n<td align=\"left\">Apertura m\u00ednima del contenedor<\/td>\n<td align=\"left\">215 mm (8,5\u201d)<\/td>\n<td align=\"left\">215 mm (8,5\u201d)<\/td>\n<td align=\"left\">215 mm (8,5\u201d)<\/td>\n<\/tr>\n<tr>\n<td align=\"left\">Tama\u00f1o t\u00edpico del lote<\/td>\n<td align=\"left\">De 12 l a 20 l (3 &#8211; 5 USG)<\/td>\n<td align=\"left\">De 12 l a 20 l (3 &#8211; 5 USG)<\/td>\n<td align=\"left\">De 12 l a 20 l (3 &#8211; 5 USG)<\/td>\n<\/tr>\n<tr>\n<td align=\"left\">Viscosidad del producto<\/td>\n<td align=\"left\">6000 CPS m\u00e1x.<\/td>\n<td align=\"left\">6000 CPS m\u00e1x.<\/td>\n<td align=\"left\">6000 CPS m\u00e1x.<\/td>\n<\/tr>\n<tr>\n<td align=\"left\">Rendimiento<\/td>\n<td align=\"left\">4\u20136 min por lote de 20 l (5 USG)<\/td>\n<td align=\"left\">4\u20136 min por lote de 20 l (5 USG)<\/td>\n<td align=\"left\">4\u20136 min por lote de 20 l (5 USG)<\/td>\n<\/tr>\n<tr>\n<td align=\"left\">Tipo de v\u00e1lvula<\/td>\n<td align=\"left\">V\u00e1lvula NOVAFLOW de dos etapas, SelectFlow<\/td>\n<td align=\"left\">V\u00e1lvula NOVAFLOW de dos etapas, SelectFlow<\/td>\n<td align=\"left\">V\u00e1lvula NOVAFLOW de dos etapas, SelectFlow<\/td>\n<\/tr>\n<tr>\n<td align=\"left\">Precisi\u00f3n*<\/td>\n<td align=\"left\">a partir de \u00b1 1 g<\/td>\n<td align=\"left\">a partir de \u00b1 1 g<\/td>\n<td align=\"left\">a partir de \u00b1 1 g<\/td>\n<\/tr>\n<tr>\n<td align=\"left\">Tama\u00f1o de la bomba<\/td>\n<td align=\"left\">DN12 &#8211; 1\/2\u201d<\/td>\n<td align=\"left\">DN12 &#8211; 1\/2\u201d<\/td>\n<td align=\"left\">DN12 &#8211; 1\/2\u201d<\/td>\n<\/tr>\n<tr>\n<td align=\"left\">Limpiador de v\u00e1lvulas<\/td>\n<td align=\"left\">Burbujeador abatible<\/td>\n<td align=\"left\">Burbujeador abatible<\/td>\n<td align=\"left\">Burbujeador abatible<\/td>\n<\/tr>\n<tr>\n<td align=\"left\">Escala<\/td>\n<td align=\"left\">30 kg (60 lb)<\/td>\n<td align=\"left\">30 kg (60 lb)<\/td>\n<td align=\"left\">30 kg (60 lb)<\/td>\n<\/tr>\n<tr>\n<td align=\"left\">Gabinete<\/td>\n<td align=\"left\">Gabinete IP55 \/ NEMA 4x<\/td>\n<td align=\"left\">Gabinete IP55 \/ NEMA 4x<\/td>\n<td align=\"left\">Gabinete IP55 \/ NEMA 4x<\/td>\n<\/tr>\n<tr>\n<td align=\"left\">Cumplimiento de seguridad\/certificaciones<\/td>\n<td align=\"left\">CE, ESA, CSA, UL<\/td>\n<td align=\"left\">CE, ESA, CSA, UL<\/td>\n<td align=\"left\">CE, ESA, CSA, UL<\/td>\n<\/tr>\n<tr>\n<td align=\"left\">Superficie ocupada<\/td>\n<td align=\"left\">52\u201d X 168\u201d (1,3 m X 4,3 m)<\/td>\n<td align=\"left\">52\u201d X 93\u201d (1,3 m X 2,4 m)<\/td>\n<td align=\"left\">52\u201d X 198\u201d (1,3 m X 5,0 m)<\/td>\n<\/tr>\n<\/tbody>\n<\/table>\n<\/div>\n<div class=\"fusion-text fusion-text-3\"><p><em>* Valores muy afectados por la naturaleza de los productos y sus propiedades reol\u00f3gicas. Valores dependientes del tama\u00f1o de la v\u00e1lvula y la combinaci\u00f3n del tipo de escala. <\/em><br \/>\nNota: los datos se refieren a la configuraci\u00f3n base de la m\u00e1quina, los valores pueden variar seg\u00fan las diferentes especificaciones.<\/p>\n<\/div><div class=\"fusion-clearfix\"><\/div><\/div><\/div><\/div><\/div><div class=\"fusion-fullwidth fullwidth-box fusion-builder-row-4 has-pattern-background has-mask-background nonhundred-percent-fullwidth non-hundred-percent-height-scrolling\" style=\"--awb-border-radius-top-left:0px;--awb-border-radius-top-right:0px;--awb-border-radius-bottom-right:0px;--awb-border-radius-bottom-left:0px;--awb-padding-top:20px;--awb-padding-bottom:20px;--awb-flex-wrap:wrap;\" id=\"Container-Download-Area\" ><div class=\"fusion-builder-row fusion-row\"><div class=\"fusion-layout-column fusion_builder_column fusion-builder-column-6 fusion_builder_column_1_2 1_2 fusion-one-half fusion-column-first\" style=\"--awb-bg-size:cover;width:48%; margin-right: 4%;\"><div class=\"fusion-column-wrapper fusion-column-has-shadow fusion-flex-column-wrapper-legacy\"><div class=\"fusion-title title fusion-title-2 fusion-sep-none fusion-title-text fusion-title-size-three\"><h3 class=\"fusion-title-heading title-heading-left fusion-responsive-typography-calculated\" style=\"margin:0;--fontSize:28;--minFontSize:28;line-height:1.2;\">Download area<\/h3><\/div><div class=\"fusion-clearfix\"><\/div><\/div><\/div><div class=\"fusion-layout-column fusion_builder_column fusion-builder-column-7 fusion_builder_column_1_1 1_1 fusion-one-full fusion-column-last\" style=\"--awb-bg-size:cover;--awb-margin-bottom:0px;\"><div class=\"fusion-column-wrapper fusion-flex-column-wrapper-legacy\"><div class=\"fusion-builder-row fusion-builder-row-inner fusion-row\"><div class=\"fusion-layout-column fusion_builder_column_inner fusion-builder-nested-column-0 fusion_builder_column_inner_1_2 1_2 fusion-one-half fusion-column-first\" style=\"--awb-padding-top:20px;--awb-padding-right:20px;--awb-padding-bottom:20px;--awb-padding-left:20px;--awb-bg-size:cover;--awb-border-color:#eaeaea;--awb-border-top:1px;--awb-border-right:1px;--awb-border-bottom:1px;--awb-border-left:1px;--awb-border-style:solid;width:50%;width:calc(50% - ( ( 40px ) * 0.5 ) );margin-right: 40px;\"><div class=\"fusion-column-wrapper fusion-column-has-shadow fusion-flex-column-wrapper-legacy\"><div class=\"fusion-title title fusion-title-3 fusion-sep-none fusion-title-text fusion-title-size-five\" style=\"--awb-margin-bottom:20px;\"><h5 class=\"fusion-title-heading title-heading-left fusion-responsive-typography-calculated\" style=\"margin:0;--fontSize:20;--minFontSize:20;line-height:1.2;\">BROCHURE<\/h5><\/div><div class=\"fusion-text fusion-text-4\"><p><i class=\"fb-icon-element-1 fb-icon-element fontawesome-icon fa-book fas circle-no fusion-text-flow\" style=\"--awb-iconcolor:#606060;--awb-iconcolor-hover:#606060;--awb-font-size:32px;--awb-margin-right:20px;\"><\/i> <a class=\"download-link\" title=\"\" href=\"https:\/\/www.corob.com\/es\/download\/19979\/\" rel=\"nofollow\">\n\tN15B Brochure English<\/a><\/p>\n<\/div><div class=\"fusion-clearfix\"><\/div><\/div><\/div><\/div><div class=\"fusion-clearfix\"><\/div><\/div><\/div><\/div><\/div><\/p>\n","protected":false},"excerpt":{"rendered":"<h2>Dosificaci\u00f3n rentable y precisa en cubos<\/h2>\n[fusion_checklist icon=\"fa-check fas\" iconcolor=\"#cf102d\" circle=\"no\" circlecolor=\"\" size=\"\" divider=\"no\" divider_color=\"\" hide_on_mobile=\"small-visibility,medium-visibility,large-visibility\" class=\"\" id=\"\"][fusion_li_item icon=\"\"]<strong>R\u00c1PIDO Y PRECISO<\/strong><br \/>\nDosifica lotes de 4,6 l a 20 l en menos de 3 minutos con resultados precisos y repetibles utilizando la tecnolog\u00eda Novaflow[\/fusion_li_item][fusion_li_item icon=\"\"]<strong>AUTOMATIZACI\u00d3N RENTABLE<\/strong><br \/>\nOfrece todas las ventajas de la automatizaci\u00f3n sin grandes inversiones de capital, ideal para la producci\u00f3n de lotes peque\u00f1os del tama\u00f1o de un cubo[\/fusion_li_item][fusion_li_item icon=\"\"]<strong>FLEXIBLE Y ADAPTABLE<\/strong><br \/>\nTres configuraciones, plataforma ajustable y bombas robustas que se adaptan a varios tama\u00f1os de contenedor y propiedades de fluidos[\/fusion_li_item][fusion_li_item icon=\"\"]<strong>CONTROL TOTAL Y TRAZABILIDAD<\/strong><br \/>\nEl software integrado y la impresi\u00f3n de etiquetas garantizan una visibilidad completa de la producci\u00f3n y una identificaci\u00f3n fiable del producto[\/fusion_li_item]<br \/>\n[\/fusion_checklist]\n","protected":false},"featured_media":20516,"template":"","meta":{"_acf_changed":false},"product_brand":[],"product_cat":[572],"product_tag":[],"class_list":{"0":"post-23761","1":"product","2":"type-product","3":"status-publish","4":"has-post-thumbnail","6":"product_cat-sistemas-novaflow","8":"first","9":"instock","10":"shipping-taxable","11":"product-type-simple"},"acf":[],"yoast_head":"<!-- This site is optimized with the Yoast SEO plugin v25.5 - https:\/\/yoast.com\/wordpress\/plugins\/seo\/ -->\n<title>Dosificaci\u00f3n de lotes del tama\u00f1o de un cubo con N15B<\/title>\n<meta name=\"description\" content=\"N15B: dosificaci\u00f3n r\u00e1pida y rentable de lotes del tama\u00f1o de un cubo, con trazabilidad completa e inversi\u00f3n m\u00ednima en la producci\u00f3n de tintas, recubrimientos o productos qu\u00edmicos.\" \/>\n<meta name=\"robots\" content=\"index, follow, max-snippet:-1, max-image-preview:large, max-video-preview:-1\" \/>\n<link rel=\"canonical\" href=\"https:\/\/www.corob.com\/es\/productos\/sistemas-novaflow\/n15b\/\" \/>\n<meta property=\"og:locale\" content=\"es_ES\" \/>\n<meta property=\"og:type\" content=\"article\" \/>\n<meta property=\"og:title\" content=\"Dosificaci\u00f3n de lotes del tama\u00f1o de un cubo con N15B\" \/>\n<meta property=\"og:description\" content=\"N15B: dosificaci\u00f3n r\u00e1pida y rentable de lotes del tama\u00f1o de un cubo, con trazabilidad completa e inversi\u00f3n m\u00ednima en la producci\u00f3n de tintas, recubrimientos o productos qu\u00edmicos.\" \/>\n<meta property=\"og:url\" content=\"https:\/\/www.corob.com\/es\/productos\/sistemas-novaflow\/n15b\/\" \/>\n<meta property=\"og:site_name\" content=\"COROB\" \/>\n<meta property=\"article:modified_time\" content=\"2025-08-28T13:29:59+00:00\" \/>\n<meta property=\"og:image\" content=\"https:\/\/www.corob.com\/wp-content\/uploads\/2025\/05\/N15B-2.png\" \/>\n\t<meta property=\"og:image:width\" content=\"1200\" \/>\n\t<meta property=\"og:image:height\" content=\"1200\" \/>\n\t<meta property=\"og:image:type\" content=\"image\/png\" \/>\n<meta name=\"twitter:card\" content=\"summary_large_image\" \/>\n<meta name=\"twitter:label1\" content=\"Tiempo de lectura\" \/>\n\t<meta name=\"twitter:data1\" content=\"25 minutos\" \/>\n<script type=\"application\/ld+json\" class=\"yoast-schema-graph\">{\"@context\":\"https:\/\/schema.org\",\"@graph\":[{\"@type\":\"WebPage\",\"@id\":\"https:\/\/www.corob.com\/es\/productos\/sistemas-novaflow\/n15b\/\",\"url\":\"https:\/\/www.corob.com\/es\/productos\/sistemas-novaflow\/n15b\/\",\"name\":\"Dosificaci\u00f3n de lotes del tama\u00f1o de un cubo con N15B\",\"isPartOf\":{\"@id\":\"https:\/\/www.corob.com\/es\/#website\"},\"primaryImageOfPage\":{\"@id\":\"https:\/\/www.corob.com\/es\/productos\/sistemas-novaflow\/n15b\/#primaryimage\"},\"image\":{\"@id\":\"https:\/\/www.corob.com\/es\/productos\/sistemas-novaflow\/n15b\/#primaryimage\"},\"thumbnailUrl\":\"https:\/\/www.corob.com\/wp-content\/uploads\/2025\/05\/N15B-2.png\",\"datePublished\":\"2025-08-28T13:29:58+00:00\",\"dateModified\":\"2025-08-28T13:29:59+00:00\",\"description\":\"N15B: dosificaci\u00f3n r\u00e1pida y rentable de lotes del tama\u00f1o de un cubo, con trazabilidad completa e inversi\u00f3n m\u00ednima en la producci\u00f3n de tintas, recubrimientos o productos qu\u00edmicos.\",\"breadcrumb\":{\"@id\":\"https:\/\/www.corob.com\/es\/productos\/sistemas-novaflow\/n15b\/#breadcrumb\"},\"inLanguage\":\"es\",\"potentialAction\":[{\"@type\":\"ReadAction\",\"target\":[\"https:\/\/www.corob.com\/es\/productos\/sistemas-novaflow\/n15b\/\"]}]},{\"@type\":\"ImageObject\",\"inLanguage\":\"es\",\"@id\":\"https:\/\/www.corob.com\/es\/productos\/sistemas-novaflow\/n15b\/#primaryimage\",\"url\":\"https:\/\/www.corob.com\/wp-content\/uploads\/2025\/05\/N15B-2.png\",\"contentUrl\":\"https:\/\/www.corob.com\/wp-content\/uploads\/2025\/05\/N15B-2.png\",\"width\":1200,\"height\":1200,\"caption\":\"NOVAFLOW N15B automatic weight-based dispenser\"},{\"@type\":\"BreadcrumbList\",\"@id\":\"https:\/\/www.corob.com\/es\/productos\/sistemas-novaflow\/n15b\/#breadcrumb\",\"itemListElement\":[{\"@type\":\"ListItem\",\"position\":1,\"name\":\"Home\",\"item\":\"https:\/\/www.corob.com\/es\/\"},{\"@type\":\"ListItem\",\"position\":2,\"name\":\"PRODUCTOS\",\"item\":\"https:\/\/www.corob.com\/es\/productos\/\"},{\"@type\":\"ListItem\",\"position\":3,\"name\":\"N15B\"}]},{\"@type\":\"WebSite\",\"@id\":\"https:\/\/www.corob.com\/es\/#website\",\"url\":\"https:\/\/www.corob.com\/es\/\",\"name\":\"COROB\",\"description\":\"High-tech dispensing and mixing solutions for paints and coatings systems\",\"publisher\":{\"@id\":\"https:\/\/www.corob.com\/es\/#organization\"},\"potentialAction\":[{\"@type\":\"SearchAction\",\"target\":{\"@type\":\"EntryPoint\",\"urlTemplate\":\"https:\/\/www.corob.com\/es\/?s={search_term_string}\"},\"query-input\":{\"@type\":\"PropertyValueSpecification\",\"valueRequired\":true,\"valueName\":\"search_term_string\"}}],\"inLanguage\":\"es\"},{\"@type\":\"Organization\",\"@id\":\"https:\/\/www.corob.com\/es\/#organization\",\"name\":\"COROB\",\"url\":\"https:\/\/www.corob.com\/es\/\",\"logo\":{\"@type\":\"ImageObject\",\"inLanguage\":\"es\",\"@id\":\"https:\/\/www.corob.com\/es\/#\/schema\/logo\/image\/\",\"url\":\"https:\/\/www.corob.com\/wp-content\/uploads\/2020\/01\/COROB-240.png\",\"contentUrl\":\"https:\/\/www.corob.com\/wp-content\/uploads\/2020\/01\/COROB-240.png\",\"width\":240,\"height\":73,\"caption\":\"COROB\"},\"image\":{\"@id\":\"https:\/\/www.corob.com\/es\/#\/schema\/logo\/image\/\"},\"sameAs\":[\"https:\/\/www.linkedin.com\/company\/corob\/\",\"https:\/\/www.youtube.com\/channel\/UCxnFt4FEhuhdm87NAb27qBQ\"]}]}<\/script>\n<!-- \/ Yoast SEO plugin. -->","yoast_head_json":{"title":"Dosificaci\u00f3n de lotes del tama\u00f1o de un cubo con N15B","description":"N15B: dosificaci\u00f3n r\u00e1pida y rentable de lotes del tama\u00f1o de un cubo, con trazabilidad completa e inversi\u00f3n m\u00ednima en la producci\u00f3n de tintas, recubrimientos o productos qu\u00edmicos.","robots":{"index":"index","follow":"follow","max-snippet":"max-snippet:-1","max-image-preview":"max-image-preview:large","max-video-preview":"max-video-preview:-1"},"canonical":"https:\/\/www.corob.com\/es\/productos\/sistemas-novaflow\/n15b\/","og_locale":"es_ES","og_type":"article","og_title":"Dosificaci\u00f3n de lotes del tama\u00f1o de un cubo con N15B","og_description":"N15B: dosificaci\u00f3n r\u00e1pida y rentable de lotes del tama\u00f1o de un cubo, con trazabilidad completa e inversi\u00f3n m\u00ednima en la producci\u00f3n de tintas, recubrimientos o productos qu\u00edmicos.","og_url":"https:\/\/www.corob.com\/es\/productos\/sistemas-novaflow\/n15b\/","og_site_name":"COROB","article_modified_time":"2025-08-28T13:29:59+00:00","og_image":[{"width":1200,"height":1200,"url":"https:\/\/www.corob.com\/wp-content\/uploads\/2025\/05\/N15B-2.png","type":"image\/png"}],"twitter_card":"summary_large_image","twitter_misc":{"Tiempo de lectura":"25 minutos"},"schema":{"@context":"https:\/\/schema.org","@graph":[{"@type":"WebPage","@id":"https:\/\/www.corob.com\/es\/productos\/sistemas-novaflow\/n15b\/","url":"https:\/\/www.corob.com\/es\/productos\/sistemas-novaflow\/n15b\/","name":"Dosificaci\u00f3n de lotes del tama\u00f1o de un cubo con N15B","isPartOf":{"@id":"https:\/\/www.corob.com\/es\/#website"},"primaryImageOfPage":{"@id":"https:\/\/www.corob.com\/es\/productos\/sistemas-novaflow\/n15b\/#primaryimage"},"image":{"@id":"https:\/\/www.corob.com\/es\/productos\/sistemas-novaflow\/n15b\/#primaryimage"},"thumbnailUrl":"https:\/\/www.corob.com\/wp-content\/uploads\/2025\/05\/N15B-2.png","datePublished":"2025-08-28T13:29:58+00:00","dateModified":"2025-08-28T13:29:59+00:00","description":"N15B: dosificaci\u00f3n r\u00e1pida y rentable de lotes del tama\u00f1o de un cubo, con trazabilidad completa e inversi\u00f3n m\u00ednima en la producci\u00f3n de tintas, recubrimientos o productos qu\u00edmicos.","breadcrumb":{"@id":"https:\/\/www.corob.com\/es\/productos\/sistemas-novaflow\/n15b\/#breadcrumb"},"inLanguage":"es","potentialAction":[{"@type":"ReadAction","target":["https:\/\/www.corob.com\/es\/productos\/sistemas-novaflow\/n15b\/"]}]},{"@type":"ImageObject","inLanguage":"es","@id":"https:\/\/www.corob.com\/es\/productos\/sistemas-novaflow\/n15b\/#primaryimage","url":"https:\/\/www.corob.com\/wp-content\/uploads\/2025\/05\/N15B-2.png","contentUrl":"https:\/\/www.corob.com\/wp-content\/uploads\/2025\/05\/N15B-2.png","width":1200,"height":1200,"caption":"NOVAFLOW N15B automatic weight-based dispenser"},{"@type":"BreadcrumbList","@id":"https:\/\/www.corob.com\/es\/productos\/sistemas-novaflow\/n15b\/#breadcrumb","itemListElement":[{"@type":"ListItem","position":1,"name":"Home","item":"https:\/\/www.corob.com\/es\/"},{"@type":"ListItem","position":2,"name":"PRODUCTOS","item":"https:\/\/www.corob.com\/es\/productos\/"},{"@type":"ListItem","position":3,"name":"N15B"}]},{"@type":"WebSite","@id":"https:\/\/www.corob.com\/es\/#website","url":"https:\/\/www.corob.com\/es\/","name":"COROB","description":"High-tech dispensing and mixing solutions for paints and coatings systems","publisher":{"@id":"https:\/\/www.corob.com\/es\/#organization"},"potentialAction":[{"@type":"SearchAction","target":{"@type":"EntryPoint","urlTemplate":"https:\/\/www.corob.com\/es\/?s={search_term_string}"},"query-input":{"@type":"PropertyValueSpecification","valueRequired":true,"valueName":"search_term_string"}}],"inLanguage":"es"},{"@type":"Organization","@id":"https:\/\/www.corob.com\/es\/#organization","name":"COROB","url":"https:\/\/www.corob.com\/es\/","logo":{"@type":"ImageObject","inLanguage":"es","@id":"https:\/\/www.corob.com\/es\/#\/schema\/logo\/image\/","url":"https:\/\/www.corob.com\/wp-content\/uploads\/2020\/01\/COROB-240.png","contentUrl":"https:\/\/www.corob.com\/wp-content\/uploads\/2020\/01\/COROB-240.png","width":240,"height":73,"caption":"COROB"},"image":{"@id":"https:\/\/www.corob.com\/es\/#\/schema\/logo\/image\/"},"sameAs":["https:\/\/www.linkedin.com\/company\/corob\/","https:\/\/www.youtube.com\/channel\/UCxnFt4FEhuhdm87NAb27qBQ"]}]}},"_links":{"self":[{"href":"https:\/\/www.corob.com\/es\/wp-json\/wp\/v2\/product\/23761","targetHints":{"allow":["GET"]}}],"collection":[{"href":"https:\/\/www.corob.com\/es\/wp-json\/wp\/v2\/product"}],"about":[{"href":"https:\/\/www.corob.com\/es\/wp-json\/wp\/v2\/types\/product"}],"wp:featuredmedia":[{"embeddable":true,"href":"https:\/\/www.corob.com\/es\/wp-json\/wp\/v2\/media\/20516"}],"wp:attachment":[{"href":"https:\/\/www.corob.com\/es\/wp-json\/wp\/v2\/media?parent=23761"}],"wp:term":[{"taxonomy":"product_brand","embeddable":true,"href":"https:\/\/www.corob.com\/es\/wp-json\/wp\/v2\/product_brand?post=23761"},{"taxonomy":"product_cat","embeddable":true,"href":"https:\/\/www.corob.com\/es\/wp-json\/wp\/v2\/product_cat?post=23761"},{"taxonomy":"product_tag","embeddable":true,"href":"https:\/\/www.corob.com\/es\/wp-json\/wp\/v2\/product_tag?post=23761"}],"curies":[{"name":"wp","href":"https:\/\/api.w.org\/{rel}","templated":true}]}}