{"id":23762,"date":"2025-08-28T13:33:42","date_gmt":"2025-08-28T13:33:42","guid":{"rendered":"https:\/\/www.corob.com\/products\/sin%20categor\u00eda\/nova\/"},"modified":"2025-08-28T13:33:42","modified_gmt":"2025-08-28T13:33:42","slug":"nova","status":"publish","type":"product","link":"https:\/\/www.corob.com\/es\/productos\/sistemas-novaflow\/nova\/","title":{"rendered":"NOVA+"},"content":{"rendered":"<p><div class=\"fusion-fullwidth fullwidth-box fusion-builder-row-1 fusion-flex-container has-pattern-background has-mask-background nonhundred-percent-fullwidth non-hundred-percent-height-scrolling\" style=\"--awb-border-radius-top-left:0px;--awb-border-radius-top-right:0px;--awb-border-radius-bottom-right:0px;--awb-border-radius-bottom-left:0px;--awb-flex-wrap:wrap;\" id=\"Container-Exceptional\" ><div class=\"fusion-builder-row fusion-row fusion-flex-align-items-flex-start fusion-flex-content-wrap\" style=\"max-width:1456px;margin-left: calc(-4% \/ 2 );margin-right: calc(-4% \/ 2 );\"><div class=\"fusion-layout-column fusion_builder_column fusion-builder-column-0 fusion_builder_column_1_1 1_1 fusion-flex-column\" style=\"--awb-bg-size:cover;--awb-width-large:100%;--awb-margin-top-large:0px;--awb-spacing-right-large:1.92%;--awb-margin-bottom-large:20px;--awb-spacing-left-large:1.92%;--awb-width-medium:100%;--awb-order-medium:0;--awb-spacing-right-medium:1.92%;--awb-spacing-left-medium:1.92%;--awb-width-small:100%;--awb-order-small:0;--awb-spacing-right-small:1.92%;--awb-spacing-left-small:1.92%;\"><div class=\"fusion-column-wrapper fusion-column-has-shadow fusion-flex-justify-content-flex-start fusion-content-layout-column\"><div class=\"fusion-text fusion-text-1\" style=\"--awb-content-alignment:center;--awb-font-size:28px;\"><p>Presentamos el <strong>dosificador autom\u00e1tico basado en peso NOVA+<\/strong>, un <strong>sistema modular<\/strong> de vanguardia dise\u00f1ado para superar las expectativas en la dosificaci\u00f3n de <strong>tinta de impresi\u00f3n, pintura, colorantes y productos qu\u00edmicos<\/strong>.<\/p>\n<\/div><\/div><\/div><\/div><\/div><div class=\"fusion-fullwidth fullwidth-box fusion-builder-row-2 has-pattern-background has-mask-background nonhundred-percent-fullwidth non-hundred-percent-height-scrolling\" style=\"--awb-border-radius-top-left:0px;--awb-border-radius-top-right:0px;--awb-border-radius-bottom-right:0px;--awb-border-radius-bottom-left:0px;--awb-flex-wrap:wrap;\" id=\"Container-Features\" ><div class=\"fusion-builder-row fusion-row\"><div class=\"fusion-layout-column fusion_builder_column fusion-builder-column-1 fusion_builder_column_1_2 1_2 fusion-one-half fusion-column-first\" style=\"--awb-bg-size:cover;width:50%;width:calc(50% - ( ( 4% ) * 0.5 ) );margin-right: 4%;\"><div class=\"fusion-column-wrapper fusion-column-has-shadow fusion-flex-column-wrapper-legacy\"><div class=\"fusion-clearfix\"><\/div><\/div><\/div><div class=\"fusion-layout-column fusion_builder_column fusion-builder-column-2 fusion_builder_column_1_2 1_2 fusion-one-half fusion-column-last\" style=\"--awb-bg-size:cover;width:50%;width:calc(50% - ( ( 4% ) * 0.5 ) );\"><div class=\"fusion-column-wrapper fusion-column-has-shadow fusion-flex-column-wrapper-legacy\"><div class=\"fusion-clearfix\"><\/div><\/div><\/div><div class=\"fusion-layout-column fusion_builder_column fusion-builder-column-3 fusion_builder_column_1_1 1_1 fusion-one-full fusion-column-first fusion-column-last\" style=\"--awb-bg-size:cover;\"><div class=\"fusion-column-wrapper fusion-column-has-shadow fusion-flex-column-wrapper-legacy\"><div class=\"fusion-text fusion-text-2\"><p>Bas\u00e1ndose en el legado de 30 a\u00f1os de Novaflow como l\u00edder en tecnolog\u00eda de la industria, los <strong>sistemas de dosificaci\u00f3n modular NOVA+<\/strong> ofrecen una fiabilidad, un soporte al cliente y unos servicios t\u00e9cnicos inigualables.<\/p>\n<p>El dosificador NOVA+ lleva la innovaci\u00f3n al siguiente nivel, mejorando dr\u00e1sticamente el rendimiento y la productividad del sistema.<\/p>\n<p>Su dise\u00f1o modular permite configuraciones personalizadas desde cero, lo que garantiza una combinaci\u00f3n perfecta para su aplicaci\u00f3n espec\u00edfica y sus requisitos operativos.<\/p>\n<p>El revolucionario algoritmo de dosificaci\u00f3n NOVA+ <strong>supervisa continuamente las variaciones<\/strong> <strong>del proceso<\/strong> y ajusta las operaciones del sistema en <strong>tiempo real<\/strong>, garantizando que cada lote se produzca de forma r\u00e1pida y precisa.<\/p>\n<p>El control del dosificador se gestiona mediante un PLC seguro, mientras que las operaciones de alto nivel, la gesti\u00f3n de materiales y los informes se gestionan mediante una versi\u00f3n actualizada del reconocido software de Novaflow.<\/p>\n<p>Adem\u00e1s, NOVA+ cuenta con recirculaci\u00f3n total exclusiva, v\u00e1lvulas multietapa y un sistema \u00fanico de limpieza individualizada de v\u00e1lvulas, <strong>lo que garantiza una mayor eficacia de la limpieza<\/strong>.<\/p>\n<p>Experimente una <strong>eficiencia y precisi\u00f3n sin igual<\/strong> con los nuevos dosificadores autom\u00e1ticos basados en peso NOVA+.<\/p>\n<\/div><div class=\"fusion-clearfix\"><\/div><\/div><\/div><\/div><\/div><div class=\"fusion-fullwidth fullwidth-box fusion-builder-row-3 has-pattern-background has-mask-background nonhundred-percent-fullwidth non-hundred-percent-height-scrolling\" style=\"--awb-border-radius-top-left:0px;--awb-border-radius-top-right:0px;--awb-border-radius-bottom-right:0px;--awb-border-radius-bottom-left:0px;--awb-padding-bottom:20px;--awb-flex-wrap:wrap;\" id=\"Container-Technical-Data\" ><div class=\"fusion-builder-row fusion-row\"><div class=\"fusion-layout-column fusion_builder_column fusion-builder-column-4 fusion_builder_column_1_2 1_2 fusion-one-half fusion-column-first\" style=\"--awb-bg-size:cover;width:48%; margin-right: 4%;\"><div class=\"fusion-column-wrapper fusion-column-has-shadow fusion-flex-column-wrapper-legacy\"><div class=\"fusion-title title fusion-title-1 fusion-sep-none fusion-title-text fusion-title-size-three\"><h3 class=\"fusion-title-heading title-heading-left fusion-responsive-typography-calculated\" style=\"margin:0;--fontSize:28;--minFontSize:28;line-height:1.2;\">Technical data<\/h3><\/div><div class=\"fusion-clearfix\"><\/div><\/div><\/div><div class=\"fusion-layout-column fusion_builder_column fusion-builder-column-5 fusion_builder_column_1_1 1_1 fusion-one-full fusion-column-last\" style=\"--awb-bg-size:cover;--awb-margin-bottom:0px;\"><div class=\"fusion-column-wrapper fusion-flex-column-wrapper-legacy\">\n<div class=\"table-1\">\n<table width=\"100%\">\n<tbody>\n<tr>\n<td align=\"left\" width=\"20%\"><\/td>\n<td align=\"center\" width=\"40%\"><strong>Est\u00e1ndar<\/strong><\/td>\n<td align=\"center\" width=\"40%\"><strong>EX<\/strong><\/td>\n<\/tr>\n<tr>\n<td align=\"left\">Entorno de trabajo<\/td>\n<td align=\"left\">No peligroso<\/td>\n<td align=\"left\">Peligroso<\/td>\n<\/tr>\n<tr>\n<td align=\"left\">Aplicaci\u00f3n<\/td>\n<td align=\"left\">Productos a base de agua y UV<\/td>\n<td align=\"left\">Productos a base de disolventes<\/td>\n<\/tr>\n<tr>\n<td align=\"left\">N\u00famero de circuitos<\/td>\n<td align=\"left\">16, 28, 32, 48 o personalizado<\/td>\n<td align=\"left\">16, 28, 32, 48 o personalizado<\/td>\n<\/tr>\n<tr>\n<td align=\"left\">Tipo de circuitos<\/td>\n<td align=\"left\">Completamente configurable y puede incluir cualquier combinaci\u00f3n de: cubos, bidones, contenedores de polietileno, IBC,<\/td>\n<td align=\"left\">Completamente configurable y puede incluir cualquier combinaci\u00f3n de: cubos, bidones, contenedores de polietileno, IBC,<\/td>\n<\/tr>\n<tr>\n<td align=\"left\">Apertura m\u00ednima del contenedor<\/td>\n<td align=\"left\">60 mm (2,25\u201d) \/ 215 mm (8,5\u201d) \/ 300 mm (11,75\u201d) o m\u00e1s grande<\/td>\n<td align=\"left\">60 mm (2,25\u201d) \/ 215 mm (8,5\u201d) \/ 300 mm (11,75\u201d) o m\u00e1s grande<\/td>\n<\/tr>\n<tr>\n<td align=\"left\">Tama\u00f1o t\u00edpico del lote<\/td>\n<td align=\"left\">Desde 0,5 l hasta 3000 l (0,15 &#8211; 800 USG)<\/td>\n<td align=\"left\">Desde 0,5 l hasta 3000 l (0,15 &#8211; 800 USG)<\/td>\n<\/tr>\n<tr>\n<td align=\"left\">Viscosidad del producto<\/td>\n<td align=\"left\">1000000 CPS Max.<\/td>\n<td align=\"left\">1000000 CPS Max.<\/td>\n<\/tr>\n<tr>\n<td align=\"left\">Rendimiento<\/td>\n<td align=\"left\">Hasta 76 l\/min (entorno no peligroso)<\/td>\n<td align=\"left\">Hasta 76 l\/min (entorno no peligroso)<\/td>\n<\/tr>\n<tr>\n<td align=\"left\">Tipo de v\u00e1lvula<\/td>\n<td align=\"left\">V\u00e1lvula SelectFlow de dos etapas y\/o v\u00e1lvula MultiFlow de tres etapas<\/td>\n<td align=\"left\">V\u00e1lvula SelectFlow de dos etapas y\/o v\u00e1lvula MultiFlow de tres etapas<\/td>\n<\/tr>\n<tr>\n<td align=\"left\">Precisi\u00f3n*<\/td>\n<td align=\"left\">A partir de \u00b1 0,4 g, dependiendo de la escala<\/td>\n<td align=\"left\">A partir de \u00b1 0,4 g, dependiendo de la escala<\/td>\n<\/tr>\n<tr>\n<td align=\"left\">Tama\u00f1o de la bomba<\/td>\n<td align=\"left\">DN12 &#8211; 1\/2\u201d y\/o DN25 &#8211; 1\u201d y\/o DN38 &#8211; 1 \u00bd\u201d<\/td>\n<td align=\"left\">DN12 &#8211; 1\/2\u201d y\/o DN25 &#8211; 1\u201d y\/o DN38 &#8211; 1 \u00bd\u201d<\/td>\n<\/tr>\n<tr>\n<td align=\"left\">Limpiador de v\u00e1lvulas<\/td>\n<td align=\"left\">Totalmente autom\u00e1tico<\/td>\n<td align=\"left\">Totalmente autom\u00e1tico<\/td>\n<\/tr>\n<tr>\n<td align=\"left\">Escala<\/td>\n<td align=\"left\">6 &#8211; 3000 kg (12 &#8211; 6000 lb)<\/td>\n<td align=\"left\">6 &#8211; 3000 kg (12 &#8211; 6000 lb)<\/td>\n<\/tr>\n<tr>\n<td align=\"left\">Gabinete<\/td>\n<td align=\"left\">Gabinete IP55 \/ NEMA 4x<\/td>\n<td align=\"left\">Gabinete IP55 \/ NEMA 4x purgado<\/td>\n<\/tr>\n<tr>\n<td align=\"left\">Cumplimiento de seguridad\/certificaciones<\/td>\n<td align=\"left\">CE, ESA, CSA, UL, FM Clase 1\/Divisi\u00f3n 1<\/td>\n<td align=\"left\">IECx y ATEX Zona 1\/2<\/td>\n<\/tr>\n<tr>\n<td align=\"left\">Superficie ocupada<\/td>\n<td align=\"left\">Depende de la configuraci\u00f3n de la base de la m\u00e1quina<\/td>\n<td align=\"left\">Depende de la configuraci\u00f3n de la base de la m\u00e1quina<\/td>\n<\/tr>\n<\/tbody>\n<\/table>\n<\/div>\n<div class=\"fusion-text fusion-text-3\"><p><em>* Valores muy afectados por la naturaleza de los productos y sus propiedades reol\u00f3gicas. Valores dependientes del tama\u00f1o de la v\u00e1lvula y la combinaci\u00f3n del tipo de escala. <\/em><br \/>\nNota: los datos se refieren a la configuraci\u00f3n base de la m\u00e1quina, los valores pueden variar seg\u00fan las diferentes especificaciones.<\/p>\n<\/div><div class=\"fusion-clearfix\"><\/div><\/div><\/div><\/div><\/div><div class=\"fusion-fullwidth fullwidth-box fusion-builder-row-4 has-pattern-background has-mask-background nonhundred-percent-fullwidth non-hundred-percent-height-scrolling\" style=\"--awb-border-radius-top-left:0px;--awb-border-radius-top-right:0px;--awb-border-radius-bottom-right:0px;--awb-border-radius-bottom-left:0px;--awb-padding-top:20px;--awb-padding-bottom:20px;--awb-flex-wrap:wrap;\" id=\"Container-Download-Area\" ><div class=\"fusion-builder-row fusion-row\"><div class=\"fusion-layout-column fusion_builder_column fusion-builder-column-6 fusion_builder_column_1_2 1_2 fusion-one-half fusion-column-first\" style=\"--awb-bg-size:cover;width:48%; margin-right: 4%;\"><div class=\"fusion-column-wrapper fusion-column-has-shadow fusion-flex-column-wrapper-legacy\"><div class=\"fusion-title title fusion-title-2 fusion-sep-none fusion-title-text fusion-title-size-three\"><h3 class=\"fusion-title-heading title-heading-left fusion-responsive-typography-calculated\" style=\"margin:0;--fontSize:28;--minFontSize:28;line-height:1.2;\">Download area<\/h3><\/div><div class=\"fusion-clearfix\"><\/div><\/div><\/div><div class=\"fusion-layout-column fusion_builder_column fusion-builder-column-7 fusion_builder_column_1_1 1_1 fusion-one-full fusion-column-last\" style=\"--awb-bg-size:cover;--awb-margin-bottom:0px;\"><div class=\"fusion-column-wrapper fusion-flex-column-wrapper-legacy\"><div class=\"fusion-builder-row fusion-builder-row-inner fusion-row\"><div class=\"fusion-layout-column fusion_builder_column_inner fusion-builder-nested-column-0 fusion_builder_column_inner_1_2 1_2 fusion-one-half fusion-column-first\" style=\"--awb-padding-top:20px;--awb-padding-right:20px;--awb-padding-bottom:20px;--awb-padding-left:20px;--awb-bg-size:cover;--awb-border-color:#eaeaea;--awb-border-top:1px;--awb-border-right:1px;--awb-border-bottom:1px;--awb-border-left:1px;--awb-border-style:solid;width:50%;width:calc(50% - ( ( 40px ) * 0.5 ) );margin-right: 40px;\"><div class=\"fusion-column-wrapper fusion-column-has-shadow fusion-flex-column-wrapper-legacy\"><div class=\"fusion-title title fusion-title-3 fusion-sep-none fusion-title-text fusion-title-size-five\" style=\"--awb-margin-bottom:20px;\"><h5 class=\"fusion-title-heading title-heading-left fusion-responsive-typography-calculated\" style=\"margin:0;--fontSize:20;--minFontSize:20;line-height:1.2;\">BROCHURE<\/h5><\/div><div class=\"fusion-text fusion-text-4\"><p><i class=\"fb-icon-element-1 fb-icon-element fontawesome-icon fa-book fas circle-no fusion-text-flow\" style=\"--awb-iconcolor:#606060;--awb-iconcolor-hover:#606060;--awb-font-size:32px;--awb-margin-right:20px;\"><\/i><a class=\"download-link\" title=\"\" href=\"https:\/\/www.corob.com\/es\/download\/20800\/\" rel=\"nofollow\">\n\tNOVA+ Brochure English<\/a><\/p>\n<\/div><div class=\"fusion-clearfix\"><\/div><\/div><\/div><\/div><div class=\"fusion-clearfix\"><\/div><\/div><\/div><\/div><\/div><\/p>\n","protected":false},"excerpt":{"rendered":"<h2>La \u00faltima tecnolog\u00eda de dosificaci\u00f3n en un dise\u00f1o modular y configurable<\/h2>\n[fusion_checklist icon=\"fa-check fas\" iconcolor=\"#cf102d\" circle=\"no\" circlecolor=\"\" size=\"\" divider=\"no\" divider_color=\"\" hide_on_mobile=\"small-visibility,medium-visibility,large-visibility\" class=\"\" id=\"\"][fusion_li_item icon=\"\"]<strong>MODULAR POR DISE\u00d1O<\/strong><br \/>\nPersonalizable desde cero para que coincida perfectamente con sus necesidades de producci\u00f3n y limitaciones de espacio[\/fusion_li_item][fusion_li_item icon=\"\"]<strong>PRECISI\u00d3N EN TIEMPO REAL<\/strong><br \/>\nEl algoritmo avanzado ajusta las operaciones en vivo, garantizando que cada lote sea r\u00e1pido, preciso y consistente[\/fusion_li_item][fusion_li_item icon=\"\"]<strong>LIMPIO Y EFICIENTE<\/strong><br \/>\nEl exclusivo sistema de limpieza de v\u00e1lvulas y recirculaci\u00f3n total mejora la higiene y reduce el tiempo de inactividad[\/fusion_li_item][fusion_li_item icon=\"\"]<strong>CONTROL TOTAL DEL SISTEMA<\/strong><br \/>\nEl PLC seguro y el software actualizado proporcionan visibilidad total, gesti\u00f3n de materiales e informes[\/fusion_li_item]<br \/>\n[\/fusion_checklist]\n","protected":false},"featured_media":20509,"template":"","meta":{"_acf_changed":false},"product_brand":[],"product_cat":[572],"product_tag":[],"class_list":{"0":"post-23762","1":"product","2":"type-product","3":"status-publish","4":"has-post-thumbnail","6":"product_cat-sistemas-novaflow","8":"first","9":"instock","10":"shipping-taxable","11":"product-type-simple"},"acf":[],"yoast_head":"<!-- This site is optimized with the Yoast SEO plugin v25.5 - https:\/\/yoast.com\/wordpress\/plugins\/seo\/ -->\n<title>Sistema de dosificaci\u00f3n modular | NOVA+<\/title>\n<meta name=\"description\" content=\"NOVA+ es un sistema de dosificaci\u00f3n modular de alta precisi\u00f3n con control en tiempo real, limpieza avanzada e integraci\u00f3n total del software.\" \/>\n<meta name=\"robots\" content=\"index, follow, max-snippet:-1, max-image-preview:large, max-video-preview:-1\" \/>\n<link rel=\"canonical\" href=\"https:\/\/www.corob.com\/es\/productos\/sistemas-novaflow\/nova\/\" \/>\n<meta property=\"og:locale\" content=\"es_ES\" \/>\n<meta property=\"og:type\" content=\"article\" \/>\n<meta property=\"og:title\" content=\"Sistema de dosificaci\u00f3n modular | NOVA+\" \/>\n<meta property=\"og:description\" content=\"NOVA+ es un sistema de dosificaci\u00f3n modular de alta precisi\u00f3n con control en tiempo real, limpieza avanzada e integraci\u00f3n total del software.\" \/>\n<meta property=\"og:url\" content=\"https:\/\/www.corob.com\/es\/productos\/sistemas-novaflow\/nova\/\" \/>\n<meta property=\"og:site_name\" content=\"COROB\" \/>\n<meta property=\"og:image\" content=\"https:\/\/www.corob.com\/wp-content\/uploads\/2025\/05\/NOVA_FixedHead-1.png\" \/>\n\t<meta property=\"og:image:width\" content=\"1200\" \/>\n\t<meta property=\"og:image:height\" content=\"1200\" \/>\n\t<meta property=\"og:image:type\" content=\"image\/png\" \/>\n<meta name=\"twitter:card\" content=\"summary_large_image\" \/>\n<meta name=\"twitter:label1\" content=\"Tiempo de lectura\" \/>\n\t<meta name=\"twitter:data1\" content=\"25 minutos\" \/>\n<script type=\"application\/ld+json\" class=\"yoast-schema-graph\">{\"@context\":\"https:\/\/schema.org\",\"@graph\":[{\"@type\":\"WebPage\",\"@id\":\"https:\/\/www.corob.com\/es\/productos\/sistemas-novaflow\/nova\/\",\"url\":\"https:\/\/www.corob.com\/es\/productos\/sistemas-novaflow\/nova\/\",\"name\":\"Sistema de dosificaci\u00f3n modular | NOVA+\",\"isPartOf\":{\"@id\":\"https:\/\/www.corob.com\/es\/#website\"},\"primaryImageOfPage\":{\"@id\":\"https:\/\/www.corob.com\/es\/productos\/sistemas-novaflow\/nova\/#primaryimage\"},\"image\":{\"@id\":\"https:\/\/www.corob.com\/es\/productos\/sistemas-novaflow\/nova\/#primaryimage\"},\"thumbnailUrl\":\"https:\/\/www.corob.com\/wp-content\/uploads\/2025\/05\/NOVA_FixedHead-1.png\",\"datePublished\":\"2025-08-28T13:33:42+00:00\",\"description\":\"NOVA+ es un sistema de dosificaci\u00f3n modular de alta precisi\u00f3n con control en tiempo real, limpieza avanzada e integraci\u00f3n total del software.\",\"breadcrumb\":{\"@id\":\"https:\/\/www.corob.com\/es\/productos\/sistemas-novaflow\/nova\/#breadcrumb\"},\"inLanguage\":\"es\",\"potentialAction\":[{\"@type\":\"ReadAction\",\"target\":[\"https:\/\/www.corob.com\/es\/productos\/sistemas-novaflow\/nova\/\"]}]},{\"@type\":\"ImageObject\",\"inLanguage\":\"es\",\"@id\":\"https:\/\/www.corob.com\/es\/productos\/sistemas-novaflow\/nova\/#primaryimage\",\"url\":\"https:\/\/www.corob.com\/wp-content\/uploads\/2025\/05\/NOVA_FixedHead-1.png\",\"contentUrl\":\"https:\/\/www.corob.com\/wp-content\/uploads\/2025\/05\/NOVA_FixedHead-1.png\",\"width\":1200,\"height\":1200,\"caption\":\"NOVAFLOW NOVA+ automatic weight-based dispenser\"},{\"@type\":\"BreadcrumbList\",\"@id\":\"https:\/\/www.corob.com\/es\/productos\/sistemas-novaflow\/nova\/#breadcrumb\",\"itemListElement\":[{\"@type\":\"ListItem\",\"position\":1,\"name\":\"Home\",\"item\":\"https:\/\/www.corob.com\/es\/\"},{\"@type\":\"ListItem\",\"position\":2,\"name\":\"PRODUCTOS\",\"item\":\"https:\/\/www.corob.com\/es\/productos\/\"},{\"@type\":\"ListItem\",\"position\":3,\"name\":\"NOVA+\"}]},{\"@type\":\"WebSite\",\"@id\":\"https:\/\/www.corob.com\/es\/#website\",\"url\":\"https:\/\/www.corob.com\/es\/\",\"name\":\"COROB\",\"description\":\"High-tech dispensing and mixing solutions for paints and coatings systems\",\"publisher\":{\"@id\":\"https:\/\/www.corob.com\/es\/#organization\"},\"potentialAction\":[{\"@type\":\"SearchAction\",\"target\":{\"@type\":\"EntryPoint\",\"urlTemplate\":\"https:\/\/www.corob.com\/es\/?s={search_term_string}\"},\"query-input\":{\"@type\":\"PropertyValueSpecification\",\"valueRequired\":true,\"valueName\":\"search_term_string\"}}],\"inLanguage\":\"es\"},{\"@type\":\"Organization\",\"@id\":\"https:\/\/www.corob.com\/es\/#organization\",\"name\":\"COROB\",\"url\":\"https:\/\/www.corob.com\/es\/\",\"logo\":{\"@type\":\"ImageObject\",\"inLanguage\":\"es\",\"@id\":\"https:\/\/www.corob.com\/es\/#\/schema\/logo\/image\/\",\"url\":\"https:\/\/www.corob.com\/wp-content\/uploads\/2020\/01\/COROB-240.png\",\"contentUrl\":\"https:\/\/www.corob.com\/wp-content\/uploads\/2020\/01\/COROB-240.png\",\"width\":240,\"height\":73,\"caption\":\"COROB\"},\"image\":{\"@id\":\"https:\/\/www.corob.com\/es\/#\/schema\/logo\/image\/\"},\"sameAs\":[\"https:\/\/www.linkedin.com\/company\/corob\/\",\"https:\/\/www.youtube.com\/channel\/UCxnFt4FEhuhdm87NAb27qBQ\"]}]}<\/script>\n<!-- \/ Yoast SEO plugin. -->","yoast_head_json":{"title":"Sistema de dosificaci\u00f3n modular | NOVA+","description":"NOVA+ es un sistema de dosificaci\u00f3n modular de alta precisi\u00f3n con control en tiempo real, limpieza avanzada e integraci\u00f3n total del software.","robots":{"index":"index","follow":"follow","max-snippet":"max-snippet:-1","max-image-preview":"max-image-preview:large","max-video-preview":"max-video-preview:-1"},"canonical":"https:\/\/www.corob.com\/es\/productos\/sistemas-novaflow\/nova\/","og_locale":"es_ES","og_type":"article","og_title":"Sistema de dosificaci\u00f3n modular | NOVA+","og_description":"NOVA+ es un sistema de dosificaci\u00f3n modular de alta precisi\u00f3n con control en tiempo real, limpieza avanzada e integraci\u00f3n total del software.","og_url":"https:\/\/www.corob.com\/es\/productos\/sistemas-novaflow\/nova\/","og_site_name":"COROB","og_image":[{"width":1200,"height":1200,"url":"https:\/\/www.corob.com\/wp-content\/uploads\/2025\/05\/NOVA_FixedHead-1.png","type":"image\/png"}],"twitter_card":"summary_large_image","twitter_misc":{"Tiempo de lectura":"25 minutos"},"schema":{"@context":"https:\/\/schema.org","@graph":[{"@type":"WebPage","@id":"https:\/\/www.corob.com\/es\/productos\/sistemas-novaflow\/nova\/","url":"https:\/\/www.corob.com\/es\/productos\/sistemas-novaflow\/nova\/","name":"Sistema de dosificaci\u00f3n modular | NOVA+","isPartOf":{"@id":"https:\/\/www.corob.com\/es\/#website"},"primaryImageOfPage":{"@id":"https:\/\/www.corob.com\/es\/productos\/sistemas-novaflow\/nova\/#primaryimage"},"image":{"@id":"https:\/\/www.corob.com\/es\/productos\/sistemas-novaflow\/nova\/#primaryimage"},"thumbnailUrl":"https:\/\/www.corob.com\/wp-content\/uploads\/2025\/05\/NOVA_FixedHead-1.png","datePublished":"2025-08-28T13:33:42+00:00","description":"NOVA+ es un sistema de dosificaci\u00f3n modular de alta precisi\u00f3n con control en tiempo real, limpieza avanzada e integraci\u00f3n total del software.","breadcrumb":{"@id":"https:\/\/www.corob.com\/es\/productos\/sistemas-novaflow\/nova\/#breadcrumb"},"inLanguage":"es","potentialAction":[{"@type":"ReadAction","target":["https:\/\/www.corob.com\/es\/productos\/sistemas-novaflow\/nova\/"]}]},{"@type":"ImageObject","inLanguage":"es","@id":"https:\/\/www.corob.com\/es\/productos\/sistemas-novaflow\/nova\/#primaryimage","url":"https:\/\/www.corob.com\/wp-content\/uploads\/2025\/05\/NOVA_FixedHead-1.png","contentUrl":"https:\/\/www.corob.com\/wp-content\/uploads\/2025\/05\/NOVA_FixedHead-1.png","width":1200,"height":1200,"caption":"NOVAFLOW NOVA+ automatic weight-based dispenser"},{"@type":"BreadcrumbList","@id":"https:\/\/www.corob.com\/es\/productos\/sistemas-novaflow\/nova\/#breadcrumb","itemListElement":[{"@type":"ListItem","position":1,"name":"Home","item":"https:\/\/www.corob.com\/es\/"},{"@type":"ListItem","position":2,"name":"PRODUCTOS","item":"https:\/\/www.corob.com\/es\/productos\/"},{"@type":"ListItem","position":3,"name":"NOVA+"}]},{"@type":"WebSite","@id":"https:\/\/www.corob.com\/es\/#website","url":"https:\/\/www.corob.com\/es\/","name":"COROB","description":"High-tech dispensing and mixing solutions for paints and coatings systems","publisher":{"@id":"https:\/\/www.corob.com\/es\/#organization"},"potentialAction":[{"@type":"SearchAction","target":{"@type":"EntryPoint","urlTemplate":"https:\/\/www.corob.com\/es\/?s={search_term_string}"},"query-input":{"@type":"PropertyValueSpecification","valueRequired":true,"valueName":"search_term_string"}}],"inLanguage":"es"},{"@type":"Organization","@id":"https:\/\/www.corob.com\/es\/#organization","name":"COROB","url":"https:\/\/www.corob.com\/es\/","logo":{"@type":"ImageObject","inLanguage":"es","@id":"https:\/\/www.corob.com\/es\/#\/schema\/logo\/image\/","url":"https:\/\/www.corob.com\/wp-content\/uploads\/2020\/01\/COROB-240.png","contentUrl":"https:\/\/www.corob.com\/wp-content\/uploads\/2020\/01\/COROB-240.png","width":240,"height":73,"caption":"COROB"},"image":{"@id":"https:\/\/www.corob.com\/es\/#\/schema\/logo\/image\/"},"sameAs":["https:\/\/www.linkedin.com\/company\/corob\/","https:\/\/www.youtube.com\/channel\/UCxnFt4FEhuhdm87NAb27qBQ"]}]}},"_links":{"self":[{"href":"https:\/\/www.corob.com\/es\/wp-json\/wp\/v2\/product\/23762","targetHints":{"allow":["GET"]}}],"collection":[{"href":"https:\/\/www.corob.com\/es\/wp-json\/wp\/v2\/product"}],"about":[{"href":"https:\/\/www.corob.com\/es\/wp-json\/wp\/v2\/types\/product"}],"wp:featuredmedia":[{"embeddable":true,"href":"https:\/\/www.corob.com\/es\/wp-json\/wp\/v2\/media\/20509"}],"wp:attachment":[{"href":"https:\/\/www.corob.com\/es\/wp-json\/wp\/v2\/media?parent=23762"}],"wp:term":[{"taxonomy":"product_brand","embeddable":true,"href":"https:\/\/www.corob.com\/es\/wp-json\/wp\/v2\/product_brand?post=23762"},{"taxonomy":"product_cat","embeddable":true,"href":"https:\/\/www.corob.com\/es\/wp-json\/wp\/v2\/product_cat?post=23762"},{"taxonomy":"product_tag","embeddable":true,"href":"https:\/\/www.corob.com\/es\/wp-json\/wp\/v2\/product_tag?post=23762"}],"curies":[{"name":"wp","href":"https:\/\/api.w.org\/{rel}","templated":true}]}}