{"id":22828,"date":"2025-07-23T11:09:10","date_gmt":"2025-07-23T11:09:10","guid":{"rendered":"https:\/\/www.corob.com\/aplicacoes\/tintas-revestimentos\/"},"modified":"2025-07-23T11:09:10","modified_gmt":"2025-07-23T11:09:10","slug":"tintas-revestimentos","status":"publish","type":"page","link":"https:\/\/www.corob.com\/pt-br\/aplicacoes\/tintas-revestimentos\/","title":{"rendered":"TINTAS  REVESTIMENTOS"},"content":{"rendered":"<p><div class=\"fusion-fullwidth fullwidth-box fusion-builder-row-1 fusion-parallax-none nonhundred-percent-fullwidth non-hundred-percent-height-scrolling\" style=\"--awb-border-radius-top-left:0px;--awb-border-radius-top-right:0px;--awb-border-radius-bottom-right:0px;--awb-border-radius-bottom-left:0px;--awb-padding-top:100px;--awb-padding-bottom:100px;--awb-background-image:url(&quot;https:\/\/www.corob.com\/wp-content\/uploads\/2020\/01\/PaintCoatings-1200x431.jpg&quot;);--awb-background-size:cover;--awb-flex-wrap:wrap;\" ><div class=\"fusion-builder-row fusion-row\"><div class=\"fusion-layout-column fusion_builder_column fusion-builder-column-0 fusion_builder_column_1_1 1_1 fusion-one-full fusion-column-first fusion-column-last\" style=\"--awb-padding-right:30px;--awb-padding-left:30px;--awb-bg-size:cover;\"><div class=\"fusion-column-wrapper fusion-column-has-shadow fusion-flex-column-wrapper-legacy\"><div class=\"fusion-clearfix\"><\/div><\/div><\/div><\/div><\/div><div class=\"fusion-fullwidth fullwidth-box fusion-builder-row-2 nonhundred-percent-fullwidth non-hundred-percent-height-scrolling\" style=\"--awb-border-radius-top-left:0px;--awb-border-radius-top-right:0px;--awb-border-radius-bottom-right:0px;--awb-border-radius-bottom-left:0px;--awb-padding-top:50px;--awb-flex-wrap:wrap;\" ><div class=\"fusion-builder-row fusion-row\"><div class=\"fusion-layout-column fusion_builder_column fusion-builder-column-1 fusion_builder_column_1_1 1_1 fusion-one-full fusion-column-first fusion-column-last\" style=\"--awb-bg-size:cover;\"><div class=\"fusion-column-wrapper fusion-column-has-shadow fusion-flex-column-wrapper-legacy\"><div class=\"fusion-title title fusion-title-1 fusion-sep-none fusion-title-text fusion-title-size-one\" style=\"--awb-text-color:var(--awb-color7);--awb-font-size:36px;\"><h1 class=\"fusion-title-heading title-heading-left fusion-responsive-typography-calculated\" style=\"margin:0;font-size:1em;--fontSize:36;line-height:1;\">TINTAS  REVESTIMENTOS<\/h1><\/div><div class=\"fusion-clearfix\"><\/div><\/div><\/div><div class=\"fusion-layout-column fusion_builder_column fusion-builder-column-2 fusion_builder_column_1_2 1_2 fusion-one-half fusion-column-first\" style=\"--awb-bg-size:cover;width:50%;width:calc(50% - ( ( 4% ) * 0.5 ) );margin-right: 4%;\"><div class=\"fusion-column-wrapper fusion-column-has-shadow fusion-flex-column-wrapper-legacy\"><div class=\"fusion-text fusion-text-1\"><p>As solu\u00e7\u00f5es de dosagem COROB <strong>incorporam d\u00e9cadas de conhecimento e experi\u00eancia<\/strong>, permitindo o desenvolvimento de equipamentos de primeira linha para o mercado de colora\u00e7\u00e3o.<br \/>\nCom o lan\u00e7amento do AC10000 em 1984, o nosso <strong>primeiro dosador autom\u00e1tico totalmente simult\u00e2neo<\/strong> marcou um marco importante na tecnologia de dosagem automatizada de tintas.<\/p>\n<p>Hoje, a COROB \u00e9 um <strong>parceiro de confian\u00e7a<\/strong> para a maioria das principais empresas de tintas e revestimentos, oferecendo um <strong>portf\u00f3lio abrangente de equipamentos e servi\u00e7os<\/strong> para atender praticamente qualquer requisito\u2014desde aplica\u00e7\u00f5es decorativas at\u00e9 industriais.<\/p>\n<p>As nossas tecnologias continuam a evoluir para atender \u00e0s crescentes demandas por <strong>sustentabilidade<\/strong>, <strong>precis\u00e3o<\/strong> e <strong>efici\u00eancia<\/strong>, incluindo o manuseio de colorantes com baixo e zero VOC.<\/p>\n<p>Oferecemos uma ampla sele\u00e7\u00e3o de dosadores autom\u00e1ticos de tinta, misturadores e agitadores para atender qualquer faixa de pre\u00e7o e meta de produtividade\u2014desde ambientes compactos de ponto de venda (PDV) at\u00e9 instala\u00e7\u00f5es industriais de alto rendimento.<\/p>\n<\/div><div class=\"fusion-clearfix\"><\/div><\/div><\/div><div class=\"fusion-layout-column fusion_builder_column fusion-builder-column-3 fusion_builder_column_1_2 1_2 fusion-one-half fusion-column-last\" style=\"--awb-bg-size:cover;width:50%;width:calc(50% - ( ( 4% ) * 0.5 ) );\"><div class=\"fusion-column-wrapper fusion-column-has-shadow fusion-flex-column-wrapper-legacy\"><div class=\"fusion-text fusion-text-2\"><p>Os sistemas COROB tamb\u00e9m s\u00e3o compat\u00edveis com plataformas digitais de gest\u00e3o de cores e podem ser integrados em linhas de produ\u00e7\u00e3o automatizadas, garantindo opera\u00e7\u00e3o perfeita e rastreabilidade em todo o processo de colora\u00e7\u00e3o.<\/p>\n<\/div><ul style=\"--awb-size:20 px;--awb-line-height:34px;--awb-icon-width:34px;--awb-icon-height:34px;--awb-icon-margin:14px;--awb-content-margin:48px;\" class=\"fusion-checklist fusion-checklist-1 fusion-checklist-default type-icons\"><li class=\"fusion-li-item\" style=\"\"><span class=\"icon-wrapper circle-no\"><i class=\"fusion-li-icon awb-icon-check\" aria-hidden=\"true\"><\/i><\/span><div class=\"fusion-li-item-content\">\n<p><strong>Alta precis\u00e3o e repetibilidade<\/strong> para qualquer formula\u00e7\u00e3o de cor.<\/p>\n<\/div><\/li><li class=\"fusion-li-item\" style=\"\"><span class=\"icon-wrapper circle-no\"><i class=\"fusion-li-icon awb-icon-check\" aria-hidden=\"true\"><\/i><\/span><div class=\"fusion-li-item-content\">\n<p><strong>Controlo de qualidade mais r\u00e1pido e prazos de entrega<\/strong> para cumprir cronogramas de produ\u00e7\u00e3o apertados.<\/p>\n<\/div><\/li><li class=\"fusion-li-item\" style=\"\"><span class=\"icon-wrapper circle-no\"><i class=\"fusion-li-icon awb-icon-check\" aria-hidden=\"true\"><\/i><\/span><div class=\"fusion-li-item-content\">\n<p><strong>Produ\u00e7\u00e3o econ\u00f3mica<\/strong> de lotes pequenos e m\u00e9dios para maior flexibilidade.<\/p>\n<\/div><\/li><li class=\"fusion-li-item\" style=\"\"><span class=\"icon-wrapper circle-no\"><i class=\"fusion-li-icon awb-icon-check\" aria-hidden=\"true\"><\/i><\/span><div class=\"fusion-li-item-content\">\n<p><strong>Custos mais baixos e desperd\u00edcio reduzido<\/strong> atrav\u00e9s de dosagem otimizada e uso excessivo m\u00ednimo.<\/p>\n<\/div><\/li><li class=\"fusion-li-item\" style=\"\"><span class=\"icon-wrapper circle-no\"><i class=\"fusion-li-icon awb-icon-check\" aria-hidden=\"true\"><\/i><\/span><div class=\"fusion-li-item-content\"><strong>Suporte para conformidade regulamentar<\/strong>, incluindo padr\u00f5es de emiss\u00e3o de VOC e pr\u00e1ticas sustent\u00e1veis.<\/div><\/li><\/ul><div class=\"fusion-clearfix\"><\/div><\/div><\/div><\/div><\/div><\/p>\n","protected":false},"excerpt":{"rendered":"","protected":false},"author":1,"featured_media":0,"parent":22809,"menu_order":10,"comment_status":"closed","ping_status":"closed","template":"100-width.php","meta":{"_acf_changed":false,"footnotes":""},"class_list":["post-22828","page","type-page","status-publish","hentry"],"acf":[],"yoast_head":"<!-- This site is optimized with the Yoast SEO plugin v25.5 - https:\/\/yoast.com\/wordpress\/plugins\/seo\/ -->\n<title>Solu\u00e7\u00f5es de dosagem de tintas e revestimentos COROB<\/title>\n<meta name=\"description\" content=\"Sistemas de dosagem automatizados COROB para tintas\u2014alta precis\u00e3o, baixo desperd\u00edcio, escal\u00e1veis.\" \/>\n<meta name=\"robots\" content=\"index, follow, max-snippet:-1, max-image-preview:large, max-video-preview:-1\" \/>\n<link rel=\"canonical\" href=\"https:\/\/www.corob.com\/pt-br\/aplicacoes\/tintas-revestimentos\/\" \/>\n<meta property=\"og:locale\" content=\"pt_BR\" \/>\n<meta property=\"og:type\" content=\"article\" \/>\n<meta property=\"og:title\" content=\"Solu\u00e7\u00f5es de dosagem de tintas e revestimentos COROB\" \/>\n<meta property=\"og:description\" content=\"Sistemas de dosagem automatizados COROB para tintas\u2014alta precis\u00e3o, baixo desperd\u00edcio, escal\u00e1veis.\" \/>\n<meta property=\"og:url\" content=\"https:\/\/www.corob.com\/pt-br\/aplicacoes\/tintas-revestimentos\/\" \/>\n<meta property=\"og:site_name\" content=\"COROB\" \/>\n<meta name=\"twitter:card\" content=\"summary_large_image\" \/>\n<meta name=\"twitter:label1\" content=\"Est. tempo de leitura\" \/>\n\t<meta name=\"twitter:data1\" content=\"10 minutos\" \/>\n<script type=\"application\/ld+json\" class=\"yoast-schema-graph\">{\"@context\":\"https:\/\/schema.org\",\"@graph\":[{\"@type\":\"WebPage\",\"@id\":\"https:\/\/www.corob.com\/pt-br\/aplicacoes\/tintas-revestimentos\/\",\"url\":\"https:\/\/www.corob.com\/pt-br\/aplicacoes\/tintas-revestimentos\/\",\"name\":\"Solu\u00e7\u00f5es de dosagem de tintas e revestimentos COROB\",\"isPartOf\":{\"@id\":\"https:\/\/www.corob.com\/pt-br\/#website\"},\"datePublished\":\"2025-07-23T11:09:10+00:00\",\"description\":\"Sistemas de dosagem automatizados COROB para tintas\u2014alta precis\u00e3o, baixo desperd\u00edcio, escal\u00e1veis.\",\"breadcrumb\":{\"@id\":\"https:\/\/www.corob.com\/pt-br\/aplicacoes\/tintas-revestimentos\/#breadcrumb\"},\"inLanguage\":\"pt-BR\",\"potentialAction\":[{\"@type\":\"ReadAction\",\"target\":[\"https:\/\/www.corob.com\/pt-br\/aplicacoes\/tintas-revestimentos\/\"]}]},{\"@type\":\"BreadcrumbList\",\"@id\":\"https:\/\/www.corob.com\/pt-br\/aplicacoes\/tintas-revestimentos\/#breadcrumb\",\"itemListElement\":[{\"@type\":\"ListItem\",\"position\":1,\"name\":\"Home\",\"item\":\"https:\/\/www.corob.com\/pt-br\/\"},{\"@type\":\"ListItem\",\"position\":2,\"name\":\"APLICA\u00c7\u00d5ES\",\"item\":\"https:\/\/www.corob.com\/pt-br\/aplicacoes\/\"},{\"@type\":\"ListItem\",\"position\":3,\"name\":\"TINTAS REVESTIMENTOS\"}]},{\"@type\":\"WebSite\",\"@id\":\"https:\/\/www.corob.com\/pt-br\/#website\",\"url\":\"https:\/\/www.corob.com\/pt-br\/\",\"name\":\"COROB\",\"description\":\"High-tech dispensing and mixing solutions for paints and coatings systems\",\"publisher\":{\"@id\":\"https:\/\/www.corob.com\/pt-br\/#organization\"},\"potentialAction\":[{\"@type\":\"SearchAction\",\"target\":{\"@type\":\"EntryPoint\",\"urlTemplate\":\"https:\/\/www.corob.com\/pt-br\/?s={search_term_string}\"},\"query-input\":{\"@type\":\"PropertyValueSpecification\",\"valueRequired\":true,\"valueName\":\"search_term_string\"}}],\"inLanguage\":\"pt-BR\"},{\"@type\":\"Organization\",\"@id\":\"https:\/\/www.corob.com\/pt-br\/#organization\",\"name\":\"COROB\",\"url\":\"https:\/\/www.corob.com\/pt-br\/\",\"logo\":{\"@type\":\"ImageObject\",\"inLanguage\":\"pt-BR\",\"@id\":\"https:\/\/www.corob.com\/pt-br\/#\/schema\/logo\/image\/\",\"url\":\"https:\/\/www.corob.com\/wp-content\/uploads\/2020\/01\/COROB-240.png\",\"contentUrl\":\"https:\/\/www.corob.com\/wp-content\/uploads\/2020\/01\/COROB-240.png\",\"width\":240,\"height\":73,\"caption\":\"COROB\"},\"image\":{\"@id\":\"https:\/\/www.corob.com\/pt-br\/#\/schema\/logo\/image\/\"},\"sameAs\":[\"https:\/\/www.linkedin.com\/company\/corob\/\",\"https:\/\/www.youtube.com\/channel\/UCxnFt4FEhuhdm87NAb27qBQ\"]}]}<\/script>\n<!-- \/ Yoast SEO plugin. -->","yoast_head_json":{"title":"Solu\u00e7\u00f5es de dosagem de tintas e revestimentos COROB","description":"Sistemas de dosagem automatizados COROB para tintas\u2014alta precis\u00e3o, baixo desperd\u00edcio, escal\u00e1veis.","robots":{"index":"index","follow":"follow","max-snippet":"max-snippet:-1","max-image-preview":"max-image-preview:large","max-video-preview":"max-video-preview:-1"},"canonical":"https:\/\/www.corob.com\/pt-br\/aplicacoes\/tintas-revestimentos\/","og_locale":"pt_BR","og_type":"article","og_title":"Solu\u00e7\u00f5es de dosagem de tintas e revestimentos COROB","og_description":"Sistemas de dosagem automatizados COROB para tintas\u2014alta precis\u00e3o, baixo desperd\u00edcio, escal\u00e1veis.","og_url":"https:\/\/www.corob.com\/pt-br\/aplicacoes\/tintas-revestimentos\/","og_site_name":"COROB","twitter_card":"summary_large_image","twitter_misc":{"Est. tempo de leitura":"10 minutos"},"schema":{"@context":"https:\/\/schema.org","@graph":[{"@type":"WebPage","@id":"https:\/\/www.corob.com\/pt-br\/aplicacoes\/tintas-revestimentos\/","url":"https:\/\/www.corob.com\/pt-br\/aplicacoes\/tintas-revestimentos\/","name":"Solu\u00e7\u00f5es de dosagem de tintas e revestimentos COROB","isPartOf":{"@id":"https:\/\/www.corob.com\/pt-br\/#website"},"datePublished":"2025-07-23T11:09:10+00:00","description":"Sistemas de dosagem automatizados COROB para tintas\u2014alta precis\u00e3o, baixo desperd\u00edcio, escal\u00e1veis.","breadcrumb":{"@id":"https:\/\/www.corob.com\/pt-br\/aplicacoes\/tintas-revestimentos\/#breadcrumb"},"inLanguage":"pt-BR","potentialAction":[{"@type":"ReadAction","target":["https:\/\/www.corob.com\/pt-br\/aplicacoes\/tintas-revestimentos\/"]}]},{"@type":"BreadcrumbList","@id":"https:\/\/www.corob.com\/pt-br\/aplicacoes\/tintas-revestimentos\/#breadcrumb","itemListElement":[{"@type":"ListItem","position":1,"name":"Home","item":"https:\/\/www.corob.com\/pt-br\/"},{"@type":"ListItem","position":2,"name":"APLICA\u00c7\u00d5ES","item":"https:\/\/www.corob.com\/pt-br\/aplicacoes\/"},{"@type":"ListItem","position":3,"name":"TINTAS REVESTIMENTOS"}]},{"@type":"WebSite","@id":"https:\/\/www.corob.com\/pt-br\/#website","url":"https:\/\/www.corob.com\/pt-br\/","name":"COROB","description":"High-tech dispensing and mixing solutions for paints and coatings systems","publisher":{"@id":"https:\/\/www.corob.com\/pt-br\/#organization"},"potentialAction":[{"@type":"SearchAction","target":{"@type":"EntryPoint","urlTemplate":"https:\/\/www.corob.com\/pt-br\/?s={search_term_string}"},"query-input":{"@type":"PropertyValueSpecification","valueRequired":true,"valueName":"search_term_string"}}],"inLanguage":"pt-BR"},{"@type":"Organization","@id":"https:\/\/www.corob.com\/pt-br\/#organization","name":"COROB","url":"https:\/\/www.corob.com\/pt-br\/","logo":{"@type":"ImageObject","inLanguage":"pt-BR","@id":"https:\/\/www.corob.com\/pt-br\/#\/schema\/logo\/image\/","url":"https:\/\/www.corob.com\/wp-content\/uploads\/2020\/01\/COROB-240.png","contentUrl":"https:\/\/www.corob.com\/wp-content\/uploads\/2020\/01\/COROB-240.png","width":240,"height":73,"caption":"COROB"},"image":{"@id":"https:\/\/www.corob.com\/pt-br\/#\/schema\/logo\/image\/"},"sameAs":["https:\/\/www.linkedin.com\/company\/corob\/","https:\/\/www.youtube.com\/channel\/UCxnFt4FEhuhdm87NAb27qBQ"]}]}},"_links":{"self":[{"href":"https:\/\/www.corob.com\/pt-br\/wp-json\/wp\/v2\/pages\/22828","targetHints":{"allow":["GET"]}}],"collection":[{"href":"https:\/\/www.corob.com\/pt-br\/wp-json\/wp\/v2\/pages"}],"about":[{"href":"https:\/\/www.corob.com\/pt-br\/wp-json\/wp\/v2\/types\/page"}],"author":[{"embeddable":true,"href":"https:\/\/www.corob.com\/pt-br\/wp-json\/wp\/v2\/users\/1"}],"replies":[{"embeddable":true,"href":"https:\/\/www.corob.com\/pt-br\/wp-json\/wp\/v2\/comments?post=22828"}],"version-history":[{"count":2,"href":"https:\/\/www.corob.com\/pt-br\/wp-json\/wp\/v2\/pages\/22828\/revisions"}],"predecessor-version":[{"id":22830,"href":"https:\/\/www.corob.com\/pt-br\/wp-json\/wp\/v2\/pages\/22828\/revisions\/22830"}],"up":[{"embeddable":true,"href":"https:\/\/www.corob.com\/pt-br\/wp-json\/wp\/v2\/pages\/22809"}],"wp:attachment":[{"href":"https:\/\/www.corob.com\/pt-br\/wp-json\/wp\/v2\/media?parent=22828"}],"curies":[{"name":"wp","href":"https:\/\/api.w.org\/{rel}","templated":true}]}}