{"id":22837,"date":"2025-07-23T12:00:20","date_gmt":"2025-07-23T12:00:20","guid":{"rendered":"https:\/\/www.corob.com\/aplicacoes\/tintas-de-impressao\/"},"modified":"2025-07-23T12:00:20","modified_gmt":"2025-07-23T12:00:20","slug":"tintas-de-impressao","status":"publish","type":"page","link":"https:\/\/www.corob.com\/pt-br\/aplicacoes\/tintas-de-impressao\/","title":{"rendered":"TINTAS DE IMPRESS\u00c3O"},"content":{"rendered":"<p><div class=\"fusion-fullwidth fullwidth-box fusion-builder-row-1 fusion-parallax-none nonhundred-percent-fullwidth non-hundred-percent-height-scrolling\" style=\"--awb-border-radius-top-left:0px;--awb-border-radius-top-right:0px;--awb-border-radius-bottom-right:0px;--awb-border-radius-bottom-left:0px;--awb-padding-top:100px;--awb-padding-bottom:100px;--awb-background-image:url(&quot;https:\/\/www.corob.com\/wp-content\/uploads\/2020\/01\/Inks-1200x431.jpg&quot;);--awb-background-size:cover;--awb-flex-wrap:wrap;\" ><div class=\"fusion-builder-row fusion-row\"><div class=\"fusion-layout-column fusion_builder_column fusion-builder-column-0 fusion_builder_column_1_1 1_1 fusion-one-full fusion-column-first fusion-column-last\" style=\"--awb-padding-right:30px;--awb-padding-left:30px;--awb-bg-size:cover;\"><div class=\"fusion-column-wrapper fusion-column-has-shadow fusion-flex-column-wrapper-legacy\"><div class=\"fusion-clearfix\"><\/div><\/div><\/div><\/div><\/div><div class=\"fusion-fullwidth fullwidth-box fusion-builder-row-2 nonhundred-percent-fullwidth non-hundred-percent-height-scrolling\" style=\"--awb-border-radius-top-left:0px;--awb-border-radius-top-right:0px;--awb-border-radius-bottom-right:0px;--awb-border-radius-bottom-left:0px;--awb-padding-top:50px;--awb-flex-wrap:wrap;\" ><div class=\"fusion-builder-row fusion-row\"><div class=\"fusion-layout-column fusion_builder_column fusion-builder-column-1 fusion_builder_column_1_1 1_1 fusion-one-full fusion-column-first fusion-column-last\" style=\"--awb-bg-size:cover;\"><div class=\"fusion-column-wrapper fusion-column-has-shadow fusion-flex-column-wrapper-legacy\"><div class=\"fusion-title title fusion-title-1 fusion-sep-none fusion-title-text fusion-title-size-one\" style=\"--awb-text-color:var(--awb-color7);--awb-font-size:36px;\"><h1 class=\"fusion-title-heading title-heading-left fusion-responsive-typography-calculated\" style=\"margin:0;font-size:1em;--fontSize:36;line-height:1;\">TINTAS DE IMPRESS\u00c3O<\/h1><\/div><div class=\"fusion-clearfix\"><\/div><\/div><\/div><div class=\"fusion-layout-column fusion_builder_column fusion-builder-column-2 fusion_builder_column_1_2 1_2 fusion-one-half fusion-column-first\" style=\"--awb-bg-size:cover;width:50%;width:calc(50% - ( ( 4% ) * 0.5 ) );margin-right: 4%;\"><div class=\"fusion-column-wrapper fusion-column-has-shadow fusion-flex-column-wrapper-legacy\"><div class=\"fusion-text fusion-text-1\"><p>As tecnologias COROB, combinadas com a <strong>linha de produtos Novaflow<\/strong>, oferecem uma gama abrangente de solu\u00e7\u00f5es para <strong>aplica\u00e7\u00f5es de tinta<\/strong> em toda a ind\u00fastria de impress\u00e3o.<\/p>\n<p>Apoiamos um <strong>amplo espectro de processos<\/strong>, incluindo impress\u00e3o flexogr\u00e1fica, rotogravura, serigrafia e litogr\u00e1fica, utilizando tintas plastisol, \u00e0 base de \u00e1gua, cur\u00e1veis por UV ou \u00e0 base de \u00f3leo para aplica\u00e7\u00f5es de embalagem e t\u00eaxtil.<\/p>\n<p>As nossas solu\u00e7\u00f5es v\u00e3o desde <strong>unidades manuais de n\u00edvel b\u00e1sico<\/strong> at\u00e9 <strong>sistemas industriais totalmente automatizados<\/strong>, todos projetados para manusear com seguran\u00e7a tanto <strong>tintas \u00e0 base de \u00e1gua quanto de solvente<\/strong>. A tecnologia \u00e0 prova de explos\u00e3o garante conformidade com os padr\u00f5es de seguran\u00e7a ao trabalhar com materiais perigosos. <\/p>\n<p>Os sistemas de dosagem de tinta NOVAFLOW s\u00e3o projetados para ser:<\/p>\n<\/div><ul style=\"--awb-size:20px;--awb-line-height:34px;--awb-icon-width:34px;--awb-icon-height:34px;--awb-icon-margin:14px;--awb-content-margin:48px;\" class=\"fusion-checklist fusion-checklist-1 fusion-checklist-default type-icons\"><li class=\"fusion-li-item\" style=\"\"><span class=\"icon-wrapper circle-no\"><i class=\"fusion-li-icon awb-icon-check\" aria-hidden=\"true\"><\/i><\/span><div class=\"fusion-li-item-content\"><strong>Flex\u00edveis<\/strong> \u2013 Capazes de personalizar a produ\u00e7\u00e3o de qualquer cor ou quantidade sob demanda, apoiando tiragens curtas e mudan\u00e7as frequentes.<\/div><\/li><li class=\"fusion-li-item\" style=\"\"><span class=\"icon-wrapper circle-no\"><i class=\"fusion-li-icon awb-icon-check\" aria-hidden=\"true\"><\/i><\/span><div class=\"fusion-li-item-content\"><strong>Eficientes<\/strong> \u2013 Otimizados para gerir o fluxo de processos, simplificar o manuseamento de pedidos e melhorar a log\u00edstica de armazenamento de tinta.<\/div><\/li><li class=\"fusion-li-item\" style=\"\"><span class=\"icon-wrapper circle-no\"><i class=\"fusion-li-icon awb-icon-check\" aria-hidden=\"true\"><\/i><\/span><div class=\"fusion-li-item-content\"><strong>Inteligentes<\/strong> \u2013 Equipados com sistemas de gest\u00e3o avan\u00e7ados que melhoram a reutiliza\u00e7\u00e3o de materiais, reduzem o desperd\u00edcio e melhoram a efici\u00eancia da cadeia de abastecimento.<\/div><\/li><\/ul><div class=\"fusion-clearfix\"><\/div><\/div><\/div><div class=\"fusion-layout-column fusion_builder_column fusion-builder-column-3 fusion_builder_column_1_2 1_2 fusion-one-half fusion-column-last\" style=\"--awb-bg-size:cover;width:50%;width:calc(50% - ( ( 4% ) * 0.5 ) );\"><div class=\"fusion-column-wrapper fusion-column-has-shadow fusion-flex-column-wrapper-legacy\"><div class=\"fusion-text fusion-text-2\"><p>Seja para conversores de embalagens, impressores t\u00eaxteis ou produtores de tintas especiais, a COROB oferece sistemas de dosagem confi\u00e1veis e de alto desempenho adaptados \u00e0s suas necessidades operacionais e or\u00e7amentais.<\/p>\n<p>Caracter\u00edsticas adicionais incluem:<\/p>\n<\/div><ul style=\"--awb-size:20px;--awb-line-height:34px;--awb-icon-width:34px;--awb-icon-height:34px;--awb-icon-margin:14px;--awb-content-margin:48px;\" class=\"fusion-checklist fusion-checklist-2 fusion-checklist-default type-icons\"><li class=\"fusion-li-item\" style=\"\"><span class=\"icon-wrapper circle-no\"><i class=\"fusion-li-icon awb-icon-check\" aria-hidden=\"true\"><\/i><\/span><div class=\"fusion-li-item-content\">\n<p>Integra\u00e7\u00e3o com software de correspond\u00eancia de cores e formula\u00e7\u00e3o para resultados precisos e repet\u00edveis.<\/p>\n<\/div><\/li><li class=\"fusion-li-item\" style=\"\"><span class=\"icon-wrapper circle-no\"><i class=\"fusion-li-icon awb-icon-check\" aria-hidden=\"true\"><\/i><\/span><div class=\"fusion-li-item-content\">\n<p>Configura\u00e7\u00f5es modulares para escalar com o crescimento da produ\u00e7\u00e3o.<\/p>\n<\/div><\/li><li class=\"fusion-li-item\" style=\"\"><span class=\"icon-wrapper circle-no\"><i class=\"fusion-li-icon awb-icon-check\" aria-hidden=\"true\"><\/i><\/span><div class=\"fusion-li-item-content\">\n<p>Compatibilidade com tintas especiais e aditivos, incluindo met\u00e1licas, fluorescentes e formula\u00e7\u00f5es de alta viscosidade.<\/p>\n<\/div><\/li><\/ul><div class=\"fusion-clearfix\"><\/div><\/div><\/div><\/div><\/div><\/p>\n","protected":false},"excerpt":{"rendered":"","protected":false},"author":1,"featured_media":0,"parent":22809,"menu_order":20,"comment_status":"closed","ping_status":"closed","template":"100-width.php","meta":{"_acf_changed":false,"footnotes":""},"class_list":["post-22837","page","type-page","status-publish","hentry"],"acf":[],"yoast_head":"<!-- This site is optimized with the Yoast SEO plugin v25.5 - https:\/\/yoast.com\/wordpress\/plugins\/seo\/ -->\n<title>Sistemas de dosagem de tinta COROB para impress\u00e3o industrial<\/title>\n<meta name=\"description\" content=\"Sistemas de dosagem de tinta COROB escal\u00e1veis e \u00e0 prova de explos\u00e3o. Novaflow ideal para flexo, rotogravura e t\u00eaxtil.\" \/>\n<meta name=\"robots\" content=\"index, follow, max-snippet:-1, max-image-preview:large, max-video-preview:-1\" \/>\n<link rel=\"canonical\" href=\"https:\/\/www.corob.com\/pt-br\/aplicacoes\/tintas-de-impressao\/\" \/>\n<meta property=\"og:locale\" content=\"pt_BR\" \/>\n<meta property=\"og:type\" content=\"article\" \/>\n<meta property=\"og:title\" content=\"Sistemas de dosagem de tinta COROB para impress\u00e3o industrial\" \/>\n<meta property=\"og:description\" content=\"Sistemas de dosagem de tinta COROB escal\u00e1veis e \u00e0 prova de explos\u00e3o. Novaflow ideal para flexo, rotogravura e t\u00eaxtil.\" \/>\n<meta property=\"og:url\" content=\"https:\/\/www.corob.com\/pt-br\/aplicacoes\/tintas-de-impressao\/\" \/>\n<meta property=\"og:site_name\" content=\"COROB\" \/>\n<meta name=\"twitter:card\" content=\"summary_large_image\" \/>\n<meta name=\"twitter:label1\" content=\"Est. tempo de leitura\" \/>\n\t<meta name=\"twitter:data1\" content=\"10 minutos\" \/>\n<script type=\"application\/ld+json\" class=\"yoast-schema-graph\">{\"@context\":\"https:\/\/schema.org\",\"@graph\":[{\"@type\":\"WebPage\",\"@id\":\"https:\/\/www.corob.com\/pt-br\/aplicacoes\/tintas-de-impressao\/\",\"url\":\"https:\/\/www.corob.com\/pt-br\/aplicacoes\/tintas-de-impressao\/\",\"name\":\"Sistemas de dosagem de tinta COROB para impress\u00e3o industrial\",\"isPartOf\":{\"@id\":\"https:\/\/www.corob.com\/pt-br\/#website\"},\"datePublished\":\"2025-07-23T12:00:20+00:00\",\"description\":\"Sistemas de dosagem de tinta COROB escal\u00e1veis e \u00e0 prova de explos\u00e3o. Novaflow ideal para flexo, rotogravura e t\u00eaxtil.\",\"breadcrumb\":{\"@id\":\"https:\/\/www.corob.com\/pt-br\/aplicacoes\/tintas-de-impressao\/#breadcrumb\"},\"inLanguage\":\"pt-BR\",\"potentialAction\":[{\"@type\":\"ReadAction\",\"target\":[\"https:\/\/www.corob.com\/pt-br\/aplicacoes\/tintas-de-impressao\/\"]}]},{\"@type\":\"BreadcrumbList\",\"@id\":\"https:\/\/www.corob.com\/pt-br\/aplicacoes\/tintas-de-impressao\/#breadcrumb\",\"itemListElement\":[{\"@type\":\"ListItem\",\"position\":1,\"name\":\"Home\",\"item\":\"https:\/\/www.corob.com\/pt-br\/\"},{\"@type\":\"ListItem\",\"position\":2,\"name\":\"APLICA\u00c7\u00d5ES\",\"item\":\"https:\/\/www.corob.com\/pt-br\/aplicacoes\/\"},{\"@type\":\"ListItem\",\"position\":3,\"name\":\"TINTAS DE IMPRESS\u00c3O\"}]},{\"@type\":\"WebSite\",\"@id\":\"https:\/\/www.corob.com\/pt-br\/#website\",\"url\":\"https:\/\/www.corob.com\/pt-br\/\",\"name\":\"COROB\",\"description\":\"High-tech dispensing and mixing solutions for paints and coatings systems\",\"publisher\":{\"@id\":\"https:\/\/www.corob.com\/pt-br\/#organization\"},\"potentialAction\":[{\"@type\":\"SearchAction\",\"target\":{\"@type\":\"EntryPoint\",\"urlTemplate\":\"https:\/\/www.corob.com\/pt-br\/?s={search_term_string}\"},\"query-input\":{\"@type\":\"PropertyValueSpecification\",\"valueRequired\":true,\"valueName\":\"search_term_string\"}}],\"inLanguage\":\"pt-BR\"},{\"@type\":\"Organization\",\"@id\":\"https:\/\/www.corob.com\/pt-br\/#organization\",\"name\":\"COROB\",\"url\":\"https:\/\/www.corob.com\/pt-br\/\",\"logo\":{\"@type\":\"ImageObject\",\"inLanguage\":\"pt-BR\",\"@id\":\"https:\/\/www.corob.com\/pt-br\/#\/schema\/logo\/image\/\",\"url\":\"https:\/\/www.corob.com\/wp-content\/uploads\/2020\/01\/COROB-240.png\",\"contentUrl\":\"https:\/\/www.corob.com\/wp-content\/uploads\/2020\/01\/COROB-240.png\",\"width\":240,\"height\":73,\"caption\":\"COROB\"},\"image\":{\"@id\":\"https:\/\/www.corob.com\/pt-br\/#\/schema\/logo\/image\/\"},\"sameAs\":[\"https:\/\/www.linkedin.com\/company\/corob\/\",\"https:\/\/www.youtube.com\/channel\/UCxnFt4FEhuhdm87NAb27qBQ\"]}]}<\/script>\n<!-- \/ Yoast SEO plugin. -->","yoast_head_json":{"title":"Sistemas de dosagem de tinta COROB para impress\u00e3o industrial","description":"Sistemas de dosagem de tinta COROB escal\u00e1veis e \u00e0 prova de explos\u00e3o. Novaflow ideal para flexo, rotogravura e t\u00eaxtil.","robots":{"index":"index","follow":"follow","max-snippet":"max-snippet:-1","max-image-preview":"max-image-preview:large","max-video-preview":"max-video-preview:-1"},"canonical":"https:\/\/www.corob.com\/pt-br\/aplicacoes\/tintas-de-impressao\/","og_locale":"pt_BR","og_type":"article","og_title":"Sistemas de dosagem de tinta COROB para impress\u00e3o industrial","og_description":"Sistemas de dosagem de tinta COROB escal\u00e1veis e \u00e0 prova de explos\u00e3o. Novaflow ideal para flexo, rotogravura e t\u00eaxtil.","og_url":"https:\/\/www.corob.com\/pt-br\/aplicacoes\/tintas-de-impressao\/","og_site_name":"COROB","twitter_card":"summary_large_image","twitter_misc":{"Est. tempo de leitura":"10 minutos"},"schema":{"@context":"https:\/\/schema.org","@graph":[{"@type":"WebPage","@id":"https:\/\/www.corob.com\/pt-br\/aplicacoes\/tintas-de-impressao\/","url":"https:\/\/www.corob.com\/pt-br\/aplicacoes\/tintas-de-impressao\/","name":"Sistemas de dosagem de tinta COROB para impress\u00e3o industrial","isPartOf":{"@id":"https:\/\/www.corob.com\/pt-br\/#website"},"datePublished":"2025-07-23T12:00:20+00:00","description":"Sistemas de dosagem de tinta COROB escal\u00e1veis e \u00e0 prova de explos\u00e3o. Novaflow ideal para flexo, rotogravura e t\u00eaxtil.","breadcrumb":{"@id":"https:\/\/www.corob.com\/pt-br\/aplicacoes\/tintas-de-impressao\/#breadcrumb"},"inLanguage":"pt-BR","potentialAction":[{"@type":"ReadAction","target":["https:\/\/www.corob.com\/pt-br\/aplicacoes\/tintas-de-impressao\/"]}]},{"@type":"BreadcrumbList","@id":"https:\/\/www.corob.com\/pt-br\/aplicacoes\/tintas-de-impressao\/#breadcrumb","itemListElement":[{"@type":"ListItem","position":1,"name":"Home","item":"https:\/\/www.corob.com\/pt-br\/"},{"@type":"ListItem","position":2,"name":"APLICA\u00c7\u00d5ES","item":"https:\/\/www.corob.com\/pt-br\/aplicacoes\/"},{"@type":"ListItem","position":3,"name":"TINTAS DE IMPRESS\u00c3O"}]},{"@type":"WebSite","@id":"https:\/\/www.corob.com\/pt-br\/#website","url":"https:\/\/www.corob.com\/pt-br\/","name":"COROB","description":"High-tech dispensing and mixing solutions for paints and coatings systems","publisher":{"@id":"https:\/\/www.corob.com\/pt-br\/#organization"},"potentialAction":[{"@type":"SearchAction","target":{"@type":"EntryPoint","urlTemplate":"https:\/\/www.corob.com\/pt-br\/?s={search_term_string}"},"query-input":{"@type":"PropertyValueSpecification","valueRequired":true,"valueName":"search_term_string"}}],"inLanguage":"pt-BR"},{"@type":"Organization","@id":"https:\/\/www.corob.com\/pt-br\/#organization","name":"COROB","url":"https:\/\/www.corob.com\/pt-br\/","logo":{"@type":"ImageObject","inLanguage":"pt-BR","@id":"https:\/\/www.corob.com\/pt-br\/#\/schema\/logo\/image\/","url":"https:\/\/www.corob.com\/wp-content\/uploads\/2020\/01\/COROB-240.png","contentUrl":"https:\/\/www.corob.com\/wp-content\/uploads\/2020\/01\/COROB-240.png","width":240,"height":73,"caption":"COROB"},"image":{"@id":"https:\/\/www.corob.com\/pt-br\/#\/schema\/logo\/image\/"},"sameAs":["https:\/\/www.linkedin.com\/company\/corob\/","https:\/\/www.youtube.com\/channel\/UCxnFt4FEhuhdm87NAb27qBQ"]}]}},"_links":{"self":[{"href":"https:\/\/www.corob.com\/pt-br\/wp-json\/wp\/v2\/pages\/22837","targetHints":{"allow":["GET"]}}],"collection":[{"href":"https:\/\/www.corob.com\/pt-br\/wp-json\/wp\/v2\/pages"}],"about":[{"href":"https:\/\/www.corob.com\/pt-br\/wp-json\/wp\/v2\/types\/page"}],"author":[{"embeddable":true,"href":"https:\/\/www.corob.com\/pt-br\/wp-json\/wp\/v2\/users\/1"}],"replies":[{"embeddable":true,"href":"https:\/\/www.corob.com\/pt-br\/wp-json\/wp\/v2\/comments?post=22837"}],"version-history":[{"count":2,"href":"https:\/\/www.corob.com\/pt-br\/wp-json\/wp\/v2\/pages\/22837\/revisions"}],"predecessor-version":[{"id":22839,"href":"https:\/\/www.corob.com\/pt-br\/wp-json\/wp\/v2\/pages\/22837\/revisions\/22839"}],"up":[{"embeddable":true,"href":"https:\/\/www.corob.com\/pt-br\/wp-json\/wp\/v2\/pages\/22809"}],"wp:attachment":[{"href":"https:\/\/www.corob.com\/pt-br\/wp-json\/wp\/v2\/media?parent=22837"}],"curies":[{"name":"wp","href":"https:\/\/api.w.org\/{rel}","templated":true}]}}