{"id":22846,"date":"2025-07-23T12:07:17","date_gmt":"2025-07-23T12:07:17","guid":{"rendered":"https:\/\/www.corob.com\/aplicacoes\/produtos-quimicos-especiais\/"},"modified":"2025-07-23T12:07:18","modified_gmt":"2025-07-23T12:07:18","slug":"produtos-quimicos-especiais","status":"publish","type":"page","link":"https:\/\/www.corob.com\/pt-br\/aplicacoes\/produtos-quimicos-especiais\/","title":{"rendered":"PRODUTOS QU\u00cdMICOS ESPECIAIS"},"content":{"rendered":"<p><div class=\"fusion-fullwidth fullwidth-box fusion-builder-row-1 fusion-parallax-none nonhundred-percent-fullwidth non-hundred-percent-height-scrolling\" style=\"--awb-border-radius-top-left:0px;--awb-border-radius-top-right:0px;--awb-border-radius-bottom-right:0px;--awb-border-radius-bottom-left:0px;--awb-padding-top:100px;--awb-padding-bottom:100px;--awb-background-image:url(&quot;https:\/\/www.corob.com\/wp-content\/uploads\/2020\/01\/Specialty-chemicals-1200x431.jpg&quot;);--awb-background-size:cover;--awb-flex-wrap:wrap;\" ><div class=\"fusion-builder-row fusion-row\"><div class=\"fusion-layout-column fusion_builder_column fusion-builder-column-0 fusion_builder_column_1_1 1_1 fusion-one-full fusion-column-first fusion-column-last\" style=\"--awb-padding-right:30px;--awb-padding-left:30px;--awb-bg-size:cover;\"><div class=\"fusion-column-wrapper fusion-column-has-shadow fusion-flex-column-wrapper-legacy\"><div class=\"fusion-clearfix\"><\/div><\/div><\/div><\/div><\/div><div class=\"fusion-fullwidth fullwidth-box fusion-builder-row-2 nonhundred-percent-fullwidth non-hundred-percent-height-scrolling\" style=\"--awb-border-radius-top-left:0px;--awb-border-radius-top-right:0px;--awb-border-radius-bottom-right:0px;--awb-border-radius-bottom-left:0px;--awb-padding-top:50px;--awb-flex-wrap:wrap;\" ><div class=\"fusion-builder-row fusion-row\"><div class=\"fusion-layout-column fusion_builder_column fusion-builder-column-1 fusion_builder_column_1_1 1_1 fusion-one-full fusion-column-first fusion-column-last\" style=\"--awb-bg-size:cover;\"><div class=\"fusion-column-wrapper fusion-column-has-shadow fusion-flex-column-wrapper-legacy\"><div class=\"fusion-title title fusion-title-1 fusion-sep-none fusion-title-text fusion-title-size-one\" style=\"--awb-text-color:var(--awb-color7);--awb-font-size:36px;\"><h1 class=\"fusion-title-heading title-heading-left fusion-responsive-typography-calculated\" style=\"margin:0;font-size:1em;--fontSize:36;line-height:1;\">PRODUTOS QU\u00cdMICOS ESPECIAIS<\/h1><\/div><div class=\"fusion-clearfix\"><\/div><\/div><\/div><div class=\"fusion-layout-column fusion_builder_column fusion-builder-column-2 fusion_builder_column_1_2 1_2 fusion-one-half fusion-column-first\" style=\"--awb-bg-size:cover;width:50%;width:calc(50% - ( ( 4% ) * 0.5 ) );margin-right: 4%;\"><div class=\"fusion-column-wrapper fusion-column-has-shadow fusion-flex-column-wrapper-legacy\"><div class=\"fusion-text fusion-text-1\"><p>As tecnologias de dosagem gravim\u00e9trica e volum\u00e9trica da COROB suportam uma ampla gama de aplica\u00e7\u00f5es qu\u00edmicas e de aditivos. Qu\u00edmicos perigosos <strong>s\u00e3o geridos com seguran\u00e7a<\/strong> com os nossos sistemas \u00e0 prova de explos\u00e3o, <strong>garantindo conformidade e seguran\u00e7a<\/strong> em ambientes exigentes.<\/p>\n<p>Quando a sua produ\u00e7\u00e3o exige <strong>precis\u00e3o em bateladas ou formula\u00e7\u00e3o de receitas<\/strong>, a COROB aproveita a profunda experi\u00eancia em dosagem para entregar solu\u00e7\u00f5es totalmente personalizadas.<\/p>\n<p>O nosso amplo conhecimento de materiais permite-nos lidar com um vasto espetro de produtos especializados, incluindo:<\/p>\n<\/div><div class=\"fusion-clearfix\"><\/div><\/div><\/div><div class=\"fusion-layout-column fusion_builder_column fusion-builder-column-3 fusion_builder_column_1_2 1_2 fusion-one-half fusion-column-last\" style=\"--awb-bg-size:cover;width:50%;width:calc(50% - ( ( 4% ) * 0.5 ) );\"><div class=\"fusion-column-wrapper fusion-column-has-shadow fusion-flex-column-wrapper-legacy\"><ul style=\"--awb-size:20px;--awb-line-height:34px;--awb-icon-width:34px;--awb-icon-height:34px;--awb-icon-margin:14px;--awb-content-margin:48px;\" class=\"fusion-checklist fusion-checklist-1 fusion-checklist-default type-icons\"><li class=\"fusion-li-item\" style=\"\"><span class=\"icon-wrapper circle-no\"><i class=\"fusion-li-icon awb-icon-check\" aria-hidden=\"true\"><\/i><\/span><div class=\"fusion-li-item-content\">\n<p><strong>Componentes perigosos<\/strong>: Com vasta experi\u00eancia em design compat\u00edvel com ATEX, sistemas ergon\u00f3micos e seguran\u00e7a de produ\u00e7\u00e3o, garantimos opera\u00e7\u00f5es seguras e em conformidade.<\/p>\n<\/div><\/li><li class=\"fusion-li-item\" style=\"\"><span class=\"icon-wrapper circle-no\"><i class=\"fusion-li-icon awb-icon-check\" aria-hidden=\"true\"><\/i><\/span><div class=\"fusion-li-item-content\">\n<p><strong>Componentes dif\u00edceis<\/strong>: Gerimos uma ampla gama de ingredientes desafiadores\u2014desde subst\u00e2ncias altamente viscosas at\u00e9 l\u00edquidos inflam\u00e1veis e de secagem r\u00e1pida.<\/p>\n<\/div><\/li><li class=\"fusion-li-item\" style=\"\"><span class=\"icon-wrapper circle-no\"><i class=\"fusion-li-icon awb-icon-check\" aria-hidden=\"true\"><\/i><\/span><div class=\"fusion-li-item-content\">\n<p><strong>Aplica\u00e7\u00f5es especializadas<\/strong>: As nossas tecnologias j\u00e1 est\u00e3o personalizadas para uso com pl\u00e1sticos, silicones, petr\u00f3leo e g\u00e1s, e revestimentos de sementes, oferecendo desempenho escal\u00e1vel e confi\u00e1vel.<\/p>\n<\/div><\/li><\/ul><div class=\"fusion-clearfix\"><\/div><\/div><\/div><\/div><\/div><\/p>\n","protected":false},"excerpt":{"rendered":"","protected":false},"author":1,"featured_media":0,"parent":22809,"menu_order":30,"comment_status":"closed","ping_status":"closed","template":"100-width.php","meta":{"_acf_changed":false,"footnotes":""},"class_list":["post-22846","page","type-page","status-publish","hentry"],"acf":[],"yoast_head":"<!-- This site is optimized with the Yoast SEO plugin v25.5 - https:\/\/yoast.com\/wordpress\/plugins\/seo\/ -->\n<title>Sistemas de dosagem COROB para qu\u00edmicos especializados<\/title>\n<meta name=\"description\" content=\"Explore as solu\u00e7\u00f5es de dosagem seguras e precisas da COROB para qu\u00edmicos especializados\u2014personalizadas para materiais perigosos e complexos.\" \/>\n<meta name=\"robots\" content=\"index, follow, max-snippet:-1, max-image-preview:large, max-video-preview:-1\" \/>\n<link rel=\"canonical\" href=\"https:\/\/www.corob.com\/pt-br\/aplicacoes\/produtos-quimicos-especiais\/\" \/>\n<meta property=\"og:locale\" content=\"pt_BR\" \/>\n<meta property=\"og:type\" content=\"article\" \/>\n<meta property=\"og:title\" content=\"Sistemas de dosagem COROB para qu\u00edmicos especializados\" \/>\n<meta property=\"og:description\" content=\"Explore as solu\u00e7\u00f5es de dosagem seguras e precisas da COROB para qu\u00edmicos especializados\u2014personalizadas para materiais perigosos e complexos.\" \/>\n<meta property=\"og:url\" content=\"https:\/\/www.corob.com\/pt-br\/aplicacoes\/produtos-quimicos-especiais\/\" \/>\n<meta property=\"og:site_name\" content=\"COROB\" \/>\n<meta property=\"article:modified_time\" content=\"2025-07-23T12:07:18+00:00\" \/>\n<meta name=\"twitter:card\" content=\"summary_large_image\" \/>\n<meta name=\"twitter:label1\" content=\"Est. tempo de leitura\" \/>\n\t<meta name=\"twitter:data1\" content=\"9 minutos\" \/>\n<script type=\"application\/ld+json\" class=\"yoast-schema-graph\">{\"@context\":\"https:\/\/schema.org\",\"@graph\":[{\"@type\":\"WebPage\",\"@id\":\"https:\/\/www.corob.com\/pt-br\/aplicacoes\/produtos-quimicos-especiais\/\",\"url\":\"https:\/\/www.corob.com\/pt-br\/aplicacoes\/produtos-quimicos-especiais\/\",\"name\":\"Sistemas de dosagem COROB para qu\u00edmicos especializados\",\"isPartOf\":{\"@id\":\"https:\/\/www.corob.com\/pt-br\/#website\"},\"datePublished\":\"2025-07-23T12:07:17+00:00\",\"dateModified\":\"2025-07-23T12:07:18+00:00\",\"description\":\"Explore as solu\u00e7\u00f5es de dosagem seguras e precisas da COROB para qu\u00edmicos especializados\u2014personalizadas para materiais perigosos e complexos.\",\"breadcrumb\":{\"@id\":\"https:\/\/www.corob.com\/pt-br\/aplicacoes\/produtos-quimicos-especiais\/#breadcrumb\"},\"inLanguage\":\"pt-BR\",\"potentialAction\":[{\"@type\":\"ReadAction\",\"target\":[\"https:\/\/www.corob.com\/pt-br\/aplicacoes\/produtos-quimicos-especiais\/\"]}]},{\"@type\":\"BreadcrumbList\",\"@id\":\"https:\/\/www.corob.com\/pt-br\/aplicacoes\/produtos-quimicos-especiais\/#breadcrumb\",\"itemListElement\":[{\"@type\":\"ListItem\",\"position\":1,\"name\":\"Home\",\"item\":\"https:\/\/www.corob.com\/pt-br\/\"},{\"@type\":\"ListItem\",\"position\":2,\"name\":\"APLICA\u00c7\u00d5ES\",\"item\":\"https:\/\/www.corob.com\/pt-br\/aplicacoes\/\"},{\"@type\":\"ListItem\",\"position\":3,\"name\":\"PRODUTOS QU\u00cdMICOS ESPECIAIS\"}]},{\"@type\":\"WebSite\",\"@id\":\"https:\/\/www.corob.com\/pt-br\/#website\",\"url\":\"https:\/\/www.corob.com\/pt-br\/\",\"name\":\"COROB\",\"description\":\"High-tech dispensing and mixing solutions for paints and coatings systems\",\"publisher\":{\"@id\":\"https:\/\/www.corob.com\/pt-br\/#organization\"},\"potentialAction\":[{\"@type\":\"SearchAction\",\"target\":{\"@type\":\"EntryPoint\",\"urlTemplate\":\"https:\/\/www.corob.com\/pt-br\/?s={search_term_string}\"},\"query-input\":{\"@type\":\"PropertyValueSpecification\",\"valueRequired\":true,\"valueName\":\"search_term_string\"}}],\"inLanguage\":\"pt-BR\"},{\"@type\":\"Organization\",\"@id\":\"https:\/\/www.corob.com\/pt-br\/#organization\",\"name\":\"COROB\",\"url\":\"https:\/\/www.corob.com\/pt-br\/\",\"logo\":{\"@type\":\"ImageObject\",\"inLanguage\":\"pt-BR\",\"@id\":\"https:\/\/www.corob.com\/pt-br\/#\/schema\/logo\/image\/\",\"url\":\"https:\/\/www.corob.com\/wp-content\/uploads\/2020\/01\/COROB-240.png\",\"contentUrl\":\"https:\/\/www.corob.com\/wp-content\/uploads\/2020\/01\/COROB-240.png\",\"width\":240,\"height\":73,\"caption\":\"COROB\"},\"image\":{\"@id\":\"https:\/\/www.corob.com\/pt-br\/#\/schema\/logo\/image\/\"},\"sameAs\":[\"https:\/\/www.linkedin.com\/company\/corob\/\",\"https:\/\/www.youtube.com\/channel\/UCxnFt4FEhuhdm87NAb27qBQ\"]}]}<\/script>\n<!-- \/ Yoast SEO plugin. -->","yoast_head_json":{"title":"Sistemas de dosagem COROB para qu\u00edmicos especializados","description":"Explore as solu\u00e7\u00f5es de dosagem seguras e precisas da COROB para qu\u00edmicos especializados\u2014personalizadas para materiais perigosos e complexos.","robots":{"index":"index","follow":"follow","max-snippet":"max-snippet:-1","max-image-preview":"max-image-preview:large","max-video-preview":"max-video-preview:-1"},"canonical":"https:\/\/www.corob.com\/pt-br\/aplicacoes\/produtos-quimicos-especiais\/","og_locale":"pt_BR","og_type":"article","og_title":"Sistemas de dosagem COROB para qu\u00edmicos especializados","og_description":"Explore as solu\u00e7\u00f5es de dosagem seguras e precisas da COROB para qu\u00edmicos especializados\u2014personalizadas para materiais perigosos e complexos.","og_url":"https:\/\/www.corob.com\/pt-br\/aplicacoes\/produtos-quimicos-especiais\/","og_site_name":"COROB","article_modified_time":"2025-07-23T12:07:18+00:00","twitter_card":"summary_large_image","twitter_misc":{"Est. tempo de leitura":"9 minutos"},"schema":{"@context":"https:\/\/schema.org","@graph":[{"@type":"WebPage","@id":"https:\/\/www.corob.com\/pt-br\/aplicacoes\/produtos-quimicos-especiais\/","url":"https:\/\/www.corob.com\/pt-br\/aplicacoes\/produtos-quimicos-especiais\/","name":"Sistemas de dosagem COROB para qu\u00edmicos especializados","isPartOf":{"@id":"https:\/\/www.corob.com\/pt-br\/#website"},"datePublished":"2025-07-23T12:07:17+00:00","dateModified":"2025-07-23T12:07:18+00:00","description":"Explore as solu\u00e7\u00f5es de dosagem seguras e precisas da COROB para qu\u00edmicos especializados\u2014personalizadas para materiais perigosos e complexos.","breadcrumb":{"@id":"https:\/\/www.corob.com\/pt-br\/aplicacoes\/produtos-quimicos-especiais\/#breadcrumb"},"inLanguage":"pt-BR","potentialAction":[{"@type":"ReadAction","target":["https:\/\/www.corob.com\/pt-br\/aplicacoes\/produtos-quimicos-especiais\/"]}]},{"@type":"BreadcrumbList","@id":"https:\/\/www.corob.com\/pt-br\/aplicacoes\/produtos-quimicos-especiais\/#breadcrumb","itemListElement":[{"@type":"ListItem","position":1,"name":"Home","item":"https:\/\/www.corob.com\/pt-br\/"},{"@type":"ListItem","position":2,"name":"APLICA\u00c7\u00d5ES","item":"https:\/\/www.corob.com\/pt-br\/aplicacoes\/"},{"@type":"ListItem","position":3,"name":"PRODUTOS QU\u00cdMICOS ESPECIAIS"}]},{"@type":"WebSite","@id":"https:\/\/www.corob.com\/pt-br\/#website","url":"https:\/\/www.corob.com\/pt-br\/","name":"COROB","description":"High-tech dispensing and mixing solutions for paints and coatings systems","publisher":{"@id":"https:\/\/www.corob.com\/pt-br\/#organization"},"potentialAction":[{"@type":"SearchAction","target":{"@type":"EntryPoint","urlTemplate":"https:\/\/www.corob.com\/pt-br\/?s={search_term_string}"},"query-input":{"@type":"PropertyValueSpecification","valueRequired":true,"valueName":"search_term_string"}}],"inLanguage":"pt-BR"},{"@type":"Organization","@id":"https:\/\/www.corob.com\/pt-br\/#organization","name":"COROB","url":"https:\/\/www.corob.com\/pt-br\/","logo":{"@type":"ImageObject","inLanguage":"pt-BR","@id":"https:\/\/www.corob.com\/pt-br\/#\/schema\/logo\/image\/","url":"https:\/\/www.corob.com\/wp-content\/uploads\/2020\/01\/COROB-240.png","contentUrl":"https:\/\/www.corob.com\/wp-content\/uploads\/2020\/01\/COROB-240.png","width":240,"height":73,"caption":"COROB"},"image":{"@id":"https:\/\/www.corob.com\/pt-br\/#\/schema\/logo\/image\/"},"sameAs":["https:\/\/www.linkedin.com\/company\/corob\/","https:\/\/www.youtube.com\/channel\/UCxnFt4FEhuhdm87NAb27qBQ"]}]}},"_links":{"self":[{"href":"https:\/\/www.corob.com\/pt-br\/wp-json\/wp\/v2\/pages\/22846","targetHints":{"allow":["GET"]}}],"collection":[{"href":"https:\/\/www.corob.com\/pt-br\/wp-json\/wp\/v2\/pages"}],"about":[{"href":"https:\/\/www.corob.com\/pt-br\/wp-json\/wp\/v2\/types\/page"}],"author":[{"embeddable":true,"href":"https:\/\/www.corob.com\/pt-br\/wp-json\/wp\/v2\/users\/1"}],"replies":[{"embeddable":true,"href":"https:\/\/www.corob.com\/pt-br\/wp-json\/wp\/v2\/comments?post=22846"}],"version-history":[{"count":2,"href":"https:\/\/www.corob.com\/pt-br\/wp-json\/wp\/v2\/pages\/22846\/revisions"}],"predecessor-version":[{"id":22848,"href":"https:\/\/www.corob.com\/pt-br\/wp-json\/wp\/v2\/pages\/22846\/revisions\/22848"}],"up":[{"embeddable":true,"href":"https:\/\/www.corob.com\/pt-br\/wp-json\/wp\/v2\/pages\/22809"}],"wp:attachment":[{"href":"https:\/\/www.corob.com\/pt-br\/wp-json\/wp\/v2\/media?parent=22846"}],"curies":[{"name":"wp","href":"https:\/\/api.w.org\/{rel}","templated":true}]}}