{"id":22858,"date":"2025-07-23T12:12:17","date_gmt":"2025-07-23T12:12:17","guid":{"rendered":"https:\/\/www.corob.com\/aplicacoes\/couro\/"},"modified":"2025-07-23T12:12:17","modified_gmt":"2025-07-23T12:12:17","slug":"couro","status":"publish","type":"page","link":"https:\/\/www.corob.com\/pt-br\/aplicacoes\/couro\/","title":{"rendered":"COURO"},"content":{"rendered":"<p><div class=\"fusion-fullwidth fullwidth-box fusion-builder-row-1 fusion-parallax-none nonhundred-percent-fullwidth non-hundred-percent-height-scrolling\" style=\"--awb-border-radius-top-left:0px;--awb-border-radius-top-right:0px;--awb-border-radius-bottom-right:0px;--awb-border-radius-bottom-left:0px;--awb-padding-top:100px;--awb-padding-bottom:100px;--awb-background-image:url(&quot;https:\/\/www.corob.com\/wp-content\/uploads\/2020\/01\/Leather-1200x431.jpg&quot;);--awb-background-size:cover;--awb-flex-wrap:wrap;\" ><div class=\"fusion-builder-row fusion-row\"><div class=\"fusion-layout-column fusion_builder_column fusion-builder-column-0 fusion_builder_column_1_1 1_1 fusion-one-full fusion-column-first fusion-column-last\" style=\"--awb-padding-right:30px;--awb-padding-left:30px;--awb-bg-size:cover;\"><div class=\"fusion-column-wrapper fusion-column-has-shadow fusion-flex-column-wrapper-legacy\"><div class=\"fusion-clearfix\"><\/div><\/div><\/div><\/div><\/div><div class=\"fusion-fullwidth fullwidth-box fusion-builder-row-2 nonhundred-percent-fullwidth non-hundred-percent-height-scrolling\" style=\"--awb-border-radius-top-left:0px;--awb-border-radius-top-right:0px;--awb-border-radius-bottom-right:0px;--awb-border-radius-bottom-left:0px;--awb-padding-top:50px;--awb-flex-wrap:wrap;\" ><div class=\"fusion-builder-row fusion-row\"><div class=\"fusion-layout-column fusion_builder_column fusion-builder-column-1 fusion_builder_column_1_1 1_1 fusion-one-full fusion-column-first fusion-column-last\" style=\"--awb-bg-size:cover;\"><div class=\"fusion-column-wrapper fusion-column-has-shadow fusion-flex-column-wrapper-legacy\"><div class=\"fusion-title title fusion-title-1 fusion-sep-none fusion-title-text fusion-title-size-one\" style=\"--awb-text-color:var(--awb-color7);--awb-font-size:36px;\"><h1 class=\"fusion-title-heading title-heading-left fusion-responsive-typography-calculated\" style=\"margin:0;font-size:1em;--fontSize:36;line-height:1;\">COURO<\/h1><\/div><div class=\"fusion-clearfix\"><\/div><\/div><\/div><div class=\"fusion-layout-column fusion_builder_column fusion-builder-column-2 fusion_builder_column_1_2 1_2 fusion-one-half fusion-column-first\" style=\"--awb-bg-size:cover;width:50%;width:calc(50% - ( ( 4% ) * 0.5 ) );margin-right: 4%;\"><div class=\"fusion-column-wrapper fusion-column-has-shadow fusion-flex-column-wrapper-legacy\"><div class=\"fusion-text fusion-text-1\"><p>A tecnologia COROB integra-se perfeitamente com <strong>materiais org\u00e2nicos<\/strong> como <strong>couro<\/strong> e outros substratos naturais, oferecendo <strong>solu\u00e7\u00f5es avan\u00e7adas de dosagem e doseamento<\/strong> adaptadas \u00e0s necessidades espec\u00edficas da ind\u00fastria do couro.<\/p>\n<p>O processamento de couro envolve frequentemente substratos altamente vari\u00e1veis, exigindo sistemas que sejam:<\/p>\n<\/div><ul style=\"--awb-size:20px;--awb-line-height:34px;--awb-icon-width:34px;--awb-icon-height:34px;--awb-icon-margin:14px;--awb-content-margin:48px;\" class=\"fusion-checklist fusion-checklist-1 fusion-checklist-default type-icons\"><li class=\"fusion-li-item\" style=\"\"><span class=\"icon-wrapper circle-no\"><i class=\"fusion-li-icon awb-icon-check\" aria-hidden=\"true\"><\/i><\/span><div class=\"fusion-li-item-content\">\n<p><strong>Flex\u00edveis<\/strong> \u2013 Capazes de se adaptar \u00e0s varia\u00e7\u00f5es naturais do substrato, garantindo resultados de curtimento consistentes em diferentes tipos de couro e acabamentos.<\/p>\n<\/div><\/li><li class=\"fusion-li-item\" style=\"\"><span class=\"icon-wrapper circle-no\"><i class=\"fusion-li-icon awb-icon-check\" aria-hidden=\"true\"><\/i><\/span><div class=\"fusion-li-item-content\">\n<p><strong>Eficientes<\/strong> \u2013 Concebidos para suportar produ\u00e7\u00e3o em pequenos lotes, ideais para mercados de nicho como moda, interiores autom\u00f3veis e artigos de luxo.<\/p>\n<\/div><\/li><li class=\"fusion-li-item\" style=\"\"><span class=\"icon-wrapper circle-no\"><i class=\"fusion-li-icon awb-icon-check\" aria-hidden=\"true\"><\/i><\/span><div class=\"fusion-li-item-content\">\n<p><strong>Seguros<\/strong> \u2013 Equipados com sistemas \u00e0 prova de explos\u00e3o e ergonomicamente concebidos para manusear produtos qu\u00edmicos perigosos utilizados nos processos de curtimento e acabamento, garantindo a seguran\u00e7a do operador e conformidade regulamentar.<\/p>\n<\/div><\/li><\/ul><div class=\"fusion-clearfix\"><\/div><\/div><\/div><div class=\"fusion-layout-column fusion_builder_column fusion-builder-column-3 fusion_builder_column_1_2 1_2 fusion-one-half fusion-column-last\" style=\"--awb-bg-size:cover;width:50%;width:calc(50% - ( ( 4% ) * 0.5 ) );\"><div class=\"fusion-column-wrapper fusion-column-has-shadow fusion-flex-column-wrapper-legacy\"><div class=\"fusion-text fusion-text-2\"><p>A experi\u00eancia da COROB na dosagem de misturas complexas permite a formula\u00e7\u00e3o precisa de agentes de curtimento, corantes e produtos qu\u00edmicos de acabamento.<\/p>\n<p>Com configura\u00e7\u00f5es escal\u00e1veis e layouts personaliz\u00e1veis, as solu\u00e7\u00f5es COROB ajudam os fabricantes de couro a otimizar a produ\u00e7\u00e3o, reduzir custos e atender \u00e0s exig\u00eancias do mercado em evolu\u00e7\u00e3o com confian\u00e7a.<\/p>\n<p>Os nossos sistemas suportam:<\/p>\n<\/div><ul style=\"--awb-size:20px;--awb-line-height:34px;--awb-icon-width:34px;--awb-icon-height:34px;--awb-icon-margin:14px;--awb-content-margin:48px;\" class=\"fusion-checklist fusion-checklist-2 fusion-checklist-default type-icons\"><li class=\"fusion-li-item\" style=\"\"><span class=\"icon-wrapper circle-no\"><i class=\"fusion-li-icon awb-icon-check\" aria-hidden=\"true\"><\/i><\/span><div class=\"fusion-li-item-content\">\n<p>Integra\u00e7\u00e3o com processos a montante e a jusante para fluxo de produ\u00e7\u00e3o cont\u00ednuo.<\/p>\n<\/div><\/li><li class=\"fusion-li-item\" style=\"\"><span class=\"icon-wrapper circle-no\"><i class=\"fusion-li-icon awb-icon-check\" aria-hidden=\"true\"><\/i><\/span><div class=\"fusion-li-item-content\">\n<p>Gest\u00e3o de receitas e rastreabilidade para qualidade consistente e documenta\u00e7\u00e3o regulamentar<\/p>\n<\/div><\/li><li class=\"fusion-li-item\" style=\"\"><span class=\"icon-wrapper circle-no\"><i class=\"fusion-li-icon awb-icon-check\" aria-hidden=\"true\"><\/i><\/span><div class=\"fusion-li-item-content\">\n<p>Redu\u00e7\u00e3o de desperd\u00edcio qu\u00edmico e sustentabilidade melhorada atrav\u00e9s de dosagem precisa e uso excessivo m\u00ednimo.<\/p>\n<\/div><\/li><\/ul><div class=\"fusion-clearfix\"><\/div><\/div><\/div><\/div><\/div><\/p>\n","protected":false},"excerpt":{"rendered":"","protected":false},"author":1,"featured_media":0,"parent":22809,"menu_order":40,"comment_status":"closed","ping_status":"closed","template":"100-width.php","meta":{"_acf_changed":false,"footnotes":""},"class_list":["post-22858","page","type-page","status-publish","hentry"],"acf":[],"yoast_head":"<!-- This site is optimized with the Yoast SEO plugin v25.5 - https:\/\/yoast.com\/wordpress\/plugins\/seo\/ -->\n<title>Sistemas de dosagem COROB para a ind\u00fastria do couro<\/title>\n<meta name=\"description\" content=\"Descubra as solu\u00e7\u00f5es de dosagem seguras, flex\u00edveis e eficientes da COROB para processamento de couro\u2014ideais para curtimento e produ\u00e7\u00e3o de nicho.\" \/>\n<meta name=\"robots\" content=\"index, follow, max-snippet:-1, max-image-preview:large, max-video-preview:-1\" \/>\n<link rel=\"canonical\" href=\"https:\/\/www.corob.com\/pt-br\/aplicacoes\/couro\/\" \/>\n<meta property=\"og:locale\" content=\"pt_BR\" \/>\n<meta property=\"og:type\" content=\"article\" \/>\n<meta property=\"og:title\" content=\"Sistemas de dosagem COROB para a ind\u00fastria do couro\" \/>\n<meta property=\"og:description\" content=\"Descubra as solu\u00e7\u00f5es de dosagem seguras, flex\u00edveis e eficientes da COROB para processamento de couro\u2014ideais para curtimento e produ\u00e7\u00e3o de nicho.\" \/>\n<meta property=\"og:url\" content=\"https:\/\/www.corob.com\/pt-br\/aplicacoes\/couro\/\" \/>\n<meta property=\"og:site_name\" content=\"COROB\" \/>\n<meta name=\"twitter:card\" content=\"summary_large_image\" \/>\n<meta name=\"twitter:label1\" content=\"Est. tempo de leitura\" \/>\n\t<meta name=\"twitter:data1\" content=\"10 minutos\" \/>\n<script type=\"application\/ld+json\" class=\"yoast-schema-graph\">{\"@context\":\"https:\/\/schema.org\",\"@graph\":[{\"@type\":\"WebPage\",\"@id\":\"https:\/\/www.corob.com\/pt-br\/aplicacoes\/couro\/\",\"url\":\"https:\/\/www.corob.com\/pt-br\/aplicacoes\/couro\/\",\"name\":\"Sistemas de dosagem COROB para a ind\u00fastria do couro\",\"isPartOf\":{\"@id\":\"https:\/\/www.corob.com\/pt-br\/#website\"},\"datePublished\":\"2025-07-23T12:12:17+00:00\",\"description\":\"Descubra as solu\u00e7\u00f5es de dosagem seguras, flex\u00edveis e eficientes da COROB para processamento de couro\u2014ideais para curtimento e produ\u00e7\u00e3o de nicho.\",\"breadcrumb\":{\"@id\":\"https:\/\/www.corob.com\/pt-br\/aplicacoes\/couro\/#breadcrumb\"},\"inLanguage\":\"pt-BR\",\"potentialAction\":[{\"@type\":\"ReadAction\",\"target\":[\"https:\/\/www.corob.com\/pt-br\/aplicacoes\/couro\/\"]}]},{\"@type\":\"BreadcrumbList\",\"@id\":\"https:\/\/www.corob.com\/pt-br\/aplicacoes\/couro\/#breadcrumb\",\"itemListElement\":[{\"@type\":\"ListItem\",\"position\":1,\"name\":\"Home\",\"item\":\"https:\/\/www.corob.com\/pt-br\/\"},{\"@type\":\"ListItem\",\"position\":2,\"name\":\"APLICA\u00c7\u00d5ES\",\"item\":\"https:\/\/www.corob.com\/pt-br\/aplicacoes\/\"},{\"@type\":\"ListItem\",\"position\":3,\"name\":\"COURO\"}]},{\"@type\":\"WebSite\",\"@id\":\"https:\/\/www.corob.com\/pt-br\/#website\",\"url\":\"https:\/\/www.corob.com\/pt-br\/\",\"name\":\"COROB\",\"description\":\"High-tech dispensing and mixing solutions for paints and coatings systems\",\"publisher\":{\"@id\":\"https:\/\/www.corob.com\/pt-br\/#organization\"},\"potentialAction\":[{\"@type\":\"SearchAction\",\"target\":{\"@type\":\"EntryPoint\",\"urlTemplate\":\"https:\/\/www.corob.com\/pt-br\/?s={search_term_string}\"},\"query-input\":{\"@type\":\"PropertyValueSpecification\",\"valueRequired\":true,\"valueName\":\"search_term_string\"}}],\"inLanguage\":\"pt-BR\"},{\"@type\":\"Organization\",\"@id\":\"https:\/\/www.corob.com\/pt-br\/#organization\",\"name\":\"COROB\",\"url\":\"https:\/\/www.corob.com\/pt-br\/\",\"logo\":{\"@type\":\"ImageObject\",\"inLanguage\":\"pt-BR\",\"@id\":\"https:\/\/www.corob.com\/pt-br\/#\/schema\/logo\/image\/\",\"url\":\"https:\/\/www.corob.com\/wp-content\/uploads\/2020\/01\/COROB-240.png\",\"contentUrl\":\"https:\/\/www.corob.com\/wp-content\/uploads\/2020\/01\/COROB-240.png\",\"width\":240,\"height\":73,\"caption\":\"COROB\"},\"image\":{\"@id\":\"https:\/\/www.corob.com\/pt-br\/#\/schema\/logo\/image\/\"},\"sameAs\":[\"https:\/\/www.linkedin.com\/company\/corob\/\",\"https:\/\/www.youtube.com\/channel\/UCxnFt4FEhuhdm87NAb27qBQ\"]}]}<\/script>\n<!-- \/ Yoast SEO plugin. -->","yoast_head_json":{"title":"Sistemas de dosagem COROB para a ind\u00fastria do couro","description":"Descubra as solu\u00e7\u00f5es de dosagem seguras, flex\u00edveis e eficientes da COROB para processamento de couro\u2014ideais para curtimento e produ\u00e7\u00e3o de nicho.","robots":{"index":"index","follow":"follow","max-snippet":"max-snippet:-1","max-image-preview":"max-image-preview:large","max-video-preview":"max-video-preview:-1"},"canonical":"https:\/\/www.corob.com\/pt-br\/aplicacoes\/couro\/","og_locale":"pt_BR","og_type":"article","og_title":"Sistemas de dosagem COROB para a ind\u00fastria do couro","og_description":"Descubra as solu\u00e7\u00f5es de dosagem seguras, flex\u00edveis e eficientes da COROB para processamento de couro\u2014ideais para curtimento e produ\u00e7\u00e3o de nicho.","og_url":"https:\/\/www.corob.com\/pt-br\/aplicacoes\/couro\/","og_site_name":"COROB","twitter_card":"summary_large_image","twitter_misc":{"Est. tempo de leitura":"10 minutos"},"schema":{"@context":"https:\/\/schema.org","@graph":[{"@type":"WebPage","@id":"https:\/\/www.corob.com\/pt-br\/aplicacoes\/couro\/","url":"https:\/\/www.corob.com\/pt-br\/aplicacoes\/couro\/","name":"Sistemas de dosagem COROB para a ind\u00fastria do couro","isPartOf":{"@id":"https:\/\/www.corob.com\/pt-br\/#website"},"datePublished":"2025-07-23T12:12:17+00:00","description":"Descubra as solu\u00e7\u00f5es de dosagem seguras, flex\u00edveis e eficientes da COROB para processamento de couro\u2014ideais para curtimento e produ\u00e7\u00e3o de nicho.","breadcrumb":{"@id":"https:\/\/www.corob.com\/pt-br\/aplicacoes\/couro\/#breadcrumb"},"inLanguage":"pt-BR","potentialAction":[{"@type":"ReadAction","target":["https:\/\/www.corob.com\/pt-br\/aplicacoes\/couro\/"]}]},{"@type":"BreadcrumbList","@id":"https:\/\/www.corob.com\/pt-br\/aplicacoes\/couro\/#breadcrumb","itemListElement":[{"@type":"ListItem","position":1,"name":"Home","item":"https:\/\/www.corob.com\/pt-br\/"},{"@type":"ListItem","position":2,"name":"APLICA\u00c7\u00d5ES","item":"https:\/\/www.corob.com\/pt-br\/aplicacoes\/"},{"@type":"ListItem","position":3,"name":"COURO"}]},{"@type":"WebSite","@id":"https:\/\/www.corob.com\/pt-br\/#website","url":"https:\/\/www.corob.com\/pt-br\/","name":"COROB","description":"High-tech dispensing and mixing solutions for paints and coatings systems","publisher":{"@id":"https:\/\/www.corob.com\/pt-br\/#organization"},"potentialAction":[{"@type":"SearchAction","target":{"@type":"EntryPoint","urlTemplate":"https:\/\/www.corob.com\/pt-br\/?s={search_term_string}"},"query-input":{"@type":"PropertyValueSpecification","valueRequired":true,"valueName":"search_term_string"}}],"inLanguage":"pt-BR"},{"@type":"Organization","@id":"https:\/\/www.corob.com\/pt-br\/#organization","name":"COROB","url":"https:\/\/www.corob.com\/pt-br\/","logo":{"@type":"ImageObject","inLanguage":"pt-BR","@id":"https:\/\/www.corob.com\/pt-br\/#\/schema\/logo\/image\/","url":"https:\/\/www.corob.com\/wp-content\/uploads\/2020\/01\/COROB-240.png","contentUrl":"https:\/\/www.corob.com\/wp-content\/uploads\/2020\/01\/COROB-240.png","width":240,"height":73,"caption":"COROB"},"image":{"@id":"https:\/\/www.corob.com\/pt-br\/#\/schema\/logo\/image\/"},"sameAs":["https:\/\/www.linkedin.com\/company\/corob\/","https:\/\/www.youtube.com\/channel\/UCxnFt4FEhuhdm87NAb27qBQ"]}]}},"_links":{"self":[{"href":"https:\/\/www.corob.com\/pt-br\/wp-json\/wp\/v2\/pages\/22858","targetHints":{"allow":["GET"]}}],"collection":[{"href":"https:\/\/www.corob.com\/pt-br\/wp-json\/wp\/v2\/pages"}],"about":[{"href":"https:\/\/www.corob.com\/pt-br\/wp-json\/wp\/v2\/types\/page"}],"author":[{"embeddable":true,"href":"https:\/\/www.corob.com\/pt-br\/wp-json\/wp\/v2\/users\/1"}],"replies":[{"embeddable":true,"href":"https:\/\/www.corob.com\/pt-br\/wp-json\/wp\/v2\/comments?post=22858"}],"version-history":[{"count":2,"href":"https:\/\/www.corob.com\/pt-br\/wp-json\/wp\/v2\/pages\/22858\/revisions"}],"predecessor-version":[{"id":22860,"href":"https:\/\/www.corob.com\/pt-br\/wp-json\/wp\/v2\/pages\/22858\/revisions\/22860"}],"up":[{"embeddable":true,"href":"https:\/\/www.corob.com\/pt-br\/wp-json\/wp\/v2\/pages\/22809"}],"wp:attachment":[{"href":"https:\/\/www.corob.com\/pt-br\/wp-json\/wp\/v2\/media?parent=22858"}],"curies":[{"name":"wp","href":"https:\/\/api.w.org\/{rel}","templated":true}]}}