{"id":22894,"date":"2025-07-23T13:15:21","date_gmt":"2025-07-23T13:15:21","guid":{"rendered":"https:\/\/www.corob.com\/aplicacoes\/textil\/"},"modified":"2025-07-23T13:15:22","modified_gmt":"2025-07-23T13:15:22","slug":"textil","status":"publish","type":"page","link":"https:\/\/www.corob.com\/pt-br\/aplicacoes\/textil\/","title":{"rendered":"T\u00caXTIL"},"content":{"rendered":"<p><div class=\"fusion-fullwidth fullwidth-box fusion-builder-row-1 fusion-parallax-none nonhundred-percent-fullwidth non-hundred-percent-height-scrolling\" style=\"--awb-border-radius-top-left:0px;--awb-border-radius-top-right:0px;--awb-border-radius-bottom-right:0px;--awb-border-radius-bottom-left:0px;--awb-padding-top:100px;--awb-padding-bottom:100px;--awb-background-image:url(&quot;https:\/\/www.corob.com\/wp-content\/uploads\/2020\/01\/Textile-1200x431.jpg&quot;);--awb-background-size:cover;--awb-flex-wrap:wrap;\" ><div class=\"fusion-builder-row fusion-row\"><div class=\"fusion-layout-column fusion_builder_column fusion-builder-column-0 fusion_builder_column_1_1 1_1 fusion-one-full fusion-column-first fusion-column-last\" style=\"--awb-padding-right:30px;--awb-padding-left:30px;--awb-bg-size:cover;\"><div class=\"fusion-column-wrapper fusion-column-has-shadow fusion-flex-column-wrapper-legacy\"><div class=\"fusion-clearfix\"><\/div><\/div><\/div><\/div><\/div><div class=\"fusion-fullwidth fullwidth-box fusion-builder-row-2 nonhundred-percent-fullwidth non-hundred-percent-height-scrolling\" style=\"--awb-border-radius-top-left:0px;--awb-border-radius-top-right:0px;--awb-border-radius-bottom-right:0px;--awb-border-radius-bottom-left:0px;--awb-padding-top:50px;--awb-flex-wrap:wrap;\" ><div class=\"fusion-builder-row fusion-row\"><div class=\"fusion-layout-column fusion_builder_column fusion-builder-column-1 fusion_builder_column_1_1 1_1 fusion-one-full fusion-column-first fusion-column-last\" style=\"--awb-bg-size:cover;\"><div class=\"fusion-column-wrapper fusion-column-has-shadow fusion-flex-column-wrapper-legacy\"><div class=\"fusion-title title fusion-title-1 fusion-sep-none fusion-title-text fusion-title-size-one\" style=\"--awb-text-color:var(--awb-color7);--awb-font-size:36px;\"><h1 class=\"fusion-title-heading title-heading-left fusion-responsive-typography-calculated\" style=\"margin:0;font-size:1em;--fontSize:36;line-height:1;\">T\u00caXTIL<\/h1><\/div><div class=\"fusion-clearfix\"><\/div><\/div><\/div><div class=\"fusion-layout-column fusion_builder_column fusion-builder-column-2 fusion_builder_column_1_2 1_2 fusion-one-half fusion-column-first\" style=\"--awb-bg-size:cover;width:50%;width:calc(50% - ( ( 4% ) * 0.5 ) );margin-right: 4%;\"><div class=\"fusion-column-wrapper fusion-column-has-shadow fusion-flex-column-wrapper-legacy\"><div class=\"fusion-text fusion-text-1\"><p>A tecnologia COROB \u00e9 adequada para a ind\u00fastria t\u00eaxtil, onde a combina\u00e7\u00e3o de materiais org\u00e2nicos e substratos altamente vari\u00e1veis exige <strong>precis\u00e3o<\/strong> e <strong>adaptabilidade<\/strong>. Os nossos sistemas de dosagem e doseamento s\u00e3o concebidos para atender \u00e0s necessidades em evolu\u00e7\u00e3o do processamento t\u00eaxtil, <strong>desde o tingimento tradicional at\u00e9 \u00e0 impress\u00e3o digital avan\u00e7ada<\/strong>. <\/p>\n<p>A produ\u00e7\u00e3o t\u00eaxtil requer:<\/p>\n<\/div><ul style=\"--awb-size:20px;--awb-line-height:34px;--awb-icon-width:34px;--awb-icon-height:34px;--awb-icon-margin:14px;--awb-content-margin:48px;\" class=\"fusion-checklist fusion-checklist-1 fusion-checklist-default type-icons\"><li class=\"fusion-li-item\" style=\"\"><span class=\"icon-wrapper circle-no\"><i class=\"fusion-li-icon awb-icon-check\" aria-hidden=\"true\"><\/i><\/span><div class=\"fusion-li-item-content\"><strong>Flexibilidade<\/strong> \u2013 Sistemas que acomodam varia\u00e7\u00f5es naturais do substrato, garantindo resultados consistentes em diferentes tipos de tecido e acabamentos.<\/div><\/li><li class=\"fusion-li-item\" style=\"\"><span class=\"icon-wrapper circle-no\"><i class=\"fusion-li-icon awb-icon-check\" aria-hidden=\"true\"><\/i><\/span><div class=\"fusion-li-item-content\"><strong>Efici\u00eancia<\/strong> \u2013 Otimizados para produ\u00e7\u00e3o em pequenos lotes, permitindo mudan\u00e7as r\u00e1pidas de formula\u00e7\u00e3o para apoiar mercados de nicho, cole\u00e7\u00f5es sazonais e encomendas personalizadas.<\/div><\/li><li class=\"fusion-li-item\" style=\"\"><span class=\"icon-wrapper circle-no\"><i class=\"fusion-li-icon awb-icon-check\" aria-hidden=\"true\"><\/i><\/span><div class=\"fusion-li-item-content\"><strong>Alta precis\u00e3o<\/strong> \u2013 A dosagem precisa \u00e9 essencial para atender aos requisitos rigorosos das tecnologias t\u00eaxteis digitais modernas, onde a consist\u00eancia de cor e a repetibilidade s\u00e3o cr\u00edticas.<\/div><\/li><\/ul><div class=\"fusion-clearfix\"><\/div><\/div><\/div><div class=\"fusion-layout-column fusion_builder_column fusion-builder-column-3 fusion_builder_column_1_2 1_2 fusion-one-half fusion-column-last\" style=\"--awb-bg-size:cover;width:50%;width:calc(50% - ( ( 4% ) * 0.5 ) );\"><div class=\"fusion-column-wrapper fusion-column-has-shadow fusion-flex-column-wrapper-legacy\"><div class=\"fusion-text fusion-text-2\"><p>Ao combinar <strong>automa\u00e7\u00e3o, precis\u00e3o e adaptabilidade<\/strong>, a COROB ajuda os fabricantes t\u00eaxteis a <strong>maximizar o retorno do investimento<\/strong>, otimizar opera\u00e7\u00f5es e expandir as suas ofertas de produtos num mercado competitivo e em r\u00e1pida evolu\u00e7\u00e3o.<\/p>\n<p>As solu\u00e7\u00f5es COROB tamb\u00e9m apoiam:<\/p>\n<\/div><ul style=\"--awb-size:20px;--awb-line-height:34px;--awb-icon-width:34px;--awb-icon-height:34px;--awb-icon-margin:14px;--awb-content-margin:48px;\" class=\"fusion-checklist fusion-checklist-2 fusion-checklist-default type-icons\"><li class=\"fusion-li-item\" style=\"\"><span class=\"icon-wrapper circle-no\"><i class=\"fusion-li-icon awb-icon-check\" aria-hidden=\"true\"><\/i><\/span><div class=\"fusion-li-item-content\">\n<p>Integra\u00e7\u00e3o com fluxos de trabalho de impress\u00e3o digital e sistemas de gest\u00e3o de cores.<\/p>\n<\/div><\/li><li class=\"fusion-li-item\" style=\"\"><span class=\"icon-wrapper circle-no\"><i class=\"fusion-li-icon awb-icon-check\" aria-hidden=\"true\"><\/i><\/span><div class=\"fusion-li-item-content\">\n<p>Compatibilidade com uma ampla gama de corantes, pigmentos e produtos qu\u00edmicos especiais utilizados no acabamento t\u00eaxtil.<\/p>\n<\/div><\/li><li class=\"fusion-li-item\" style=\"\"><span class=\"icon-wrapper circle-no\"><i class=\"fusion-li-icon awb-icon-check\" aria-hidden=\"true\"><\/i><\/span><div class=\"fusion-li-item-content\">\n<p>Redu\u00e7\u00e3o de desperd\u00edcio e melhoria da sustentabilidade atrav\u00e9s de dosagem precisa e uso m\u00ednimo excessivo de materiais.<\/p>\n<\/div><\/li><li class=\"fusion-li-item\" style=\"\"><span class=\"icon-wrapper circle-no\"><i class=\"fusion-li-icon awb-icon-check\" aria-hidden=\"true\"><\/i><\/span><div class=\"fusion-li-item-content\">\n<p>Configura\u00e7\u00f5es escal\u00e1veis para apoiar ambientes de produ\u00e7\u00e3o tanto em escala piloto quanto em escala completa.<\/p>\n<\/div><\/li><\/ul><div class=\"fusion-clearfix\"><\/div><\/div><\/div><\/div><\/div><\/p>\n","protected":false},"excerpt":{"rendered":"","protected":false},"author":1,"featured_media":0,"parent":22809,"menu_order":70,"comment_status":"closed","ping_status":"closed","template":"100-width.php","meta":{"_acf_changed":false,"footnotes":""},"class_list":["post-22894","page","type-page","status-publish","hentry"],"acf":[],"yoast_head":"<!-- This site is optimized with the Yoast SEO plugin v25.5 - https:\/\/yoast.com\/wordpress\/plugins\/seo\/ -->\n<title>Solu\u00e7\u00f5es de dosagem COROB para aplica\u00e7\u00f5es t\u00eaxteis<\/title>\n<meta name=\"description\" content=\"Descubra os sistemas de dosagem flex\u00edveis, precisos e eficientes da COROB para t\u00eaxteis\u2014ideais para impress\u00e3o digital e produ\u00e7\u00e3o de nicho.\" \/>\n<meta name=\"robots\" content=\"index, follow, max-snippet:-1, max-image-preview:large, max-video-preview:-1\" \/>\n<link rel=\"canonical\" href=\"https:\/\/www.corob.com\/pt-br\/aplicacoes\/textil\/\" \/>\n<meta property=\"og:locale\" content=\"pt_BR\" \/>\n<meta property=\"og:type\" content=\"article\" \/>\n<meta property=\"og:title\" content=\"Solu\u00e7\u00f5es de dosagem COROB para aplica\u00e7\u00f5es t\u00eaxteis\" \/>\n<meta property=\"og:description\" content=\"Descubra os sistemas de dosagem flex\u00edveis, precisos e eficientes da COROB para t\u00eaxteis\u2014ideais para impress\u00e3o digital e produ\u00e7\u00e3o de nicho.\" \/>\n<meta property=\"og:url\" content=\"https:\/\/www.corob.com\/pt-br\/aplicacoes\/textil\/\" \/>\n<meta property=\"og:site_name\" content=\"COROB\" \/>\n<meta property=\"article:modified_time\" content=\"2025-07-23T13:15:22+00:00\" \/>\n<meta name=\"twitter:card\" content=\"summary_large_image\" \/>\n<meta name=\"twitter:label1\" content=\"Est. tempo de leitura\" \/>\n\t<meta name=\"twitter:data1\" content=\"10 minutos\" \/>\n<script type=\"application\/ld+json\" class=\"yoast-schema-graph\">{\"@context\":\"https:\/\/schema.org\",\"@graph\":[{\"@type\":\"WebPage\",\"@id\":\"https:\/\/www.corob.com\/pt-br\/aplicacoes\/textil\/\",\"url\":\"https:\/\/www.corob.com\/pt-br\/aplicacoes\/textil\/\",\"name\":\"Solu\u00e7\u00f5es de dosagem COROB para aplica\u00e7\u00f5es t\u00eaxteis\",\"isPartOf\":{\"@id\":\"https:\/\/www.corob.com\/pt-br\/#website\"},\"datePublished\":\"2025-07-23T13:15:21+00:00\",\"dateModified\":\"2025-07-23T13:15:22+00:00\",\"description\":\"Descubra os sistemas de dosagem flex\u00edveis, precisos e eficientes da COROB para t\u00eaxteis\u2014ideais para impress\u00e3o digital e produ\u00e7\u00e3o de nicho.\",\"breadcrumb\":{\"@id\":\"https:\/\/www.corob.com\/pt-br\/aplicacoes\/textil\/#breadcrumb\"},\"inLanguage\":\"pt-BR\",\"potentialAction\":[{\"@type\":\"ReadAction\",\"target\":[\"https:\/\/www.corob.com\/pt-br\/aplicacoes\/textil\/\"]}]},{\"@type\":\"BreadcrumbList\",\"@id\":\"https:\/\/www.corob.com\/pt-br\/aplicacoes\/textil\/#breadcrumb\",\"itemListElement\":[{\"@type\":\"ListItem\",\"position\":1,\"name\":\"Home\",\"item\":\"https:\/\/www.corob.com\/pt-br\/\"},{\"@type\":\"ListItem\",\"position\":2,\"name\":\"APLICA\u00c7\u00d5ES\",\"item\":\"https:\/\/www.corob.com\/pt-br\/aplicacoes\/\"},{\"@type\":\"ListItem\",\"position\":3,\"name\":\"T\u00caXTIL\"}]},{\"@type\":\"WebSite\",\"@id\":\"https:\/\/www.corob.com\/pt-br\/#website\",\"url\":\"https:\/\/www.corob.com\/pt-br\/\",\"name\":\"COROB\",\"description\":\"High-tech dispensing and mixing solutions for paints and coatings systems\",\"publisher\":{\"@id\":\"https:\/\/www.corob.com\/pt-br\/#organization\"},\"potentialAction\":[{\"@type\":\"SearchAction\",\"target\":{\"@type\":\"EntryPoint\",\"urlTemplate\":\"https:\/\/www.corob.com\/pt-br\/?s={search_term_string}\"},\"query-input\":{\"@type\":\"PropertyValueSpecification\",\"valueRequired\":true,\"valueName\":\"search_term_string\"}}],\"inLanguage\":\"pt-BR\"},{\"@type\":\"Organization\",\"@id\":\"https:\/\/www.corob.com\/pt-br\/#organization\",\"name\":\"COROB\",\"url\":\"https:\/\/www.corob.com\/pt-br\/\",\"logo\":{\"@type\":\"ImageObject\",\"inLanguage\":\"pt-BR\",\"@id\":\"https:\/\/www.corob.com\/pt-br\/#\/schema\/logo\/image\/\",\"url\":\"https:\/\/www.corob.com\/wp-content\/uploads\/2020\/01\/COROB-240.png\",\"contentUrl\":\"https:\/\/www.corob.com\/wp-content\/uploads\/2020\/01\/COROB-240.png\",\"width\":240,\"height\":73,\"caption\":\"COROB\"},\"image\":{\"@id\":\"https:\/\/www.corob.com\/pt-br\/#\/schema\/logo\/image\/\"},\"sameAs\":[\"https:\/\/www.linkedin.com\/company\/corob\/\",\"https:\/\/www.youtube.com\/channel\/UCxnFt4FEhuhdm87NAb27qBQ\"]}]}<\/script>\n<!-- \/ Yoast SEO plugin. -->","yoast_head_json":{"title":"Solu\u00e7\u00f5es de dosagem COROB para aplica\u00e7\u00f5es t\u00eaxteis","description":"Descubra os sistemas de dosagem flex\u00edveis, precisos e eficientes da COROB para t\u00eaxteis\u2014ideais para impress\u00e3o digital e produ\u00e7\u00e3o de nicho.","robots":{"index":"index","follow":"follow","max-snippet":"max-snippet:-1","max-image-preview":"max-image-preview:large","max-video-preview":"max-video-preview:-1"},"canonical":"https:\/\/www.corob.com\/pt-br\/aplicacoes\/textil\/","og_locale":"pt_BR","og_type":"article","og_title":"Solu\u00e7\u00f5es de dosagem COROB para aplica\u00e7\u00f5es t\u00eaxteis","og_description":"Descubra os sistemas de dosagem flex\u00edveis, precisos e eficientes da COROB para t\u00eaxteis\u2014ideais para impress\u00e3o digital e produ\u00e7\u00e3o de nicho.","og_url":"https:\/\/www.corob.com\/pt-br\/aplicacoes\/textil\/","og_site_name":"COROB","article_modified_time":"2025-07-23T13:15:22+00:00","twitter_card":"summary_large_image","twitter_misc":{"Est. tempo de leitura":"10 minutos"},"schema":{"@context":"https:\/\/schema.org","@graph":[{"@type":"WebPage","@id":"https:\/\/www.corob.com\/pt-br\/aplicacoes\/textil\/","url":"https:\/\/www.corob.com\/pt-br\/aplicacoes\/textil\/","name":"Solu\u00e7\u00f5es de dosagem COROB para aplica\u00e7\u00f5es t\u00eaxteis","isPartOf":{"@id":"https:\/\/www.corob.com\/pt-br\/#website"},"datePublished":"2025-07-23T13:15:21+00:00","dateModified":"2025-07-23T13:15:22+00:00","description":"Descubra os sistemas de dosagem flex\u00edveis, precisos e eficientes da COROB para t\u00eaxteis\u2014ideais para impress\u00e3o digital e produ\u00e7\u00e3o de nicho.","breadcrumb":{"@id":"https:\/\/www.corob.com\/pt-br\/aplicacoes\/textil\/#breadcrumb"},"inLanguage":"pt-BR","potentialAction":[{"@type":"ReadAction","target":["https:\/\/www.corob.com\/pt-br\/aplicacoes\/textil\/"]}]},{"@type":"BreadcrumbList","@id":"https:\/\/www.corob.com\/pt-br\/aplicacoes\/textil\/#breadcrumb","itemListElement":[{"@type":"ListItem","position":1,"name":"Home","item":"https:\/\/www.corob.com\/pt-br\/"},{"@type":"ListItem","position":2,"name":"APLICA\u00c7\u00d5ES","item":"https:\/\/www.corob.com\/pt-br\/aplicacoes\/"},{"@type":"ListItem","position":3,"name":"T\u00caXTIL"}]},{"@type":"WebSite","@id":"https:\/\/www.corob.com\/pt-br\/#website","url":"https:\/\/www.corob.com\/pt-br\/","name":"COROB","description":"High-tech dispensing and mixing solutions for paints and coatings systems","publisher":{"@id":"https:\/\/www.corob.com\/pt-br\/#organization"},"potentialAction":[{"@type":"SearchAction","target":{"@type":"EntryPoint","urlTemplate":"https:\/\/www.corob.com\/pt-br\/?s={search_term_string}"},"query-input":{"@type":"PropertyValueSpecification","valueRequired":true,"valueName":"search_term_string"}}],"inLanguage":"pt-BR"},{"@type":"Organization","@id":"https:\/\/www.corob.com\/pt-br\/#organization","name":"COROB","url":"https:\/\/www.corob.com\/pt-br\/","logo":{"@type":"ImageObject","inLanguage":"pt-BR","@id":"https:\/\/www.corob.com\/pt-br\/#\/schema\/logo\/image\/","url":"https:\/\/www.corob.com\/wp-content\/uploads\/2020\/01\/COROB-240.png","contentUrl":"https:\/\/www.corob.com\/wp-content\/uploads\/2020\/01\/COROB-240.png","width":240,"height":73,"caption":"COROB"},"image":{"@id":"https:\/\/www.corob.com\/pt-br\/#\/schema\/logo\/image\/"},"sameAs":["https:\/\/www.linkedin.com\/company\/corob\/","https:\/\/www.youtube.com\/channel\/UCxnFt4FEhuhdm87NAb27qBQ"]}]}},"_links":{"self":[{"href":"https:\/\/www.corob.com\/pt-br\/wp-json\/wp\/v2\/pages\/22894","targetHints":{"allow":["GET"]}}],"collection":[{"href":"https:\/\/www.corob.com\/pt-br\/wp-json\/wp\/v2\/pages"}],"about":[{"href":"https:\/\/www.corob.com\/pt-br\/wp-json\/wp\/v2\/types\/page"}],"author":[{"embeddable":true,"href":"https:\/\/www.corob.com\/pt-br\/wp-json\/wp\/v2\/users\/1"}],"replies":[{"embeddable":true,"href":"https:\/\/www.corob.com\/pt-br\/wp-json\/wp\/v2\/comments?post=22894"}],"version-history":[{"count":2,"href":"https:\/\/www.corob.com\/pt-br\/wp-json\/wp\/v2\/pages\/22894\/revisions"}],"predecessor-version":[{"id":22896,"href":"https:\/\/www.corob.com\/pt-br\/wp-json\/wp\/v2\/pages\/22894\/revisions\/22896"}],"up":[{"embeddable":true,"href":"https:\/\/www.corob.com\/pt-br\/wp-json\/wp\/v2\/pages\/22809"}],"wp:attachment":[{"href":"https:\/\/www.corob.com\/pt-br\/wp-json\/wp\/v2\/media?parent=22894"}],"curies":[{"name":"wp","href":"https:\/\/api.w.org\/{rel}","templated":true}]}}