{"id":25885,"date":"2025-10-23T09:00:52","date_gmt":"2025-10-23T09:00:52","guid":{"rendered":"https:\/\/www.corob.com\/produtos\/sistemas-novaflow\/"},"modified":"2025-10-23T09:00:53","modified_gmt":"2025-10-23T09:00:53","slug":"sistemas-novaflow","status":"publish","type":"page","link":"https:\/\/www.corob.com\/pt-br\/produtos\/sistemas-novaflow\/","title":{"rendered":"SISTEMAS NOVAFLOW"},"content":{"rendered":"<p><div class=\"fusion-fullwidth fullwidth-box fusion-builder-row-1 nonhundred-percent-fullwidth non-hundred-percent-height-scrolling\" style=\"--awb-border-radius-top-left:0px;--awb-border-radius-top-right:0px;--awb-border-radius-bottom-right:0px;--awb-border-radius-bottom-left:0px;--awb-flex-wrap:wrap;\" ><div class=\"fusion-builder-row fusion-row\"><div class=\"fusion-layout-column fusion_builder_column fusion-builder-column-0 fusion_builder_column_1_1 1_1 fusion-one-full fusion-column-first fusion-column-last\" style=\"--awb-bg-size:cover;\"><div class=\"fusion-column-wrapper fusion-column-has-shadow fusion-flex-column-wrapper-legacy\"><div class=\"fusion-title title fusion-title-1 fusion-sep-none fusion-title-text fusion-title-size-one\" style=\"--awb-text-color:var(--awb-color7);--awb-margin-bottom:20px;--awb-font-size:36px;\"><h1 class=\"fusion-title-heading title-heading-left fusion-responsive-typography-calculated\" style=\"font-family:&quot;Source Sans 3&quot;;font-style:normal;font-weight:700;margin:0;font-size:1em;--fontSize:36;line-height:1;\">M\u00e1xima flexibilidade em dosagem gravim\u00e9trica e baseada em peso<\/h1><\/div><div class=\"fusion-text fusion-text-1 fusion-text-no-margin\" style=\"--awb-margin-bottom:0px;\"><p>Os sistemas de dosagem NOVAFLOW t\u00eam servido v\u00e1rias ind\u00fastrias desde 1992, incluindo tinta, tinta e produtos qu\u00edmicos. Estes sistemas avan\u00e7ados de dosagem gravim\u00e9trica oferecem uma <strong>solu\u00e7\u00e3o segura, fi\u00e1vel e econ\u00f3mica<\/strong> que melhora a efici\u00eancia operacional atrav\u00e9s de <strong>controlo preciso baseado em peso<\/strong>.<\/p>\n<\/div><div class=\"accordian fusion-accordian\" style=\"margin-bottom:30px;--awb-margin-bottom:30px;--awb-padding-top:0px;--awb-border-size:0px;--awb-icon-size:13px;--awb-content-font-size:20px;--awb-icon-alignment:left;--awb-hover-color:#f9f9f9;--awb-border-color:#cccccc;--awb-background-color:#ffffff;--awb-divider-color:#dddddd;--awb-divider-hover-color:#dddddd;--awb-icon-color:var(--awb-color7);--awb-title-color:var(--awb-color8);--awb-content-color:#444444;--awb-icon-box-color:var(--awb-custom_color_11);--awb-toggle-hover-accent-color:#000000;--awb-toggle-active-accent-color:var(--awb-color7);--awb-title-font-family:&quot;Source Sans 3&quot;;--awb-title-font-weight:regular;--awb-title-font-style:normal;--awb-title-font-size:20px;--awb-content-font-family:&quot;Source Sans 3&quot;;--awb-content-font-style:normal;--awb-content-font-weight:400;\"><div class=\"panel-group fusion-toggle-icon-unboxed\" id=\"accordion-25885-1\"><div class=\"fusion-panel panel-default panel-fb11b733639cca143 fusion-toggle-no-divider\" style=\"--awb-title-color:#cf102d;\"><div class=\"panel-heading\"><h4 class=\"panel-title toggle\" id=\"toggle_fb11b733639cca143\"><a aria-expanded=\"false\" aria-controls=\"fb11b733639cca143\" role=\"button\" data-toggle=\"collapse\" data-parent=\"#accordion-25885-1\" data-target=\"#fb11b733639cca143\" href=\"#fb11b733639cca143\"><span class=\"fusion-toggle-icon-wrapper\" aria-hidden=\"true\"><i class=\"fa-fusion-box active-icon awb-icon-minus\" aria-hidden=\"true\"><\/i><i class=\"fa-fusion-box inactive-icon awb-icon-plus\" aria-hidden=\"true\"><\/i><\/span><span class=\"fusion-toggle-heading\">mostrar mais<\/span><\/a><\/h4><\/div><div id=\"fb11b733639cca143\" class=\"panel-collapse collapse \" aria-labelledby=\"toggle_fb11b733639cca143\"><div class=\"panel-body toggle-content fusion-clearfix\">\n<div class=\"fusion-text fusion-text-1\">\n<h4><strong>Precis\u00e3o e efici\u00eancia em cada lote<\/strong><\/h4>\n<p>Os clientes se beneficiam de uma fabrica\u00e7\u00e3o de lotes mais precisa com tecnologia gravim\u00e9trica, reduzindo significativamente o desperd\u00edcio e melhorando a consist\u00eancia da produ\u00e7\u00e3o. Seja para uma gr\u00e1fica, um fabricante de tinta ou tinta de impress\u00e3o, ou qualquer opera\u00e7\u00e3o de mistura, os sistemas baseados em peso do NOVAFLOW garantem resultados de alta qualidade todas as vezes. <\/p>\n<h4><strong>Dosagem sob demanda em qualquer escala<\/strong><\/h4>\n<p>Com um sistema NOVAFLOW da COROB, os produtos podem ser preparados sob demanda, tanto no ponto de uso quanto na f\u00e1brica. Esses sistemas gravim\u00e9tricos de dosagem de tinta e tinta de impress\u00e3o suportam uma ampla gama de ambientes de produ\u00e7\u00e3o, desde aplica\u00e7\u00f5es em pequena escala at\u00e9 industriais. <\/p>\n<h4><strong>Solu\u00e7\u00f5es de hardware e software personalizadas<\/strong><\/h4>\n<p>Nosso hardware e software vers\u00e1teis podem ser adaptados para atender a necessidades e or\u00e7amentos espec\u00edficos em diferentes aplica\u00e7\u00f5es. A COROB oferece sistemas gravim\u00e9tricos NOVAFLOW que variam de unidades manuais de n\u00edvel b\u00e1sico a solu\u00e7\u00f5es industriais de grande escala, capazes de operar em ambientes padr\u00e3o e perigosos. <\/p>\n<h4><strong>Suporte para todas as aplica\u00e7\u00f5es de mistura<\/strong><\/h4>\n<p>Seja voc\u00ea um fabricante profissional de revestimentos, tintas ou tintas de impress\u00e3o, um especialista em aplica\u00e7\u00f5es de mistura ou um especialista em impress\u00e3o, os sistemas NOVAFLOW apoiam todas as etapas da sua solu\u00e7\u00e3o especializada de mistura. Perfeitos para misturar, combinar e matizar, esses sistemas gravim\u00e9tricos s\u00e3o ideais para tecnologias offset, flexogr\u00e1ficas e h\u00edbridas. <\/p>\n<\/div>\n<\/div><\/div><\/div><\/div><\/div><div class=\"fusion-clearfix\"><\/div><\/div><\/div><\/div><\/div><div class=\"fusion-fullwidth fullwidth-box fusion-builder-row-2 fusion-flex-container has-pattern-background has-mask-background nonhundred-percent-fullwidth non-hundred-percent-height-scrolling\" style=\"--awb-border-radius-top-left:0px;--awb-border-radius-top-right:0px;--awb-border-radius-bottom-right:0px;--awb-border-radius-bottom-left:0px;--awb-flex-wrap:wrap;\" ><div class=\"fusion-builder-row fusion-row fusion-flex-align-items-flex-start fusion-flex-content-wrap\" style=\"max-width:1456px;margin-left: calc(-4% \/ 2 );margin-right: calc(-4% \/ 2 );\"><div class=\"fusion-layout-column fusion_builder_column fusion-builder-column-1 fusion_builder_column_1_1 1_1 fusion-flex-column\" style=\"--awb-bg-size:cover;--awb-width-large:100%;--awb-margin-top-large:0px;--awb-spacing-right-large:1.92%;--awb-margin-bottom-large:20px;--awb-spacing-left-large:1.92%;--awb-width-medium:100%;--awb-order-medium:0;--awb-spacing-right-medium:1.92%;--awb-spacing-left-medium:1.92%;--awb-width-small:100%;--awb-order-small:0;--awb-spacing-right-small:1.92%;--awb-spacing-left-small:1.92%;\"><div class=\"fusion-column-wrapper fusion-column-has-shadow fusion-flex-justify-content-flex-start fusion-content-layout-column\"><div class=\"fusion-woo-product-grid fusion-product-archive fusion-woo-product-grid-1\"><ul class=\"products products-5\"><li class=\"product type-product post-26471 status-publish first instock product_cat-sistemas-novaflow has-post-thumbnail shipping-taxable product-type-simple product-grid-view\">\n\t<div class=\"fusion-product-wrapper\">\n\n<div class=\"fusion-clean-product-image-wrapper \">\n\t<div  class=\"fusion-image-wrapper fusion-image-size-fixed\" aria-haspopup=\"true\">\n\t\t\t\t\t\t\t<a href=\"https:\/\/www.corob.com\/pt-br\/products\/sistemas-novaflow\/nova-2\/\" aria-label=\"NOVA+\">\n\t\t\t\t\t\t\t<img decoding=\"async\" width=\"500\" height=\"500\" src=\"https:\/\/www.corob.com\/wp-content\/uploads\/2025\/05\/NOVA_FixedHead-1.png\" class=\"attachment-woocommerce_thumbnail size-woocommerce_thumbnail wp-post-image\" alt=\"NOVAFLOW NOVA+ automatic weight-based dispenser\" \/><div class=\"cart-loading\"><i class=\"awb-icon-spinner\" aria-hidden=\"true\"><\/i><\/div>\t\t\t<\/a>\n\t\t\t\t\t\t\t<\/div>\n<\/div>\n<div class=\"fusion-product-content\">\n\t<div class=\"product-details\">\n\t\t<div class=\"product-details-container\">\n<h3 class=\"product-title\">\n\t<a href=\"https:\/\/www.corob.com\/pt-br\/products\/sistemas-novaflow\/nova-2\/\">\n\t\tNOVA+\t<\/a>\n<\/h3>\n<div class=\"fusion-price-rating\">\n\n\t\t<\/div>\n\t<\/div>\n<\/div>\n\n\t<\/div> \n\n\n<\/div>\n<\/li>\n<li class=\"product type-product post-26472 status-publish instock product_cat-sistemas-novaflow has-post-thumbnail shipping-taxable product-type-simple product-grid-view\">\n\t<div class=\"fusion-product-wrapper\">\n\n<div class=\"fusion-clean-product-image-wrapper \">\n\t<div  class=\"fusion-image-wrapper fusion-image-size-fixed\" aria-haspopup=\"true\">\n\t\t\t\t\t\t\t<a href=\"https:\/\/www.corob.com\/pt-br\/products\/sistemas-novaflow\/n15b-2\/\" aria-label=\"N15B\">\n\t\t\t\t\t\t\t<img decoding=\"async\" width=\"500\" height=\"500\" src=\"https:\/\/www.corob.com\/wp-content\/uploads\/2025\/05\/N15B-2.png\" class=\"attachment-woocommerce_thumbnail size-woocommerce_thumbnail wp-post-image\" alt=\"NOVAFLOW N15B automatic weight-based dispenser\" \/><div class=\"cart-loading\"><i class=\"awb-icon-spinner\" aria-hidden=\"true\"><\/i><\/div>\t\t\t<\/a>\n\t\t\t\t\t\t\t<\/div>\n<\/div>\n<div class=\"fusion-product-content\">\n\t<div class=\"product-details\">\n\t\t<div class=\"product-details-container\">\n<h3 class=\"product-title\">\n\t<a href=\"https:\/\/www.corob.com\/pt-br\/products\/sistemas-novaflow\/n15b-2\/\">\n\t\tN15B\t<\/a>\n<\/h3>\n<div class=\"fusion-price-rating\">\n\n\t\t<\/div>\n\t<\/div>\n<\/div>\n\n\t<\/div> \n\n\n<\/div>\n<\/li>\n<li class=\"product type-product post-26473 status-publish instock product_cat-sistemas-novaflow has-post-thumbnail shipping-taxable product-type-simple product-grid-view\">\n\t<div class=\"fusion-product-wrapper\">\n\n<div class=\"fusion-clean-product-image-wrapper \">\n\t<div  class=\"fusion-image-wrapper fusion-image-size-fixed\" aria-haspopup=\"true\">\n\t\t\t\t\t\t\t<a href=\"https:\/\/www.corob.com\/pt-br\/products\/sistemas-novaflow\/n15j-2\/\" aria-label=\"N15J\">\n\t\t\t\t\t\t\t<img decoding=\"async\" width=\"500\" height=\"500\" src=\"https:\/\/www.corob.com\/wp-content\/uploads\/2025\/05\/N15J-1.png\" class=\"attachment-woocommerce_thumbnail size-woocommerce_thumbnail wp-post-image\" alt=\"NOVAFLOW N15J automatic weight-based dispenser\" \/><div class=\"cart-loading\"><i class=\"awb-icon-spinner\" aria-hidden=\"true\"><\/i><\/div>\t\t\t<\/a>\n\t\t\t\t\t\t\t<\/div>\n<\/div>\n<div class=\"fusion-product-content\">\n\t<div class=\"product-details\">\n\t\t<div class=\"product-details-container\">\n<h3 class=\"product-title\">\n\t<a href=\"https:\/\/www.corob.com\/pt-br\/products\/sistemas-novaflow\/n15j-2\/\">\n\t\tN15J\t<\/a>\n<\/h3>\n<div class=\"fusion-price-rating\">\n\n\t\t<\/div>\n\t<\/div>\n<\/div>\n\n\t<\/div> \n\n\n<\/div>\n<\/li>\n<li class=\"product type-product post-26482 status-publish instock product_cat-sistemas-novaflow has-post-thumbnail shipping-taxable product-type-simple product-grid-view\">\n\t<div class=\"fusion-product-wrapper\">\n\n<div class=\"fusion-clean-product-image-wrapper \">\n\t<div  class=\"fusion-image-wrapper fusion-image-size-fixed\" aria-haspopup=\"true\">\n\t\t\t\t\t\t\t<a href=\"https:\/\/www.corob.com\/pt-br\/products\/sistemas-novaflow\/n10\/\" aria-label=\"N10\">\n\t\t\t\t\t\t\t<img decoding=\"async\" width=\"500\" height=\"500\" src=\"https:\/\/www.corob.com\/wp-content\/uploads\/2020\/01\/N10S-2.png\" class=\"attachment-woocommerce_thumbnail size-woocommerce_thumbnail wp-post-image\" alt=\"NOVAFLOW N10S full-featured, manual formulation systems - frontal\" \/><div class=\"cart-loading\"><i class=\"awb-icon-spinner\" aria-hidden=\"true\"><\/i><\/div>\t\t\t<\/a>\n\t\t\t\t\t\t\t<\/div>\n<\/div>\n<div class=\"fusion-product-content\">\n\t<div class=\"product-details\">\n\t\t<div class=\"product-details-container\">\n<h3 class=\"product-title\">\n\t<a href=\"https:\/\/www.corob.com\/pt-br\/products\/sistemas-novaflow\/n10\/\">\n\t\tN10\t<\/a>\n<\/h3>\n<div class=\"fusion-price-rating\">\n\n\t\t<\/div>\n\t<\/div>\n<\/div>\n\n\t<\/div> \n\n\n<\/div>\n<\/li>\n<li class=\"product type-product post-26474 status-publish last instock product_cat-sistemas-novaflow product_cat-software-pt-br has-post-thumbnail shipping-taxable product-type-simple product-grid-view\">\n\t<div class=\"fusion-product-wrapper\">\n\n<div class=\"fusion-clean-product-image-wrapper \">\n\t<div  class=\"fusion-image-wrapper fusion-image-size-fixed\" aria-haspopup=\"true\">\n\t\t\t\t\t\t\t<a href=\"https:\/\/www.corob.com\/pt-br\/products\/software-pt-br\/novablend-2\/\" aria-label=\"NOVABLEND\">\n\t\t\t\t\t\t\t<img decoding=\"async\" width=\"500\" height=\"500\" src=\"https:\/\/www.corob.com\/wp-content\/uploads\/2025\/05\/Novablend-Miniatura-1.png\" class=\"attachment-woocommerce_thumbnail size-woocommerce_thumbnail wp-post-image\" alt=\"NOVABLEND software icon\" \/><div class=\"cart-loading\"><i class=\"awb-icon-spinner\" aria-hidden=\"true\"><\/i><\/div>\t\t\t<\/a>\n\t\t\t\t\t\t\t<\/div>\n<\/div>\n<div class=\"fusion-product-content\">\n\t<div class=\"product-details\">\n\t\t<div class=\"product-details-container\">\n<h3 class=\"product-title\">\n\t<a href=\"https:\/\/www.corob.com\/pt-br\/products\/software-pt-br\/novablend-2\/\">\n\t\tNOVABLEND\t<\/a>\n<\/h3>\n<div class=\"fusion-price-rating\">\n\n\t\t<\/div>\n\t<\/div>\n<\/div>\n\n\t<\/div> \n\n\n<\/div>\n<\/li>\n<\/ul><div class=\"fusion-woo-product-grid-pagination fusion-clearfix\"><\/div><\/div><\/div><\/div><\/div><\/div><\/p>\n","protected":false},"excerpt":{"rendered":"","protected":false},"author":1,"featured_media":17560,"parent":23596,"menu_order":40,"comment_status":"closed","ping_status":"closed","template":"","meta":{"_acf_changed":false,"footnotes":""},"class_list":["post-25885","page","type-page","status-publish","has-post-thumbnail","hentry"],"acf":[],"yoast_head":"<!-- This site is optimized with the Yoast SEO plugin v25.5 - https:\/\/yoast.com\/wordpress\/plugins\/seo\/ -->\n<title>Sistemas avan\u00e7ados de dosagem gravim\u00e9trica e por peso NOVAFLOW para tintas e tintas de impress\u00e3o<\/title>\n<meta name=\"description\" content=\"Dosagem gravim\u00e9trica e por peso flex\u00edvel para as ind\u00fastrias de tinta, tinta de impress\u00e3o e qu\u00edmica. O NOVAFLOW oferece precis\u00e3o, efici\u00eancia e controle de lotes.\" \/>\n<meta name=\"robots\" content=\"index, follow, max-snippet:-1, max-image-preview:large, max-video-preview:-1\" \/>\n<link rel=\"canonical\" href=\"https:\/\/www.corob.com\/pt-br\/produtos\/sistemas-novaflow\/\" \/>\n<meta property=\"og:locale\" content=\"pt_BR\" \/>\n<meta property=\"og:type\" content=\"article\" \/>\n<meta property=\"og:title\" content=\"Sistemas avan\u00e7ados de dosagem gravim\u00e9trica e por peso NOVAFLOW para tintas e tintas de impress\u00e3o\" \/>\n<meta property=\"og:description\" content=\"Dosagem gravim\u00e9trica e por peso flex\u00edvel para as ind\u00fastrias de tinta, tinta de impress\u00e3o e qu\u00edmica. O NOVAFLOW oferece precis\u00e3o, efici\u00eancia e controle de lotes.\" \/>\n<meta property=\"og:url\" content=\"https:\/\/www.corob.com\/pt-br\/produtos\/sistemas-novaflow\/\" \/>\n<meta property=\"og:site_name\" content=\"COROB\" \/>\n<meta property=\"article:modified_time\" content=\"2025-10-23T09:00:53+00:00\" \/>\n<meta property=\"og:image\" content=\"https:\/\/www.corob.com\/wp-content\/uploads\/2025\/05\/NOVAFLOW-20.png\" \/>\n\t<meta property=\"og:image:width\" content=\"486\" \/>\n\t<meta property=\"og:image:height\" content=\"161\" \/>\n\t<meta property=\"og:image:type\" content=\"image\/png\" \/>\n<meta name=\"twitter:card\" content=\"summary_large_image\" \/>\n<meta name=\"twitter:label1\" content=\"Est. tempo de leitura\" \/>\n\t<meta name=\"twitter:data1\" content=\"11 minutos\" \/>\n<script type=\"application\/ld+json\" class=\"yoast-schema-graph\">{\"@context\":\"https:\/\/schema.org\",\"@graph\":[{\"@type\":\"WebPage\",\"@id\":\"https:\/\/www.corob.com\/pt-br\/produtos\/sistemas-novaflow\/\",\"url\":\"https:\/\/www.corob.com\/pt-br\/produtos\/sistemas-novaflow\/\",\"name\":\"Sistemas avan\u00e7ados de dosagem gravim\u00e9trica e por peso NOVAFLOW para tintas e tintas de impress\u00e3o\",\"isPartOf\":{\"@id\":\"https:\/\/www.corob.com\/pt-br\/#website\"},\"primaryImageOfPage\":{\"@id\":\"https:\/\/www.corob.com\/pt-br\/produtos\/sistemas-novaflow\/#primaryimage\"},\"image\":{\"@id\":\"https:\/\/www.corob.com\/pt-br\/produtos\/sistemas-novaflow\/#primaryimage\"},\"thumbnailUrl\":\"https:\/\/www.corob.com\/wp-content\/uploads\/2025\/05\/NOVAFLOW-20.png\",\"datePublished\":\"2025-10-23T09:00:52+00:00\",\"dateModified\":\"2025-10-23T09:00:53+00:00\",\"description\":\"Dosagem gravim\u00e9trica e por peso flex\u00edvel para as ind\u00fastrias de tinta, tinta de impress\u00e3o e qu\u00edmica. O NOVAFLOW oferece precis\u00e3o, efici\u00eancia e controle de lotes.\",\"breadcrumb\":{\"@id\":\"https:\/\/www.corob.com\/pt-br\/produtos\/sistemas-novaflow\/#breadcrumb\"},\"inLanguage\":\"pt-BR\",\"potentialAction\":[{\"@type\":\"ReadAction\",\"target\":[\"https:\/\/www.corob.com\/pt-br\/produtos\/sistemas-novaflow\/\"]}]},{\"@type\":\"ImageObject\",\"inLanguage\":\"pt-BR\",\"@id\":\"https:\/\/www.corob.com\/pt-br\/produtos\/sistemas-novaflow\/#primaryimage\",\"url\":\"https:\/\/www.corob.com\/wp-content\/uploads\/2025\/05\/NOVAFLOW-20.png\",\"contentUrl\":\"https:\/\/www.corob.com\/wp-content\/uploads\/2025\/05\/NOVAFLOW-20.png\",\"width\":486,\"height\":161,\"caption\":\"COROB NOVAFLOW SYSTEMS LOGO-20\"},{\"@type\":\"BreadcrumbList\",\"@id\":\"https:\/\/www.corob.com\/pt-br\/produtos\/sistemas-novaflow\/#breadcrumb\",\"itemListElement\":[{\"@type\":\"ListItem\",\"position\":1,\"name\":\"Home\",\"item\":\"https:\/\/www.corob.com\/pt-br\/\"},{\"@type\":\"ListItem\",\"position\":2,\"name\":\"PRODUTOS\",\"item\":\"https:\/\/www.corob.com\/pt-br\/produtos\/\"},{\"@type\":\"ListItem\",\"position\":3,\"name\":\"SISTEMAS NOVAFLOW\"}]},{\"@type\":\"WebSite\",\"@id\":\"https:\/\/www.corob.com\/pt-br\/#website\",\"url\":\"https:\/\/www.corob.com\/pt-br\/\",\"name\":\"COROB\",\"description\":\"High-tech dispensing and mixing solutions for paints and coatings systems\",\"publisher\":{\"@id\":\"https:\/\/www.corob.com\/pt-br\/#organization\"},\"potentialAction\":[{\"@type\":\"SearchAction\",\"target\":{\"@type\":\"EntryPoint\",\"urlTemplate\":\"https:\/\/www.corob.com\/pt-br\/?s={search_term_string}\"},\"query-input\":{\"@type\":\"PropertyValueSpecification\",\"valueRequired\":true,\"valueName\":\"search_term_string\"}}],\"inLanguage\":\"pt-BR\"},{\"@type\":\"Organization\",\"@id\":\"https:\/\/www.corob.com\/pt-br\/#organization\",\"name\":\"COROB\",\"url\":\"https:\/\/www.corob.com\/pt-br\/\",\"logo\":{\"@type\":\"ImageObject\",\"inLanguage\":\"pt-BR\",\"@id\":\"https:\/\/www.corob.com\/pt-br\/#\/schema\/logo\/image\/\",\"url\":\"https:\/\/www.corob.com\/wp-content\/uploads\/2020\/01\/COROB-240.png\",\"contentUrl\":\"https:\/\/www.corob.com\/wp-content\/uploads\/2020\/01\/COROB-240.png\",\"width\":240,\"height\":73,\"caption\":\"COROB\"},\"image\":{\"@id\":\"https:\/\/www.corob.com\/pt-br\/#\/schema\/logo\/image\/\"},\"sameAs\":[\"https:\/\/www.linkedin.com\/company\/corob\/\",\"https:\/\/www.youtube.com\/channel\/UCxnFt4FEhuhdm87NAb27qBQ\"]}]}<\/script>\n<!-- \/ Yoast SEO plugin. -->","yoast_head_json":{"title":"Sistemas avan\u00e7ados de dosagem gravim\u00e9trica e por peso NOVAFLOW para tintas e tintas de impress\u00e3o","description":"Dosagem gravim\u00e9trica e por peso flex\u00edvel para as ind\u00fastrias de tinta, tinta de impress\u00e3o e qu\u00edmica. O NOVAFLOW oferece precis\u00e3o, efici\u00eancia e controle de lotes.","robots":{"index":"index","follow":"follow","max-snippet":"max-snippet:-1","max-image-preview":"max-image-preview:large","max-video-preview":"max-video-preview:-1"},"canonical":"https:\/\/www.corob.com\/pt-br\/produtos\/sistemas-novaflow\/","og_locale":"pt_BR","og_type":"article","og_title":"Sistemas avan\u00e7ados de dosagem gravim\u00e9trica e por peso NOVAFLOW para tintas e tintas de impress\u00e3o","og_description":"Dosagem gravim\u00e9trica e por peso flex\u00edvel para as ind\u00fastrias de tinta, tinta de impress\u00e3o e qu\u00edmica. O NOVAFLOW oferece precis\u00e3o, efici\u00eancia e controle de lotes.","og_url":"https:\/\/www.corob.com\/pt-br\/produtos\/sistemas-novaflow\/","og_site_name":"COROB","article_modified_time":"2025-10-23T09:00:53+00:00","og_image":[{"width":486,"height":161,"url":"https:\/\/www.corob.com\/wp-content\/uploads\/2025\/05\/NOVAFLOW-20.png","type":"image\/png"}],"twitter_card":"summary_large_image","twitter_misc":{"Est. tempo de leitura":"11 minutos"},"schema":{"@context":"https:\/\/schema.org","@graph":[{"@type":"WebPage","@id":"https:\/\/www.corob.com\/pt-br\/produtos\/sistemas-novaflow\/","url":"https:\/\/www.corob.com\/pt-br\/produtos\/sistemas-novaflow\/","name":"Sistemas avan\u00e7ados de dosagem gravim\u00e9trica e por peso NOVAFLOW para tintas e tintas de impress\u00e3o","isPartOf":{"@id":"https:\/\/www.corob.com\/pt-br\/#website"},"primaryImageOfPage":{"@id":"https:\/\/www.corob.com\/pt-br\/produtos\/sistemas-novaflow\/#primaryimage"},"image":{"@id":"https:\/\/www.corob.com\/pt-br\/produtos\/sistemas-novaflow\/#primaryimage"},"thumbnailUrl":"https:\/\/www.corob.com\/wp-content\/uploads\/2025\/05\/NOVAFLOW-20.png","datePublished":"2025-10-23T09:00:52+00:00","dateModified":"2025-10-23T09:00:53+00:00","description":"Dosagem gravim\u00e9trica e por peso flex\u00edvel para as ind\u00fastrias de tinta, tinta de impress\u00e3o e qu\u00edmica. O NOVAFLOW oferece precis\u00e3o, efici\u00eancia e controle de lotes.","breadcrumb":{"@id":"https:\/\/www.corob.com\/pt-br\/produtos\/sistemas-novaflow\/#breadcrumb"},"inLanguage":"pt-BR","potentialAction":[{"@type":"ReadAction","target":["https:\/\/www.corob.com\/pt-br\/produtos\/sistemas-novaflow\/"]}]},{"@type":"ImageObject","inLanguage":"pt-BR","@id":"https:\/\/www.corob.com\/pt-br\/produtos\/sistemas-novaflow\/#primaryimage","url":"https:\/\/www.corob.com\/wp-content\/uploads\/2025\/05\/NOVAFLOW-20.png","contentUrl":"https:\/\/www.corob.com\/wp-content\/uploads\/2025\/05\/NOVAFLOW-20.png","width":486,"height":161,"caption":"COROB NOVAFLOW SYSTEMS LOGO-20"},{"@type":"BreadcrumbList","@id":"https:\/\/www.corob.com\/pt-br\/produtos\/sistemas-novaflow\/#breadcrumb","itemListElement":[{"@type":"ListItem","position":1,"name":"Home","item":"https:\/\/www.corob.com\/pt-br\/"},{"@type":"ListItem","position":2,"name":"PRODUTOS","item":"https:\/\/www.corob.com\/pt-br\/produtos\/"},{"@type":"ListItem","position":3,"name":"SISTEMAS NOVAFLOW"}]},{"@type":"WebSite","@id":"https:\/\/www.corob.com\/pt-br\/#website","url":"https:\/\/www.corob.com\/pt-br\/","name":"COROB","description":"High-tech dispensing and mixing solutions for paints and coatings systems","publisher":{"@id":"https:\/\/www.corob.com\/pt-br\/#organization"},"potentialAction":[{"@type":"SearchAction","target":{"@type":"EntryPoint","urlTemplate":"https:\/\/www.corob.com\/pt-br\/?s={search_term_string}"},"query-input":{"@type":"PropertyValueSpecification","valueRequired":true,"valueName":"search_term_string"}}],"inLanguage":"pt-BR"},{"@type":"Organization","@id":"https:\/\/www.corob.com\/pt-br\/#organization","name":"COROB","url":"https:\/\/www.corob.com\/pt-br\/","logo":{"@type":"ImageObject","inLanguage":"pt-BR","@id":"https:\/\/www.corob.com\/pt-br\/#\/schema\/logo\/image\/","url":"https:\/\/www.corob.com\/wp-content\/uploads\/2020\/01\/COROB-240.png","contentUrl":"https:\/\/www.corob.com\/wp-content\/uploads\/2020\/01\/COROB-240.png","width":240,"height":73,"caption":"COROB"},"image":{"@id":"https:\/\/www.corob.com\/pt-br\/#\/schema\/logo\/image\/"},"sameAs":["https:\/\/www.linkedin.com\/company\/corob\/","https:\/\/www.youtube.com\/channel\/UCxnFt4FEhuhdm87NAb27qBQ"]}]}},"_links":{"self":[{"href":"https:\/\/www.corob.com\/pt-br\/wp-json\/wp\/v2\/pages\/25885","targetHints":{"allow":["GET"]}}],"collection":[{"href":"https:\/\/www.corob.com\/pt-br\/wp-json\/wp\/v2\/pages"}],"about":[{"href":"https:\/\/www.corob.com\/pt-br\/wp-json\/wp\/v2\/types\/page"}],"author":[{"embeddable":true,"href":"https:\/\/www.corob.com\/pt-br\/wp-json\/wp\/v2\/users\/1"}],"replies":[{"embeddable":true,"href":"https:\/\/www.corob.com\/pt-br\/wp-json\/wp\/v2\/comments?post=25885"}],"version-history":[{"count":2,"href":"https:\/\/www.corob.com\/pt-br\/wp-json\/wp\/v2\/pages\/25885\/revisions"}],"predecessor-version":[{"id":25887,"href":"https:\/\/www.corob.com\/pt-br\/wp-json\/wp\/v2\/pages\/25885\/revisions\/25887"}],"up":[{"embeddable":true,"href":"https:\/\/www.corob.com\/pt-br\/wp-json\/wp\/v2\/pages\/23596"}],"wp:featuredmedia":[{"embeddable":true,"href":"https:\/\/www.corob.com\/pt-br\/wp-json\/wp\/v2\/media\/17560"}],"wp:attachment":[{"href":"https:\/\/www.corob.com\/pt-br\/wp-json\/wp\/v2\/media?parent=25885"}],"curies":[{"name":"wp","href":"https:\/\/api.w.org\/{rel}","templated":true}]}}