{"id":25894,"date":"2025-10-23T09:32:17","date_gmt":"2025-10-23T09:32:17","guid":{"rendered":"https:\/\/www.corob.com\/produtos\/automacao-in-can\/"},"modified":"2025-10-23T09:33:38","modified_gmt":"2025-10-23T09:33:38","slug":"automacao-in-can","status":"publish","type":"page","link":"https:\/\/www.corob.com\/pt-br\/produtos\/automacao-in-can\/","title":{"rendered":"AUTOMA\u00c7\u00c3O IN-CAN"},"content":{"rendered":"<p><div class=\"fusion-fullwidth fullwidth-box fusion-builder-row-1 nonhundred-percent-fullwidth non-hundred-percent-height-scrolling\" style=\"--awb-border-radius-top-left:0px;--awb-border-radius-top-right:0px;--awb-border-radius-bottom-right:0px;--awb-border-radius-bottom-left:0px;--awb-flex-wrap:wrap;\" ><div class=\"fusion-builder-row fusion-row\"><div class=\"fusion-layout-column fusion_builder_column fusion-builder-column-0 fusion_builder_column_1_1 1_1 fusion-one-full fusion-column-first fusion-column-last\" style=\"--awb-bg-size:cover;\"><div class=\"fusion-column-wrapper fusion-column-has-shadow fusion-flex-column-wrapper-legacy\"><div class=\"fusion-title title fusion-title-1 fusion-sep-none fusion-title-text fusion-title-size-one\" style=\"--awb-text-color:var(--awb-color7);--awb-margin-bottom:20px;--awb-font-size:36px;\"><h1 class=\"fusion-title-heading title-heading-left fusion-responsive-typography-calculated\" style=\"font-family:&quot;Source Sans 3&quot;;font-style:normal;font-weight:700;margin:0;font-size:1em;--fontSize:36;line-height:1;\">Aumente a produtividade com sistemas de automa\u00e7\u00e3o em lata In-Can<\/h1><\/div><div class=\"fusion-text fusion-text-1 fusion-text-no-margin\" style=\"--awb-margin-bottom:0px;\"><p>Os Sistemas de Automa\u00e7\u00e3o em Lata In-Can COROB para f\u00e1bricas e aplica\u00e7\u00f5es industriais representam a <strong>tecnologia que aumenta a produtividade<\/strong>. A experi\u00eancia da COROB garante que cada solu\u00e7\u00e3o est\u00e1 alinhada com objetivos operacionais e efici\u00eancia de produ\u00e7\u00e3o.<\/p>\n<\/div><div class=\"accordian fusion-accordian\" style=\"margin-bottom:30px;--awb-margin-bottom:30px;--awb-padding-top:0px;--awb-border-size:0px;--awb-icon-size:13px;--awb-content-font-size:20px;--awb-icon-alignment:left;--awb-hover-color:#f9f9f9;--awb-border-color:#cccccc;--awb-background-color:#ffffff;--awb-divider-color:#dddddd;--awb-divider-hover-color:#dddddd;--awb-icon-color:var(--awb-color7);--awb-title-color:var(--awb-color8);--awb-content-color:#444444;--awb-icon-box-color:var(--awb-custom_color_11);--awb-toggle-hover-accent-color:#000000;--awb-toggle-active-accent-color:var(--awb-color7);--awb-title-font-family:&quot;Source Sans 3&quot;;--awb-title-font-weight:regular;--awb-title-font-style:normal;--awb-title-font-size:20px;--awb-content-font-family:&quot;Source Sans 3&quot;;--awb-content-font-style:normal;--awb-content-font-weight:400;\"><div class=\"panel-group fusion-toggle-icon-unboxed\" id=\"accordion-25894-1\"><div class=\"fusion-panel panel-default panel-a5a63b7eff76301c5 fusion-toggle-no-divider\" style=\"--awb-title-color:#cf102d;\"><div class=\"panel-heading\"><h4 class=\"panel-title toggle\" id=\"toggle_a5a63b7eff76301c5\"><a aria-expanded=\"false\" aria-controls=\"a5a63b7eff76301c5\" role=\"button\" data-toggle=\"collapse\" data-parent=\"#accordion-25894-1\" data-target=\"#a5a63b7eff76301c5\" href=\"#a5a63b7eff76301c5\"><span class=\"fusion-toggle-icon-wrapper\" aria-hidden=\"true\"><i class=\"fa-fusion-box active-icon awb-icon-minus\" aria-hidden=\"true\"><\/i><i class=\"fa-fusion-box inactive-icon awb-icon-plus\" aria-hidden=\"true\"><\/i><\/span><span class=\"fusion-toggle-heading\">mostrar mais<\/span><\/a><\/h4><\/div><div id=\"a5a63b7eff76301c5\" class=\"panel-collapse collapse \" aria-labelledby=\"toggle_a5a63b7eff76301c5\"><div class=\"panel-body toggle-content fusion-clearfix\">\n<div class=\"fusion-text fusion-text-1\">\n<h4><strong>Sistemas integrados para automa\u00e7\u00e3o de f\u00e1brica<\/strong><\/h4>\n<p>A COROB projeta e produz sistemas integrados para automatizar e melhorar o teu neg\u00f3cio, permitindo a fabrica\u00e7\u00e3o rent\u00e1vel de lotes grandes e pequenos, bem como produtos tingidos sob encomenda.<\/p>\n<h4><strong>Solu\u00e7\u00f5es flex\u00edveis para aplica\u00e7\u00f5es industriais<\/strong><\/h4>\n<p>Os produtos COROB para automa\u00e7\u00e3o de f\u00e1brica est\u00e3o dispon\u00edveis como unidades independentes ou podem ser integrados em sistemas complexos de plantas automatizadas. Essas solu\u00e7\u00f5es s\u00e3o adaptadas para atender aos requisitos do cliente em termos de layout, produtividade e espa\u00e7o ocupado. <\/p>\n<h4><strong>Design personalizado e suporte especializado<\/strong><\/h4>\n<p>A COROB disponibiliza seus especialistas para colaborar com os clientes, definindo as melhores solu\u00e7\u00f5es e entregando propostas que incluem layouts gerais, vis\u00f5es gerais do fluxo de produ\u00e7\u00e3o e estimativas de carga de trabalho.<\/p>\n<h4><strong>Sistemas de automa\u00e7\u00e3o In-Can personaliz\u00e1veis<\/strong><\/h4>\n<p>A COROB oferece uma ampla variedade de sistemas e produtos personaliz\u00e1veis para automa\u00e7\u00e3o In-Can, atendendo a diversos ambientes de produ\u00e7\u00e3o e necessidades operacionais.<\/p>\n<\/div>\n<\/div><\/div><\/div><\/div><\/div><div class=\"fusion-clearfix\"><\/div><\/div><\/div><\/div><\/div><div class=\"fusion-fullwidth fullwidth-box fusion-builder-row-2 fusion-flex-container has-pattern-background has-mask-background nonhundred-percent-fullwidth non-hundred-percent-height-scrolling\" style=\"--awb-border-radius-top-left:0px;--awb-border-radius-top-right:0px;--awb-border-radius-bottom-right:0px;--awb-border-radius-bottom-left:0px;--awb-flex-wrap:wrap;\" ><div class=\"fusion-builder-row fusion-row fusion-flex-align-items-flex-start fusion-flex-content-wrap\" style=\"max-width:1456px;margin-left: calc(-4% \/ 2 );margin-right: calc(-4% \/ 2 );\"><div class=\"fusion-layout-column fusion_builder_column fusion-builder-column-1 fusion_builder_column_1_1 1_1 fusion-flex-column\" style=\"--awb-bg-size:cover;--awb-width-large:100%;--awb-margin-top-large:0px;--awb-spacing-right-large:1.92%;--awb-margin-bottom-large:20px;--awb-spacing-left-large:1.92%;--awb-width-medium:100%;--awb-order-medium:0;--awb-spacing-right-medium:1.92%;--awb-spacing-left-medium:1.92%;--awb-width-small:100%;--awb-order-small:0;--awb-spacing-right-small:1.92%;--awb-spacing-left-small:1.92%;\"><div class=\"fusion-column-wrapper fusion-column-has-shadow fusion-flex-justify-content-flex-start fusion-content-layout-column\"><div class=\"fusion-woo-product-grid fusion-product-archive fusion-woo-product-grid-1\"><ul class=\"products products-5\"><li class=\"product type-product post-26990 status-publish first instock product_cat-automacao-in-can has-post-thumbnail shipping-taxable product-type-simple product-grid-view\">\n\t<div class=\"fusion-product-wrapper\">\n\n<div class=\"fusion-clean-product-image-wrapper \">\n\t<div  class=\"fusion-image-wrapper fusion-image-size-fixed\" aria-haspopup=\"true\">\n\t\t\t\t\t\t\t<a href=\"https:\/\/www.corob.com\/pt-br\/products\/automacao-in-can\/linha-de-producao-automatica-in-can\/\" aria-label=\"LINHA DE PRODU\u00c7\u00c3O AUTOM\u00c1TICA IN-CAN\">\n\t\t\t\t\t\t\t<img decoding=\"async\" width=\"500\" height=\"500\" src=\"https:\/\/www.corob.com\/wp-content\/uploads\/2020\/01\/IN-CAN-production-line.png\" class=\"attachment-woocommerce_thumbnail size-woocommerce_thumbnail wp-post-image\" alt=\"IN-CAN production line\" \/><div class=\"cart-loading\"><i class=\"awb-icon-spinner\" aria-hidden=\"true\"><\/i><\/div>\t\t\t<\/a>\n\t\t\t\t\t\t\t<\/div>\n<\/div>\n<div class=\"fusion-product-content\">\n\t<div class=\"product-details\">\n\t\t<div class=\"product-details-container\">\n<h3 class=\"product-title\">\n\t<a href=\"https:\/\/www.corob.com\/pt-br\/products\/automacao-in-can\/linha-de-producao-automatica-in-can\/\">\n\t\tLINHA DE PRODU\u00c7\u00c3O AUTOM\u00c1TICA IN-CAN\t<\/a>\n<\/h3>\n<div class=\"fusion-price-rating\">\n\n\t\t<\/div>\n\t<\/div>\n<\/div>\n\n\t<\/div> \n\n\n<\/div>\n<\/li>\n<li class=\"product type-product post-26989 status-publish instock product_cat-automacao-in-can has-post-thumbnail shipping-taxable product-type-simple product-grid-view\">\n\t<div class=\"fusion-product-wrapper\">\n\n<div class=\"fusion-clean-product-image-wrapper \">\n\t<div  class=\"fusion-image-wrapper fusion-image-size-fixed\" aria-haspopup=\"true\">\n\t\t\t\t\t\t\t<a href=\"https:\/\/www.corob.com\/pt-br\/products\/automacao-in-can\/modula\/\" aria-label=\"MODULA\">\n\t\t\t\t\t\t\t<img decoding=\"async\" width=\"500\" height=\"500\" src=\"https:\/\/www.corob.com\/wp-content\/uploads\/2020\/01\/Modula.png\" class=\"attachment-woocommerce_thumbnail size-woocommerce_thumbnail wp-post-image\" alt=\"Modula high productivity dispenser\" \/><div class=\"cart-loading\"><i class=\"awb-icon-spinner\" aria-hidden=\"true\"><\/i><\/div>\t\t\t<\/a>\n\t\t\t\t\t\t\t<\/div>\n<\/div>\n<div class=\"fusion-product-content\">\n\t<div class=\"product-details\">\n\t\t<div class=\"product-details-container\">\n<h3 class=\"product-title\">\n\t<a href=\"https:\/\/www.corob.com\/pt-br\/products\/automacao-in-can\/modula\/\">\n\t\tMODULA\t<\/a>\n<\/h3>\n<div class=\"fusion-price-rating\">\n\n\t\t<\/div>\n\t<\/div>\n<\/div>\n\n\t<\/div> \n\n\n<\/div>\n<\/li>\n<li class=\"product type-product post-26988 status-publish instock product_cat-automacao-in-can has-post-thumbnail shipping-taxable product-type-simple product-grid-view\">\n\t<div class=\"fusion-product-wrapper\">\n\n<div class=\"fusion-clean-product-image-wrapper \">\n\t<div  class=\"fusion-image-wrapper fusion-image-size-fixed\" aria-haspopup=\"true\">\n\t\t\t\t\t\t\t<a href=\"https:\/\/www.corob.com\/pt-br\/products\/automacao-in-can\/mixing-station-ms-rg\/\" aria-label=\"MIXING STATION MS-RG\">\n\t\t\t\t\t\t\t<img decoding=\"async\" width=\"500\" height=\"500\" src=\"https:\/\/www.corob.com\/wp-content\/uploads\/2020\/01\/Mixing-Station-MS-RG.png\" class=\"attachment-woocommerce_thumbnail size-woocommerce_thumbnail wp-post-image\" alt=\"MIXING STATION MS-RG fully automated mixing solution\" \/><div class=\"cart-loading\"><i class=\"awb-icon-spinner\" aria-hidden=\"true\"><\/i><\/div>\t\t\t<\/a>\n\t\t\t\t\t\t\t<\/div>\n<\/div>\n<div class=\"fusion-product-content\">\n\t<div class=\"product-details\">\n\t\t<div class=\"product-details-container\">\n<h3 class=\"product-title\">\n\t<a href=\"https:\/\/www.corob.com\/pt-br\/products\/automacao-in-can\/mixing-station-ms-rg\/\">\n\t\tMIXING STATION MS-RG\t<\/a>\n<\/h3>\n<div class=\"fusion-price-rating\">\n\n\t\t<\/div>\n\t<\/div>\n<\/div>\n\n\t<\/div> \n\n\n<\/div>\n<\/li>\n<li class=\"product type-product post-26987 status-publish instock product_cat-automacao-in-can has-post-thumbnail shipping-taxable product-type-simple product-grid-view\">\n\t<div class=\"fusion-product-wrapper\">\n\n<div class=\"fusion-clean-product-image-wrapper \">\n\t<div  class=\"fusion-image-wrapper fusion-image-size-fixed\" aria-haspopup=\"true\">\n\t\t\t\t\t\t\t<a href=\"https:\/\/www.corob.com\/pt-br\/products\/automacao-in-can\/estacao-de-mistura-ms-lg\/\" aria-label=\"MIXING STATION MS-LG\">\n\t\t\t\t\t\t\t<img decoding=\"async\" width=\"500\" height=\"500\" src=\"https:\/\/www.corob.com\/wp-content\/uploads\/2020\/01\/Mixing-Station-MS-LG.png\" class=\"attachment-woocommerce_thumbnail size-woocommerce_thumbnail wp-post-image\" alt=\"COROB Mixing Station MS-LG High-performance, fully automated mixing solution\" \/><div class=\"cart-loading\"><i class=\"awb-icon-spinner\" aria-hidden=\"true\"><\/i><\/div>\t\t\t<\/a>\n\t\t\t\t\t\t\t<\/div>\n<\/div>\n<div class=\"fusion-product-content\">\n\t<div class=\"product-details\">\n\t\t<div class=\"product-details-container\">\n<h3 class=\"product-title\">\n\t<a href=\"https:\/\/www.corob.com\/pt-br\/products\/automacao-in-can\/estacao-de-mistura-ms-lg\/\">\n\t\tMIXING STATION MS-LG\t<\/a>\n<\/h3>\n<div class=\"fusion-price-rating\">\n\n\t\t<\/div>\n\t<\/div>\n<\/div>\n\n\t<\/div> \n\n\n<\/div>\n<\/li>\n<\/ul><div class=\"fusion-woo-product-grid-pagination fusion-clearfix\"><\/div><\/div><\/div><\/div><\/div><\/div><\/p>\n","protected":false},"excerpt":{"rendered":"","protected":false},"author":1,"featured_media":17546,"parent":23596,"menu_order":30,"comment_status":"closed","ping_status":"closed","template":"","meta":{"_acf_changed":false,"footnotes":""},"class_list":["post-25894","page","type-page","status-publish","has-post-thumbnail","hentry"],"acf":[],"yoast_head":"<!-- This site is optimized with the Yoast SEO plugin v25.5 - https:\/\/yoast.com\/wordpress\/plugins\/seo\/ -->\n<title>Sistemas de automa\u00e7\u00e3o COROB In-Can que aumentam a sua produtividade de tingimento<\/title>\n<meta name=\"description\" content=\"Descobre os Sistemas de Automa\u00e7\u00e3o In-Can da COROB para automa\u00e7\u00e3o de f\u00e1brica\u2014personaliz\u00e1veis, escal\u00e1veis e projetados para uma produ\u00e7\u00e3o eficiente de tingimento.\" \/>\n<meta name=\"robots\" content=\"index, follow, max-snippet:-1, max-image-preview:large, max-video-preview:-1\" \/>\n<link rel=\"canonical\" href=\"https:\/\/www.corob.com\/pt-br\/produtos\/automacao-in-can\/\" \/>\n<meta property=\"og:locale\" content=\"pt_BR\" \/>\n<meta property=\"og:type\" content=\"article\" \/>\n<meta property=\"og:title\" content=\"Sistemas de automa\u00e7\u00e3o COROB In-Can que aumentam a sua produtividade de tingimento\" \/>\n<meta property=\"og:description\" content=\"Descobre os Sistemas de Automa\u00e7\u00e3o In-Can da COROB para automa\u00e7\u00e3o de f\u00e1brica\u2014personaliz\u00e1veis, escal\u00e1veis e projetados para uma produ\u00e7\u00e3o eficiente de tingimento.\" \/>\n<meta property=\"og:url\" content=\"https:\/\/www.corob.com\/pt-br\/produtos\/automacao-in-can\/\" \/>\n<meta property=\"og:site_name\" content=\"COROB\" \/>\n<meta property=\"article:modified_time\" content=\"2025-10-23T09:33:38+00:00\" \/>\n<meta property=\"og:image\" content=\"https:\/\/www.corob.com\/wp-content\/uploads\/2025\/05\/IN-CAN-AUTOMATION-20.png\" \/>\n\t<meta property=\"og:image:width\" content=\"576\" \/>\n\t<meta property=\"og:image:height\" content=\"161\" \/>\n\t<meta property=\"og:image:type\" content=\"image\/png\" \/>\n<meta name=\"twitter:card\" content=\"summary_large_image\" \/>\n<meta name=\"twitter:label1\" content=\"Est. tempo de leitura\" \/>\n\t<meta name=\"twitter:data1\" content=\"10 minutos\" \/>\n<script type=\"application\/ld+json\" class=\"yoast-schema-graph\">{\"@context\":\"https:\/\/schema.org\",\"@graph\":[{\"@type\":\"WebPage\",\"@id\":\"https:\/\/www.corob.com\/pt-br\/produtos\/automacao-in-can\/\",\"url\":\"https:\/\/www.corob.com\/pt-br\/produtos\/automacao-in-can\/\",\"name\":\"Sistemas de automa\u00e7\u00e3o COROB In-Can que aumentam a sua produtividade de tingimento\",\"isPartOf\":{\"@id\":\"https:\/\/www.corob.com\/pt-br\/#website\"},\"primaryImageOfPage\":{\"@id\":\"https:\/\/www.corob.com\/pt-br\/produtos\/automacao-in-can\/#primaryimage\"},\"image\":{\"@id\":\"https:\/\/www.corob.com\/pt-br\/produtos\/automacao-in-can\/#primaryimage\"},\"thumbnailUrl\":\"https:\/\/www.corob.com\/wp-content\/uploads\/2025\/05\/IN-CAN-AUTOMATION-20.png\",\"datePublished\":\"2025-10-23T09:32:17+00:00\",\"dateModified\":\"2025-10-23T09:33:38+00:00\",\"description\":\"Descobre os Sistemas de Automa\u00e7\u00e3o In-Can da COROB para automa\u00e7\u00e3o de f\u00e1brica\u2014personaliz\u00e1veis, escal\u00e1veis e projetados para uma produ\u00e7\u00e3o eficiente de tingimento.\",\"breadcrumb\":{\"@id\":\"https:\/\/www.corob.com\/pt-br\/produtos\/automacao-in-can\/#breadcrumb\"},\"inLanguage\":\"pt-BR\",\"potentialAction\":[{\"@type\":\"ReadAction\",\"target\":[\"https:\/\/www.corob.com\/pt-br\/produtos\/automacao-in-can\/\"]}]},{\"@type\":\"ImageObject\",\"inLanguage\":\"pt-BR\",\"@id\":\"https:\/\/www.corob.com\/pt-br\/produtos\/automacao-in-can\/#primaryimage\",\"url\":\"https:\/\/www.corob.com\/wp-content\/uploads\/2025\/05\/IN-CAN-AUTOMATION-20.png\",\"contentUrl\":\"https:\/\/www.corob.com\/wp-content\/uploads\/2025\/05\/IN-CAN-AUTOMATION-20.png\",\"width\":576,\"height\":161,\"caption\":\"COROB IN-CAN AUTOMATION SERIES LOGO-20\"},{\"@type\":\"BreadcrumbList\",\"@id\":\"https:\/\/www.corob.com\/pt-br\/produtos\/automacao-in-can\/#breadcrumb\",\"itemListElement\":[{\"@type\":\"ListItem\",\"position\":1,\"name\":\"Home\",\"item\":\"https:\/\/www.corob.com\/pt-br\/\"},{\"@type\":\"ListItem\",\"position\":2,\"name\":\"PRODUTOS\",\"item\":\"https:\/\/www.corob.com\/pt-br\/produtos\/\"},{\"@type\":\"ListItem\",\"position\":3,\"name\":\"AUTOMA\u00c7\u00c3O IN-CAN\"}]},{\"@type\":\"WebSite\",\"@id\":\"https:\/\/www.corob.com\/pt-br\/#website\",\"url\":\"https:\/\/www.corob.com\/pt-br\/\",\"name\":\"COROB\",\"description\":\"High-tech dispensing and mixing solutions for paints and coatings systems\",\"publisher\":{\"@id\":\"https:\/\/www.corob.com\/pt-br\/#organization\"},\"potentialAction\":[{\"@type\":\"SearchAction\",\"target\":{\"@type\":\"EntryPoint\",\"urlTemplate\":\"https:\/\/www.corob.com\/pt-br\/?s={search_term_string}\"},\"query-input\":{\"@type\":\"PropertyValueSpecification\",\"valueRequired\":true,\"valueName\":\"search_term_string\"}}],\"inLanguage\":\"pt-BR\"},{\"@type\":\"Organization\",\"@id\":\"https:\/\/www.corob.com\/pt-br\/#organization\",\"name\":\"COROB\",\"url\":\"https:\/\/www.corob.com\/pt-br\/\",\"logo\":{\"@type\":\"ImageObject\",\"inLanguage\":\"pt-BR\",\"@id\":\"https:\/\/www.corob.com\/pt-br\/#\/schema\/logo\/image\/\",\"url\":\"https:\/\/www.corob.com\/wp-content\/uploads\/2020\/01\/COROB-240.png\",\"contentUrl\":\"https:\/\/www.corob.com\/wp-content\/uploads\/2020\/01\/COROB-240.png\",\"width\":240,\"height\":73,\"caption\":\"COROB\"},\"image\":{\"@id\":\"https:\/\/www.corob.com\/pt-br\/#\/schema\/logo\/image\/\"},\"sameAs\":[\"https:\/\/www.linkedin.com\/company\/corob\/\",\"https:\/\/www.youtube.com\/channel\/UCxnFt4FEhuhdm87NAb27qBQ\"]}]}<\/script>\n<!-- \/ Yoast SEO plugin. -->","yoast_head_json":{"title":"Sistemas de automa\u00e7\u00e3o COROB In-Can que aumentam a sua produtividade de tingimento","description":"Descobre os Sistemas de Automa\u00e7\u00e3o In-Can da COROB para automa\u00e7\u00e3o de f\u00e1brica\u2014personaliz\u00e1veis, escal\u00e1veis e projetados para uma produ\u00e7\u00e3o eficiente de tingimento.","robots":{"index":"index","follow":"follow","max-snippet":"max-snippet:-1","max-image-preview":"max-image-preview:large","max-video-preview":"max-video-preview:-1"},"canonical":"https:\/\/www.corob.com\/pt-br\/produtos\/automacao-in-can\/","og_locale":"pt_BR","og_type":"article","og_title":"Sistemas de automa\u00e7\u00e3o COROB In-Can que aumentam a sua produtividade de tingimento","og_description":"Descobre os Sistemas de Automa\u00e7\u00e3o In-Can da COROB para automa\u00e7\u00e3o de f\u00e1brica\u2014personaliz\u00e1veis, escal\u00e1veis e projetados para uma produ\u00e7\u00e3o eficiente de tingimento.","og_url":"https:\/\/www.corob.com\/pt-br\/produtos\/automacao-in-can\/","og_site_name":"COROB","article_modified_time":"2025-10-23T09:33:38+00:00","og_image":[{"width":576,"height":161,"url":"https:\/\/www.corob.com\/wp-content\/uploads\/2025\/05\/IN-CAN-AUTOMATION-20.png","type":"image\/png"}],"twitter_card":"summary_large_image","twitter_misc":{"Est. tempo de leitura":"10 minutos"},"schema":{"@context":"https:\/\/schema.org","@graph":[{"@type":"WebPage","@id":"https:\/\/www.corob.com\/pt-br\/produtos\/automacao-in-can\/","url":"https:\/\/www.corob.com\/pt-br\/produtos\/automacao-in-can\/","name":"Sistemas de automa\u00e7\u00e3o COROB In-Can que aumentam a sua produtividade de tingimento","isPartOf":{"@id":"https:\/\/www.corob.com\/pt-br\/#website"},"primaryImageOfPage":{"@id":"https:\/\/www.corob.com\/pt-br\/produtos\/automacao-in-can\/#primaryimage"},"image":{"@id":"https:\/\/www.corob.com\/pt-br\/produtos\/automacao-in-can\/#primaryimage"},"thumbnailUrl":"https:\/\/www.corob.com\/wp-content\/uploads\/2025\/05\/IN-CAN-AUTOMATION-20.png","datePublished":"2025-10-23T09:32:17+00:00","dateModified":"2025-10-23T09:33:38+00:00","description":"Descobre os Sistemas de Automa\u00e7\u00e3o In-Can da COROB para automa\u00e7\u00e3o de f\u00e1brica\u2014personaliz\u00e1veis, escal\u00e1veis e projetados para uma produ\u00e7\u00e3o eficiente de tingimento.","breadcrumb":{"@id":"https:\/\/www.corob.com\/pt-br\/produtos\/automacao-in-can\/#breadcrumb"},"inLanguage":"pt-BR","potentialAction":[{"@type":"ReadAction","target":["https:\/\/www.corob.com\/pt-br\/produtos\/automacao-in-can\/"]}]},{"@type":"ImageObject","inLanguage":"pt-BR","@id":"https:\/\/www.corob.com\/pt-br\/produtos\/automacao-in-can\/#primaryimage","url":"https:\/\/www.corob.com\/wp-content\/uploads\/2025\/05\/IN-CAN-AUTOMATION-20.png","contentUrl":"https:\/\/www.corob.com\/wp-content\/uploads\/2025\/05\/IN-CAN-AUTOMATION-20.png","width":576,"height":161,"caption":"COROB IN-CAN AUTOMATION SERIES LOGO-20"},{"@type":"BreadcrumbList","@id":"https:\/\/www.corob.com\/pt-br\/produtos\/automacao-in-can\/#breadcrumb","itemListElement":[{"@type":"ListItem","position":1,"name":"Home","item":"https:\/\/www.corob.com\/pt-br\/"},{"@type":"ListItem","position":2,"name":"PRODUTOS","item":"https:\/\/www.corob.com\/pt-br\/produtos\/"},{"@type":"ListItem","position":3,"name":"AUTOMA\u00c7\u00c3O IN-CAN"}]},{"@type":"WebSite","@id":"https:\/\/www.corob.com\/pt-br\/#website","url":"https:\/\/www.corob.com\/pt-br\/","name":"COROB","description":"High-tech dispensing and mixing solutions for paints and coatings systems","publisher":{"@id":"https:\/\/www.corob.com\/pt-br\/#organization"},"potentialAction":[{"@type":"SearchAction","target":{"@type":"EntryPoint","urlTemplate":"https:\/\/www.corob.com\/pt-br\/?s={search_term_string}"},"query-input":{"@type":"PropertyValueSpecification","valueRequired":true,"valueName":"search_term_string"}}],"inLanguage":"pt-BR"},{"@type":"Organization","@id":"https:\/\/www.corob.com\/pt-br\/#organization","name":"COROB","url":"https:\/\/www.corob.com\/pt-br\/","logo":{"@type":"ImageObject","inLanguage":"pt-BR","@id":"https:\/\/www.corob.com\/pt-br\/#\/schema\/logo\/image\/","url":"https:\/\/www.corob.com\/wp-content\/uploads\/2020\/01\/COROB-240.png","contentUrl":"https:\/\/www.corob.com\/wp-content\/uploads\/2020\/01\/COROB-240.png","width":240,"height":73,"caption":"COROB"},"image":{"@id":"https:\/\/www.corob.com\/pt-br\/#\/schema\/logo\/image\/"},"sameAs":["https:\/\/www.linkedin.com\/company\/corob\/","https:\/\/www.youtube.com\/channel\/UCxnFt4FEhuhdm87NAb27qBQ"]}]}},"_links":{"self":[{"href":"https:\/\/www.corob.com\/pt-br\/wp-json\/wp\/v2\/pages\/25894","targetHints":{"allow":["GET"]}}],"collection":[{"href":"https:\/\/www.corob.com\/pt-br\/wp-json\/wp\/v2\/pages"}],"about":[{"href":"https:\/\/www.corob.com\/pt-br\/wp-json\/wp\/v2\/types\/page"}],"author":[{"embeddable":true,"href":"https:\/\/www.corob.com\/pt-br\/wp-json\/wp\/v2\/users\/1"}],"replies":[{"embeddable":true,"href":"https:\/\/www.corob.com\/pt-br\/wp-json\/wp\/v2\/comments?post=25894"}],"version-history":[{"count":5,"href":"https:\/\/www.corob.com\/pt-br\/wp-json\/wp\/v2\/pages\/25894\/revisions"}],"predecessor-version":[{"id":25899,"href":"https:\/\/www.corob.com\/pt-br\/wp-json\/wp\/v2\/pages\/25894\/revisions\/25899"}],"up":[{"embeddable":true,"href":"https:\/\/www.corob.com\/pt-br\/wp-json\/wp\/v2\/pages\/23596"}],"wp:featuredmedia":[{"embeddable":true,"href":"https:\/\/www.corob.com\/pt-br\/wp-json\/wp\/v2\/media\/17546"}],"wp:attachment":[{"href":"https:\/\/www.corob.com\/pt-br\/wp-json\/wp\/v2\/media?parent=25894"}],"curies":[{"name":"wp","href":"https:\/\/api.w.org\/{rel}","templated":true}]}}