{"id":25909,"date":"2025-10-23T09:44:44","date_gmt":"2025-10-23T09:44:44","guid":{"rendered":"https:\/\/www.corob.com\/agitadores-vibratorios\/"},"modified":"2025-10-23T10:02:34","modified_gmt":"2025-10-23T10:02:34","slug":"agitadores-vibratorios","status":"publish","type":"page","link":"https:\/\/www.corob.com\/pt-br\/produtos\/misturadores-e-agitadores\/agitadores-vibratorios\/","title":{"rendered":"AGITADORES VIBRAT\u00d3RIOS"},"content":{"rendered":"<p><div class=\"fusion-fullwidth fullwidth-box fusion-builder-row-1 nonhundred-percent-fullwidth non-hundred-percent-height-scrolling\" style=\"--awb-border-radius-top-left:0px;--awb-border-radius-top-right:0px;--awb-border-radius-bottom-right:0px;--awb-border-radius-bottom-left:0px;--awb-flex-wrap:wrap;\" ><div class=\"fusion-builder-row fusion-row\"><div class=\"fusion-layout-column fusion_builder_column fusion-builder-column-0 fusion_builder_column_1_1 1_1 fusion-one-full fusion-column-first fusion-column-last\" style=\"--awb-bg-size:cover;\"><div class=\"fusion-column-wrapper fusion-column-has-shadow fusion-flex-column-wrapper-legacy\"><div class=\"fusion-title title fusion-title-1 fusion-sep-none fusion-title-text fusion-title-size-one\" style=\"--awb-text-color:var(--awb-color7);--awb-margin-bottom:20px;--awb-font-size:36px;\"><h1 class=\"fusion-title-heading title-heading-left fusion-responsive-typography-calculated\" style=\"font-family:&quot;Source Sans 3&quot;;font-style:normal;font-weight:700;margin:0;font-size:1em;--fontSize:36;line-height:1;\">Agitadores de tinta fi\u00e1veis para todas as necessidades<\/h1><\/div><div class=\"fusion-text fusion-text-1\"><p>Os agitadores de tinta COROB est\u00e3o posicionados para oferecer <strong>desempenho consistente<\/strong> e <strong>fiabilidade a longo prazo<\/strong>. Constru\u00eddas numa plataforma partilhada, as duas unidades atendem diferentes requisitos funcionais, resultando em faixas de pre\u00e7os distintas.<\/p>\n<\/div><div class=\"accordian fusion-accordian\" style=\"margin-bottom:30px;--awb-margin-bottom:30px;--awb-padding-top:0px;--awb-border-size:0px;--awb-icon-size:13px;--awb-content-font-size:20px;--awb-icon-alignment:left;--awb-hover-color:#f9f9f9;--awb-border-color:#cccccc;--awb-background-color:#ffffff;--awb-divider-color:#dddddd;--awb-divider-hover-color:#dddddd;--awb-icon-color:var(--awb-color7);--awb-title-color:var(--awb-color8);--awb-content-color:#444444;--awb-icon-box-color:var(--awb-custom_color_11);--awb-toggle-hover-accent-color:#000000;--awb-toggle-active-accent-color:var(--awb-color7);--awb-title-font-family:&quot;Source Sans 3&quot;;--awb-title-font-weight:regular;--awb-title-font-style:normal;--awb-title-font-size:20px;--awb-content-font-family:&quot;Source Sans 3&quot;;--awb-content-font-style:normal;--awb-content-font-weight:400;\"><div class=\"panel-group fusion-toggle-icon-unboxed\" id=\"accordion-25909-1\"><div class=\"fusion-panel panel-default panel-eef8b9fd0029ea57f fusion-toggle-no-divider\" style=\"--awb-title-color:#cf102d;\"><div class=\"panel-heading\"><h4 class=\"panel-title toggle\" id=\"toggle_eef8b9fd0029ea57f\"><a aria-expanded=\"false\" aria-controls=\"eef8b9fd0029ea57f\" role=\"button\" data-toggle=\"collapse\" data-parent=\"#accordion-25909-1\" data-target=\"#eef8b9fd0029ea57f\" href=\"#eef8b9fd0029ea57f\"><span class=\"fusion-toggle-icon-wrapper\" aria-hidden=\"true\"><i class=\"fa-fusion-box active-icon awb-icon-minus\" aria-hidden=\"true\"><\/i><i class=\"fa-fusion-box inactive-icon awb-icon-plus\" aria-hidden=\"true\"><\/i><\/span><span class=\"fusion-toggle-heading\">mostrar mais<\/span><\/a><\/h4><\/div><div id=\"eef8b9fd0029ea57f\" class=\"panel-collapse collapse \" aria-labelledby=\"toggle_eef8b9fd0029ea57f\"><div class=\"panel-body toggle-content fusion-clearfix\">\n<div class=\"fusion-text fusion-text-1\">\n<p><strong>Funcionalidade flex\u00edvel, design unificado<\/strong><\/p>\n<p>Embora ambos os modelos compartilhem a mesma base robusta, suas diferen\u00e7as funcionais permitem que os clientes escolham o agitador que melhor se adapta \u00e0s suas necessidades operacionais e or\u00e7ament\u00e1rias.<\/p>\n<p>A S\u00e9rie de Agitadores COROB prioriza a experi\u00eancia do usu\u00e1rio com opera\u00e7\u00e3o silenciosa, carregamento ergon\u00f4mico e componentes protegidos que reduzem a manuten\u00e7\u00e3o. Com controles intuitivos e constru\u00e7\u00e3o robusta, a S\u00e9rie de Agitadores COROB \u00e9 projetada para manter seu fluxo de trabalho suave e seus clientes satisfeitos. <\/p>\n<p><strong>Agita\u00e7\u00e3o inteligente para todos os tamanhos de loja<\/strong><\/p>\n<p>A S\u00e9rie de Agitadores COROB oferece solu\u00e7\u00f5es personalizadas para as necessidades de mistura de tinta em diferentes volumes de loja. Seja voc\u00ea operando uma loja de varejo compacta ou um centro de tintas de alto volume, eles entregam desempenho de agita\u00e7\u00e3o confi\u00e1vel e autom\u00e1tico. <\/p>\n<\/div>\n<\/div><\/div><\/div><\/div><\/div><div class=\"fusion-clearfix\"><\/div><\/div><\/div><\/div><\/div><div class=\"fusion-fullwidth fullwidth-box fusion-builder-row-2 fusion-flex-container has-pattern-background has-mask-background nonhundred-percent-fullwidth non-hundred-percent-height-scrolling\" style=\"--awb-border-radius-top-left:0px;--awb-border-radius-top-right:0px;--awb-border-radius-bottom-right:0px;--awb-border-radius-bottom-left:0px;--awb-flex-wrap:wrap;\" ><div class=\"fusion-builder-row fusion-row fusion-flex-align-items-flex-start fusion-flex-content-wrap\" style=\"max-width:1456px;margin-left: calc(-4% \/ 2 );margin-right: calc(-4% \/ 2 );\"><div class=\"fusion-layout-column fusion_builder_column fusion-builder-column-1 fusion_builder_column_1_1 1_1 fusion-flex-column\" style=\"--awb-bg-size:cover;--awb-width-large:100%;--awb-margin-top-large:0px;--awb-spacing-right-large:1.92%;--awb-margin-bottom-large:20px;--awb-spacing-left-large:1.92%;--awb-width-medium:100%;--awb-order-medium:0;--awb-spacing-right-medium:1.92%;--awb-spacing-left-medium:1.92%;--awb-width-small:100%;--awb-order-small:0;--awb-spacing-right-small:1.92%;--awb-spacing-left-small:1.92%;\"><div class=\"fusion-column-wrapper fusion-column-has-shadow fusion-flex-justify-content-flex-start fusion-content-layout-column\"><div class=\"fusion-woo-product-grid fusion-product-archive fusion-woo-product-grid-1\"><ul class=\"products products-5\"><li class=\"product type-product post-26475 status-publish first instock product_cat-shakers-vibratorios product_tag-d600-pt-br product_tag-evoplus-pt-br product_tag-evopwr-pt-br product_tag-t400-pt-br product_tag-tatocolor-pt-br has-post-thumbnail shipping-taxable product-type-simple product-grid-view\">\n\t<div class=\"fusion-product-wrapper\">\n\n<div class=\"fusion-clean-product-image-wrapper \">\n\t<div  class=\"fusion-image-wrapper fusion-image-size-fixed\" aria-haspopup=\"true\">\n\t\t\t\t\t\t\t<a href=\"https:\/\/www.corob.com\/pt-br\/products\/agitadores-e-shakers\/shakers-vibratorios\/evoshake-700-2\/\" aria-label=\"EVOshake 700\">\n\t\t\t\t\t\t\t<img decoding=\"async\" width=\"500\" height=\"500\" src=\"https:\/\/www.corob.com\/wp-content\/uploads\/2023\/10\/Eshake-700-01-T.png\" class=\"attachment-woocommerce_thumbnail size-woocommerce_thumbnail wp-post-image\" alt=\"COROB EVOshake 700 paint shaker side view\" \/><div class=\"cart-loading\"><i class=\"awb-icon-spinner\" aria-hidden=\"true\"><\/i><\/div>\t\t\t<\/a>\n\t\t\t\t\t\t\t<\/div>\n<\/div>\n<div class=\"fusion-product-content\">\n\t<div class=\"product-details\">\n\t\t<div class=\"product-details-container\">\n<h3 class=\"product-title\">\n\t<a href=\"https:\/\/www.corob.com\/pt-br\/products\/agitadores-e-shakers\/shakers-vibratorios\/evoshake-700-2\/\">\n\t\tEVOshake 700\t<\/a>\n<\/h3>\n<div class=\"fusion-price-rating\">\n\n\t\t<\/div>\n\t<\/div>\n<\/div>\n\n\t<\/div> \n\n\n<\/div>\n<\/li>\n<li class=\"product type-product post-26478 status-publish instock product_cat-shakers-vibratorios product_tag-d180-pt-br product_tag-d410x-pt-br product_tag-evo1st-pt-br product_tag-first1-tx-pt-br product_tag-flex-100-pt-br product_tag-t100-pt-br product_tag-t300-pt-br has-post-thumbnail shipping-taxable product-type-simple product-grid-view\">\n\t<div class=\"fusion-product-wrapper\">\n\n<div class=\"fusion-clean-product-image-wrapper \">\n\t<div  class=\"fusion-image-wrapper fusion-image-size-fixed\" aria-haspopup=\"true\">\n\t\t\t\t\t\t\t<a href=\"https:\/\/www.corob.com\/pt-br\/products\/agitadores-e-shakers\/shakers-vibratorios\/evoshake-200-2\/\" aria-label=\"EVOshake 200\">\n\t\t\t\t\t\t\t<img decoding=\"async\" width=\"500\" height=\"500\" src=\"https:\/\/www.corob.com\/wp-content\/uploads\/2023\/10\/Eshake-200-01-T.png\" class=\"attachment-woocommerce_thumbnail size-woocommerce_thumbnail wp-post-image\" alt=\"COROB EVOshake 200 paint shaker side view\" \/><div class=\"cart-loading\"><i class=\"awb-icon-spinner\" aria-hidden=\"true\"><\/i><\/div>\t\t\t<\/a>\n\t\t\t\t\t\t\t<\/div>\n<\/div>\n<div class=\"fusion-product-content\">\n\t<div class=\"product-details\">\n\t\t<div class=\"product-details-container\">\n<h3 class=\"product-title\">\n\t<a href=\"https:\/\/www.corob.com\/pt-br\/products\/agitadores-e-shakers\/shakers-vibratorios\/evoshake-200-2\/\">\n\t\tEVOshake 200\t<\/a>\n<\/h3>\n<div class=\"fusion-price-rating\">\n\n\t\t<\/div>\n\t<\/div>\n<\/div>\n\n\t<\/div> \n\n\n<\/div>\n<\/li>\n<\/ul><div class=\"fusion-woo-product-grid-pagination fusion-clearfix\"><\/div><\/div><\/div><\/div><\/div><\/div><\/p>\n","protected":false},"excerpt":{"rendered":"","protected":false},"author":1,"featured_media":17567,"parent":25931,"menu_order":26,"comment_status":"closed","ping_status":"closed","template":"","meta":{"_acf_changed":false,"footnotes":""},"class_list":["post-25909","page","type-page","status-publish","has-post-thumbnail","hentry"],"acf":[],"yoast_head":"<!-- This site is optimized with the Yoast SEO plugin v25.5 - https:\/\/yoast.com\/wordpress\/plugins\/seo\/ -->\n<title>Agitadores de tinta COROB confi\u00e1veis para todos os tamanhos de loja<\/title>\n<meta name=\"description\" content=\"Explore a S\u00e9rie de Agitadores COROB: agitadores de tinta compactos, ergon\u00f4micos e confi\u00e1veis, projetados para desempenho consistente em todos os volumes de loja.\" \/>\n<meta name=\"robots\" content=\"index, follow, max-snippet:-1, max-image-preview:large, max-video-preview:-1\" \/>\n<link rel=\"canonical\" href=\"https:\/\/www.corob.com\/pt-br\/produtos\/misturadores-e-agitadores\/agitadores-vibratorios\/\" \/>\n<meta property=\"og:locale\" content=\"pt_BR\" \/>\n<meta property=\"og:type\" content=\"article\" \/>\n<meta property=\"og:title\" content=\"Agitadores de tinta COROB confi\u00e1veis para todos os tamanhos de loja\" \/>\n<meta property=\"og:description\" content=\"Explore a S\u00e9rie de Agitadores COROB: agitadores de tinta compactos, ergon\u00f4micos e confi\u00e1veis, projetados para desempenho consistente em todos os volumes de loja.\" \/>\n<meta property=\"og:url\" content=\"https:\/\/www.corob.com\/pt-br\/produtos\/misturadores-e-agitadores\/agitadores-vibratorios\/\" \/>\n<meta property=\"og:site_name\" content=\"COROB\" \/>\n<meta property=\"article:modified_time\" content=\"2025-10-23T10:02:34+00:00\" \/>\n<meta property=\"og:image\" content=\"https:\/\/www.corob.com\/wp-content\/uploads\/2025\/05\/SHAKERS-20.png\" \/>\n\t<meta property=\"og:image:width\" content=\"407\" \/>\n\t<meta property=\"og:image:height\" content=\"161\" \/>\n\t<meta property=\"og:image:type\" content=\"image\/png\" \/>\n<meta name=\"twitter:card\" content=\"summary_large_image\" \/>\n<meta name=\"twitter:label1\" content=\"Est. tempo de leitura\" \/>\n\t<meta name=\"twitter:data1\" content=\"10 minutos\" \/>\n<script type=\"application\/ld+json\" class=\"yoast-schema-graph\">{\"@context\":\"https:\/\/schema.org\",\"@graph\":[{\"@type\":\"WebPage\",\"@id\":\"https:\/\/www.corob.com\/pt-br\/produtos\/misturadores-e-agitadores\/agitadores-vibratorios\/\",\"url\":\"https:\/\/www.corob.com\/pt-br\/produtos\/misturadores-e-agitadores\/agitadores-vibratorios\/\",\"name\":\"Agitadores de tinta COROB confi\u00e1veis para todos os tamanhos de loja\",\"isPartOf\":{\"@id\":\"https:\/\/www.corob.com\/pt-br\/#website\"},\"primaryImageOfPage\":{\"@id\":\"https:\/\/www.corob.com\/pt-br\/produtos\/misturadores-e-agitadores\/agitadores-vibratorios\/#primaryimage\"},\"image\":{\"@id\":\"https:\/\/www.corob.com\/pt-br\/produtos\/misturadores-e-agitadores\/agitadores-vibratorios\/#primaryimage\"},\"thumbnailUrl\":\"https:\/\/www.corob.com\/wp-content\/uploads\/2025\/05\/SHAKERS-20.png\",\"datePublished\":\"2025-10-23T09:44:44+00:00\",\"dateModified\":\"2025-10-23T10:02:34+00:00\",\"description\":\"Explore a S\u00e9rie de Agitadores COROB: agitadores de tinta compactos, ergon\u00f4micos e confi\u00e1veis, projetados para desempenho consistente em todos os volumes de loja.\",\"breadcrumb\":{\"@id\":\"https:\/\/www.corob.com\/pt-br\/produtos\/misturadores-e-agitadores\/agitadores-vibratorios\/#breadcrumb\"},\"inLanguage\":\"pt-BR\",\"potentialAction\":[{\"@type\":\"ReadAction\",\"target\":[\"https:\/\/www.corob.com\/pt-br\/produtos\/misturadores-e-agitadores\/agitadores-vibratorios\/\"]}]},{\"@type\":\"ImageObject\",\"inLanguage\":\"pt-BR\",\"@id\":\"https:\/\/www.corob.com\/pt-br\/produtos\/misturadores-e-agitadores\/agitadores-vibratorios\/#primaryimage\",\"url\":\"https:\/\/www.corob.com\/wp-content\/uploads\/2025\/05\/SHAKERS-20.png\",\"contentUrl\":\"https:\/\/www.corob.com\/wp-content\/uploads\/2025\/05\/SHAKERS-20.png\",\"width\":407,\"height\":161,\"caption\":\"COROB SOFTWARE LOGO-20\"},{\"@type\":\"BreadcrumbList\",\"@id\":\"https:\/\/www.corob.com\/pt-br\/produtos\/misturadores-e-agitadores\/agitadores-vibratorios\/#breadcrumb\",\"itemListElement\":[{\"@type\":\"ListItem\",\"position\":1,\"name\":\"Home\",\"item\":\"https:\/\/www.corob.com\/pt-br\/\"},{\"@type\":\"ListItem\",\"position\":2,\"name\":\"PRODUTOS\",\"item\":\"https:\/\/www.corob.com\/pt-br\/produtos\/\"},{\"@type\":\"ListItem\",\"position\":3,\"name\":\"MISTURADORES E AGITADORES\",\"item\":\"https:\/\/www.corob.com\/pt-br\/produtos\/misturadores-e-agitadores\/\"},{\"@type\":\"ListItem\",\"position\":4,\"name\":\"AGITADORES VIBRAT\u00d3RIOS\"}]},{\"@type\":\"WebSite\",\"@id\":\"https:\/\/www.corob.com\/pt-br\/#website\",\"url\":\"https:\/\/www.corob.com\/pt-br\/\",\"name\":\"COROB\",\"description\":\"High-tech dispensing and mixing solutions for paints and coatings systems\",\"publisher\":{\"@id\":\"https:\/\/www.corob.com\/pt-br\/#organization\"},\"potentialAction\":[{\"@type\":\"SearchAction\",\"target\":{\"@type\":\"EntryPoint\",\"urlTemplate\":\"https:\/\/www.corob.com\/pt-br\/?s={search_term_string}\"},\"query-input\":{\"@type\":\"PropertyValueSpecification\",\"valueRequired\":true,\"valueName\":\"search_term_string\"}}],\"inLanguage\":\"pt-BR\"},{\"@type\":\"Organization\",\"@id\":\"https:\/\/www.corob.com\/pt-br\/#organization\",\"name\":\"COROB\",\"url\":\"https:\/\/www.corob.com\/pt-br\/\",\"logo\":{\"@type\":\"ImageObject\",\"inLanguage\":\"pt-BR\",\"@id\":\"https:\/\/www.corob.com\/pt-br\/#\/schema\/logo\/image\/\",\"url\":\"https:\/\/www.corob.com\/wp-content\/uploads\/2020\/01\/COROB-240.png\",\"contentUrl\":\"https:\/\/www.corob.com\/wp-content\/uploads\/2020\/01\/COROB-240.png\",\"width\":240,\"height\":73,\"caption\":\"COROB\"},\"image\":{\"@id\":\"https:\/\/www.corob.com\/pt-br\/#\/schema\/logo\/image\/\"},\"sameAs\":[\"https:\/\/www.linkedin.com\/company\/corob\/\",\"https:\/\/www.youtube.com\/channel\/UCxnFt4FEhuhdm87NAb27qBQ\"]}]}<\/script>\n<!-- \/ Yoast SEO plugin. -->","yoast_head_json":{"title":"Agitadores de tinta COROB confi\u00e1veis para todos os tamanhos de loja","description":"Explore a S\u00e9rie de Agitadores COROB: agitadores de tinta compactos, ergon\u00f4micos e confi\u00e1veis, projetados para desempenho consistente em todos os volumes de loja.","robots":{"index":"index","follow":"follow","max-snippet":"max-snippet:-1","max-image-preview":"max-image-preview:large","max-video-preview":"max-video-preview:-1"},"canonical":"https:\/\/www.corob.com\/pt-br\/produtos\/misturadores-e-agitadores\/agitadores-vibratorios\/","og_locale":"pt_BR","og_type":"article","og_title":"Agitadores de tinta COROB confi\u00e1veis para todos os tamanhos de loja","og_description":"Explore a S\u00e9rie de Agitadores COROB: agitadores de tinta compactos, ergon\u00f4micos e confi\u00e1veis, projetados para desempenho consistente em todos os volumes de loja.","og_url":"https:\/\/www.corob.com\/pt-br\/produtos\/misturadores-e-agitadores\/agitadores-vibratorios\/","og_site_name":"COROB","article_modified_time":"2025-10-23T10:02:34+00:00","og_image":[{"width":407,"height":161,"url":"https:\/\/www.corob.com\/wp-content\/uploads\/2025\/05\/SHAKERS-20.png","type":"image\/png"}],"twitter_card":"summary_large_image","twitter_misc":{"Est. tempo de leitura":"10 minutos"},"schema":{"@context":"https:\/\/schema.org","@graph":[{"@type":"WebPage","@id":"https:\/\/www.corob.com\/pt-br\/produtos\/misturadores-e-agitadores\/agitadores-vibratorios\/","url":"https:\/\/www.corob.com\/pt-br\/produtos\/misturadores-e-agitadores\/agitadores-vibratorios\/","name":"Agitadores de tinta COROB confi\u00e1veis para todos os tamanhos de loja","isPartOf":{"@id":"https:\/\/www.corob.com\/pt-br\/#website"},"primaryImageOfPage":{"@id":"https:\/\/www.corob.com\/pt-br\/produtos\/misturadores-e-agitadores\/agitadores-vibratorios\/#primaryimage"},"image":{"@id":"https:\/\/www.corob.com\/pt-br\/produtos\/misturadores-e-agitadores\/agitadores-vibratorios\/#primaryimage"},"thumbnailUrl":"https:\/\/www.corob.com\/wp-content\/uploads\/2025\/05\/SHAKERS-20.png","datePublished":"2025-10-23T09:44:44+00:00","dateModified":"2025-10-23T10:02:34+00:00","description":"Explore a S\u00e9rie de Agitadores COROB: agitadores de tinta compactos, ergon\u00f4micos e confi\u00e1veis, projetados para desempenho consistente em todos os volumes de loja.","breadcrumb":{"@id":"https:\/\/www.corob.com\/pt-br\/produtos\/misturadores-e-agitadores\/agitadores-vibratorios\/#breadcrumb"},"inLanguage":"pt-BR","potentialAction":[{"@type":"ReadAction","target":["https:\/\/www.corob.com\/pt-br\/produtos\/misturadores-e-agitadores\/agitadores-vibratorios\/"]}]},{"@type":"ImageObject","inLanguage":"pt-BR","@id":"https:\/\/www.corob.com\/pt-br\/produtos\/misturadores-e-agitadores\/agitadores-vibratorios\/#primaryimage","url":"https:\/\/www.corob.com\/wp-content\/uploads\/2025\/05\/SHAKERS-20.png","contentUrl":"https:\/\/www.corob.com\/wp-content\/uploads\/2025\/05\/SHAKERS-20.png","width":407,"height":161,"caption":"COROB SOFTWARE LOGO-20"},{"@type":"BreadcrumbList","@id":"https:\/\/www.corob.com\/pt-br\/produtos\/misturadores-e-agitadores\/agitadores-vibratorios\/#breadcrumb","itemListElement":[{"@type":"ListItem","position":1,"name":"Home","item":"https:\/\/www.corob.com\/pt-br\/"},{"@type":"ListItem","position":2,"name":"PRODUTOS","item":"https:\/\/www.corob.com\/pt-br\/produtos\/"},{"@type":"ListItem","position":3,"name":"MISTURADORES E AGITADORES","item":"https:\/\/www.corob.com\/pt-br\/produtos\/misturadores-e-agitadores\/"},{"@type":"ListItem","position":4,"name":"AGITADORES VIBRAT\u00d3RIOS"}]},{"@type":"WebSite","@id":"https:\/\/www.corob.com\/pt-br\/#website","url":"https:\/\/www.corob.com\/pt-br\/","name":"COROB","description":"High-tech dispensing and mixing solutions for paints and coatings systems","publisher":{"@id":"https:\/\/www.corob.com\/pt-br\/#organization"},"potentialAction":[{"@type":"SearchAction","target":{"@type":"EntryPoint","urlTemplate":"https:\/\/www.corob.com\/pt-br\/?s={search_term_string}"},"query-input":{"@type":"PropertyValueSpecification","valueRequired":true,"valueName":"search_term_string"}}],"inLanguage":"pt-BR"},{"@type":"Organization","@id":"https:\/\/www.corob.com\/pt-br\/#organization","name":"COROB","url":"https:\/\/www.corob.com\/pt-br\/","logo":{"@type":"ImageObject","inLanguage":"pt-BR","@id":"https:\/\/www.corob.com\/pt-br\/#\/schema\/logo\/image\/","url":"https:\/\/www.corob.com\/wp-content\/uploads\/2020\/01\/COROB-240.png","contentUrl":"https:\/\/www.corob.com\/wp-content\/uploads\/2020\/01\/COROB-240.png","width":240,"height":73,"caption":"COROB"},"image":{"@id":"https:\/\/www.corob.com\/pt-br\/#\/schema\/logo\/image\/"},"sameAs":["https:\/\/www.linkedin.com\/company\/corob\/","https:\/\/www.youtube.com\/channel\/UCxnFt4FEhuhdm87NAb27qBQ"]}]}},"_links":{"self":[{"href":"https:\/\/www.corob.com\/pt-br\/wp-json\/wp\/v2\/pages\/25909","targetHints":{"allow":["GET"]}}],"collection":[{"href":"https:\/\/www.corob.com\/pt-br\/wp-json\/wp\/v2\/pages"}],"about":[{"href":"https:\/\/www.corob.com\/pt-br\/wp-json\/wp\/v2\/types\/page"}],"author":[{"embeddable":true,"href":"https:\/\/www.corob.com\/pt-br\/wp-json\/wp\/v2\/users\/1"}],"replies":[{"embeddable":true,"href":"https:\/\/www.corob.com\/pt-br\/wp-json\/wp\/v2\/comments?post=25909"}],"version-history":[{"count":2,"href":"https:\/\/www.corob.com\/pt-br\/wp-json\/wp\/v2\/pages\/25909\/revisions"}],"predecessor-version":[{"id":25911,"href":"https:\/\/www.corob.com\/pt-br\/wp-json\/wp\/v2\/pages\/25909\/revisions\/25911"}],"up":[{"embeddable":true,"href":"https:\/\/www.corob.com\/pt-br\/wp-json\/wp\/v2\/pages\/25931"}],"wp:featuredmedia":[{"embeddable":true,"href":"https:\/\/www.corob.com\/pt-br\/wp-json\/wp\/v2\/media\/17567"}],"wp:attachment":[{"href":"https:\/\/www.corob.com\/pt-br\/wp-json\/wp\/v2\/media?parent=25909"}],"curies":[{"name":"wp","href":"https:\/\/api.w.org\/{rel}","templated":true}]}}