{"id":25918,"date":"2025-10-23T09:51:05","date_gmt":"2025-10-23T09:51:05","guid":{"rendered":"https:\/\/www.corob.com\/misturadores-giroscopicos\/"},"modified":"2025-10-23T10:02:33","modified_gmt":"2025-10-23T10:02:33","slug":"misturadores-giroscopicos","status":"publish","type":"page","link":"https:\/\/www.corob.com\/pt-br\/produtos\/misturadores-e-agitadores\/misturadores-giroscopicos\/","title":{"rendered":"MISTURADORES GIROSC\u00d3PICOS"},"content":{"rendered":"<p><div class=\"fusion-fullwidth fullwidth-box fusion-builder-row-1 nonhundred-percent-fullwidth non-hundred-percent-height-scrolling\" style=\"--awb-border-radius-top-left:0px;--awb-border-radius-top-right:0px;--awb-border-radius-bottom-right:0px;--awb-border-radius-bottom-left:0px;--awb-flex-wrap:wrap;\" ><div class=\"fusion-builder-row fusion-row\"><div class=\"fusion-layout-column fusion_builder_column fusion-builder-column-0 fusion_builder_column_1_1 1_1 fusion-one-full fusion-column-first fusion-column-last\" style=\"--awb-bg-size:cover;\"><div class=\"fusion-column-wrapper fusion-column-has-shadow fusion-flex-column-wrapper-legacy\"><div class=\"fusion-title title fusion-title-1 fusion-sep-none fusion-title-text fusion-title-size-one\" style=\"--awb-text-color:var(--awb-color7);--awb-margin-bottom:20px;--awb-font-size:36px;\"><h1 class=\"fusion-title-heading title-heading-left fusion-responsive-typography-calculated\" style=\"font-family:&quot;Source Sans 3&quot;;font-style:normal;font-weight:700;margin:0;font-size:1em;--fontSize:36;line-height:1;\">Uma fam\u00edlia vers\u00e1til de misturadores girosc\u00f3picos de tinta<\/h1><\/div><div class=\"fusion-text fusion-text-1 fusion-text-no-margin\" style=\"--awb-margin-bottom:0px;\"><p>A fam\u00edlia de misturadores girosc\u00f3picos COROB cobre a maioria das necessidades do mercado, desde segmentos mais <strong>conscientes dos custos<\/strong> at\u00e9 <strong>aplica\u00e7\u00f5es de servi\u00e7o pesado<\/strong>. Estes misturadores s\u00e3o projetados para suportar uma ampla gama de requisitos operacionais na ind\u00fastria de tintas e revestimentos.<\/p>\n<\/div><div class=\"accordian fusion-accordian\" style=\"margin-bottom:30px;--awb-margin-bottom:30px;--awb-padding-top:0px;--awb-border-size:0px;--awb-icon-size:13px;--awb-content-font-size:20px;--awb-icon-alignment:left;--awb-hover-color:#f9f9f9;--awb-border-color:#cccccc;--awb-background-color:#ffffff;--awb-divider-color:#dddddd;--awb-divider-hover-color:#dddddd;--awb-icon-color:var(--awb-color7);--awb-title-color:var(--awb-color8);--awb-content-color:#444444;--awb-icon-box-color:var(--awb-custom_color_11);--awb-toggle-hover-accent-color:#000000;--awb-toggle-active-accent-color:var(--awb-color7);--awb-title-font-family:&quot;Source Sans 3&quot;;--awb-title-font-weight:regular;--awb-title-font-style:normal;--awb-title-font-size:20px;--awb-content-font-family:&quot;Source Sans 3&quot;;--awb-content-font-style:normal;--awb-content-font-weight:400;\"><div class=\"panel-group fusion-toggle-icon-unboxed\" id=\"accordion-25918-1\"><div class=\"fusion-panel panel-default panel-6e6046be2f0382331 fusion-toggle-no-divider\" style=\"--awb-title-color:#cf102d;\"><div class=\"panel-heading\"><h4 class=\"panel-title toggle\" id=\"toggle_6e6046be2f0382331\"><a aria-expanded=\"false\" aria-controls=\"6e6046be2f0382331\" role=\"button\" data-toggle=\"collapse\" data-parent=\"#accordion-25918-1\" data-target=\"#6e6046be2f0382331\" href=\"#6e6046be2f0382331\"><span class=\"fusion-toggle-icon-wrapper\" aria-hidden=\"true\"><i class=\"fa-fusion-box active-icon awb-icon-minus\" aria-hidden=\"true\"><\/i><i class=\"fa-fusion-box inactive-icon awb-icon-plus\" aria-hidden=\"true\"><\/i><\/span><span class=\"fusion-toggle-heading\">mostrar mais<\/span><\/a><\/h4><\/div><div id=\"6e6046be2f0382331\" class=\"panel-collapse collapse \" aria-labelledby=\"toggle_6e6046be2f0382331\"><div class=\"panel-body toggle-content fusion-clearfix\">\n<div class=\"fusion-text fusion-text-1\">\n<h4><strong>Op\u00e7\u00f5es de fixa\u00e7\u00e3o manual e autom\u00e1tica<\/strong><\/h4>\n<p>Dentro da oferta, os usu\u00e1rios podem escolher entre misturadores de fixa\u00e7\u00e3o manual e vers\u00f5es autom\u00e1ticas, garantindo flexibilidade e adaptabilidade a diferentes fluxos de trabalho.<\/p>\n<h4><strong>Explore a gama completa<\/strong><\/h4>\n<p>Explore os v\u00e1rios modelos de misturadores girosc\u00f3picos COROB dispon\u00edveis e encontre a solu\u00e7\u00e3o que melhor se adapta \u00e0s suas necessidades de tingimento e mistura.<\/p>\n<\/div>\n<\/div><\/div><\/div><\/div><\/div><div class=\"fusion-clearfix\"><\/div><\/div><\/div><\/div><\/div><div class=\"fusion-fullwidth fullwidth-box fusion-builder-row-2 fusion-flex-container has-pattern-background has-mask-background nonhundred-percent-fullwidth non-hundred-percent-height-scrolling\" style=\"--awb-border-radius-top-left:0px;--awb-border-radius-top-right:0px;--awb-border-radius-bottom-right:0px;--awb-border-radius-bottom-left:0px;--awb-flex-wrap:wrap;\" ><div class=\"fusion-builder-row fusion-row fusion-flex-align-items-flex-start fusion-flex-content-wrap\" style=\"max-width:1456px;margin-left: calc(-4% \/ 2 );margin-right: calc(-4% \/ 2 );\"><div class=\"fusion-layout-column fusion_builder_column fusion-builder-column-1 fusion_builder_column_1_1 1_1 fusion-flex-column\" style=\"--awb-bg-size:cover;--awb-width-large:100%;--awb-margin-top-large:0px;--awb-spacing-right-large:1.92%;--awb-margin-bottom-large:20px;--awb-spacing-left-large:1.92%;--awb-width-medium:100%;--awb-order-medium:0;--awb-spacing-right-medium:1.92%;--awb-spacing-left-medium:1.92%;--awb-width-small:100%;--awb-order-small:0;--awb-spacing-right-small:1.92%;--awb-spacing-left-small:1.92%;\"><div class=\"fusion-column-wrapper fusion-column-has-shadow fusion-flex-justify-content-flex-start fusion-content-layout-column\"><div class=\"fusion-woo-product-grid fusion-product-archive fusion-woo-product-grid-1\"><ul class=\"products products-5\"><li class=\"product type-product post-26476 status-publish first instock product_cat-agitadores-giroscopicos product_tag-d600-pt-br product_tag-evopwr-pt-br product_tag-t400-pt-br has-post-thumbnail shipping-taxable product-type-simple product-grid-view\">\n\t<div class=\"fusion-product-wrapper\">\n\n<div class=\"fusion-clean-product-image-wrapper \">\n\t<div  class=\"fusion-image-wrapper fusion-image-size-fixed\" aria-haspopup=\"true\">\n\t\t\t\t\t\t\t<a href=\"https:\/\/www.corob.com\/pt-br\/products\/agitadores-e-shakers\/agitadores-giroscopicos\/clevermix-700e\/\" aria-label=\"CLEVERmix 700E\">\n\t\t\t\t\t\t\t<img decoding=\"async\" width=\"500\" height=\"500\" src=\"https:\/\/www.corob.com\/wp-content\/uploads\/2023\/06\/CMIX700-01-T.png\" class=\"attachment-woocommerce_thumbnail size-woocommerce_thumbnail wp-post-image\" alt=\"COROB CLEVERmix 700 with shutter door side view\" \/><div class=\"cart-loading\"><i class=\"awb-icon-spinner\" aria-hidden=\"true\"><\/i><\/div>\t\t\t<\/a>\n\t\t\t\t\t\t\t<\/div>\n<\/div>\n<div class=\"fusion-product-content\">\n\t<div class=\"product-details\">\n\t\t<div class=\"product-details-container\">\n<h3 class=\"product-title\">\n\t<a href=\"https:\/\/www.corob.com\/pt-br\/products\/agitadores-e-shakers\/agitadores-giroscopicos\/clevermix-700e\/\">\n\t\tCLEVERmix 700E\t<\/a>\n<\/h3>\n<div class=\"fusion-price-rating\">\n\n\t\t<\/div>\n\t<\/div>\n<\/div>\n\n\t<\/div> \n\n\n<\/div>\n<\/li>\n<li class=\"product type-product post-26477 status-publish instock product_cat-agitadores-giroscopicos product_tag-d410x-pt-br product_tag-evoplus-pt-br product_tag-first1-tx-pt-br product_tag-t300-pt-br product_tag-tatocolor-pt-br has-post-thumbnail shipping-taxable product-type-simple product-grid-view\">\n\t<div class=\"fusion-product-wrapper\">\n\n<div class=\"fusion-clean-product-image-wrapper \">\n\t<div  class=\"fusion-image-wrapper fusion-image-size-fixed\" aria-haspopup=\"true\">\n\t\t\t\t\t\t\t<a href=\"https:\/\/www.corob.com\/pt-br\/products\/agitadores-e-shakers\/agitadores-giroscopicos\/firstmix-100-2\/\" aria-label=\"FIRSTmix 100\">\n\t\t\t\t\t\t\t<img decoding=\"async\" width=\"500\" height=\"500\" src=\"https:\/\/www.corob.com\/wp-content\/uploads\/2022\/06\/FMIX100-00-T.png\" class=\"attachment-woocommerce_thumbnail size-woocommerce_thumbnail wp-post-image\" alt=\"FIRSTmix 100 Automatic Gyroscopic Paint Mixer -0\" \/><div class=\"cart-loading\"><i class=\"awb-icon-spinner\" aria-hidden=\"true\"><\/i><\/div>\t\t\t<\/a>\n\t\t\t\t\t\t\t<\/div>\n<\/div>\n<div class=\"fusion-product-content\">\n\t<div class=\"product-details\">\n\t\t<div class=\"product-details-container\">\n<h3 class=\"product-title\">\n\t<a href=\"https:\/\/www.corob.com\/pt-br\/products\/agitadores-e-shakers\/agitadores-giroscopicos\/firstmix-100-2\/\">\n\t\tFIRSTmix 100\t<\/a>\n<\/h3>\n<div class=\"fusion-price-rating\">\n\n\t\t<\/div>\n\t<\/div>\n<\/div>\n\n\t<\/div> \n\n\n<\/div>\n<\/li>\n<li class=\"product type-product post-26479 status-publish instock product_cat-agitadores-giroscopicos has-post-thumbnail shipping-taxable product-type-simple product-grid-view\">\n\t<div class=\"fusion-product-wrapper\">\n\n<div class=\"fusion-clean-product-image-wrapper \">\n\t<div  class=\"fusion-image-wrapper fusion-image-size-fixed\" aria-haspopup=\"true\">\n\t\t\t\t\t\t\t<a href=\"https:\/\/www.corob.com\/pt-br\/products\/agitadores-e-shakers\/agitadores-giroscopicos\/clevermix-20-2\/\" aria-label=\"CLEVERmix 20\">\n\t\t\t\t\t\t\t<img decoding=\"async\" width=\"500\" height=\"500\" src=\"https:\/\/www.corob.com\/wp-content\/uploads\/2022\/06\/Clever_Mix_20_Side-closed.png\" class=\"attachment-woocommerce_thumbnail size-woocommerce_thumbnail wp-post-image\" alt=\"CLEVERmix 20 manual paint mixer\" \/><div class=\"cart-loading\"><i class=\"awb-icon-spinner\" aria-hidden=\"true\"><\/i><\/div>\t\t\t<\/a>\n\t\t\t\t\t\t\t<\/div>\n<\/div>\n<div class=\"fusion-product-content\">\n\t<div class=\"product-details\">\n\t\t<div class=\"product-details-container\">\n<h3 class=\"product-title\">\n\t<a href=\"https:\/\/www.corob.com\/pt-br\/products\/agitadores-e-shakers\/agitadores-giroscopicos\/clevermix-20-2\/\">\n\t\tCLEVERmix 20\t<\/a>\n<\/h3>\n<div class=\"fusion-price-rating\">\n\n\t\t<\/div>\n\t<\/div>\n<\/div>\n\n\t<\/div> \n\n\n<\/div>\n<\/li>\n<li class=\"product type-product post-26480 status-publish instock product_cat-agitadores-giroscopicos product_tag-evo1st-pt-br has-post-thumbnail shipping-taxable product-type-simple product-grid-view\">\n\t<div class=\"fusion-product-wrapper\">\n\n<div class=\"fusion-clean-product-image-wrapper \">\n\t<div  class=\"fusion-image-wrapper fusion-image-size-fixed\" aria-haspopup=\"true\">\n\t\t\t\t\t\t\t<a href=\"https:\/\/www.corob.com\/pt-br\/products\/agitadores-e-shakers\/agitadores-giroscopicos\/firstmix-40\/\" aria-label=\"FIRSTmix 40\">\n\t\t\t\t\t\t\t<img decoding=\"async\" width=\"500\" height=\"500\" src=\"https:\/\/www.corob.com\/wp-content\/uploads\/2022\/06\/FMIX40-01-T.png\" class=\"attachment-woocommerce_thumbnail size-woocommerce_thumbnail wp-post-image\" alt=\"COROB FIRSTmix 40 Compact Paint Mixer 02\" \/><div class=\"cart-loading\"><i class=\"awb-icon-spinner\" aria-hidden=\"true\"><\/i><\/div>\t\t\t<\/a>\n\t\t\t\t\t\t\t<\/div>\n<\/div>\n<div class=\"fusion-product-content\">\n\t<div class=\"product-details\">\n\t\t<div class=\"product-details-container\">\n<h3 class=\"product-title\">\n\t<a href=\"https:\/\/www.corob.com\/pt-br\/products\/agitadores-e-shakers\/agitadores-giroscopicos\/firstmix-40\/\">\n\t\tFIRSTmix 40\t<\/a>\n<\/h3>\n<div class=\"fusion-price-rating\">\n\n\t\t<\/div>\n\t<\/div>\n<\/div>\n\n\t<\/div> \n\n\n<\/div>\n<\/li>\n<li class=\"product type-product post-26481 status-publish last instock product_cat-agitadores-giroscopicos product_tag-d180-pt-br product_tag-flex-100-pt-br product_tag-t100-pt-br has-post-thumbnail shipping-taxable product-type-simple product-grid-view\">\n\t<div class=\"fusion-product-wrapper\">\n\n<div class=\"fusion-clean-product-image-wrapper \">\n\t<div  class=\"fusion-image-wrapper fusion-image-size-fixed\" aria-haspopup=\"true\">\n\t\t\t\t\t\t\t<a href=\"https:\/\/www.corob.com\/pt-br\/products\/agitadores-e-shakers\/agitadores-giroscopicos\/firstmix-20\/\" aria-label=\"FIRSTmix 20\">\n\t\t\t\t\t\t\t<img decoding=\"async\" width=\"500\" height=\"500\" src=\"https:\/\/www.corob.com\/wp-content\/uploads\/2022\/06\/FMIX20-01-T.png\" class=\"attachment-woocommerce_thumbnail size-woocommerce_thumbnail wp-post-image\" alt=\"COROB FIRSTmix 20 Compact Paint Mixer 05\" \/><div class=\"cart-loading\"><i class=\"awb-icon-spinner\" aria-hidden=\"true\"><\/i><\/div>\t\t\t<\/a>\n\t\t\t\t\t\t\t<\/div>\n<\/div>\n<div class=\"fusion-product-content\">\n\t<div class=\"product-details\">\n\t\t<div class=\"product-details-container\">\n<h3 class=\"product-title\">\n\t<a href=\"https:\/\/www.corob.com\/pt-br\/products\/agitadores-e-shakers\/agitadores-giroscopicos\/firstmix-20\/\">\n\t\tFIRSTmix 20\t<\/a>\n<\/h3>\n<div class=\"fusion-price-rating\">\n\n\t\t<\/div>\n\t<\/div>\n<\/div>\n\n\t<\/div> \n\n\n<\/div>\n<\/li>\n<\/ul><div class=\"fusion-woo-product-grid-pagination fusion-clearfix\"><\/div><\/div><\/div><\/div><\/div><\/div><\/p>\n","protected":false},"excerpt":{"rendered":"","protected":false},"author":1,"featured_media":17553,"parent":25931,"menu_order":23,"comment_status":"closed","ping_status":"closed","template":"","meta":{"_acf_changed":false,"footnotes":""},"class_list":["post-25918","page","type-page","status-publish","has-post-thumbnail","hentry"],"acf":[],"yoast_head":"<!-- This site is optimized with the Yoast SEO plugin v25.5 - https:\/\/yoast.com\/wordpress\/plugins\/seo\/ -->\n<title>Misturadores girosc\u00f3picos de tinta COROB para todas as necessidades do mercado<\/title>\n<meta name=\"description\" content=\"Descubra os misturadores girosc\u00f3picos COROB, de manuais a autom\u00e1ticos, para aplica\u00e7\u00f5es econ\u00f4micas e de uso intensivo.\" \/>\n<meta name=\"robots\" content=\"index, follow, max-snippet:-1, max-image-preview:large, max-video-preview:-1\" \/>\n<link rel=\"canonical\" href=\"https:\/\/www.corob.com\/pt-br\/produtos\/misturadores-e-agitadores\/misturadores-giroscopicos\/\" \/>\n<meta property=\"og:locale\" content=\"pt_BR\" \/>\n<meta property=\"og:type\" content=\"article\" \/>\n<meta property=\"og:title\" content=\"Misturadores girosc\u00f3picos de tinta COROB para todas as necessidades do mercado\" \/>\n<meta property=\"og:description\" content=\"Descubra os misturadores girosc\u00f3picos COROB, de manuais a autom\u00e1ticos, para aplica\u00e7\u00f5es econ\u00f4micas e de uso intensivo.\" \/>\n<meta property=\"og:url\" content=\"https:\/\/www.corob.com\/pt-br\/produtos\/misturadores-e-agitadores\/misturadores-giroscopicos\/\" \/>\n<meta property=\"og:site_name\" content=\"COROB\" \/>\n<meta property=\"article:modified_time\" content=\"2025-10-23T10:02:33+00:00\" \/>\n<meta property=\"og:image\" content=\"https:\/\/www.corob.com\/wp-content\/uploads\/2025\/05\/MIXERS-20.png\" \/>\n\t<meta property=\"og:image:width\" content=\"365\" \/>\n\t<meta property=\"og:image:height\" content=\"161\" \/>\n\t<meta property=\"og:image:type\" content=\"image\/png\" \/>\n<meta name=\"twitter:card\" content=\"summary_large_image\" \/>\n<meta name=\"twitter:label1\" content=\"Est. tempo de leitura\" \/>\n\t<meta name=\"twitter:data1\" content=\"10 minutos\" \/>\n<script type=\"application\/ld+json\" class=\"yoast-schema-graph\">{\"@context\":\"https:\/\/schema.org\",\"@graph\":[{\"@type\":\"WebPage\",\"@id\":\"https:\/\/www.corob.com\/pt-br\/produtos\/misturadores-e-agitadores\/misturadores-giroscopicos\/\",\"url\":\"https:\/\/www.corob.com\/pt-br\/produtos\/misturadores-e-agitadores\/misturadores-giroscopicos\/\",\"name\":\"Misturadores girosc\u00f3picos de tinta COROB para todas as necessidades do mercado\",\"isPartOf\":{\"@id\":\"https:\/\/www.corob.com\/pt-br\/#website\"},\"primaryImageOfPage\":{\"@id\":\"https:\/\/www.corob.com\/pt-br\/produtos\/misturadores-e-agitadores\/misturadores-giroscopicos\/#primaryimage\"},\"image\":{\"@id\":\"https:\/\/www.corob.com\/pt-br\/produtos\/misturadores-e-agitadores\/misturadores-giroscopicos\/#primaryimage\"},\"thumbnailUrl\":\"https:\/\/www.corob.com\/wp-content\/uploads\/2025\/05\/MIXERS-20.png\",\"datePublished\":\"2025-10-23T09:51:05+00:00\",\"dateModified\":\"2025-10-23T10:02:33+00:00\",\"description\":\"Descubra os misturadores girosc\u00f3picos COROB, de manuais a autom\u00e1ticos, para aplica\u00e7\u00f5es econ\u00f4micas e de uso intensivo.\",\"breadcrumb\":{\"@id\":\"https:\/\/www.corob.com\/pt-br\/produtos\/misturadores-e-agitadores\/misturadores-giroscopicos\/#breadcrumb\"},\"inLanguage\":\"pt-BR\",\"potentialAction\":[{\"@type\":\"ReadAction\",\"target\":[\"https:\/\/www.corob.com\/pt-br\/produtos\/misturadores-e-agitadores\/misturadores-giroscopicos\/\"]}]},{\"@type\":\"ImageObject\",\"inLanguage\":\"pt-BR\",\"@id\":\"https:\/\/www.corob.com\/pt-br\/produtos\/misturadores-e-agitadores\/misturadores-giroscopicos\/#primaryimage\",\"url\":\"https:\/\/www.corob.com\/wp-content\/uploads\/2025\/05\/MIXERS-20.png\",\"contentUrl\":\"https:\/\/www.corob.com\/wp-content\/uploads\/2025\/05\/MIXERS-20.png\",\"width\":365,\"height\":161,\"caption\":\"COROB MIXER SERIES LOGO-20\"},{\"@type\":\"BreadcrumbList\",\"@id\":\"https:\/\/www.corob.com\/pt-br\/produtos\/misturadores-e-agitadores\/misturadores-giroscopicos\/#breadcrumb\",\"itemListElement\":[{\"@type\":\"ListItem\",\"position\":1,\"name\":\"Home\",\"item\":\"https:\/\/www.corob.com\/pt-br\/\"},{\"@type\":\"ListItem\",\"position\":2,\"name\":\"PRODUTOS\",\"item\":\"https:\/\/www.corob.com\/pt-br\/produtos\/\"},{\"@type\":\"ListItem\",\"position\":3,\"name\":\"MISTURADORES E AGITADORES\",\"item\":\"https:\/\/www.corob.com\/pt-br\/produtos\/misturadores-e-agitadores\/\"},{\"@type\":\"ListItem\",\"position\":4,\"name\":\"MISTURADORES GIROSC\u00d3PICOS\"}]},{\"@type\":\"WebSite\",\"@id\":\"https:\/\/www.corob.com\/pt-br\/#website\",\"url\":\"https:\/\/www.corob.com\/pt-br\/\",\"name\":\"COROB\",\"description\":\"High-tech dispensing and mixing solutions for paints and coatings systems\",\"publisher\":{\"@id\":\"https:\/\/www.corob.com\/pt-br\/#organization\"},\"potentialAction\":[{\"@type\":\"SearchAction\",\"target\":{\"@type\":\"EntryPoint\",\"urlTemplate\":\"https:\/\/www.corob.com\/pt-br\/?s={search_term_string}\"},\"query-input\":{\"@type\":\"PropertyValueSpecification\",\"valueRequired\":true,\"valueName\":\"search_term_string\"}}],\"inLanguage\":\"pt-BR\"},{\"@type\":\"Organization\",\"@id\":\"https:\/\/www.corob.com\/pt-br\/#organization\",\"name\":\"COROB\",\"url\":\"https:\/\/www.corob.com\/pt-br\/\",\"logo\":{\"@type\":\"ImageObject\",\"inLanguage\":\"pt-BR\",\"@id\":\"https:\/\/www.corob.com\/pt-br\/#\/schema\/logo\/image\/\",\"url\":\"https:\/\/www.corob.com\/wp-content\/uploads\/2020\/01\/COROB-240.png\",\"contentUrl\":\"https:\/\/www.corob.com\/wp-content\/uploads\/2020\/01\/COROB-240.png\",\"width\":240,\"height\":73,\"caption\":\"COROB\"},\"image\":{\"@id\":\"https:\/\/www.corob.com\/pt-br\/#\/schema\/logo\/image\/\"},\"sameAs\":[\"https:\/\/www.linkedin.com\/company\/corob\/\",\"https:\/\/www.youtube.com\/channel\/UCxnFt4FEhuhdm87NAb27qBQ\"]}]}<\/script>\n<!-- \/ Yoast SEO plugin. -->","yoast_head_json":{"title":"Misturadores girosc\u00f3picos de tinta COROB para todas as necessidades do mercado","description":"Descubra os misturadores girosc\u00f3picos COROB, de manuais a autom\u00e1ticos, para aplica\u00e7\u00f5es econ\u00f4micas e de uso intensivo.","robots":{"index":"index","follow":"follow","max-snippet":"max-snippet:-1","max-image-preview":"max-image-preview:large","max-video-preview":"max-video-preview:-1"},"canonical":"https:\/\/www.corob.com\/pt-br\/produtos\/misturadores-e-agitadores\/misturadores-giroscopicos\/","og_locale":"pt_BR","og_type":"article","og_title":"Misturadores girosc\u00f3picos de tinta COROB para todas as necessidades do mercado","og_description":"Descubra os misturadores girosc\u00f3picos COROB, de manuais a autom\u00e1ticos, para aplica\u00e7\u00f5es econ\u00f4micas e de uso intensivo.","og_url":"https:\/\/www.corob.com\/pt-br\/produtos\/misturadores-e-agitadores\/misturadores-giroscopicos\/","og_site_name":"COROB","article_modified_time":"2025-10-23T10:02:33+00:00","og_image":[{"width":365,"height":161,"url":"https:\/\/www.corob.com\/wp-content\/uploads\/2025\/05\/MIXERS-20.png","type":"image\/png"}],"twitter_card":"summary_large_image","twitter_misc":{"Est. tempo de leitura":"10 minutos"},"schema":{"@context":"https:\/\/schema.org","@graph":[{"@type":"WebPage","@id":"https:\/\/www.corob.com\/pt-br\/produtos\/misturadores-e-agitadores\/misturadores-giroscopicos\/","url":"https:\/\/www.corob.com\/pt-br\/produtos\/misturadores-e-agitadores\/misturadores-giroscopicos\/","name":"Misturadores girosc\u00f3picos de tinta COROB para todas as necessidades do mercado","isPartOf":{"@id":"https:\/\/www.corob.com\/pt-br\/#website"},"primaryImageOfPage":{"@id":"https:\/\/www.corob.com\/pt-br\/produtos\/misturadores-e-agitadores\/misturadores-giroscopicos\/#primaryimage"},"image":{"@id":"https:\/\/www.corob.com\/pt-br\/produtos\/misturadores-e-agitadores\/misturadores-giroscopicos\/#primaryimage"},"thumbnailUrl":"https:\/\/www.corob.com\/wp-content\/uploads\/2025\/05\/MIXERS-20.png","datePublished":"2025-10-23T09:51:05+00:00","dateModified":"2025-10-23T10:02:33+00:00","description":"Descubra os misturadores girosc\u00f3picos COROB, de manuais a autom\u00e1ticos, para aplica\u00e7\u00f5es econ\u00f4micas e de uso intensivo.","breadcrumb":{"@id":"https:\/\/www.corob.com\/pt-br\/produtos\/misturadores-e-agitadores\/misturadores-giroscopicos\/#breadcrumb"},"inLanguage":"pt-BR","potentialAction":[{"@type":"ReadAction","target":["https:\/\/www.corob.com\/pt-br\/produtos\/misturadores-e-agitadores\/misturadores-giroscopicos\/"]}]},{"@type":"ImageObject","inLanguage":"pt-BR","@id":"https:\/\/www.corob.com\/pt-br\/produtos\/misturadores-e-agitadores\/misturadores-giroscopicos\/#primaryimage","url":"https:\/\/www.corob.com\/wp-content\/uploads\/2025\/05\/MIXERS-20.png","contentUrl":"https:\/\/www.corob.com\/wp-content\/uploads\/2025\/05\/MIXERS-20.png","width":365,"height":161,"caption":"COROB MIXER SERIES LOGO-20"},{"@type":"BreadcrumbList","@id":"https:\/\/www.corob.com\/pt-br\/produtos\/misturadores-e-agitadores\/misturadores-giroscopicos\/#breadcrumb","itemListElement":[{"@type":"ListItem","position":1,"name":"Home","item":"https:\/\/www.corob.com\/pt-br\/"},{"@type":"ListItem","position":2,"name":"PRODUTOS","item":"https:\/\/www.corob.com\/pt-br\/produtos\/"},{"@type":"ListItem","position":3,"name":"MISTURADORES E AGITADORES","item":"https:\/\/www.corob.com\/pt-br\/produtos\/misturadores-e-agitadores\/"},{"@type":"ListItem","position":4,"name":"MISTURADORES GIROSC\u00d3PICOS"}]},{"@type":"WebSite","@id":"https:\/\/www.corob.com\/pt-br\/#website","url":"https:\/\/www.corob.com\/pt-br\/","name":"COROB","description":"High-tech dispensing and mixing solutions for paints and coatings systems","publisher":{"@id":"https:\/\/www.corob.com\/pt-br\/#organization"},"potentialAction":[{"@type":"SearchAction","target":{"@type":"EntryPoint","urlTemplate":"https:\/\/www.corob.com\/pt-br\/?s={search_term_string}"},"query-input":{"@type":"PropertyValueSpecification","valueRequired":true,"valueName":"search_term_string"}}],"inLanguage":"pt-BR"},{"@type":"Organization","@id":"https:\/\/www.corob.com\/pt-br\/#organization","name":"COROB","url":"https:\/\/www.corob.com\/pt-br\/","logo":{"@type":"ImageObject","inLanguage":"pt-BR","@id":"https:\/\/www.corob.com\/pt-br\/#\/schema\/logo\/image\/","url":"https:\/\/www.corob.com\/wp-content\/uploads\/2020\/01\/COROB-240.png","contentUrl":"https:\/\/www.corob.com\/wp-content\/uploads\/2020\/01\/COROB-240.png","width":240,"height":73,"caption":"COROB"},"image":{"@id":"https:\/\/www.corob.com\/pt-br\/#\/schema\/logo\/image\/"},"sameAs":["https:\/\/www.linkedin.com\/company\/corob\/","https:\/\/www.youtube.com\/channel\/UCxnFt4FEhuhdm87NAb27qBQ"]}]}},"_links":{"self":[{"href":"https:\/\/www.corob.com\/pt-br\/wp-json\/wp\/v2\/pages\/25918","targetHints":{"allow":["GET"]}}],"collection":[{"href":"https:\/\/www.corob.com\/pt-br\/wp-json\/wp\/v2\/pages"}],"about":[{"href":"https:\/\/www.corob.com\/pt-br\/wp-json\/wp\/v2\/types\/page"}],"author":[{"embeddable":true,"href":"https:\/\/www.corob.com\/pt-br\/wp-json\/wp\/v2\/users\/1"}],"replies":[{"embeddable":true,"href":"https:\/\/www.corob.com\/pt-br\/wp-json\/wp\/v2\/comments?post=25918"}],"version-history":[{"count":2,"href":"https:\/\/www.corob.com\/pt-br\/wp-json\/wp\/v2\/pages\/25918\/revisions"}],"predecessor-version":[{"id":25920,"href":"https:\/\/www.corob.com\/pt-br\/wp-json\/wp\/v2\/pages\/25918\/revisions\/25920"}],"up":[{"embeddable":true,"href":"https:\/\/www.corob.com\/pt-br\/wp-json\/wp\/v2\/pages\/25931"}],"wp:featuredmedia":[{"embeddable":true,"href":"https:\/\/www.corob.com\/pt-br\/wp-json\/wp\/v2\/media\/17553"}],"wp:attachment":[{"href":"https:\/\/www.corob.com\/pt-br\/wp-json\/wp\/v2\/media?parent=25918"}],"curies":[{"name":"wp","href":"https:\/\/api.w.org\/{rel}","templated":true}]}}