{"id":26471,"date":"2025-11-13T12:57:39","date_gmt":"2025-11-13T12:57:39","guid":{"rendered":"https:\/\/www.corob.com\/products\/uncategorized\/nova-2\/"},"modified":"2025-11-21T14:12:10","modified_gmt":"2025-11-21T14:12:10","slug":"nova-2","status":"publish","type":"product","link":"https:\/\/www.corob.com\/pt-br\/products\/sistemas-novaflow\/nova-2\/","title":{"rendered":"NOVA+"},"content":{"rendered":"<p><div class=\"fusion-fullwidth fullwidth-box fusion-builder-row-1 fusion-flex-container has-pattern-background has-mask-background nonhundred-percent-fullwidth non-hundred-percent-height-scrolling\" style=\"--awb-border-radius-top-left:0px;--awb-border-radius-top-right:0px;--awb-border-radius-bottom-right:0px;--awb-border-radius-bottom-left:0px;--awb-flex-wrap:wrap;\" id=\"Container-Exceptional\" ><div class=\"fusion-builder-row fusion-row fusion-flex-align-items-flex-start fusion-flex-content-wrap\" style=\"max-width:1456px;margin-left: calc(-4% \/ 2 );margin-right: calc(-4% \/ 2 );\"><div class=\"fusion-layout-column fusion_builder_column fusion-builder-column-0 fusion_builder_column_1_1 1_1 fusion-flex-column\" style=\"--awb-bg-size:cover;--awb-width-large:100%;--awb-margin-top-large:0px;--awb-spacing-right-large:1.92%;--awb-margin-bottom-large:20px;--awb-spacing-left-large:1.92%;--awb-width-medium:100%;--awb-order-medium:0;--awb-spacing-right-medium:1.92%;--awb-spacing-left-medium:1.92%;--awb-width-small:100%;--awb-order-small:0;--awb-spacing-right-small:1.92%;--awb-spacing-left-small:1.92%;\"><div class=\"fusion-column-wrapper fusion-column-has-shadow fusion-flex-justify-content-flex-start fusion-content-layout-column\"><div class=\"fusion-text fusion-text-1\" style=\"--awb-content-alignment:center;--awb-font-size:28px;\"><p>Apresentando o <strong>Dosador autom\u00e1tico baseado em peso NOVA+<\/strong>, um <strong>sistema modular<\/strong> de ponta, projetado para superar as expectativas na dosagem de <strong>tinta de impress\u00e3o, tinta, corantes e produtos qu\u00edmicos<\/strong>.<\/p>\n<\/div><\/div><\/div><\/div><\/div><div class=\"fusion-fullwidth fullwidth-box fusion-builder-row-2 has-pattern-background has-mask-background nonhundred-percent-fullwidth non-hundred-percent-height-scrolling\" style=\"--awb-border-radius-top-left:0px;--awb-border-radius-top-right:0px;--awb-border-radius-bottom-right:0px;--awb-border-radius-bottom-left:0px;--awb-flex-wrap:wrap;\" id=\"Container-Features\" ><div class=\"fusion-builder-row fusion-row\"><div class=\"fusion-layout-column fusion_builder_column fusion-builder-column-1 fusion_builder_column_1_2 1_2 fusion-one-half fusion-column-first\" style=\"--awb-bg-size:cover;width:50%;width:calc(50% - ( ( 4% ) * 0.5 ) );margin-right: 4%;\"><div class=\"fusion-column-wrapper fusion-column-has-shadow fusion-flex-column-wrapper-legacy\"><div class=\"fusion-clearfix\"><\/div><\/div><\/div><div class=\"fusion-layout-column fusion_builder_column fusion-builder-column-2 fusion_builder_column_1_2 1_2 fusion-one-half fusion-column-last\" style=\"--awb-bg-size:cover;width:50%;width:calc(50% - ( ( 4% ) * 0.5 ) );\"><div class=\"fusion-column-wrapper fusion-column-has-shadow fusion-flex-column-wrapper-legacy\"><div class=\"fusion-clearfix\"><\/div><\/div><\/div><div class=\"fusion-layout-column fusion_builder_column fusion-builder-column-3 fusion_builder_column_1_1 1_1 fusion-one-full fusion-column-first fusion-column-last\" style=\"--awb-bg-size:cover;\"><div class=\"fusion-column-wrapper fusion-column-has-shadow fusion-flex-column-wrapper-legacy\"><div class=\"fusion-text fusion-text-2\"><p>Com base no legado de 30 anos da Novaflow em tecnologia l\u00edder do setor, os <strong>sistemas de dosagem modular NOVA+<\/strong> oferecem confiabilidade incompar\u00e1vel, suporte ao cliente e servi\u00e7os t\u00e9cnicos.<\/p>\n<p>O Dosador NOVA+ leva a inova\u00e7\u00e3o para o pr\u00f3ximo n\u00edvel, melhorando drasticamente o desempenho e a produtividade do sistema.<\/p>\n<p>Seu design modular permite configura\u00e7\u00f5es personalizadas desde o in\u00edcio, garantindo uma combina\u00e7\u00e3o perfeita para sua aplica\u00e7\u00e3o espec\u00edfica e requisitos operacionais.<\/p>\n<p>O revolucion\u00e1rio algoritmo de dosagem NOVA+ continuamente <strong>monitora as varia\u00e7\u00f5es<\/strong> <strong>do processo<\/strong> e ajusta as opera\u00e7\u00f5es do sistema em <strong>tempo real<\/strong>, garantindo que cada lote seja produzido de forma r\u00e1pida e precisa.<\/p>\n<p>O controle do Dosador \u00e9 gerenciado por um PLC seguro, enquanto opera\u00e7\u00f5es de alto n\u00edvel, gerenciamento de materiais e relat\u00f3rios s\u00e3o tratados por uma vers\u00e3o atualizada do renomado software da Novaflow.<\/p>\n<p>Al\u00e9m disso, o NOVA+ apresenta recircula\u00e7\u00e3o total exclusiva, v\u00e1lvulas multiest\u00e1gio e um sistema de limpeza de v\u00e1lvulas individualizado exclusivo, <strong>garantindo maior efic\u00e1cia de limpeza<\/strong>.<\/p>\n<p>Experimente <strong>efici\u00eancia e precis\u00e3o incompar\u00e1veis<\/strong> com os novos Dosadores autom\u00e1ticos baseados em peso NOVA+.<\/p>\n<\/div><div class=\"fusion-clearfix\"><\/div><\/div><\/div><\/div><\/div><div class=\"fusion-fullwidth fullwidth-box fusion-builder-row-3 has-pattern-background has-mask-background nonhundred-percent-fullwidth non-hundred-percent-height-scrolling\" style=\"--awb-border-radius-top-left:0px;--awb-border-radius-top-right:0px;--awb-border-radius-bottom-right:0px;--awb-border-radius-bottom-left:0px;--awb-padding-bottom:20px;--awb-flex-wrap:wrap;\" id=\"Container-Technical-Data\" ><div class=\"fusion-builder-row fusion-row\"><div class=\"fusion-layout-column fusion_builder_column fusion-builder-column-4 fusion_builder_column_1_2 1_2 fusion-one-half fusion-column-first\" style=\"--awb-bg-size:cover;width:48%; margin-right: 4%;\"><div class=\"fusion-column-wrapper fusion-column-has-shadow fusion-flex-column-wrapper-legacy\"><div class=\"fusion-title title fusion-title-1 fusion-sep-none fusion-title-text fusion-title-size-three\"><h3 class=\"fusion-title-heading title-heading-left fusion-responsive-typography-calculated\" style=\"margin:0;--fontSize:28;--minFontSize:28;line-height:1.2;\">Dados t\u00e9cnicos<\/h3><\/div><div class=\"fusion-clearfix\"><\/div><\/div><\/div><div class=\"fusion-layout-column fusion_builder_column fusion-builder-column-5 fusion_builder_column_1_1 1_1 fusion-one-full fusion-column-last\" style=\"--awb-bg-size:cover;--awb-margin-bottom:0px;\"><div class=\"fusion-column-wrapper fusion-flex-column-wrapper-legacy\">\n<div class=\"table-1\">\n<table width=\"100%\">\n<tbody>\n<tr>\n<td align=\"left\" width=\"20%\"><\/td>\n<td align=\"center\" width=\"40%\"><strong>Padr\u00e3o<\/strong><\/td>\n<td align=\"center\" width=\"40%\"><strong>EX<\/strong><\/td>\n<\/tr>\n<tr>\n<td align=\"left\">Ambiente de trabalho<\/td>\n<td align=\"left\">N\u00e3o perigoso<\/td>\n<td align=\"left\">Perigoso<\/td>\n<\/tr>\n<tr>\n<td align=\"left\">Aplica\u00e7\u00e3o<\/td>\n<td align=\"left\">Produtos \u00e0 base de \u00e1gua e UV<\/td>\n<td align=\"left\">Produtos \u00e0 base de solvente<\/td>\n<\/tr>\n<tr>\n<td align=\"left\">N\u00famero de circuitos<\/td>\n<td align=\"left\">16, 28, 32, 48 ou personalizado<\/td>\n<td align=\"left\">16, 28, 32, 48 ou personalizado<\/td>\n<\/tr>\n<tr>\n<td align=\"left\">Tipo de circuitos<\/td>\n<td align=\"left\">Completamente configur\u00e1vel e pode incluir qualquer combina\u00e7\u00e3o de: baldes, tambores, polibolsas, IBCs,<\/td>\n<td align=\"left\">Completamente configur\u00e1vel e pode incluir qualquer combina\u00e7\u00e3o de: baldes, tambores, polibolsas, IBCs,<\/td>\n<\/tr>\n<tr>\n<td align=\"left\">Abertura m\u00ednima do recipiente<\/td>\n<td align=\"left\">60 mm (2.25\u201d) \/ 215 mm (8.5\u201d) \/ 300 mm (11.75\u201d) ou maior<\/td>\n<td align=\"left\">60 mm (2.25\u201d) \/ 215 mm (8.5\u201d) \/ 300 mm (11.75\u201d) ou maior<\/td>\n<\/tr>\n<tr>\n<td align=\"left\">Tamanho t\u00edpico do lote<\/td>\n<td align=\"left\">De 0,5 l a 3000 l (0.15 &#8211; 800 USG)<\/td>\n<td align=\"left\">De 0,5 l a 3000 l (0.15 &#8211; 800 USG)<\/td>\n<\/tr>\n<tr>\n<td align=\"left\">Viscosidade do produto<\/td>\n<td align=\"left\">1.000.000 CPS M\u00e1x.<\/td>\n<td align=\"left\">1.000.000 CPS M\u00e1x.<\/td>\n<\/tr>\n<tr>\n<td align=\"left\">Desempenho<\/td>\n<td align=\"left\">At\u00e9 76 l\/min (ambiente n\u00e3o perigoso)<\/td>\n<td align=\"left\">At\u00e9 76 l\/min (ambiente n\u00e3o perigoso)<\/td>\n<\/tr>\n<tr>\n<td align=\"left\">Tipo de v\u00e1lvula<\/td>\n<td align=\"left\">V\u00e1lvula SelectFlow de dois est\u00e1gios e\/ou v\u00e1lvula MultiFlow de tr\u00eas est\u00e1gios<\/td>\n<td align=\"left\">V\u00e1lvula SelectFlow de dois est\u00e1gios e\/ou v\u00e1lvula MultiFlow de tr\u00eas est\u00e1gios<\/td>\n<\/tr>\n<tr>\n<td align=\"left\">Precis\u00e3o*<\/td>\n<td align=\"left\">A partir de \u00b1 0,4 g, dependente da balan\u00e7a<\/td>\n<td align=\"left\">A partir de \u00b1 0,4 g, dependente da balan\u00e7a<\/td>\n<\/tr>\n<tr>\n<td align=\"left\">Tamanho da bomba<\/td>\n<td align=\"left\">DN12 &#8211; 1\/2\u201d e\/ou DN25 &#8211; 1\u201d e\/ou DN38 &#8211; 1 \u00bd\u201d<\/td>\n<td align=\"left\">DN12 &#8211; 1\/2\u201d e\/ou DN25 &#8211; 1\u201d e\/ou DN38 &#8211; 1 \u00bd\u201d<\/td>\n<\/tr>\n<tr>\n<td align=\"left\">Limpador de v\u00e1lvula<\/td>\n<td align=\"left\">Totalmente autom\u00e1tico<\/td>\n<td align=\"left\">Totalmente autom\u00e1tico<\/td>\n<\/tr>\n<tr>\n<td align=\"left\">Balan\u00e7a<\/td>\n<td align=\"left\">6 &#8211; 3000 kg (12 &#8211; 6000 lb)<\/td>\n<td align=\"left\">6 &#8211; 3000 kg (12 &#8211; 6000 lb)<\/td>\n<\/tr>\n<tr>\n<td align=\"left\">Gabinete<\/td>\n<td align=\"left\">Gabinete IP55 \/ NEMA 4x<\/td>\n<td align=\"left\">Gabinete IP55 \/ NEMA 4x purgado<\/td>\n<\/tr>\n<tr>\n<td align=\"left\">Conformidade\/certifica\u00e7\u00f5es de seguran\u00e7a<\/td>\n<td align=\"left\">CE, ESA, CSA, UL, FM Classe 1\/Divis\u00e3o 1<\/td>\n<td align=\"left\">IECx e ATEX Zona 1\/2<\/td>\n<\/tr>\n<tr>\n<td align=\"left\">Pegada<\/td>\n<td align=\"left\">Dependente da configura\u00e7\u00e3o da base da m\u00e1quina<\/td>\n<td align=\"left\">Dependente da configura\u00e7\u00e3o da base da m\u00e1quina<\/td>\n<\/tr>\n<\/tbody>\n<\/table>\n<\/div>\n<div class=\"fusion-text fusion-text-3\"><p><em>* Valores altamente afetados pela natureza dos produtos e suas propriedades reol\u00f3gicas. Valores dependentes da combina\u00e7\u00e3o do tamanho da v\u00e1lvula e do tipo de balan\u00e7a. <\/em><br \/>\nNota: os dados referem-se \u00e0 configura\u00e7\u00e3o da base da m\u00e1quina, os valores podem variar de acordo com diferentes especifica\u00e7\u00f5es.<\/p>\n<\/div><div class=\"fusion-clearfix\"><\/div><\/div><\/div><\/div><\/div><div class=\"fusion-fullwidth fullwidth-box fusion-builder-row-4 has-pattern-background has-mask-background nonhundred-percent-fullwidth non-hundred-percent-height-scrolling\" style=\"--awb-border-radius-top-left:0px;--awb-border-radius-top-right:0px;--awb-border-radius-bottom-right:0px;--awb-border-radius-bottom-left:0px;--awb-padding-top:20px;--awb-padding-bottom:20px;--awb-flex-wrap:wrap;\" id=\"Container-Download-Area\" ><div class=\"fusion-builder-row fusion-row\"><div class=\"fusion-layout-column fusion_builder_column fusion-builder-column-6 fusion_builder_column_1_2 1_2 fusion-one-half fusion-column-first\" style=\"--awb-bg-size:cover;width:48%; margin-right: 4%;\"><div class=\"fusion-column-wrapper fusion-column-has-shadow fusion-flex-column-wrapper-legacy\"><div class=\"fusion-title title fusion-title-2 fusion-sep-none fusion-title-text fusion-title-size-three\"><h3 class=\"fusion-title-heading title-heading-left fusion-responsive-typography-calculated\" style=\"margin:0;--fontSize:28;--minFontSize:28;line-height:1.2;\">\u00c1rea de download<\/h3><\/div><div class=\"fusion-clearfix\"><\/div><\/div><\/div><div class=\"fusion-layout-column fusion_builder_column fusion-builder-column-7 fusion_builder_column_1_1 1_1 fusion-one-full fusion-column-last\" style=\"--awb-bg-size:cover;--awb-margin-bottom:0px;\"><div class=\"fusion-column-wrapper fusion-flex-column-wrapper-legacy\"><div class=\"fusion-builder-row fusion-builder-row-inner fusion-row\"><div class=\"fusion-layout-column fusion_builder_column_inner fusion-builder-nested-column-0 fusion_builder_column_inner_1_2 1_2 fusion-one-half fusion-column-first\" style=\"--awb-padding-top:20px;--awb-padding-right:20px;--awb-padding-bottom:20px;--awb-padding-left:20px;--awb-bg-size:cover;--awb-border-color:#eaeaea;--awb-border-top:1px;--awb-border-right:1px;--awb-border-bottom:1px;--awb-border-left:1px;--awb-border-style:solid;width:50%;width:calc(50% - ( ( 40px ) * 0.5 ) );margin-right: 40px;\"><div class=\"fusion-column-wrapper fusion-column-has-shadow fusion-flex-column-wrapper-legacy\"><div class=\"fusion-title title fusion-title-3 fusion-sep-none fusion-title-text fusion-title-size-five\" style=\"--awb-margin-bottom:20px;\"><h5 class=\"fusion-title-heading title-heading-left fusion-responsive-typography-calculated\" style=\"margin:0;--fontSize:20;--minFontSize:20;line-height:1.2;\">BROCHURA<\/h5><\/div><div class=\"fusion-text fusion-text-4\"><p><i class=\"fb-icon-element-1 fb-icon-element fontawesome-icon fa-book fas circle-no fusion-text-flow\" style=\"--awb-iconcolor:#606060;--awb-iconcolor-hover:#606060;--awb-font-size:32px;--awb-margin-right:20px;\"><\/i><a class=\"download-link\" title=\"\" href=\"https:\/\/www.corob.com\/pt-br\/download\/20800\/\" rel=\"nofollow\">\n\tNOVA+ Brochure English<\/a><\/p>\n<\/div><div class=\"fusion-clearfix\"><\/div><\/div><\/div><\/div><div class=\"fusion-clearfix\"><\/div><\/div><\/div><\/div><\/div><\/p>\n","protected":false},"excerpt":{"rendered":"<h2>A mais recente tecnologia de dosagem em um design modular e configur\u00e1vel<\/h2>\n[fusion_checklist icon=\"fa-check fas\" iconcolor=\"#cf102d\" circle=\"no\" circlecolor=\"\" size=\"\" divider=\"no\" divider_color=\"\" hide_on_mobile=\"small-visibility,medium-visibility,large-visibility\" class=\"\" id=\"\"][fusion_li_item icon=\"\"]<strong>DESIGN MODULAR<\/strong><br \/>\nPersonaliz\u00e1vel desde o in\u00edcio para corresponder perfeitamente \u00e0s suas necessidades de produ\u00e7\u00e3o e restri\u00e7\u00f5es de espa\u00e7o[\/fusion_li_item][fusion_li_item icon=\"\"]<strong>PRECIS\u00c3O EM TEMPO REAL<\/strong><br \/>\nAlgoritmo avan\u00e7ado ajusta as opera\u00e7\u00f5es em tempo real, garantindo que cada lote seja r\u00e1pido, preciso e consistente[\/fusion_li_item][fusion_li_item icon=\"\"]<strong>LIMPO E EFICIENTE<\/strong><br \/>\nSistema exclusivo de limpeza de v\u00e1lvulas e recircula\u00e7\u00e3o total aumenta a higiene e reduz o tempo de inatividade[\/fusion_li_item][fusion_li_item icon=\"\"]<strong>CONTROLE TOTAL DO SISTEMA<\/strong><br \/>\nPLC seguro e software atualizado fornecem visibilidade total, gerenciamento de materiais e relat\u00f3rios[\/fusion_li_item]<br \/>\n[\/fusion_checklist]\n","protected":false},"featured_media":20507,"template":"","meta":{"_acf_changed":false},"product_brand":[],"product_cat":[573],"product_tag":[],"class_list":{"0":"post-26471","1":"product","2":"type-product","3":"status-publish","4":"has-post-thumbnail","6":"product_cat-sistemas-novaflow","8":"first","9":"instock","10":"shipping-taxable","11":"product-type-simple"},"acf":[],"yoast_head":"<!-- This site is optimized with the Yoast SEO plugin v25.5 - https:\/\/yoast.com\/wordpress\/plugins\/seo\/ -->\n<title>Sistema de Dosagem Modular | NOVA+<\/title>\n<meta name=\"description\" content=\"NOVA+ \u00e9 um sistema de dosagem modular e de alta precis\u00e3o com controle em tempo real, limpeza avan\u00e7ada e integra\u00e7\u00e3o total de software.\" \/>\n<meta name=\"robots\" content=\"index, follow, max-snippet:-1, max-image-preview:large, max-video-preview:-1\" \/>\n<link rel=\"canonical\" href=\"https:\/\/www.corob.com\/pt-br\/products\/sistemas-novaflow\/nova-2\/\" \/>\n<meta property=\"og:locale\" content=\"pt_BR\" \/>\n<meta property=\"og:type\" content=\"article\" \/>\n<meta property=\"og:title\" content=\"Sistema de Dosagem Modular | NOVA+\" \/>\n<meta property=\"og:description\" content=\"NOVA+ \u00e9 um sistema de dosagem modular e de alta precis\u00e3o com controle em tempo real, limpeza avan\u00e7ada e integra\u00e7\u00e3o total de software.\" \/>\n<meta property=\"og:url\" content=\"https:\/\/www.corob.com\/pt-br\/products\/sistemas-novaflow\/nova-2\/\" \/>\n<meta property=\"og:site_name\" content=\"COROB\" \/>\n<meta property=\"article:modified_time\" content=\"2025-11-21T14:12:10+00:00\" \/>\n<meta property=\"og:image\" content=\"https:\/\/www.corob.com\/wp-content\/uploads\/2025\/05\/NOVA_FixedHead-1.png\" \/>\n\t<meta property=\"og:image:width\" content=\"1200\" \/>\n\t<meta property=\"og:image:height\" content=\"1200\" \/>\n\t<meta property=\"og:image:type\" content=\"image\/png\" \/>\n<meta name=\"twitter:card\" content=\"summary_large_image\" \/>\n<meta name=\"twitter:label1\" content=\"Est. tempo de leitura\" \/>\n\t<meta name=\"twitter:data1\" content=\"3 minutos\" \/>\n<script type=\"application\/ld+json\" class=\"yoast-schema-graph\">{\"@context\":\"https:\/\/schema.org\",\"@graph\":[{\"@type\":\"WebPage\",\"@id\":\"https:\/\/www.corob.com\/pt-br\/products\/sistemas-novaflow\/nova-2\/\",\"url\":\"https:\/\/www.corob.com\/pt-br\/products\/sistemas-novaflow\/nova-2\/\",\"name\":\"Sistema de Dosagem Modular | NOVA+\",\"isPartOf\":{\"@id\":\"https:\/\/www.corob.com\/pt-br\/#website\"},\"primaryImageOfPage\":{\"@id\":\"https:\/\/www.corob.com\/pt-br\/products\/sistemas-novaflow\/nova-2\/#primaryimage\"},\"image\":{\"@id\":\"https:\/\/www.corob.com\/pt-br\/products\/sistemas-novaflow\/nova-2\/#primaryimage\"},\"thumbnailUrl\":\"https:\/\/www.corob.com\/wp-content\/uploads\/2025\/05\/NOVA_FixedHead-1.png\",\"datePublished\":\"2025-11-13T12:57:39+00:00\",\"dateModified\":\"2025-11-21T14:12:10+00:00\",\"description\":\"NOVA+ \u00e9 um sistema de dosagem modular e de alta precis\u00e3o com controle em tempo real, limpeza avan\u00e7ada e integra\u00e7\u00e3o total de software.\",\"breadcrumb\":{\"@id\":\"https:\/\/www.corob.com\/pt-br\/products\/sistemas-novaflow\/nova-2\/#breadcrumb\"},\"inLanguage\":\"pt-BR\",\"potentialAction\":[{\"@type\":\"ReadAction\",\"target\":[\"https:\/\/www.corob.com\/pt-br\/products\/sistemas-novaflow\/nova-2\/\"]}]},{\"@type\":\"ImageObject\",\"inLanguage\":\"pt-BR\",\"@id\":\"https:\/\/www.corob.com\/pt-br\/products\/sistemas-novaflow\/nova-2\/#primaryimage\",\"url\":\"https:\/\/www.corob.com\/wp-content\/uploads\/2025\/05\/NOVA_FixedHead-1.png\",\"contentUrl\":\"https:\/\/www.corob.com\/wp-content\/uploads\/2025\/05\/NOVA_FixedHead-1.png\",\"width\":1200,\"height\":1200,\"caption\":\"NOVAFLOW NOVA+ automatic weight-based dispenser\"},{\"@type\":\"BreadcrumbList\",\"@id\":\"https:\/\/www.corob.com\/pt-br\/products\/sistemas-novaflow\/nova-2\/#breadcrumb\",\"itemListElement\":[{\"@type\":\"ListItem\",\"position\":1,\"name\":\"Home\",\"item\":\"https:\/\/www.corob.com\/pt-br\/\"},{\"@type\":\"ListItem\",\"position\":2,\"name\":\"PRODUTOS\",\"item\":\"https:\/\/www.corob.com\/pt-br\/produtos\/\"},{\"@type\":\"ListItem\",\"position\":3,\"name\":\"NOVA+\"}]},{\"@type\":\"WebSite\",\"@id\":\"https:\/\/www.corob.com\/pt-br\/#website\",\"url\":\"https:\/\/www.corob.com\/pt-br\/\",\"name\":\"COROB\",\"description\":\"High-tech dispensing and mixing solutions for paints and coatings systems\",\"publisher\":{\"@id\":\"https:\/\/www.corob.com\/pt-br\/#organization\"},\"potentialAction\":[{\"@type\":\"SearchAction\",\"target\":{\"@type\":\"EntryPoint\",\"urlTemplate\":\"https:\/\/www.corob.com\/pt-br\/?s={search_term_string}\"},\"query-input\":{\"@type\":\"PropertyValueSpecification\",\"valueRequired\":true,\"valueName\":\"search_term_string\"}}],\"inLanguage\":\"pt-BR\"},{\"@type\":\"Organization\",\"@id\":\"https:\/\/www.corob.com\/pt-br\/#organization\",\"name\":\"COROB\",\"url\":\"https:\/\/www.corob.com\/pt-br\/\",\"logo\":{\"@type\":\"ImageObject\",\"inLanguage\":\"pt-BR\",\"@id\":\"https:\/\/www.corob.com\/pt-br\/#\/schema\/logo\/image\/\",\"url\":\"https:\/\/www.corob.com\/wp-content\/uploads\/2020\/01\/COROB-240.png\",\"contentUrl\":\"https:\/\/www.corob.com\/wp-content\/uploads\/2020\/01\/COROB-240.png\",\"width\":240,\"height\":73,\"caption\":\"COROB\"},\"image\":{\"@id\":\"https:\/\/www.corob.com\/pt-br\/#\/schema\/logo\/image\/\"},\"sameAs\":[\"https:\/\/www.linkedin.com\/company\/corob\/\",\"https:\/\/www.youtube.com\/channel\/UCxnFt4FEhuhdm87NAb27qBQ\"]}]}<\/script>\n<!-- \/ Yoast SEO plugin. -->","yoast_head_json":{"title":"Sistema de Dosagem Modular | NOVA+","description":"NOVA+ \u00e9 um sistema de dosagem modular e de alta precis\u00e3o com controle em tempo real, limpeza avan\u00e7ada e integra\u00e7\u00e3o total de software.","robots":{"index":"index","follow":"follow","max-snippet":"max-snippet:-1","max-image-preview":"max-image-preview:large","max-video-preview":"max-video-preview:-1"},"canonical":"https:\/\/www.corob.com\/pt-br\/products\/sistemas-novaflow\/nova-2\/","og_locale":"pt_BR","og_type":"article","og_title":"Sistema de Dosagem Modular | NOVA+","og_description":"NOVA+ \u00e9 um sistema de dosagem modular e de alta precis\u00e3o com controle em tempo real, limpeza avan\u00e7ada e integra\u00e7\u00e3o total de software.","og_url":"https:\/\/www.corob.com\/pt-br\/products\/sistemas-novaflow\/nova-2\/","og_site_name":"COROB","article_modified_time":"2025-11-21T14:12:10+00:00","og_image":[{"width":1200,"height":1200,"url":"https:\/\/www.corob.com\/wp-content\/uploads\/2025\/05\/NOVA_FixedHead-1.png","type":"image\/png"}],"twitter_card":"summary_large_image","twitter_misc":{"Est. tempo de leitura":"3 minutos"},"schema":{"@context":"https:\/\/schema.org","@graph":[{"@type":"WebPage","@id":"https:\/\/www.corob.com\/pt-br\/products\/sistemas-novaflow\/nova-2\/","url":"https:\/\/www.corob.com\/pt-br\/products\/sistemas-novaflow\/nova-2\/","name":"Sistema de Dosagem Modular | NOVA+","isPartOf":{"@id":"https:\/\/www.corob.com\/pt-br\/#website"},"primaryImageOfPage":{"@id":"https:\/\/www.corob.com\/pt-br\/products\/sistemas-novaflow\/nova-2\/#primaryimage"},"image":{"@id":"https:\/\/www.corob.com\/pt-br\/products\/sistemas-novaflow\/nova-2\/#primaryimage"},"thumbnailUrl":"https:\/\/www.corob.com\/wp-content\/uploads\/2025\/05\/NOVA_FixedHead-1.png","datePublished":"2025-11-13T12:57:39+00:00","dateModified":"2025-11-21T14:12:10+00:00","description":"NOVA+ \u00e9 um sistema de dosagem modular e de alta precis\u00e3o com controle em tempo real, limpeza avan\u00e7ada e integra\u00e7\u00e3o total de software.","breadcrumb":{"@id":"https:\/\/www.corob.com\/pt-br\/products\/sistemas-novaflow\/nova-2\/#breadcrumb"},"inLanguage":"pt-BR","potentialAction":[{"@type":"ReadAction","target":["https:\/\/www.corob.com\/pt-br\/products\/sistemas-novaflow\/nova-2\/"]}]},{"@type":"ImageObject","inLanguage":"pt-BR","@id":"https:\/\/www.corob.com\/pt-br\/products\/sistemas-novaflow\/nova-2\/#primaryimage","url":"https:\/\/www.corob.com\/wp-content\/uploads\/2025\/05\/NOVA_FixedHead-1.png","contentUrl":"https:\/\/www.corob.com\/wp-content\/uploads\/2025\/05\/NOVA_FixedHead-1.png","width":1200,"height":1200,"caption":"NOVAFLOW NOVA+ automatic weight-based dispenser"},{"@type":"BreadcrumbList","@id":"https:\/\/www.corob.com\/pt-br\/products\/sistemas-novaflow\/nova-2\/#breadcrumb","itemListElement":[{"@type":"ListItem","position":1,"name":"Home","item":"https:\/\/www.corob.com\/pt-br\/"},{"@type":"ListItem","position":2,"name":"PRODUTOS","item":"https:\/\/www.corob.com\/pt-br\/produtos\/"},{"@type":"ListItem","position":3,"name":"NOVA+"}]},{"@type":"WebSite","@id":"https:\/\/www.corob.com\/pt-br\/#website","url":"https:\/\/www.corob.com\/pt-br\/","name":"COROB","description":"High-tech dispensing and mixing solutions for paints and coatings systems","publisher":{"@id":"https:\/\/www.corob.com\/pt-br\/#organization"},"potentialAction":[{"@type":"SearchAction","target":{"@type":"EntryPoint","urlTemplate":"https:\/\/www.corob.com\/pt-br\/?s={search_term_string}"},"query-input":{"@type":"PropertyValueSpecification","valueRequired":true,"valueName":"search_term_string"}}],"inLanguage":"pt-BR"},{"@type":"Organization","@id":"https:\/\/www.corob.com\/pt-br\/#organization","name":"COROB","url":"https:\/\/www.corob.com\/pt-br\/","logo":{"@type":"ImageObject","inLanguage":"pt-BR","@id":"https:\/\/www.corob.com\/pt-br\/#\/schema\/logo\/image\/","url":"https:\/\/www.corob.com\/wp-content\/uploads\/2020\/01\/COROB-240.png","contentUrl":"https:\/\/www.corob.com\/wp-content\/uploads\/2020\/01\/COROB-240.png","width":240,"height":73,"caption":"COROB"},"image":{"@id":"https:\/\/www.corob.com\/pt-br\/#\/schema\/logo\/image\/"},"sameAs":["https:\/\/www.linkedin.com\/company\/corob\/","https:\/\/www.youtube.com\/channel\/UCxnFt4FEhuhdm87NAb27qBQ"]}]}},"_links":{"self":[{"href":"https:\/\/www.corob.com\/pt-br\/wp-json\/wp\/v2\/product\/26471","targetHints":{"allow":["GET"]}}],"collection":[{"href":"https:\/\/www.corob.com\/pt-br\/wp-json\/wp\/v2\/product"}],"about":[{"href":"https:\/\/www.corob.com\/pt-br\/wp-json\/wp\/v2\/types\/product"}],"wp:featuredmedia":[{"embeddable":true,"href":"https:\/\/www.corob.com\/pt-br\/wp-json\/wp\/v2\/media\/20507"}],"wp:attachment":[{"href":"https:\/\/www.corob.com\/pt-br\/wp-json\/wp\/v2\/media?parent=26471"}],"wp:term":[{"taxonomy":"product_brand","embeddable":true,"href":"https:\/\/www.corob.com\/pt-br\/wp-json\/wp\/v2\/product_brand?post=26471"},{"taxonomy":"product_cat","embeddable":true,"href":"https:\/\/www.corob.com\/pt-br\/wp-json\/wp\/v2\/product_cat?post=26471"},{"taxonomy":"product_tag","embeddable":true,"href":"https:\/\/www.corob.com\/pt-br\/wp-json\/wp\/v2\/product_tag?post=26471"}],"curies":[{"name":"wp","href":"https:\/\/api.w.org\/{rel}","templated":true}]}}