{"id":26472,"date":"2025-11-13T12:59:56","date_gmt":"2025-11-13T12:59:56","guid":{"rendered":"https:\/\/www.corob.com\/products\/uncategorized\/n15b-2\/"},"modified":"2025-11-13T12:59:57","modified_gmt":"2025-11-13T12:59:57","slug":"n15b-2","status":"publish","type":"product","link":"https:\/\/www.corob.com\/pt-br\/products\/sistemas-novaflow\/n15b-2\/","title":{"rendered":"N15B"},"content":{"rendered":"<p><div class=\"fusion-fullwidth fullwidth-box fusion-builder-row-1 fusion-flex-container has-pattern-background has-mask-background nonhundred-percent-fullwidth non-hundred-percent-height-scrolling\" style=\"--awb-border-radius-top-left:0px;--awb-border-radius-top-right:0px;--awb-border-radius-bottom-right:0px;--awb-border-radius-bottom-left:0px;--awb-flex-wrap:wrap;\" id=\"Container-Exceptional\" ><div class=\"fusion-builder-row fusion-row fusion-flex-align-items-flex-start fusion-flex-content-wrap\" style=\"max-width:1456px;margin-left: calc(-4% \/ 2 );margin-right: calc(-4% \/ 2 );\"><div class=\"fusion-layout-column fusion_builder_column fusion-builder-column-0 fusion_builder_column_1_1 1_1 fusion-flex-column\" style=\"--awb-bg-size:cover;--awb-width-large:100%;--awb-margin-top-large:0px;--awb-spacing-right-large:1.92%;--awb-margin-bottom-large:20px;--awb-spacing-left-large:1.92%;--awb-width-medium:100%;--awb-order-medium:0;--awb-spacing-right-medium:1.92%;--awb-spacing-left-medium:1.92%;--awb-width-small:100%;--awb-order-small:0;--awb-spacing-right-small:1.92%;--awb-spacing-left-small:1.92%;\"><div class=\"fusion-column-wrapper fusion-column-has-shadow fusion-flex-justify-content-flex-start fusion-content-layout-column\"><div class=\"fusion-text fusion-text-1\" style=\"--awb-content-alignment:center;--awb-font-size:28px;\"><p>Projetados especificamente para ambientes de <strong>produ\u00e7\u00e3o de pequenos lotes<\/strong>, os dispensadores N15B s\u00e3o <strong>sistemas baseados em peso<\/strong> de configura\u00e7\u00e3o fixa, ideais para produzir lotes do tamanho de baldes de <strong>produtos l\u00edquidos n\u00e3o perigosos<\/strong>.<\/p>\n<\/div><\/div><\/div><\/div><\/div><div class=\"fusion-fullwidth fullwidth-box fusion-builder-row-2 has-pattern-background has-mask-background nonhundred-percent-fullwidth non-hundred-percent-height-scrolling\" style=\"--awb-border-radius-top-left:0px;--awb-border-radius-top-right:0px;--awb-border-radius-bottom-right:0px;--awb-border-radius-bottom-left:0px;--awb-flex-wrap:wrap;\" id=\"Container-Features\" ><div class=\"fusion-builder-row fusion-row\"><div class=\"fusion-layout-column fusion_builder_column fusion-builder-column-1 fusion_builder_column_1_2 1_2 fusion-one-half fusion-column-first\" style=\"--awb-bg-size:cover;width:50%;width:calc(50% - ( ( 4% ) * 0.5 ) );margin-right: 4%;\"><div class=\"fusion-column-wrapper fusion-column-has-shadow fusion-flex-column-wrapper-legacy\"><div class=\"fusion-clearfix\"><\/div><\/div><\/div><div class=\"fusion-layout-column fusion_builder_column fusion-builder-column-2 fusion_builder_column_1_2 1_2 fusion-one-half fusion-column-last\" style=\"--awb-bg-size:cover;width:50%;width:calc(50% - ( ( 4% ) * 0.5 ) );\"><div class=\"fusion-column-wrapper fusion-column-has-shadow fusion-flex-column-wrapper-legacy\"><div class=\"fusion-clearfix\"><\/div><\/div><\/div><div class=\"fusion-layout-column fusion_builder_column fusion-builder-column-3 fusion_builder_column_1_1 1_1 fusion-one-full fusion-column-first fusion-column-last\" style=\"--awb-bg-size:cover;\"><div class=\"fusion-column-wrapper fusion-column-has-shadow fusion-flex-column-wrapper-legacy\"><div class=\"fusion-text fusion-text-2\"><p>Os dispensadores <strong>N15B<\/strong> s\u00e3o otimizados para oferecer o melhor sistema de valor para <strong>dispensa\u00e7\u00e3o em baldes<\/strong>. Estes <strong>sistemas econ\u00f3micos<\/strong> oferecem todas as vantagens da dispensa\u00e7\u00e3o automatizada\u2014<strong>melhorando a efici\u00eancia e consist\u00eancia<\/strong>\u2014sem a necessidade de grande investimento de capital na produ\u00e7\u00e3o de tintas, revestimentos ou produtos qu\u00edmicos. <\/p>\n<p>O sistema \u00e9 projetado para opera\u00e7\u00f5es de loteamento do tamanho de baldes, produzindo lotes de 4,6l a 20l (2 a 5 gal\u00f5es) em apenas 3 minutos*.<\/p>\n<p>O N15B utiliza v\u00e1lvulas de dispensa\u00e7\u00e3o Novaflow de 2 est\u00e1gios propriet\u00e1rias juntamente com hardware e software de dispensa\u00e7\u00e3o Novaflow comprovados, resultando em <strong>dispensa\u00e7\u00e3o r\u00e1pida, precisa e repet\u00edvel<\/strong>.<\/p>\n<p>Utilizando bombas de diafragma robustas, os produtos s\u00e3o extra\u00eddos diretamente dos recipientes de origem. Tr\u00eas configura\u00e7\u00f5es com diferentes arranjos de recipientes de origem est\u00e3o dispon\u00edveis para atender necessidades espec\u00edficas de produ\u00e7\u00e3o\u2014v\u00ea o verso para detalhes. <\/p>\n<p>As bombas e componentes do circuito de fluidos s\u00e3o selecionados de acordo com as propriedades qu\u00edmicas e reologia do produto para garantir <strong>desempenho \u00f3timo do sistema<\/strong>.<\/p>\n<p>Alimentado pelo software padr\u00e3o da ind\u00fastria Novaflow de dispensa\u00e7\u00e3o e gest\u00e3o de materiais, o operador tem <strong>controlo completo e visibilidade do uso do produto<\/strong> e dados de produ\u00e7\u00e3o.<\/p>\n<p>O N15B inclui uma prateleira ajust\u00e1vel que permite dispensa\u00e7\u00e3o em recipientes de diferentes alturas, bem como uma impressora para produzir automaticamente etiquetas de recipientes para identifica\u00e7\u00e3o confi\u00e1vel de produtos acabados.<\/p>\n<p>A instala\u00e7\u00e3o \u00e9 simples e pode ser suportada como auto-instala\u00e7\u00e3o ou por t\u00e9cnicos especializados.<\/p>\n<p><em>*Valores altamente afetados pela natureza dos corantes e suas propriedades reol\u00f3gicas.<\/em><\/p>\n<\/div><div class=\"fusion-clearfix\"><\/div><\/div><\/div><\/div><\/div><div class=\"fusion-fullwidth fullwidth-box fusion-builder-row-3 has-pattern-background has-mask-background nonhundred-percent-fullwidth non-hundred-percent-height-scrolling\" style=\"--awb-border-radius-top-left:0px;--awb-border-radius-top-right:0px;--awb-border-radius-bottom-right:0px;--awb-border-radius-bottom-left:0px;--awb-padding-bottom:20px;--awb-flex-wrap:wrap;\" id=\"Container-Technical-Data\" ><div class=\"fusion-builder-row fusion-row\"><div class=\"fusion-layout-column fusion_builder_column fusion-builder-column-4 fusion_builder_column_1_2 1_2 fusion-one-half fusion-column-first\" style=\"--awb-bg-size:cover;width:48%; margin-right: 4%;\"><div class=\"fusion-column-wrapper fusion-column-has-shadow fusion-flex-column-wrapper-legacy\"><div class=\"fusion-title title fusion-title-1 fusion-sep-none fusion-title-text fusion-title-size-three\"><h3 class=\"fusion-title-heading title-heading-left fusion-responsive-typography-calculated\" style=\"margin:0;--fontSize:28;--minFontSize:28;line-height:1.2;\">Dados t\u00e9cnicos<\/h3><\/div><div class=\"fusion-clearfix\"><\/div><\/div><\/div><div class=\"fusion-layout-column fusion_builder_column fusion-builder-column-5 fusion_builder_column_1_1 1_1 fusion-one-full fusion-column-last\" style=\"--awb-bg-size:cover;--awb-margin-bottom:0px;\"><div class=\"fusion-column-wrapper fusion-flex-column-wrapper-legacy\">\n<div class=\"table-1\">\n<table width=\"100%\">\n<tbody>\n<tr>\n<td align=\"left\" width=\"20%\"><\/td>\n<td align=\"center\" width=\"30%\"><strong>N15B [C1]<\/strong><\/td>\n<td align=\"center\" width=\"30%\"><strong>N15B [C2]<\/strong><\/td>\n<td align=\"center\" width=\"30%\"><strong>N15B [C3]<\/strong><\/td>\n<\/tr>\n<tr>\n<td align=\"left\">Ambiente de trabalho<\/td>\n<td align=\"left\">N\u00e3o perigoso<\/td>\n<td align=\"left\">N\u00e3o perigoso<\/td>\n<td align=\"left\">N\u00e3o perigoso<\/td>\n<\/tr>\n<tr>\n<td align=\"left\">Aplica\u00e7\u00e3o<\/td>\n<td align=\"left\">Produtos \u00e0 base de \u00e1gua e UV<\/td>\n<td align=\"left\">Produtos \u00e0 base de \u00e1gua e UV<\/td>\n<td align=\"left\">Produtos \u00e0 base de \u00e1gua e UV<\/td>\n<\/tr>\n<tr>\n<td align=\"left\">N\u00famero de circuitos<\/td>\n<td align=\"left\">14<\/td>\n<td align=\"left\">14<\/td>\n<td align=\"left\">14<\/td>\n<\/tr>\n<tr>\n<td align=\"left\">Tipo de circuitos<\/td>\n<td align=\"left\">4 baldes e 10 tambores<\/td>\n<td align=\"left\">12 baldes e 2 tambores<\/td>\n<td align=\"left\">14 tambores<\/td>\n<\/tr>\n<tr>\n<td align=\"left\">Abertura m\u00ednima do recipiente<\/td>\n<td align=\"left\">215 mm (8,5&#8243;)<\/td>\n<td align=\"left\">215 mm (8,5&#8243;)<\/td>\n<td align=\"left\">215 mm (8,5&#8243;)<\/td>\n<\/tr>\n<tr>\n<td align=\"left\">Tamanho t\u00edpico do lote<\/td>\n<td align=\"left\">De 12 l a 20 l (3 &#8211; 5 USG)<\/td>\n<td align=\"left\">De 12 l a 20 l (3 &#8211; 5 USG)<\/td>\n<td align=\"left\">De 12 l a 20 l (3 &#8211; 5 USG)<\/td>\n<\/tr>\n<tr>\n<td align=\"left\">Viscosidade do produto<\/td>\n<td align=\"left\">6000 CPS m\u00e1x.<\/td>\n<td align=\"left\">6000 CPS m\u00e1x.<\/td>\n<td align=\"left\">6000 CPS m\u00e1x.<\/td>\n<\/tr>\n<tr>\n<td align=\"left\">Desempenho<\/td>\n<td align=\"left\">4\u20136 min por lote de 20 l (5 USG)<\/td>\n<td align=\"left\">4\u20136 min por lote de 20 l (5 USG)<\/td>\n<td align=\"left\">4\u20136 min por lote de 20 l (5 USG)<\/td>\n<\/tr>\n<tr>\n<td align=\"left\">Valve type<\/td>\n<td align=\"left\">NOVAFLOW Dois est\u00e1gios, v\u00e1lvula SelectFlow<\/td>\n<td align=\"left\">NOVAFLOW Dois est\u00e1gios, v\u00e1lvula SelectFlow<\/td>\n<td align=\"left\">NOVAFLOW Dois est\u00e1gios, v\u00e1lvula SelectFlow<\/td>\n<\/tr>\n<tr>\n<td align=\"left\">Precis\u00e3o*<\/td>\n<td align=\"left\">a partir de \u00b1 1 g<\/td>\n<td align=\"left\">a partir de \u00b1 1 g<\/td>\n<td align=\"left\">a partir de \u00b1 1 g<\/td>\n<\/tr>\n<tr>\n<td align=\"left\">Tamanho da bomba<\/td>\n<td align=\"left\">DN12 &#8211; 1\/2&#8243;<\/td>\n<td align=\"left\">DN12 &#8211; 1\/2&#8243;<\/td>\n<td align=\"left\">DN12 &#8211; 1\/2&#8243;<\/td>\n<\/tr>\n<tr>\n<td align=\"left\">Limpador de v\u00e1lvula<\/td>\n<td align=\"left\">Borbulhador oscilante<\/td>\n<td align=\"left\">Borbulhador oscilante<\/td>\n<td align=\"left\">Borbulhador oscilante<\/td>\n<\/tr>\n<tr>\n<td align=\"left\">Balan\u00e7a<\/td>\n<td align=\"left\">30 kg (60 lb)<\/td>\n<td align=\"left\">30 kg (60 lb)<\/td>\n<td align=\"left\">30 kg (60 lb)<\/td>\n<\/tr>\n<tr>\n<td align=\"left\">Gabinete<\/td>\n<td align=\"left\">Gabinete IP55 \/ NEMA 4x<\/td>\n<td align=\"left\">Gabinete IP55 \/ NEMA 4x<\/td>\n<td align=\"left\">Gabinete IP55 \/ NEMA 4x<\/td>\n<\/tr>\n<tr>\n<td align=\"left\">Conformidade de seguran\u00e7a\/certifica\u00e7\u00f5es<\/td>\n<td align=\"left\">CE, ESA, CSA, UL<\/td>\n<td align=\"left\">CE, ESA, CSA, UL<\/td>\n<td align=\"left\">CE, ESA, CSA, UL<\/td>\n<\/tr>\n<tr>\n<td align=\"left\">Footprint<\/td>\n<td align=\"left\">52&#8243; X 168&#8243; (1,3 m X 4,3 m)<\/td>\n<td align=\"left\">52&#8243; X 93&#8243; (1,3 m X 2,4 m)<\/td>\n<td align=\"left\">52&#8243; X 198&#8243; (1,3 m X 5,0 m)<\/td>\n<\/tr>\n<\/tbody>\n<\/table>\n<\/div>\n<div class=\"fusion-text fusion-text-3\"><p><em>* Valores altamente afetados pela natureza dos produtos e suas propriedades reol\u00f3gicas. Valores dependentes da combina\u00e7\u00e3o do tamanho da v\u00e1lvula e do tipo de balan\u00e7a. <\/em><br \/>\nNota: os dados referem-se \u00e0 configura\u00e7\u00e3o da base da m\u00e1quina, os valores podem variar de acordo com diferentes especifica\u00e7\u00f5es.<\/p>\n<\/div><div class=\"fusion-clearfix\"><\/div><\/div><\/div><\/div><\/div><div class=\"fusion-fullwidth fullwidth-box fusion-builder-row-4 has-pattern-background has-mask-background nonhundred-percent-fullwidth non-hundred-percent-height-scrolling\" style=\"--awb-border-radius-top-left:0px;--awb-border-radius-top-right:0px;--awb-border-radius-bottom-right:0px;--awb-border-radius-bottom-left:0px;--awb-padding-top:20px;--awb-padding-bottom:20px;--awb-flex-wrap:wrap;\" id=\"Container-Download-Area\" ><div class=\"fusion-builder-row fusion-row\"><div class=\"fusion-layout-column fusion_builder_column fusion-builder-column-6 fusion_builder_column_1_2 1_2 fusion-one-half fusion-column-first\" style=\"--awb-bg-size:cover;width:48%; margin-right: 4%;\"><div class=\"fusion-column-wrapper fusion-column-has-shadow fusion-flex-column-wrapper-legacy\"><div class=\"fusion-title title fusion-title-2 fusion-sep-none fusion-title-text fusion-title-size-three\"><h3 class=\"fusion-title-heading title-heading-left fusion-responsive-typography-calculated\" style=\"margin:0;--fontSize:28;--minFontSize:28;line-height:1.2;\">\u00c1rea de download<\/h3><\/div><div class=\"fusion-clearfix\"><\/div><\/div><\/div><div class=\"fusion-layout-column fusion_builder_column fusion-builder-column-7 fusion_builder_column_1_1 1_1 fusion-one-full fusion-column-last\" style=\"--awb-bg-size:cover;--awb-margin-bottom:0px;\"><div class=\"fusion-column-wrapper fusion-flex-column-wrapper-legacy\"><div class=\"fusion-builder-row fusion-builder-row-inner fusion-row\"><div class=\"fusion-layout-column fusion_builder_column_inner fusion-builder-nested-column-0 fusion_builder_column_inner_1_2 1_2 fusion-one-half fusion-column-first\" style=\"--awb-padding-top:20px;--awb-padding-right:20px;--awb-padding-bottom:20px;--awb-padding-left:20px;--awb-bg-size:cover;--awb-border-color:#eaeaea;--awb-border-top:1px;--awb-border-right:1px;--awb-border-bottom:1px;--awb-border-left:1px;--awb-border-style:solid;width:50%;width:calc(50% - ( ( 40px ) * 0.5 ) );margin-right: 40px;\"><div class=\"fusion-column-wrapper fusion-column-has-shadow fusion-flex-column-wrapper-legacy\"><div class=\"fusion-title title fusion-title-3 fusion-sep-none fusion-title-text fusion-title-size-five\" style=\"--awb-margin-bottom:20px;\"><h5 class=\"fusion-title-heading title-heading-left fusion-responsive-typography-calculated\" style=\"margin:0;--fontSize:20;--minFontSize:20;line-height:1.2;\">BROCHURA<\/h5><\/div><div class=\"fusion-text fusion-text-4\"><p><i class=\"fb-icon-element-1 fb-icon-element fontawesome-icon fa-book fas circle-no fusion-text-flow\" style=\"--awb-iconcolor:#606060;--awb-iconcolor-hover:#606060;--awb-font-size:32px;--awb-margin-right:20px;\"><\/i> <a class=\"download-link\" title=\"\" href=\"https:\/\/www.corob.com\/pt-br\/download\/19979\/\" rel=\"nofollow\">\n\tN15B Brochure English<\/a><\/p>\n<\/div><div class=\"fusion-clearfix\"><\/div><\/div><\/div><\/div><div class=\"fusion-clearfix\"><\/div><\/div><\/div><\/div><\/div><\/p>\n","protected":false},"excerpt":{"rendered":"<h2>Dispensa\u00e7\u00e3o econ\u00f3mica e precisa em baldes<\/h2>\n[fusion_checklist icon=\"fa-check fas\" iconcolor=\"#cf102d\" circle=\"no\" circlecolor=\"\" size=\"\" divider=\"no\" divider_color=\"\" hide_on_mobile=\"small-visibility,medium-visibility,large-visibility\" class=\"\" id=\"\"][fusion_li_item icon=\"\"]<strong>R\u00c1PIDO E PRECISO<\/strong><br \/>\nDispensa lotes de 4,6l a 20l em menos de 3 minutos com resultados precisos e repet\u00edveis usando a tecnologia Novaflow [\/fusion_li_item][fusion_li_item icon=\"\"]<strong>AUTOMA\u00c7\u00c3O ECON\u00d3MICA<\/strong><br \/>\nOferece todos os benef\u00edcios da automa\u00e7\u00e3o sem grande investimento de capital\u2014ideal para produ\u00e7\u00e3o de pequenos lotes do tamanho de baldes[\/fusion_li_item][fusion_li_item icon=\"\"]<strong>FLEX\u00cdVEL E ADAPT\u00c1VEL<\/strong><br \/>\nTr\u00eas configura\u00e7\u00f5es, prateleira ajust\u00e1vel e bombas robustas adequam-se a v\u00e1rios tamanhos de recipientes e propriedades de fluidos[\/fusion_li_item][fusion_li_item icon=\"\"]<strong>CONTROLO TOTAL E RASTREABILIDADE<\/strong><br \/>\nSoftware integrado e impress\u00e3o de etiquetas garantem visibilidade completa da produ\u00e7\u00e3o e identifica\u00e7\u00e3o confi\u00e1vel do produto[\/fusion_li_item]<br \/>\n[\/fusion_checklist]\n","protected":false},"featured_media":20514,"template":"","meta":{"_acf_changed":false},"product_brand":[],"product_cat":[573],"product_tag":[],"class_list":{"0":"post-26472","1":"product","2":"type-product","3":"status-publish","4":"has-post-thumbnail","6":"product_cat-sistemas-novaflow","8":"first","9":"instock","10":"shipping-taxable","11":"product-type-simple"},"acf":[],"yoast_head":"<!-- This site is optimized with the Yoast SEO plugin v25.5 - https:\/\/yoast.com\/wordpress\/plugins\/seo\/ -->\n<title>Dispensa\u00e7\u00e3o de lotes do tamanho de baldes com N15B<\/title>\n<meta name=\"description\" content=\"O N15B oferece dispensa\u00e7\u00e3o r\u00e1pida e econ\u00f3mica de lotes do tamanho de baldes com total rastreabilidade e baixo investimento na produ\u00e7\u00e3o de tintas, revestimentos ou produtos qu\u00edmicos.\" \/>\n<meta name=\"robots\" content=\"index, follow, max-snippet:-1, max-image-preview:large, max-video-preview:-1\" \/>\n<link rel=\"canonical\" href=\"https:\/\/www.corob.com\/pt-br\/products\/sistemas-novaflow\/n15b-2\/\" \/>\n<meta property=\"og:locale\" content=\"pt_BR\" \/>\n<meta property=\"og:type\" content=\"article\" \/>\n<meta property=\"og:title\" content=\"Dispensa\u00e7\u00e3o de lotes do tamanho de baldes com N15B\" \/>\n<meta property=\"og:description\" content=\"O N15B oferece dispensa\u00e7\u00e3o r\u00e1pida e econ\u00f3mica de lotes do tamanho de baldes com total rastreabilidade e baixo investimento na produ\u00e7\u00e3o de tintas, revestimentos ou produtos qu\u00edmicos.\" \/>\n<meta property=\"og:url\" content=\"https:\/\/www.corob.com\/pt-br\/products\/sistemas-novaflow\/n15b-2\/\" \/>\n<meta property=\"og:site_name\" content=\"COROB\" \/>\n<meta property=\"article:modified_time\" content=\"2025-11-13T12:59:57+00:00\" \/>\n<meta property=\"og:image\" content=\"https:\/\/www.corob.com\/wp-content\/uploads\/2025\/05\/N15B-2.png\" \/>\n\t<meta property=\"og:image:width\" content=\"1200\" \/>\n\t<meta property=\"og:image:height\" content=\"1200\" \/>\n\t<meta property=\"og:image:type\" content=\"image\/png\" \/>\n<meta name=\"twitter:card\" content=\"summary_large_image\" \/>\n<meta name=\"twitter:label1\" content=\"Est. tempo de leitura\" \/>\n\t<meta name=\"twitter:data1\" content=\"25 minutos\" \/>\n<script type=\"application\/ld+json\" class=\"yoast-schema-graph\">{\"@context\":\"https:\/\/schema.org\",\"@graph\":[{\"@type\":\"WebPage\",\"@id\":\"https:\/\/www.corob.com\/pt-br\/products\/sistemas-novaflow\/n15b-2\/\",\"url\":\"https:\/\/www.corob.com\/pt-br\/products\/sistemas-novaflow\/n15b-2\/\",\"name\":\"Dispensa\u00e7\u00e3o de lotes do tamanho de baldes com N15B\",\"isPartOf\":{\"@id\":\"https:\/\/www.corob.com\/pt-br\/#website\"},\"primaryImageOfPage\":{\"@id\":\"https:\/\/www.corob.com\/pt-br\/products\/sistemas-novaflow\/n15b-2\/#primaryimage\"},\"image\":{\"@id\":\"https:\/\/www.corob.com\/pt-br\/products\/sistemas-novaflow\/n15b-2\/#primaryimage\"},\"thumbnailUrl\":\"https:\/\/www.corob.com\/wp-content\/uploads\/2025\/05\/N15B-2.png\",\"datePublished\":\"2025-11-13T12:59:56+00:00\",\"dateModified\":\"2025-11-13T12:59:57+00:00\",\"description\":\"O N15B oferece dispensa\u00e7\u00e3o r\u00e1pida e econ\u00f3mica de lotes do tamanho de baldes com total rastreabilidade e baixo investimento na produ\u00e7\u00e3o de tintas, revestimentos ou produtos qu\u00edmicos.\",\"breadcrumb\":{\"@id\":\"https:\/\/www.corob.com\/pt-br\/products\/sistemas-novaflow\/n15b-2\/#breadcrumb\"},\"inLanguage\":\"pt-BR\",\"potentialAction\":[{\"@type\":\"ReadAction\",\"target\":[\"https:\/\/www.corob.com\/pt-br\/products\/sistemas-novaflow\/n15b-2\/\"]}]},{\"@type\":\"ImageObject\",\"inLanguage\":\"pt-BR\",\"@id\":\"https:\/\/www.corob.com\/pt-br\/products\/sistemas-novaflow\/n15b-2\/#primaryimage\",\"url\":\"https:\/\/www.corob.com\/wp-content\/uploads\/2025\/05\/N15B-2.png\",\"contentUrl\":\"https:\/\/www.corob.com\/wp-content\/uploads\/2025\/05\/N15B-2.png\",\"width\":1200,\"height\":1200,\"caption\":\"NOVAFLOW N15B automatic weight-based dispenser\"},{\"@type\":\"BreadcrumbList\",\"@id\":\"https:\/\/www.corob.com\/pt-br\/products\/sistemas-novaflow\/n15b-2\/#breadcrumb\",\"itemListElement\":[{\"@type\":\"ListItem\",\"position\":1,\"name\":\"Home\",\"item\":\"https:\/\/www.corob.com\/pt-br\/\"},{\"@type\":\"ListItem\",\"position\":2,\"name\":\"PRODUTOS\",\"item\":\"https:\/\/www.corob.com\/pt-br\/produtos\/\"},{\"@type\":\"ListItem\",\"position\":3,\"name\":\"N15B\"}]},{\"@type\":\"WebSite\",\"@id\":\"https:\/\/www.corob.com\/pt-br\/#website\",\"url\":\"https:\/\/www.corob.com\/pt-br\/\",\"name\":\"COROB\",\"description\":\"High-tech dispensing and mixing solutions for paints and coatings systems\",\"publisher\":{\"@id\":\"https:\/\/www.corob.com\/pt-br\/#organization\"},\"potentialAction\":[{\"@type\":\"SearchAction\",\"target\":{\"@type\":\"EntryPoint\",\"urlTemplate\":\"https:\/\/www.corob.com\/pt-br\/?s={search_term_string}\"},\"query-input\":{\"@type\":\"PropertyValueSpecification\",\"valueRequired\":true,\"valueName\":\"search_term_string\"}}],\"inLanguage\":\"pt-BR\"},{\"@type\":\"Organization\",\"@id\":\"https:\/\/www.corob.com\/pt-br\/#organization\",\"name\":\"COROB\",\"url\":\"https:\/\/www.corob.com\/pt-br\/\",\"logo\":{\"@type\":\"ImageObject\",\"inLanguage\":\"pt-BR\",\"@id\":\"https:\/\/www.corob.com\/pt-br\/#\/schema\/logo\/image\/\",\"url\":\"https:\/\/www.corob.com\/wp-content\/uploads\/2020\/01\/COROB-240.png\",\"contentUrl\":\"https:\/\/www.corob.com\/wp-content\/uploads\/2020\/01\/COROB-240.png\",\"width\":240,\"height\":73,\"caption\":\"COROB\"},\"image\":{\"@id\":\"https:\/\/www.corob.com\/pt-br\/#\/schema\/logo\/image\/\"},\"sameAs\":[\"https:\/\/www.linkedin.com\/company\/corob\/\",\"https:\/\/www.youtube.com\/channel\/UCxnFt4FEhuhdm87NAb27qBQ\"]}]}<\/script>\n<!-- \/ Yoast SEO plugin. -->","yoast_head_json":{"title":"Dispensa\u00e7\u00e3o de lotes do tamanho de baldes com N15B","description":"O N15B oferece dispensa\u00e7\u00e3o r\u00e1pida e econ\u00f3mica de lotes do tamanho de baldes com total rastreabilidade e baixo investimento na produ\u00e7\u00e3o de tintas, revestimentos ou produtos qu\u00edmicos.","robots":{"index":"index","follow":"follow","max-snippet":"max-snippet:-1","max-image-preview":"max-image-preview:large","max-video-preview":"max-video-preview:-1"},"canonical":"https:\/\/www.corob.com\/pt-br\/products\/sistemas-novaflow\/n15b-2\/","og_locale":"pt_BR","og_type":"article","og_title":"Dispensa\u00e7\u00e3o de lotes do tamanho de baldes com N15B","og_description":"O N15B oferece dispensa\u00e7\u00e3o r\u00e1pida e econ\u00f3mica de lotes do tamanho de baldes com total rastreabilidade e baixo investimento na produ\u00e7\u00e3o de tintas, revestimentos ou produtos qu\u00edmicos.","og_url":"https:\/\/www.corob.com\/pt-br\/products\/sistemas-novaflow\/n15b-2\/","og_site_name":"COROB","article_modified_time":"2025-11-13T12:59:57+00:00","og_image":[{"width":1200,"height":1200,"url":"https:\/\/www.corob.com\/wp-content\/uploads\/2025\/05\/N15B-2.png","type":"image\/png"}],"twitter_card":"summary_large_image","twitter_misc":{"Est. tempo de leitura":"25 minutos"},"schema":{"@context":"https:\/\/schema.org","@graph":[{"@type":"WebPage","@id":"https:\/\/www.corob.com\/pt-br\/products\/sistemas-novaflow\/n15b-2\/","url":"https:\/\/www.corob.com\/pt-br\/products\/sistemas-novaflow\/n15b-2\/","name":"Dispensa\u00e7\u00e3o de lotes do tamanho de baldes com N15B","isPartOf":{"@id":"https:\/\/www.corob.com\/pt-br\/#website"},"primaryImageOfPage":{"@id":"https:\/\/www.corob.com\/pt-br\/products\/sistemas-novaflow\/n15b-2\/#primaryimage"},"image":{"@id":"https:\/\/www.corob.com\/pt-br\/products\/sistemas-novaflow\/n15b-2\/#primaryimage"},"thumbnailUrl":"https:\/\/www.corob.com\/wp-content\/uploads\/2025\/05\/N15B-2.png","datePublished":"2025-11-13T12:59:56+00:00","dateModified":"2025-11-13T12:59:57+00:00","description":"O N15B oferece dispensa\u00e7\u00e3o r\u00e1pida e econ\u00f3mica de lotes do tamanho de baldes com total rastreabilidade e baixo investimento na produ\u00e7\u00e3o de tintas, revestimentos ou produtos qu\u00edmicos.","breadcrumb":{"@id":"https:\/\/www.corob.com\/pt-br\/products\/sistemas-novaflow\/n15b-2\/#breadcrumb"},"inLanguage":"pt-BR","potentialAction":[{"@type":"ReadAction","target":["https:\/\/www.corob.com\/pt-br\/products\/sistemas-novaflow\/n15b-2\/"]}]},{"@type":"ImageObject","inLanguage":"pt-BR","@id":"https:\/\/www.corob.com\/pt-br\/products\/sistemas-novaflow\/n15b-2\/#primaryimage","url":"https:\/\/www.corob.com\/wp-content\/uploads\/2025\/05\/N15B-2.png","contentUrl":"https:\/\/www.corob.com\/wp-content\/uploads\/2025\/05\/N15B-2.png","width":1200,"height":1200,"caption":"NOVAFLOW N15B automatic weight-based dispenser"},{"@type":"BreadcrumbList","@id":"https:\/\/www.corob.com\/pt-br\/products\/sistemas-novaflow\/n15b-2\/#breadcrumb","itemListElement":[{"@type":"ListItem","position":1,"name":"Home","item":"https:\/\/www.corob.com\/pt-br\/"},{"@type":"ListItem","position":2,"name":"PRODUTOS","item":"https:\/\/www.corob.com\/pt-br\/produtos\/"},{"@type":"ListItem","position":3,"name":"N15B"}]},{"@type":"WebSite","@id":"https:\/\/www.corob.com\/pt-br\/#website","url":"https:\/\/www.corob.com\/pt-br\/","name":"COROB","description":"High-tech dispensing and mixing solutions for paints and coatings systems","publisher":{"@id":"https:\/\/www.corob.com\/pt-br\/#organization"},"potentialAction":[{"@type":"SearchAction","target":{"@type":"EntryPoint","urlTemplate":"https:\/\/www.corob.com\/pt-br\/?s={search_term_string}"},"query-input":{"@type":"PropertyValueSpecification","valueRequired":true,"valueName":"search_term_string"}}],"inLanguage":"pt-BR"},{"@type":"Organization","@id":"https:\/\/www.corob.com\/pt-br\/#organization","name":"COROB","url":"https:\/\/www.corob.com\/pt-br\/","logo":{"@type":"ImageObject","inLanguage":"pt-BR","@id":"https:\/\/www.corob.com\/pt-br\/#\/schema\/logo\/image\/","url":"https:\/\/www.corob.com\/wp-content\/uploads\/2020\/01\/COROB-240.png","contentUrl":"https:\/\/www.corob.com\/wp-content\/uploads\/2020\/01\/COROB-240.png","width":240,"height":73,"caption":"COROB"},"image":{"@id":"https:\/\/www.corob.com\/pt-br\/#\/schema\/logo\/image\/"},"sameAs":["https:\/\/www.linkedin.com\/company\/corob\/","https:\/\/www.youtube.com\/channel\/UCxnFt4FEhuhdm87NAb27qBQ"]}]}},"_links":{"self":[{"href":"https:\/\/www.corob.com\/pt-br\/wp-json\/wp\/v2\/product\/26472","targetHints":{"allow":["GET"]}}],"collection":[{"href":"https:\/\/www.corob.com\/pt-br\/wp-json\/wp\/v2\/product"}],"about":[{"href":"https:\/\/www.corob.com\/pt-br\/wp-json\/wp\/v2\/types\/product"}],"wp:featuredmedia":[{"embeddable":true,"href":"https:\/\/www.corob.com\/pt-br\/wp-json\/wp\/v2\/media\/20514"}],"wp:attachment":[{"href":"https:\/\/www.corob.com\/pt-br\/wp-json\/wp\/v2\/media?parent=26472"}],"wp:term":[{"taxonomy":"product_brand","embeddable":true,"href":"https:\/\/www.corob.com\/pt-br\/wp-json\/wp\/v2\/product_brand?post=26472"},{"taxonomy":"product_cat","embeddable":true,"href":"https:\/\/www.corob.com\/pt-br\/wp-json\/wp\/v2\/product_cat?post=26472"},{"taxonomy":"product_tag","embeddable":true,"href":"https:\/\/www.corob.com\/pt-br\/wp-json\/wp\/v2\/product_tag?post=26472"}],"curies":[{"name":"wp","href":"https:\/\/api.w.org\/{rel}","templated":true}]}}