{"id":26473,"date":"2025-11-13T13:02:02","date_gmt":"2025-11-13T13:02:02","guid":{"rendered":"https:\/\/www.corob.com\/products\/uncategorized\/n15j-2\/"},"modified":"2025-11-21T14:17:01","modified_gmt":"2025-11-21T14:17:01","slug":"n15j-2","status":"publish","type":"product","link":"https:\/\/www.corob.com\/pt-br\/products\/sistemas-novaflow\/n15j-2\/","title":{"rendered":"N15J"},"content":{"rendered":"<p><div class=\"fusion-fullwidth fullwidth-box fusion-builder-row-1 fusion-flex-container has-pattern-background has-mask-background nonhundred-percent-fullwidth non-hundred-percent-height-scrolling\" style=\"--awb-border-radius-top-left:0px;--awb-border-radius-top-right:0px;--awb-border-radius-bottom-right:0px;--awb-border-radius-bottom-left:0px;--awb-flex-wrap:wrap;\" id=\"Container-Exceptional\" ><div class=\"fusion-builder-row fusion-row fusion-flex-align-items-flex-start fusion-flex-content-wrap\" style=\"max-width:1456px;margin-left: calc(-4% \/ 2 );margin-right: calc(-4% \/ 2 );\"><div class=\"fusion-layout-column fusion_builder_column fusion-builder-column-0 fusion_builder_column_1_1 1_1 fusion-flex-column\" style=\"--awb-bg-size:cover;--awb-width-large:100%;--awb-margin-top-large:0px;--awb-spacing-right-large:1.92%;--awb-margin-bottom-large:20px;--awb-spacing-left-large:1.92%;--awb-width-medium:100%;--awb-order-medium:0;--awb-spacing-right-medium:1.92%;--awb-spacing-left-medium:1.92%;--awb-width-small:100%;--awb-order-small:0;--awb-spacing-right-small:1.92%;--awb-spacing-left-small:1.92%;\"><div class=\"fusion-column-wrapper fusion-column-has-shadow fusion-flex-justify-content-flex-start fusion-content-layout-column\"><div class=\"fusion-text fusion-text-1\" style=\"--awb-content-alignment:center;--awb-font-size:28px;\"><p>O NOVAFLOW N15J \u00e9 um <strong>dispensador compacto<\/strong> e <strong>autom\u00e1tico baseado em peso<\/strong> que redefine a precis\u00e3o na produ\u00e7\u00e3o de pequenos lotes. Projetado para produtividade m\u00e9dia em espa\u00e7os limitados, oferece <strong>precis\u00e3o gravim\u00e9trica excecional<\/strong> ocupando um <strong>Footprint m\u00ednimo<\/strong>.<\/p>\n<\/div><\/div><\/div><\/div><\/div><div class=\"fusion-fullwidth fullwidth-box fusion-builder-row-2 has-pattern-background has-mask-background nonhundred-percent-fullwidth non-hundred-percent-height-scrolling\" style=\"--awb-border-radius-top-left:0px;--awb-border-radius-top-right:0px;--awb-border-radius-bottom-right:0px;--awb-border-radius-bottom-left:0px;--awb-flex-wrap:wrap;\" id=\"Container-Features\" ><div class=\"fusion-builder-row fusion-row\"><div class=\"fusion-layout-column fusion_builder_column fusion-builder-column-1 fusion_builder_column_1_2 1_2 fusion-one-half fusion-column-first\" style=\"--awb-bg-size:cover;width:50%;width:calc(50% - ( ( 4% ) * 0.5 ) );margin-right: 4%;\"><div class=\"fusion-column-wrapper fusion-column-has-shadow fusion-flex-column-wrapper-legacy\"><div class=\"fusion-clearfix\"><\/div><\/div><\/div><div class=\"fusion-layout-column fusion_builder_column fusion-builder-column-2 fusion_builder_column_1_2 1_2 fusion-one-half fusion-column-last\" style=\"--awb-bg-size:cover;width:50%;width:calc(50% - ( ( 4% ) * 0.5 ) );\"><div class=\"fusion-column-wrapper fusion-column-has-shadow fusion-flex-column-wrapper-legacy\"><div class=\"fusion-clearfix\"><\/div><\/div><\/div><div class=\"fusion-layout-column fusion_builder_column fusion-builder-column-3 fusion_builder_column_1_1 1_1 fusion-one-full fusion-column-first fusion-column-last\" style=\"--awb-bg-size:cover;\"><div class=\"fusion-column-wrapper fusion-column-has-shadow fusion-flex-column-wrapper-legacy\"><div class=\"fusion-text fusion-text-2\"><p>Ideal para aplica\u00e7\u00f5es de tinta, revestimento ou qu\u00edmicas onde a dosagem precisa baseada em peso \u00e9 essencial, o <strong>N15J<\/strong> oferece uma <strong>solu\u00e7\u00e3o inteligente e eficiente em espa\u00e7o<\/strong> para as tuas necessidades de produ\u00e7\u00e3o.<\/p>\n<p>Com o seu design compacto, o dispensador N15 destaca-se em <strong>ambientes n\u00e3o perigosos<\/strong>, produzindo eficientemente pequenos lotes onde o espa\u00e7o \u00e9 limitado.<\/p>\n<p>Pode produzir lotes de 1 gal\u00e3o em apenas 3 minutos*, mesmo em recipientes com aberturas t\u00e3o pequenas quanto 1,56&#8243;.<\/p>\n<p>O N15J emprega as exclusivas V\u00e1lvulas de Bico Integradas COROB e hardware e software de dosagem Novaflow confi\u00e1veis, garantindo <strong>resultados r\u00e1pidos, precisos e repet\u00edveis<\/strong>. Bombas de diafragma robustas extraem produtos diretamente dos recipientes de origem, eliminando a confus\u00e3o e o inc\u00f3modo de decantar para recipientes secund\u00e1rios.<\/p>\n<p>A configura\u00e7\u00e3o do sistema inclui 12 baldes e 2 esta\u00e7\u00f5es de tambor, com bombas e componentes de circuito de fluido selecionados para corresponder \u00e0s propriedades qu\u00edmicas e reologia dos teus produtos, <strong>garantindo desempenho \u00f3timo<\/strong>.<\/p>\n<p>Alimentado pelo software padr\u00e3o da ind\u00fastria Novaflow de dosagem e gest\u00e3o de materiais, o N15J fornece controlo completo e visibilidade sobre o uso de produtos e dados de produ\u00e7\u00e3o.<\/p>\n<p>Al\u00e9m disso, o sistema possui uma prateleira ajust\u00e1vel para dosagem em recipientes de alturas variadas e inclui uma impressora para rotulagem autom\u00e1tica de recipientes, garantindo <strong>identifica\u00e7\u00e3o confi\u00e1vel de produtos acabados<\/strong>.<\/p>\n<p>Escolhe o <strong>NOVAFLOW N15J<\/strong> para uma solu\u00e7\u00e3o de dosagem compacta, eficiente e altamente precisa adaptada \u00e0s tuas necessidades de produ\u00e7\u00e3o de pequenos lotes.<\/p>\n<p><em>*Valores altamente afetados pela natureza dos corantes e suas propriedades reol\u00f3gicas.<\/em><\/p>\n<\/div><div class=\"fusion-clearfix\"><\/div><\/div><\/div><\/div><\/div><div class=\"fusion-fullwidth fullwidth-box fusion-builder-row-3 has-pattern-background has-mask-background nonhundred-percent-fullwidth non-hundred-percent-height-scrolling\" style=\"--awb-border-radius-top-left:0px;--awb-border-radius-top-right:0px;--awb-border-radius-bottom-right:0px;--awb-border-radius-bottom-left:0px;--awb-padding-bottom:20px;--awb-flex-wrap:wrap;\" id=\"Container-Technical-Data\" ><div class=\"fusion-builder-row fusion-row\"><div class=\"fusion-layout-column fusion_builder_column fusion-builder-column-4 fusion_builder_column_1_2 1_2 fusion-one-half fusion-column-first\" style=\"--awb-bg-size:cover;width:48%; margin-right: 4%;\"><div class=\"fusion-column-wrapper fusion-column-has-shadow fusion-flex-column-wrapper-legacy\"><div class=\"fusion-title title fusion-title-1 fusion-sep-none fusion-title-text fusion-title-size-three\"><h3 class=\"fusion-title-heading title-heading-left fusion-responsive-typography-calculated\" style=\"margin:0;--fontSize:28;--minFontSize:28;line-height:1.2;\">Dados t\u00e9cnicos<\/h3><\/div><div class=\"fusion-clearfix\"><\/div><\/div><\/div><div class=\"fusion-layout-column fusion_builder_column fusion-builder-column-5 fusion_builder_column_1_1 1_1 fusion-one-full fusion-column-last\" style=\"--awb-bg-size:cover;--awb-margin-bottom:0px;\"><div class=\"fusion-column-wrapper fusion-flex-column-wrapper-legacy\">\n<div class=\"table-1\">\n<table width=\"100%\">\n<tbody>\n<tr>\n<td align=\"left\" width=\"20%\"><\/td>\n<td align=\"center\" width=\"40%\"><strong>N15J [LV]<\/strong><\/td>\n<td align=\"center\" width=\"40%\"><strong>N15J [HV]<\/strong><\/td>\n<\/tr>\n<tr>\n<td align=\"left\">Ambiente de trabalho<\/td>\n<td align=\"left\">N\u00e3o perigoso<\/td>\n<td align=\"left\">N\u00e3o perigoso<\/td>\n<\/tr>\n<tr>\n<td align=\"left\">Aplica\u00e7\u00e3o<\/td>\n<td align=\"left\">Produtos \u00e0 base de \u00e1gua e UV<\/td>\n<td align=\"left\">Produtos \u00e0 base de \u00e1gua e UV<\/td>\n<\/tr>\n<tr>\n<td align=\"left\">N\u00famero de circuitos<\/td>\n<td align=\"left\">14<\/td>\n<td align=\"left\">14<\/td>\n<\/tr>\n<tr>\n<td align=\"left\">Tipo de circuitos<\/td>\n<td align=\"left\">12 baldes e 2 tambores<\/td>\n<td align=\"left\">12 baldes e 2 tambores<\/td>\n<\/tr>\n<tr>\n<td align=\"left\">Abertura m\u00ednima do recipiente<\/td>\n<td align=\"left\">50 mm (2&#8243;)<\/td>\n<td align=\"left\">50 mm (2&#8243;)<\/td>\n<\/tr>\n<tr>\n<td align=\"left\">Tamanho t\u00edpico do lote<\/td>\n<td align=\"left\">De 0,5 l a 4,5 l (0,15 &#8211; 1,2 USG)<\/td>\n<td align=\"left\">De 0,5 l a 4,5 l (0,15 &#8211; 1,2 USG)<\/td>\n<\/tr>\n<tr>\n<td align=\"left\">Viscosidade do produto<\/td>\n<td align=\"left\">2000 CPS m\u00e1x.<\/td>\n<td align=\"left\">6000 CPS m\u00e1x.<\/td>\n<\/tr>\n<tr>\n<td align=\"left\">Desempenho<\/td>\n<td align=\"left\">4\u20136 min por lote de 4,5 l (1 USG)<\/td>\n<td align=\"left\">4\u20136 min por lote de 4,5 l (1 USG)<\/td>\n<\/tr>\n<tr>\n<td align=\"left\">Tipo de v\u00e1lvula<\/td>\n<td align=\"left\">V\u00e1lvulas de Bico Integradas COROB (INV)<\/td>\n<td align=\"left\">V\u00e1lvula de 3 vias COROB<\/td>\n<\/tr>\n<tr>\n<td align=\"left\">Precis\u00e3o*<\/td>\n<td align=\"left\">a partir de \u00b1 0,5 g<\/td>\n<td align=\"left\">a partir de \u00b1 0,5 g<\/td>\n<\/tr>\n<tr>\n<td align=\"left\">Tamanho da bomba<\/td>\n<td align=\"left\">DN6 \u2013 \u00bc&#8221; (esta\u00e7\u00f5es de balde) \/ DN12 \u2013 1\/2&#8243; (esta\u00e7\u00f5es de tambor)<\/td>\n<td align=\"left\">DN6 \u2013 \u00bc&#8221; (esta\u00e7\u00f5es de balde) \/ DN12 \u2013 1\/2&#8243; (esta\u00e7\u00f5es de tambor)<\/td>\n<\/tr>\n<tr>\n<td align=\"left\">Limpador de v\u00e1lvula<\/td>\n<td align=\"left\">Autopad<\/td>\n<td align=\"left\">Autocap<\/td>\n<\/tr>\n<tr>\n<td align=\"left\">Balan\u00e7a<\/td>\n<td align=\"left\">15 kg (30 lb)<\/td>\n<td align=\"left\">15 kg (30 lb)<\/td>\n<\/tr>\n<tr>\n<td align=\"left\">Gabinete<\/td>\n<td align=\"left\">Gabinete IP55 \/ NEMA 4x<\/td>\n<td align=\"left\">Gabinete IP55 \/ NEMA 4x<\/td>\n<\/tr>\n<tr>\n<td align=\"left\">Conformidade de seguran\u00e7a\/certifica\u00e7\u00f5es<\/td>\n<td align=\"left\">CE, ESA, CSA, UL<\/td>\n<td align=\"left\">CE, ESA, CSA, UL<\/td>\n<\/tr>\n<tr>\n<td align=\"left\">Pegada<\/td>\n<td align=\"left\">52&#8243; X 93&#8243; (1,3 m X 2,4 m)<\/td>\n<td align=\"left\">52&#8243; X 93&#8243; (1,3 m X 2,4 m)<\/td>\n<\/tr>\n<\/tbody>\n<\/table>\n<\/div>\n<div class=\"fusion-text fusion-text-3\"><p><em>* Valores altamente afetados pela natureza dos produtos e suas propriedades reol\u00f3gicas. Valores dependentes da combina\u00e7\u00e3o do tamanho da v\u00e1lvula e do tipo de balan\u00e7a. <\/em><br \/>\nNota: os dados referem-se \u00e0 configura\u00e7\u00e3o da base da m\u00e1quina, os valores podem variar de acordo com diferentes especifica\u00e7\u00f5es.<\/p>\n<\/div><div class=\"fusion-clearfix\"><\/div><\/div><\/div><\/div><\/div><div class=\"fusion-fullwidth fullwidth-box fusion-builder-row-4 has-pattern-background has-mask-background nonhundred-percent-fullwidth non-hundred-percent-height-scrolling\" style=\"--awb-border-radius-top-left:0px;--awb-border-radius-top-right:0px;--awb-border-radius-bottom-right:0px;--awb-border-radius-bottom-left:0px;--awb-padding-top:20px;--awb-padding-bottom:20px;--awb-flex-wrap:wrap;\" id=\"Container-Download-Area\" ><div class=\"fusion-builder-row fusion-row\"><div class=\"fusion-layout-column fusion_builder_column fusion-builder-column-6 fusion_builder_column_1_2 1_2 fusion-one-half fusion-column-first\" style=\"--awb-bg-size:cover;width:48%; margin-right: 4%;\"><div class=\"fusion-column-wrapper fusion-column-has-shadow fusion-flex-column-wrapper-legacy\"><div class=\"fusion-title title fusion-title-2 fusion-sep-none fusion-title-text fusion-title-size-three\"><h3 class=\"fusion-title-heading title-heading-left fusion-responsive-typography-calculated\" style=\"margin:0;--fontSize:28;--minFontSize:28;line-height:1.2;\">\u00c1rea de download<\/h3><\/div><div class=\"fusion-clearfix\"><\/div><\/div><\/div><div class=\"fusion-layout-column fusion_builder_column fusion-builder-column-7 fusion_builder_column_1_1 1_1 fusion-one-full fusion-column-last\" style=\"--awb-bg-size:cover;--awb-margin-bottom:0px;\"><div class=\"fusion-column-wrapper fusion-flex-column-wrapper-legacy\"><div class=\"fusion-builder-row fusion-builder-row-inner fusion-row\"><div class=\"fusion-layout-column fusion_builder_column_inner fusion-builder-nested-column-0 fusion_builder_column_inner_1_2 1_2 fusion-one-half fusion-column-first\" style=\"--awb-padding-top:20px;--awb-padding-right:20px;--awb-padding-bottom:20px;--awb-padding-left:20px;--awb-bg-size:cover;--awb-border-color:#eaeaea;--awb-border-top:1px;--awb-border-right:1px;--awb-border-bottom:1px;--awb-border-left:1px;--awb-border-style:solid;width:50%;width:calc(50% - ( ( 40px ) * 0.5 ) );margin-right: 40px;\"><div class=\"fusion-column-wrapper fusion-column-has-shadow fusion-flex-column-wrapper-legacy\"><div class=\"fusion-title title fusion-title-3 fusion-sep-none fusion-title-text fusion-title-size-five\" style=\"--awb-margin-bottom:20px;\"><h5 class=\"fusion-title-heading title-heading-left fusion-responsive-typography-calculated\" style=\"margin:0;--fontSize:20;--minFontSize:20;line-height:1.2;\">BROCHURA<\/h5><\/div><div class=\"fusion-text fusion-text-4\"><p><i class=\"fb-icon-element-1 fb-icon-element fontawesome-icon fa-book fas circle-no fusion-text-flow\" style=\"--awb-iconcolor:#606060;--awb-iconcolor-hover:#606060;--awb-font-size:32px;--awb-margin-right:20px;\"><\/i><a class=\"download-link\" title=\"\" href=\"https:\/\/www.corob.com\/pt-br\/download\/19981\/\" rel=\"nofollow\">\n\tN15J Brochure English<\/a><\/p>\n<\/div><div class=\"fusion-clearfix\"><\/div><\/div><\/div><\/div><div class=\"fusion-clearfix\"><\/div><\/div><\/div><\/div><\/div><\/p>\n","protected":false},"excerpt":{"rendered":"<h2>O Footprint mais compacto para dosagem de pequenos lotes<\/h2>\n[fusion_checklist icon=\"fa-check fas\" iconcolor=\"#cf102d\" circle=\"no\" circlecolor=\"\" size=\"\" divider=\"no\" divider_color=\"\" hide_on_mobile=\"small-visibility,medium-visibility,large-visibility\" class=\"\" id=\"\"][fusion_li_item icon=\"\"]<strong>ALTO DESEMPENHO<\/strong><br \/>\nDosagem simplificada e precisa sem v\u00e1lvulas m\u00f3veis para retardar o processo[\/fusion_li_item][fusion_li_item icon=\"\"]<strong>ADAPTATIVO<\/strong><br \/>\nNovo algoritmo de dosagem exclusivo que aprende e ajusta para otimizar velocidade e precis\u00e3o[\/fusion_li_item][fusion_li_item icon=\"\"]<strong>CONFI\u00c1VEL<\/strong><br \/>\nTecnologia comprovada na ind\u00fastria garante tempo de inatividade m\u00ednimo com produ\u00e7\u00e3o de lotes consistente e precisa[\/fusion_li_item][fusion_li_item icon=\"\"]<strong>JUST-IN-TIME<\/strong><br \/>\nProduz apenas a quantidade necess\u00e1ria, reduzindo desperd\u00edcio e minimizando stock de produtos acabados[\/fusion_li_item]<br \/>\n[\/fusion_checklist]\n","protected":false},"featured_media":20521,"template":"","meta":{"_acf_changed":false},"product_brand":[],"product_cat":[573],"product_tag":[],"class_list":{"0":"post-26473","1":"product","2":"type-product","3":"status-publish","4":"has-post-thumbnail","6":"product_cat-sistemas-novaflow","8":"first","9":"instock","10":"shipping-taxable","11":"product-type-simple"},"acf":[],"yoast_head":"<!-- This site is optimized with the Yoast SEO plugin v25.5 - https:\/\/yoast.com\/wordpress\/plugins\/seo\/ -->\n<title>N15J: um dispensador compacto para dosagem de pequenos lotes<\/title>\n<meta name=\"description\" content=\"Descobre o N15J: um dispensador autom\u00e1tico compacto e de alta precis\u00e3o baseado em peso para produ\u00e7\u00e3o de pequenos lotes e efici\u00eancia just-in-time.\" \/>\n<meta name=\"robots\" content=\"index, follow, max-snippet:-1, max-image-preview:large, max-video-preview:-1\" \/>\n<link rel=\"canonical\" href=\"https:\/\/www.corob.com\/pt-br\/products\/sistemas-novaflow\/n15j-2\/\" \/>\n<meta property=\"og:locale\" content=\"pt_BR\" \/>\n<meta property=\"og:type\" content=\"article\" \/>\n<meta property=\"og:title\" content=\"N15J: um dispensador compacto para dosagem de pequenos lotes\" \/>\n<meta property=\"og:description\" content=\"Descobre o N15J: um dispensador autom\u00e1tico compacto e de alta precis\u00e3o baseado em peso para produ\u00e7\u00e3o de pequenos lotes e efici\u00eancia just-in-time.\" \/>\n<meta property=\"og:url\" content=\"https:\/\/www.corob.com\/pt-br\/products\/sistemas-novaflow\/n15j-2\/\" \/>\n<meta property=\"og:site_name\" content=\"COROB\" \/>\n<meta property=\"article:modified_time\" content=\"2025-11-21T14:17:01+00:00\" \/>\n<meta property=\"og:image\" content=\"https:\/\/www.corob.com\/wp-content\/uploads\/2025\/05\/N15J-1.png\" \/>\n\t<meta property=\"og:image:width\" content=\"1200\" \/>\n\t<meta property=\"og:image:height\" content=\"1200\" \/>\n\t<meta property=\"og:image:type\" content=\"image\/png\" \/>\n<meta name=\"twitter:card\" content=\"summary_large_image\" \/>\n<meta name=\"twitter:label1\" content=\"Est. tempo de leitura\" \/>\n\t<meta name=\"twitter:data1\" content=\"3 minutos\" \/>\n<script type=\"application\/ld+json\" class=\"yoast-schema-graph\">{\"@context\":\"https:\/\/schema.org\",\"@graph\":[{\"@type\":\"WebPage\",\"@id\":\"https:\/\/www.corob.com\/pt-br\/products\/sistemas-novaflow\/n15j-2\/\",\"url\":\"https:\/\/www.corob.com\/pt-br\/products\/sistemas-novaflow\/n15j-2\/\",\"name\":\"N15J: um dispensador compacto para dosagem de pequenos lotes\",\"isPartOf\":{\"@id\":\"https:\/\/www.corob.com\/pt-br\/#website\"},\"primaryImageOfPage\":{\"@id\":\"https:\/\/www.corob.com\/pt-br\/products\/sistemas-novaflow\/n15j-2\/#primaryimage\"},\"image\":{\"@id\":\"https:\/\/www.corob.com\/pt-br\/products\/sistemas-novaflow\/n15j-2\/#primaryimage\"},\"thumbnailUrl\":\"https:\/\/www.corob.com\/wp-content\/uploads\/2025\/05\/N15J-1.png\",\"datePublished\":\"2025-11-13T13:02:02+00:00\",\"dateModified\":\"2025-11-21T14:17:01+00:00\",\"description\":\"Descobre o N15J: um dispensador autom\u00e1tico compacto e de alta precis\u00e3o baseado em peso para produ\u00e7\u00e3o de pequenos lotes e efici\u00eancia just-in-time.\",\"breadcrumb\":{\"@id\":\"https:\/\/www.corob.com\/pt-br\/products\/sistemas-novaflow\/n15j-2\/#breadcrumb\"},\"inLanguage\":\"pt-BR\",\"potentialAction\":[{\"@type\":\"ReadAction\",\"target\":[\"https:\/\/www.corob.com\/pt-br\/products\/sistemas-novaflow\/n15j-2\/\"]}]},{\"@type\":\"ImageObject\",\"inLanguage\":\"pt-BR\",\"@id\":\"https:\/\/www.corob.com\/pt-br\/products\/sistemas-novaflow\/n15j-2\/#primaryimage\",\"url\":\"https:\/\/www.corob.com\/wp-content\/uploads\/2025\/05\/N15J-1.png\",\"contentUrl\":\"https:\/\/www.corob.com\/wp-content\/uploads\/2025\/05\/N15J-1.png\",\"width\":1200,\"height\":1200,\"caption\":\"NOVAFLOW N15J automatic weight-based dispenser\"},{\"@type\":\"BreadcrumbList\",\"@id\":\"https:\/\/www.corob.com\/pt-br\/products\/sistemas-novaflow\/n15j-2\/#breadcrumb\",\"itemListElement\":[{\"@type\":\"ListItem\",\"position\":1,\"name\":\"Home\",\"item\":\"https:\/\/www.corob.com\/pt-br\/\"},{\"@type\":\"ListItem\",\"position\":2,\"name\":\"PRODUTOS\",\"item\":\"https:\/\/www.corob.com\/pt-br\/produtos\/\"},{\"@type\":\"ListItem\",\"position\":3,\"name\":\"N15J\"}]},{\"@type\":\"WebSite\",\"@id\":\"https:\/\/www.corob.com\/pt-br\/#website\",\"url\":\"https:\/\/www.corob.com\/pt-br\/\",\"name\":\"COROB\",\"description\":\"High-tech dispensing and mixing solutions for paints and coatings systems\",\"publisher\":{\"@id\":\"https:\/\/www.corob.com\/pt-br\/#organization\"},\"potentialAction\":[{\"@type\":\"SearchAction\",\"target\":{\"@type\":\"EntryPoint\",\"urlTemplate\":\"https:\/\/www.corob.com\/pt-br\/?s={search_term_string}\"},\"query-input\":{\"@type\":\"PropertyValueSpecification\",\"valueRequired\":true,\"valueName\":\"search_term_string\"}}],\"inLanguage\":\"pt-BR\"},{\"@type\":\"Organization\",\"@id\":\"https:\/\/www.corob.com\/pt-br\/#organization\",\"name\":\"COROB\",\"url\":\"https:\/\/www.corob.com\/pt-br\/\",\"logo\":{\"@type\":\"ImageObject\",\"inLanguage\":\"pt-BR\",\"@id\":\"https:\/\/www.corob.com\/pt-br\/#\/schema\/logo\/image\/\",\"url\":\"https:\/\/www.corob.com\/wp-content\/uploads\/2020\/01\/COROB-240.png\",\"contentUrl\":\"https:\/\/www.corob.com\/wp-content\/uploads\/2020\/01\/COROB-240.png\",\"width\":240,\"height\":73,\"caption\":\"COROB\"},\"image\":{\"@id\":\"https:\/\/www.corob.com\/pt-br\/#\/schema\/logo\/image\/\"},\"sameAs\":[\"https:\/\/www.linkedin.com\/company\/corob\/\",\"https:\/\/www.youtube.com\/channel\/UCxnFt4FEhuhdm87NAb27qBQ\"]}]}<\/script>\n<!-- \/ Yoast SEO plugin. -->","yoast_head_json":{"title":"N15J: um dispensador compacto para dosagem de pequenos lotes","description":"Descobre o N15J: um dispensador autom\u00e1tico compacto e de alta precis\u00e3o baseado em peso para produ\u00e7\u00e3o de pequenos lotes e efici\u00eancia just-in-time.","robots":{"index":"index","follow":"follow","max-snippet":"max-snippet:-1","max-image-preview":"max-image-preview:large","max-video-preview":"max-video-preview:-1"},"canonical":"https:\/\/www.corob.com\/pt-br\/products\/sistemas-novaflow\/n15j-2\/","og_locale":"pt_BR","og_type":"article","og_title":"N15J: um dispensador compacto para dosagem de pequenos lotes","og_description":"Descobre o N15J: um dispensador autom\u00e1tico compacto e de alta precis\u00e3o baseado em peso para produ\u00e7\u00e3o de pequenos lotes e efici\u00eancia just-in-time.","og_url":"https:\/\/www.corob.com\/pt-br\/products\/sistemas-novaflow\/n15j-2\/","og_site_name":"COROB","article_modified_time":"2025-11-21T14:17:01+00:00","og_image":[{"width":1200,"height":1200,"url":"https:\/\/www.corob.com\/wp-content\/uploads\/2025\/05\/N15J-1.png","type":"image\/png"}],"twitter_card":"summary_large_image","twitter_misc":{"Est. tempo de leitura":"3 minutos"},"schema":{"@context":"https:\/\/schema.org","@graph":[{"@type":"WebPage","@id":"https:\/\/www.corob.com\/pt-br\/products\/sistemas-novaflow\/n15j-2\/","url":"https:\/\/www.corob.com\/pt-br\/products\/sistemas-novaflow\/n15j-2\/","name":"N15J: um dispensador compacto para dosagem de pequenos lotes","isPartOf":{"@id":"https:\/\/www.corob.com\/pt-br\/#website"},"primaryImageOfPage":{"@id":"https:\/\/www.corob.com\/pt-br\/products\/sistemas-novaflow\/n15j-2\/#primaryimage"},"image":{"@id":"https:\/\/www.corob.com\/pt-br\/products\/sistemas-novaflow\/n15j-2\/#primaryimage"},"thumbnailUrl":"https:\/\/www.corob.com\/wp-content\/uploads\/2025\/05\/N15J-1.png","datePublished":"2025-11-13T13:02:02+00:00","dateModified":"2025-11-21T14:17:01+00:00","description":"Descobre o N15J: um dispensador autom\u00e1tico compacto e de alta precis\u00e3o baseado em peso para produ\u00e7\u00e3o de pequenos lotes e efici\u00eancia just-in-time.","breadcrumb":{"@id":"https:\/\/www.corob.com\/pt-br\/products\/sistemas-novaflow\/n15j-2\/#breadcrumb"},"inLanguage":"pt-BR","potentialAction":[{"@type":"ReadAction","target":["https:\/\/www.corob.com\/pt-br\/products\/sistemas-novaflow\/n15j-2\/"]}]},{"@type":"ImageObject","inLanguage":"pt-BR","@id":"https:\/\/www.corob.com\/pt-br\/products\/sistemas-novaflow\/n15j-2\/#primaryimage","url":"https:\/\/www.corob.com\/wp-content\/uploads\/2025\/05\/N15J-1.png","contentUrl":"https:\/\/www.corob.com\/wp-content\/uploads\/2025\/05\/N15J-1.png","width":1200,"height":1200,"caption":"NOVAFLOW N15J automatic weight-based dispenser"},{"@type":"BreadcrumbList","@id":"https:\/\/www.corob.com\/pt-br\/products\/sistemas-novaflow\/n15j-2\/#breadcrumb","itemListElement":[{"@type":"ListItem","position":1,"name":"Home","item":"https:\/\/www.corob.com\/pt-br\/"},{"@type":"ListItem","position":2,"name":"PRODUTOS","item":"https:\/\/www.corob.com\/pt-br\/produtos\/"},{"@type":"ListItem","position":3,"name":"N15J"}]},{"@type":"WebSite","@id":"https:\/\/www.corob.com\/pt-br\/#website","url":"https:\/\/www.corob.com\/pt-br\/","name":"COROB","description":"High-tech dispensing and mixing solutions for paints and coatings systems","publisher":{"@id":"https:\/\/www.corob.com\/pt-br\/#organization"},"potentialAction":[{"@type":"SearchAction","target":{"@type":"EntryPoint","urlTemplate":"https:\/\/www.corob.com\/pt-br\/?s={search_term_string}"},"query-input":{"@type":"PropertyValueSpecification","valueRequired":true,"valueName":"search_term_string"}}],"inLanguage":"pt-BR"},{"@type":"Organization","@id":"https:\/\/www.corob.com\/pt-br\/#organization","name":"COROB","url":"https:\/\/www.corob.com\/pt-br\/","logo":{"@type":"ImageObject","inLanguage":"pt-BR","@id":"https:\/\/www.corob.com\/pt-br\/#\/schema\/logo\/image\/","url":"https:\/\/www.corob.com\/wp-content\/uploads\/2020\/01\/COROB-240.png","contentUrl":"https:\/\/www.corob.com\/wp-content\/uploads\/2020\/01\/COROB-240.png","width":240,"height":73,"caption":"COROB"},"image":{"@id":"https:\/\/www.corob.com\/pt-br\/#\/schema\/logo\/image\/"},"sameAs":["https:\/\/www.linkedin.com\/company\/corob\/","https:\/\/www.youtube.com\/channel\/UCxnFt4FEhuhdm87NAb27qBQ"]}]}},"_links":{"self":[{"href":"https:\/\/www.corob.com\/pt-br\/wp-json\/wp\/v2\/product\/26473","targetHints":{"allow":["GET"]}}],"collection":[{"href":"https:\/\/www.corob.com\/pt-br\/wp-json\/wp\/v2\/product"}],"about":[{"href":"https:\/\/www.corob.com\/pt-br\/wp-json\/wp\/v2\/types\/product"}],"wp:featuredmedia":[{"embeddable":true,"href":"https:\/\/www.corob.com\/pt-br\/wp-json\/wp\/v2\/media\/20521"}],"wp:attachment":[{"href":"https:\/\/www.corob.com\/pt-br\/wp-json\/wp\/v2\/media?parent=26473"}],"wp:term":[{"taxonomy":"product_brand","embeddable":true,"href":"https:\/\/www.corob.com\/pt-br\/wp-json\/wp\/v2\/product_brand?post=26473"},{"taxonomy":"product_cat","embeddable":true,"href":"https:\/\/www.corob.com\/pt-br\/wp-json\/wp\/v2\/product_cat?post=26473"},{"taxonomy":"product_tag","embeddable":true,"href":"https:\/\/www.corob.com\/pt-br\/wp-json\/wp\/v2\/product_tag?post=26473"}],"curies":[{"name":"wp","href":"https:\/\/api.w.org\/{rel}","templated":true}]}}