{"id":26482,"date":"2025-11-13T13:19:48","date_gmt":"2025-11-13T13:19:48","guid":{"rendered":"https:\/\/www.corob.com\/products\/uncategorized\/n10\/"},"modified":"2025-11-13T13:19:49","modified_gmt":"2025-11-13T13:19:49","slug":"n10","status":"publish","type":"product","link":"https:\/\/www.corob.com\/pt-br\/products\/sistemas-novaflow\/n10\/","title":{"rendered":"N10"},"content":{"rendered":"<p><div class=\"fusion-fullwidth fullwidth-box fusion-builder-row-1 fusion-flex-container has-pattern-background has-mask-background nonhundred-percent-fullwidth non-hundred-percent-height-scrolling\" style=\"--awb-border-radius-top-left:0px;--awb-border-radius-top-right:0px;--awb-border-radius-bottom-right:0px;--awb-border-radius-bottom-left:0px;--awb-flex-wrap:wrap;\" id=\"Container-Exceptional\" ><div class=\"fusion-builder-row fusion-row fusion-flex-align-items-flex-start fusion-flex-content-wrap\" style=\"max-width:1456px;margin-left: calc(-4% \/ 2 );margin-right: calc(-4% \/ 2 );\"><div class=\"fusion-layout-column fusion_builder_column fusion-builder-column-0 fusion_builder_column_1_1 1_1 fusion-flex-column\" style=\"--awb-bg-size:cover;--awb-width-large:100%;--awb-margin-top-large:0px;--awb-spacing-right-large:1.92%;--awb-margin-bottom-large:20px;--awb-spacing-left-large:1.92%;--awb-width-medium:100%;--awb-order-medium:0;--awb-spacing-right-medium:1.92%;--awb-spacing-left-medium:1.92%;--awb-width-small:100%;--awb-order-small:0;--awb-spacing-right-small:1.92%;--awb-spacing-left-small:1.92%;\"><div class=\"fusion-column-wrapper fusion-column-has-shadow fusion-flex-justify-content-flex-start fusion-content-layout-column\"><div class=\"fusion-text fusion-text-1\" style=\"--awb-content-alignment:center;--awb-font-size:28px;\"><p>A fam\u00edlia de produtos N10 oferece <strong>sistemas de formula\u00e7\u00e3o manual<\/strong> <strong>completos<\/strong> (SMARTSCALE) projetados para atender \u00e0s necessidades de produ\u00e7\u00e3o de uma ampla variedade de aplica\u00e7\u00f5es de composi\u00e7\u00e3o e mistura manual.<\/p>\n<\/div><\/div><\/div><\/div><\/div><div class=\"fusion-fullwidth fullwidth-box fusion-builder-row-2 has-pattern-background has-mask-background nonhundred-percent-fullwidth non-hundred-percent-height-scrolling\" style=\"--awb-border-radius-top-left:0px;--awb-border-radius-top-right:0px;--awb-border-radius-bottom-right:0px;--awb-border-radius-bottom-left:0px;--awb-flex-wrap:wrap;\" id=\"Container-Features\" ><div class=\"fusion-builder-row fusion-row\"><div class=\"fusion-layout-column fusion_builder_column fusion-builder-column-1 fusion_builder_column_1_1 1_1 fusion-one-full fusion-column-first fusion-column-last\" style=\"--awb-bg-size:cover;\"><div class=\"fusion-column-wrapper fusion-column-has-shadow fusion-flex-column-wrapper-legacy\"><div class=\"fusion-text fusion-text-2\"><p>Esses sistemas fornecem uma solu\u00e7\u00e3o <strong>confi\u00e1vel<\/strong> e <strong>econ\u00f4mica<\/strong> para gerenciamento de f\u00f3rmulas e invent\u00e1rio, bem como <strong>mistura manual em lote e composi\u00e7\u00e3o<\/strong>.<\/p>\n<p>Cada sistema <strong>N10S<\/strong> \u00e9 uma unidade completa e independente que inclui um computador de n\u00edvel industrial, software NOVABLEND e uma balan\u00e7a eletr\u00f4nica. O operador simplesmente seleciona a f\u00f3rmula desejada, e o sistema o guia pelo processo com instru\u00e7\u00f5es na tela, indicando a quantidade precisa de cada componente a ser dispensado. Assist\u00eancia ac\u00fastica e gr\u00e1fica garante precis\u00e3o durante todo o processo de pesagem.  <\/p>\n<p>A balan\u00e7a integrada controlada por computador pode se conectar a uma ampla gama de plataformas de pesagem, permitindo personaliza\u00e7\u00e3o com base no ambiente, tamanho do lote e precis\u00e3o necess\u00e1ria. Est\u00e3o dispon\u00edveis v\u00e1rias capacidades de balan\u00e7a, resolu\u00e7\u00f5es e prote\u00e7\u00f5es ambientais, incluindo op\u00e7\u00f5es certificadas para lavagem. Acess\u00f3rios opcionais incluem leitores de c\u00f3digo de barras e impressoras de etiquetas.  <\/p>\n<p>O <strong>N10S<\/strong> est\u00e1 dispon\u00edvel nas vers\u00f5es <strong>Desktop<\/strong> e <strong>Industrial<\/strong>, ambas destinadas ao uso em ambientes n\u00e3o perigosos. Para opera\u00e7\u00f5es em \u00e1reas classificadas como perigosas, a variante <strong>N10SX<\/strong> \u00e9 a solu\u00e7\u00e3o ideal. \u00c9 certificada e eletricamente aterrada para ambientes FM Classe 1\/Divis\u00e3o 1, IECx e ATEX Zona 1\/21, e inclui hardware especializado para opera\u00e7\u00e3o segura nessas condi\u00e7\u00f5es.  <\/p>\n<p>Seja em ambientes padr\u00e3o ou perigosos, os sistemas N10S e N10SX oferecem uma <strong>solu\u00e7\u00e3o escal\u00e1vel e f\u00e1cil de usar<\/strong> que cresce com suas necessidades de produ\u00e7\u00e3o.<\/p>\n<\/div><div class=\"fusion-clearfix\"><\/div><\/div><\/div><div class=\"fusion-layout-column fusion_builder_column fusion-builder-column-2 fusion_builder_column_1_2 1_2 fusion-one-half fusion-column-first\" style=\"--awb-bg-size:cover;width:50%;width:calc(50% - ( ( 4% ) * 0.5 ) );margin-right: 4%;\"><div class=\"fusion-column-wrapper fusion-column-has-shadow fusion-flex-column-wrapper-legacy\"><div class=\"fusion-text fusion-text-3\"><ul>\n<li>Software de gerenciamento de materiais NOVABLEND n\u00edvel 1 Enterprise<\/li>\n<li>Assist\u00eancia de pesagem ac\u00fastica e gr\u00e1fica<\/li>\n<li>Reformula\u00e7\u00e3o automatizada para adi\u00e7\u00f5es acidentais<\/li>\n<li>Bancos de dados de materiais, f\u00f3rmulas e ordens de trabalho<\/li>\n<\/ul>\n<\/div><div class=\"fusion-clearfix\"><\/div><\/div><\/div><div class=\"fusion-layout-column fusion_builder_column fusion-builder-column-3 fusion_builder_column_1_2 1_2 fusion-one-half fusion-column-last\" style=\"--awb-bg-size:cover;width:50%;width:calc(50% - ( ( 4% ) * 0.5 ) );\"><div class=\"fusion-column-wrapper fusion-column-has-shadow fusion-flex-column-wrapper-legacy\"><div class=\"fusion-text fusion-text-4\"><ul>\n<li>Relat\u00f3rios ambientais \/ VOC (N10SX)<\/li>\n<li>Acesso remoto e rede multi-usu\u00e1rio<\/li>\n<li>Leitores de c\u00f3digo de barras e impressoras de etiquetas opcionais<\/li>\n<li>Escal\u00e1vel para dispensa\u00e7\u00e3o totalmente automatizada com circuitos de bomba<\/li>\n<\/ul>\n<\/div><div class=\"fusion-clearfix\"><\/div><\/div><\/div><\/div><\/div><div class=\"fusion-fullwidth fullwidth-box fusion-builder-row-3 has-pattern-background has-mask-background nonhundred-percent-fullwidth non-hundred-percent-height-scrolling\" style=\"--awb-border-radius-top-left:0px;--awb-border-radius-top-right:0px;--awb-border-radius-bottom-right:0px;--awb-border-radius-bottom-left:0px;--awb-padding-bottom:20px;--awb-flex-wrap:wrap;\" id=\"Container-Technical-Data\" ><div class=\"fusion-builder-row fusion-row\"><div class=\"fusion-layout-column fusion_builder_column fusion-builder-column-4 fusion_builder_column_1_2 1_2 fusion-one-half fusion-column-first\" style=\"--awb-bg-size:cover;width:48%; margin-right: 4%;\"><div class=\"fusion-column-wrapper fusion-column-has-shadow fusion-flex-column-wrapper-legacy\"><div class=\"fusion-title title fusion-title-1 fusion-sep-none fusion-title-text fusion-title-size-three\"><h3 class=\"fusion-title-heading title-heading-left fusion-responsive-typography-calculated\" style=\"margin:0;--fontSize:28;--minFontSize:28;line-height:1.2;\">Dados t\u00e9cnicos<\/h3><\/div><div class=\"fusion-clearfix\"><\/div><\/div><\/div><div class=\"fusion-layout-column fusion_builder_column fusion-builder-column-5 fusion_builder_column_1_1 1_1 fusion-one-full fusion-column-last\" style=\"--awb-bg-size:cover;--awb-margin-bottom:0px;\"><div class=\"fusion-column-wrapper fusion-flex-column-wrapper-legacy\">\n<div class=\"table-1\">\n<table width=\"100%\">\n<tbody>\n<tr>\n<td align=\"left\" width=\"22%\"><\/td>\n<td align=\"center\" width=\"26%\"><strong>N10S (Desktop)<\/strong><\/td>\n<td align=\"center\" width=\"26%\"><strong>N10S (Industrial)<\/strong><\/td>\n<td align=\"center\" width=\"26%\"><strong>N10SX<\/strong><\/td>\n<\/tr>\n<tr>\n<td align=\"left\">Ambiente de trabalho<\/td>\n<td align=\"left\">N\u00e3o perigoso<\/td>\n<td align=\"left\">N\u00e3o perigoso<\/td>\n<td align=\"left\">Perigoso<\/td>\n<\/tr>\n<tr>\n<td align=\"left\">Tipo de dispensa\u00e7\u00e3o<\/td>\n<td align=\"left\">Sequencial<\/td>\n<td align=\"left\">Sequencial<\/td>\n<td align=\"left\">Sequencial<\/td>\n<\/tr>\n<tr>\n<td align=\"left\">Capacidade da balan\u00e7a [lbs] (kg)<\/td>\n<td align=\"left\">12 \u2013 6000 [6 &#8211; 3000]<\/td>\n<td align=\"left\">12 \u2013 6000 [6 &#8211; 3000]<\/td>\n<td align=\"left\">12 \u2013 6000 [6 &#8211; 3000]<\/td>\n<\/tr>\n<tr>\n<td align=\"left\">Resolu\u00e7\u00e3o da balan\u00e7a<\/td>\n<td align=\"left\">\u00b10,0002 &#8211; 0,01 lbs [\u00b10,1 &#8211; 5g]<\/td>\n<td align=\"left\">\u00b10,0002 &#8211; 0,01 lbs [\u00b10,1 &#8211; 5g]<\/td>\n<td align=\"left\">\u00b10,0002 &#8211; 0,01 lbs [\u00b10,1 &#8211; 5g]<\/td>\n<\/tr>\n<tr>\n<td align=\"left\">Dimensions HxLxD [in] (mm)<\/td>\n<td align=\"left\">34 x 20 x 18 (864 x 508 x 457)<\/td>\n<td align=\"left\">48 x 20 x 75 (1219 x 508 x 1905)<\/td>\n<td align=\"left\">48 x 20 x 75 (1219 x 508 x 1905)<\/td>\n<\/tr>\n<tr>\n<td align=\"left\">Footprint [sq ft] (sqm)*<\/td>\n<td align=\"left\">4,7 (0,4)<\/td>\n<td align=\"left\">6,7 (0,6)<\/td>\n<td align=\"left\">6,7 (0,6)<\/td>\n<\/tr>\n<tr>\n<td align=\"left\">Peso [lbs] (kg)*<\/td>\n<td align=\"left\">25 (11)<\/td>\n<td align=\"left\">270 (122)<\/td>\n<td align=\"left\">270 (122)<\/td>\n<\/tr>\n<tr>\n<td align=\"left\">Fonte de alimenta\u00e7\u00e3o<\/td>\n<td align=\"left\">110 \/ 220 Vac, 50-60 Hz, fus\u00edvel de 10A, monof\u00e1sico<\/td>\n<td align=\"left\">110 \/ 220 Vac, 50-60 Hz, fus\u00edvel de 10A, monof\u00e1sico<\/td>\n<td align=\"left\">110 \/ 220 Vac, 50-60 Hz, fus\u00edvel de 10A, monof\u00e1sico<\/td>\n<\/tr>\n<tr>\n<td align=\"left\">Fornecimento de ar comprimido<\/td>\n<td align=\"left\">N\u00e3o necess\u00e1rio<\/td>\n<td align=\"left\">N\u00e3o necess\u00e1rio<\/td>\n<td align=\"left\">5 scfm@90psi<\/td>\n<\/tr>\n<tr>\n<td align=\"left\">Conectividade (para servi\u00e7o remoto)<\/td>\n<td align=\"left\">Ethernet<\/td>\n<td align=\"left\">Ethernet<\/td>\n<td align=\"left\">Ethernet<\/td>\n<\/tr>\n<tr>\n<td align=\"left\">Certifica\u00e7\u00f5es<\/td>\n<td align=\"left\">CE, ESA, CSA, UL<\/td>\n<td align=\"left\">CE, ESA, CSA, UL<\/td>\n<td align=\"left\">CE, ESA, CSA, UL, FM Classe 1\/Divis\u00e3o 1, IECx e ATEX Zona 1\/2<\/td>\n<\/tr>\n<\/tbody>\n<\/table>\n<\/div>\n<div class=\"fusion-text fusion-text-5\"><p><em>* Valores dependentes da sele\u00e7\u00e3o da balan\u00e7a, especifica\u00e7\u00f5es para sistemas N10 indicadas.<br \/>\n<\/em>Nota: os dados referem-se \u00e0 configura\u00e7\u00e3o base da m\u00e1quina, os valores podem variar de acordo com diferentes especifica\u00e7\u00f5es.<\/p>\n<\/div><div class=\"fusion-clearfix\"><\/div><\/div><\/div><\/div><\/div><div class=\"fusion-fullwidth fullwidth-box fusion-builder-row-4 has-pattern-background has-mask-background nonhundred-percent-fullwidth non-hundred-percent-height-scrolling\" style=\"--awb-border-radius-top-left:0px;--awb-border-radius-top-right:0px;--awb-border-radius-bottom-right:0px;--awb-border-radius-bottom-left:0px;--awb-padding-top:20px;--awb-padding-bottom:20px;--awb-flex-wrap:wrap;\" id=\"Container-Download-Area\" ><div class=\"fusion-builder-row fusion-row\"><div class=\"fusion-layout-column fusion_builder_column fusion-builder-column-6 fusion_builder_column_1_2 1_2 fusion-one-half fusion-column-first\" style=\"--awb-bg-size:cover;width:48%; margin-right: 4%;\"><div class=\"fusion-column-wrapper fusion-column-has-shadow fusion-flex-column-wrapper-legacy\"><div class=\"fusion-title title fusion-title-2 fusion-sep-none fusion-title-text fusion-title-size-three\"><h3 class=\"fusion-title-heading title-heading-left fusion-responsive-typography-calculated\" style=\"margin:0;--fontSize:28;--minFontSize:28;line-height:1.2;\">\u00c1rea de download<\/h3><\/div><div class=\"fusion-clearfix\"><\/div><\/div><\/div><div class=\"fusion-layout-column fusion_builder_column fusion-builder-column-7 fusion_builder_column_1_1 1_1 fusion-one-full fusion-column-last\" style=\"--awb-bg-size:cover;--awb-margin-bottom:0px;\"><div class=\"fusion-column-wrapper fusion-flex-column-wrapper-legacy\"><div class=\"fusion-builder-row fusion-builder-row-inner fusion-row\"><div class=\"fusion-layout-column fusion_builder_column_inner fusion-builder-nested-column-0 fusion_builder_column_inner_1_2 1_2 fusion-one-half fusion-column-first\" style=\"--awb-padding-top:20px;--awb-padding-right:20px;--awb-padding-bottom:20px;--awb-padding-left:20px;--awb-bg-size:cover;--awb-border-color:#eaeaea;--awb-border-top:1px;--awb-border-right:1px;--awb-border-bottom:1px;--awb-border-left:1px;--awb-border-style:solid;width:50%;width:calc(50% - ( ( 40px ) * 0.5 ) );margin-right: 40px;\"><div class=\"fusion-column-wrapper fusion-column-has-shadow fusion-flex-column-wrapper-legacy\"><div class=\"fusion-title title fusion-title-3 fusion-sep-none fusion-title-text fusion-title-size-five\" style=\"--awb-margin-bottom:20px;\"><h5 class=\"fusion-title-heading title-heading-left fusion-responsive-typography-calculated\" style=\"margin:0;--fontSize:20;--minFontSize:20;line-height:1.2;\">BROCHURA<\/h5><\/div><div class=\"fusion-text fusion-text-6\"><p><i class=\"fb-icon-element-1 fb-icon-element fontawesome-icon fa-book fas circle-no fusion-text-flow\" style=\"--awb-iconcolor:#606060;--awb-iconcolor-hover:#606060;--awb-font-size:32px;--awb-margin-right:20px;\"><\/i> <a class=\"download-link\" title=\"\" href=\"https:\/\/www.corob.com\/pt-br\/download\/10027\/\" rel=\"nofollow\">\n\tN10 Brochure English<\/a><\/p>\n<\/div><div class=\"fusion-clearfix\"><\/div><\/div><\/div><\/div><div class=\"fusion-clearfix\"><\/div><\/div><\/div><\/div><\/div><\/p>\n","protected":false},"excerpt":{"rendered":"<h2>Gerenciamento de f\u00f3rmulas para mistura manual em lote e composi\u00e7\u00e3o<\/h2>\n[fusion_checklist icon=\"fa-check fas\" iconcolor=\"#cf102d\" circle=\"no\" circlecolor=\"\" size=\"\" divider=\"no\" divider_color=\"\" hide_on_mobile=\"small-visibility,medium-visibility,large-visibility\" class=\"\" id=\"\"][fusion_li_item icon=\"\"]<strong>PRODU\u00c7\u00c3O JUST-IN-TIME<\/strong><br \/>\nProduza apenas a quantidade necess\u00e1ria, quando precisar, reduzindo desperd\u00edcios e estoques de produtos acabados[\/fusion_li_item][fusion_li_item icon=\"\"]<strong>F\u00c1CIL DE USAR<\/strong><br \/>\nSoftware intuitivo oferece recursos completos de formula\u00e7\u00e3o, invent\u00e1rio e relat\u00f3rios[\/fusion_li_item][fusion_li_item icon=\"\"]<strong>CONFI\u00c1VEL<\/strong><br \/>\nTecnologia comprovada na ind\u00fastria resulta em tempo m\u00ednimo de inatividade, proporcionando produ\u00e7\u00e3o em lote precisa e repet\u00edvel[\/fusion_li_item][fusion_li_item icon=\"\"]<strong>CUSTO REDUZIDO<\/strong><br \/>\nMenos desperd\u00edcio, invent\u00e1rio de materiais reduzido[\/fusion_li_item]<br \/>\n[\/fusion_checklist]\n","protected":false},"featured_media":20528,"template":"","meta":{"_acf_changed":false},"product_brand":[],"product_cat":[573],"product_tag":[],"class_list":{"0":"post-26482","1":"product","2":"type-product","3":"status-publish","4":"has-post-thumbnail","6":"product_cat-sistemas-novaflow","8":"first","9":"instock","10":"shipping-taxable","11":"product-type-simple"},"acf":[],"yoast_head":"<!-- This site is optimized with the Yoast SEO plugin v25.5 - https:\/\/yoast.com\/wordpress\/plugins\/seo\/ -->\n<title>Mistura manual em lote com o sistema N10<\/title>\n<meta name=\"description\" content=\"Conhe\u00e7a o N10: uma solu\u00e7\u00e3o escal\u00e1vel e certificada para mistura manual em lote com o software NOVABLEND, produ\u00e7\u00e3o just-in-time e controle total de f\u00f3rmulas.\" \/>\n<meta name=\"robots\" content=\"index, follow, max-snippet:-1, max-image-preview:large, max-video-preview:-1\" \/>\n<link rel=\"canonical\" href=\"https:\/\/www.corob.com\/pt-br\/products\/sistemas-novaflow\/n10\/\" \/>\n<meta property=\"og:locale\" content=\"pt_BR\" \/>\n<meta property=\"og:type\" content=\"article\" \/>\n<meta property=\"og:title\" content=\"Mistura manual em lote com o sistema N10\" \/>\n<meta property=\"og:description\" content=\"Conhe\u00e7a o N10: uma solu\u00e7\u00e3o escal\u00e1vel e certificada para mistura manual em lote com o software NOVABLEND, produ\u00e7\u00e3o just-in-time e controle total de f\u00f3rmulas.\" \/>\n<meta property=\"og:url\" content=\"https:\/\/www.corob.com\/pt-br\/products\/sistemas-novaflow\/n10\/\" \/>\n<meta property=\"og:site_name\" content=\"COROB\" \/>\n<meta property=\"article:modified_time\" content=\"2025-11-13T13:19:49+00:00\" \/>\n<meta property=\"og:image\" content=\"https:\/\/www.corob.com\/wp-content\/uploads\/2020\/01\/N10S-2.png\" \/>\n\t<meta property=\"og:image:width\" content=\"1200\" \/>\n\t<meta property=\"og:image:height\" content=\"1200\" \/>\n\t<meta property=\"og:image:type\" content=\"image\/png\" \/>\n<meta name=\"twitter:card\" content=\"summary_large_image\" \/>\n<meta name=\"twitter:label1\" content=\"Est. tempo de leitura\" \/>\n\t<meta name=\"twitter:data1\" content=\"25 minutos\" \/>\n<script type=\"application\/ld+json\" class=\"yoast-schema-graph\">{\"@context\":\"https:\/\/schema.org\",\"@graph\":[{\"@type\":\"WebPage\",\"@id\":\"https:\/\/www.corob.com\/pt-br\/products\/sistemas-novaflow\/n10\/\",\"url\":\"https:\/\/www.corob.com\/pt-br\/products\/sistemas-novaflow\/n10\/\",\"name\":\"Mistura manual em lote com o sistema N10\",\"isPartOf\":{\"@id\":\"https:\/\/www.corob.com\/pt-br\/#website\"},\"primaryImageOfPage\":{\"@id\":\"https:\/\/www.corob.com\/pt-br\/products\/sistemas-novaflow\/n10\/#primaryimage\"},\"image\":{\"@id\":\"https:\/\/www.corob.com\/pt-br\/products\/sistemas-novaflow\/n10\/#primaryimage\"},\"thumbnailUrl\":\"https:\/\/www.corob.com\/wp-content\/uploads\/2020\/01\/N10S-2.png\",\"datePublished\":\"2025-11-13T13:19:48+00:00\",\"dateModified\":\"2025-11-13T13:19:49+00:00\",\"description\":\"Conhe\u00e7a o N10: uma solu\u00e7\u00e3o escal\u00e1vel e certificada para mistura manual em lote com o software NOVABLEND, produ\u00e7\u00e3o just-in-time e controle total de f\u00f3rmulas.\",\"breadcrumb\":{\"@id\":\"https:\/\/www.corob.com\/pt-br\/products\/sistemas-novaflow\/n10\/#breadcrumb\"},\"inLanguage\":\"pt-BR\",\"potentialAction\":[{\"@type\":\"ReadAction\",\"target\":[\"https:\/\/www.corob.com\/pt-br\/products\/sistemas-novaflow\/n10\/\"]}]},{\"@type\":\"ImageObject\",\"inLanguage\":\"pt-BR\",\"@id\":\"https:\/\/www.corob.com\/pt-br\/products\/sistemas-novaflow\/n10\/#primaryimage\",\"url\":\"https:\/\/www.corob.com\/wp-content\/uploads\/2020\/01\/N10S-2.png\",\"contentUrl\":\"https:\/\/www.corob.com\/wp-content\/uploads\/2020\/01\/N10S-2.png\",\"width\":1200,\"height\":1200,\"caption\":\"NOVAFLOW N10S full-featured, manual formulation systems - frontal\"},{\"@type\":\"BreadcrumbList\",\"@id\":\"https:\/\/www.corob.com\/pt-br\/products\/sistemas-novaflow\/n10\/#breadcrumb\",\"itemListElement\":[{\"@type\":\"ListItem\",\"position\":1,\"name\":\"Home\",\"item\":\"https:\/\/www.corob.com\/pt-br\/\"},{\"@type\":\"ListItem\",\"position\":2,\"name\":\"PRODUTOS\",\"item\":\"https:\/\/www.corob.com\/pt-br\/produtos\/\"},{\"@type\":\"ListItem\",\"position\":3,\"name\":\"N10\"}]},{\"@type\":\"WebSite\",\"@id\":\"https:\/\/www.corob.com\/pt-br\/#website\",\"url\":\"https:\/\/www.corob.com\/pt-br\/\",\"name\":\"COROB\",\"description\":\"High-tech dispensing and mixing solutions for paints and coatings systems\",\"publisher\":{\"@id\":\"https:\/\/www.corob.com\/pt-br\/#organization\"},\"potentialAction\":[{\"@type\":\"SearchAction\",\"target\":{\"@type\":\"EntryPoint\",\"urlTemplate\":\"https:\/\/www.corob.com\/pt-br\/?s={search_term_string}\"},\"query-input\":{\"@type\":\"PropertyValueSpecification\",\"valueRequired\":true,\"valueName\":\"search_term_string\"}}],\"inLanguage\":\"pt-BR\"},{\"@type\":\"Organization\",\"@id\":\"https:\/\/www.corob.com\/pt-br\/#organization\",\"name\":\"COROB\",\"url\":\"https:\/\/www.corob.com\/pt-br\/\",\"logo\":{\"@type\":\"ImageObject\",\"inLanguage\":\"pt-BR\",\"@id\":\"https:\/\/www.corob.com\/pt-br\/#\/schema\/logo\/image\/\",\"url\":\"https:\/\/www.corob.com\/wp-content\/uploads\/2020\/01\/COROB-240.png\",\"contentUrl\":\"https:\/\/www.corob.com\/wp-content\/uploads\/2020\/01\/COROB-240.png\",\"width\":240,\"height\":73,\"caption\":\"COROB\"},\"image\":{\"@id\":\"https:\/\/www.corob.com\/pt-br\/#\/schema\/logo\/image\/\"},\"sameAs\":[\"https:\/\/www.linkedin.com\/company\/corob\/\",\"https:\/\/www.youtube.com\/channel\/UCxnFt4FEhuhdm87NAb27qBQ\"]}]}<\/script>\n<!-- \/ Yoast SEO plugin. -->","yoast_head_json":{"title":"Mistura manual em lote com o sistema N10","description":"Conhe\u00e7a o N10: uma solu\u00e7\u00e3o escal\u00e1vel e certificada para mistura manual em lote com o software NOVABLEND, produ\u00e7\u00e3o just-in-time e controle total de f\u00f3rmulas.","robots":{"index":"index","follow":"follow","max-snippet":"max-snippet:-1","max-image-preview":"max-image-preview:large","max-video-preview":"max-video-preview:-1"},"canonical":"https:\/\/www.corob.com\/pt-br\/products\/sistemas-novaflow\/n10\/","og_locale":"pt_BR","og_type":"article","og_title":"Mistura manual em lote com o sistema N10","og_description":"Conhe\u00e7a o N10: uma solu\u00e7\u00e3o escal\u00e1vel e certificada para mistura manual em lote com o software NOVABLEND, produ\u00e7\u00e3o just-in-time e controle total de f\u00f3rmulas.","og_url":"https:\/\/www.corob.com\/pt-br\/products\/sistemas-novaflow\/n10\/","og_site_name":"COROB","article_modified_time":"2025-11-13T13:19:49+00:00","og_image":[{"width":1200,"height":1200,"url":"https:\/\/www.corob.com\/wp-content\/uploads\/2020\/01\/N10S-2.png","type":"image\/png"}],"twitter_card":"summary_large_image","twitter_misc":{"Est. tempo de leitura":"25 minutos"},"schema":{"@context":"https:\/\/schema.org","@graph":[{"@type":"WebPage","@id":"https:\/\/www.corob.com\/pt-br\/products\/sistemas-novaflow\/n10\/","url":"https:\/\/www.corob.com\/pt-br\/products\/sistemas-novaflow\/n10\/","name":"Mistura manual em lote com o sistema N10","isPartOf":{"@id":"https:\/\/www.corob.com\/pt-br\/#website"},"primaryImageOfPage":{"@id":"https:\/\/www.corob.com\/pt-br\/products\/sistemas-novaflow\/n10\/#primaryimage"},"image":{"@id":"https:\/\/www.corob.com\/pt-br\/products\/sistemas-novaflow\/n10\/#primaryimage"},"thumbnailUrl":"https:\/\/www.corob.com\/wp-content\/uploads\/2020\/01\/N10S-2.png","datePublished":"2025-11-13T13:19:48+00:00","dateModified":"2025-11-13T13:19:49+00:00","description":"Conhe\u00e7a o N10: uma solu\u00e7\u00e3o escal\u00e1vel e certificada para mistura manual em lote com o software NOVABLEND, produ\u00e7\u00e3o just-in-time e controle total de f\u00f3rmulas.","breadcrumb":{"@id":"https:\/\/www.corob.com\/pt-br\/products\/sistemas-novaflow\/n10\/#breadcrumb"},"inLanguage":"pt-BR","potentialAction":[{"@type":"ReadAction","target":["https:\/\/www.corob.com\/pt-br\/products\/sistemas-novaflow\/n10\/"]}]},{"@type":"ImageObject","inLanguage":"pt-BR","@id":"https:\/\/www.corob.com\/pt-br\/products\/sistemas-novaflow\/n10\/#primaryimage","url":"https:\/\/www.corob.com\/wp-content\/uploads\/2020\/01\/N10S-2.png","contentUrl":"https:\/\/www.corob.com\/wp-content\/uploads\/2020\/01\/N10S-2.png","width":1200,"height":1200,"caption":"NOVAFLOW N10S full-featured, manual formulation systems - frontal"},{"@type":"BreadcrumbList","@id":"https:\/\/www.corob.com\/pt-br\/products\/sistemas-novaflow\/n10\/#breadcrumb","itemListElement":[{"@type":"ListItem","position":1,"name":"Home","item":"https:\/\/www.corob.com\/pt-br\/"},{"@type":"ListItem","position":2,"name":"PRODUTOS","item":"https:\/\/www.corob.com\/pt-br\/produtos\/"},{"@type":"ListItem","position":3,"name":"N10"}]},{"@type":"WebSite","@id":"https:\/\/www.corob.com\/pt-br\/#website","url":"https:\/\/www.corob.com\/pt-br\/","name":"COROB","description":"High-tech dispensing and mixing solutions for paints and coatings systems","publisher":{"@id":"https:\/\/www.corob.com\/pt-br\/#organization"},"potentialAction":[{"@type":"SearchAction","target":{"@type":"EntryPoint","urlTemplate":"https:\/\/www.corob.com\/pt-br\/?s={search_term_string}"},"query-input":{"@type":"PropertyValueSpecification","valueRequired":true,"valueName":"search_term_string"}}],"inLanguage":"pt-BR"},{"@type":"Organization","@id":"https:\/\/www.corob.com\/pt-br\/#organization","name":"COROB","url":"https:\/\/www.corob.com\/pt-br\/","logo":{"@type":"ImageObject","inLanguage":"pt-BR","@id":"https:\/\/www.corob.com\/pt-br\/#\/schema\/logo\/image\/","url":"https:\/\/www.corob.com\/wp-content\/uploads\/2020\/01\/COROB-240.png","contentUrl":"https:\/\/www.corob.com\/wp-content\/uploads\/2020\/01\/COROB-240.png","width":240,"height":73,"caption":"COROB"},"image":{"@id":"https:\/\/www.corob.com\/pt-br\/#\/schema\/logo\/image\/"},"sameAs":["https:\/\/www.linkedin.com\/company\/corob\/","https:\/\/www.youtube.com\/channel\/UCxnFt4FEhuhdm87NAb27qBQ"]}]}},"_links":{"self":[{"href":"https:\/\/www.corob.com\/pt-br\/wp-json\/wp\/v2\/product\/26482","targetHints":{"allow":["GET"]}}],"collection":[{"href":"https:\/\/www.corob.com\/pt-br\/wp-json\/wp\/v2\/product"}],"about":[{"href":"https:\/\/www.corob.com\/pt-br\/wp-json\/wp\/v2\/types\/product"}],"wp:featuredmedia":[{"embeddable":true,"href":"https:\/\/www.corob.com\/pt-br\/wp-json\/wp\/v2\/media\/20528"}],"wp:attachment":[{"href":"https:\/\/www.corob.com\/pt-br\/wp-json\/wp\/v2\/media?parent=26482"}],"wp:term":[{"taxonomy":"product_brand","embeddable":true,"href":"https:\/\/www.corob.com\/pt-br\/wp-json\/wp\/v2\/product_brand?post=26482"},{"taxonomy":"product_cat","embeddable":true,"href":"https:\/\/www.corob.com\/pt-br\/wp-json\/wp\/v2\/product_cat?post=26482"},{"taxonomy":"product_tag","embeddable":true,"href":"https:\/\/www.corob.com\/pt-br\/wp-json\/wp\/v2\/product_tag?post=26482"}],"curies":[{"name":"wp","href":"https:\/\/api.w.org\/{rel}","templated":true}]}}