{"id":26987,"date":"2020-01-29T11:02:40","date_gmt":"2020-01-29T11:02:40","guid":{"rendered":"https:\/\/www.corob.com\/products\/sem%20categoria\/estacao-de-mistura-ms-lg\/"},"modified":"2025-11-20T15:37:19","modified_gmt":"2025-11-20T15:37:19","slug":"estacao-de-mistura-ms-lg","status":"publish","type":"product","link":"https:\/\/www.corob.com\/pt-br\/products\/automacao-in-can\/estacao-de-mistura-ms-lg\/","title":{"rendered":"MIXING STATION MS-LG"},"content":{"rendered":"<p><div class=\"fusion-fullwidth fullwidth-box fusion-builder-row-1 fusion-flex-container has-pattern-background has-mask-background nonhundred-percent-fullwidth non-hundred-percent-height-scrolling\" style=\"--awb-border-radius-top-left:0px;--awb-border-radius-top-right:0px;--awb-border-radius-bottom-right:0px;--awb-border-radius-bottom-left:0px;--awb-flex-wrap:wrap;\" id=\"Container-Exceptional\" ><div class=\"fusion-builder-row fusion-row fusion-flex-align-items-flex-start fusion-flex-content-wrap\" style=\"max-width:1456px;margin-left: calc(-4% \/ 2 );margin-right: calc(-4% \/ 2 );\"><div class=\"fusion-layout-column fusion_builder_column fusion-builder-column-0 fusion_builder_column_1_1 1_1 fusion-flex-column\" style=\"--awb-bg-size:cover;--awb-width-large:100%;--awb-margin-top-large:0px;--awb-spacing-right-large:1.92%;--awb-margin-bottom-large:20px;--awb-spacing-left-large:1.92%;--awb-width-medium:100%;--awb-order-medium:0;--awb-spacing-right-medium:1.92%;--awb-spacing-left-medium:1.92%;--awb-width-small:100%;--awb-order-small:0;--awb-spacing-right-small:1.92%;--awb-spacing-left-small:1.92%;\"><div class=\"fusion-column-wrapper fusion-column-has-shadow fusion-flex-justify-content-flex-start fusion-content-layout-column\"><div class=\"fusion-text fusion-text-1\" style=\"--awb-content-alignment:center;--awb-font-size:28px;\"><p>A Esta\u00e7\u00e3o de Mistura COROB MS-LG \u00e9 o <strong>aprimoramento de produtividade perfeito<\/strong> para dep\u00f3sitos, armaz\u00e9ns ou grandes locais de retalho para empreiteiros, proporcionando <strong>desempenho otimizado<\/strong> enquanto gere os custos operacionais.<\/p>\n<\/div><\/div><\/div><\/div><\/div><div class=\"fusion-fullwidth fullwidth-box fusion-builder-row-2 has-pattern-background has-mask-background nonhundred-percent-fullwidth non-hundred-percent-height-scrolling\" style=\"--awb-border-radius-top-left:0px;--awb-border-radius-top-right:0px;--awb-border-radius-bottom-right:0px;--awb-border-radius-bottom-left:0px;--awb-flex-wrap:wrap;\" id=\"Container-Features\" ><div class=\"fusion-builder-row fusion-row\"><div class=\"fusion-layout-column fusion_builder_column fusion-builder-column-1 fusion_builder_column_1_2 1_2 fusion-one-half fusion-column-first\" style=\"--awb-bg-size:cover;width:50%;width:calc(50% - ( ( 4% ) * 0.5 ) );margin-right: 4%;\"><div class=\"fusion-column-wrapper fusion-column-has-shadow fusion-flex-column-wrapper-legacy\"><div class=\"fusion-clearfix\"><\/div><\/div><\/div><div class=\"fusion-layout-column fusion_builder_column fusion-builder-column-2 fusion_builder_column_1_2 1_2 fusion-one-half fusion-column-last\" style=\"--awb-bg-size:cover;width:50%;width:calc(50% - ( ( 4% ) * 0.5 ) );\"><div class=\"fusion-column-wrapper fusion-column-has-shadow fusion-flex-column-wrapper-legacy\"><div class=\"fusion-clearfix\"><\/div><\/div><\/div><div class=\"fusion-layout-column fusion_builder_column fusion-builder-column-3 fusion_builder_column_1_1 1_1 fusion-one-full fusion-column-first fusion-column-last\" style=\"--awb-bg-size:cover;\"><div class=\"fusion-column-wrapper fusion-column-has-shadow fusion-flex-column-wrapper-legacy\"><div class=\"fusion-text fusion-text-2\"><p>Ap\u00f3s o processo de colora\u00e7\u00e3o estar conclu\u00eddo, o sistema de transporte automatizado da MS-LG carrega e descarrega com precis\u00e3o latas de tinta de qualquer tamanho ou forma nos poderosos misturadores girosc\u00f3picos. O tempo otimizado e o ciclo de mistura sincronizado dos misturadores girosc\u00f3picos garantem uma <strong>produ\u00e7\u00e3o constante de baldes de tinta misturada em tempo recorde<\/strong>.<\/p>\n<p>Os operadores ou associados ficam livres da tarefa de mover latas de tinta pesadas, e o layout ergon\u00f3mico do sistema de transporte <strong>reduz a fadiga<\/strong> e <strong>garante um ambiente de trabalho seguro<\/strong>.<\/p>\n<p>A MS-LG vem com dois misturadores girosc\u00f3picos para <strong>pre\u00e7o e desempenho ideais<\/strong>, mas pode ser personalizada com at\u00e9 tr\u00eas misturadores para uma produtividade ainda maior. Com a Esta\u00e7\u00e3o de Mistura MS-LG, podes <strong>alcan\u00e7ar a m\u00e1xima efici\u00eancia<\/strong> e conveni\u00eancia nas tuas opera\u00e7\u00f5es de mistura de tinta automatizada.<\/p>\n<\/div><div class=\"fusion-clearfix\"><\/div><\/div><\/div><\/div><\/div><div class=\"fusion-fullwidth fullwidth-box fusion-builder-row-3 has-pattern-background has-mask-background nonhundred-percent-fullwidth non-hundred-percent-height-scrolling\" style=\"--awb-border-radius-top-left:0px;--awb-border-radius-top-right:0px;--awb-border-radius-bottom-right:0px;--awb-border-radius-bottom-left:0px;--awb-padding-bottom:20px;--awb-flex-wrap:wrap;\" id=\"Container-Technical-Data\" ><div class=\"fusion-builder-row fusion-row\"><div class=\"fusion-layout-column fusion_builder_column fusion-builder-column-4 fusion_builder_column_1_2 1_2 fusion-one-half fusion-column-first\" style=\"--awb-bg-size:cover;width:50%;width:calc(50% - ( ( 4% + 4% ) * 0.5 ) );margin-right: 4%;\"><div class=\"fusion-column-wrapper fusion-column-has-shadow fusion-flex-column-wrapper-legacy\"><div class=\"fusion-title title fusion-title-1 fusion-sep-none fusion-title-text fusion-title-size-three\"><h3 class=\"fusion-title-heading title-heading-left fusion-responsive-typography-calculated\" style=\"margin:0;--fontSize:28;--minFontSize:28;line-height:1.2;\">Dados t\u00e9cnicos<\/h3><\/div><div class=\"fusion-clearfix\"><\/div><\/div><\/div><div class=\"fusion-layout-column fusion_builder_column fusion-builder-column-5 fusion_builder_column_1_4 1_4 fusion-one-fourth\" style=\"--awb-bg-size:cover;width:25%;width:calc(25% - ( ( 4% + 4% ) * 0.25 ) );margin-right: 4%;\"><div class=\"fusion-column-wrapper fusion-column-has-shadow fusion-flex-column-wrapper-legacy\"><div class=\"fusion-clearfix\"><\/div><\/div><\/div><div class=\"fusion-layout-column fusion_builder_column fusion-builder-column-6 fusion_builder_column_1_4 1_4 fusion-one-fourth fusion-column-last\" style=\"--awb-bg-size:cover;width:25%;width:calc(25% - ( ( 4% + 4% ) * 0.25 ) );\"><div class=\"fusion-column-wrapper fusion-column-has-shadow fusion-flex-column-wrapper-legacy\"><div class=\"fusion-alignright\"><a class=\"fusion-button button-flat fusion-button-default-size button-default fusion-button-default button-1 fusion-button-default-span fusion-button-default-type\" target=\"_blank\" rel=\"noopener noreferrer\" title=\"Download da ficha t\u00e9cnica da MIXING STATION MS-LG\" aria-label=\"Download da ficha t\u00e9cnica da MIXING STATION MS-LG\" href=\"https:\/\/www.corob.com\/download\/10031\/\"><span class=\"fusion-button-text awb-button__text awb-button__text--default\">FICHA T\u00c9CNICA<\/span><\/a><\/div><div class=\"fusion-clearfix\"><\/div><\/div><\/div><div class=\"fusion-layout-column fusion_builder_column fusion-builder-column-7 fusion_builder_column_1_1 1_1 fusion-one-full fusion-column-first fusion-column-last\" style=\"--awb-bg-size:cover;--awb-margin-bottom:0px;\"><div class=\"fusion-column-wrapper fusion-flex-column-wrapper-legacy\">\n<div class=\"table-1\">\n<table width=\"100%\">\n<tbody>\n<tr>\n<td align=\"left\">Modelo do misturador<\/td>\n<td style=\"text-align: left;\" align=\"center\">COROB IGCM 1000 &#8211; Misturador Girosc\u00f3pico Industrial Corob<\/td>\n<\/tr>\n<tr>\n<td align=\"left\">N\u00famero de misturadores<\/td>\n<td align=\"left\">De 2 a 3<\/td>\n<\/tr>\n<tr>\n<td align=\"left\">Produtividade\/tempo de mistura [balde por hora]<\/td>\n<td align=\"left\">1 min 56 (2 misturadores) &#8211; 84 (3 misturadores)<br \/>\n2 min 38 (2 misturadores) &#8211; 60 (3 misturadores)<br \/>\n3 min 30 (2 misturadores) &#8211; 44 (3 misturadores)<\/td>\n<\/tr>\n<tr>\n<td align=\"left\">Tamanho da lata [mm] (pol)<\/td>\n<td align=\"left\">Altura: m\u00edn 140 (5,5), m\u00e1x 450 (17,7) (latas de menor altura com adaptador)<br \/>\nDi\u00e2metro: m\u00edn 150 (5,9) m\u00e1x 400 (15,7) (latas de menor di\u00e2metro com adaptador)<br \/>\nRedonda, oval (c\u00f3nica ou paralela), quadrada e retangular<\/td>\n<\/tr>\n<tr>\n<td align=\"left\">Peso m\u00e1ximo da lata [kg] (lbs)<\/td>\n<td align=\"left\">40 (88)<\/td>\n<\/tr>\n<tr>\n<td align=\"left\">Comprimento [mm] (pol)<\/td>\n<td align=\"left\">3860 (152) com 2 misturadores<br \/>\n4835 (190) com 3 misturadores<\/td>\n<\/tr>\n<tr>\n<td align=\"left\">Profundidade [mm] (pol)<\/td>\n<td align=\"left\">1760 (69,3)<\/td>\n<\/tr>\n<tr>\n<td align=\"left\">Altura [mm] (pol)<\/td>\n<td align=\"left\">1800 (70,9)<\/td>\n<\/tr>\n<\/tbody>\n<\/table>\n<\/div>\n<div class=\"fusion-clearfix\"><\/div><\/div><\/div><\/div><\/div><div class=\"fusion-fullwidth fullwidth-box fusion-builder-row-4 has-pattern-background has-mask-background nonhundred-percent-fullwidth non-hundred-percent-height-scrolling\" style=\"--awb-border-radius-top-left:0px;--awb-border-radius-top-right:0px;--awb-border-radius-bottom-right:0px;--awb-border-radius-bottom-left:0px;--awb-padding-top:20px;--awb-padding-bottom:20px;--awb-flex-wrap:wrap;\" id=\"Container-Download-Area\" ><div class=\"fusion-builder-row fusion-row\"><div class=\"fusion-layout-column fusion_builder_column fusion-builder-column-8 fusion_builder_column_1_2 1_2 fusion-one-half fusion-column-first\" style=\"--awb-bg-size:cover;width:48%; margin-right: 4%;\"><div class=\"fusion-column-wrapper fusion-column-has-shadow fusion-flex-column-wrapper-legacy\"><div class=\"fusion-title title fusion-title-2 fusion-sep-none fusion-title-text fusion-title-size-three\"><h3 class=\"fusion-title-heading title-heading-left fusion-responsive-typography-calculated\" style=\"margin:0;--fontSize:28;--minFontSize:28;line-height:1.2;\">\u00c1rea de download<\/h3><\/div><div class=\"fusion-clearfix\"><\/div><\/div><\/div><div class=\"fusion-layout-column fusion_builder_column fusion-builder-column-9 fusion_builder_column_1_1 1_1 fusion-one-full fusion-column-last\" style=\"--awb-bg-size:cover;--awb-margin-bottom:0px;\"><div class=\"fusion-column-wrapper fusion-flex-column-wrapper-legacy\"><div class=\"fusion-builder-row fusion-builder-row-inner fusion-row\"><div class=\"fusion-layout-column fusion_builder_column_inner fusion-builder-nested-column-0 fusion_builder_column_inner_1_2 1_2 fusion-one-half fusion-column-first\" style=\"--awb-padding-top:20px;--awb-padding-right:20px;--awb-padding-bottom:20px;--awb-padding-left:20px;--awb-bg-size:cover;--awb-border-color:#eaeaea;--awb-border-top:1px;--awb-border-right:1px;--awb-border-bottom:1px;--awb-border-left:1px;--awb-border-style:solid;width:50%;width:calc(50% - ( ( 40px ) * 0.5 ) );margin-right: 40px;\"><div class=\"fusion-column-wrapper fusion-column-has-shadow fusion-flex-column-wrapper-legacy\"><div class=\"fusion-title title fusion-title-3 fusion-sep-none fusion-title-text fusion-title-size-five\" style=\"--awb-margin-bottom:20px;\"><h5 class=\"fusion-title-heading title-heading-left fusion-responsive-typography-calculated\" style=\"margin:0;--fontSize:20;--minFontSize:20;line-height:1.2;\"><strong>BROCHURA<\/strong><\/h5><\/div><div class=\"fusion-text fusion-text-3\"><p><i class=\"fb-icon-element-1 fb-icon-element fontawesome-icon fa-book fas circle-no fusion-text-flow\" style=\"--awb-iconcolor:#606060;--awb-iconcolor-hover:#606060;--awb-font-size:32px;--awb-margin-right:20px;\"><\/i> <a class=\"download-link\" title=\"\" href=\"https:\/\/www.corob.com\/pt-br\/download\/8493\/\" rel=\"nofollow\">\n\tMIXING STATION MS-LG Brochure English<\/a><\/p>\n<\/div><div class=\"fusion-text fusion-text-4\"><p><i class=\"fb-icon-element-2 fb-icon-element fontawesome-icon fa-book fas circle-no fusion-text-flow\" style=\"--awb-iconcolor:#606060;--awb-iconcolor-hover:#606060;--awb-font-size:32px;--awb-margin-right:20px;\"><\/i> <a class=\"download-link\" title=\"\" href=\"https:\/\/www.corob.com\/pt-br\/download\/23835\/\" rel=\"nofollow\">\n\tMIXING STATION MS-LG Brochure Spanish<\/a><\/p>\n<\/div><div class=\"fusion-clearfix\"><\/div><\/div><\/div><\/div><div class=\"fusion-clearfix\"><\/div><\/div><\/div><\/div><\/div><div class=\"fusion-fullwidth fullwidth-box fusion-builder-row-5 has-pattern-background has-mask-background nonhundred-percent-fullwidth non-hundred-percent-height-scrolling\" style=\"--awb-border-radius-top-left:0px;--awb-border-radius-top-right:0px;--awb-border-radius-bottom-right:0px;--awb-border-radius-bottom-left:0px;--awb-padding-top:20px;--awb-padding-bottom:20px;--awb-flex-wrap:wrap;\" id=\"Container-Videos\" ><div class=\"fusion-builder-row fusion-row\"><div class=\"fusion-layout-column fusion_builder_column fusion-builder-column-10 fusion_builder_column_1_2 1_2 fusion-one-half fusion-column-first\" style=\"--awb-bg-size:cover;width:48%; margin-right: 4%;\"><div class=\"fusion-column-wrapper fusion-column-has-shadow fusion-flex-column-wrapper-legacy\"><div class=\"fusion-title title fusion-title-4 fusion-sep-none fusion-title-text fusion-title-size-three\"><h3 class=\"fusion-title-heading title-heading-left fusion-responsive-typography-calculated\" style=\"margin:0;--fontSize:28;--minFontSize:28;line-height:1.2;\">Teaser<\/h3><\/div><div class=\"fusion-clearfix\"><\/div><\/div><\/div><div class=\"fusion-layout-column fusion_builder_column fusion-builder-column-11 fusion_builder_column_1_1 1_1 fusion-one-full fusion-column-last\" style=\"--awb-bg-size:cover;--awb-margin-bottom:0px;\"><div class=\"fusion-column-wrapper fusion-flex-column-wrapper-legacy\"><div class=\"fusion-video fusion-selfhosted-video\" style=\"max-width:100%;\"><div class=\"video-wrapper\"><video playsinline=\"true\" width=\"100%\" style=\"object-fit: cover;\" loop=\"true\" preload=\"auto\" controls=\"1\"><source src=\"https:\/\/www.corob.com\/wp-content\/uploads\/2025\/06\/VIDEO3D-Mixing-Station-MS-LG-2025.mp4\" type=\"video\/mp4\">Sorry, your browser doesn&#039;t support embedded videos.<\/video><\/div><\/div><div class=\"fusion-clearfix\"><\/div><\/div><\/div><\/div><\/div><\/p>\n","protected":false},"excerpt":{"rendered":"<h2>Solu\u00e7\u00f5es de mistura totalmente automatizadas de alto desempenho<\/h2>\n[fusion_checklist icon=\"fa-check fas\" iconcolor=\"#cf102d\" circle=\"no\" circlecolor=\"\" size=\"\" divider=\"no\" divider_color=\"\" hide_on_mobile=\"small-visibility,medium-visibility,large-visibility\" class=\"\" id=\"\"][fusion_li_item icon=\"\"]<strong>PRODUTIVIDADE AUMENTADA<\/strong><br \/>\nMaximiza a efici\u00eancia, minimiza os tempos de espera: entrega pedidos mais r\u00e1pidos com produtividade mais inteligente[\/fusion_li_item][fusion_li_item icon=\"\"]<strong>POUPAN\u00c7A DE TEMPO E M\u00c3O DE OBRA<\/strong><br \/>\nImpulsiona os teus resultados: poupan\u00e7a de custos garantida, produ\u00e7\u00e3o m\u00e1xima, rentabilidade aumentada[\/fusion_li_item][fusion_li_item icon=\"\"]<strong>ERGONOMIA E EFICI\u00caNCIA<\/strong><br \/>\nRevoluciona o teu local de trabalho: manuseamento de latas seguro, simplificado e sem interven\u00e7\u00e3o manual[\/fusion_li_item]<br \/>\n[\/fusion_checklist]\n","protected":false},"featured_media":26540,"template":"","meta":{"_acf_changed":false},"product_brand":[],"product_cat":[570],"product_tag":[],"class_list":{"0":"post-26987","1":"product","2":"type-product","3":"status-publish","4":"has-post-thumbnail","6":"product_cat-automacao-in-can","8":"first","9":"instock","10":"shipping-taxable","11":"product-type-simple"},"acf":[],"yoast_head":"<!-- This site is optimized with the Yoast SEO plugin v25.5 - https:\/\/yoast.com\/wordpress\/plugins\/seo\/ -->\n<title>Esta\u00e7\u00e3o de mistura de tinta automatizada MIXING STATION MS-LG<\/title>\n<meta name=\"description\" content=\"Descobre a Esta\u00e7\u00e3o de Mistura MIXING STATION MS-LG: mistura de tinta automatizada para maior produtividade, seguran\u00e7a e efici\u00eancia em ambientes industriais\" \/>\n<meta name=\"robots\" content=\"index, follow, max-snippet:-1, max-image-preview:large, max-video-preview:-1\" \/>\n<link rel=\"canonical\" href=\"https:\/\/www.corob.com\/pt-br\/products\/automacao-in-can\/estacao-de-mistura-ms-lg\/\" \/>\n<meta property=\"og:locale\" content=\"pt_BR\" \/>\n<meta property=\"og:type\" content=\"article\" \/>\n<meta property=\"og:title\" content=\"Esta\u00e7\u00e3o de mistura de tinta automatizada MIXING STATION MS-LG\" \/>\n<meta property=\"og:description\" content=\"Descobre a Esta\u00e7\u00e3o de Mistura MIXING STATION MS-LG: mistura de tinta automatizada para maior produtividade, seguran\u00e7a e efici\u00eancia em ambientes industriais\" \/>\n<meta property=\"og:url\" content=\"https:\/\/www.corob.com\/pt-br\/products\/automacao-in-can\/estacao-de-mistura-ms-lg\/\" \/>\n<meta property=\"og:site_name\" content=\"COROB\" \/>\n<meta property=\"article:modified_time\" content=\"2025-11-20T15:37:19+00:00\" \/>\n<meta property=\"og:image\" content=\"https:\/\/www.corob.com\/wp-content\/uploads\/2020\/01\/Mixing-Station-MS-LG.png\" \/>\n\t<meta property=\"og:image:width\" content=\"1200\" \/>\n\t<meta property=\"og:image:height\" content=\"1200\" \/>\n\t<meta property=\"og:image:type\" content=\"image\/png\" \/>\n<meta name=\"twitter:card\" content=\"summary_large_image\" \/>\n<meta name=\"twitter:label1\" content=\"Est. tempo de leitura\" \/>\n\t<meta name=\"twitter:data1\" content=\"2 minutos\" \/>\n<script type=\"application\/ld+json\" class=\"yoast-schema-graph\">{\"@context\":\"https:\/\/schema.org\",\"@graph\":[{\"@type\":\"WebPage\",\"@id\":\"https:\/\/www.corob.com\/pt-br\/products\/automacao-in-can\/estacao-de-mistura-ms-lg\/\",\"url\":\"https:\/\/www.corob.com\/pt-br\/products\/automacao-in-can\/estacao-de-mistura-ms-lg\/\",\"name\":\"Esta\u00e7\u00e3o de mistura de tinta automatizada MIXING STATION MS-LG\",\"isPartOf\":{\"@id\":\"https:\/\/www.corob.com\/pt-br\/#website\"},\"primaryImageOfPage\":{\"@id\":\"https:\/\/www.corob.com\/pt-br\/products\/automacao-in-can\/estacao-de-mistura-ms-lg\/#primaryimage\"},\"image\":{\"@id\":\"https:\/\/www.corob.com\/pt-br\/products\/automacao-in-can\/estacao-de-mistura-ms-lg\/#primaryimage\"},\"thumbnailUrl\":\"https:\/\/www.corob.com\/wp-content\/uploads\/2020\/01\/Mixing-Station-MS-LG.png\",\"datePublished\":\"2020-01-29T11:02:40+00:00\",\"dateModified\":\"2025-11-20T15:37:19+00:00\",\"description\":\"Descobre a Esta\u00e7\u00e3o de Mistura MIXING STATION MS-LG: mistura de tinta automatizada para maior produtividade, seguran\u00e7a e efici\u00eancia em ambientes industriais\",\"breadcrumb\":{\"@id\":\"https:\/\/www.corob.com\/pt-br\/products\/automacao-in-can\/estacao-de-mistura-ms-lg\/#breadcrumb\"},\"inLanguage\":\"pt-BR\",\"potentialAction\":[{\"@type\":\"ReadAction\",\"target\":[\"https:\/\/www.corob.com\/pt-br\/products\/automacao-in-can\/estacao-de-mistura-ms-lg\/\"]}]},{\"@type\":\"ImageObject\",\"inLanguage\":\"pt-BR\",\"@id\":\"https:\/\/www.corob.com\/pt-br\/products\/automacao-in-can\/estacao-de-mistura-ms-lg\/#primaryimage\",\"url\":\"https:\/\/www.corob.com\/wp-content\/uploads\/2020\/01\/Mixing-Station-MS-LG.png\",\"contentUrl\":\"https:\/\/www.corob.com\/wp-content\/uploads\/2020\/01\/Mixing-Station-MS-LG.png\",\"width\":1200,\"height\":1200,\"caption\":\"COROB Mixing Station MS-LG High-performance, fully automated mixing solution\"},{\"@type\":\"BreadcrumbList\",\"@id\":\"https:\/\/www.corob.com\/pt-br\/products\/automacao-in-can\/estacao-de-mistura-ms-lg\/#breadcrumb\",\"itemListElement\":[{\"@type\":\"ListItem\",\"position\":1,\"name\":\"Home\",\"item\":\"https:\/\/www.corob.com\/pt-br\/\"},{\"@type\":\"ListItem\",\"position\":2,\"name\":\"PRODUTOS\",\"item\":\"https:\/\/www.corob.com\/pt-br\/produtos\/\"},{\"@type\":\"ListItem\",\"position\":3,\"name\":\"MIXING STATION MS-LG\"}]},{\"@type\":\"WebSite\",\"@id\":\"https:\/\/www.corob.com\/pt-br\/#website\",\"url\":\"https:\/\/www.corob.com\/pt-br\/\",\"name\":\"COROB\",\"description\":\"High-tech dispensing and mixing solutions for paints and coatings systems\",\"publisher\":{\"@id\":\"https:\/\/www.corob.com\/pt-br\/#organization\"},\"potentialAction\":[{\"@type\":\"SearchAction\",\"target\":{\"@type\":\"EntryPoint\",\"urlTemplate\":\"https:\/\/www.corob.com\/pt-br\/?s={search_term_string}\"},\"query-input\":{\"@type\":\"PropertyValueSpecification\",\"valueRequired\":true,\"valueName\":\"search_term_string\"}}],\"inLanguage\":\"pt-BR\"},{\"@type\":\"Organization\",\"@id\":\"https:\/\/www.corob.com\/pt-br\/#organization\",\"name\":\"COROB\",\"url\":\"https:\/\/www.corob.com\/pt-br\/\",\"logo\":{\"@type\":\"ImageObject\",\"inLanguage\":\"pt-BR\",\"@id\":\"https:\/\/www.corob.com\/pt-br\/#\/schema\/logo\/image\/\",\"url\":\"https:\/\/www.corob.com\/wp-content\/uploads\/2020\/01\/COROB-240.png\",\"contentUrl\":\"https:\/\/www.corob.com\/wp-content\/uploads\/2020\/01\/COROB-240.png\",\"width\":240,\"height\":73,\"caption\":\"COROB\"},\"image\":{\"@id\":\"https:\/\/www.corob.com\/pt-br\/#\/schema\/logo\/image\/\"},\"sameAs\":[\"https:\/\/www.linkedin.com\/company\/corob\/\",\"https:\/\/www.youtube.com\/channel\/UCxnFt4FEhuhdm87NAb27qBQ\"]}]}<\/script>\n<!-- \/ Yoast SEO plugin. -->","yoast_head_json":{"title":"Esta\u00e7\u00e3o de mistura de tinta automatizada MIXING STATION MS-LG","description":"Descobre a Esta\u00e7\u00e3o de Mistura MIXING STATION MS-LG: mistura de tinta automatizada para maior produtividade, seguran\u00e7a e efici\u00eancia em ambientes industriais","robots":{"index":"index","follow":"follow","max-snippet":"max-snippet:-1","max-image-preview":"max-image-preview:large","max-video-preview":"max-video-preview:-1"},"canonical":"https:\/\/www.corob.com\/pt-br\/products\/automacao-in-can\/estacao-de-mistura-ms-lg\/","og_locale":"pt_BR","og_type":"article","og_title":"Esta\u00e7\u00e3o de mistura de tinta automatizada MIXING STATION MS-LG","og_description":"Descobre a Esta\u00e7\u00e3o de Mistura MIXING STATION MS-LG: mistura de tinta automatizada para maior produtividade, seguran\u00e7a e efici\u00eancia em ambientes industriais","og_url":"https:\/\/www.corob.com\/pt-br\/products\/automacao-in-can\/estacao-de-mistura-ms-lg\/","og_site_name":"COROB","article_modified_time":"2025-11-20T15:37:19+00:00","og_image":[{"width":1200,"height":1200,"url":"https:\/\/www.corob.com\/wp-content\/uploads\/2020\/01\/Mixing-Station-MS-LG.png","type":"image\/png"}],"twitter_card":"summary_large_image","twitter_misc":{"Est. tempo de leitura":"2 minutos"},"schema":{"@context":"https:\/\/schema.org","@graph":[{"@type":"WebPage","@id":"https:\/\/www.corob.com\/pt-br\/products\/automacao-in-can\/estacao-de-mistura-ms-lg\/","url":"https:\/\/www.corob.com\/pt-br\/products\/automacao-in-can\/estacao-de-mistura-ms-lg\/","name":"Esta\u00e7\u00e3o de mistura de tinta automatizada MIXING STATION MS-LG","isPartOf":{"@id":"https:\/\/www.corob.com\/pt-br\/#website"},"primaryImageOfPage":{"@id":"https:\/\/www.corob.com\/pt-br\/products\/automacao-in-can\/estacao-de-mistura-ms-lg\/#primaryimage"},"image":{"@id":"https:\/\/www.corob.com\/pt-br\/products\/automacao-in-can\/estacao-de-mistura-ms-lg\/#primaryimage"},"thumbnailUrl":"https:\/\/www.corob.com\/wp-content\/uploads\/2020\/01\/Mixing-Station-MS-LG.png","datePublished":"2020-01-29T11:02:40+00:00","dateModified":"2025-11-20T15:37:19+00:00","description":"Descobre a Esta\u00e7\u00e3o de Mistura MIXING STATION MS-LG: mistura de tinta automatizada para maior produtividade, seguran\u00e7a e efici\u00eancia em ambientes industriais","breadcrumb":{"@id":"https:\/\/www.corob.com\/pt-br\/products\/automacao-in-can\/estacao-de-mistura-ms-lg\/#breadcrumb"},"inLanguage":"pt-BR","potentialAction":[{"@type":"ReadAction","target":["https:\/\/www.corob.com\/pt-br\/products\/automacao-in-can\/estacao-de-mistura-ms-lg\/"]}]},{"@type":"ImageObject","inLanguage":"pt-BR","@id":"https:\/\/www.corob.com\/pt-br\/products\/automacao-in-can\/estacao-de-mistura-ms-lg\/#primaryimage","url":"https:\/\/www.corob.com\/wp-content\/uploads\/2020\/01\/Mixing-Station-MS-LG.png","contentUrl":"https:\/\/www.corob.com\/wp-content\/uploads\/2020\/01\/Mixing-Station-MS-LG.png","width":1200,"height":1200,"caption":"COROB Mixing Station MS-LG High-performance, fully automated mixing solution"},{"@type":"BreadcrumbList","@id":"https:\/\/www.corob.com\/pt-br\/products\/automacao-in-can\/estacao-de-mistura-ms-lg\/#breadcrumb","itemListElement":[{"@type":"ListItem","position":1,"name":"Home","item":"https:\/\/www.corob.com\/pt-br\/"},{"@type":"ListItem","position":2,"name":"PRODUTOS","item":"https:\/\/www.corob.com\/pt-br\/produtos\/"},{"@type":"ListItem","position":3,"name":"MIXING STATION MS-LG"}]},{"@type":"WebSite","@id":"https:\/\/www.corob.com\/pt-br\/#website","url":"https:\/\/www.corob.com\/pt-br\/","name":"COROB","description":"High-tech dispensing and mixing solutions for paints and coatings systems","publisher":{"@id":"https:\/\/www.corob.com\/pt-br\/#organization"},"potentialAction":[{"@type":"SearchAction","target":{"@type":"EntryPoint","urlTemplate":"https:\/\/www.corob.com\/pt-br\/?s={search_term_string}"},"query-input":{"@type":"PropertyValueSpecification","valueRequired":true,"valueName":"search_term_string"}}],"inLanguage":"pt-BR"},{"@type":"Organization","@id":"https:\/\/www.corob.com\/pt-br\/#organization","name":"COROB","url":"https:\/\/www.corob.com\/pt-br\/","logo":{"@type":"ImageObject","inLanguage":"pt-BR","@id":"https:\/\/www.corob.com\/pt-br\/#\/schema\/logo\/image\/","url":"https:\/\/www.corob.com\/wp-content\/uploads\/2020\/01\/COROB-240.png","contentUrl":"https:\/\/www.corob.com\/wp-content\/uploads\/2020\/01\/COROB-240.png","width":240,"height":73,"caption":"COROB"},"image":{"@id":"https:\/\/www.corob.com\/pt-br\/#\/schema\/logo\/image\/"},"sameAs":["https:\/\/www.linkedin.com\/company\/corob\/","https:\/\/www.youtube.com\/channel\/UCxnFt4FEhuhdm87NAb27qBQ"]}]}},"_links":{"self":[{"href":"https:\/\/www.corob.com\/pt-br\/wp-json\/wp\/v2\/product\/26987","targetHints":{"allow":["GET"]}}],"collection":[{"href":"https:\/\/www.corob.com\/pt-br\/wp-json\/wp\/v2\/product"}],"about":[{"href":"https:\/\/www.corob.com\/pt-br\/wp-json\/wp\/v2\/types\/product"}],"wp:featuredmedia":[{"embeddable":true,"href":"https:\/\/www.corob.com\/pt-br\/wp-json\/wp\/v2\/media\/26540"}],"wp:attachment":[{"href":"https:\/\/www.corob.com\/pt-br\/wp-json\/wp\/v2\/media?parent=26987"}],"wp:term":[{"taxonomy":"product_brand","embeddable":true,"href":"https:\/\/www.corob.com\/pt-br\/wp-json\/wp\/v2\/product_brand?post=26987"},{"taxonomy":"product_cat","embeddable":true,"href":"https:\/\/www.corob.com\/pt-br\/wp-json\/wp\/v2\/product_cat?post=26987"},{"taxonomy":"product_tag","embeddable":true,"href":"https:\/\/www.corob.com\/pt-br\/wp-json\/wp\/v2\/product_tag?post=26987"}],"curies":[{"name":"wp","href":"https:\/\/api.w.org\/{rel}","templated":true}]}}